{"id":1348,"date":"2024-12-23T02:18:07","date_gmt":"2024-12-23T02:18:07","guid":{"rendered":"https:\/\/fmp-components.com\/product\/professional-adjustable-double-acting-cylinder-tractor-hydraulic-cylinder\/"},"modified":"2024-12-23T03:50:01","modified_gmt":"2024-12-23T03:50:01","slug":"professional-adjustable-double-acting-cylinder-tractor-hydraulic-cylinder","status":"publish","type":"product","link":"https:\/\/fmp-components.com\/hu\/product\/professional-adjustable-double-acting-cylinder-tractor-hydraulic-cylinder\/","title":{"rendered":"Professzion\u00e1lis \u00e1ll\u00edthat\u00f3 kett\u0151s m\u0171k\u00f6d\u00e9s\u0171 hengeres traktor hidraulikus henger"},"content":{"rendered":"<p>A professzion\u00e1lis, \u00e1ll\u00edthat\u00f3, kett\u0151s m\u0171k\u00f6d\u00e9s\u0171 traktor hidraulikus munkahenger egy kiv\u00e1l\u00f3 min\u0151s\u00e9g\u0171 hidraulikus munkahenger, amelyet a modern mez\u0151gazdas\u00e1gi g\u00e9pek ig\u00e9nyeinek kiel\u00e9g\u00edt\u00e9s\u00e9re terveztek. Ez a henger kett\u0151s m\u0171k\u00f6d\u00e9s\u0171 technol\u00f3gi\u00e1val rendelkezik, amely m\u00e9g a legnehezebb k\u00f6r\u00fclm\u00e9nyek k\u00f6z\u00f6tt is z\u00f6kken\u0151mentes \u00e9s megb\u00edzhat\u00f3 m\u0171k\u00f6d\u00e9st tesz lehet\u0151v\u00e9.<\/p>\n<p>A tart\u00f3ss\u00e1g \u00e9s szil\u00e1rds\u00e1g jegy\u00e9ben k\u00e9sz\u00fclt hidraulikus henger kiv\u00e1l\u00f3 min\u0151s\u00e9g\u0171 anyagokb\u00f3l k\u00e9sz\u00fclt, \u00e9s \u00fagy tervezt\u00e9k, hogy \u00e9vekig tart\u00f3 neh\u00e9z ig\u00e9nybev\u00e9telt b\u00edrjon. \u00c1ll\u00edthat\u00f3 kialak\u00edt\u00e1s\u00e1nak k\u00f6sz\u00f6nhet\u0151en a berendez\u00e9s egyedi ig\u00e9nyeihez igaz\u00edthat\u00f3, kompakt m\u00e9ret\u00e9nek k\u00f6sz\u00f6nhet\u0151en pedig k\u00f6nnyen telep\u00edthet\u0151 \u00e9s karbantarthat\u00f3.<\/p>\n<p>Ak\u00e1r a sz\u00e1nt\u00f3f\u00f6ld\u00f6n, ak\u00e1r a m\u0171helyben dolgozik, a professzion\u00e1lis, \u00e1ll\u00edthat\u00f3, kett\u0151s m\u0171k\u00f6d\u00e9s\u0171 hengeres traktorhidraulikus munkahenger a t\u00f6k\u00e9letes v\u00e1laszt\u00e1s b\u00e1rmilyen mez\u0151gazdas\u00e1gi alkalmaz\u00e1shoz. Teh\u00e1t, ha megb\u00edzhat\u00f3, nagy teljes\u00edtm\u00e9ny\u0171 hidraulikus munkahengert keres berendez\u00e9s\u00e9hez, ne keressen tov\u00e1bb, ez a cs\u00facskateg\u00f3ri\u00e1s term\u00e9k.<\/p>\n<p><img loading=\"lazy\" decoding=\"async\" class=\"alignnone size-full wp-image-1334\" src=\"https:\/\/fmp-components.com\/wp-content\/uploads\/2024\/12\/Adjustable-Clevis-Type-Cylinders-4.webp\" alt=\"\u00c1ll\u00edthat\u00f3 vill\u00e1s hengerek\" width=\"800\" height=\"800\" title=\"\" srcset=\"https:\/\/fmp-components.com\/wp-content\/uploads\/2024\/12\/Adjustable-Clevis-Type-Cylinders-4.webp 800w, https:\/\/fmp-components.com\/wp-content\/uploads\/2024\/12\/Adjustable-Clevis-Type-Cylinders-4-480x480.webp 480w\" sizes=\"(min-width: 0px) and (max-width: 480px) 480px, (min-width: 481px) 800px, 100vw\" \/><\/p>\n<p>Bemutatjuk a leg\u00fajabb professzion\u00e1lis, \u00e1ll\u00edthat\u00f3, kett\u0151s m\u0171k\u00f6d\u00e9s\u0171 hengeres traktor hidraulikus munkahengert, amely t\u00f6k\u00e9letes k\u00fcl\u00f6nf\u00e9le ipar\u00e1gak sz\u00e1m\u00e1ra, bele\u00e9rtve a g\u00e9pjav\u00edt\u00f3 m\u0171helyeket, a mez\u0151gazdas\u00e1got, az energia- \u00e9s b\u00e1ny\u00e1szatot, a g\u00e9pgy\u00e1rt\u00e1st \u00e9s a gy\u00e1rakat. Ez a cs\u00facskateg\u00f3ri\u00e1s hidraulikus munkahenger kiv\u00e1l\u00f3 min\u0151s\u00e9g\u0171 ac\u00e9lb\u00f3l k\u00e9sz\u00fclt, maxim\u00e1lis tol\u00f3ereje 3000, \u00edgy alkalmas nagy ig\u00e9nybev\u00e9tel\u0171 m\u0171veletekhez. Standard szerkezet\u0171 dugatty\u00fas henger, hidraulika m\u0171k\u00f6dteti, \u00e9s eleg\u00e1ns fekete sz\u00ednben kaphat\u00f3.<\/p>\n<table style=\"width: 100%;\" border=\"1\" width=\"100%\" cellspacing=\"0\" cellpadding=\"0\">\n<tbody>\n<tr>\n<th>Term\u00e9k neve<\/th>\n<td>Hegesztett \u00e1tmen\u0151furatos hidraulikus henger<\/td>\n<\/tr>\n<tr>\n<th>\u00c1llapot<\/th>\n<td>\u00daj<\/td>\n<\/tr>\n<tr>\n<th>\u00c9v<\/th>\n<td>2023<\/td>\n<\/tr>\n<tr>\n<th>S\u00faly (KG)<\/th>\n<td>104<\/td>\n<\/tr>\n<tr>\n<th>T\u00edpus<\/th>\n<td>Hegesztett \u00e1tmen\u0151furatos henger<\/td>\n<\/tr>\n<tr>\n<th>kik\u00f6t\u0151k<\/th>\n<td>G\/SAE\/NPT\/M<\/td>\n<\/tr>\n<tr>\n<th>Max. h\u00faz\u00f3er\u0151<\/th>\n<td>20 tonna<\/td>\n<\/tr>\n<tr>\n<th>Tan\u00fas\u00edtv\u00e1ny<\/th>\n<td>ISO 9001:2000<\/td>\n<\/tr>\n<tr>\n<th>Min\u0151s\u00e9gbiztos\u00edt\u00e1s<\/th>\n<td>Vide\u00f3s kimen\u0151 ellen\u0151rz\u00e9s, g\u00e9pteszt-jelent\u00e9s<\/td>\n<\/tr>\n<tr>\n<th>Furatm\u00e9ret<\/th>\n<td>2\u20136 h\u00fcvelyk<\/td>\n<\/tr>\n<tr>\n<th>R\u00fad m\u00e9rete<\/th>\n<td>1,125 \u2013 4 h\u00fcvelyk<\/td>\n<\/tr>\n<tr>\n<th>Ecsetvon\u00e1s m\u00e9rete<\/th>\n<td>4\u2013100 h\u00fcvelyk<\/td>\n<\/tr>\n<tr>\n<th>Cs\u00edp\u0151m\u00e9ret<\/th>\n<td>0,5 \u2013 2 h\u00fcvelyk<\/td>\n<\/tr>\n<tr>\n<th>Alapvet\u0151 \u00f6sszetev\u0151k<\/th>\n<td>Csap\u00e1gy, hidraulikus henger<\/td>\n<\/tr>\n<tr>\n<th>Az alapvet\u0151 alkatr\u00e9szek garanci\u00e1ja<\/th>\n<td>1 \u00e9v<\/td>\n<\/tr>\n<\/tbody>\n<\/table>\n<p>&nbsp;<\/p>\n<h2>Az \u00e1ll\u00edthat\u00f3 kengyeles hengerek el\u0151nyei<\/h2>\n<p>Az \u00e1ll\u00edthat\u00f3 kengyeles hengerek, m\u00e1s n\u00e9ven traktor hidraulikus hengerek vagy professzion\u00e1lis \u00e1ll\u00edthat\u00f3 kett\u0151s m\u0171k\u00f6d\u00e9s\u0171 hengerek, sz\u00e1mos el\u0151nnyel rendelkeznek a k\u00fcl\u00f6nb\u00f6z\u0151 alkalmaz\u00e1sokban. Ezek a hengerek egyedi kengyeles r\u00f6gz\u00edt\u00e9ssel vannak ell\u00e1tva, ami rugalmass\u00e1got \u00e9s \u00e1ll\u00edthat\u00f3s\u00e1got biztos\u00edt az adott ig\u00e9nyek kiel\u00e9g\u00edt\u00e9se \u00e9rdek\u00e9ben. Ebben a cikkben megvizsg\u00e1ljuk az \u00e1ll\u00edthat\u00f3 kengyeles hengerek el\u0151nyeit \u00e9s fontoss\u00e1g\u00e1t a k\u00fcl\u00f6nb\u00f6z\u0151 ipar\u00e1gakban.<\/p>\n<p><strong>1. Fokozott alkalmazkod\u00f3k\u00e9pess\u00e9g:<\/strong> Ezeknek a hengereknek az \u00e1ll\u00edthat\u00f3 kengyeles r\u00f6gz\u00edt\u00e9se fokozott alkalmazkod\u00f3k\u00e9pess\u00e9get biztos\u00edt, lehet\u0151v\u00e9 t\u00e9ve a k\u00f6nny\u0171 felszerelhet\u0151s\u00e9get \u00e9s be\u00e1ll\u00edt\u00e1st a k\u00fcl\u00f6nb\u00f6z\u0151 hidraulikus rendszerekhez. Ez a rugalmass\u00e1g lehet\u0151v\u00e9 teszi a hengerek sz\u00e9les k\u00f6r\u0171 alkalmaz\u00e1s\u00e1t, bele\u00e9rtve a mez\u0151gazdas\u00e1gi g\u00e9peket, \u00e9p\u00edt\u0151ipari berendez\u00e9seket \u00e9s ipari rendszereket.<\/p>\n<p><strong>2. Jav\u00edtott teljes\u00edtm\u00e9ny:<\/strong> Az \u00e1ll\u00edthat\u00f3 kengyeles hengereket a teljes\u00edtm\u00e9ny optimaliz\u00e1l\u00e1s\u00e1ra tervezt\u00e9k. \u00c1ll\u00edthat\u00f3 r\u00f6gz\u00edt\u00e9s\u00fcknek k\u00f6sz\u00f6nhet\u0151en finomhangolhat\u00f3k a k\u00edv\u00e1nt l\u00f6kethossz, er\u0151 \u00e9s sebess\u00e9g el\u00e9r\u00e9s\u00e9hez. A henger helyzet\u00e9nek \u00e9s sz\u00f6g\u00e9nek be\u00e1ll\u00edt\u00e1si k\u00e9pess\u00e9ge optim\u00e1lis teljes\u00edtm\u00e9nyt \u00e9s hat\u00e9konys\u00e1got biztos\u00edt a k\u00fcl\u00f6nb\u00f6z\u0151 feladatokban.<\/p>\n<p><strong>3. Sokoldal\u00fa r\u00f6gz\u00edt\u00e9si lehet\u0151s\u00e9gek:<\/strong> Ezek a munkahengerek sokoldal\u00fa r\u00f6gz\u00edt\u00e9si lehet\u0151s\u00e9geket k\u00edn\u00e1lnak, mivel k\u00fcl\u00f6nb\u00f6z\u0151 ir\u00e1nyokban \u00e9s poz\u00edci\u00f3kban szerelhet\u0151k fel. Az \u00e1ll\u00edthat\u00f3 kengyeles r\u00f6gz\u00edt\u00e9s lehet\u0151v\u00e9 teszi a k\u00f6nny\u0171 telep\u00edt\u00e9st \u00e9s csatlakoztat\u00e1st m\u00e1s alkatr\u00e9szekhez, p\u00e9ld\u00e1ul hidraulikus szivatty\u00fakhoz vagy szelepekhez. Ez a sokoldal\u00fas\u00e1g lehet\u0151v\u00e9 teszi, hogy a munkahengerek alkalmazkodjanak a k\u00fcl\u00f6nb\u00f6z\u0151 rendszerkonfigur\u00e1ci\u00f3khoz, maximaliz\u00e1lva a haszn\u00e1lhat\u00f3s\u00e1gukat.<\/p>\n<p><strong>4. Fokozott tart\u00f3ss\u00e1g:<\/strong> Az \u00e1ll\u00edthat\u00f3 kengyeles hengerek nagy ig\u00e9nybev\u00e9telnek kitett alkalmaz\u00e1sokhoz k\u00e9sz\u00fcltek. Kiv\u00e1l\u00f3 min\u0151s\u00e9g\u0171 anyagokb\u00f3l, p\u00e9ld\u00e1ul edzett ac\u00e9lb\u00f3l k\u00e9sz\u00fclnek, ami biztos\u00edtja a tart\u00f3ss\u00e1gukat \u00e9s a hossz\u00fa \u00e9lettartamukat. Ezenk\u00edv\u00fcl ezek a hengerek szigor\u00fa tesztel\u00e9sen esnek \u00e1t a megb\u00edzhat\u00f3s\u00e1guk \u00e9s a kop\u00e1s\u00e1ll\u00f3s\u00e1guk biztos\u00edt\u00e1sa \u00e9rdek\u00e9ben, \u00edgy alkalmasak ig\u00e9nyes k\u00f6rnyezetekre.<\/p>\n<p><strong>5. Fokozott biztons\u00e1g:<\/strong> Az \u00e1ll\u00edthat\u00f3 vill\u00e1s r\u00f6gz\u00edt\u00e9s tov\u00e1bbi biztons\u00e1gi funkci\u00f3kat k\u00edn\u00e1l. Lehet\u0151v\u00e9 teszi a prec\u00edz be\u00e1ll\u00edt\u00e1st \u00e9s illeszt\u00e9st, cs\u00f6kkentve a hib\u00e1s illeszt\u00e9s vagy meghib\u00e1sod\u00e1s kock\u00e1zat\u00e1t m\u0171k\u00f6d\u00e9s k\u00f6zben. Ez biztos\u00edtja a berendez\u00e9s \u00e9s a kezel\u0151k biztons\u00e1g\u00e1t, minimaliz\u00e1lva a balesetek vagy s\u00e9r\u00fcl\u00e9sek lehet\u0151s\u00e9g\u00e9t.<\/p>\n<p><strong>6. K\u00f6lts\u00e9ghat\u00e9kony megold\u00e1s:<\/strong> Az \u00e1ll\u00edthat\u00f3 kengyeles hengerek k\u00f6lts\u00e9ghat\u00e9kony megold\u00e1st k\u00edn\u00e1lnak sz\u00e1mos ipar\u00e1g sz\u00e1m\u00e1ra. Alkalmazkod\u00f3k\u00e9pess\u00e9g\u00fck \u00e9s sokoldal\u00fas\u00e1guk kik\u00fcsz\u00f6b\u00f6li a t\u00f6bbf\u00e9le henger sz\u00fcks\u00e9gess\u00e9g\u00e9t, cs\u00f6kkentve a k\u00e9szletk\u00f6lts\u00e9geket. Ezenk\u00edv\u00fcl hossz\u00fa \u00e9lettartamuk \u00e9s tart\u00f3ss\u00e1guk alacsonyabb karbantart\u00e1si \u00e9s cserek\u00f6lts\u00e9geket eredm\u00e9nyez, \u00edgy hossz\u00fa t\u00e1von gazdas\u00e1gos v\u00e1laszt\u00e1st jelentenek.<\/p>\n<p>\u00d6sszess\u00e9g\u00e9ben az \u00e1ll\u00edthat\u00f3 kengyeles hengerek, m\u00e1s n\u00e9ven traktor hidraulikus hengerek vagy professzion\u00e1lis \u00e1ll\u00edthat\u00f3 kett\u0151s m\u0171k\u00f6d\u00e9s\u0171 hengerek, sz\u00e1mos el\u0151nnyel rendelkeznek az alkalmazkod\u00f3k\u00e9pess\u00e9g, a teljes\u00edtm\u00e9ny, a sokoldal\u00fas\u00e1g, a tart\u00f3ss\u00e1g, a biztons\u00e1g \u00e9s a k\u00f6lts\u00e9ghat\u00e9konys\u00e1g tekintet\u00e9ben. Egyedi kialak\u00edt\u00e1suk \u00e9s \u00e1ll\u00edthat\u00f3s\u00e1guk ide\u00e1lis v\u00e1laszt\u00e1ss\u00e1 teszi \u0151ket sz\u00e9les k\u00f6r\u0171 alkalmaz\u00e1sokhoz, biztos\u00edtva az optim\u00e1lis teljes\u00edtm\u00e9nyt \u00e9s hat\u00e9konys\u00e1got a hidraulikus rendszerekben.<\/p>\n<p><img decoding=\"async\" src=\"https:\/\/fmp-components.com\/wp-content\/uploads\/2024\/12\/Adjustable-Clevis-Type-Cylinders5.webp\" alt=\"\u00c1ll\u00edthat\u00f3 kengyeles henger\" width=\"800\" title=\"\"><\/p>\n<h2>\u00c1ll\u00edthat\u00f3 kengyeles hengerek alkalmaz\u00e1sa<\/h2>\n<p>Az \u00e1ll\u00edthat\u00f3 kengyeles hengerek, m\u00e1s n\u00e9ven professzion\u00e1lis \u00e1ll\u00edthat\u00f3 kett\u0151s m\u0171k\u00f6d\u00e9s\u0171 hengerek vagy traktor hidraulikus hengerek, sokoldal\u00fa hidraulikus alkatr\u00e9szek, amelyeket sz\u00e9les k\u00f6rben alkalmaznak. Ebben a cikkben az \u00e1ll\u00edthat\u00f3 kengyeles hengerek k\u00fcl\u00f6nf\u00e9le alkalmaz\u00e1sait \u00e9s azok el\u0151nyeit vizsg\u00e1ljuk meg.<\/p>\n<h3>1. Mez\u0151gazdas\u00e1g \u00e9s gazd\u00e1lkod\u00e1s<\/h3>\n<p>A traktorok hidraulikus hengereit sz\u00e9les k\u00f6rben haszn\u00e1lj\u00e1k a mez\u0151gazdas\u00e1gban \u00e9s a mez\u0151gazdas\u00e1gi alkalmaz\u00e1sokban. K\u00fcl\u00f6nb\u00f6z\u0151 feladatokra haszn\u00e1lj\u00e1k \u0151ket, p\u00e9ld\u00e1ul neh\u00e9z berendez\u00e9sek emel\u00e9s\u00e9re \u00e9s s\u00fcllyeszt\u00e9s\u00e9re, ek\u00e9k \u00e9s egy\u00e9b mez\u0151gazdas\u00e1gi eszk\u00f6z\u00f6k mozg\u00e1s\u00e1nak vez\u00e9rl\u00e9s\u00e9re, valamint hidraulikus motorok hajt\u00e1s\u00e1ra. Az \u00e1ll\u00edthat\u00f3 kengyeles henger n\u00e9pszer\u0171 v\u00e1laszt\u00e1s ezekhez az alkalmaz\u00e1sokhoz, mivel lehet\u0151v\u00e9 teszi a l\u00f6kethossz egyszer\u0171 be\u00e1ll\u00edt\u00e1s\u00e1t, ami elengedhetetlen a hidraulikus rendszer pontos vez\u00e9rl\u00e9s\u00e9hez.<\/p>\n<h3>2. \u00c9p\u00edt\u00e9s<\/h3>\n<p>Az \u00e1ll\u00edthat\u00f3 kengyeles hengereket gyakran haszn\u00e1lj\u00e1k az \u00e9p\u00edt\u0151iparban is. K\u00fcl\u00f6nb\u00f6z\u0151 feladatokra haszn\u00e1lj\u00e1k \u0151ket, p\u00e9ld\u00e1ul neh\u00e9z terhek emel\u00e9s\u00e9re \u00e9s s\u00fcllyeszt\u00e9s\u00e9re, \u00e9p\u00edt\u0151ipari berendez\u00e9sek mozg\u00e1s\u00e1nak vez\u00e9rl\u00e9s\u00e9re \u00e9s hidraulikus motorok hajt\u00e1s\u00e1ra. A henger \u00e1ll\u00edthat\u00f3 l\u00f6kethossza lehet\u0151v\u00e9 teszi a hidraulikus rendszer pontos vez\u00e9rl\u00e9s\u00e9t, ami elengedhetetlen az \u00e9p\u00edt\u0151ipari berendez\u00e9sek biztons\u00e1gos \u00e9s hat\u00e9kony m\u0171k\u00f6d\u00e9s\u00e9hez.<\/p>\n<h3>3. Gy\u00e1rt\u00e1s<\/h3>\n<p>A gy\u00e1rt\u00f3\u00fczemek gyakran hidraulikus rendszerekre t\u00e1maszkodnak a g\u00e9pek \u00e9s berendez\u00e9sek m\u0171k\u00f6dtet\u00e9s\u00e9hez. Az \u00e1ll\u00edthat\u00f3 kengyeles hengereket gyakran haszn\u00e1lj\u00e1k gy\u00e1rt\u00e1si alkalmaz\u00e1sokban, p\u00e9ld\u00e1ul sz\u00e1ll\u00edt\u00f3szalag-rendszerek mozg\u00e1s\u00e1nak vez\u00e9rl\u00e9s\u00e9ben, \u00f6sszeszerel\u0151 sorok m\u0171k\u00f6dtet\u00e9s\u00e9ben, valamint neh\u00e9z terhek emel\u00e9s\u00e9ben \u00e9s s\u00fcllyeszt\u00e9s\u00e9ben. Az \u00e1ll\u00edthat\u00f3 kengyeles hengerek \u00e1ltal k\u00edn\u00e1lt pontos vez\u00e9rl\u00e9s elengedhetetlen ezen rendszerek hat\u00e9konys\u00e1g\u00e1nak \u00e9s biztons\u00e1g\u00e1nak fenntart\u00e1s\u00e1hoz.<\/p>\n<h3>4. Aut\u00f3ipar \u00e9s k\u00f6zleked\u00e9s<\/h3>\n<p>Az \u00e1ll\u00edthat\u00f3 kengyeles hengereket az aut\u00f3iparban \u00e9s a sz\u00e1ll\u00edtm\u00e1nyoz\u00e1sban is haszn\u00e1lj\u00e1k. K\u00fcl\u00f6nb\u00f6z\u0151 feladatokra haszn\u00e1lj\u00e1k \u0151ket, p\u00e9ld\u00e1ul hidraulikus f\u00e9kek mozg\u00e1s\u00e1nak vez\u00e9rl\u00e9s\u00e9re, buszok \u00e9s m\u00e1s nagy j\u00e1rm\u0171vek hidraulikus emel\u0151inek m\u0171k\u00f6dtet\u00e9s\u00e9re, valamint korm\u00e1nyrendszerek mozg\u00e1s\u00e1nak vez\u00e9rl\u00e9s\u00e9re. A henger \u00e1ll\u00edthat\u00f3 l\u00f6kethossza lehet\u0151v\u00e9 teszi ezen rendszerek prec\u00edz vez\u00e9rl\u00e9s\u00e9t, biztos\u00edtva a biztons\u00e1gos \u00e9s hat\u00e9kony m\u0171k\u00f6d\u00e9st.<\/p>\n<p>\u00d6sszefoglalva, az \u00e1ll\u00edthat\u00f3 kengyeles hengerek, m\u00e1s n\u00e9ven professzion\u00e1lis \u00e1ll\u00edthat\u00f3 kett\u0151s m\u0171k\u00f6d\u00e9s\u0171 hengerek vagy traktor hidraulikus hengerek, sokoldal\u00fa hidraulikus alkatr\u00e9szek, amelyeket sz\u00e9les k\u00f6rben alkalmaznak. \u00c1ll\u00edthat\u00f3 l\u00f6kethosszuk lehet\u0151v\u00e9 teszi a hidraulikus rendszerek pontos vez\u00e9rl\u00e9s\u00e9t, \u00edgy n\u00e9lk\u00fcl\u00f6zhetetlen alkatr\u00e9szekk\u00e9 v\u00e1lnak sz\u00e1mos ipar\u00e1gban, bele\u00e9rtve a mez\u0151gazdas\u00e1got, az \u00e9p\u00edt\u0151ipart, a gy\u00e1rt\u00e1st, valamint az aut\u00f3ipart \u00e9s a sz\u00e1ll\u00edtm\u00e1nyoz\u00e1st.<img decoding=\"async\" src=\"https:\/\/fmp-components.com\/wp-content\/uploads\/2024\/12\/Application-of-Adjustable-Clevis-Type-Cylinders.webp\" alt=\"\u00c1ll\u00edthat\u00f3 kengyeles henger\" width=\"800\" title=\"\"><\/p>\n<h3>Az FMP-r\u0151l \u2013 Kiv\u00e1l\u00f3 min\u0151s\u00e9g\u0171 hidraulikus hengerek \u00e9p\u00edt\u0151ipari g\u00e9pekhez<\/h3>\n<p>\u00c9p\u00edt\u0151ipari g\u00e9peihez keres kiv\u00e1l\u00f3 min\u0151s\u00e9g\u0171 hidraulikus hengereket? Az FMP egy vezet\u0151 olaszorsz\u00e1gi v\u00e1llalat, amely \u00e9p\u00edt\u0151ipari g\u00e9palkatr\u00e9szek \u00e9s komplett g\u00e9pek \u00e9rt\u00e9kes\u00edt\u00e9s\u00e9re \u00e9s szervizel\u00e9s\u00e9re specializ\u00e1l\u00f3dott.<\/p>\n<p>Az FMP-n\u00e9l elk\u00f6telezettek vagyunk amellett, hogy \u00fcgyfeleinknek megb\u00edzhat\u00f3 \u00e9s hat\u00e9kony megold\u00e1sokat ny\u00fajtsunk \u00e9p\u00edt\u0151ipari g\u00e9peik ig\u00e9nyeire. Term\u00e9kpalett\u00e1nk sz\u00e9les v\u00e1laszt\u00e9kban tartalmaz \u00e9p\u00edt\u0151ipari g\u00e9peket, mez\u0151gazdas\u00e1gi g\u00e9pek sebess\u00e9gv\u00e1lt\u00f3it, bolyg\u00f3kerekes sebess\u00e9gv\u00e1lt\u00f3kat, ipari sebess\u00e9gv\u00e1lt\u00f3kat \u00e9s a hozz\u00e1juk ill\u0151 cs\u00facskateg\u00f3ri\u00e1s tartoz\u00e9kokat.<\/p>\n<p>\u00cdme n\u00e9h\u00e1ny el\u0151nye annak, ha az FMP-t v\u00e1lasztja hidraulikus henger ig\u00e9nyeihez:<\/p>\n<p>1. Kiv\u00e1l\u00f3 min\u0151s\u00e9g\u0171 term\u00e9kek: Minden term\u00e9k\u00fcnket kiv\u00e1l\u00f3 min\u0151s\u00e9g\u0171 besz\u00e1ll\u00edt\u00f3kt\u00f3l szerezz\u00fck be, \u00edgy biztos\u00edtva, hogy \u00fcgyfeleink csak a legjobb min\u0151s\u00e9g\u0171, szigor\u00fa min\u0151s\u00e9gi el\u0151\u00edr\u00e1soknak megfelel\u0151 term\u00e9keket kapj\u00e1k.<\/p>\n<p>2. Professzion\u00e1lis csapat: Tapasztalt \u00e9s professzion\u00e1lis \u00e9rt\u00e9kes\u00edt\u00e9si csapatunk ismeri az \u00e9p\u00edt\u0151ipari g\u00e9pipar fejleszt\u00e9si trendjeit \u00e9s \u00fcgyf\u00e9lig\u00e9nyeit, \u00e9s \u00e1tfog\u00f3 term\u00e9ktan\u00e1csad\u00e1st, valamint intelligens v\u00e1s\u00e1rl\u00e1si javaslatokat tud ny\u00fajtani.<\/p>\n<p>3. Hat\u00e9kony logisztikai eloszt\u00e1si rendszer: Hat\u00e9kony logisztikai eloszt\u00e1si rendszerrel rendelkez\u00fcnk, amely biztos\u00edtja a term\u00e9kek id\u0151ben t\u00f6rt\u00e9n\u0151 \u00e9s pontos kisz\u00e1ll\u00edt\u00e1s\u00e1t \u00fcgyfeleink sz\u00e1m\u00e1ra.<\/p>\n<p>4. Versenyk\u00e9pes \u00e1rak: Versenyk\u00e9pes \u00e1rakat k\u00edn\u00e1lunk term\u00e9keinkre a min\u0151s\u00e9g fel\u00e1ldoz\u00e1sa n\u00e9lk\u00fcl.<\/p>\n<p>5. Testreszab\u00e1s: Hidraulikus hengereinkhez testreszab\u00e1si lehet\u0151s\u00e9geket k\u00edn\u00e1lunk, hogy megfeleljenek \u00fcgyfeleink egyedi ig\u00e9nyeinek.<\/p>\n<p>Hidraulikus hengereink, mint p\u00e9ld\u00e1ul az \u00e1ll\u00edthat\u00f3 kengyeles henger (l\u00e1sd az al\u00e1bbi k\u00e9pet), t\u00f6k\u00e9letesek az \u00e9p\u00edt\u0151ipari g\u00e9pek sz\u00e9les sk\u00e1l\u00e1j\u00e1hoz. A min\u0151s\u00e9g \u00e9s az \u00fcgyf\u00e9l-el\u00e9gedetts\u00e9g ir\u00e1nti elk\u00f6telezetts\u00e9g\u00fcnknek k\u00f6sz\u00f6nhet\u0151en az FMP-re minden hidraulikus hengerrel kapcsolatos ig\u00e9ny\u00e9t kiel\u00e9g\u00edtheti.<\/p>\n<p><img decoding=\"async\" src=\"https:\/\/fmp-components.com\/wp-content\/uploads\/2024\/12\/Adjustable-Clevis-Type-Cylinders-6.webp\" alt=\"\u00c1ll\u00edthat\u00f3 kengyeles henger\" width=\"810\" title=\"\"><\/p>\n<h2>Gyakran ism\u00e9telt k\u00e9rd\u00e9sek<\/h2>\n<p><strong>K: Mekkora a hidraulikus henger s\u00falya?<\/strong><br \/>\nA: A hidraulikus henger s\u00falya 104 kg.<\/p>\n<p><strong>K: Mennyi a j\u00f3t\u00e1ll\u00e1si id\u0151 a henger f\u0151 alkatr\u00e9szeire?<\/strong><br \/>\nV: A henger f\u0151 alkatr\u00e9szeire 1 \u00e9v garancia vonatkozik.<\/p>\n<p><strong>K: Testreszabhat\u00f3-e a hidraulikus henger az adott k\u00f6vetelm\u00e9nyeknek megfelel\u0151en?<\/strong><br \/>\nV: Igen, testreszab\u00e1si lehet\u0151s\u00e9gek \u00e1llnak rendelkez\u00e9sre. Tov\u00e1bbi inform\u00e1ci\u00f3\u00e9rt k\u00e9rj\u00fck, vegye fel vel\u00fcnk a kapcsolatot.<\/p>\n<p><img decoding=\"async\" src=\"https:\/\/img.jiansujichilun.com\/img\/hydrauliccylinders\/B_hydrauliccylinders-4.webp\" alt=\"hidraulikus henger\" width=\"800\" title=\"\"><\/p>\n<p>Szerz\u0151: CX<\/p>","protected":false},"excerpt":{"rendered":"<p>The Professional Adjustable Double Acting Cylinder Tractor Hydraulic Cylinder is a high-quality hydraulic cylinder designed to meet the demands of modern farming equipment. This cylinder features double-acting technology, which allows for smooth and reliable operation in even the toughest conditions. Built for durability and strength, this hydraulic cylinder is made from high-grade materials and is [&hellip;]<\/p>","protected":false},"featured_media":1338,"comment_status":"closed","ping_status":"closed","template":"","meta":{"_et_pb_use_builder":"","_et_pb_old_content":"","_et_gb_content_width":""},"product_brand":[],"product_cat":[39],"product_tag":[41,34],"class_list":{"0":"post-1348","1":"product","2":"type-product","3":"status-publish","4":"has-post-thumbnail","6":"product_cat-adjustable-clevis-type-cylinders","7":"product_tag-adjustable-clevis-type-cylinders","8":"product_tag-hydraulic-cylinder","10":"first","11":"instock","12":"product-type-simple"},"_links":{"self":[{"href":"https:\/\/fmp-components.com\/hu\/wp-json\/wp\/v2\/product\/1348","targetHints":{"allow":["GET"]}}],"collection":[{"href":"https:\/\/fmp-components.com\/hu\/wp-json\/wp\/v2\/product"}],"about":[{"href":"https:\/\/fmp-components.com\/hu\/wp-json\/wp\/v2\/types\/product"}],"replies":[{"embeddable":true,"href":"https:\/\/fmp-components.com\/hu\/wp-json\/wp\/v2\/comments?post=1348"}],"wp:featuredmedia":[{"embeddable":true,"href":"https:\/\/fmp-components.com\/hu\/wp-json\/wp\/v2\/media\/1338"}],"wp:attachment":[{"href":"https:\/\/fmp-components.com\/hu\/wp-json\/wp\/v2\/media?parent=1348"}],"wp:term":[{"taxonomy":"product_brand","embeddable":true,"href":"https:\/\/fmp-components.com\/hu\/wp-json\/wp\/v2\/product_brand?post=1348"},{"taxonomy":"product_cat","embeddable":true,"href":"https:\/\/fmp-components.com\/hu\/wp-json\/wp\/v2\/product_cat?post=1348"},{"taxonomy":"product_tag","embeddable":true,"href":"https:\/\/fmp-components.com\/hu\/wp-json\/wp\/v2\/product_tag?post=1348"}],"curies":[{"name":"munkaf\u00fczet","href":"https:\/\/api.w.org\/{rel}","templated":true}]}}