{"id":1346,"date":"2024-12-23T02:18:07","date_gmt":"2024-12-23T02:18:07","guid":{"rendered":"https:\/\/fmp-components.com\/product\/customized-10-ton-hydraulic-cylinder-mini-hydraulic-cylinder\/"},"modified":"2024-12-23T03:49:56","modified_gmt":"2024-12-23T03:49:56","slug":"customized-10-ton-hydraulic-cylinder-mini-hydraulic-cylinder","status":"publish","type":"product","link":"https:\/\/fmp-components.com\/hu\/product\/customized-10-ton-hydraulic-cylinder-mini-hydraulic-cylinder\/","title":{"rendered":"Testreszabott 10 tonn\u00e1s hidraulikus henger Mini hidraulikus henger"},"content":{"rendered":"<h2>Term\u00e9kbevezet\u00e9s: Testreszabott 10 tonn\u00e1s hidraulikus henger Mini hidraulikus henger<\/h2>\n<p>A testreszabott 10 tonn\u00e1s hidraulikus henger mini hidraulikus henger egy rendk\u00edv\u00fcl hat\u00e9kony \u00e9s tart\u00f3s hidraulikus henger, amelyet k\u00fcl\u00f6nf\u00e9le ipari alkalmaz\u00e1sokhoz terveztek. Kompakt kialak\u00edt\u00e1s\u00e1nak \u00e9s nagy teljes\u00edtm\u00e9ny\u00e9nek k\u00f6sz\u00f6nhet\u0151en ez a hidraulikus henger ide\u00e1lis v\u00e1laszt\u00e1s olyan feladatokhoz, amelyek prec\u00edz vez\u00e9rl\u00e9st \u00e9s neh\u00e9z emel\u00e9si k\u00e9pess\u00e9get ig\u00e9nyelnek.<\/p>\n<p>F\u0151bb jellemz\u0151k:<br \/>\n1. Testreszabhat\u00f3 kialak\u00edt\u00e1s: A testreszabott 10 tonn\u00e1s hidraulikus henger mini hidraulikus henger testreszabhat\u00f3 az adott ig\u00e9nyekhez, biztos\u00edtva az optim\u00e1lis teljes\u00edtm\u00e9nyt \u00e9s a k\u00fcl\u00f6nf\u00e9le g\u00e9pekkel \u00e9s berendez\u00e9sekkel val\u00f3 kompatibilit\u00e1st.<\/p>\n<p>2. Robusztus konstrukci\u00f3: Kiv\u00e1l\u00f3 min\u0151s\u00e9g\u0171 anyagokb\u00f3l k\u00e9sz\u00fclt, ez a hidraulikus henger \u00fagy van kialak\u00edtva, hogy ellen\u00e1lljon a nagy terhel\u00e9seknek \u00e9s a folyamatos haszn\u00e1latnak. Kiv\u00e9teles tart\u00f3ss\u00e1got \u00e9s hossz\u00fa \u00e9lettartamot k\u00edn\u00e1l, cs\u00f6kkentve a karbantart\u00e1si k\u00f6lts\u00e9geket \u00e9s n\u00f6velve az \u00e1ltal\u00e1nos termel\u00e9kenys\u00e9get.<\/p>\n<p>3. Megb\u00edzhat\u00f3 teljes\u00edtm\u00e9ny: A testreszabott 10 tonn\u00e1s hidraulikus henger mini hidraulikus hengere k\u00f6vetkezetes \u00e9s megb\u00edzhat\u00f3 teljes\u00edtm\u00e9nyt ny\u00fajt m\u00e9g a legnehezebb munkak\u00f6r\u00fclm\u00e9nyek k\u00f6z\u00f6tt is. Sima \u00e9s prec\u00edz mozg\u00e1st biztos\u00edt, lehet\u0151v\u00e9 t\u00e9ve a hat\u00e9kony \u00e9s pontos m\u0171k\u00f6d\u00e9st.<\/p>\n<p>4. K\u00f6nny\u0171 telep\u00edt\u00e9s: A felhaszn\u00e1l\u00f3 k\u00e9nyelm\u00e9t szem el\u0151tt tartva tervezt\u00e9k, ez a hidraulikus henger k\u00f6nnyen telep\u00edthet\u0151 \u00e9s integr\u00e1lhat\u00f3 a megl\u00e9v\u0151 rendszerekbe. Kompakt m\u00e9rete z\u00f6kken\u0151mentes integr\u00e1ci\u00f3t tesz lehet\u0151v\u00e9, \u00e9rt\u00e9kes helyet takar\u00edt meg \u00e9s leegyszer\u0171s\u00edti a telep\u00edt\u00e9si folyamatokat.<\/p>\n<p>5. Sokoldal\u00fas\u00e1g: A testreszabott 10 tonn\u00e1s hidraulikus henger mini hidraulikus hengere sz\u00e9les k\u00f6r\u0171 alkalmaz\u00e1sokhoz alkalmas, bele\u00e9rtve az \u00e9p\u00edt\u0151ipari g\u00e9peket, a mez\u0151gazdas\u00e1gi berendez\u00e9seket \u00e9s az ipari automatiz\u00e1l\u00e1st. Sokoldal\u00fas\u00e1g\u00e1nak k\u00f6sz\u00f6nhet\u0151en kiv\u00e1l\u00f3 v\u00e1laszt\u00e1s a k\u00fcl\u00f6nb\u00f6z\u0151 ipar\u00e1gak sz\u00e1m\u00e1ra.<\/p>\n<p>6. Biztons\u00e1gi jellemz\u0151k: Ez a hidraulikus munkahenger biztons\u00e1gi mechanizmusokkal van felszerelve a kezel\u0151 v\u00e9delme \u00e9s a balesetek megel\u0151z\u00e9se \u00e9rdek\u00e9ben. Ezek a jellemz\u0151k magukban foglalj\u00e1k a t\u00falterhel\u00e9s elleni v\u00e9delmet, a nyom\u00e1scs\u00f6kkent\u0151 szelepeket \u00e9s a v\u00e9szle\u00e1ll\u00edt\u00f3 funkci\u00f3kat.<\/p>\n<p><img loading=\"lazy\" decoding=\"async\" class=\"alignnone size-full wp-image-1334\" src=\"https:\/\/fmp-components.com\/wp-content\/uploads\/2024\/12\/Adjustable-Clevis-Type-Cylinders-4.webp\" alt=\"\u00c1ll\u00edthat\u00f3 vill\u00e1s hengerek\" width=\"800\" height=\"800\" title=\"\" srcset=\"https:\/\/fmp-components.com\/wp-content\/uploads\/2024\/12\/Adjustable-Clevis-Type-Cylinders-4.webp 800w, https:\/\/fmp-components.com\/wp-content\/uploads\/2024\/12\/Adjustable-Clevis-Type-Cylinders-4-480x480.webp 480w\" sizes=\"(min-width: 0px) and (max-width: 480px) 480px, (min-width: 481px) 800px, 100vw\" \/><\/p>\n<p>\u00d6sszefoglalva, a Testreszabott 10 tonn\u00e1s hidraulikus henger mini hidraulikus henger egy nagy teljes\u00edtm\u00e9ny\u0171 hidraulikus henger, amely kiv\u00e1l\u00f3 tart\u00f3ss\u00e1got, megb\u00edzhat\u00f3s\u00e1got \u00e9s sokoldal\u00fas\u00e1got k\u00edn\u00e1l. Testreszabhat\u00f3 kialak\u00edt\u00e1sa, robusztus fel\u00e9p\u00edt\u00e9se \u00e9s felhaszn\u00e1l\u00f3bar\u00e1t tulajdons\u00e1gai ide\u00e1lis v\u00e1laszt\u00e1ss\u00e1 teszik olyan ipari alkalmaz\u00e1sokhoz, ahol prec\u00edz vez\u00e9rl\u00e9sre \u00e9s neh\u00e9z emel\u00e9si k\u00e9pess\u00e9gre van sz\u00fcks\u00e9g.<\/p>\n<p>Tapasztalja meg egy testreszabott 10 tonn\u00e1s hidraulikus henger mini hidraulikus henger\u00e9nek erej\u00e9t, amely kiv\u00e1l\u00f3 v\u00e1laszt\u00e1s g\u00e9pjav\u00edt\u00f3 m\u0171helyek, mez\u0151gazdas\u00e1gi \u00fczemek, energia- \u00e9s b\u00e1ny\u00e1szati \u200b\u200b\u200b\u200b\u00fczemek, valamint g\u00e9pgy\u00e1rt\u00f3 \u00fczemek sz\u00e1m\u00e1ra. Ez a nagy teljes\u00edtm\u00e9ny\u0171 hidraulikus henger vadonat\u00faj, egy \u00e9v garanci\u00e1val rendelkezik, \u00e9s ISO9001:2000 tan\u00fas\u00edtv\u00e1nnyal rendelkezik. Ez egy szabv\u00e1nyos dugatty\u00fas henger t\u00edpus, massz\u00edv ac\u00e9l testtel, maxim\u00e1lis tol\u00f3er\u0151 3000 tonna \u00e9s maxim\u00e1lis h\u00faz\u00f3er\u0151 20 tonna. Az \u00e1ll\u00edthat\u00f3 kengyeles kialak\u00edt\u00e1s sokoldal\u00fa felhaszn\u00e1l\u00e1st tesz lehet\u0151v\u00e9 k\u00fcl\u00f6nb\u00f6z\u0151 alkalmaz\u00e1sokban.<\/p>\n<h2>Az \u00e1ll\u00edthat\u00f3 kengyeles hengerek el\u0151nyei<\/h2>\n<p>Az \u00e1ll\u00edthat\u00f3 kengyeles hengerek, m\u00e1s n\u00e9ven egyedi 10 tonn\u00e1s hidraulikus hengerek vagy mini hidraulikus hengerek, sz\u00e1mos egyedi el\u0151nyt k\u00edn\u00e1lnak k\u00fcl\u00f6nf\u00e9le alkalmaz\u00e1sokban. Ezeket a hengereket prec\u00edz \u00e9s sokoldal\u00fa kialak\u00edt\u00e1s jellemzi, hat\u00e9kony \u00e9s megb\u00edzhat\u00f3 teljes\u00edtm\u00e9nyt ny\u00fajtva. Ebben a cikkben r\u00e9szletesen megvizsg\u00e1ljuk ezen hengerek el\u0151nyeit.<\/p>\n<p><strong>1. Fokozott rugalmass\u00e1g \u00e9s testreszabhat\u00f3s\u00e1g:<\/strong> Az \u00e1ll\u00edthat\u00f3 kengyeles hengerek nagy rugalmass\u00e1got k\u00edn\u00e1lnak a testreszab\u00e1s ter\u00e9n. Testreszabhat\u00f3k az olyan speci\u00e1lis k\u00f6vetelm\u00e9nyekhez, mint a l\u00f6kethossz, a r\u00f6gz\u00edt\u00e9si lehet\u0151s\u00e9gek \u00e9s a furatm\u00e9retek. Ez lehet\u0151v\u00e9 teszi a z\u00f6kken\u0151mentes integr\u00e1ci\u00f3t k\u00fcl\u00f6nb\u00f6z\u0151 rendszerekbe, \u00e9s biztos\u00edtja az optim\u00e1lis teljes\u00edtm\u00e9nyt.<\/p>\n<p><strong>2. Kiv\u00e1l\u00f3 teherb\u00edr\u00e1s:<\/strong> Ezek a munkahengerek k\u00f6nnyed\u00e9n k\u00e9pesek kezelni a neh\u00e9z terheket. 10 tonn\u00e1s kapacit\u00e1sukkal robusztus emel\u00e9si \u00e9s tol\u00f3k\u00e9pess\u00e9get biztos\u00edtanak, \u00edgy ide\u00e1lisak a nagy er\u0151kifejt\u00e9st ig\u00e9nyl\u0151 alkalmaz\u00e1sokhoz.<\/p>\n<p><strong>3. Kompakt \u00e9s helytakar\u00e9kos:<\/strong> Ezeknek a hengereknek a mini hidraulikus kialak\u00edt\u00e1sa lehet\u0151v\u00e9 teszi, hogy sz\u0171k helyekre is elf\u00e9rjenek, ahov\u00e1 a nagyobb hengerek nem lenn\u00e9nek alkalmasak. Kompakt m\u00e9ret\u00fck nem befoly\u00e1solja a teljes\u00edtm\u00e9ny\u00fcket, \u00edgy sokoldal\u00faan haszn\u00e1lhat\u00f3k k\u00fcl\u00f6nb\u00f6z\u0151 ipar\u00e1gakban \u00e9s alkalmaz\u00e1sokban.<\/p>\n<p><strong>4. Prec\u00edz pozicion\u00e1l\u00e1s \u00e9s vez\u00e9rl\u00e9s:<\/strong> Az \u00e1ll\u00edthat\u00f3 kengyeles hengerek prec\u00edz pozicion\u00e1l\u00e1st \u00e9s vez\u00e9rl\u00e9st biztos\u00edtanak a fejlett hidraulikus rendszer\u00fcknek k\u00f6sz\u00f6nhet\u0151en. Ez pontos \u00e9s megism\u00e9telhet\u0151 mozg\u00e1sokat biztos\u00edt, \u00edgy ide\u00e1lisak azokhoz a feladatokhoz, amelyek finomhangolt be\u00e1ll\u00edt\u00e1sokat ig\u00e9nyelnek.<\/p>\n<p><strong>5. Tart\u00f3ss\u00e1g \u00e9s megb\u00edzhat\u00f3s\u00e1g:<\/strong> Ezek a munkahengerek zord k\u00f6r\u00fclm\u00e9nyek \u00e9s nagy ig\u00e9nybev\u00e9tel elvisel\u00e9s\u00e9re k\u00e9sz\u00fcltek. Kiv\u00e1l\u00f3 min\u0151s\u00e9g\u0171 anyagokb\u00f3l k\u00e9sz\u00fclnek, \u00e9s szigor\u00fa tesztel\u00e9sen esnek \u00e1t, biztos\u00edtva a tart\u00f3ss\u00e1got \u00e9s a hossz\u00fa t\u00e1v\u00fa megb\u00edzhat\u00f3s\u00e1got.<\/p>\n<p><strong>6. K\u00f6nny\u0171 telep\u00edt\u00e9s \u00e9s karbantart\u00e1s:<\/strong> Az \u00e1ll\u00edthat\u00f3 kengyeles hengerek kialak\u00edt\u00e1sa leegyszer\u0171s\u00edti a beszerel\u00e9si folyamatot, id\u0151t \u00e9s energi\u00e1t takar\u00edt meg. Ezenk\u00edv\u00fcl minim\u00e1lis karbantart\u00e1st ig\u00e9nyelnek, ami cs\u00f6kkenti az \u00fczemeltet\u00e9si k\u00f6lts\u00e9geket \u00e9s az \u00e1ll\u00e1sid\u0151t.<\/p>\n<p><strong>7. Sz\u00e9lesk\u00f6r\u0171 alkalmaz\u00e1sok:<\/strong> Az egyedi, 10 tonn\u00e1s hidraulikus hengerek sz\u00e1mos ipar\u00e1gban alkalmazhat\u00f3k, bele\u00e9rtve az \u00e9p\u00edt\u0151ipar, a gy\u00e1rt\u00e1s, a mez\u0151gazdas\u00e1g \u00e9s egyebek ter\u00fclet\u00e9n. Sokoldal\u00fas\u00e1guk alkalmass\u00e1 teszi \u0151ket olyan feladatokra, mint a neh\u00e9z terhek emel\u00e9se, berendez\u00e9sek tol\u00e1sa vagy h\u00faz\u00e1sa, valamint a prec\u00edz pozicion\u00e1l\u00e1s \u00f6sszetett rendszerekben.<\/p>\n<p>\u00d6sszefoglalva, az \u00e1ll\u00edthat\u00f3 kengyeles hengerek sz\u00e1mos el\u0151nnyel rendelkeznek a rugalmass\u00e1g, a teherb\u00edr\u00e1s, a helytakar\u00e9koss\u00e1g, a prec\u00edz vez\u00e9rl\u00e9s, a tart\u00f3ss\u00e1g, a k\u00f6nny\u0171 telep\u00edt\u00e9s \u00e9s karbantart\u00e1s, valamint a sz\u00e9lesk\u00f6r\u0171 alkalmaz\u00e1si lehet\u0151s\u00e9gek tekintet\u00e9ben. Egyedi tulajdons\u00e1gaiknak k\u00f6sz\u00f6nhet\u0151en megb\u00edzhat\u00f3 v\u00e1laszt\u00e1st jelentenek az ig\u00e9nyes hidraulikus rendszerekhez, biztos\u00edtva az optim\u00e1lis teljes\u00edtm\u00e9nyt \u00e9s hat\u00e9konys\u00e1got.<\/p>\n<p><img decoding=\"async\" src=\"https:\/\/fmp-components.com\/wp-content\/uploads\/2024\/12\/Adjustable-Clevis-Type-Cylinders5.webp\" alt=\"\u00c1ll\u00edthat\u00f3 kengyeles henger\" width=\"800\" title=\"\"><\/p>\n<h2>\u00c1ll\u00edthat\u00f3 kengyeles hengerek alkalmaz\u00e1sa<\/h2>\n<p>Az \u00e1ll\u00edthat\u00f3 kengyeles henger egy olyan hidraulikus henger, amelynek egyik v\u00e9g\u00e9n egy kengyel tal\u00e1lhat\u00f3, amely lehet\u0151v\u00e9 teszi a k\u00f6nny\u0171 felszerel\u00e9st \u00e9s csatlakoztat\u00e1st k\u00fcl\u00f6nf\u00e9le mechanikus rendszerekhez. Ezeket a hengereket sokoldal\u00fas\u00e1guk \u00e9s \u00e1ll\u00edthat\u00f3 jelleg\u00fck miatt sz\u00e9les k\u00f6rben haszn\u00e1lj\u00e1k k\u00fcl\u00f6nb\u00f6z\u0151 ipar\u00e1gakban. Ebben a cikkben az \u00e1ll\u00edthat\u00f3 kengyeles hengerek alkalmaz\u00e1s\u00e1t vizsg\u00e1ljuk meg, \u00e9s megvitatjuk azok el\u0151nyeit \u00e9s haszn\u00e1t.<\/p>\n<h3>1. Ipari automatiz\u00e1l\u00e1si rendszerek<\/h3>\n<p>Az ipari automatiz\u00e1l\u00e1si rendszerekben az \u00e1ll\u00edthat\u00f3 kengyeles hengerek kulcsfontoss\u00e1g\u00fa szerepet j\u00e1tszanak a k\u00fcl\u00f6nb\u00f6z\u0151 alkatr\u00e9szek mozg\u00e1s\u00e1nak szab\u00e1lyoz\u00e1s\u00e1ban. Ezeket \u00e1ltal\u00e1ban robotkarokban, sz\u00e1ll\u00edt\u00f3szalag-rendszerekben \u00e9s anyagmozgat\u00f3 berendez\u00e9sekben haszn\u00e1lj\u00e1k. A henger hossz\u00e1nak be\u00e1ll\u00edt\u00e1si lehet\u0151s\u00e9ge megk\u00f6nny\u00edti ezen rendszerek pozicion\u00e1l\u00e1s\u00e1nak \u00e9s mozg\u00e1s\u00e1nak finomhangol\u00e1s\u00e1t, biztos\u00edtva a prec\u00edz \u00e9s hat\u00e9kony m\u0171k\u00f6d\u00e9st.<\/p>\n<h3>2. \u00c9p\u00edt\u0151ipari g\u00e9pek<\/h3>\n<p>Az \u00e1ll\u00edthat\u00f3 kengyeles hengereket sz\u00e9les k\u00f6rben haszn\u00e1lj\u00e1k \u00e9p\u00edt\u0151ipari g\u00e9pekben, p\u00e9ld\u00e1ul kotr\u00f3g\u00e9pekben, rakod\u00f3g\u00e9pekben \u00e9s darukban. Ezek a hengerek biztos\u00edtj\u00e1k a sz\u00fcks\u00e9ges er\u0151t \u00e9s vez\u00e9rl\u00e9st a k\u00fcl\u00f6nb\u00f6z\u0151 funkci\u00f3khoz, bele\u00e9rtve az emel\u00e9st, \u00e1s\u00e1st \u00e9s billent\u00e9st. Az \u00e1ll\u00edthat\u00f3 funkci\u00f3 lehet\u0151v\u00e9 teszi a kezel\u0151k sz\u00e1m\u00e1ra, hogy a henger hossz\u00e1t az adott munkak\u00f6r\u00fclm\u00e9nyekhez igaz\u00edts\u00e1k, jav\u00edtva a g\u00e9p \u00e1ltal\u00e1nos teljes\u00edtm\u00e9ny\u00e9t \u00e9s termel\u00e9kenys\u00e9g\u00e9t.<\/p>\n<h3>3. Mez\u0151gazdas\u00e1gi berendez\u00e9sek<\/h3>\n<p>A mez\u0151gazdas\u00e1gi szektorban az \u00e1ll\u00edthat\u00f3 kengyeles hengerek k\u00fcl\u00f6nf\u00e9le berendez\u00e9sekben, p\u00e9ld\u00e1ul traktorokban, ek\u00e9kben \u00e9s betakar\u00edt\u00f3g\u00e9pekben tal\u00e1lhat\u00f3k alkalmaz\u00e1si ter\u00fcletek. Ezeket a hengereket olyan feladatokra haszn\u00e1lj\u00e1k, mint a penge magass\u00e1g\u00e1nak be\u00e1ll\u00edt\u00e1sa, a tartoz\u00e9kok helyzet\u00e9nek vez\u00e9rl\u00e9se \u00e9s a neh\u00e9z terhek emel\u00e9s\u00e9hez sz\u00fcks\u00e9ges hidraulikus teljes\u00edtm\u00e9ny biztos\u00edt\u00e1sa. \u00c1ll\u00edthat\u00f3 jelleg\u00fck optim\u00e1lis teljes\u00edtm\u00e9nyt \u00e9s rugalmass\u00e1got biztos\u00edt a k\u00fcl\u00f6nb\u00f6z\u0151 mez\u0151gazdas\u00e1gi m\u0171veletek sor\u00e1n.<\/p>\n<h3>4. Aut\u00f3ipar<\/h3>\n<p>Az aut\u00f3ipar \u00e1ll\u00edthat\u00f3 vill\u00e1s hengereket haszn\u00e1l k\u00fcl\u00f6nb\u00f6z\u0151 alkalmaz\u00e1sokban, bele\u00e9rtve a j\u00e1rm\u0171vek felf\u00fcggeszt\u00e9seit, kabri\u00f3tet\u0151it \u00e9s \u00e1ll\u00edthat\u00f3 \u00fcl\u00e9seit. Ezek a hengerek biztos\u00edtj\u00e1k a sz\u00fcks\u00e9ges t\u00e1maszt \u00e9s be\u00e1ll\u00edt\u00e1si lehet\u0151s\u00e9geket a j\u00e1rm\u0171vek \u00e1ltal\u00e1nos k\u00e9nyelm\u00e9nek \u00e9s funkcionalit\u00e1s\u00e1nak n\u00f6vel\u00e9se \u00e9rdek\u00e9ben. A henger hossz\u00e1nak testreszabhat\u00f3s\u00e1ga k\u00e9nyelmes vezet\u00e9si \u00e9lm\u00e9nyt biztos\u00edt a k\u00fcl\u00f6nb\u00f6z\u0151 magass\u00e1g\u00fa \u00e9s preferenci\u00e1j\u00fa felhaszn\u00e1l\u00f3k sz\u00e1m\u00e1ra.<\/p>\n<h3>5. Testreszabott megold\u00e1sok<\/h3>\n<p>Az \u00e1ll\u00edthat\u00f3 kengyeles hengerek egyik f\u0151 el\u0151nye, hogy az adott ig\u00e9nyeknek megfelel\u0151en testreszabhat\u00f3k. A gy\u00e1rt\u00f3k k\u00fcl\u00f6nb\u00f6z\u0151 l\u00f6kethosszal, r\u00f6gz\u00edt\u00e9si lehet\u0151s\u00e9gekkel \u00e9s nyom\u00e1sbesorol\u00e1ssal rendelkez\u0151 hengereket tervezhetnek \u00e9s gy\u00e1rthatnak, hogy megfeleljenek az egyes alkalmaz\u00e1sok egyedi ig\u00e9nyeinek. Ez a testreszab\u00e1s optim\u00e1lis teljes\u00edtm\u00e9nyt \u00e9s kompatibilit\u00e1st biztos\u00edt, ami hat\u00e9kony \u00e9s megb\u00edzhat\u00f3 m\u0171k\u00f6d\u00e9st eredm\u00e9nyez.<\/p>\n<p>Az \u00e1ll\u00edthat\u00f3 kengyeles hengerek sokoldal\u00fa hidraulikus alkatr\u00e9szek, amelyek sz\u00e1mos ipar\u00e1gban alkalmazhat\u00f3k. \u00c1ll\u00edthat\u00f3 jelleg\u00fck, valamint a testreszabhat\u00f3s\u00e1guk ide\u00e1lis v\u00e1laszt\u00e1ss\u00e1 teszi \u0151ket k\u00fcl\u00f6nb\u00f6z\u0151 mechanikus rendszerekhez. Legyen sz\u00f3 ipari automatiz\u00e1l\u00e1sr\u00f3l, \u00e9p\u00edt\u0151ipari g\u00e9pekr\u0151l, mez\u0151gazdas\u00e1gr\u00f3l, aut\u00f3iparr\u00f3l vagy m\u00e1s \u00e1gazatokr\u00f3l, ezek a hengerek biztos\u00edtj\u00e1k a sz\u00fcks\u00e9ges er\u0151t, vez\u00e9rl\u00e9st \u00e9s alkalmazkod\u00f3k\u00e9pess\u00e9get a z\u00f6kken\u0151mentes \u00e9s hat\u00e9kony m\u0171k\u00f6d\u00e9s \u00e9rdek\u00e9ben.<\/p>\n<p><img decoding=\"async\" src=\"https:\/\/fmp-components.com\/wp-content\/uploads\/2024\/12\/Application-of-Adjustable-Clevis-Type-Cylinders.webp\" alt=\"\u00c1ll\u00edthat\u00f3 kengyeles henger\" width=\"800\" title=\"\"><\/p>\n<h3>Az FMP-r\u0151l<\/h3>\n<p><img decoding=\"async\" src=\"https:\/\/fmp-components.com\/wp-content\/uploads\/2024\/12\/Adjustable-Clevis-Type-Cylinders-6.webp\" alt=\"\u00c1ll\u00edthat\u00f3 kengyeles henger\" width=\"808\" title=\"\"><\/p>\n<p>Az FMP egy vezet\u0151 v\u00e1llalat, amely hidraulikus hengerek gy\u00e1rt\u00e1s\u00e1ra \u00e9s \u00e9rt\u00e9kes\u00edt\u00e9s\u00e9re specializ\u00e1l\u00f3dott. Sok\u00e9ves ipar\u00e1gi tapasztalatunkkal \u00e9s professzion\u00e1lis csapatunkkal elk\u00f6telezettek vagyunk amellett, hogy \u00fcgyfeleinknek kiv\u00e1l\u00f3 min\u0151s\u00e9g\u0171 \u00e9s megb\u00edzhat\u00f3 hidraulikus hengereket biztos\u00edtsunk az \u00e9p\u00edt\u0151ipari g\u00e9pipar k\u00fcl\u00f6nf\u00e9le alkalmaz\u00e1saihoz.<\/p>\n<p>1. Sz\u00e9les term\u00e9kv\u00e1laszt\u00e9k: Sz\u00e9les hidraulikus hengerv\u00e1laszt\u00e9kot k\u00edn\u00e1lunk, bele\u00e9rtve az \u00e1ll\u00edthat\u00f3 kengyeles hengereket, teleszk\u00f3pos hengereket, hegesztett hengereket, \u00f6sszek\u00f6t\u0151rudas hengereket \u00e9s egyebeket. B\u00e1rmilyen egyedi ig\u00e9nye is legyen, n\u00e1lunk megtal\u00e1lja az \u00d6nnek megfelel\u0151 hidraulikus henger megold\u00e1st.<\/p>\n<p>2. Kiv\u00e1l\u00f3 min\u0151s\u00e9g: Az FMP-n\u00e9l a min\u0151s\u00e9get helyezz\u00fck el\u0151t\u00e9rbe, \u00e9s biztos\u00edtjuk, hogy minden hidraulikus henger\u00fcnk megfeleljen a szigor\u00fa min\u0151s\u00e9gi el\u0151\u00edr\u00e1soknak. Hossz\u00fa t\u00e1v\u00fa \u00e9s stabil kapcsolatokat \u00e9p\u00edtett\u00fcnk ki kiv\u00e1l\u00f3 min\u0151s\u00e9g\u0171 besz\u00e1ll\u00edt\u00f3kkal, mind belf\u00f6ld\u00f6n, mind k\u00fclf\u00f6ld\u00f6n, hogy garant\u00e1ljuk term\u00e9keink tart\u00f3ss\u00e1g\u00e1t \u00e9s teljes\u00edtm\u00e9ny\u00e9t.<\/p>\n<p>3. Szak\u00e9rt\u0151 \u00e9rt\u00e9kes\u00edt\u00e9si csapat: Tapasztalt \u00e9s k\u00e9pzett \u00e9rt\u00e9kes\u00edt\u00e9si csapatunk j\u00e1rtas a leg\u00fajabb ipar\u00e1gi trendekben \u00e9s az \u00fcgyfelek ig\u00e9nyeiben. K\u00e9szen \u00e1llnak professzion\u00e1lis term\u00e9ktan\u00e1csad\u00e1sra \u00e9s intelligens v\u00e1s\u00e1rl\u00e1si javaslatokra, biztos\u00edtva, hogy \u00d6n a lehet\u0151 legjobb d\u00f6nt\u00e9st hozza meg \u00e9p\u00edt\u0151ipari g\u00e9pei ig\u00e9nyeinek megfelel\u0151en.<\/p>\n<p>4. Hat\u00e9kony logisztikai eloszt\u00e1s: Meg\u00e9rtj\u00fck az id\u0151ben t\u00f6rt\u00e9n\u0151 sz\u00e1ll\u00edt\u00e1s fontoss\u00e1g\u00e1t. Hat\u00e9kony logisztikai eloszt\u00e1si rendszer\u00fcnkkel biztos\u00edtjuk, hogy \u00fcgyfeleink id\u0151ben \u00e9s pontosan megkapj\u00e1k a sz\u00fcks\u00e9ges hidraulikus hengereket. Sz\u00e1m\u00edthat r\u00e1nk a gyors \u00e9s megb\u00edzhat\u00f3 szolg\u00e1ltat\u00e1s ter\u00e9n.<\/p>\n<p>5. Testreszabhat\u00f3 megold\u00e1sok: Meg\u00e9rtj\u00fck, hogy minden \u00e9p\u00edt\u0151ipari g\u00e9pekkel kapcsolatos projekt egyedi. Ez\u00e9rt k\u00edn\u00e1lunk testreszabhat\u00f3 hidraulikus henger megold\u00e1sokat, hogy megfeleljenek az \u00d6n egyedi ig\u00e9nyeinek. Ak\u00e1r meghat\u00e1rozott l\u00f6kethossz\u00fas\u00e1g\u00fa, r\u00f6gz\u00edt\u00e9si st\u00edlus\u00fa, ak\u00e1r b\u00e1rmilyen m\u00e1s testreszab\u00e1si ig\u00e9ny\u0171 hengerre van sz\u00fcks\u00e9ge, szem\u00e9lyre szabott megold\u00e1sokat tudunk ny\u00fajtani.<\/p>\n<p>Az FMP-vel val\u00f3 partners\u00e9g azt jelenti, hogy hozz\u00e1f\u00e9r\u00e9st kap kiv\u00e1l\u00f3 min\u0151s\u00e9g\u0171 hidraulikus hengerekhez, hozz\u00e1\u00e9rt\u0151 \u00e9rt\u00e9kes\u00edt\u00e9si csapathoz, hat\u00e9kony logisztik\u00e1hoz \u00e9s testreszabhat\u00f3 megold\u00e1sokhoz. B\u00edzza r\u00e1nk a megb\u00edzhat\u00f3 \u00e9s tart\u00f3s hidraulikus hengereket, amelyekre sz\u00fcks\u00e9ge van \u00e9p\u00edt\u0151ipari g\u00e9p\u00e9szeti projektjeihez.<\/p>\n<h2>Gyakran ism\u00e9telt k\u00e9rd\u00e9sek<\/h2>\n<p><b>K: Mi a sz\u00e1ll\u00edt\u00e1si id\u0151 a testreszabott 10 tonn\u00e1s hidraulikus henger mini hidraulikus hengerhez?<\/b><\/p>\n<p>V: \u00c1ltal\u00e1ban a sz\u00e1ll\u00edt\u00e1si id\u0151 25-35 nap.<\/p>\n<p><b>K: Rendelkez\u00e9sre \u00e1llnak-e mint\u00e1k a testreszabott 10 tonn\u00e1s hidraulikus henger mini hidraulikus hengerb\u0151l?<\/b><\/p>\n<p>V: Igen, mint\u00e1k \u00e1llnak rendelkez\u00e9sre, de nem ingyenesek.<\/p>\n<p><b>K: Testreszabhat\u00f3-e a testreszabott 10 tonn\u00e1s hidraulikus hengeres mini hidraulikus henger az adott k\u00f6vetelm\u00e9nyeknek megfelel\u0151en?<\/b><\/p>\n<p>V: Igen, a hidraulikus hengert a mint\u00e1i vagy m\u0171szaki rajzai alapj\u00e1n tudjuk legy\u00e1rtani. Az \u00d6n egyedi ig\u00e9nyeinek megfelel\u0151en elk\u00e9sz\u00edthetj\u00fck a form\u00e1kat \u00e9s a szerelv\u00e9nyeket.<\/p>\n<p>Szerz\u0151: CX<\/p>\n<p>&nbsp;<\/p>","protected":false},"excerpt":{"rendered":"<p>Product Introduction: Customized 10 Ton Hydraulic Cylinder Mini Hydraulic Cylinder The Customized 10 Ton Hydraulic Cylinder Mini Hydraulic Cylinder is a highly efficient and durable hydraulic cylinder designed for various industrial applications. With its compact design and powerful performance, this hydraulic cylinder is the ideal choice for tasks that require precise control and heavy lifting [&hellip;]<\/p>","protected":false},"featured_media":1340,"comment_status":"closed","ping_status":"closed","template":"","meta":{"_et_pb_use_builder":"","_et_pb_old_content":"","_et_gb_content_width":""},"product_brand":[],"product_cat":[39],"product_tag":[41,34],"class_list":{"0":"post-1346","1":"product","2":"type-product","3":"status-publish","4":"has-post-thumbnail","6":"product_cat-adjustable-clevis-type-cylinders","7":"product_tag-adjustable-clevis-type-cylinders","8":"product_tag-hydraulic-cylinder","10":"first","11":"instock","12":"product-type-simple"},"_links":{"self":[{"href":"https:\/\/fmp-components.com\/hu\/wp-json\/wp\/v2\/product\/1346","targetHints":{"allow":["GET"]}}],"collection":[{"href":"https:\/\/fmp-components.com\/hu\/wp-json\/wp\/v2\/product"}],"about":[{"href":"https:\/\/fmp-components.com\/hu\/wp-json\/wp\/v2\/types\/product"}],"replies":[{"embeddable":true,"href":"https:\/\/fmp-components.com\/hu\/wp-json\/wp\/v2\/comments?post=1346"}],"wp:featuredmedia":[{"embeddable":true,"href":"https:\/\/fmp-components.com\/hu\/wp-json\/wp\/v2\/media\/1340"}],"wp:attachment":[{"href":"https:\/\/fmp-components.com\/hu\/wp-json\/wp\/v2\/media?parent=1346"}],"wp:term":[{"taxonomy":"product_brand","embeddable":true,"href":"https:\/\/fmp-components.com\/hu\/wp-json\/wp\/v2\/product_brand?post=1346"},{"taxonomy":"product_cat","embeddable":true,"href":"https:\/\/fmp-components.com\/hu\/wp-json\/wp\/v2\/product_cat?post=1346"},{"taxonomy":"product_tag","embeddable":true,"href":"https:\/\/fmp-components.com\/hu\/wp-json\/wp\/v2\/product_tag?post=1346"}],"curies":[{"name":"munkaf\u00fczet","href":"https:\/\/api.w.org\/{rel}","templated":true}]}}