{"id":1345,"date":"2024-12-23T02:18:07","date_gmt":"2024-12-23T02:18:07","guid":{"rendered":"https:\/\/fmp-components.com\/product\/high-quality-double-acting-welded-hydraulic-cylinders-for-sale\/"},"modified":"2024-12-23T03:39:35","modified_gmt":"2024-12-23T03:39:35","slug":"high-quality-double-acting-welded-hydraulic-cylinders-for-sale","status":"publish","type":"product","link":"https:\/\/fmp-components.com\/hu\/product\/high-quality-double-acting-welded-hydraulic-cylinders-for-sale\/","title":{"rendered":"Kiv\u00e1l\u00f3 min\u0151s\u00e9g\u0171 kett\u0151s m\u0171k\u00f6d\u00e9s\u0171 hegesztett hidraulikus hengerek elad\u00f3k"},"content":{"rendered":"<h2>Kiv\u00e1l\u00f3 min\u0151s\u00e9g\u0171 kett\u0151s m\u0171k\u00f6d\u00e9s\u0171 hegesztett hidraulikus hengerek elad\u00f3k:<\/h2>\n<p>Kiv\u00e1l\u00f3 min\u0151s\u00e9g\u0171, kett\u0151s m\u0171k\u00f6d\u00e9s\u0171, hegesztett hidraulikus hengereink t\u00f6k\u00e9letes megold\u00e1st k\u00edn\u00e1lnak minden hidraulikus energiaig\u00e9ny\u00e9re. Ezeket a hengereket \u00fagy tervezt\u00fck, hogy kiv\u00e9teles teljes\u00edtm\u00e9nyt \u00e9s megb\u00edzhat\u00f3s\u00e1got biztos\u00edtsanak sz\u00e9les k\u00f6r\u0171 alkalmaz\u00e1sokban.<\/p>\n<p>Kett\u0151s m\u0171k\u00f6d\u00e9s\u0171 kialak\u00edt\u00e1suknak k\u00f6sz\u00f6nhet\u0151en hidraulikus hengereink kiv\u00e1l\u00f3 funkcionalit\u00e1st \u00e9s sokoldal\u00fas\u00e1got k\u00edn\u00e1lnak. Mindk\u00e9t ir\u00e1nyban k\u00e9pesek er\u0151t kifejteni, lehet\u0151v\u00e9 t\u00e9ve a hat\u00e9kony m\u0171k\u00f6d\u00e9st \u00e9s a pontos vez\u00e9rl\u00e9st. Ak\u00e1r neh\u00e9z terheket kell emelnie, g\u00e9peket mozgatnia, vagy hidraulikus rendszereket kell m\u0171k\u00f6dtetnie, hengereinkkel mindent megtal\u00e1l.<\/p>\n<p>A tart\u00f3ss\u00e1got szem el\u0151tt tartva \u00e9p\u00edtett hidraulikus hengereink kiv\u00e1l\u00f3 min\u0151s\u00e9g\u0171 anyagokb\u00f3l k\u00e9sz\u00fclnek, \u00e9s szigor\u00fa tesztel\u00e9sen esnek \u00e1t a hossz\u00fa t\u00e1v\u00fa teljes\u00edtm\u00e9ny biztos\u00edt\u00e1sa \u00e9rdek\u00e9ben. A hegesztett konstrukci\u00f3 extra szil\u00e1rds\u00e1got \u00e9s stabilit\u00e1st biztos\u00edt, \u00edgy k\u00e9pesek ellen\u00e1llni a neh\u00e9z ig\u00e9nybev\u00e9telnek \u00e9s a sz\u00e9ls\u0151s\u00e9ges k\u00f6r\u00fclm\u00e9nyeknek. B\u00edzhat benne, hogy hengereink \u00e1lland\u00f3 \u00e9s megb\u00edzhat\u00f3 hidraulikus teljes\u00edtm\u00e9nyt ny\u00fajtanak, amikor a legnagyobb sz\u00fcks\u00e9ge van r\u00e1.<\/p>\n<p><img loading=\"lazy\" decoding=\"async\" class=\"alignnone size-full wp-image-1334\" src=\"https:\/\/fmp-components.com\/wp-content\/uploads\/2024\/12\/Adjustable-Clevis-Type-Cylinders-4.webp\" alt=\"\u00c1ll\u00edthat\u00f3 vill\u00e1s hengerek\" width=\"800\" height=\"800\" title=\"\" srcset=\"https:\/\/fmp-components.com\/wp-content\/uploads\/2024\/12\/Adjustable-Clevis-Type-Cylinders-4.webp 800w, https:\/\/fmp-components.com\/wp-content\/uploads\/2024\/12\/Adjustable-Clevis-Type-Cylinders-4-480x480.webp 480w\" sizes=\"(min-width: 0px) and (max-width: 480px) 480px, (min-width: 481px) 800px, 100vw\" \/><\/p>\n<p>Kett\u0151s m\u0171k\u00f6d\u00e9s\u0171 hegesztett hidraulikus hengereink k\u00f6nnyen telep\u00edthet\u0151k \u00e9s karbantarthat\u00f3k. K\u00fcl\u00f6nb\u00f6z\u0151 r\u00f6gz\u00edt\u00e9si lehet\u0151s\u00e9gekkel kaphat\u00f3k, hogy megfeleljenek az \u00d6n egyedi ig\u00e9nyeinek. Megfelel\u0151 \u00e1pol\u00e1ssal \u00e9s rendszeres karbantart\u00e1ssal ezek a hengerek \u00e9vekig probl\u00e9mamentesen m\u0171k\u00f6dnek.<\/p>\n<p>Ak\u00e1r az \u00e9p\u00edt\u0151iparban, a mez\u0151gazdas\u00e1gban vagy a gy\u00e1rt\u00f3iparban dolgozik, kiv\u00e1l\u00f3 min\u0151s\u00e9g\u0171, kett\u0151s m\u0171k\u00f6d\u00e9s\u0171 hegesztett hidraulikus hengereink ide\u00e1lis v\u00e1laszt\u00e1st jelentenek hidraulikus energiaig\u00e9nyei kiel\u00e9g\u00edt\u00e9s\u00e9re. Ne el\u00e9gedjen meg kevesebbel, mint a legjobbal. Fektessen be hengereinkbe, \u00e9s tapasztalja meg a meg\u00e9rdemelt teljes\u00edtm\u00e9nyt \u00e9s megb\u00edzhat\u00f3s\u00e1got.<\/p>\n<table style=\"width: 100%;\" border=\"1\" width=\"100%\" cellspacing=\"0\" cellpadding=\"0\">\n<tbody>\n<tr>\n<th>Term\u00e9k neve<\/th>\n<td>\u00daj kett\u0151s m\u0171k\u00f6d\u00e9s\u0171 hegesztett hidraulikus hengerek<\/td>\n<\/tr>\n<tr>\n<th>Garancia<\/th>\n<td>1 \u00e9v<\/td>\n<\/tr>\n<tr>\n<th>Alkalmazhat\u00f3 ipar\u00e1gak<\/th>\n<td>G\u00e9pjav\u00edt\u00f3 m\u0171helyek, Mez\u0151gazdas\u00e1g, Energia \u00e9s b\u00e1ny\u00e1szat, G\u00e9pgy\u00e1rt\u00e1s, G\u00e9pgy\u00e1rak<\/td>\n<\/tr>\n<tr>\n<th>S\u00faly (KG)<\/th>\n<td>30<\/td>\n<\/tr>\n<tr>\n<th>Vide\u00f3s kimen\u0151 ellen\u0151rz\u00e9s<\/th>\n<td>Felt\u00e9ve<\/td>\n<\/tr>\n<tr>\n<th>G\u00e9ptesztel\u00e9si jelent\u00e9s<\/th>\n<td>Felt\u00e9ve<\/td>\n<\/tr>\n<tr>\n<th>Marketingt\u00edpus<\/th>\n<td>\u00daj term\u00e9k 2023<\/td>\n<\/tr>\n<tr>\n<th>Az alapvet\u0151 alkatr\u00e9szek garanci\u00e1ja<\/th>\n<td>1 \u00e9v<\/td>\n<\/tr>\n<tr>\n<th>Alapvet\u0151 \u00f6sszetev\u0151k<\/th>\n<td>Csap\u00e1gyak, hidraulikus hengerek<\/td>\n<\/tr>\n<tr>\n<th>Szerkezet<\/th>\n<td>Dugatty\u00fas henger<\/td>\n<\/tr>\n<tr>\n<th>Hatalom<\/th>\n<td>Hidraulikus<\/td>\n<\/tr>\n<tr>\n<th>Test anyaga<\/th>\n<td>Massz\u00edv ac\u00e9l<\/td>\n<\/tr>\n<tr>\n<th>Max. tol\u00f3er\u0151<\/th>\n<td>3000<\/td>\n<\/tr>\n<tr>\n<th>T\u00edpus<\/th>\n<td>\u00c1ll\u00edthat\u00f3 kengyeles henger<\/td>\n<\/tr>\n<tr>\n<th>kik\u00f6t\u0151k<\/th>\n<td>G\/SAE\/NPT\/M<\/td>\n<\/tr>\n<tr>\n<th>Max. h\u00faz\u00f3er\u0151<\/th>\n<td>20 tonna<\/td>\n<\/tr>\n<tr>\n<th>Tan\u00fas\u00edtv\u00e1ny<\/th>\n<td>ISO 9001:2000<\/td>\n<\/tr>\n<tr>\n<th>Furatm\u00e9ret<\/th>\n<td>2\u20136 h\u00fcvelyk<\/td>\n<\/tr>\n<tr>\n<th>R\u00fad m\u00e9rete<\/th>\n<td>1,125 \u2013 4 h\u00fcvelyk<\/td>\n<\/tr>\n<tr>\n<th>Ecsetvon\u00e1s m\u00e9rete<\/th>\n<td>4\u2013100 h\u00fcvelyk<\/td>\n<\/tr>\n<tr>\n<th>Cs\u00edp\u0151m\u00e9ret<\/th>\n<td>0,5 \u2013 2 h\u00fcvelyk<\/td>\n<\/tr>\n<tr>\n<th>Sz\u00edn<\/th>\n<td>Fekete<\/td>\n<\/tr>\n<\/tbody>\n<\/table>\n<h2>A kett\u0151s m\u0171k\u00f6d\u00e9s\u0171 hegesztett hidraulikus hengerek felfedez\u00e9se<\/h2>\n<p>A term\u00e9k l\u00e9nyeg\u00e9ben egy kett\u0151s m\u0171k\u00f6d\u00e9s\u0171 hidraulikus henger, ami azt jelenti, hogy hidraulikus er\u0151t haszn\u00e1l a dugatty\u00far\u00fad kiny\u00fajt\u00e1s\u00e1hoz \u00e9s visszah\u00faz\u00e1s\u00e1hoz, lehet\u0151v\u00e9 t\u00e9ve a prec\u00edz mozg\u00e1st \u00e9s vez\u00e9rl\u00e9st. Az ilyen t\u00edpus\u00fa hengereket \u00e1ltal\u00e1ban ipari g\u00e9pekben \u00e9s mobil hidraulik\u00e1ban, valamint mez\u0151gazdas\u00e1gi berendez\u00e9sekben \u00e9s \u00e9p\u00edt\u0151ipari j\u00e1rm\u0171vekben haszn\u00e1lj\u00e1k nagy teljes\u00edtm\u00e9ny\u00fck \u00e9s tart\u00f3ss\u00e1guk miatt.<\/p>\n<p>Hengereink leny\u0171g\u00f6z\u0151 specifik\u00e1ci\u00f3kkal \u00e9s teljes\u00edtm\u00e9nyadatokkal b\u00fcszk\u00e9lkedhetnek. 2-6 h\u00fcvelyk k\u00f6z\u00f6tti furat\u00e1tm\u00e9r\u0151vel, 1,125-4 h\u00fcvelyk k\u00f6z\u00f6tti r\u00fad\u00e1tm\u00e9r\u0151vel, 4-100 h\u00fcvelyk k\u00f6z\u00f6tti l\u00f6kettel \u00e9s 0,5-2 h\u00fcvelyk k\u00f6z\u00f6tti t\u0171\u00e1tm\u00e9r\u0151vel ezek a hengerek k\u00fcl\u00f6nf\u00e9le neh\u00e9z feladatok elv\u00e9gz\u00e9s\u00e9re k\u00e9sz\u00fcltek. A hengerek maxim\u00e1lisan 3000 N tol\u00f3er\u0151t \u00e9s legfeljebb 20 tonna h\u00faz\u00f3er\u0151t k\u00e9pesek kifejteni, \u00edgy hat\u00e9kony kieg\u00e9sz\u00edt\u0151i lehetnek b\u00e1rmilyen g\u00e9pkonfigur\u00e1ci\u00f3nak.<\/p>\n<p>A kett\u0151s m\u0171k\u00f6d\u00e9s\u0171 hidraulikus hengerek kiv\u00e1l\u00f3 min\u0151s\u00e9g\u0171 ac\u00e9lb\u00f3l k\u00e9sz\u00fclnek, ami tart\u00f3ss\u00e1got \u00e9s hossz\u00fa \u00e9lettartamot biztos\u00edt. Tov\u00e1bb\u00e1 a hengerek fekete sz\u00edne korr\u00f3zi\u00f3\u00e1ll\u00f3 r\u00e9teget biztos\u00edt, tov\u00e1bb n\u00f6velve a term\u00e9k \u00e9lettartam\u00e1t \u00e9s teljes\u00edtm\u00e9ny\u00e9t.<\/p>\n<p>Azok sz\u00e1m\u00e1ra, akik testreszabottabb megold\u00e1st ig\u00e9nyelnek, hidraulikus hengereinkhez testreszab\u00e1si lehet\u0151s\u00e9geket k\u00edn\u00e1lunk. Ak\u00e1r adott furatm\u00e9retre, r\u00fadm\u00e9retre vagy l\u00f6kethosszra van sz\u00fcks\u00e9ge, mi figyelembe vessz\u00fck az \u00d6n ig\u00e9nyeit az optim\u00e1lis teljes\u00edtm\u00e9ny biztos\u00edt\u00e1sa \u00e9rdek\u00e9ben.<\/p>\n<h2>Az \u00e1ll\u00edthat\u00f3 kengyeles hengerek el\u0151nyei<\/h2>\n<p>Az \u00e1ll\u00edthat\u00f3 kengyeles hengerek, mint p\u00e9ld\u00e1ul a kiv\u00e1l\u00f3 min\u0151s\u00e9g\u0171, kett\u0151s m\u0171k\u00f6d\u00e9s\u0171 hegesztett hidraulikus hengerek, sz\u00e1mos el\u0151nnyel rendelkeznek k\u00fcl\u00f6nf\u00e9le alkalmaz\u00e1sokban. Ezeket a hengereket prec\u00edzen \u00e9s szak\u00e9rtelemmel tervezt\u00e9k, hogy kiv\u00e1l\u00f3 teljes\u00edtm\u00e9nyt \u00e9s megb\u00edzhat\u00f3s\u00e1got biztos\u00edtsanak. Ebben a cikkben az \u00e1ll\u00edthat\u00f3 kengyeles hengerek egyedi tulajdons\u00e1gait \u00e9s el\u0151nyeit vizsg\u00e1ljuk meg.<\/p>\n<p>1. Fokozott rugalmass\u00e1g \u00e9s \u00e1ll\u00edthat\u00f3s\u00e1g<\/p>\n<p>Az \u00e1ll\u00edthat\u00f3 kengyeles hengerek kiv\u00e9teles rugalmass\u00e1gukr\u00f3l \u00e9s \u00e1ll\u00edthat\u00f3s\u00e1gukr\u00f3l ismertek. A henger hossz\u00e1nak \u00e9s a kengyel helyzet\u00e9nek m\u00f3dos\u00edt\u00e1s\u00e1val ezek a hengerek k\u00f6nnyen testreszabhat\u00f3k az adott ig\u00e9nyeknek megfelel\u0151en. Ez a rugalmass\u00e1g lehet\u0151v\u00e9 teszi a z\u00f6kken\u0151mentes integr\u00e1ci\u00f3t k\u00fcl\u00f6nb\u00f6z\u0151 rendszerekbe, \u00e9s optim\u00e1lis teljes\u00edtm\u00e9nyt biztos\u00edt a k\u00fcl\u00f6nf\u00e9le alkalmaz\u00e1sokban.<\/p>\n<p>2. Megn\u00f6velt teherb\u00edr\u00e1s<\/p>\n<p>Az \u00e1ll\u00edthat\u00f3 kengyeles hengerek egyik legfontosabb el\u0151nye, hogy k\u00f6nnyed\u00e9n kezelik a neh\u00e9z terheket. Ezeket a hengereket \u00fagy tervezt\u00e9k, hogy ellen\u00e1lljanak a nagy nyom\u00e1snak \u00e9s robusztus emel\u00e9si k\u00e9pess\u00e9get biztos\u00edtsanak. A hengerek fejlett kialak\u00edt\u00e1sa \u00e9s kivitelez\u00e9se lehet\u0151v\u00e9 teszi sz\u00e1mukra, hogy extr\u00e9m terheket kezeljenek a teljes\u00edtm\u00e9ny vagy a biztons\u00e1g fel\u00e1ldoz\u00e1sa n\u00e9lk\u00fcl.<\/p>\n<p>3. Prec\u00edz pozicion\u00e1l\u00e1s \u00e9s vez\u00e9rl\u00e9s<\/p>\n<p>Az \u00e1ll\u00edthat\u00f3 kengyeles hengerek kiv\u00e1l\u00f3an alkalmasak prec\u00edz pozicion\u00e1l\u00e1sra \u00e9s vez\u00e9rl\u00e9sre. Finoman hangolt hidraulikus rendszer\u00fckkel ezek a hengerek pontos \u00e9s sima mozg\u00e1st biztos\u00edtanak, lehet\u0151v\u00e9 t\u00e9ve a terhel\u00e9s prec\u00edz szab\u00e1lyoz\u00e1s\u00e1t. Ez a szab\u00e1lyoz\u00e1si szint kulcsfontoss\u00e1g\u00fa azokban az alkalmaz\u00e1sokban, ahol prec\u00edz pozicion\u00e1l\u00e1sra van sz\u00fcks\u00e9g, p\u00e9ld\u00e1ul anyagmozgat\u00f3 berendez\u00e9sekn\u00e9l vagy ipari g\u00e9pekn\u00e9l.<\/p>\n<p>4. Kiv\u00e9teles tart\u00f3ss\u00e1g \u00e9s hossz\u00fa \u00e9lettartam<\/p>\n<p>A kiv\u00e1l\u00f3 min\u0151s\u00e9g\u0171, kett\u0151s m\u0171k\u00f6d\u00e9s\u0171, hegesztett hidraulikus munkahengerek, bele\u00e9rtve az \u00e1ll\u00edthat\u00f3 kengyeles hengereket is, tart\u00f3s haszn\u00e1latra k\u00e9sz\u00fcltek. Ezek a munkahengerek tart\u00f3s anyagokb\u00f3l k\u00e9sz\u00fclnek, \u00e9s szigor\u00fa min\u0151s\u00e9gellen\u0151rz\u00e9si int\u00e9zked\u00e9seken esnek \u00e1t a hossz\u00fa \u00e9lettartam \u00e9s a megb\u00edzhat\u00f3s\u00e1g biztos\u00edt\u00e1sa \u00e9rdek\u00e9ben. \u00dagy tervezt\u00e9k \u0151ket, hogy ellen\u00e1lljanak a zord \u00fczemi k\u00f6r\u00fclm\u00e9nyeknek, bele\u00e9rtve a sz\u00e9ls\u0151s\u00e9ges h\u0151m\u00e9rs\u00e9kleteket, a nagy terhel\u00e9seket \u00e9s a gyakori haszn\u00e1latot, an\u00e9lk\u00fcl, hogy vesz\u00e9lyeztetn\u00e9k teljes\u00edtm\u00e9ny\u00fcket vagy szerkezeti integrit\u00e1sukat.<\/p>\n<p>5. Fokozott hat\u00e9konys\u00e1g \u00e9s teljes\u00edtm\u00e9ny<\/p>\n<p>Az \u00e1ll\u00edthat\u00f3 kengyeles hengerek hozz\u00e1j\u00e1rulnak a hat\u00e9konys\u00e1g \u00e9s a teljes\u00edtm\u00e9ny jav\u00edt\u00e1s\u00e1hoz k\u00fcl\u00f6nf\u00e9le rendszerekben \u00e9s alkalmaz\u00e1sokban. A prec\u00edz vez\u00e9rl\u00e9s \u00e9s a megb\u00edzhat\u00f3 m\u0171k\u00f6d\u00e9s biztos\u00edt\u00e1s\u00e1val ezek a hengerek seg\u00edtenek a folyamatok korszer\u0171s\u00edt\u00e9s\u00e9ben \u00e9s a termel\u00e9kenys\u00e9g optimaliz\u00e1l\u00e1s\u00e1ban. A neh\u00e9z terhek kezel\u00e9s\u00e9re \u00e9s a k\u00fcl\u00f6nb\u00f6z\u0151 k\u00f6vetelm\u00e9nyekhez val\u00f3 alkalmazkod\u00f3k\u00e9pess\u00e9g\u00fck biztos\u00edtja a z\u00f6kken\u0151mentes \u00e9s hat\u00e9kony m\u0171k\u00f6d\u00e9st, id\u0151t takar\u00edt meg \u00e9s cs\u00f6kkenti az \u00e1ll\u00e1sid\u0151t.<\/p>\n<p>\u00d6sszefoglalva, az \u00e1ll\u00edthat\u00f3 kengyeles hengerek, mint p\u00e9ld\u00e1ul az elad\u00f3 kiv\u00e1l\u00f3 min\u0151s\u00e9g\u0171, kett\u0151s m\u0171k\u00f6d\u00e9s\u0171 hegesztett hidraulikus hengerek, sz\u00e1mos el\u0151nnyel rendelkeznek a rugalmass\u00e1g, a teherb\u00edr\u00e1s, a pozicion\u00e1l\u00e1s, a tart\u00f3ss\u00e1g \u00e9s a hat\u00e9konys\u00e1g tekintet\u00e9ben. Ezeket a hengereket a legmagasabb teljes\u00edtm\u00e9ny- \u00e9s megb\u00edzhat\u00f3s\u00e1gi szabv\u00e1nyoknak megfelel\u0151en tervezt\u00e9k, \u00edgy kiv\u00e1l\u00f3 v\u00e1laszt\u00e1st jelentenek sz\u00e9les k\u00f6r\u0171 alkalmaz\u00e1sokhoz. Legyen sz\u00f3 anyagmozgat\u00f3 berendez\u00e9sekr\u0151l, ipari g\u00e9pekr\u0151l vagy m\u00e1s hidraulikus rendszerekr\u0151l, az \u00e1ll\u00edthat\u00f3 kengyeles hengerek biztos\u00edtj\u00e1k a sokoldal\u00fas\u00e1got \u00e9s a teljes\u00edtm\u00e9nyt, amely az optim\u00e1lis eredm\u00e9nyekhez sz\u00fcks\u00e9ges.<img decoding=\"async\" src=\"https:\/\/fmp-components.com\/wp-content\/uploads\/2024\/12\/Adjustable-Clevis-Type-Cylinders5.webp\" alt=\"\u00c1ll\u00edthat\u00f3 kengyeles henger\" width=\"800\" title=\"\"><\/p>\n<h2>\u00c1ll\u00edthat\u00f3 kengyeles hengerek alkalmaz\u00e1sa<\/h2>\n<p>Az \u00e1ll\u00edthat\u00f3 kengyeles hengerek sokoldal\u00fa hidraulikus alkatr\u00e9szek, amelyek sz\u00e1mos ipar\u00e1gban alkalmazhat\u00f3k. \u00cdme n\u00e9h\u00e1ny a leggyakoribb alkalmaz\u00e1sok k\u00f6z\u00fcl:<\/p>\n<ul>\n<li><strong>Gy\u00e1rt\u00e1s:<\/strong> Az \u00e1ll\u00edthat\u00f3 kengyeles hengereket sz\u00e9les k\u00f6rben haszn\u00e1lj\u00e1k olyan gy\u00e1rt\u00e1si folyamatokban, mint a sajtol\u00e1s, a f\u00e9mmegmunk\u00e1l\u00e1s \u00e9s a szersz\u00e1mg\u00e9pek. Er\u0151 kifejt\u00e9s\u00e9re, alkatr\u00e9szek r\u00f6gz\u00edt\u00e9s\u00e9re \u00e9s mozg\u00e1svez\u00e9rl\u00e9sre szolg\u00e1lnak. A kiv\u00e1l\u00f3 min\u0151s\u00e9g\u0171, kett\u0151s m\u0171k\u00f6d\u00e9s\u0171, hegesztett hidraulikus hengerek k\u00fcl\u00f6n\u00f6sen hasznosak a gy\u00e1rt\u00e1si k\u00f6rnyezetben, mivel ellen\u00e1llnak a nagy nyom\u00e1snak \u00e9s \u00e1lland\u00f3 teljes\u00edtm\u00e9nyt ny\u00fajtanak.<\/li>\n<li><strong>\u00c9p\u00edt\u00e9s:<\/strong> Az \u00e1ll\u00edthat\u00f3 kengyeles hengereket gyakran haszn\u00e1lj\u00e1k \u00e9p\u00edt\u0151ipari berendez\u00e9sekben, p\u00e9ld\u00e1ul kotr\u00f3g\u00e9pekben, buld\u00f3zerekben \u00e9s darukban is. Ezeket a hengereket neh\u00e9zg\u00e9pek mozgat\u00e1s\u00e1ra, terhek emel\u00e9s\u00e9re \u00e9s s\u00fcllyeszt\u00e9s\u00e9re, valamint k\u00fcl\u00f6nf\u00e9le tartoz\u00e9kok kezel\u00e9s\u00e9re haszn\u00e1lj\u00e1k. \u00c9p\u00edt\u0151ipari k\u00f6rnyezetben a tart\u00f3ss\u00e1g kulcsfontoss\u00e1g\u00fa, ez\u00e9rt gyakran el\u0151nyben r\u00e9szes\u00edtik a kiv\u00e1l\u00f3 min\u0151s\u00e9g\u0171, kett\u0151s m\u0171k\u00f6d\u00e9s\u0171, hegesztett hidraulikus hengereket.<\/li>\n<li><strong>Mez\u0151gazdas\u00e1g:<\/strong> Az \u00e1ll\u00edthat\u00f3 kengyeles hengerek kritikus szerepet j\u00e1tszanak a modern mez\u0151gazdas\u00e1gi berendez\u00e9sekben, p\u00e9ld\u00e1ul a traktorokban, betakar\u00edt\u00f3g\u00e9pekben \u00e9s ek\u00e9kben. Ezeket a hengereket az ek\u00e9k \u00e9s egy\u00e9b tartoz\u00e9kok mozg\u00e1s\u00e1nak szab\u00e1lyoz\u00e1s\u00e1ra haszn\u00e1lj\u00e1k, lehet\u0151v\u00e9 t\u00e9ve a gazd\u00e1lkod\u00f3k sz\u00e1m\u00e1ra a talajm\u0171vel\u00e9st \u00e9s a n\u00f6v\u00e9nyek \u00fcltet\u00e9s\u00e9t. A kiv\u00e1l\u00f3 min\u0151s\u00e9g\u0171, kett\u0151s m\u0171k\u00f6d\u00e9s\u0171, hegesztett hidraulikus hengerek a mez\u0151gazdas\u00e1gi k\u00f6rnyezetben is el\u0151ny\u00f6sek a megb\u00edzhat\u00f3s\u00e1guk \u00e9s tart\u00f3ss\u00e1guk miatt.<\/li>\n<li><strong>B\u00e1ny\u00e1szati:<\/strong> Az \u00e1ll\u00edthat\u00f3 kengyeles hengerek elengedhetetlenek a b\u00e1ny\u00e1szati \u200b\u200bberendez\u00e9sekben, ahol f\u00far\u00f3kat, kotr\u00f3g\u00e9peket \u00e9s egy\u00e9b neh\u00e9zg\u00e9peket hajtanak. Ezeknek a hengereknek extr\u00e9m nyom\u00e1snak kell ellen\u00e1llniuk, \u00e9s kih\u00edv\u00e1st jelent\u0151 k\u00f6rnyezetben kell m\u0171k\u00f6dni\u00fck, ez\u00e9rt a kiv\u00e1l\u00f3 min\u0151s\u00e9g\u0171, kett\u0151s m\u0171k\u00f6d\u00e9s\u0171, hegesztett hidraulikus hengerek gyakran az el\u0151nyben r\u00e9szes\u00edtett v\u00e1laszt\u00e1s.<\/li>\n<li><strong>Sz\u00e1ll\u00edt\u00e1s:<\/strong> Az \u00e1ll\u00edthat\u00f3 kengyeles hidraulikus hengereket k\u00fcl\u00f6nf\u00e9le sz\u00e1ll\u00edt\u00e1si alkalmaz\u00e1sokban is haszn\u00e1lj\u00e1k, p\u00e9ld\u00e1ul haszong\u00e9pj\u00e1rm\u0171vekben, buszokban \u00e9s rep\u00fcl\u0151g\u00e9pekben. Ezeket a hengereket k\u00fcl\u00f6nf\u00e9le alkatr\u00e9szek, p\u00e9ld\u00e1ul fut\u00f3m\u0171vek, ajt\u00f3k \u00e9s r\u00e1mp\u00e1k m\u0171k\u00f6dtet\u00e9s\u00e9re haszn\u00e1lj\u00e1k, lehet\u0151v\u00e9 t\u00e9ve a z\u00f6kken\u0151mentes \u00e9s hat\u00e9kony m\u0171k\u00f6d\u00e9st. A kiv\u00e1l\u00f3 min\u0151s\u00e9g\u0171, kett\u0151s m\u0171k\u00f6d\u00e9s\u0171, hegesztett hidraulikus hengerek elengedhetetlenek olyan sz\u00e1ll\u00edt\u00e1si k\u00f6rnyezetben, ahol a megb\u00edzhat\u00f3s\u00e1g \u00e9s a biztons\u00e1g kritikus fontoss\u00e1g\u00fa.<\/li>\n<\/ul>\n<p>\u00d6sszefoglalva, az \u00e1ll\u00edthat\u00f3 kengyeles hengerek alkalmaz\u00e1sa sz\u00e9lesk\u00f6r\u0171 \u00e9s v\u00e1ltozatos, a gy\u00e1rt\u00e1sban, az \u00e9p\u00edt\u0151iparban, a mez\u0151gazdas\u00e1gban, a b\u00e1ny\u00e1szatban \u00e9s a sz\u00e1ll\u00edtm\u00e1nyoz\u00e1sban egyar\u00e1nt megtal\u00e1lhat\u00f3. Ezen hengerek kiv\u00e1laszt\u00e1sakor fontos, hogy kiv\u00e1l\u00f3 min\u0151s\u00e9g\u0171, kett\u0151s m\u0171k\u00f6d\u00e9s\u0171, hegesztett hidraulikus hengereket v\u00e1lasszunk, hogy biztos\u00edtsuk az optim\u00e1lis teljes\u00edtm\u00e9nyt \u00e9s tart\u00f3ss\u00e1got b\u00e1rmilyen k\u00f6rnyezetben.<img decoding=\"async\" src=\"https:\/\/fmp-components.com\/wp-content\/uploads\/2024\/12\/Application-of-Adjustable-Clevis-Type-Cylinders.webp\" alt=\"\u00c1ll\u00edthat\u00f3 kengyeles henger\" width=\"800\" title=\"\"><\/p>\n<h3>Az FMP-r\u0151l \u2013 Hidraulikus henger<\/h3>\n<p>Az FMP vezet\u0151 v\u00e1llalat az \u00e9p\u00edt\u0151ipari g\u00e9palkatr\u00e9szek \u00e9s komplett g\u00e9pek \u00e9rt\u00e9kes\u00edt\u00e9s\u00e9ben \u00e9s szervizel\u00e9s\u00e9ben. Sok \u00e9ves tapasztalattal rendelkez\u00fcnk az ipar\u00e1gban, \u00e9s professzion\u00e1lis szak\u00e9rt\u0151kb\u0151l \u00e1ll\u00f3 csapatunk kiv\u00e1l\u00f3 min\u0151s\u00e9g\u0171 \u00e9s megb\u00edzhat\u00f3 \u00e9p\u00edt\u0151ipari g\u00e9palkatr\u00e9szeket \u00e9s komplett g\u00e9pmegold\u00e1sokat k\u00edn\u00e1l. Sz\u00e9les term\u00e9kk\u00edn\u00e1latunkban mez\u0151gazdas\u00e1gi g\u00e9pek sebess\u00e9gv\u00e1lt\u00f3i, bolyg\u00f3kerekes sebess\u00e9gv\u00e1lt\u00f3k, ipari sebess\u00e9gv\u00e1lt\u00f3k, mez\u0151gazdas\u00e1gi g\u00e9palkatr\u00e9szek, valamint a hozz\u00e1juk ill\u0151, cs\u00facskateg\u00f3ri\u00e1s tartoz\u00e9kok sora tal\u00e1lhat\u00f3. Elk\u00f6telezettek vagyunk amellett, hogy \u00fcgyfeleinknek a legjobb term\u00e9keket \u00e9s szolg\u00e1ltat\u00e1sokat ny\u00fajtsuk. \u00cdme n\u00e9h\u00e1ny ok, ami\u00e9rt az FMP-t kellene v\u00e1lasztania hidraulikus hengerekhez:<\/p>\n<ol>\n<li><strong>Kiv\u00e1l\u00f3 min\u0151s\u00e9g\u0171 \u00e9s megb\u00edzhat\u00f3 term\u00e9kek:<\/strong> Az FMP-n\u00e9l term\u00e9keink min\u0151s\u00e9g\u00e9t helyezz\u00fck el\u0151t\u00e9rbe. Hossz\u00fa t\u00e1v\u00fa \u00e9s stabil egy\u00fcttm\u0171k\u00f6d\u00e9si kapcsolatokat \u00e9p\u00edt\u00fcnk ki a vil\u00e1g minden t\u00e1j\u00e1r\u00f3l sz\u00e1rmaz\u00f3, kiv\u00e1l\u00f3 min\u0151s\u00e9g\u0171 besz\u00e1ll\u00edt\u00f3kkal. Minden besz\u00e1ll\u00edtott alkatr\u00e9sz\u00fcnk szigor\u00fa min\u0151s\u00e9gi el\u0151\u00edr\u00e1soknak felel meg.<\/li>\n<li><strong>Sz\u00e9les term\u00e9kv\u00e1laszt\u00e9k:<\/strong> Sz\u00e9les v\u00e1laszt\u00e9kban k\u00edn\u00e1lunk hidraulikus hengereket, bele\u00e9rtve a standard \u00e9s egyedi hengereket is. \u00c1ll\u00edthat\u00f3 kengyeles henger\u00fcnk n\u00e9pszer\u0171 term\u00e9k, amely rendk\u00edv\u00fcl tart\u00f3s \u00e9s \u00e1ll\u00edthat\u00f3, hogy megfeleljen a k\u00fcl\u00f6nb\u00f6z\u0151 ig\u00e9nyeknek.<\/li>\n<li><strong>Professzion\u00e1lis \u00e9rt\u00e9kes\u00edt\u00e9si csapat:<\/strong> \u00c9rt\u00e9kes\u00edt\u00e9si csapatunk tapasztalt \u00e9s k\u00e9pzett az \u00e9p\u00edt\u0151ipari g\u00e9piparban. Ismerik a leg\u00fajabb fejleszt\u00e9si trendeket \u00e9s az \u00fcgyfelek ig\u00e9nyeit, \u00e9s professzion\u00e1lis term\u00e9ktan\u00e1csad\u00e1st, valamint intelligens v\u00e1s\u00e1rl\u00e1si javaslatokat tudnak ny\u00fajtani.<\/li>\n<li><strong>Hat\u00e9kony logisztikai disztrib\u00faci\u00f3:<\/strong> Meg\u00e9rtj\u00fck, hogy az id\u0151ben t\u00f6rt\u00e9n\u0151 sz\u00e1ll\u00edt\u00e1s kulcsfontoss\u00e1g\u00fa \u00fcgyfeleink sz\u00e1m\u00e1ra. Ez\u00e9rt egy hat\u00e9kony logisztikai eloszt\u00e1si rendszert hoztunk l\u00e9tre annak biztos\u00edt\u00e1s\u00e1ra, hogy \u00fcgyfeleink id\u0151ben \u00e9s pontosan megkapj\u00e1k a sz\u00fcks\u00e9ges alkatr\u00e9szeket.<\/li>\n<li><strong>Versenyk\u00e9pes \u00e1rak:<\/strong> Az FMP-n\u00e9l versenyk\u00e9pes \u00e1rakat k\u00edn\u00e1lunk a min\u0151s\u00e9g fel\u00e1ldoz\u00e1sa n\u00e9lk\u00fcl. Arra t\u00f6reksz\u00fcnk, hogy \u00fcgyfeleink a lehet\u0151 legjobb \u00e1r-\u00e9rt\u00e9k ar\u00e1nyt kapj\u00e1k.<\/li>\n<\/ol>\n<p><img decoding=\"async\" src=\"https:\/\/fmp-components.com\/wp-content\/uploads\/2024\/12\/Adjustable-Clevis-Type-Cylinders-6.webp\" alt=\"\u00c1ll\u00edthat\u00f3 kengyeles henger\" width=\"807\" title=\"\"><\/p>\n<p>Elk\u00f6telezettek vagyunk amellett, hogy kiv\u00e1l\u00f3 min\u0151s\u00e9g\u0171 term\u00e9keket \u00e9s szolg\u00e1ltat\u00e1sokat ny\u00fajtsunk \u00fcgyfeleinknek, \u00e9s biztosak vagyunk benne, hogy ki tudjuk el\u00e9g\u00edteni hidraulikus hengerekkel kapcsolatos ig\u00e9nyeit. Tov\u00e1bbi k\u00e9rd\u00e9seivel vagy megrendel\u00e9s\u00e9vel forduljon hozz\u00e1nk bizalommal.<\/p>\n<h2>GYIK<\/h2>\n<p><strong>K: Testreszabhat\u00f3k-e a hidraulikus hengerek az adott ig\u00e9nyeknek megfelel\u0151en?<\/strong><br \/>\nV: Igen, hidraulikus hengereinkhez testreszab\u00e1si lehet\u0151s\u00e9geket k\u00edn\u00e1lunk, hogy megfeleljenek az \u00d6n egyedi ig\u00e9nyeinek.<\/p>\n<p><strong>K: Milyen garanci\u00e1val rendelkeznek a hidraulikus hengerek?<\/strong><br \/>\nV: Hidraulikus hengereinkre egy \u00e9v garanci\u00e1t v\u00e1llalunk a f\u0151 alkatr\u00e9szekre \u2013 a csap\u00e1gyakra \u00e9s a hidraulikus hengerre.<\/p>\n<p><strong>K: Mennyi a hidraulikus hengerek sz\u00e1ll\u00edt\u00e1si hat\u00e1rideje?<\/strong><br \/>\nV: \u00c1ltal\u00e1ban a sz\u00e1ll\u00edt\u00e1si id\u0151nk 25-35 nap a megrendel\u00e9s visszaigazol\u00e1s\u00e1t\u00f3l sz\u00e1m\u00edtva.<\/p>\n<p><img decoding=\"async\" src=\"https:\/\/img.jiansujichilun.com\/img\/hydrauliccylinders\/T_hydrauliccylinders-5.webp\" alt=\"hidraulikus henger\" width=\"800\" title=\"\"><\/p>\n<p>Szerz\u0151: CX<\/p>","protected":false},"excerpt":{"rendered":"<p>High Quality Double Acting Welded Hydraulic Cylinders For Sale: Our High Quality Double Acting Welded Hydraulic Cylinders are the perfect solution for all your hydraulic power needs. These cylinders are designed to provide exceptional performance and reliability in a wide range of applications. With their double acting design, our hydraulic cylinders offer superior functionality and [&hellip;]<\/p>","protected":false},"featured_media":1338,"comment_status":"closed","ping_status":"closed","template":"","meta":{"_et_pb_use_builder":"","_et_pb_old_content":"","_et_gb_content_width":""},"product_brand":[],"product_cat":[39],"product_tag":[41,34],"class_list":{"0":"post-1345","1":"product","2":"type-product","3":"status-publish","4":"has-post-thumbnail","6":"product_cat-adjustable-clevis-type-cylinders","7":"product_tag-adjustable-clevis-type-cylinders","8":"product_tag-hydraulic-cylinder","10":"first","11":"instock","12":"product-type-simple"},"_links":{"self":[{"href":"https:\/\/fmp-components.com\/hu\/wp-json\/wp\/v2\/product\/1345","targetHints":{"allow":["GET"]}}],"collection":[{"href":"https:\/\/fmp-components.com\/hu\/wp-json\/wp\/v2\/product"}],"about":[{"href":"https:\/\/fmp-components.com\/hu\/wp-json\/wp\/v2\/types\/product"}],"replies":[{"embeddable":true,"href":"https:\/\/fmp-components.com\/hu\/wp-json\/wp\/v2\/comments?post=1345"}],"wp:featuredmedia":[{"embeddable":true,"href":"https:\/\/fmp-components.com\/hu\/wp-json\/wp\/v2\/media\/1338"}],"wp:attachment":[{"href":"https:\/\/fmp-components.com\/hu\/wp-json\/wp\/v2\/media?parent=1345"}],"wp:term":[{"taxonomy":"product_brand","embeddable":true,"href":"https:\/\/fmp-components.com\/hu\/wp-json\/wp\/v2\/product_brand?post=1345"},{"taxonomy":"product_cat","embeddable":true,"href":"https:\/\/fmp-components.com\/hu\/wp-json\/wp\/v2\/product_cat?post=1345"},{"taxonomy":"product_tag","embeddable":true,"href":"https:\/\/fmp-components.com\/hu\/wp-json\/wp\/v2\/product_tag?post=1345"}],"curies":[{"name":"munkaf\u00fczet","href":"https:\/\/api.w.org\/{rel}","templated":true}]}}