{"id":1343,"date":"2024-12-23T02:18:07","date_gmt":"2024-12-23T02:18:07","guid":{"rendered":"https:\/\/fmp-components.com\/product\/quality-assurance-small-10-ton-hydraulic-cylinder-for-sale\/"},"modified":"2024-12-23T03:39:35","modified_gmt":"2024-12-23T03:39:35","slug":"quality-assurance-small-10-ton-hydraulic-cylinder-for-sale","status":"publish","type":"product","link":"https:\/\/fmp-components.com\/hu\/product\/quality-assurance-small-10-ton-hydraulic-cylinder-for-sale\/","title":{"rendered":"Min\u0151s\u00e9gbiztos\u00edt\u00e1s Kis 10 tonn\u00e1s hidraulikus henger elad\u00f3"},"content":{"rendered":"<h2>Bemutatkozik a min\u0151s\u00e9gbiztos\u00edt\u00e1si kism\u00e9ret\u0171, 10 tonn\u00e1s hidraulikus henger elad\u00f3<\/h2>\n<p>Ha megb\u00edzhat\u00f3 hidraulikus hengerre van sz\u00fcks\u00e9ge ipari vagy kereskedelmi alkalmaz\u00e1saihoz, a Quality Assurance Small 10 Tonn\u00e1s hidraulikus henger a legjobb v\u00e1laszt\u00e1s. Ez a kiv\u00e1l\u00f3 min\u0151s\u00e9g\u0171 term\u00e9k kiv\u00e1l\u00f3 teljes\u00edtm\u00e9nyt \u00e9s tart\u00f3ss\u00e1got biztos\u00edt, biztos\u00edtva a m\u0171veletek z\u00f6kken\u0151mentes \u00e9s hat\u00e9kony m\u0171k\u00f6d\u00e9s\u00e9t.<\/p>\n<p>Pr\u00e9mium anyagokb\u00f3l \u00e9s fejlett gy\u00e1rt\u00e1si technik\u00e1kb\u00f3l k\u00e9sz\u00fclt, ez a hidraulikus henger tart\u00f3s haszn\u00e1latra k\u00e9sz\u00fclt. Kompakt \u00e9s k\u00f6nny\u0171 kialak\u00edt\u00e1s\u00e1nak k\u00f6sz\u00f6nhet\u0151en k\u00f6nnyen sz\u00e1ll\u00edthat\u00f3 \u00e9s sz\u0171k helyeken is beszerelhet\u0151. Kis m\u00e9rete ellen\u00e9re ez a henger ak\u00e1r 10 tonna er\u0151t is elb\u00edr, \u00edgy minim\u00e1lis karbantart\u00e1si ig\u00e9ny mellett is k\u00f6vetkezetes \u00e9s prec\u00edz eredm\u00e9nyeket biztos\u00edt.<\/p>\n<p>A Quality Assurance Small 10 Tonn\u00e1s hidraulikus henger egyik legfontosabb el\u0151nye a megb\u00edzhat\u00f3 min\u0151s\u00e9g. Minden egys\u00e9g szigor\u00fa tesztel\u00e9sen \u00e9s ellen\u0151rz\u00e9sen megy kereszt\u00fcl, biztos\u00edtva, hogy megfeleljen az ipar\u00e1gi teljes\u00edtm\u00e9ny- \u00e9s biztons\u00e1gi szabv\u00e1nyoknak. Ez azt jelenti, hogy megb\u00edzhat benne, hogy ez a term\u00e9k k\u00f6vetkezetes \u00e9s kiv\u00e1l\u00f3 min\u0151s\u00e9g\u0171 eredm\u00e9nyeket biztos\u00edt, m\u00e9g ig\u00e9nyes vagy nagy ig\u00e9nybev\u00e9tel\u0171 alkalmaz\u00e1sokban is.<\/p>\n<p><img loading=\"lazy\" decoding=\"async\" class=\"alignnone size-full wp-image-1334\" src=\"https:\/\/fmp-components.com\/wp-content\/uploads\/2024\/12\/Adjustable-Clevis-Type-Cylinders-4.webp\" alt=\"\u00c1ll\u00edthat\u00f3 vill\u00e1s hengerek\" width=\"800\" height=\"800\" title=\"\" srcset=\"https:\/\/fmp-components.com\/wp-content\/uploads\/2024\/12\/Adjustable-Clevis-Type-Cylinders-4.webp 800w, https:\/\/fmp-components.com\/wp-content\/uploads\/2024\/12\/Adjustable-Clevis-Type-Cylinders-4-480x480.webp 480w\" sizes=\"(min-width: 0px) and (max-width: 480px) 480px, (min-width: 481px) 800px, 100vw\" \/><\/p>\n<p>Ak\u00e1r egy r\u00e9gi hidraulikus hengert szeretne lecser\u00e9lni, ak\u00e1r egy fejlettebb modellre szeretne friss\u00edteni, a Quality Assurance Small 10 Tonn\u00e1s hidraulikus henger kiv\u00e1l\u00f3 v\u00e1laszt\u00e1s. Kiv\u00e1l\u00f3 teljes\u00edtm\u00e9ny\u00e9vel, tart\u00f3s konstrukci\u00f3j\u00e1val \u00e9s megb\u00edzhat\u00f3 min\u0151s\u00e9g\u00e9vel ez a term\u00e9k biztosan fel\u00fclm\u00falja az elv\u00e1r\u00e1sait, \u00e9s hossz\u00fa t\u00e1v\u00fa \u00e9rt\u00e9ket k\u00e9pvisel v\u00e1llalkoz\u00e1sa sz\u00e1m\u00e1ra.<\/p>\n<table style=\"width: 100%;\" border=\"1\" width=\"100%\" cellspacing=\"0\" cellpadding=\"0\">\n<tbody>\n<tr>\n<th>Term\u00e9k neve<\/th>\n<td>Min\u0151s\u00e9gbiztos\u00edt\u00e1s Kis 10 tonn\u00e1s hidraulikus henger<\/td>\n<\/tr>\n<tr>\n<th>\u00c1llapot<\/th>\n<td>\u00daj<\/td>\n<\/tr>\n<tr>\n<th>Garancia<\/th>\n<td>1 \u00e9v<\/td>\n<\/tr>\n<tr>\n<th>Alkalmazhat\u00f3 ipar\u00e1gak<\/th>\n<td>G\u00e9pjav\u00edt\u00f3 m\u0171helyek, Mez\u0151gazdas\u00e1g, Energia \u00e9s b\u00e1ny\u00e1szat, G\u00e9pgy\u00e1rt\u00e1s, G\u00e9pgy\u00e1r<\/td>\n<\/tr>\n<tr>\n<th>S\u00faly (KG)<\/th>\n<td>30<\/td>\n<\/tr>\n<tr>\n<th>Vide\u00f3s kimen\u0151 ellen\u0151rz\u00e9s<\/th>\n<td>Felt\u00e9ve<\/td>\n<\/tr>\n<tr>\n<th>G\u00e9ptesztel\u00e9si jelent\u00e9s<\/th>\n<td>Felt\u00e9ve<\/td>\n<\/tr>\n<tr>\n<th>Marketingt\u00edpus<\/th>\n<td>\u00daj term\u00e9k 2023<\/td>\n<\/tr>\n<tr>\n<th>Az alapvet\u0151 alkatr\u00e9szek garanci\u00e1ja<\/th>\n<td>1 \u00e9v<\/td>\n<\/tr>\n<tr>\n<th>Alapvet\u0151 \u00f6sszetev\u0151k<\/th>\n<td>Csap\u00e1gy, hidraulikus henger<\/td>\n<\/tr>\n<tr>\n<th>Standard vagy nem szabv\u00e1nyos<\/th>\n<td>Standard<\/td>\n<\/tr>\n<tr>\n<th>Szerkezet<\/th>\n<td>Dugatty\u00fas henger<\/td>\n<\/tr>\n<tr>\n<th>Hatalom<\/th>\n<td>Hidraulikus<\/td>\n<\/tr>\n<tr>\n<th>Test anyaga<\/th>\n<td>Ac\u00e9l<\/td>\n<\/tr>\n<tr>\n<th>Max. tol\u00f3er\u0151<\/th>\n<td>3000<\/td>\n<\/tr>\n<tr>\n<th>T\u00edpus<\/th>\n<td>\u00c1ll\u00edthat\u00f3 Clevis t\u00edpus\u00fa hengerek<\/td>\n<\/tr>\n<tr>\n<th>kik\u00f6t\u0151k<\/th>\n<td>G\/SAE\/NPT\/M<\/td>\n<\/tr>\n<tr>\n<th>Max. h\u00faz\u00f3er\u0151<\/th>\n<td>20 tonna<\/td>\n<\/tr>\n<tr>\n<th>Tan\u00fas\u00edtv\u00e1ny<\/th>\n<td>ISO 9001:2000<\/td>\n<\/tr>\n<tr>\n<th>Furatm\u00e9ret<\/th>\n<td>2\u20136 h\u00fcvelyk<\/td>\n<\/tr>\n<tr>\n<th>R\u00fad m\u00e9rete<\/th>\n<td>1,125 \u2013 4 h\u00fcvelyk<\/td>\n<\/tr>\n<tr>\n<th>Ecsetvon\u00e1s m\u00e9rete<\/th>\n<td>4\u2013100 h\u00fcvelyk<\/td>\n<\/tr>\n<tr>\n<th>Cs\u00edp\u0151m\u00e9ret<\/th>\n<td>0,5 \u2013 2 h\u00fcvelyk<\/td>\n<\/tr>\n<tr>\n<th>Sz\u00edn<\/th>\n<td>Fekete<\/td>\n<\/tr>\n<\/tbody>\n<\/table>\n<h2>Az \u00e1ll\u00edthat\u00f3 kengyeles hengerek el\u0151nyei<\/h2>\n<ul>\n<li><strong>Fokozott rugalmass\u00e1g \u00e9s sokoldal\u00fas\u00e1g:<\/strong> Az \u00e1ll\u00edthat\u00f3 kengyeles hengerekkel a r\u00fadv\u00e9g helyzete sz\u00e9lesebb k\u00f6r\u0171 alkalmaz\u00e1si lehet\u0151s\u00e9gekhez igaz\u00edthat\u00f3. Ez azt jelenti, hogy a henger sz\u00e1mos k\u00fcl\u00f6nb\u00f6z\u0151 helyzetben haszn\u00e1lhat\u00f3 an\u00e9lk\u00fcl, hogy t\u00f6bb hengert kellene v\u00e1s\u00e1rolni. A Min\u0151s\u00e9gbiztos\u00edt\u00e1ssal ell\u00e1tott Kism\u00e9ret\u0171, 10 tonn\u00e1s Elad\u00f3 Hidraulikus Henger egy nagyszer\u0171 p\u00e9lda erre a hengert\u00edpusra.<\/li>\n<li><strong>Jobb kontroll a hengerl\u00f6ket felett:<\/strong> Az \u00e1ll\u00edthat\u00f3 kengyeles henger nagyobb kontrollt biztos\u00edt a henger l\u00f6kete felett, ami azt jelenti, hogy a felhaszn\u00e1l\u00f3 pontosabban pozicion\u00e1lhatja a terhet. Ez k\u00fcl\u00f6n\u00f6sen fontos, ha k\u00e9nyes vagy t\u00f6r\u00e9keny anyagokkal dolgozik, amelyek gyeng\u00e9d \u00e9rint\u00e9st ig\u00e9nyelnek.<\/li>\n<li><strong>Fokozott biztons\u00e1g \u00e9s stabilit\u00e1s:<\/strong> Az \u00e1ll\u00edthat\u00f3 kengyeles hengerek stabilabb \u00e9s biztons\u00e1gosabb munkak\u00f6rnyezetet teremthetnek. A r\u00fadv\u00e9g helyzet\u00e9nek be\u00e1ll\u00edt\u00e1s\u00e1val a henger t\u00e1maszt ny\u00fajthat, \u00e9s megakad\u00e1lyozhatja a teher felborul\u00e1s\u00e1t vagy felborul\u00e1s\u00e1t. Ez k\u00fcl\u00f6n\u00f6sen hasznos olyan alkalmaz\u00e1sokban, ahol a biztons\u00e1g els\u0151dleges szempont.<\/li>\n<li><strong>Fokozott hat\u00e9konys\u00e1g \u00e9s termel\u00e9kenys\u00e9g:<\/strong> Az \u00e1ll\u00edthat\u00f3 kengyeles hengerek seg\u00edthetnek n\u00f6velni a munkahelyi hat\u00e9konys\u00e1got \u00e9s termel\u00e9kenys\u00e9get. A henger l\u00f6ket\u00e9nek pontosabb szab\u00e1lyoz\u00e1s\u00e1val a dolgoz\u00f3k gyorsabban \u00e9s nagyobb pontoss\u00e1ggal v\u00e9gezhetik el a feladataikat. Ez nagyobb teljes\u00edtm\u00e9nyhez \u00e9s jobb j\u00f6vedelmez\u0151s\u00e9ghez vezethet.<\/li>\n<li><strong>K\u00f6lts\u00e9ghat\u00e9kony:<\/strong> Az \u00e1ll\u00edthat\u00f3 kengyeles hengerek nemcsak nagyobb rugalmass\u00e1got \u00e9s sokoldal\u00fas\u00e1got k\u00edn\u00e1lnak, hanem k\u00f6lts\u00e9ghat\u00e9kony megold\u00e1st is jelenthetnek. Azzal, hogy kik\u00fcsz\u00f6b\u00f6lik a k\u00fcl\u00f6nb\u00f6z\u0151 alkalmaz\u00e1sokhoz t\u00f6bb henger v\u00e1s\u00e1rl\u00e1s\u00e1nak sz\u00fcks\u00e9gess\u00e9g\u00e9t, a v\u00e1llalkoz\u00e1sok hossz\u00fa t\u00e1von p\u00e9nzt takar\u00edthatnak meg. Ezenk\u00edv\u00fcl a Min\u0151s\u00e9gbiztos\u00edt\u00e1ssal ell\u00e1tott Kis 10 Tonn\u00e1s Hidraulikus Henger Elad\u00f3 nagyszer\u0171 \u00e1r-\u00e9rt\u00e9k ar\u00e1nyt k\u00e9pvisel azok sz\u00e1m\u00e1ra, akiknek megb\u00edzhat\u00f3 hengerre van sz\u00fcks\u00e9g\u00fck korl\u00e1tozott k\u00f6lts\u00e9gvet\u00e9ssel.<\/li>\n<\/ul>\n<p>\u00d6sszefoglalva, az \u00e1ll\u00edthat\u00f3 kengyeles hengerek sz\u00e1mos el\u0151nnyel rendelkeznek a hagyom\u00e1nyos hengerekkel szemben. A fokozott rugalmass\u00e1gt\u00f3l \u00e9s sokoldal\u00fas\u00e1gt\u00f3l a jobb biztons\u00e1gig \u00e9s stabilit\u00e1sig ezek a hengerek \u00e9rt\u00e9kes kieg\u00e9sz\u00edt\u0151i b\u00e1rmely munkahelynek. Egy min\u0151s\u00e9gbiztos\u00edt\u00e1ssal ell\u00e1tott kis, 10 tonn\u00e1s hidraulikus henger kiv\u00e1laszt\u00e1s\u00e1val a v\u00e1llalkoz\u00e1sok \u00e9lvezhetik az \u00e1ll\u00edthat\u00f3 kengyeles hengerek el\u0151nyeit an\u00e9lk\u00fcl, hogy bankot robbantan\u00e1nak.<img decoding=\"async\" src=\"https:\/\/fmp-components.com\/wp-content\/uploads\/2024\/12\/Adjustable-Clevis-Type-Cylinders5.webp\" alt=\"\u00c1ll\u00edthat\u00f3 kengyeles henger\" width=\"800\" title=\"\"><\/p>\n<h2>\u00c1ll\u00edthat\u00f3 kengyeles hengerek alkalmaz\u00e1sa<\/h2>\n<p>Az \u00e1ll\u00edthat\u00f3 kengyeles hengereket sz\u00e9les k\u00f6rben haszn\u00e1lj\u00e1k k\u00fcl\u00f6nf\u00e9le ipari alkalmaz\u00e1sokban sokoldal\u00fas\u00e1guk \u00e9s k\u00f6nny\u0171 telep\u00edt\u00e9s\u00fck miatt. Ezeket a hengereket \u00fagy tervezt\u00e9k, hogy maxim\u00e1lis er\u0151t \u00e9s pontoss\u00e1got biztos\u00edtsanak egy kompakt \u00e9s tart\u00f3s csomagol\u00e1sban. Ebben a cikkben az \u00e1ll\u00edthat\u00f3 kengyeles hengerek k\u00fcl\u00f6nb\u00f6z\u0151 alkalmaz\u00e1sait \u00e9s el\u0151nyeit vizsg\u00e1ljuk meg.<\/p>\n<h3>1. Min\u0151s\u00e9gbiztos\u00edt\u00e1s<\/h3>\n<p>Az \u00e1ll\u00edthat\u00f3 kengyeles hengereket gyakran haszn\u00e1lj\u00e1k min\u0151s\u00e9gbiztos\u00edt\u00e1si alkalmaz\u00e1sokban. Ezek a hengerek pontos \u00e9s \u00e1lland\u00f3 er\u0151t biztos\u00edtanak, ami elengedhetetlen a gy\u00e1rt\u00e1si folyamatban. Ezenk\u00edv\u00fcl ezek a hengerek k\u00f6nnyen be\u00e1ll\u00edthat\u00f3k a k\u00fcl\u00f6nb\u00f6z\u0151 term\u00e9km\u00e9retekhez \u00e9s anyagokhoz, \u00edgy n\u00e9pszer\u0171 v\u00e1laszt\u00e1snak sz\u00e1m\u00edtanak a min\u0151s\u00e9gbiztos\u00edt\u00e1si alkalmaz\u00e1sokban.<\/p>\n<h3>2. Kis 10 tonn\u00e1s hidraulikus henger elad\u00f3<\/h3>\n<p>Az \u00e1ll\u00edthat\u00f3 kengyeles hengerek egy m\u00e1sik gyakori alkalmaz\u00e1sa a kis, 10 tonn\u00e1s hidraulikus hengerek \u00e9rt\u00e9kes\u00edt\u00e9se. Ezeket a hengereket sz\u00e1mos alkalmaz\u00e1sban haszn\u00e1lj\u00e1k, bele\u00e9rtve az aut\u00f3jav\u00edt\u00e1st, az \u00e9p\u00edt\u0151iparban \u00e9s a gy\u00e1rt\u00e1sban. Az \u00e1ll\u00edthat\u00f3 kengyeles hengerek ide\u00e1lisak ezekhez az alkalmaz\u00e1sokhoz kompakt m\u00e9ret\u00fck, nagy er\u0151teljes\u00edtm\u00e9ny\u00fck \u00e9s egyszer\u0171 telep\u00edt\u00e9s\u00fck miatt.<\/p>\n<h3>3. Mez\u0151gazdas\u00e1gi g\u00e9pek<\/h3>\n<p>Az \u00e1ll\u00edthat\u00f3 kengyeles hengereket mez\u0151gazdas\u00e1gi g\u00e9pekben is haszn\u00e1lj\u00e1k. Ezek a hengerek biztos\u00edtj\u00e1k a neh\u00e9z terhek, p\u00e9ld\u00e1ul sz\u00e9nab\u00e1l\u00e1k \u00e9s mez\u0151gazdas\u00e1gi berendez\u00e9sek emel\u00e9s\u00e9hez sz\u00fcks\u00e9ges er\u0151t. Ezenk\u00edv\u00fcl az \u00e1ll\u00edthat\u00f3 kengyeles hengerek k\u00f6nnyen be\u00e1ll\u00edthat\u00f3k a k\u00fcl\u00f6nb\u00f6z\u0151 terhekhez, \u00edgy n\u00e9pszer\u0171 v\u00e1laszt\u00e1ss\u00e1 v\u00e1ltak a mez\u0151gazdas\u00e1gi g\u00e9pek sz\u00e1m\u00e1ra.<\/p>\n<h3>4. \u00c9p\u00edt\u0151ipari berendez\u00e9sek<\/h3>\n<p>Az \u00e9p\u00edt\u0151ipari berendez\u00e9sek \u00e1ll\u00edthat\u00f3 kengyeles hengereket is haszn\u00e1lnak. Ezeket a hengereket gyakran haszn\u00e1lj\u00e1k neh\u00e9z terhek, p\u00e9ld\u00e1ul betonlapok \u00e9s ac\u00e9lgerend\u00e1k emel\u00e9s\u00e9re. Ezenk\u00edv\u00fcl az \u00e1ll\u00edthat\u00f3 kengyeles hengerek ide\u00e1lisak \u00e9p\u00edt\u0151ipari alkalmaz\u00e1sokhoz tart\u00f3ss\u00e1guk \u00e9s neh\u00e9z terhek kezel\u00e9s\u00e9nek k\u00e9pess\u00e9ge miatt.<\/p>\n<h3>5. Rep\u00fcl\u0151g\u00e9pipar<\/h3>\n<p>A rep\u00fcl\u0151g\u00e9piparban is haszn\u00e1lnak \u00e1ll\u00edthat\u00f3 kengyeles hengereket. Ezeket a hengereket k\u00fcl\u00f6nf\u00e9le alkalmaz\u00e1sokban haszn\u00e1lj\u00e1k, bele\u00e9rtve a rep\u00fcl\u0151g\u00e9pek fut\u00f3m\u0171veit, rakt\u00e9rajt\u00f3it \u00e9s sz\u00e1rnyfedeleit. Az \u00e1ll\u00edthat\u00f3 kengyeles hengerek ide\u00e1lisak ezekhez az alkalmaz\u00e1sokhoz, mivel k\u00e9pesek prec\u00edz \u00e9s \u00e1lland\u00f3 er\u0151t biztos\u00edtani m\u00e9g extr\u00e9m k\u00f6r\u00fclm\u00e9nyek k\u00f6z\u00f6tt is.<\/p>\n<p>\u00d6sszefoglalva, az \u00e1ll\u00edthat\u00f3 kengyeles hengerek sokoldal\u00fa \u00e9s n\u00e9lk\u00fcl\u00f6zhetetlen alkatr\u00e9szek sz\u00e1mos ipari alkalmaz\u00e1sban. A min\u0151s\u00e9gbiztos\u00edt\u00e1st\u00f3l az \u00e9p\u00edt\u0151ipari berendez\u00e9seken \u00e1t a rep\u00fcl\u0151g\u00e9piparig ezek a hengerek biztos\u00edtj\u00e1k a munka elv\u00e9gz\u00e9s\u00e9hez sz\u00fcks\u00e9ges er\u0151t \u00e9s pontoss\u00e1got. Ha megb\u00edzhat\u00f3 \u00e9s tart\u00f3s hengert keres az alkalmaz\u00e1s\u00e1hoz, vegye figyelembe az \u00e1ll\u00edthat\u00f3 kengyeles hengerek el\u0151nyeit.<img decoding=\"async\" src=\"https:\/\/fmp-components.com\/wp-content\/uploads\/2024\/12\/Application-of-Adjustable-Clevis-Type-Cylinders.webp\" alt=\"\u00c1ll\u00edthat\u00f3 kengyeles henger\" width=\"800\" title=\"\"><\/p>\n<h3>Az FMP-r\u0151l<\/h3>\n<p>Az FMP egy olyan v\u00e1llalat, amely hidraulikus hengerek gy\u00e1rt\u00e1s\u00e1ra \u00e9s \u00e9rt\u00e9kes\u00edt\u00e9s\u00e9re specializ\u00e1l\u00f3dott. Sok \u00e9ves ipar\u00e1gi tapasztalattal \u00e9s professzion\u00e1lis csapattal elk\u00f6telezettek vagyunk amellett, hogy kiv\u00e1l\u00f3 min\u0151s\u00e9g\u0171 \u00e9s megb\u00edzhat\u00f3 hidraulikus hengereket biztos\u00edtsunk \u00fcgyfeleink sz\u00e1m\u00e1ra.<\/p>\n<p>Hidraulikus hengereinket a legmagasabb ipari szabv\u00e1nyoknak megfelel\u0151en tervezz\u00fck \u00e9s gy\u00e1rtjuk. \u00cdme term\u00e9keink \u00e9s v\u00e1llalatunk \u00f6t f\u0151 el\u0151nye:<\/p>\n<p><strong>1. Sz\u00e9lesk\u00f6r\u0171 lehet\u0151s\u00e9gek:<\/strong> Sz\u00e9lesk\u00f6r\u0171 hidraulikus hengerv\u00e1laszt\u00e9kot k\u00edn\u00e1lunk, hogy kiel\u00e9g\u00edts\u00fck a k\u00fcl\u00f6nf\u00e9le ig\u00e9nyeket. Ak\u00e1r standard hengerekre, ak\u00e1r egyedi megold\u00e1sokra van sz\u00fcks\u00e9ge, szak\u00e9rtelm\u00fcnkkel biztos\u00edtjuk az \u00d6n alkalmaz\u00e1s\u00e1hoz t\u00f6k\u00e9letesen illeszked\u0151 megold\u00e1st.<\/p>\n<p><strong>2. Kiv\u00e9teles min\u0151s\u00e9g:<\/strong> Az FMP-n\u00e9l a gy\u00e1rt\u00e1si folyamat minden aspektus\u00e1ban a min\u0151s\u00e9get helyezz\u00fck el\u0151t\u00e9rbe. Hidraulikus hengereink pr\u00e9mium anyagokb\u00f3l k\u00e9sz\u00fclnek, \u00e9s szigor\u00fa tesztel\u00e9sen esnek \u00e1t a tart\u00f3ss\u00e1g \u00e9s a megb\u00edzhat\u00f3s\u00e1g biztos\u00edt\u00e1sa \u00e9rdek\u00e9ben.<\/p>\n<p><strong>3. Fejlett technol\u00f3gia:<\/strong> A leg\u00fajabb technol\u00f3giai fejleszt\u00e9seket alkalmazzuk gy\u00e1rt\u00e1si folyamatainkban. Ez lehet\u0151v\u00e9 teszi sz\u00e1munkra, hogy olyan hidraulikus hengereket sz\u00e1ll\u00edtsunk, amelyek az innov\u00e1ci\u00f3 \u00e9lvonal\u00e1t k\u00e9pviselik, fokozott teljes\u00edtm\u00e9nnyel \u00e9s hat\u00e9konys\u00e1ggal.<\/p>\n<p><strong>4. Szak\u00e9rt\u0151i konzult\u00e1ci\u00f3:<\/strong> Tapasztalt \u00e9rt\u00e9kes\u00edt\u00e9si csapatunk j\u00e1rtas az \u00e9p\u00edt\u0151ipari g\u00e9pek ipar\u00e1g\u00e1ban. Professzion\u00e1lis term\u00e9ktan\u00e1csad\u00e1st tudnak ny\u00fajtani, seg\u00edtve \u00d6nt a megfelel\u0151 hidraulikus henger kiv\u00e1laszt\u00e1s\u00e1ban az \u00d6n egyedi ig\u00e9nyei szerint.<\/p>\n<p><strong>5. Hat\u00e9kony logisztika:<\/strong> Meg\u00e9rtj\u00fck az id\u0151ben t\u00f6rt\u00e9n\u0151 sz\u00e1ll\u00edt\u00e1s fontoss\u00e1g\u00e1t. Hat\u00e9kony logisztikai eloszt\u00e1si rendszer\u00fcnk biztos\u00edtja, hogy a sz\u00fcks\u00e9ges hidraulikus hengereket id\u0151ben \u00e9s pontosan megkapja, minimaliz\u00e1lva az \u00e1ll\u00e1sid\u0151t \u00e9s maximaliz\u00e1lva a termel\u00e9kenys\u00e9get.<\/p>\n<p><img decoding=\"async\" src=\"https:\/\/fmp-components.com\/wp-content\/uploads\/2024\/12\/Adjustable-Clevis-Type-Cylinders-6.webp\" alt=\"\u00c1ll\u00edthat\u00f3 kengyeles henger\" width=\"805\" title=\"\"><\/p>\n<h2>Gyakran ism\u00e9telt k\u00e9rd\u00e9sek<\/h2>\n<p>K: Mekkora a hidraulikus henger s\u00falya?<br \/>\nA: A henger s\u00falya 30 kg.<\/p>\n<p>K: Mekkora a henger maxim\u00e1lis tol\u00f3ereje?<br \/>\nA: A henger maxim\u00e1lis tol\u00f3ereje 3000.<\/p>\n<p>K: Van garancia a hidraulikus hengerre?<br \/>\nV: Igen, a hidraulikus henger\u00fcnkre egy \u00e9v garanci\u00e1t v\u00e1llalunk.<\/p>\n<p><img decoding=\"async\" src=\"https:\/\/img.jiansujichilun.com\/img\/hydrauliccylinders\/C_hydrauliccylinders-5.webp\" alt=\"hidraulikus henger\" width=\"800\" title=\"\"><\/p>\n<p>Szerz\u0151: CX<\/p>","protected":false},"excerpt":{"rendered":"<p>Introducing Quality Assurance Small 10 Ton Hydraulic Cylinder For Sale If you&#8217;re in need of a reliable hydraulic cylinder for your industrial or commercial applications, the Quality Assurance Small 10 Ton Hydraulic Cylinder is a top choice. This high-quality product is designed to provide superior performance and durability, ensuring that your operations run smoothly and [&hellip;]<\/p>","protected":false},"featured_media":1340,"comment_status":"closed","ping_status":"closed","template":"","meta":{"_et_pb_use_builder":"","_et_pb_old_content":"","_et_gb_content_width":""},"product_brand":[],"product_cat":[39],"product_tag":[41,34],"class_list":{"0":"post-1343","1":"product","2":"type-product","3":"status-publish","4":"has-post-thumbnail","6":"product_cat-adjustable-clevis-type-cylinders","7":"product_tag-adjustable-clevis-type-cylinders","8":"product_tag-hydraulic-cylinder","10":"first","11":"instock","12":"product-type-simple"},"_links":{"self":[{"href":"https:\/\/fmp-components.com\/hu\/wp-json\/wp\/v2\/product\/1343","targetHints":{"allow":["GET"]}}],"collection":[{"href":"https:\/\/fmp-components.com\/hu\/wp-json\/wp\/v2\/product"}],"about":[{"href":"https:\/\/fmp-components.com\/hu\/wp-json\/wp\/v2\/types\/product"}],"replies":[{"embeddable":true,"href":"https:\/\/fmp-components.com\/hu\/wp-json\/wp\/v2\/comments?post=1343"}],"wp:featuredmedia":[{"embeddable":true,"href":"https:\/\/fmp-components.com\/hu\/wp-json\/wp\/v2\/media\/1340"}],"wp:attachment":[{"href":"https:\/\/fmp-components.com\/hu\/wp-json\/wp\/v2\/media?parent=1343"}],"wp:term":[{"taxonomy":"product_brand","embeddable":true,"href":"https:\/\/fmp-components.com\/hu\/wp-json\/wp\/v2\/product_brand?post=1343"},{"taxonomy":"product_cat","embeddable":true,"href":"https:\/\/fmp-components.com\/hu\/wp-json\/wp\/v2\/product_cat?post=1343"},{"taxonomy":"product_tag","embeddable":true,"href":"https:\/\/fmp-components.com\/hu\/wp-json\/wp\/v2\/product_tag?post=1343"}],"curies":[{"name":"munkaf\u00fczet","href":"https:\/\/api.w.org\/{rel}","templated":true}]}}