{"id":1339,"date":"2024-12-23T02:18:07","date_gmt":"2024-12-23T02:18:07","guid":{"rendered":"https:\/\/fmp-components.com\/product\/quality-assurance-10-ton-hydraulic-cylinder-welded-hydraulic-cylinder-for-sale\/"},"modified":"2024-12-23T03:50:08","modified_gmt":"2024-12-23T03:50:08","slug":"quality-assurance-10-ton-hydraulic-cylinder-welded-hydraulic-cylinder-for-sale","status":"publish","type":"product","link":"https:\/\/fmp-components.com\/hu\/product\/quality-assurance-10-ton-hydraulic-cylinder-welded-hydraulic-cylinder-for-sale\/","title":{"rendered":"Min\u0151s\u00e9gbiztos\u00edt\u00e1s 10 tonn\u00e1s hidraulikus henger hegesztett hidraulikus henger elad\u00f3"},"content":{"rendered":"<h2>Bemutatjuk az elad\u00f3 10 tonn\u00e1s hegesztett hidraulikus hengert:<\/h2>\n<p>A 10 tonn\u00e1s hegesztett hidraulikus henger egy kiv\u00e1l\u00f3 min\u0151s\u00e9g\u0171 term\u00e9k, amelyet k\u00fcl\u00f6nf\u00e9le ipari alkalmaz\u00e1sokhoz terveztek. Ez a hidraulikus henger kiv\u00e9teles teljes\u00edtm\u00e9nyt \u00e9s tart\u00f3ss\u00e1got k\u00edn\u00e1l, \u00edgy megb\u00edzhat\u00f3 v\u00e1laszt\u00e1s neh\u00e9z feladatokhoz.<\/p>\n<p>F\u0151bb jellemz\u0151k:<br \/>\n1. Kiv\u00e1l\u00f3 min\u0151s\u00e9g\u0171 konstrukci\u00f3: A hidraulikus henger prec\u00edzi\u00f3s gy\u00e1rt\u00e1s\u00fa, kiv\u00e1l\u00f3 min\u0151s\u00e9g\u0171 anyagokb\u00f3l, a hossz\u00fa \u00e9lettartam \u00e9s a kop\u00e1s\u00e1ll\u00f3s\u00e1g biztos\u00edt\u00e1sa \u00e9rdek\u00e9ben.<br \/>\n2. Robusztus \u00e9s megb\u00edzhat\u00f3: Maxim\u00e1lis teherb\u00edr\u00e1sa 10 tonna, \u00edgy ez a hidraulikus henger k\u00f6nnyed\u00e9n kezeli a neh\u00e9z terheket, hat\u00e9kony \u00e9s megb\u00edzhat\u00f3 teljes\u00edtm\u00e9nyt ny\u00fajtva.<br \/>\n3. Hegesztett kialak\u00edt\u00e1s: A hegesztett kialak\u00edt\u00e1s n\u00f6veli a henger szerkezeti integrit\u00e1s\u00e1t, biztos\u00edtva, hogy ellen\u00e1lljon a nagy nyom\u00e1snak \u00e9s a neh\u00e9z \u00fczemi k\u00f6r\u00fclm\u00e9nyeknek.<br \/>\n4. Sima m\u0171k\u00f6d\u00e9s: Fejlett hidraulikus technol\u00f3gi\u00e1val felszerelve, ez a henger sima \u00e9s prec\u00edz m\u0171k\u00f6d\u00e9st biztos\u00edt, lehet\u0151v\u00e9 t\u00e9ve a prec\u00edz vez\u00e9rl\u00e9st \u00e9s a man\u0151verezhet\u0151s\u00e9get.<br \/>\n5. Sokoldal\u00fa alkalmaz\u00e1sok: A 10 tonn\u00e1s hidraulikus hengerrel hegesztett hidraulikus henger sz\u00e9les k\u00f6r\u0171 alkalmaz\u00e1sokhoz alkalmas, bele\u00e9rtve az emel\u0151berendez\u00e9seket, \u00e9p\u00edt\u0151ipari g\u00e9peket \u00e9s ipari automatiz\u00e1l\u00e1si rendszereket.<\/p>\n<p><img loading=\"lazy\" decoding=\"async\" class=\"alignnone size-full wp-image-1334\" src=\"https:\/\/fmp-components.com\/wp-content\/uploads\/2024\/12\/Adjustable-Clevis-Type-Cylinders-4.webp\" alt=\"\u00c1ll\u00edthat\u00f3 vill\u00e1s hengerek\" width=\"800\" height=\"800\" title=\"\" srcset=\"https:\/\/fmp-components.com\/wp-content\/uploads\/2024\/12\/Adjustable-Clevis-Type-Cylinders-4.webp 800w, https:\/\/fmp-components.com\/wp-content\/uploads\/2024\/12\/Adjustable-Clevis-Type-Cylinders-4-480x480.webp 480w\" sizes=\"(min-width: 0px) and (max-width: 480px) 480px, (min-width: 481px) 800px, 100vw\" \/><\/p>\n<p>Mi\u00e9rt v\u00e1lassza a 10 tonn\u00e1s hidraulikus henger hegesztett hidraulikus hengert?<br \/>\n1. Kiv\u00e1l\u00f3 min\u0151s\u00e9g: Ez a hidraulikus henger a legmagasabb ipar\u00e1gi szabv\u00e1nyok szerint k\u00e9sz\u00fcl, biztos\u00edtva a kiv\u00e9teles min\u0151s\u00e9get \u00e9s megb\u00edzhat\u00f3s\u00e1got.<br \/>\n2. Fokozott hat\u00e9konys\u00e1g: A henger fejlett kialak\u00edt\u00e1sa \u00e9s technol\u00f3gi\u00e1ja optimaliz\u00e1lja a teljes\u00edtm\u00e9nyt \u00e9s a hat\u00e9konys\u00e1got, minimaliz\u00e1lja az \u00e1ll\u00e1sid\u0151t \u00e9s maximaliz\u00e1lja a termel\u00e9kenys\u00e9get.<br \/>\n3. K\u00f6lts\u00e9ghat\u00e9kony megold\u00e1s: Hossz\u00fa \u00e9lettartam\u00e1nak \u00e9s alacsony karbantart\u00e1si ig\u00e9nyeinek k\u00f6sz\u00f6nhet\u0151en ez a hidraulikus henger k\u00f6lts\u00e9ghat\u00e9kony megold\u00e1st k\u00edn\u00e1l sz\u00e1mos ipar\u00e1g sz\u00e1m\u00e1ra.<br \/>\n4. Megb\u00edzhat\u00f3 m\u00e1rka: A 10 tonn\u00e1s hidraulikus hengerrel hegesztett hidraulikus hengert egy j\u00f3 h\u00edr\u0171 gy\u00e1rt\u00f3 gy\u00e1rtja, amely kiv\u00e1l\u00f3 min\u0151s\u00e9g\u0171 hidraulikus berendez\u00e9sek gy\u00e1rt\u00e1s\u00e1r\u00f3l ismert.<\/p>\n<p>\u00d6sszefoglalva, a 10 tonn\u00e1s hidraulikus hengerrel ell\u00e1tott hegesztett hidraulikus henger egy els\u0151 oszt\u00e1ly\u00fa term\u00e9k, amely megb\u00edzhat\u00f3 teljes\u00edtm\u00e9nyt, tart\u00f3ss\u00e1got \u00e9s sokoldal\u00fas\u00e1got k\u00edn\u00e1l. Ak\u00e1r neh\u00e9z emel\u00e9shez, \u00e9p\u00edt\u0151iparhoz vagy ipari automatiz\u00e1l\u00e1shoz van sz\u00fcks\u00e9ge r\u00e1, ez a hidraulikus henger kiv\u00e1l\u00f3 v\u00e1laszt\u00e1s.<\/p>\n<p>Fedezze fel \u00faj, 10 tonn\u00e1s hidraulikus henger\u00fcnket, amely a legmagasabb min\u0151s\u00e9gbiztos\u00edt\u00e1si szabv\u00e1nyokat k\u00edn\u00e1lja. Ez a hegesztett hidraulikus henger ide\u00e1lis sz\u00e1mos ipar\u00e1gban, bele\u00e9rtve a g\u00e9pjav\u00edt\u00f3 m\u0171helyeket, a mez\u0151gazdas\u00e1got, az energia- \u00e9s b\u00e1ny\u00e1szatot, valamint a g\u00e9pgy\u00e1rt\u00e1st. A 30 kg-os term\u00e9khez vide\u00f3s kimen\u0151 ellen\u0151rz\u00e9s \u00e9s g\u00e9pteszt-jelent\u00e9s tartozik. 2023-as \u00faj term\u00e9kcsal\u00e1dunk r\u00e9sze, amely a legmodernebb technol\u00f3gi\u00e1t \u00e9s kialak\u00edt\u00e1st garant\u00e1lja. A f\u0151 alkatr\u00e9szek k\u00f6z\u00e9 tartozik a csap\u00e1gy \u00e9s a hidraulikus henger, 1 \u00e9v garanci\u00e1val. Ez a szabv\u00e1nyos dugatty\u00fas henger hidraulikus er\u0151vel m\u0171k\u00f6dik, ac\u00e9lb\u00f3l k\u00e9sz\u00fclt, \u00e9s maxim\u00e1lisan 3000 tol\u00f3er\u0151re k\u00e9pes. \u00c1ll\u00edthat\u00f3 kengyeles henger G\/SAE\/NPT\/M csatlakoz\u00f3kkal \u00e9s maxim\u00e1lisan 20 tonna h\u00faz\u00f3er\u0151vel. A henger ISO9001:2000 tan\u00fas\u00edtv\u00e1nnyal rendelkezik, \u00e9s eleg\u00e1ns fekete sz\u00ednben kaphat\u00f3. Furat\u00e1tm\u00e9r\u0151je 2-6 h\u00fcvelyk, r\u00fad\u00e1tm\u00e9r\u0151je 1,125-4 h\u00fcvelyk, l\u00f6kethossza 4-100 h\u00fcvelyk, csap\u00e1tm\u00e9r\u0151je pedig 0,5-2 h\u00fcvelyk.<\/p>\n<h2>Az \u00e1ll\u00edthat\u00f3 kengyeles hengerek el\u0151nyei<\/h2>\n<p>Az \u00e1ll\u00edthat\u00f3 kengyeles hengerek, mint p\u00e9ld\u00e1ul a Quality Assurance 10 tonn\u00e1s hidraulikus henger, n\u00e9pszer\u0171 v\u00e1laszt\u00e1snak sz\u00e1m\u00edtanak sz\u00e1mos ipar\u00e1gban egyedi tulajdons\u00e1gaik \u00e9s el\u0151nyeik miatt. Ebben a cikkben megvizsg\u00e1ljuk ezen hengerek haszn\u00e1lat\u00e1nak el\u0151nyeit, \u00e9s azt, hogy mi\u00e9rt r\u00e9szes\u00edtik el\u0151nyben \u0151ket m\u00e1s lehet\u0151s\u00e9gekkel szemben.<\/p>\n<h3>1. Fokozott rugalmass\u00e1g \u00e9s alkalmazkod\u00f3k\u00e9pess\u00e9g<\/h3>\n<p>Az \u00e1ll\u00edthat\u00f3 kengyeles hengerek egyik legfontosabb el\u0151nye, hogy k\u00e9pesek alkalmazkodni a k\u00fcl\u00f6nb\u00f6z\u0151 alkalmaz\u00e1sokhoz \u00e9s k\u00f6vetelm\u00e9nyekhez. Ezek a hengerek sz\u00e9les sk\u00e1l\u00e1j\u00fa \u00e1ll\u00edthat\u00f3 l\u00f6keteket k\u00edn\u00e1lnak, lehet\u0151v\u00e9 t\u00e9ve a henger teljes\u00edtm\u00e9ny\u00e9nek prec\u00edz pozicion\u00e1l\u00e1s\u00e1t \u00e9s finomhangol\u00e1s\u00e1t. Ez a rugalmass\u00e1g alkalmass\u00e1 teszi \u0151ket k\u00fcl\u00f6nf\u00e9le feladatokra, a neh\u00e9z emel\u00e9st\u0151l az ipari g\u00e9pek prec\u00edz pozicion\u00e1l\u00e1s\u00e1ig.<\/p>\n<h3>2. Fokozott tart\u00f3ss\u00e1g \u00e9s szil\u00e1rds\u00e1g<\/h3>\n<p>A hegesztett hidraulikus hengerek, mint p\u00e9ld\u00e1ul a Quality Assurance 10 Tonn\u00e1s hidraulikus henger, kiv\u00e9teles tart\u00f3ss\u00e1gukr\u00f3l \u00e9s szil\u00e1rds\u00e1gukr\u00f3l ismertek. Ezeket a hengereket nagy nyom\u00e1s \u00e9s nagy terhel\u00e9s elvisel\u00e9s\u00e9re tervezt\u00e9k, \u00edgy ide\u00e1lisak ig\u00e9nyes alkalmaz\u00e1sokhoz. A konstrukci\u00f3jukban alkalmazott hegeszt\u00e9si elj\u00e1r\u00e1s biztos\u00edtja az er\u0151s \u00e9s sziv\u00e1rg\u00e1smentes kialak\u00edt\u00e1st, minimaliz\u00e1lja a meghib\u00e1sod\u00e1s kock\u00e1zat\u00e1t \u00e9s hossz\u00fa t\u00e1von megb\u00edzhat\u00f3 teljes\u00edtm\u00e9nyt biztos\u00edt.<\/p>\n<h3>3. Optim\u00e1lis terhel\u00e9seloszt\u00e1s<\/h3>\n<p>Az \u00e1ll\u00edthat\u00f3 kengyeles hengerek optim\u00e1lis terhel\u00e9seloszt\u00e1st biztos\u00edtanak, biztos\u00edtva az egyenletes s\u00falyeloszl\u00e1st a hengeren \u00e9s annak r\u00f6gz\u00edt\u00e9si pontjain. Ez a tulajdons\u00e1g k\u00fcl\u00f6n\u00f6sen fontos azokban az alkalmaz\u00e1sokban, ahol az egyenetlen terhel\u00e9seloszt\u00e1s a berendez\u00e9s id\u0151 el\u0151tti kop\u00e1s\u00e1hoz vezethet. A terhel\u00e9s egyenletes eloszt\u00e1s\u00e1val ezek a hengerek hozz\u00e1j\u00e1rulnak a g\u00e9p \u00e1ltal\u00e1nos hat\u00e9konys\u00e1g\u00e1nak \u00e9s \u00e9lettartam\u00e1nak jav\u00edt\u00e1s\u00e1hoz.<\/p>\n<h3>4. Sokoldal\u00fa r\u00f6gz\u00edt\u00e9si lehet\u0151s\u00e9gek<\/h3>\n<p>Az \u00e1ll\u00edthat\u00f3 kengyeles hengerek tov\u00e1bbi el\u0151nye a sokoldal\u00fa r\u00f6gz\u00edt\u00e9si lehet\u0151s\u00e9gek. Az \u00e1ll\u00edthat\u00f3 kengyeles kialak\u00edt\u00e1snak k\u00f6sz\u00f6nhet\u0151en ezek a hengerek k\u00f6nnyen felszerelhet\u0151k k\u00fcl\u00f6nb\u00f6z\u0151 ir\u00e1nyokban \u00e9s poz\u00edci\u00f3kban. Ez a rugalmass\u00e1g lehet\u0151v\u00e9 teszi a z\u00f6kken\u0151mentes integr\u00e1ci\u00f3t k\u00fcl\u00f6nb\u00f6z\u0151 rendszerekbe \u00e9s g\u00e9pekbe, \u00edgy sz\u00e1mos ipar\u00e1g sz\u00e1m\u00e1ra el\u0151ny\u00f6s v\u00e1laszt\u00e1ss\u00e1 v\u00e1lnak.<\/p>\n<h3>5. Prec\u00edz vez\u00e9rl\u00e9s \u00e9s pozicion\u00e1l\u00e1s<\/h3>\n<p>Az \u00e1ll\u00edthat\u00f3 l\u00f6kethossz\u00fas\u00e1g\u00fa, \u00e1ll\u00edthat\u00f3 kengyeles hengerek prec\u00edz vez\u00e9rl\u00e9st \u00e9s pozicion\u00e1l\u00e1st tesznek lehet\u0151v\u00e9. Ez a pontoss\u00e1gi szint kulcsfontoss\u00e1g\u00fa azokban az alkalmaz\u00e1sokban, ahol prec\u00edz mozg\u00e1sra \u00e9s pozicion\u00e1l\u00e1sra van sz\u00fcks\u00e9g. A l\u00f6kethossz finomhangol\u00e1s\u00e1nak k\u00e9pess\u00e9ge lehet\u0151v\u00e9 teszi a kezel\u0151k sz\u00e1m\u00e1ra a k\u00edv\u00e1nt vez\u00e9rl\u00e9si szint el\u00e9r\u00e9s\u00e9t, n\u00f6velve a berendez\u00e9s \u00e1ltal\u00e1nos hat\u00e9konys\u00e1g\u00e1t \u00e9s teljes\u00edtm\u00e9ny\u00e9t.<\/p>\n<h3>6. K\u00f6lts\u00e9ghat\u00e9kony megold\u00e1s<\/h3>\n<p>Fejlett tulajdons\u00e1gaik \u00e9s el\u0151nyeik ellen\u00e9re az \u00e1ll\u00edthat\u00f3 kengyeles hengerek k\u00f6lts\u00e9ghat\u00e9kony megold\u00e1st k\u00edn\u00e1lnak sz\u00e1mos ipar\u00e1g sz\u00e1m\u00e1ra. Ezeket a hengereket \u00fagy tervezt\u00e9k, hogy rendk\u00edv\u00fcl hat\u00e9konyak \u00e9s tart\u00f3sak legyenek, minimaliz\u00e1lva a gyakori jav\u00edt\u00e1sok vagy cser\u00e9k sz\u00fcks\u00e9gess\u00e9g\u00e9t. Sokoldal\u00fas\u00e1guk \u00e9s alkalmazkod\u00f3k\u00e9pess\u00e9g\u00fck a k\u00f6lts\u00e9gmegtakar\u00edt\u00e1shoz is hozz\u00e1j\u00e1rul, mivel cs\u00f6kkenti a k\u00fcl\u00f6nb\u00f6z\u0151 alkalmaz\u00e1sokhoz sz\u00fcks\u00e9ges t\u00f6bbf\u00e9le hengert\u00edpus sz\u00fcks\u00e9gess\u00e9g\u00e9t.<\/p>\n<h3>K\u00f6vetkeztet\u00e9s<\/h3>\n<p>\u00d6sszefoglalva, az \u00e1ll\u00edthat\u00f3 kengyeles hengerek, mint p\u00e9ld\u00e1ul a Quality Assurance 10 tonn\u00e1s hidraulikus henger, sz\u00e1mos el\u0151nnyel rendelkeznek, amelyek n\u00e9pszer\u0171v\u00e9 teszik \u0151ket a k\u00fcl\u00f6nb\u00f6z\u0151 ipar\u00e1gakban. A fokozott rugalmass\u00e1gt\u00f3l \u00e9s alkalmazkod\u00f3k\u00e9pess\u00e9gt\u0151l a jobb tart\u00f3ss\u00e1gig \u00e9s szil\u00e1rds\u00e1gig ezek a hengerek optim\u00e1lis terhel\u00e9seloszt\u00e1st, sokoldal\u00fa r\u00f6gz\u00edt\u00e9si lehet\u0151s\u00e9geket, prec\u00edz vez\u00e9rl\u00e9st \u00e9s pozicion\u00e1l\u00e1st biztos\u00edtanak, mindezt k\u00f6lts\u00e9ghat\u00e9kony \u00e1ron. Fontolja meg az \u00e1ll\u00edthat\u00f3 kengyeles hengerek be\u00e9p\u00edt\u00e9s\u00e9t a g\u00e9peibe a teljes\u00edtm\u00e9ny \u00e9s a hat\u00e9konys\u00e1g maximaliz\u00e1l\u00e1sa \u00e9rdek\u00e9ben.<\/p>\n<p><img decoding=\"async\" src=\"https:\/\/fmp-components.com\/wp-content\/uploads\/2024\/12\/Adjustable-Clevis-Type-Cylinders5.webp\" alt=\"\u00c1ll\u00edthat\u00f3 kengyeles henger\" width=\"800\" title=\"\"><\/p>\n<h2>\u00c1ll\u00edthat\u00f3 kengyeles hengerek alkalmaz\u00e1sa<\/h2>\n<p>Az \u00e1ll\u00edthat\u00f3 kengyeles hengerek olyan hidraulikus hengerek, amelyeket megb\u00edzhat\u00f3 \u00e9s nagy teljes\u00edtm\u00e9ny\u0171 eredm\u00e9nyek el\u00e9r\u00e9s\u00e9re terveztek. Ezeket a hengereket sz\u00e9les k\u00f6rben haszn\u00e1lj\u00e1k sz\u00e1mos ipar\u00e1gban, bele\u00e9rtve a mez\u0151gazdas\u00e1got, az \u00e9p\u00edt\u0151ipart \u00e9s a gy\u00e1rt\u00e1st. Ebben a blogbejegyz\u00e9sben az \u00e1ll\u00edthat\u00f3 kengyeles hengerek k\u00fcl\u00f6nb\u00f6z\u0151 alkalmaz\u00e1sait \u00e9s azt t\u00e1rgyaljuk, hogy hogyan jav\u00edtj\u00e1k a k\u00fcl\u00f6nb\u00f6z\u0151 g\u00e9pek teljes\u00edtm\u00e9ny\u00e9t.<\/p>\n<h3>1. Mez\u0151gazdas\u00e1gi alkalmaz\u00e1sok<\/h3>\n<p>Az \u00e1ll\u00edthat\u00f3 kengyeles hengereket gyakran haszn\u00e1lj\u00e1k mez\u0151gazdas\u00e1gi g\u00e9pekben, p\u00e9ld\u00e1ul traktorokban, kultiv\u00e1torokban, ek\u00e9kben \u00e9s betakar\u00edt\u00f3g\u00e9pekben. Neh\u00e9z berendez\u00e9sek emel\u00e9s\u00e9re, tol\u00e1s\u00e1ra \u00e9s h\u00faz\u00e1s\u00e1ra szolg\u00e1lnak, \u00e9s kih\u00edv\u00e1st jelent\u0151 k\u00f6rnyezetben is m\u0171k\u00f6dhetnek, ahol por, szennyez\u0151d\u00e9s \u00e9s nedvess\u00e9g van jelen. A hengereket \u00fagy tervezt\u00e9k, hogy ellen\u00e1lljanak a zord k\u00f6r\u00fclm\u00e9nyeknek, \u00e9s \u00e1ll\u00edthat\u00f3 kialak\u00edt\u00e1suk lehet\u0151v\u00e9 teszi a pontos pozicion\u00e1l\u00e1st, ami elengedhetetlen a pontos mez\u0151gazdas\u00e1gi m\u0171veletekhez. Min\u0151s\u00e9gbiztos\u00edt\u00e1s A 10 tonn\u00e1s hidraulikus henger hegesztett hidraulikus hengere k\u00e9t p\u00e9lda az \u00e1ll\u00edthat\u00f3 kengyeles hengerekre, amelyeket gyakran haszn\u00e1lnak mez\u0151gazdas\u00e1gi g\u00e9pekben.<\/p>\n<h3>2. \u00c9p\u00edt\u00e9si alkalmaz\u00e1sok<\/h3>\n<p>Az \u00e9p\u00edt\u0151iparban az \u00e1ll\u00edthat\u00f3 kengyeles hengereket sz\u00e9les k\u00f6rben alkalmazz\u00e1k, bele\u00e9rtve a kotr\u00f3g\u00e9peket, rakod\u00f3kat, buld\u00f3zereket \u00e9s darukat. Ezeket a hengereket neh\u00e9z terhek emel\u00e9s\u00e9re \u00e9s mozgat\u00e1s\u00e1ra, kem\u00e9ny fel\u00fcletek \u00e1tt\u00f6r\u00e9s\u00e9re \u00e9s \u00e1rkok \u00e1s\u00e1s\u00e1ra haszn\u00e1lj\u00e1k. Emellett olyan tartoz\u00e9kok m\u0171k\u00f6dtet\u00e9s\u00e9re is haszn\u00e1lj\u00e1k \u0151ket, mint a v\u00f6dr\u00f6k, kalap\u00e1csok \u00e9s f\u00far\u00f3k. Ezeknek a hengereknek az \u00e1ll\u00edthat\u00f3 kialak\u00edt\u00e1sa lehet\u0151v\u00e9 teszi a k\u00f6nny\u0171 telep\u00edt\u00e9st \u00e9s karbantart\u00e1st, ami elengedhetetlen az \u00e9p\u00edt\u0151iparban. Min\u0151s\u00e9gbiztos\u00edt\u00e1s A 10 tonn\u00e1s hidraulikus hengeres hegesztett hidraulikus henger k\u00e9t p\u00e9lda az \u00e9p\u00edt\u0151ipari g\u00e9pekben gyakran haszn\u00e1lt \u00e1ll\u00edthat\u00f3 kengyeles hengerekre.<\/p>\n<h3>3. Gy\u00e1rt\u00e1si alkalmaz\u00e1sok<\/h3>\n<p>Az \u00e1ll\u00edthat\u00f3 kengyeles hengereket gyakran haszn\u00e1lj\u00e1k gy\u00e1rt\u00f3g\u00e9pekben, p\u00e9ld\u00e1ul pr\u00e9sekben, sajtol\u00f3g\u00e9pekben \u00e9s fr\u00f6ccs\u00f6nt\u0151 g\u00e9pekben. Ezeket a g\u00e9pek k\u00fcl\u00f6nb\u00f6z\u0151 alkatr\u00e9szeire er\u0151 kifejt\u00e9s\u00e9re haszn\u00e1lj\u00e1k, hogy biztos\u00edts\u00e1k a gy\u00e1rt\u00e1si folyamat pontoss\u00e1g\u00e1t \u00e9s precizit\u00e1s\u00e1t. Ezeket a hengereket nagy nyom\u00e1son val\u00f3 m\u0171k\u00f6d\u00e9sre \u00e9s megism\u00e9telhet\u0151 teljes\u00edtm\u00e9ny biztos\u00edt\u00e1s\u00e1ra tervezt\u00e9k, ami elengedhetetlen a k\u00f6vetkezetes \u00e9s hat\u00e9kony gy\u00e1rt\u00e1si m\u0171veletekhez. Min\u0151s\u00e9gbiztos\u00edt\u00e1s A 10 tonn\u00e1s hidraulikus henger hegesztett hidraulikus hengere k\u00e9t p\u00e9lda az \u00e1ll\u00edthat\u00f3 kengyeles hengerekre, amelyeket gyakran haszn\u00e1lnak a gy\u00e1rt\u00f3g\u00e9pekben.<\/p>\n<p>\u00d6sszefoglalva, az \u00e1ll\u00edthat\u00f3 kengyeles hengerek n\u00e9lk\u00fcl\u00f6zhetetlen alkatr\u00e9szek sz\u00e1mos ipar\u00e1gban. \u00c1ll\u00edthat\u00f3 kialak\u00edt\u00e1suk lehet\u0151v\u00e9 teszi a prec\u00edz pozicion\u00e1l\u00e1st, az egyszer\u0171 telep\u00edt\u00e9st \u00e9s karbantart\u00e1st. \u00dagy tervezt\u00e9k \u0151ket, hogy ellen\u00e1lljanak a zord k\u00f6rnyezetnek, \u00e9s nagy nyom\u00e1son m\u0171k\u00f6djenek, megb\u00edzhat\u00f3 \u00e9s \u00e1lland\u00f3 teljes\u00edtm\u00e9nyt ny\u00fajtva. Min\u0151s\u00e9gbiztos\u00edt\u00e1s A 10 tonn\u00e1s hegesztett hidraulikus henger elad\u00f3 k\u00e9t p\u00e9lda az \u00e1ll\u00edthat\u00f3 kengyeles hengerekre, amelyeket gyakran haszn\u00e1lnak k\u00fcl\u00f6nb\u00f6z\u0151 ipar\u00e1gakban. Ezen hengerek haszn\u00e1lat\u00e1val a k\u00fcl\u00f6nb\u00f6z\u0151 g\u00e9pek teljes\u00edtm\u00e9nye \u00e9s hat\u00e9konys\u00e1ga jelent\u0151sen jav\u00edthat\u00f3.<img decoding=\"async\" src=\"https:\/\/fmp-components.com\/wp-content\/uploads\/2024\/12\/Application-of-Adjustable-Clevis-Type-Cylinders.webp\" alt=\"\u00c1ll\u00edthat\u00f3 kengyeles henger\" width=\"800\" title=\"\"><\/p>\n<h3>Az FMP hidraulikus hengerr\u0151l<\/h3>\n<p><img decoding=\"async\" src=\"https:\/\/fmp-components.com\/wp-content\/uploads\/2024\/12\/Adjustable-Clevis-Type-Cylinders-6.webp\" alt=\"\u00c1ll\u00edthat\u00f3 kengyeles henger\" width=\"802\" title=\"\"><\/p>\n<p>Az FMP-n\u00e9l kiv\u00e1l\u00f3 min\u0151s\u00e9g\u0171 hidraulikus hengerek gy\u00e1rt\u00e1s\u00e1ra \u00e9s \u00e9rt\u00e9kes\u00edt\u00e9s\u00e9re specializ\u00e1l\u00f3dtunk. Kiterjedt ipar\u00e1gi tapasztalatunkkal \u00e9s professzion\u00e1lis csapatunkkal elk\u00f6telezettek vagyunk az ir\u00e1nt, hogy \u00fcgyfeleinknek megb\u00edzhat\u00f3 \u00e9s hat\u00e9kony megold\u00e1sokat ny\u00fajtsunk \u00e9p\u00edt\u0151ipari g\u00e9peik ig\u00e9nyeire. \u00cdme term\u00e9keink \u00e9s v\u00e1llalatunk \u00f6t f\u0151 el\u0151nye:<\/p>\n<p>1. Sz\u00e9les hidraulikus hengerv\u00e1laszt\u00e9k: Sz\u00e9les hidraulikus hengerv\u00e1laszt\u00e9kot k\u00edn\u00e1lunk, hogy megfeleljenek a k\u00fcl\u00f6nf\u00e9le \u00e9p\u00edt\u0151ipari g\u00e9pek ig\u00e9nyeinek. A standard hengerekt\u0151l az egyedi megold\u00e1sokig, rendelkez\u00fcnk a szak\u00e9rtelemmel, hogy kiel\u00e9g\u00edts\u00fck az \u00d6n egyedi ig\u00e9nyeit.<\/p>\n<p>2. Kiv\u00e1l\u00f3 min\u0151s\u00e9g: Hidraulikus hengereinket kiv\u00e1l\u00f3 min\u0151s\u00e9g\u0171 anyagokb\u00f3l \u00e9s fejlett technol\u00f3gi\u00e1val gy\u00e1rtjuk, biztos\u00edtva a kiv\u00e9teles tart\u00f3ss\u00e1got \u00e9s teljes\u00edtm\u00e9nyt. Minden henger szigor\u00fa min\u0151s\u00e9gellen\u0151rz\u00e9sen esik \u00e1t, hogy megfeleljen a legmagasabb ipar\u00e1gi szabv\u00e1nyoknak.<\/p>\n<p>3. Szak\u00e9rt\u0151 \u00e9rt\u00e9kes\u00edt\u00e9si csapat: Tapasztalt \u00e9rt\u00e9kes\u00edt\u00e9si csapatunk j\u00e1rtas az \u00e9p\u00edt\u0151ipari g\u00e9pipar leg\u00fajabb trendjeiben \u00e9s \u00fcgyf\u00e9lig\u00e9nyeiben. Professzion\u00e1lis term\u00e9ktan\u00e1csad\u00e1st \u00e9s \u00e9rt\u00e9kes v\u00e1s\u00e1rl\u00e1si javaslatokat ny\u00fajtanak, hogy seg\u00edtsenek \u00d6nnek megalapozott d\u00f6nt\u00e9seket hozni.<\/p>\n<p>4. Hat\u00e9kony logisztikai eloszt\u00e1s: Meg\u00e9rtj\u00fck az id\u0151ben t\u00f6rt\u00e9n\u0151 sz\u00e1ll\u00edt\u00e1s fontoss\u00e1g\u00e1t. Hat\u00e9kony logisztikai eloszt\u00e1si rendszer\u00fcnk biztos\u00edtja, hogy a sz\u00fcks\u00e9ges hidraulikus hengereket gyorsan \u00e9s pontosan megkapja, minimaliz\u00e1lva az \u00e1ll\u00e1sid\u0151t \u00e9s maximaliz\u00e1lva a termel\u00e9kenys\u00e9get.<\/p>\n<p>5. Er\u0151s besz\u00e1ll\u00edt\u00f3i partners\u00e9gek: Hossz\u00fa t\u00e1v\u00fa \u00e9s stabil kapcsolatokat \u00e9p\u00edtett\u00fcnk ki kiv\u00e1l\u00f3 min\u0151s\u00e9g\u0171 besz\u00e1ll\u00edt\u00f3kkal vil\u00e1gszerte. Ez lehet\u0151v\u00e9 teszi sz\u00e1munkra, hogy olyan \u00e9p\u00edt\u0151ipari g\u00e9palkatr\u00e9szeket szerezz\u00fcnk be \u00e9s sz\u00e1ll\u00edtsunk, amelyek megfelelnek a szigor\u00fa min\u0151s\u00e9gi el\u0151\u00edr\u00e1soknak, biztos\u00edtva hidraulikus hengereink megb\u00edzhat\u00f3s\u00e1g\u00e1t \u00e9s hossz\u00fa \u00e9lettartam\u00e1t.<\/p>\n<p>V\u00e1lassza az FMP hidraulikus hengert kiv\u00e9teles min\u0151s\u00e9g, megb\u00edzhat\u00f3 teljes\u00edtm\u00e9ny \u00e9s kiv\u00e1l\u00f3 \u00fcgyf\u00e9lszolg\u00e1lat \u00e9rdek\u00e9ben. Legyen vel\u00fcnk partner m\u00e9g ma, \u00e9s tapasztalja meg a k\u00fcl\u00f6nbs\u00e9get \u00e9p\u00edt\u0151ipari g\u00e9peinek \u00fczemeltet\u00e9s\u00e9ben.<\/p>\n<h2>Gyakran ism\u00e9telt k\u00e9rd\u00e9sek<\/h2>\n<p><strong>K: Milyen ipar\u00e1gakban alkalmazhat\u00f3 a 10 tonn\u00e1s hidraulikus henger?<\/strong><br \/>\nV: A 10 tonn\u00e1s hidraulikus henger sokoldal\u00fa \u00e9s sz\u00e1mos ipar\u00e1g sz\u00e1m\u00e1ra alkalmas, bele\u00e9rtve a g\u00e9pjav\u00edt\u00f3 m\u0171helyeket, a mez\u0151gazdas\u00e1got, az energia- \u00e9s b\u00e1ny\u00e1szatot, valamint a g\u00e9pgy\u00e1rt\u00e1st.<\/p>\n<p><strong>K: Milyen testreszab\u00e1si lehet\u0151s\u00e9gek \u00e1llnak rendelkez\u00e9sre a 10 tonn\u00e1s hidraulikus hengerhez?<\/strong><br \/>\nV: Az FMP-n\u00e9l testreszab\u00e1si lehet\u0151s\u00e9geket k\u00edn\u00e1lunk a furatm\u00e9ret, a l\u00f6kethossz \u00e9s a teherb\u00edr\u00e1s tekintet\u00e9ben, \u00edgy hengereinket pontosan az \u00d6n specifik\u00e1ci\u00f3ihoz igaz\u00edtjuk.<\/p>\n<p><strong>K: Mennyi a j\u00f3t\u00e1ll\u00e1si id\u0151 a 10 tonn\u00e1s hidraulikus hengerre?<\/strong><\/p>\n<p>V: A 10 tonn\u00e1s hidraulikus hengerre 1 \u00e9v garancia vonatkozik, \u00edgy befektet\u00e9se v\u00e9dve van.<\/p>\n<p><img decoding=\"async\" src=\"https:\/\/img.jiansujichilun.com\/img\/hydrauliccylinders\/C_hydrauliccylinders-5.webp\" alt=\"hidraulikus henger\" width=\"800\" title=\"\"><\/p>\n<p>Szerz\u0151: CX<\/p>","protected":false},"excerpt":{"rendered":"<p>Introducing the 10 Ton Hydraulic Cylinder Welded Hydraulic Cylinder For Sale: The 10 Ton Hydraulic Cylinder Welded Hydraulic Cylinder is a high-quality product designed for various industrial applications. This hydraulic cylinder offers exceptional performance and durability, making it a reliable choice for heavy-duty tasks. Key Features: 1. High-Quality Construction: The hydraulic cylinder is constructed with [&hellip;]<\/p>","protected":false},"featured_media":1340,"comment_status":"closed","ping_status":"closed","template":"","meta":{"_et_pb_use_builder":"","_et_pb_old_content":"","_et_gb_content_width":""},"product_brand":[],"product_cat":[39],"product_tag":[41,34],"class_list":{"0":"post-1339","1":"product","2":"type-product","3":"status-publish","4":"has-post-thumbnail","6":"product_cat-adjustable-clevis-type-cylinders","7":"product_tag-adjustable-clevis-type-cylinders","8":"product_tag-hydraulic-cylinder","10":"first","11":"instock","12":"product-type-simple"},"_links":{"self":[{"href":"https:\/\/fmp-components.com\/hu\/wp-json\/wp\/v2\/product\/1339","targetHints":{"allow":["GET"]}}],"collection":[{"href":"https:\/\/fmp-components.com\/hu\/wp-json\/wp\/v2\/product"}],"about":[{"href":"https:\/\/fmp-components.com\/hu\/wp-json\/wp\/v2\/types\/product"}],"replies":[{"embeddable":true,"href":"https:\/\/fmp-components.com\/hu\/wp-json\/wp\/v2\/comments?post=1339"}],"wp:featuredmedia":[{"embeddable":true,"href":"https:\/\/fmp-components.com\/hu\/wp-json\/wp\/v2\/media\/1340"}],"wp:attachment":[{"href":"https:\/\/fmp-components.com\/hu\/wp-json\/wp\/v2\/media?parent=1339"}],"wp:term":[{"taxonomy":"product_brand","embeddable":true,"href":"https:\/\/fmp-components.com\/hu\/wp-json\/wp\/v2\/product_brand?post=1339"},{"taxonomy":"product_cat","embeddable":true,"href":"https:\/\/fmp-components.com\/hu\/wp-json\/wp\/v2\/product_cat?post=1339"},{"taxonomy":"product_tag","embeddable":true,"href":"https:\/\/fmp-components.com\/hu\/wp-json\/wp\/v2\/product_tag?post=1339"}],"curies":[{"name":"munkaf\u00fczet","href":"https:\/\/api.w.org\/{rel}","templated":true}]}}