{"id":1337,"date":"2024-12-23T02:18:07","date_gmt":"2024-12-23T02:18:07","guid":{"rendered":"https:\/\/fmp-components.com\/product\/professional-craftsmanship-hydraulic-piston-cylinder-customized-double-acting-hydraulic-cylinder\/"},"modified":"2024-12-23T03:50:01","modified_gmt":"2024-12-23T03:50:01","slug":"professional-craftsmanship-hydraulic-piston-cylinder-customized-double-acting-hydraulic-cylinder","status":"publish","type":"product","link":"https:\/\/fmp-components.com\/hu\/product\/professional-craftsmanship-hydraulic-piston-cylinder-customized-double-acting-hydraulic-cylinder\/","title":{"rendered":"Professzion\u00e1lis k\u00e9zm\u0171ves hidraulikus dugatty\u00fas henger, testreszabott kett\u0151s m\u0171k\u00f6d\u00e9s\u0171 hidraulikus henger"},"content":{"rendered":"<p>A Professional Craftsmanship hidraulikus dugatty\u00fas henger egy egyedi, kett\u0151s m\u0171k\u00f6d\u00e9s\u0171 hidraulikus henger, amelyet a legnagyobb precizit\u00e1ssal \u00e9s szak\u00e9rtelemmel terveztek. Ez a hidraulikus henger kiv\u00e9teles teljes\u00edtm\u00e9nyt \u00e9s tart\u00f3ss\u00e1got biztos\u00edt k\u00fcl\u00f6nf\u00e9le ipari alkalmaz\u00e1sokban.<\/p>\n<p>Fejlett kialak\u00edt\u00e1s\u00e1nak \u00e9s konstrukci\u00f3j\u00e1nak k\u00f6sz\u00f6nhet\u0151en ez a hidraulikus dugatty\u00fas henger sima \u00e9s hat\u00e9kony m\u0171k\u00f6d\u00e9st biztos\u00edt, lehet\u0151v\u00e9 t\u00e9ve a prec\u00edz vez\u00e9rl\u00e9st \u00e9s az optim\u00e1lis er\u0151\u00e1tvitelt. Nagy nyom\u00e1s \u00e9s nagy terhel\u00e9s elvisel\u00e9s\u00e9re tervezt\u00e9k, \u00edgy alkalmass\u00e1 teszi ig\u00e9nyes \u00e9s zord k\u00f6r\u00fclm\u00e9nyekre.<\/p>\n<p>A professzion\u00e1lis k\u00e9zm\u0171ves hidraulikus dugatty\u00fas henger apr\u00f3l\u00e9kosan, kiv\u00e1l\u00f3 min\u0151s\u00e9g\u0171 anyagokb\u00f3l \u00e9s alkatr\u00e9szekb\u0151l k\u00e9sz\u00fcl. A gy\u00e1rt\u00e1si folyamat minden egyes r\u00e9szlet\u00e9t gondosan ellen\u0151rzik a kiv\u00e9teles min\u0151s\u00e9g \u00e9s megb\u00edzhat\u00f3s\u00e1g garant\u00e1l\u00e1sa \u00e9rdek\u00e9ben. A henger tart\u00f3s \u00e9s hossz\u00fa t\u00e1v\u00fa teljes\u00edtm\u00e9nyt ny\u00fajt, cs\u00f6kkentve az \u00e1ll\u00e1sid\u0151t \u00e9s a karbantart\u00e1si k\u00f6lts\u00e9geket.<\/p>\n<p><img loading=\"lazy\" decoding=\"async\" class=\"alignnone size-full wp-image-1334\" src=\"https:\/\/fmp-components.com\/wp-content\/uploads\/2024\/12\/Adjustable-Clevis-Type-Cylinders-4.webp\" alt=\"\u00c1ll\u00edthat\u00f3 vill\u00e1s hengerek\" width=\"800\" height=\"800\" title=\"\" srcset=\"https:\/\/fmp-components.com\/wp-content\/uploads\/2024\/12\/Adjustable-Clevis-Type-Cylinders-4.webp 800w, https:\/\/fmp-components.com\/wp-content\/uploads\/2024\/12\/Adjustable-Clevis-Type-Cylinders-4-480x480.webp 480w\" sizes=\"(min-width: 0px) and (max-width: 480px) 480px, (min-width: 481px) 800px, 100vw\" \/><\/p>\n<p>Ez a hidraulikus henger testreszabhat\u00f3 a speci\u00e1lis k\u00f6vetelm\u00e9nyeknek \u00e9s specifik\u00e1ci\u00f3knak megfelel\u0151en, biztos\u00edtva a kompatibilit\u00e1st a k\u00fcl\u00f6nb\u00f6z\u0151 rendszerekkel \u00e9s berendez\u00e9sekkel. Ak\u00e1r \u00e9p\u00edt\u0151iparban, ak\u00e1r gy\u00e1rt\u00e1sban, ak\u00e1r m\u00e1s ipar\u00e1gakban haszn\u00e1lj\u00e1k, sokoldal\u00fas\u00e1got \u00e9s alkalmazkod\u00f3k\u00e9pess\u00e9get k\u00edn\u00e1l a k\u00fcl\u00f6nf\u00e9le alkalmaz\u00e1sokhoz.<\/p>\n<p>\u00d6sszefoglalva, a Professional Craftsmanship hidraulikus dugatty\u00fas henger egy cs\u00facskateg\u00f3ri\u00e1s term\u00e9k, amely \u00f6tv\u00f6zi a kiv\u00e1l\u00f3 m\u00e9rn\u00f6ki munk\u00e1t, a kiv\u00e1l\u00f3 teljes\u00edtm\u00e9nyt \u00e9s a kiv\u00e9teles tart\u00f3ss\u00e1got. Egyedi kialak\u00edt\u00e1sa \u00e9s robusztus fel\u00e9p\u00edt\u00e9se ide\u00e1lis v\u00e1laszt\u00e1ss\u00e1 teszi b\u00e1rmilyen hidraulikus rendszerhez, megb\u00edzhat\u00f3 \u00e9s hat\u00e9kony m\u0171k\u00f6d\u00e9st biztos\u00edtva.<\/p>\n<table style=\"width: 100%;\" border=\"1\" width=\"100%\" cellspacing=\"0\" cellpadding=\"0\">\n<tbody>\n<tr>\n<th>Term\u00e9k neve<\/th>\n<td>Hidraulikus dugatty\u00fas henger<\/td>\n<\/tr>\n<tr>\n<th>\u00c1llapot<\/th>\n<td>\u00daj<\/td>\n<\/tr>\n<tr>\n<th>K\u00e9zm\u0171vess\u00e9g<\/th>\n<td>Professzion\u00e1lis kivitelez\u00e9s<\/td>\n<\/tr>\n<tr>\n<th>Testreszab\u00e1s<\/th>\n<td>Az \u00d6n ig\u00e9nyeire szabva<\/td>\n<\/tr>\n<tr>\n<th>T\u00edpus<\/th>\n<td>Kett\u0151s m\u0171k\u00f6d\u00e9s\u0171 hidraulikus henger<\/td>\n<\/tr>\n<tr>\n<th>Garancia<\/th>\n<td>1 \u00e9v<\/td>\n<\/tr>\n<tr>\n<th>S\u00faly (KG)<\/th>\n<td>30<\/td>\n<\/tr>\n<tr>\n<th>Henger t\u00edpusa<\/th>\n<td>\u00c1ll\u00edthat\u00f3 vill\u00e1s t\u00edpus<\/td>\n<\/tr>\n<tr>\n<th>kik\u00f6t\u0151k<\/th>\n<td>G\/SAE\/NPT\/M<\/td>\n<\/tr>\n<tr>\n<th>Max. tol\u00f3er\u0151<\/th>\n<td>3000<\/td>\n<\/tr>\n<tr>\n<th>Max. h\u00faz\u00f3er\u0151<\/th>\n<td>20 tonna<\/td>\n<\/tr>\n<tr>\n<th>Tan\u00fas\u00edtv\u00e1ny<\/th>\n<td>ISO 9001:2000<\/td>\n<\/tr>\n<tr>\n<th>Alkalmazhat\u00f3 ipar\u00e1gak<\/th>\n<td>G\u00e9pjav\u00edt\u00f3 m\u0171helyek, Mez\u0151gazdas\u00e1g, Energia \u00e9s b\u00e1ny\u00e1szat, G\u00e9pgy\u00e1rt\u00e1s, G\u00e9pgy\u00e1rak<\/td>\n<\/tr>\n<\/tbody>\n<\/table>\n<h2>Az \u00e1ll\u00edthat\u00f3 kengyeles hengerek el\u0151nyei<\/h2>\n<p>Az \u00e1ll\u00edthat\u00f3 kengyeles hengerek olyan hidraulikus dugatty\u00fas hengerek, amelyek r\u00fadv\u00e9g\u00e9n egy kengyel tal\u00e1lhat\u00f3, amely k\u00fcl\u00f6nb\u00f6z\u0151 r\u00f6gz\u00edt\u00e9si pontokhoz igaz\u00edthat\u00f3. Ezeknek a hengereknek sz\u00e1mos el\u0151ny\u00fck van m\u00e1s t\u00edpus\u00fa hengerekkel szemben, t\u00f6bbek k\u00f6z\u00f6tt:<\/p>\n<ul>\n<li>Testreszabhat\u00f3s\u00e1g<\/li>\n<li>Fokozott rugalmass\u00e1g<\/li>\n<li>Jav\u00edtott teljes\u00edtm\u00e9ny<\/li>\n<li>Professzion\u00e1lis kivitelez\u00e9s<\/li>\n<\/ul>\n<p><strong>Testreszabhat\u00f3s\u00e1g<\/strong><\/p>\n<p>Az \u00e1ll\u00edthat\u00f3 kengyeles hengerek egyik f\u0151 el\u0151nye a testreszabhat\u00f3s\u00e1guk. Ezek a hengerek sz\u00e9les k\u00f6r\u0171 alkalmaz\u00e1sokhoz igaz\u00edthat\u00f3k, mivel a henger hossza \u00e9s a r\u00fadv\u00e9gen l\u00e9v\u0151 kengyel az egyes alkalmaz\u00e1sok egyedi ig\u00e9nyeihez igaz\u00edthat\u00f3. Ez ide\u00e1lis v\u00e1laszt\u00e1ss\u00e1 teszi \u0151ket olyan alkalmaz\u00e1sokhoz, ahol a standard henger nem haszn\u00e1lhat\u00f3.<\/p>\n<p><strong>Fokozott rugalmass\u00e1g<\/strong><\/p>\n<p>Az \u00e1ll\u00edthat\u00f3 kengyeles hengerek tov\u00e1bbi el\u0151nye a megn\u00f6velt rugalmass\u00e1guk. A r\u00fadv\u00e9gen l\u00e9v\u0151 kengyel \u00e1ll\u00edthat\u00f3s\u00e1ga nagyobb rugalmass\u00e1got biztos\u00edt a henger felszerel\u00e9s\u00e9ben. Ez azt jelenti, hogy a henger k\u00fcl\u00f6nb\u00f6z\u0151 poz\u00edci\u00f3kban szerelhet\u0151 fel, ami k\u00fcl\u00f6n\u00f6sen hasznos lehet korl\u00e1tozott helyeken.<\/p>\n<p><strong>Jav\u00edtott teljes\u00edtm\u00e9ny<\/strong><\/p>\n<p>Az \u00e1ll\u00edthat\u00f3 kengyeles hengerek bizonyos alkalmaz\u00e1sokban jav\u00edthatj\u00e1k a teljes\u00edtm\u00e9nyt. A nagyobb rugalmass\u00e1gnak k\u00f6sz\u00f6nhet\u0151en ezek a hengerek \u00fagy helyezhet\u0151k el, hogy hat\u00e9konyabban tudjanak er\u0151t kifejteni. Ez jobb teljes\u00edtm\u00e9nyt \u00e9s nagyobb termel\u00e9kenys\u00e9get eredm\u00e9nyezhet.<\/p>\n<p><strong>Professzion\u00e1lis kivitelez\u00e9s<\/strong><\/p>\n<p>V\u00e9g\u00fcl, az \u00e1ll\u00edthat\u00f3 kengyeles hengereket gyakran professzion\u00e1lis precizit\u00e1ssal k\u00e9sz\u00edtik. Ez azt jelenti, hogy kiv\u00e1l\u00f3 min\u0151s\u00e9g\u0171 anyagokb\u00f3l k\u00e9sz\u00fclnek, \u00e9s szigor\u00fa el\u0151\u00edr\u00e1soknak megfelel\u0151en tervezt\u00e9k \u0151ket. Ez biztos\u00edtja a megb\u00edzhat\u00f3s\u00e1gukat \u00e9s tart\u00f3ss\u00e1gukat, ami elengedhetetlen azokban az alkalmaz\u00e1sokban, ahol a meghib\u00e1sod\u00e1s nem lehets\u00e9ges.<\/p>\n<p>\u00d6sszefoglalva, az \u00e1ll\u00edthat\u00f3 kengyeles hengerek sz\u00e1mos el\u0151nnyel rendelkeznek m\u00e1s t\u00edpus\u00fa hengerekkel szemben, bele\u00e9rtve a testreszabhat\u00f3s\u00e1got, a fokozott rugalmass\u00e1got, a jobb teljes\u00edtm\u00e9nyt \u00e9s a professzion\u00e1lis kivitelez\u00e9st. Ezek a hengerek kiv\u00e1l\u00f3 v\u00e1laszt\u00e1st jelentenek olyan alkalmaz\u00e1sokhoz, ahol a standard hengerek nem haszn\u00e1lhat\u00f3k, \u00e9s biztosan megb\u00edzhat\u00f3 \u00e9s hat\u00e9kony teljes\u00edtm\u00e9nyt ny\u00fajtanak k\u00fcl\u00f6nf\u00e9le be\u00e1ll\u00edt\u00e1sokban. Teh\u00e1t, ha kiv\u00e1l\u00f3 min\u0151s\u00e9g\u0171 hidraulikus dugatty\u00fas hengert keres, \u00e9rdemes megfontolni az \u00e1ll\u00edthat\u00f3 kengyeles hengert.<img decoding=\"async\" src=\"https:\/\/fmp-components.com\/wp-content\/uploads\/2024\/12\/Adjustable-Clevis-Type-Cylinders5.webp\" alt=\"\u00c1ll\u00edthat\u00f3 kengyeles henger\" width=\"800\" title=\"\"><\/p>\n<h2>\u00c1ll\u00edthat\u00f3 kengyeles hengerek alkalmaz\u00e1sa<\/h2>\n<p>Az \u00e1ll\u00edthat\u00f3 kengyeles hengerek, m\u00e1s n\u00e9ven hidraulikus dugatty\u00fas hengerek, n\u00e9lk\u00fcl\u00f6zhetetlen alkatr\u00e9szek a k\u00fcl\u00f6nf\u00e9le ipari alkalmaz\u00e1sokban. Ezek a hengerek professzion\u00e1lis kidolgoz\u00e1suknak \u00e9s testreszabhat\u00f3 tulajdons\u00e1gaiknak k\u00f6sz\u00f6nhet\u0151en kulcsszerepet j\u00e1tszanak a g\u00e9pek \u00e9s berendez\u00e9sek z\u00f6kken\u0151mentes m\u0171k\u00f6d\u00e9s\u00e9nek biztos\u00edt\u00e1s\u00e1ban. Ebben a cikkben az \u00e1ll\u00edthat\u00f3 kengyeles hengerek sokr\u00e9t\u0171 alkalmaz\u00e1si lehet\u0151s\u00e9geit vizsg\u00e1ljuk meg, \u00e9s r\u00e9szletesebben megvizsg\u00e1ljuk m\u0171k\u00f6d\u00e9s\u00fcket \u00e9s el\u0151nyeiket.<\/p>\n<h3>1. Ipari automatiz\u00e1l\u00e1s<\/h3>\n<p>Az \u00e1ll\u00edthat\u00f3 kengyeles hengerek sz\u00e9les k\u00f6rben haszn\u00e1latosak az ipari automatiz\u00e1l\u00e1si rendszerekben, ahol prec\u00edz \u00e9s szab\u00e1lyozott line\u00e1ris mozg\u00e1sra van sz\u00fcks\u00e9g. Ezeket a hengereket \u00e1ltal\u00e1ban robotkarokban, anyagmozgat\u00f3 berendez\u00e9sekben \u00e9s \u00f6sszeszerel\u0151 sorokban alkalmazz\u00e1k. Kett\u0151s m\u0171k\u00f6d\u00e9s\u0171 hidraulikus mechanizmusuknak k\u00f6sz\u00f6nhet\u0151en ezek a hengerek hat\u00e9konyan tudnak olyan feladatokat ell\u00e1tni, mint a megfog\u00e1s, emel\u00e9s \u00e9s pozicion\u00e1l\u00e1s, n\u00f6velve az automatiz\u00e1l\u00e1si folyamat \u00e1ltal\u00e1nos hat\u00e9konys\u00e1g\u00e1t \u00e9s pontoss\u00e1g\u00e1t.<\/p>\n<h3>2. \u00c9p\u00edt\u0151ipar \u00e9s infrastrukt\u00fara<\/h3>\n<p>Az \u00e1ll\u00edthat\u00f3 kengyeles hengerek egy m\u00e1sik jelent\u0151s alkalmaz\u00e1si ter\u00fclete az \u00e9p\u00edt\u0151ipar \u00e9s az infrastruktur\u00e1lis szektor. Ezeket a hengereket neh\u00e9zg\u00e9pekben, p\u00e9ld\u00e1ul kotr\u00f3g\u00e9pekben, buld\u00f3zerekben \u00e9s darukban haszn\u00e1lj\u00e1k, hogy lehet\u0151v\u00e9 tegy\u00e9k a k\u00fcl\u00f6nb\u00f6z\u0151 alkatr\u00e9szek sima mozg\u00e1s\u00e1t. Legyen sz\u00f3 ak\u00e1r a daru g\u00e9mj\u00e9nek meghosszabb\u00edt\u00e1s\u00e1r\u00f3l, ak\u00e1r a kotr\u00f3g\u00e9p kan\u00e1l\u00e1nak sz\u00f6g\u00e9nek be\u00e1ll\u00edt\u00e1s\u00e1r\u00f3l, ezek a hengerek biztos\u00edtj\u00e1k a sz\u00fcks\u00e9ges er\u0151t \u00e9s vez\u00e9rl\u00e9st ezen feladatok hat\u00e9kony elv\u00e9gz\u00e9s\u00e9hez.<\/p>\n<h3>3. Mez\u0151gazdas\u00e1gi g\u00e9pek<\/h3>\n<p>A mez\u0151gazdas\u00e1gi \u00e1gazat nagym\u00e9rt\u00e9kben t\u00e1maszkodik az \u00e1ll\u00edthat\u00f3 kengyeles hengerekre k\u00fcl\u00f6nf\u00e9le g\u00e9pek m\u0171k\u00f6dtet\u00e9s\u00e9hez. A traktorokt\u00f3l a betakar\u00edt\u00f3g\u00e9peken \u00e1t az ek\u00e9kig ezek a hengerek elengedhetetlenek olyan feladatokhoz, mint a mez\u0151gazdas\u00e1gi berendez\u00e9sek emel\u00e9se, billent\u00e9se \u00e9s forgat\u00e1sa. Tart\u00f3ss\u00e1guk, nagy teherb\u00edr\u00e1suk \u00e9s a zord k\u00f6rnyezeti felt\u00e9telekkel szembeni ellen\u00e1ll\u00e1suk ide\u00e1liss\u00e1 teszi \u0151ket a mez\u0151gazdas\u00e1gi m\u0171veletek ig\u00e9nyes jelleg\u00e9hez.<\/p>\n<h3>4. Anyagmozgat\u00e1s<\/h3>\n<p>Az anyagmozgat\u00e1si alkalmaz\u00e1sokban az \u00e1ll\u00edthat\u00f3 kengyeles hengerek l\u00e9tfontoss\u00e1g\u00fa szerepet j\u00e1tszanak a neh\u00e9z terhek mozgat\u00e1s\u00e1nak \u00e9s kezel\u00e9s\u00e9nek megk\u00f6nny\u00edt\u00e9s\u00e9ben. Ezeket a hengereket gyakran tal\u00e1lj\u00e1k targonc\u00e1kban, sz\u00e1ll\u00edt\u00f3szalag-rendszerekben \u00e9s emel\u0151platformokon. A hidraulikus dugatty\u00fas kialak\u00edt\u00e1s lehet\u0151v\u00e9 teszi az emel\u00e9si \u00e9s s\u00fcllyeszt\u00e9si mozg\u00e1sok pontos vez\u00e9rl\u00e9s\u00e9t, biztos\u00edtva a biztons\u00e1gos \u00e9s hat\u00e9kony anyagmozgat\u00e1si m\u0171veleteket.<\/p>\n<h3>5. Gy\u00e1rt\u00e1s \u00e9s termel\u00e9s<\/h3>\n<p>A gy\u00e1rt\u00f3\u00fczemek \u00e9s a termel\u00e9si l\u00e9tes\u00edtm\u00e9nyek \u00e1ll\u00edthat\u00f3 kengyeles hengereket haszn\u00e1lnak a hat\u00e9konys\u00e1g \u00e9s a termel\u00e9kenys\u00e9g n\u00f6vel\u00e9se \u00e9rdek\u00e9ben. Ezeket a hengereket olyan g\u00e9pekbe integr\u00e1lj\u00e1k, mint a pr\u00e9sek, sajtol\u00f3g\u00e9pek \u00e9s fr\u00f6ccs\u00f6nt\u0151 berendez\u00e9sek, hogy szab\u00e1lyozott er\u0151t biztos\u00edtsanak a gy\u00e1rt\u00e1si folyamat sor\u00e1n. Testreszabhat\u00f3 tulajdons\u00e1gaiknak, p\u00e9ld\u00e1ul a l\u00f6kethossznak \u00e9s a teherb\u00edr\u00e1snak k\u00f6sz\u00f6nhet\u0151en ezek a hengerek az adott termel\u00e9si k\u00f6vetelm\u00e9nyeknek megfelel\u0151en testreszabhat\u00f3k.<\/p>\n<p>Az \u00e1ll\u00edthat\u00f3 kengyeles hengerek professzion\u00e1lis kidolgoz\u00e1sukkal \u00e9s testreszabhat\u00f3 jelleg\u00fckkel sz\u00e9les k\u00f6r\u0171 alkalmaz\u00e1si lehet\u0151s\u00e9gekkel rendelkeznek a k\u00fcl\u00f6nb\u00f6z\u0151 ipar\u00e1gakban. Az ipari automatiz\u00e1l\u00e1st\u00f3l az \u00e9p\u00edt\u0151iparon, a mez\u0151gazdas\u00e1gon, az anyagmozgat\u00e1son \u00e9s a gy\u00e1rt\u00e1son \u00e1t ezek a hengerek bizony\u00edtj\u00e1k sokoldal\u00fas\u00e1gukat \u00e9s megb\u00edzhat\u00f3s\u00e1gukat. A prec\u00edz \u00e9s szab\u00e1lyozott line\u00e1ris mozg\u00e1s biztos\u00edt\u00e1s\u00e1ra val\u00f3 k\u00e9pess\u00e9g\u00fck n\u00e9lk\u00fcl\u00f6zhetetlen alkatr\u00e9sz\u00e9v\u00e9 teszi \u0151ket sz\u00e1mtalan g\u00e9pben \u00e9s berendez\u00e9sben. Alkalmaz\u00e1sspecifikus kialak\u00edt\u00e1sukkal \u00e9s a fejlett technol\u00f3gia kihaszn\u00e1l\u00e1s\u00e1val az \u00e1ll\u00edthat\u00f3 kengyeles hengerek tov\u00e1bbra is hozz\u00e1j\u00e1rulnak az ipar\u00e1gak fejl\u0151d\u00e9s\u00e9hez vil\u00e1gszerte.<\/p>\n<p><img decoding=\"async\" src=\"https:\/\/fmp-components.com\/wp-content\/uploads\/2024\/12\/Application-of-Adjustable-Clevis-Type-Cylinders.webp\" alt=\"\u00c1ll\u00edthat\u00f3 kengyeles henger\" width=\"800\" title=\"\"><\/p>\n<h3>Az FMP hidraulikus hengerr\u0151l<\/h3>\n<p>Az FMP egy vezet\u0151 v\u00e1llalat, amely kiv\u00e1l\u00f3 min\u0151s\u00e9g\u0171 \u00e9p\u00edt\u0151ipari g\u00e9palkatr\u00e9szek \u00e9s komplett g\u00e9pek \u00e9rt\u00e9kes\u00edt\u00e9s\u00e9re \u00e9s szervizel\u00e9s\u00e9re specializ\u00e1l\u00f3dott. Hidraulikus henger\u00fcnk az egyik legkelend\u0151bb term\u00e9k\u00fcnk, \u00e9s b\u00fcszk\u00e9n mutatjuk be \u00fcgyfeleinknek a tulajdons\u00e1gait \u00e9s el\u0151nyeit:<\/p>\n<ol>\n<li><strong>Robusztus \u00e9s tart\u00f3s:<\/strong> Hidraulikus henger\u00fcnk kiv\u00e1l\u00f3 min\u0151s\u00e9g\u0171 anyagokb\u00f3l k\u00e9sz\u00fcl, amelyek biztos\u00edtj\u00e1k a tart\u00f3ss\u00e1g\u00e1t \u00e9s hossz\u00fa \u00e9lettartam\u00e1t. \u00dagy tervezt\u00e9k, hogy ellen\u00e1lljon a zord k\u00f6rnyezetnek \u00e9s a nagy ig\u00e9nybev\u00e9tel\u0171 m\u0171veleteknek, \u00edgy ide\u00e1lis v\u00e1laszt\u00e1s \u00e9p\u00edt\u0151ipari g\u00e9pekhez.<\/li>\n<li><strong>Testreszabhat\u00f3:<\/strong> Sz\u00e9les v\u00e1laszt\u00e9kban k\u00edn\u00e1lunk hidraulikus hengereket, bele\u00e9rtve az \u00e1ll\u00edthat\u00f3 kengyeles hengereket, a rudas hengereket \u00e9s a hegesztett hengereket. Szak\u00e9rt\u0151i csapatunk az \u00d6n egyedi ig\u00e9nyei \u00e9s specifik\u00e1ci\u00f3i alapj\u00e1n testre is szabja a hengereket.<\/li>\n<li><strong>Sima \u00e9s hat\u00e9kony:<\/strong> Hidraulikus henger\u00fcnk kiv\u00e1l\u00f3 min\u0151s\u00e9g\u0171 dugatty\u00fa- \u00e9s r\u00fadt\u00f6m\u00edt\u00e9ssel rendelkezik, amely biztos\u00edtja a sima \u00e9s hat\u00e9kony m\u0171k\u00f6d\u00e9st. Kompakt kialak\u00edt\u00e1s\u00e1nak k\u00f6sz\u00f6nhet\u0151en helyet takar\u00edt meg a be\u00e9p\u00edt\u00e9s sor\u00e1n, \u00e9s cs\u00f6kkenti az energiafogyaszt\u00e1st.<\/li>\n<li><strong>K\u00f6lts\u00e9ghat\u00e9kony:<\/strong> Hidraulikus henger\u00fcnk versenyk\u00e9pes \u00e1ron, magas min\u0151s\u00e9gi sz\u00ednvonal mellett kaphat\u00f3. Alacsony karbantart\u00e1si ig\u00e9nye \u00e9s hossz\u00fa \u00e9lettartama cs\u00f6kkenti \u00fcgyfeleink \u00fczemeltet\u00e9si k\u00f6lts\u00e9geit is.<\/li>\n<li><strong>Kiv\u00e1l\u00f3 \u00fcgyf\u00e9lszolg\u00e1lat:<\/strong> Az FMP-n\u00e9l tapasztalt \u00e9s profi \u00e9rt\u00e9kes\u00edt\u00e9si k\u00e9pvisel\u0151kb\u0151l \u00e1ll\u00f3 csapatunk szak\u00e9rt\u0151 term\u00e9ktan\u00e1csad\u00e1st \u00e9s intelligens v\u00e1s\u00e1rl\u00e1si javaslatokat ny\u00fajt. Hat\u00e9kony logisztikai eloszt\u00e1si rendszerrel is rendelkez\u00fcnk, amely biztos\u00edtja term\u00e9keink id\u0151ben \u00e9s pontos kisz\u00e1ll\u00edt\u00e1s\u00e1t \u00fcgyfeleink sz\u00e1m\u00e1ra.<\/li>\n<\/ol>\n<p>Mivel v\u00e1llalatunk m\u00e1r \u00e9vek \u00f3ta jelen van az ipar\u00e1gban, elk\u00f6telezettek vagyunk amellett, hogy \u00fcgyfeleinknek a legjobb term\u00e9keket \u00e9s szolg\u00e1ltat\u00e1sokat ny\u00fajtsuk. Az FMP hidraulikus hengerrel biztos lehet benne, hogy megb\u00edzhat\u00f3 \u00e9s nagy teljes\u00edtm\u00e9ny\u0171 hidraulikus rendszerrel rendelkezik \u00e9p\u00edt\u0151ipari g\u00e9pei ig\u00e9nyeihez.<\/p>\n<p><img decoding=\"async\" src=\"https:\/\/fmp-components.com\/wp-content\/uploads\/2024\/12\/Adjustable-Clevis-Type-Cylinders-6.webp\" alt=\"\u00c1ll\u00edthat\u00f3 kengyeles henger\" width=\"801\" title=\"\"><\/p>\n<h2>GYIK<\/h2>\n<p><strong>K: Milyen testreszab\u00e1si lehet\u0151s\u00e9gek \u00e1llnak rendelkez\u00e9sre a hidraulikus dugatty\u00fas hengerhez?<\/strong><br \/>\nV: Megadhatja a k\u00edv\u00e1nt furatm\u00e9retet, r\u00fadm\u00e9retet, l\u00f6ketm\u00e9retet \u00e9s csapm\u00e9retet az \u00d6n ig\u00e9nyeinek megfelel\u0151en.<\/p>\n<p><strong>K: Milyen ipar\u00e1gak profit\u00e1lhatnak ebb\u0151l a hidraulikus hengerb\u0151l?<\/strong><\/p>\n<p>V: Ez a term\u00e9k t\u00f6k\u00e9letes olyan ipar\u00e1gakban val\u00f3 haszn\u00e1latra, mint a g\u00e9pjav\u00edt\u00f3 m\u0171helyek, mez\u0151gazdas\u00e1gi \u00fczemek, energia- \u00e9s b\u00e1ny\u00e1szat, g\u00e9pgy\u00e1rt\u00e1s \u00e9s g\u00e9pgy\u00e1rak.<\/p>\n<p><strong>K: Mennyi a hidraulikus dugatty\u00fas henger j\u00f3t\u00e1ll\u00e1si ideje?<\/strong><br \/>\nV: A hidraulikus dugatty\u00fas hengerre 1 \u00e9v garancia vonatkozik.<\/p>\n<p><img decoding=\"async\" src=\"https:\/\/img.jiansujichilun.com\/img\/hydrauliccylinders\/B_hydrauliccylinders-3.webp\" alt=\"hidraulikus henger\" width=\"800\" title=\"\"><\/p>\n<p>Szerz\u0151: CX<\/p>","protected":false},"excerpt":{"rendered":"<p>The Professional Craftsmanship Hydraulic Piston Cylinder is a customized double-acting hydraulic cylinder that is designed with utmost precision and expertise. This hydraulic cylinder is built to deliver exceptional performance and durability in various industrial applications. With its advanced design and construction, this hydraulic piston cylinder ensures smooth and efficient operation, allowing for precise control and [&hellip;]<\/p>","protected":false},"featured_media":1338,"comment_status":"closed","ping_status":"closed","template":"","meta":{"_et_pb_use_builder":"","_et_pb_old_content":"","_et_gb_content_width":""},"product_brand":[],"product_cat":[39],"product_tag":[41,34],"class_list":{"0":"post-1337","1":"product","2":"type-product","3":"status-publish","4":"has-post-thumbnail","6":"product_cat-adjustable-clevis-type-cylinders","7":"product_tag-adjustable-clevis-type-cylinders","8":"product_tag-hydraulic-cylinder","10":"first","11":"instock","12":"product-type-simple"},"_links":{"self":[{"href":"https:\/\/fmp-components.com\/hu\/wp-json\/wp\/v2\/product\/1337","targetHints":{"allow":["GET"]}}],"collection":[{"href":"https:\/\/fmp-components.com\/hu\/wp-json\/wp\/v2\/product"}],"about":[{"href":"https:\/\/fmp-components.com\/hu\/wp-json\/wp\/v2\/types\/product"}],"replies":[{"embeddable":true,"href":"https:\/\/fmp-components.com\/hu\/wp-json\/wp\/v2\/comments?post=1337"}],"wp:featuredmedia":[{"embeddable":true,"href":"https:\/\/fmp-components.com\/hu\/wp-json\/wp\/v2\/media\/1338"}],"wp:attachment":[{"href":"https:\/\/fmp-components.com\/hu\/wp-json\/wp\/v2\/media?parent=1337"}],"wp:term":[{"taxonomy":"product_brand","embeddable":true,"href":"https:\/\/fmp-components.com\/hu\/wp-json\/wp\/v2\/product_brand?post=1337"},{"taxonomy":"product_cat","embeddable":true,"href":"https:\/\/fmp-components.com\/hu\/wp-json\/wp\/v2\/product_cat?post=1337"},{"taxonomy":"product_tag","embeddable":true,"href":"https:\/\/fmp-components.com\/hu\/wp-json\/wp\/v2\/product_tag?post=1337"}],"curies":[{"name":"munkaf\u00fczet","href":"https:\/\/api.w.org\/{rel}","templated":true}]}}