{"id":1063,"date":"2024-12-19T06:17:44","date_gmt":"2024-12-19T06:17:44","guid":{"rendered":"https:\/\/fmp-components.com\/product\/10055-factory-price-small-double-acting-hydraulic-cylinder-for-trailer\/"},"modified":"2025-03-17T08:59:04","modified_gmt":"2025-03-17T08:59:04","slug":"10055-factory-price-small-double-acting-hydraulic-cylinder-for-trailer","status":"publish","type":"product","link":"https:\/\/fmp-components.com\/hu\/product\/10055-factory-price-small-double-acting-hydraulic-cylinder-for-trailer\/","title":{"rendered":"10055 Gy\u00e1ri \u00e1r\u00fa kis kett\u0151s m\u0171k\u00f6d\u00e9s\u0171 hidraulikus henger p\u00f3tkocsihoz"},"content":{"rendered":"<p>A 10055-\u00f6s cikksz\u00e1m\u00fa term\u00e9k egy kism\u00e9ret\u0171, kett\u0151s m\u0171k\u00f6d\u00e9s\u0171 hidraulikus henger, amelyet kifejezetten p\u00f3tkocsikhoz terveztek. Alapvet\u0151 alkatr\u00e9sze a k\u00fcl\u00f6nf\u00e9le t\u00edpus\u00fa p\u00f3tkocsik, bele\u00e9rtve a billen\u0151 p\u00f3tkocsikat, a ponyv\u00e1s p\u00f3tkocsikat \u00e9s a plat\u00f3s p\u00f3tkocsikat, z\u00f6kken\u0151mentes \u00e9s hat\u00e9kony m\u0171k\u00f6d\u00e9s\u00e9hez.<\/p>\n<p>Kiv\u00e1l\u00f3 min\u0151s\u00e9g\u0171 anyagokb\u00f3l k\u00e9sz\u00fclt, ez a hidraulikus henger tart\u00f3s \u00e9s ellen\u00e1ll a neh\u00e9z k\u00f6r\u00fclm\u00e9nyeknek. Kett\u0151s m\u0171k\u00f6d\u00e9s\u0171 kialak\u00edt\u00e1s\u00fa, ami azt jelenti, hogy mindk\u00e9t ir\u00e1nyban k\u00e9pes er\u0151t kifejteni, \u00edgy ide\u00e1lis nagy ig\u00e9nybev\u00e9tel\u0171 alkalmaz\u00e1sokhoz.<\/p>\n<p>A 10055-\u00f6s hidraulikus henger maxim\u00e1lis \u00fczemi nyom\u00e1sa 3000 PSI, furat\u00e1tm\u00e9r\u0151je pedig 2,5 h\u00fcvelyk. L\u00f6kethossza 12 h\u00fcvelyk, beh\u00fazott hossza pedig 20 h\u00fcvelyk, \u00edgy k\u00f6nnyen telep\u00edthet\u0151 \u00e9s kezelhet\u0151. Ezenk\u00edv\u00fcl egy szabv\u00e1nyos vill\u00e1s r\u00f6gz\u00edt\u00e9ssel rendelkezik, amely k\u00f6nnyen r\u00f6gz\u00edthet\u0151 az ut\u00e1nfut\u00f3hoz.<\/p>\n<p>\u00d6sszess\u00e9g\u00e9ben a 10055-\u00f6s hidraulikus henger megb\u00edzhat\u00f3 \u00e9s hat\u00e9kony megold\u00e1s minden p\u00f3tkocsi hidraulikus ig\u00e9ny\u00e9re. Kompakt m\u00e9rete \u00e9s nagy teljes\u00edtm\u00e9nye miatt minden p\u00f3tkocsi-tulajdonos sz\u00e1m\u00e1ra k\u00f6telez\u0151 darab. Bevezet\u00e9s a kism\u00e9ret\u0171, kett\u0151s m\u0171k\u00f6d\u00e9s\u0171 hidraulikus hengerbe<\/p>\n<p>Az FMP kism\u00e9ret\u0171, kett\u0151s m\u0171k\u00f6d\u00e9s\u0171 hidraulikus hengere egy kiv\u00e1l\u00f3 min\u0151s\u00e9g\u0171 term\u00e9k, amelyet k\u00fcl\u00f6nf\u00e9le alkalmaz\u00e1sokhoz terveztek, bele\u00e9rtve a p\u00f3tkocsikat is. Az FMP piacvezet\u0151 a mobil munkag\u00e9pek hidraulikus hengereinek ter\u00e9n.<\/p>\n<p><img decoding=\"async\" src=\"https:\/\/hzpt.com\/wp-content\/uploads\/2023\/12\/insert-1.webp\" alt=\"\" title=\"\"><\/p>\n<p>Jellemz\u0151k \u00e9s funkci\u00f3k<\/p>\n<p>Ez a hidraulikus henger sz\u00e1mos tulajdons\u00e1ggal b\u00fcszk\u00e9lkedhet, bele\u00e9rtve az energiahat\u00e9konys\u00e1got, a nagy teljes\u00edtm\u00e9nyt \u00e9s a biztons\u00e1got. A term\u00e9k m\u0171szaki adatai k\u00f6z\u00f6tt szerepelnek a k\u00fcl\u00f6nb\u00f6z\u0151 m\u00e9retek, kapacit\u00e1sok \u00e9s teherb\u00edr\u00e1sok, \u00edgy sokoldal\u00fa megold\u00e1st k\u00edn\u00e1l a k\u00fcl\u00f6nb\u00f6z\u0151 ig\u00e9nyekhez.<\/p>\n<p>Egyedi jellemz\u0151k \u00e9s el\u0151ny\u00f6k<\/p>\n<p>\u2013 Energiahat\u00e9kony: Hidraulikus hengereinket az energiafogyaszt\u00e1s minimaliz\u00e1l\u00e1s\u00e1ra tervezt\u00fck.<br \/>\n\u2013 Nagy hat\u00e9konys\u00e1g: A kett\u0151s m\u0171k\u00f6d\u00e9s\u0171 kialak\u00edt\u00e1s hat\u00e9kony m\u0171k\u00f6d\u00e9st biztos\u00edt.<br \/>\n\u2013 Biztons\u00e1g: A term\u00e9k a legmagasabb biztons\u00e1gi szabv\u00e1nyoknak megfelel\u0151en k\u00e9sz\u00fclt.<\/p>\n<p>Hidraulikus rendszer \u00e9s m\u0171k\u00f6d\u00e9si elv<\/p>\n<p>A hidraulikus hengerek a nyom\u00e1s alatt l\u00e9v\u0151 folyad\u00e9k erej\u00e9t hasznos\u00edtva m\u0171k\u00f6dnek. A kett\u0151s m\u0171k\u00f6d\u00e9s\u0171 kialak\u00edt\u00e1s lehet\u0151v\u00e9 teszi a szab\u00e1lyozott mozg\u00e1st k\u00e9t ir\u00e1nyban, ami nagyobb sokoldal\u00fas\u00e1got biztos\u00edt az alkalmaz\u00e1sokban.<\/p>\n<p>Alkalmaz\u00e1si forgat\u00f3k\u00f6nyvek<\/p>\n<p>Az FMP kism\u00e9ret\u0171, kett\u0151s m\u0171k\u00f6d\u00e9s\u0171 hidraulikus hengere t\u00f6k\u00e9letes p\u00f3tkocsikban val\u00f3 haszn\u00e1latra, megb\u00edzhat\u00f3 \u00e9s hat\u00e9kony m\u0171k\u00f6d\u00e9st biztos\u00edtva.<\/p>\n<p>L\u00e1togassa meg VR gy\u00e1runkat itt:<\/p>\n<p>T\u00f6rt\u00e9nelem \u00e9s oszt\u00e1lyoz\u00e1s<\/p>\n<p>2006-os megalap\u00edt\u00e1sunk \u00f3ta elk\u00f6telezettek vagyunk a kiv\u00e1l\u00f3 min\u0151s\u00e9g\u0171 hidraulikus hengerek gy\u00e1rt\u00e1sa ir\u00e1nt. Term\u00e9kpalett\u00e1nk mag\u00e1ban foglalja a hidraulikus billen\u0151hengereket, hidraulikus korm\u00e1nyhengereket \u00e9s hidraulikus emel\u0151hengereket.<\/p>\n<p>Term\u00e9kkiv\u00e1laszt\u00e1s \u00e9s karbantart\u00e1s<\/p>\n<p>A megfelel\u0151 hidraulikaolaj \u00e9s olajt\u00f6m\u00edt\u00e9s kiv\u00e1laszt\u00e1sa kulcsfontoss\u00e1g\u00fa a hidraulikus henger hossz\u00fa \u00e9lettartama \u00e9s hat\u00e9konys\u00e1ga szempontj\u00e1b\u00f3l. \u00datmutat\u00e1st adunk a term\u00e9k kiv\u00e1laszt\u00e1s\u00e1hoz, valamint tippeket adunk a karbantart\u00e1si \u00e9s csere elj\u00e1r\u00e1sokhoz.<\/p>\n<p>Az FMP-r\u0151l<\/p>\n<p>Az FMP vezet\u0151 sz\u00e1ll\u00edt\u00f3 a hidraulikus hengerek piac\u00e1n, 200 000 darabos tervez\u00e9si kapacit\u00e1ssal b\u00fcszk\u00e9lkedhet. 300 k\u00fcl\u00f6nf\u00e9le, teljesen automatiz\u00e1lt CNC gy\u00e1rt\u00f3berendez\u00e9st \u00e9s teljesen automatiz\u00e1lt hidraulikus henger \u00f6sszeszerel\u0151 berendez\u00e9st haszn\u00e1lunk.<\/p>\n<p>Term\u00e9kprom\u00f3ci\u00f3<\/p>\n<p>Az FMP kiv\u00e1l\u00f3 min\u0151s\u00e9g\u0171 term\u00e9keket k\u00edn\u00e1l versenyk\u00e9pes \u00e1ron, kiv\u00e1l\u00f3 szolg\u00e1ltat\u00e1ssal egy\u00fctt. Egy\u00e9b term\u00e9keket is forgalmazunk, mint p\u00e9ld\u00e1ul emel\u0151kosaras munkahengerek, ipari j\u00e1rm\u0171vek hidraulikus hengerei, forg\u00f3f\u00far\u00f3tornyok hengerei, teheraut\u00f3-daru hengerek, \u00e9p\u00edt\u0151ipari g\u00e9pek hidraulikus hengerei, targonca hidraulikus hengerei, b\u00e1ny\u00e1szati \u200b\u200bd\u00f6mperek hengerei \u00e9s szaniterg\u00e9pek hidraulikus hengerei. Egyedi megrendel\u00e9seket is sz\u00edvesen fogadunk.<\/p>\n<p>GYIK<\/p>\n<p>1. k\u00e9rd\u00e9s: Mekkor\u00e1k a kis kett\u0151s m\u0171k\u00f6d\u00e9s\u0171 hidraulikus henger m\u00e9retei?<\/p>\n<p>A1: A m\u00e9retek modellenk\u00e9nt elt\u00e9r\u0151ek lehetnek. R\u00e9szletes inform\u00e1ci\u00f3k\u00e9rt k\u00e9rj\u00fck, vegye fel vel\u00fcnk a kapcsolatot.<\/p>\n<p>2. k\u00e9rd\u00e9s: Mekkora a teherb\u00edr\u00e1s?<\/p>\n<p>A2: A teherb\u00edr\u00e1s a modellt\u0151l \u00e9s az alkalmaz\u00e1st\u00f3l f\u00fcgg. K\u00e9rj\u00fck, \u00e9rdekl\u0151dj\u00f6n t\u0151l\u00fcnk a r\u00e9szletek\u00e9rt.<\/p>\n<p>3. k\u00e9rd\u00e9s: Mennyire energiahat\u00e9kony a hidraulikus henger?<\/p>\n<p>A3: Hidraulikus hengereinket maxim\u00e1lis energiahat\u00e9konys\u00e1gra tervezt\u00fck. R\u00e9szletesebb inform\u00e1ci\u00f3k\u00e9rt k\u00e9rj\u00fck, vegye fel vel\u00fcnk a kapcsolatot.<\/p>\n<p>4. k\u00e9rd\u00e9s: Mi a hidraulikus henger \u00e9lettartama?<\/p>\n<p>A4: A hidraulikus henger \u00e9lettartama a haszn\u00e1lat\u00e1t\u00f3l \u00e9s karbantart\u00e1s\u00e1t\u00f3l f\u00fcgg. Megfelel\u0151 gondoz\u00e1s mellett term\u00e9keink \u00e9vekig kitartanak.<\/p>\n<p>5. k\u00e9rd\u00e9s: Hogyan kell karbantartani a hidraulikus hengert?<\/p>\n<p>A5: A rendszeres karbantart\u00e1s mag\u00e1ban foglalja a hidraulikaolaj \u00e9s a t\u00f6m\u00edt\u00e9sek ellen\u0151rz\u00e9s\u00e9t, valamint a sz\u00fcks\u00e9ges cser\u00e9k megfelel\u0151 elj\u00e1r\u00e1sainak betart\u00e1s\u00e1t.<\/p>\n<h2>A hegesztett vill\u00e1s henger el\u0151nyei<\/h2>\n<p>A hegesztett vill\u00e1shengerek n\u00e9pszer\u0171 v\u00e1laszt\u00e1snak bizonyulnak sz\u00e1mos ipari alkalmaz\u00e1sban egyedi el\u0151nyeik \u00e9s hasznuk miatt. \u00cdme a hegesztett vill\u00e1shengerek n\u00e9h\u00e1ny f\u0151 el\u0151nye:<\/p>\n<h3>1. Fokozott szil\u00e1rds\u00e1g \u00e9s tart\u00f3ss\u00e1g<\/h3>\n<p>A hegesztett vill\u00e1s hengerek hegesztett v\u00e9gz\u00e1r\u00f3val k\u00e9sz\u00fclnek, ami nagyobb szil\u00e1rds\u00e1got \u00e9s tart\u00f3ss\u00e1got biztos\u00edt m\u00e1s t\u00edpus\u00fa hengerekhez k\u00e9pest. Ez ide\u00e1liss\u00e1 teszi \u0151ket nagy ig\u00e9nybev\u00e9tel\u0171 alkalmaz\u00e1sokhoz, amelyek nagyfok\u00fa szil\u00e1rds\u00e1got \u00e9s tart\u00f3ss\u00e1got ig\u00e9nyelnek.<\/p>\n<p>Ezenk\u00edv\u00fcl ezeknek a hengereknek a hegesztett kialak\u00edt\u00e1sa azt jelenti, hogy kisebb a sziv\u00e1rg\u00e1s vagy a meghib\u00e1sod\u00e1s val\u00f3sz\u00edn\u0171s\u00e9ge, ami seg\u00edthet cs\u00f6kkenteni az \u00e1ll\u00e1sid\u0151t \u00e9s a karbantart\u00e1si k\u00f6lts\u00e9geket.<\/p>\n<h3>2. Nagy nyom\u00e1s kezel\u00e9s\u00e9nek k\u00e9pess\u00e9ge<\/h3>\n<p>A hegesztett kengyeles hengerek nagy nyom\u00e1s\u00fa alkalmaz\u00e1sokhoz is alkalmasak, \u00edgy n\u00e9pszer\u0171 v\u00e1laszt\u00e1snak sz\u00e1m\u00edtanak olyan ipar\u00e1gakban, mint az \u00e9p\u00edt\u0151ipar, a b\u00e1ny\u00e1szat, valamint az olaj- \u00e9s g\u00e1zipar. A nagy nyom\u00e1st\u0171r\u0151 k\u00e9pess\u00e9g\u00fck megb\u00edzhat\u00f3 teljes\u00edtm\u00e9nyt biztos\u00edt ig\u00e9nyes k\u00f6rnyezetben.<\/p>\n<h3>3. Testreszabhat\u00f3 diz\u00e1jn<\/h3>\n<p>A hegesztett vill\u00e1s hengerek egyedi tervez\u00e9s\u0171ek, hogy megfeleljenek egy adott alkalmaz\u00e1s ig\u00e9nyeinek. Ez azt jelenti, hogy egy adott m\u00e9rethez, alakhoz vagy teljes\u00edtm\u00e9nyk\u00f6vetelm\u00e9nyhez igaz\u00edthat\u00f3k. A testreszabhat\u00f3 kialak\u00edt\u00e1s nagyobb rugalmass\u00e1got is biztos\u00edt a gy\u00e1rt\u00e1si folyamatban, ami k\u00f6lts\u00e9gmegtakar\u00edt\u00e1shoz vezethet.<\/p>\n<h3>4. K\u00f6nny\u0171 telep\u00edt\u00e9s<\/h3>\n<p>A hegesztett vill\u00e1s hengerek k\u00f6nnyen telep\u00edthet\u0151k, ami seg\u00edt cs\u00f6kkenteni a be\u00e1ll\u00edt\u00e1si id\u0151t \u00e9s a munkak\u00f6lts\u00e9geket. \u00c1ltal\u00e1ban el\u0151re \u00f6sszeszereltek \u00e9s haszn\u00e1latra k\u00e9szek a dobozb\u00f3l kiv\u00e9ve, ami minimaliz\u00e1lja a tov\u00e1bbi alkatr\u00e9szek vagy komponensek sz\u00fcks\u00e9gess\u00e9g\u00e9t.<\/p>\n<h3>5. Jav\u00edtott teljes\u00edtm\u00e9ny<\/h3>\n<p>A hegesztett vill\u00e1s hengerek kialak\u00edt\u00e1sa jobb teljes\u00edtm\u00e9nyt tesz lehet\u0151v\u00e9 m\u00e1s t\u00edpus\u00fa hengerekhez k\u00e9pest. Nyom\u00e1segys\u00e9gre vet\u00edtve nagyobb er\u0151t tudnak el\u0151\u00e1ll\u00edtani, ami seg\u00edthet jav\u00edtani a hat\u00e9konys\u00e1got \u00e9s a termel\u00e9kenys\u00e9get az ipari alkalmaz\u00e1sokban.<\/p>\n<p>\u00d6sszess\u00e9g\u00e9ben a hegesztett vill\u00e1s hengerek sz\u00e1mos el\u0151nnyel \u00e9s hasznal rendelkeznek, amelyek n\u00e9pszer\u0171v\u00e9 teszik \u0151ket sz\u00e1mos ipari alkalmaz\u00e1sban. Megn\u00f6velt szil\u00e1rds\u00e1guk \u00e9s tart\u00f3ss\u00e1guk, nagy nyom\u00e1st\u0171r\u0151 k\u00e9pess\u00e9g\u00fck, testreszabhat\u00f3 kialak\u00edt\u00e1suk, egyszer\u0171 telep\u00edt\u00e9s\u00fck \u00e9s jobb teljes\u00edtm\u00e9ny\u00fck ide\u00e1lis v\u00e1laszt\u00e1ss\u00e1 teszi \u0151ket ig\u00e9nyes k\u00f6rnyezetekben, ahol a megb\u00edzhat\u00f3s\u00e1g \u00e9s a teljes\u00edtm\u00e9ny kulcsfontoss\u00e1g\u00fa.<\/p>\n<p><img loading=\"lazy\" decoding=\"async\" class=\"alignnone size-full wp-image-1074\" src=\"https:\/\/fmp-components.com\/wp-content\/uploads\/2024\/12\/Welded-Clevis-Type-Cylinder1.webp\" alt=\"Hegesztett vill\u00e1s henger\" width=\"800\" height=\"800\" title=\"\" srcset=\"https:\/\/fmp-components.com\/wp-content\/uploads\/2024\/12\/Welded-Clevis-Type-Cylinder1.webp 800w, https:\/\/fmp-components.com\/wp-content\/uploads\/2024\/12\/Welded-Clevis-Type-Cylinder1-480x480.webp 480w\" sizes=\"(min-width: 0px) and (max-width: 480px) 480px, (min-width: 481px) 800px, 100vw\" \/><\/p>\n<h2>Hegesztett Clevis t\u00edpus\u00fa henger alkalmaz\u00e1sa<\/h2>\n<ul>\n<li><strong>Ipari g\u00e9pek:<\/strong> A hegesztett vill\u00e1s hengereket sz\u00e9les k\u00f6rben haszn\u00e1lj\u00e1k k\u00fcl\u00f6nf\u00e9le ipari g\u00e9pekben nagy teherb\u00edr\u00e1s\u00fa alkalmaz\u00e1sokhoz. Ezek a hengerek nagy er\u0151kifejt\u00e9sre k\u00e9pesek a g\u00e9pek alkatr\u00e9szeinek emel\u00e9s\u00e9hez \u00e9s pr\u00e9sel\u00e9s\u00e9hez. A hegesztett vill\u00e1s kialak\u00edt\u00e1s lehet\u0151v\u00e9 teszi a k\u00f6nny\u0171 telep\u00edt\u00e9st \u00e9s a hat\u00e9kony m\u0171k\u00f6d\u00e9st, \u00edgy n\u00e9pszer\u0171 v\u00e1laszt\u00e1s a gy\u00e1rt\u00f3k sz\u00e1m\u00e1ra.\n<ul>\n<li>A feldolgoz\u00f3iparban a hegesztett vill\u00e1shengereket hidraulikus pr\u00e9sekben, fr\u00f6ccs\u00f6nt\u0151 g\u00e9pekben \u00e9s f\u00e9msajtol\u00f3 berendez\u00e9sekben haszn\u00e1lj\u00e1k a f\u00e9mlemezek alak\u00edt\u00e1s\u00e1hoz \u00e9s alak\u00edt\u00e1s\u00e1hoz sz\u00fcks\u00e9ges er\u0151 biztos\u00edt\u00e1s\u00e1ra.<\/li>\n<li>Az aut\u00f3iparban ezeket a munkahengereket aut\u00f3emel\u0151kben, felvon\u00f3kban \u00e9s \u00f6sszeszerel\u0151 g\u00e9pekben haszn\u00e1lj\u00e1k neh\u00e9z alkatr\u00e9szek emel\u00e9s\u00e9re a gy\u00e1rt\u00e1si folyamat sor\u00e1n.<\/li>\n<li>Az \u00e9p\u00edt\u0151iparban hegesztett vill\u00e1s hengereket haszn\u00e1lnak darukban, kotr\u00f3g\u00e9pekben \u00e9s buld\u00f3zerekben a neh\u00e9z terheket emel\u0151 \u00e9s mozgat\u00f3 hidraulikus rendszerek m\u0171k\u00f6dtet\u00e9s\u00e9re.<\/li>\n<\/ul>\n<\/li>\n<li><strong>Mez\u0151gazdas\u00e1gi g\u00e9pek:<\/strong> A mez\u0151gazdas\u00e1gi g\u00e9pek az egyik legfontosabb ter\u00fclet, ahol a hegesztett vill\u00e1s hengereket haszn\u00e1lj\u00e1k. Ezeket a hengereket k\u00fcl\u00f6nf\u00e9le mez\u0151gazdas\u00e1gi g\u00e9pekben, bele\u00e9rtve a traktorokat, betakar\u00edt\u00f3g\u00e9peket \u00e9s ek\u00e9ket, haszn\u00e1lj\u00e1k a talaj-el\u0151k\u00e9sz\u00edt\u00e9shez, \u00fcltet\u00e9shez \u00e9s betakar\u00edt\u00e1shoz sz\u00fcks\u00e9ges er\u0151 biztos\u00edt\u00e1s\u00e1ra.\n<ul>\n<li>A mez\u0151gazdas\u00e1gban a hegesztett vill\u00e1s hengereket ek\u00e9kben, kultiv\u00e1torokban \u00e9s vet\u0151g\u00e9pekben haszn\u00e1lj\u00e1k a talaj-el\u0151k\u00e9sz\u00edt\u00e9shez \u00e9s a vet\u0151mag \u00fcltet\u00e9s\u00e9hez sz\u00fcks\u00e9ges er\u0151 biztos\u00edt\u00e1s\u00e1ra.<\/li>\n<li>A betakar\u00edt\u00f3iparban ezeket a hengereket betakar\u00edt\u00f3g\u00e9pekben, b\u00e1l\u00e1z\u00f3kban \u00e9s f\u0171ny\u00edr\u00f3kban haszn\u00e1lj\u00e1k a term\u00e9nyt \u00f6sszegy\u0171jt\u0151 \u00e9s sz\u00e1ll\u00edt\u00f3 hidraulikus rendszerek m\u0171k\u00f6dtet\u00e9s\u00e9re.<\/li>\n<\/ul>\n<\/li>\n<li><strong>Rep\u00fcl\u00e9s \u00e9s v\u00e9delem:<\/strong> A hegesztett Clevis t\u00edpus\u00fa hengereket a rep\u00fcl\u0151g\u00e9piparban \u00e9s a v\u00e9delmi iparban is haszn\u00e1lj\u00e1k, ahol sz\u00e9les k\u00f6rben alkalmazz\u00e1k rep\u00fcl\u0151g\u00e9pekhez, rak\u00e9t\u00e1khoz, rak\u00e9t\u00e1khoz \u00e9s v\u00e9delmi rendszerekhez.\n<ul>\n<li>A rep\u00fcl\u0151g\u00e9piparban hegesztett vill\u00e1shengereket haszn\u00e1lnak rep\u00fcl\u0151g\u00e9pek fut\u00f3m\u0171veiben, f\u00e9ksz\u00e1rnyaiban \u00e9s f\u00e9keiben, hogy biztos\u00edts\u00e1k a sz\u00fcks\u00e9ges er\u0151t a felsz\u00e1ll\u00e1shoz \u00e9s lesz\u00e1ll\u00e1shoz.<\/li>\n<li>A v\u00e9delmi iparban ezeket a hengereket rak\u00e9tavet\u0151kben, l\u00f6vegtornyokban \u00e9s harckocsirendszerekben haszn\u00e1lj\u00e1k a fegyverek \u00e9s l\u0151szerek mozg\u00e1s\u00e1t szab\u00e1lyoz\u00f3 hidraulikus rendszerek m\u0171k\u00f6dtet\u00e9s\u00e9re.<\/li>\n<\/ul>\n<\/li>\n<li><strong>Tenger\u00e9szeti ipar:<\/strong> A hegesztett vill\u00e1s hengereket sz\u00e9les k\u00f6rben haszn\u00e1lj\u00e1k a tenger\u00e9szeti iparban is, ahol haj\u00f3khoz, cs\u00f3nakokhoz \u00e9s v\u00edz alatti j\u00e1rm\u0171vekhez k\u00fcl\u00f6nf\u00e9le alkalmaz\u00e1sokban haszn\u00e1lj\u00e1k \u0151ket.\n<ul>\n<li>A haj\u00f3z\u00e1si iparban hegesztett vill\u00e1s hengereket haszn\u00e1lnak darukban, cs\u00f6rl\u0151kben \u00e9s rakom\u00e1nykezel\u0151 berendez\u00e9sekben, hogy biztos\u00edts\u00e1k a sz\u00fcks\u00e9ges er\u0151t a rakom\u00e1ny be- \u00e9s kirakod\u00e1s\u00e1hoz.<\/li>\n<li>A haj\u00f3z\u00e1si iparban ezeket a hengereket korm\u00e1nyrendszerekben, haj\u00f3csavarokban \u00e9s horgonyrendszerekben haszn\u00e1lj\u00e1k, hogy biztos\u00edts\u00e1k a sz\u00fcks\u00e9ges er\u0151t a haj\u00f3k \u00e9s haj\u00f3k mozg\u00e1s\u00e1nak szab\u00e1lyoz\u00e1s\u00e1hoz.<\/li>\n<li>A v\u00edz alatti j\u00e1rm\u0171iparban hegesztett vill\u00e1shengereket haszn\u00e1lnak mer\u00fcl\u0151haj\u00f3kban, t\u00e1vir\u00e1ny\u00edt\u00e1s\u00fa j\u00e1rm\u0171vekben (ROV) \u00e9s b\u00fav\u00e1rfelszerel\u00e9sekben, hogy biztos\u00edts\u00e1k a v\u00edz alatti m\u0171veletekhez sz\u00fcks\u00e9ges er\u0151t.<\/li>\n<\/ul>\n<\/li>\n<li><strong>B\u00e1nyaipar:<\/strong> A hegesztett vill\u00e1s hengereket a b\u00e1ny\u00e1szati \u200b\u200biparban is haszn\u00e1lj\u00e1k, ahol \u00e1sv\u00e1nykincsek kitermel\u00e9s\u00e9re \u00e9s anyagmozgat\u00e1sra k\u00fcl\u00f6nf\u00e9le alkalmaz\u00e1sokban alkalmazz\u00e1k \u0151ket.\n<ul>\n<li>A b\u00e1ny\u00e1szati \u200b\u200biparban a hegesztett vill\u00e1s hengereket sz\u00e1ll\u00edt\u00f3szalag-rendszerekben, f\u00far\u00f3g\u00e9pekben \u00e9s hidraulikus lap\u00e1tokban haszn\u00e1lj\u00e1k, hogy biztos\u00edts\u00e1k a sz\u00fcks\u00e9ges er\u0151t az \u00e1sv\u00e1nyok \u00e9s anyagok b\u00e1ny\u00e1kb\u00f3l \u00e9s k\u0151b\u00e1ny\u00e1kb\u00f3l t\u00f6rt\u00e9n\u0151 kinyer\u00e9s\u00e9hez.<\/li>\n<\/ul>\n<\/li>\n<\/ul>\n<p><img decoding=\"async\" src=\"https:\/\/hzpt.com\/wp-content\/uploads\/2023\/12\/insert-2.webp\" alt=\"\" title=\"\"><\/p>\n<p>Szerz\u0151: CX<\/p>","protected":false},"excerpt":{"rendered":"<p>Product 10055 is a small double-acting hydraulic cylinder designed specifically for trailers. It is an essential component for the smooth and efficient operation of various types of trailers, including dump trailers, tilt trailers, and flatbed trailers. Crafted using high-quality materials, this hydraulic cylinder is built to last and withstand tough conditions. It features a double-acting [&hellip;]<\/p>","protected":false},"featured_media":1127,"comment_status":"closed","ping_status":"closed","template":"","meta":{"_et_pb_use_builder":"","_et_pb_old_content":"","_et_gb_content_width":""},"product_brand":[],"product_cat":[36],"product_tag":[34,38],"class_list":{"0":"post-1063","1":"product","2":"type-product","3":"status-publish","4":"has-post-thumbnail","6":"product_cat-welded-clevis-type-cylinder","7":"product_tag-hydraulic-cylinder","8":"product_tag-welded-clevis-type-cylinder","10":"first","11":"instock","12":"product-type-simple"},"_links":{"self":[{"href":"https:\/\/fmp-components.com\/hu\/wp-json\/wp\/v2\/product\/1063","targetHints":{"allow":["GET"]}}],"collection":[{"href":"https:\/\/fmp-components.com\/hu\/wp-json\/wp\/v2\/product"}],"about":[{"href":"https:\/\/fmp-components.com\/hu\/wp-json\/wp\/v2\/types\/product"}],"replies":[{"embeddable":true,"href":"https:\/\/fmp-components.com\/hu\/wp-json\/wp\/v2\/comments?post=1063"}],"wp:featuredmedia":[{"embeddable":true,"href":"https:\/\/fmp-components.com\/hu\/wp-json\/wp\/v2\/media\/1127"}],"wp:attachment":[{"href":"https:\/\/fmp-components.com\/hu\/wp-json\/wp\/v2\/media?parent=1063"}],"wp:term":[{"taxonomy":"product_brand","embeddable":true,"href":"https:\/\/fmp-components.com\/hu\/wp-json\/wp\/v2\/product_brand?post=1063"},{"taxonomy":"product_cat","embeddable":true,"href":"https:\/\/fmp-components.com\/hu\/wp-json\/wp\/v2\/product_cat?post=1063"},{"taxonomy":"product_tag","embeddable":true,"href":"https:\/\/fmp-components.com\/hu\/wp-json\/wp\/v2\/product_tag?post=1063"}],"curies":[{"name":"munkaf\u00fczet","href":"https:\/\/api.w.org\/{rel}","templated":true}]}}