{"id":1059,"date":"2024-12-19T06:17:44","date_gmt":"2024-12-19T06:17:44","guid":{"rendered":"https:\/\/fmp-components.com\/product\/10051-good-quality-hydraulic-ram-cylinder-hydraulic-piston-cylinder-for-trailer\/"},"modified":"2024-12-23T09:01:10","modified_gmt":"2024-12-23T09:01:10","slug":"10051-good-quality-hydraulic-ram-cylinder-hydraulic-piston-cylinder-for-trailer","status":"publish","type":"product","link":"https:\/\/fmp-components.com\/hu\/product\/10051-good-quality-hydraulic-ram-cylinder-hydraulic-piston-cylinder-for-trailer\/","title":{"rendered":"10051 J\u00f3 min\u0151s\u00e9g\u0171 hidraulikus dugatty\u00fas henger hidraulikus dugatty\u00fas henger p\u00f3tkocsihoz"},"content":{"rendered":"<h2>Term\u00e9kbevezet\u00e9s:<\/h2>\n<p>A 10051-es j\u00f3 min\u0151s\u00e9g\u0171 hidraulikus dugatty\u00fas henger p\u00f3tkocsikhoz egy kiv\u00e1l\u00f3 min\u0151s\u00e9g\u0171 term\u00e9k, amelyet minden hidraulikus ig\u00e9ny kiel\u00e9g\u00edt\u00e9s\u00e9re terveztek. Kiv\u00e9teles min\u0151s\u00e9g\u00e9vel \u00e9s megb\u00edzhat\u00f3 teljes\u00edtm\u00e9ny\u00e9vel ez a hidraulikus henger t\u00f6k\u00e9letesen illeszkedik k\u00fcl\u00f6nf\u00e9le p\u00f3tkocsikhoz.<\/p>\n<p>Robusztus kialak\u00edt\u00e1s\u00e1nak \u00e9s a nagy terhel\u00e9sek elvisel\u00e9s\u00e9re tervezett munkahenger biztos\u00edtja a sima \u00e9s hat\u00e9kony m\u0171k\u00f6d\u00e9st. Hidraulikus munkahenger-rendszere er\u0151s \u00e9s \u00e1lland\u00f3 er\u0151t biztos\u00edt, \u00edgy ide\u00e1lis olyan alkalmaz\u00e1sokhoz, amelyek prec\u00edz vez\u00e9rl\u00e9st \u00e9s stabilit\u00e1st ig\u00e9nyelnek.<\/p>\n<p>Kiv\u00e1l\u00f3 min\u0151s\u00e9g\u0171 anyagokb\u00f3l k\u00e9sz\u00fclt, ez a hidraulikus henger kiemelked\u0151 tart\u00f3ss\u00e1got \u00e9s hossz\u00fa \u00e9lettartamot k\u00edn\u00e1l. Dugatty\u00fas kialak\u00edt\u00e1sa kiv\u00e1l\u00f3 t\u00f6m\u00edt\u00e9si k\u00e9pess\u00e9get biztos\u00edt, megakad\u00e1lyozza a sziv\u00e1rg\u00e1st \u00e9s biztos\u00edtja az optim\u00e1lis teljes\u00edtm\u00e9nyt.<\/p>\n<p>Ak\u00e1r neh\u00e9z terheket kell emelnie, tolnia vagy h\u00faznia, ez a hidraulikus henger kiemelked\u0151 teljes\u00edtm\u00e9nyt \u00e9s hat\u00e9konys\u00e1got biztos\u00edt. Sokoldal\u00fas\u00e1ga \u00e9s megb\u00edzhat\u00f3s\u00e1ga alkalmass\u00e1 teszi sz\u00e1mos ipar\u00e1gban, bele\u00e9rtve az \u00e9p\u00edt\u0151ipart, a mez\u0151gazdas\u00e1got \u00e9s a sz\u00e1ll\u00edtm\u00e1nyoz\u00e1st.<\/p>\n<p>\u00d6sszefoglalva, a 10051-es j\u00f3 min\u0151s\u00e9g\u0171 hidraulikus dugatty\u00fas henger p\u00f3tkocsihoz egy megb\u00edzhat\u00f3 \u00e9s nagy teljes\u00edtm\u00e9ny\u0171 term\u00e9k, amely fel\u00fclm\u00falja az elv\u00e1r\u00e1sait. Kiv\u00e1l\u00f3 konstrukci\u00f3j\u00e1val, kiemelked\u0151 szil\u00e1rds\u00e1g\u00e1val \u00e9s kiv\u00e9teles tart\u00f3ss\u00e1g\u00e1val ez a hidraulikus henger k\u00e9ts\u00e9gtelen\u00fcl \u00e9rt\u00e9kes kieg\u00e9sz\u00edt\u0151je lehet b\u00e1rmely p\u00f3tkocsinak.<\/p>\n<h2>Az FMP hidraulikus dugatty\u00fas henger\u00e9r\u0151l<\/h2>\n<p>Az FMP hidraulikus dugatty\u00fas hengere, m\u00e1s n\u00e9ven hidraulikus munkahenger, elengedhetetlen eszk\u00f6z a p\u00f3tkocsikhoz. A henger hidraulikus nyom\u00e1st haszn\u00e1l mechanikai energia el\u0151\u00e1ll\u00edt\u00e1s\u00e1ra egy dugatty\u00fa mozg\u00e1s\u00e1n kereszt\u00fcl. Ezt a term\u00e9ket sz\u00e9les k\u00f6rben haszn\u00e1lj\u00e1k k\u00fcl\u00f6nb\u00f6z\u0151 ipar\u00e1gakban, bele\u00e9rtve az \u00e9p\u00edt\u0151ipart, a b\u00e1ny\u00e1szatot \u00e9s a p\u00f3tkocsigy\u00e1rt\u00e1st, kiv\u00e1l\u00f3 teljes\u00edtm\u00e9ny\u00e9nek \u00e9s hat\u00e9konys\u00e1g\u00e1nak k\u00f6sz\u00f6nhet\u0151en.<\/p>\n<h3>Funkci\u00f3k \u00e9s fontoss\u00e1g<\/h3>\n<p><img decoding=\"async\" src=\"https:\/\/hzpt.com\/wp-content\/uploads\/2023\/12\/insert-1.webp\" alt=\"\" title=\"\"><\/p>\n<p>A hidraulikus munkahenger kulcsfontoss\u00e1g\u00fa szerepet j\u00e1tszik sz\u00e1mos ipar\u00e1gban. Energiahat\u00e9kony \u00e9s rendk\u00edv\u00fcl hat\u00e9kony a terhek emel\u00e9s\u00e9ben, tol\u00e1s\u00e1ban, h\u00faz\u00e1s\u00e1ban \u00e9s megtart\u00e1s\u00e1ban. A henger fontoss\u00e1g\u00e1t nem lehet el\u00e9gg\u00e9 hangs\u00falyozni, k\u00fcl\u00f6n\u00f6sen a p\u00f3tkocsik gy\u00e1rt\u00e1s\u00e1ban, ahol a z\u00f6kken\u0151mentes m\u0171k\u00f6d\u00e9s elengedhetetlen. A term\u00e9k egyedi tulajdons\u00e1gai \u00e9s el\u0151nyei megk\u00fcl\u00f6nb\u00f6ztetik a t\u00f6bbit\u0151l, garant\u00e1lt biztons\u00e1got \u00e9s teljes\u00edtm\u00e9nyt ny\u00fajtva.<\/p>\n<h3>Term\u00e9kspecifik\u00e1ci\u00f3k<\/h3>\n<p>A m\u00e9retek, a teherb\u00edr\u00e1s \u00e9s a teherb\u00edr\u00e1s modellenk\u00e9nt elt\u00e9r\u0151.<\/p>\n<h2>A hidraulikus rendszerek \u00e9s m\u0171k\u00f6d\u00e9si elv\u00fck meg\u00e9rt\u00e9se<\/h2>\n<p>A hidraulikus rendszerek Pascal t\u00f6rv\u00e9ny\u00e9nek elv\u00e9n m\u0171k\u00f6dnek, ami azt jelenti, hogy a z\u00e1rt folyad\u00e9k b\u00e1rmely r\u00e9sz\u00e9re kifejtett nyom\u00e1s egyenletesen terjed minden ir\u00e1nyban. A rendszer r\u00e9szek\u00e9nt a hidraulikus dugatty\u00fas henger ezt az elvet haszn\u00e1lja fel nagy teljes\u00edtm\u00e9ny lead\u00e1s\u00e1ra.<\/p>\n<h3>Hidraulikus hengerhenger alkalmaz\u00e1sa<\/h3>\n<p>A hidraulikus munkahengert els\u0151sorban p\u00f3tkocsikban haszn\u00e1lj\u00e1k rakom\u00e1nyok emel\u00e9s\u00e9re, tol\u00e1s\u00e1ra, h\u00faz\u00e1s\u00e1ra \u00e9s megtart\u00e1s\u00e1ra. Hat\u00e9kony teljes\u00edtm\u00e9ny\u00e9nek k\u00f6sz\u00f6nhet\u0151en z\u00f6kken\u0151mentes m\u0171k\u00f6d\u00e9st biztos\u00edt a p\u00f3tkocsikban.<\/p>\n<p>Tegyen egy virtu\u00e1lis t\u00far\u00e1t VR gy\u00e1runkban, hogy megtapasztalja, milyen prec\u00edzen \u00e9s gondosan gy\u00e1rtjuk term\u00e9keinket.<\/p>\n<h2>Term\u00e9kkiv\u00e1laszt\u00e1s \u00e9s karbantart\u00e1s<\/h2>\n<p>A megfelel\u0151 hidraulikafolyad\u00e9k \u00e9s olajt\u00f6m\u00edt\u00e9s kiv\u00e1laszt\u00e1sa kulcsfontoss\u00e1g\u00fa a hidraulikus munkahenger optim\u00e1lis teljes\u00edtm\u00e9ny\u00e9hez. Ezen alkatr\u00e9szek rendszeres karbantart\u00e1sa \u00e9s id\u0151ben t\u00f6rt\u00e9n\u0151 cser\u00e9je biztos\u00edtja a term\u00e9k hossz\u00fa \u00e9lettartam\u00e1t.<\/p>\n<h3>FMP: Az \u00d6n megb\u00edzhat\u00f3 partnere<\/h3>\n<p><img decoding=\"async\" src=\"https:\/\/hzpt.com\/wp-content\/uploads\/2023\/12\/insert-2.webp\" alt=\"\" title=\"\"><\/p>\n<p>Az FMP Olaszorsz\u00e1g vezet\u0151 hidraulikus hengergy\u00e1rt\u00f3ja, 200 000 darabos tervez\u00e9si kapacit\u00e1ssal. T\u00f6bb mint 300 k\u00fcl\u00f6nf\u00e9le, teljesen automatiz\u00e1lt CNC gy\u00e1rt\u00f3berendez\u00e9ssel \u00e9s teljesen automatiz\u00e1lt hidraulikus henger \u00f6sszeszerel\u0151 berendez\u00e9ssel az FMP kiv\u00e9teles min\u0151s\u00e9get \u00e9s szolg\u00e1ltat\u00e1st biztos\u00edt.<\/p>\n<h3>Egy\u00e9b term\u00e9kek<\/h3>\n<p>A hidraulikus munkahengerek mellett az FMP emel\u0151kosaras munkahengereket, ipari j\u00e1rm\u0171vek hidraulikus hengereit, forg\u00f3f\u00far\u00f3tornyok hengereit, teheraut\u00f3-daru hengereit, \u00e9p\u00edt\u0151ipari g\u00e9pek hidraulikus hengereit, targonc\u00e1k hidraulikus hengereit, b\u00e1ny\u00e1szati \u200b\u200bd\u00f6mperek hengereit \u00e9s higi\u00e9niai g\u00e9pek hidraulikus hengereit is k\u00edn\u00e1l. Tervrajzok vagy mint\u00e1k alapj\u00e1n egyedi megrendel\u00e9seket is sz\u00edvesen fogadunk.<\/p>\n<p><img decoding=\"async\" src=\"https:\/\/hzpt.com\/wp-content\/uploads\/2023\/12\/insert-5.webp\" alt=\"FMP gy\u00e1r\" title=\"\"><\/p>\n<h2>Gyakran ism\u00e9telt k\u00e9rd\u00e9sek<\/h2>\n<h3>1. k\u00e9rd\u00e9s: Mennyi a hidraulikus munkahenger \u00e9lettartama?<\/h3>\n<p>A1: Megfelel\u0151 karbantart\u00e1s mellett ezek a palackok \u00e9vekig kitarthatnak.<\/p>\n<h3>K2: Milyen gyakran kell cser\u00e9lni a hidraulikafolyad\u00e9kot?<\/h3>\n<p>A2: A hidraulikafolyad\u00e9k cser\u00e9j\u00e9nek aj\u00e1nlott gyakoris\u00e1ga a haszn\u00e1latt\u00f3l f\u00fcgg, de \u00e1ltal\u00e1ban 1000 \u00fczem\u00f3r\u00e1nk\u00e9nt javasoljuk a cser\u00e9j\u00e9t.<\/p>\n<h3>3. k\u00e9rd\u00e9s: Milyen hidraulikafolyad\u00e9kot kell haszn\u00e1lni?<\/h3>\n<p>A3: Javasoljuk a gy\u00e1rt\u00f3 \u00e1ltal el\u0151\u00edrt hidraulikafolyad\u00e9k haszn\u00e1lat\u00e1t.<\/p>\n<h3>4. k\u00e9rd\u00e9s: Van lehet\u0151s\u00e9g testreszab\u00e1sra?<\/h3>\n<p>A4: Igen, \u00fcdv\u00f6z\u00f6lj\u00fck a tervrajz vagy minta alapj\u00e1n t\u00f6rt\u00e9n\u0151 testreszab\u00e1st.<\/p>\n<h3>5. k\u00e9rd\u00e9s: Hogyan vehetem fel a kapcsolatot az FMP-vel tov\u00e1bbi inform\u00e1ci\u00f3k\u00e9rt?<\/h3>\n<p>A5: El\u00e9rhet minket hivatalos weboldalunkon vagy e-mailben.<\/p>\n<h2>A hegesztett vill\u00e1s henger el\u0151nyei<\/h2>\n<p>A hegesztett vill\u00e1shengerek n\u00e9pszer\u0171 v\u00e1laszt\u00e1snak bizonyulnak sz\u00e1mos ipari alkalmaz\u00e1sban egyedi el\u0151nyeik \u00e9s hasznuk miatt. \u00cdme a hegesztett vill\u00e1shengerek n\u00e9h\u00e1ny f\u0151 el\u0151nye:<\/p>\n<h3>1. Fokozott szil\u00e1rds\u00e1g \u00e9s tart\u00f3ss\u00e1g<\/h3>\n<p>A hegesztett vill\u00e1s hengerek hegesztett v\u00e9gz\u00e1r\u00f3val k\u00e9sz\u00fclnek, ami nagyobb szil\u00e1rds\u00e1got \u00e9s tart\u00f3ss\u00e1got biztos\u00edt m\u00e1s t\u00edpus\u00fa hengerekhez k\u00e9pest. Ez ide\u00e1liss\u00e1 teszi \u0151ket nagy ig\u00e9nybev\u00e9tel\u0171 alkalmaz\u00e1sokhoz, amelyek nagyfok\u00fa szil\u00e1rds\u00e1got \u00e9s tart\u00f3ss\u00e1got ig\u00e9nyelnek.<\/p>\n<p>Ezenk\u00edv\u00fcl ezeknek a hengereknek a hegesztett kialak\u00edt\u00e1sa azt jelenti, hogy kisebb a sziv\u00e1rg\u00e1s vagy a meghib\u00e1sod\u00e1s val\u00f3sz\u00edn\u0171s\u00e9ge, ami seg\u00edthet cs\u00f6kkenteni az \u00e1ll\u00e1sid\u0151t \u00e9s a karbantart\u00e1si k\u00f6lts\u00e9geket.<\/p>\n<h3>2. Nagy nyom\u00e1s kezel\u00e9s\u00e9nek k\u00e9pess\u00e9ge<\/h3>\n<p>A hegesztett kengyeles hengerek nagy nyom\u00e1s\u00fa alkalmaz\u00e1sokhoz is alkalmasak, \u00edgy n\u00e9pszer\u0171 v\u00e1laszt\u00e1snak sz\u00e1m\u00edtanak olyan ipar\u00e1gakban, mint az \u00e9p\u00edt\u0151ipar, a b\u00e1ny\u00e1szat, valamint az olaj- \u00e9s g\u00e1zipar. A nagy nyom\u00e1st\u0171r\u0151 k\u00e9pess\u00e9g\u00fck megb\u00edzhat\u00f3 teljes\u00edtm\u00e9nyt biztos\u00edt ig\u00e9nyes k\u00f6rnyezetben.<\/p>\n<h3>3. Testreszabhat\u00f3 diz\u00e1jn<\/h3>\n<p>A hegesztett vill\u00e1s hengerek egyedi tervez\u00e9s\u0171ek, hogy megfeleljenek egy adott alkalmaz\u00e1s ig\u00e9nyeinek. Ez azt jelenti, hogy egy adott m\u00e9rethez, alakhoz vagy teljes\u00edtm\u00e9nyk\u00f6vetelm\u00e9nyhez igaz\u00edthat\u00f3k. A testreszabhat\u00f3 kialak\u00edt\u00e1s nagyobb rugalmass\u00e1got is biztos\u00edt a gy\u00e1rt\u00e1si folyamatban, ami k\u00f6lts\u00e9gmegtakar\u00edt\u00e1shoz vezethet.<\/p>\n<h3>4. K\u00f6nny\u0171 telep\u00edt\u00e9s<\/h3>\n<p>A hegesztett vill\u00e1s hengerek k\u00f6nnyen telep\u00edthet\u0151k, ami seg\u00edt cs\u00f6kkenteni a be\u00e1ll\u00edt\u00e1si id\u0151t \u00e9s a munkak\u00f6lts\u00e9geket. \u00c1ltal\u00e1ban el\u0151re \u00f6sszeszereltek \u00e9s haszn\u00e1latra k\u00e9szek a dobozb\u00f3l kiv\u00e9ve, ami minimaliz\u00e1lja a tov\u00e1bbi alkatr\u00e9szek vagy komponensek sz\u00fcks\u00e9gess\u00e9g\u00e9t.<\/p>\n<h3>5. Jav\u00edtott teljes\u00edtm\u00e9ny<\/h3>\n<p>A hegesztett vill\u00e1s hengerek kialak\u00edt\u00e1sa jobb teljes\u00edtm\u00e9nyt tesz lehet\u0151v\u00e9 m\u00e1s t\u00edpus\u00fa hengerekhez k\u00e9pest. Nyom\u00e1segys\u00e9gre vet\u00edtve nagyobb er\u0151t tudnak el\u0151\u00e1ll\u00edtani, ami seg\u00edthet jav\u00edtani a hat\u00e9konys\u00e1got \u00e9s a termel\u00e9kenys\u00e9get az ipari alkalmaz\u00e1sokban.<\/p>\n<p>\u00d6sszess\u00e9g\u00e9ben a hegesztett vill\u00e1s hengerek sz\u00e1mos el\u0151nnyel \u00e9s hasznal rendelkeznek, amelyek n\u00e9pszer\u0171v\u00e9 teszik \u0151ket sz\u00e1mos ipari alkalmaz\u00e1sban. Megn\u00f6velt szil\u00e1rds\u00e1guk \u00e9s tart\u00f3ss\u00e1guk, nagy nyom\u00e1st\u0171r\u0151 k\u00e9pess\u00e9g\u00fck, testreszabhat\u00f3 kialak\u00edt\u00e1suk, egyszer\u0171 telep\u00edt\u00e9s\u00fck \u00e9s jobb teljes\u00edtm\u00e9ny\u00fck ide\u00e1lis v\u00e1laszt\u00e1ss\u00e1 teszi \u0151ket ig\u00e9nyes k\u00f6rnyezetekben, ahol a megb\u00edzhat\u00f3s\u00e1g \u00e9s a teljes\u00edtm\u00e9ny kulcsfontoss\u00e1g\u00fa.<\/p>\n<p><img loading=\"lazy\" decoding=\"async\" class=\"alignnone size-full wp-image-974\" src=\"https:\/\/fmp-components.com\/wp-content\/uploads\/2024\/12\/application-of-Welded-Tee-Type-Cylinder.webp\" alt=\"Hegesztett T-idom\u00fa henger alkalmaz\u00e1sa\" width=\"760\" height=\"860\" title=\"\" srcset=\"https:\/\/fmp-components.com\/wp-content\/uploads\/2024\/12\/application-of-Welded-Tee-Type-Cylinder.webp 760w, https:\/\/fmp-components.com\/wp-content\/uploads\/2024\/12\/application-of-Welded-Tee-Type-Cylinder-480x543.webp 480w\" sizes=\"(min-width: 0px) and (max-width: 480px) 480px, (min-width: 481px) 760px, 100vw\" \/><\/p>\n<h2>Hegesztett Clevis t\u00edpus\u00fa henger alkalmaz\u00e1sa<\/h2>\n<ul>\n<li><strong>Ipari g\u00e9pek:<\/strong> A hegesztett vill\u00e1s hengereket sz\u00e9les k\u00f6rben haszn\u00e1lj\u00e1k k\u00fcl\u00f6nf\u00e9le ipari g\u00e9pekben nagy teherb\u00edr\u00e1s\u00fa alkalmaz\u00e1sokhoz. Ezek a hengerek nagy er\u0151kifejt\u00e9sre k\u00e9pesek a g\u00e9pek alkatr\u00e9szeinek emel\u00e9s\u00e9hez \u00e9s pr\u00e9sel\u00e9s\u00e9hez. A hegesztett vill\u00e1s kialak\u00edt\u00e1s lehet\u0151v\u00e9 teszi a k\u00f6nny\u0171 telep\u00edt\u00e9st \u00e9s a hat\u00e9kony m\u0171k\u00f6d\u00e9st, \u00edgy n\u00e9pszer\u0171 v\u00e1laszt\u00e1s a gy\u00e1rt\u00f3k sz\u00e1m\u00e1ra.\n<ul>\n<li>A feldolgoz\u00f3iparban a hegesztett vill\u00e1shengereket hidraulikus pr\u00e9sekben, fr\u00f6ccs\u00f6nt\u0151 g\u00e9pekben \u00e9s f\u00e9msajtol\u00f3 berendez\u00e9sekben haszn\u00e1lj\u00e1k a f\u00e9mlemezek alak\u00edt\u00e1s\u00e1hoz \u00e9s alak\u00edt\u00e1s\u00e1hoz sz\u00fcks\u00e9ges er\u0151 biztos\u00edt\u00e1s\u00e1ra.<\/li>\n<li>Az aut\u00f3iparban ezeket a munkahengereket aut\u00f3emel\u0151kben, felvon\u00f3kban \u00e9s \u00f6sszeszerel\u0151 g\u00e9pekben haszn\u00e1lj\u00e1k neh\u00e9z alkatr\u00e9szek emel\u00e9s\u00e9re a gy\u00e1rt\u00e1si folyamat sor\u00e1n.<\/li>\n<li>Az \u00e9p\u00edt\u0151iparban hegesztett vill\u00e1s hengereket haszn\u00e1lnak darukban, kotr\u00f3g\u00e9pekben \u00e9s buld\u00f3zerekben a neh\u00e9z terheket emel\u0151 \u00e9s mozgat\u00f3 hidraulikus rendszerek m\u0171k\u00f6dtet\u00e9s\u00e9re.<\/li>\n<\/ul>\n<\/li>\n<li><strong>Mez\u0151gazdas\u00e1gi g\u00e9pek:<\/strong> A mez\u0151gazdas\u00e1gi g\u00e9pek az egyik legfontosabb ter\u00fclet, ahol a hegesztett vill\u00e1s hengereket haszn\u00e1lj\u00e1k. Ezeket a hengereket k\u00fcl\u00f6nf\u00e9le mez\u0151gazdas\u00e1gi g\u00e9pekben, bele\u00e9rtve a traktorokat, betakar\u00edt\u00f3g\u00e9peket \u00e9s ek\u00e9ket, haszn\u00e1lj\u00e1k a talaj-el\u0151k\u00e9sz\u00edt\u00e9shez, \u00fcltet\u00e9shez \u00e9s betakar\u00edt\u00e1shoz sz\u00fcks\u00e9ges er\u0151 biztos\u00edt\u00e1s\u00e1ra.\n<ul>\n<li>A mez\u0151gazdas\u00e1gban a hegesztett vill\u00e1s hengereket ek\u00e9kben, kultiv\u00e1torokban \u00e9s vet\u0151g\u00e9pekben haszn\u00e1lj\u00e1k a talaj-el\u0151k\u00e9sz\u00edt\u00e9shez \u00e9s a vet\u0151mag \u00fcltet\u00e9s\u00e9hez sz\u00fcks\u00e9ges er\u0151 biztos\u00edt\u00e1s\u00e1ra.<\/li>\n<li>A betakar\u00edt\u00f3iparban ezeket a hengereket betakar\u00edt\u00f3g\u00e9pekben, b\u00e1l\u00e1z\u00f3kban \u00e9s f\u0171ny\u00edr\u00f3kban haszn\u00e1lj\u00e1k a term\u00e9nyt \u00f6sszegy\u0171jt\u0151 \u00e9s sz\u00e1ll\u00edt\u00f3 hidraulikus rendszerek m\u0171k\u00f6dtet\u00e9s\u00e9re.<\/li>\n<\/ul>\n<\/li>\n<li><strong>Rep\u00fcl\u00e9s \u00e9s v\u00e9delem:<\/strong> A hegesztett Clevis t\u00edpus\u00fa hengereket a rep\u00fcl\u0151g\u00e9piparban \u00e9s a v\u00e9delmi iparban is haszn\u00e1lj\u00e1k, ahol sz\u00e9les k\u00f6rben alkalmazz\u00e1k rep\u00fcl\u0151g\u00e9pekhez, rak\u00e9t\u00e1khoz, rak\u00e9t\u00e1khoz \u00e9s v\u00e9delmi rendszerekhez.\n<ul>\n<li>A rep\u00fcl\u0151g\u00e9piparban hegesztett vill\u00e1shengereket haszn\u00e1lnak rep\u00fcl\u0151g\u00e9pek fut\u00f3m\u0171veiben, f\u00e9ksz\u00e1rnyaiban \u00e9s f\u00e9keiben, hogy biztos\u00edts\u00e1k a sz\u00fcks\u00e9ges er\u0151t a felsz\u00e1ll\u00e1shoz \u00e9s lesz\u00e1ll\u00e1shoz.<\/li>\n<li>A v\u00e9delmi iparban ezeket a hengereket rak\u00e9tavet\u0151kben, l\u00f6vegtornyokban \u00e9s harckocsirendszerekben haszn\u00e1lj\u00e1k a fegyverek \u00e9s l\u0151szerek mozg\u00e1s\u00e1t szab\u00e1lyoz\u00f3 hidraulikus rendszerek m\u0171k\u00f6dtet\u00e9s\u00e9re.<\/li>\n<\/ul>\n<\/li>\n<li><strong>Tenger\u00e9szeti ipar:<\/strong> A hegesztett vill\u00e1s hengereket sz\u00e9les k\u00f6rben haszn\u00e1lj\u00e1k a tenger\u00e9szeti iparban is, ahol haj\u00f3khoz, cs\u00f3nakokhoz \u00e9s v\u00edz alatti j\u00e1rm\u0171vekhez k\u00fcl\u00f6nf\u00e9le alkalmaz\u00e1sokban haszn\u00e1lj\u00e1k \u0151ket.\n<ul>\n<li>A haj\u00f3z\u00e1si iparban hegesztett vill\u00e1s hengereket haszn\u00e1lnak darukban, cs\u00f6rl\u0151kben \u00e9s rakom\u00e1nykezel\u0151 berendez\u00e9sekben, hogy biztos\u00edts\u00e1k a sz\u00fcks\u00e9ges er\u0151t a rakom\u00e1ny be- \u00e9s kirakod\u00e1s\u00e1hoz.<\/li>\n<li>A haj\u00f3z\u00e1si iparban ezeket a hengereket korm\u00e1nyrendszerekben, haj\u00f3csavarokban \u00e9s horgonyrendszerekben haszn\u00e1lj\u00e1k, hogy biztos\u00edts\u00e1k a sz\u00fcks\u00e9ges er\u0151t a haj\u00f3k \u00e9s haj\u00f3k mozg\u00e1s\u00e1nak szab\u00e1lyoz\u00e1s\u00e1hoz.<\/li>\n<li>A v\u00edz alatti j\u00e1rm\u0171iparban hegesztett vill\u00e1shengereket haszn\u00e1lnak mer\u00fcl\u0151haj\u00f3kban, t\u00e1vir\u00e1ny\u00edt\u00e1s\u00fa j\u00e1rm\u0171vekben (ROV) \u00e9s b\u00fav\u00e1rfelszerel\u00e9sekben, hogy biztos\u00edts\u00e1k a v\u00edz alatti m\u0171veletekhez sz\u00fcks\u00e9ges er\u0151t.<\/li>\n<\/ul>\n<\/li>\n<li><strong>B\u00e1nyaipar:<\/strong> A hegesztett vill\u00e1s hengereket a b\u00e1ny\u00e1szati \u200b\u200biparban is haszn\u00e1lj\u00e1k, ahol \u00e1sv\u00e1nykincsek kitermel\u00e9s\u00e9re \u00e9s anyagmozgat\u00e1sra k\u00fcl\u00f6nf\u00e9le alkalmaz\u00e1sokban alkalmazz\u00e1k \u0151ket.\n<ul>\n<li>A b\u00e1ny\u00e1szati \u200b\u200biparban a hegesztett vill\u00e1s hengereket sz\u00e1ll\u00edt\u00f3szalag-rendszerekben, f\u00far\u00f3g\u00e9pekben \u00e9s hidraulikus lap\u00e1tokban haszn\u00e1lj\u00e1k, hogy biztos\u00edts\u00e1k a sz\u00fcks\u00e9ges er\u0151t az \u00e1sv\u00e1nyok \u00e9s anyagok b\u00e1ny\u00e1kb\u00f3l \u00e9s k\u0151b\u00e1ny\u00e1kb\u00f3l t\u00f6rt\u00e9n\u0151 kinyer\u00e9s\u00e9hez.<\/li>\n<\/ul>\n<\/li>\n<\/ul>\n<p>Szerz\u0151: CX<\/p>","protected":false},"excerpt":{"rendered":"<p>Product Introduction: The 10051 Good Quality Hydraulic Ram Cylinder Hydraulic Piston Cylinder For Trailer is a top-notch product designed to meet all your hydraulic needs. With its exceptional quality and reliable performance, this hydraulic cylinder is a perfect fit for trailers of various kinds. Featuring a robust design and built to withstand heavy loads, this [&hellip;]<\/p>","protected":false},"featured_media":1127,"comment_status":"closed","ping_status":"closed","template":"","meta":{"_et_pb_use_builder":"","_et_pb_old_content":"","_et_gb_content_width":""},"product_brand":[],"product_cat":[36],"product_tag":[34,38],"class_list":{"0":"post-1059","1":"product","2":"type-product","3":"status-publish","4":"has-post-thumbnail","6":"product_cat-welded-clevis-type-cylinder","7":"product_tag-hydraulic-cylinder","8":"product_tag-welded-clevis-type-cylinder","10":"first","11":"instock","12":"product-type-simple"},"_links":{"self":[{"href":"https:\/\/fmp-components.com\/hu\/wp-json\/wp\/v2\/product\/1059","targetHints":{"allow":["GET"]}}],"collection":[{"href":"https:\/\/fmp-components.com\/hu\/wp-json\/wp\/v2\/product"}],"about":[{"href":"https:\/\/fmp-components.com\/hu\/wp-json\/wp\/v2\/types\/product"}],"replies":[{"embeddable":true,"href":"https:\/\/fmp-components.com\/hu\/wp-json\/wp\/v2\/comments?post=1059"}],"wp:featuredmedia":[{"embeddable":true,"href":"https:\/\/fmp-components.com\/hu\/wp-json\/wp\/v2\/media\/1127"}],"wp:attachment":[{"href":"https:\/\/fmp-components.com\/hu\/wp-json\/wp\/v2\/media?parent=1059"}],"wp:term":[{"taxonomy":"product_brand","embeddable":true,"href":"https:\/\/fmp-components.com\/hu\/wp-json\/wp\/v2\/product_brand?post=1059"},{"taxonomy":"product_cat","embeddable":true,"href":"https:\/\/fmp-components.com\/hu\/wp-json\/wp\/v2\/product_cat?post=1059"},{"taxonomy":"product_tag","embeddable":true,"href":"https:\/\/fmp-components.com\/hu\/wp-json\/wp\/v2\/product_tag?post=1059"}],"curies":[{"name":"munkaf\u00fczet","href":"https:\/\/api.w.org\/{rel}","templated":true}]}}