{"id":1058,"date":"2024-12-19T06:17:44","date_gmt":"2024-12-19T06:17:44","guid":{"rendered":"https:\/\/fmp-components.com\/product\/10050-factory-price-trailer-hydraulic-ram-cylinder-hydraulic-cylinder-for-sale\/"},"modified":"2024-12-23T09:01:24","modified_gmt":"2024-12-23T09:01:24","slug":"10050-factory-price-trailer-hydraulic-ram-cylinder-hydraulic-cylinder-for-sale","status":"publish","type":"product","link":"https:\/\/fmp-components.com\/hu\/product\/10050-factory-price-trailer-hydraulic-ram-cylinder-hydraulic-cylinder-for-sale\/","title":{"rendered":"10050 gy\u00e1ri \u00e1r\u00fa p\u00f3tkocsi hidraulikus dugatty\u00fas henger hidraulikus henger elad\u00f3"},"content":{"rendered":"<h2>Term\u00e9kbevezet\u00e9s:<\/h2>\n<p>Az elad\u00f3 10050 gy\u00e1ri \u00e1r\u00fa p\u00f3tkocsi hidraulikus dugatty\u00fas henger egy megb\u00edzhat\u00f3 \u00e9s hat\u00e9kony hidraulikus henger, amelyet k\u00fcl\u00f6nf\u00e9le p\u00f3tkocsikhoz terveztek. Massz\u00edv konstrukci\u00f3j\u00e1nak \u00e9s kiv\u00e1l\u00f3 teljes\u00edtm\u00e9ny\u00e9nek k\u00f6sz\u00f6nhet\u0151en ez a hidraulikus henger sz\u00e1mos ipar\u00e1g sz\u00e1m\u00e1ra el\u0151ny\u00f6s v\u00e1laszt\u00e1s.<\/p>\n<h3>Jellemz\u0151k \u00e9s el\u0151ny\u00f6k:<\/h3>\n<p>\u2013 Er\u0151s \u00e9s tart\u00f3s konstrukci\u00f3: A 10050-es hidraulikus henger kiv\u00e1l\u00f3 min\u0151s\u00e9g\u0171 anyagokb\u00f3l k\u00e9sz\u00fclt, amelyek biztos\u00edtj\u00e1k szil\u00e1rds\u00e1g\u00e1t \u00e9s tart\u00f3ss\u00e1g\u00e1t, \u00edgy hossz\u00fa t\u00e1v\u00fa befektet\u00e9st jelent v\u00e1llalkoz\u00e1sa sz\u00e1m\u00e1ra.<\/p>\n<p>\u2013 Hat\u00e9kony teljes\u00edtm\u00e9ny: Ez a hidraulikus henger p\u00e1ratlan teljes\u00edtm\u00e9nyt \u00e9s hat\u00e9konys\u00e1got biztos\u00edt, biztos\u00edtva a p\u00f3tkocsi z\u00f6kken\u0151mentes \u00e9s megb\u00edzhat\u00f3 m\u0171k\u00f6d\u00e9s\u00e9t.<\/p>\n<p>\u2013 K\u00f6nnyen telep\u00edthet\u0151: A henger k\u00f6nnyen telep\u00edthet\u0151, \u00edgy id\u0151t \u00e9s p\u00e9nzt takar\u00edthat meg a telep\u00edt\u00e9si k\u00f6lts\u00e9geken.<\/p>\n<p>\u2013 Alacsony karbantart\u00e1si ig\u00e9ny: A henger minim\u00e1lis karbantart\u00e1st ig\u00e9nyel, ami cs\u00f6kkenti az \u00e1ll\u00e1sid\u0151t \u00e9s biztos\u00edtja a v\u00e1llalkoz\u00e1s z\u00f6kken\u0151mentes m\u0171k\u00f6d\u00e9s\u00e9t.<\/p>\n<p><img decoding=\"async\" src=\"https:\/\/hzpt.com\/wp-content\/uploads\/2023\/12\/insert-1.webp\" alt=\"\" title=\"\"><\/p>\n<h3>Alkalmaz\u00e1sok:<\/h3>\n<p>A 10050-es hidraulikus henger sz\u00e9les k\u00f6r\u0171 alkalmaz\u00e1sokhoz alkalmas, bele\u00e9rtve:<\/p>\n<p>\u2013 Billen\u0151 p\u00f3tkocsik<br \/>\n\u2013 Plat\u00f3s p\u00f3tkocsik<br \/>\n\u2013 Neh\u00e9z teherb\u00edr\u00e1s\u00fa p\u00f3tkocsik<br \/>\n\u2013 \u00c1llatsz\u00e1ll\u00edt\u00f3 p\u00f3tkocsik<br \/>\n\u2013 R\u00f6nksz\u00e1ll\u00edt\u00f3 p\u00f3tkocsik<br \/>\n\u2013 \u00c9s m\u00e9g t\u00f6bb<\/p>\n<p>Az 10050 gy\u00e1ri \u00e1ron kaphat\u00f3 p\u00f3tkocsi hidraulikus dugatty\u00fas henger kiv\u00e1l\u00f3 befektet\u00e9s minden olyan v\u00e1llalkoz\u00e1s sz\u00e1m\u00e1ra, amely megb\u00edzhat\u00f3, nagy teljes\u00edtm\u00e9ny\u0171 hidraulikus hengereket ig\u00e9nyel. Er\u0151s konstrukci\u00f3j\u00e1nak, hat\u00e9kony teljes\u00edtm\u00e9ny\u00e9nek \u00e9s egyszer\u0171 telep\u00edt\u00e9s\u00e9nek k\u00f6sz\u00f6nhet\u0151en ez a hidraulikus henger sz\u00e1mos ipar\u00e1g sz\u00e1m\u00e1ra el\u0151ny\u00f6s v\u00e1laszt\u00e1s. Az FMP sz\u00e9les v\u00e1laszt\u00e9kban k\u00edn\u00e1l hidraulikus dugatty\u00fas hengereket versenyk\u00e9pes gy\u00e1ri \u00e1ron. Ezeket a hengereket optim\u00e1lis teljes\u00edtm\u00e9ny, tart\u00f3ss\u00e1g \u00e9s megb\u00edzhat\u00f3s\u00e1g biztos\u00edt\u00e1s\u00e1ra tervezt\u00e9k, biztos\u00edtva a kiv\u00e9teles eredm\u00e9nyeket minden hidraulikus alkalmaz\u00e1shoz.<\/p>\n<p>FMP hidraulikus dugatty\u00fas hengerek: Mik ezek \u00e9s a funkci\u00f3juk<br \/>\nAz FMP hidraulikus dugatty\u00fas munkahengerei olyan mechanikus eszk\u00f6z\u00f6k, amelyek a hidraulikus energi\u00e1t mechanikai er\u0151v\u00e9 alak\u00edtj\u00e1k. Hat\u00e9konys\u00e1guk \u00e9s eredm\u00e9nyess\u00e9g\u00fck miatt sz\u00e1mos ipar\u00e1gban nagy keresletnek \u00f6rvendenek.<\/p>\n<p>Term\u00e9kspecifik\u00e1ci\u00f3k<br \/>\nHidraulikus dugatty\u00fas munkahengereink a k\u00f6vetkez\u0151 m\u0171szaki param\u00e9terekkel rendelkeznek:<br \/>\n\u2013 M\u00e9retek: Az \u00fcgyf\u00e9l ig\u00e9nyei szerint testreszabhat\u00f3<br \/>\n\u2013 Kapacit\u00e1s: Modellt\u0151l f\u00fcgg\u0151en v\u00e1ltozik<br \/>\n\u2013 Teherb\u00edr\u00e1s: Neh\u00e9zs\u00faly\u00fa alkalmaz\u00e1sokhoz tervezve<\/p>\n<p>Egyedi tulajdons\u00e1gok \u00e9s el\u0151ny\u00f6k<br \/>\nAz FMP hidraulikus dugatty\u00fas munkahengerekkel a k\u00f6vetkez\u0151 funkci\u00f3kat \u00e9lvezheti:<br \/>\n\u2013 Energiahat\u00e9kony: Palackjainkat \u00fagy tervezt\u00fck, hogy kevesebb energi\u00e1t fogyasztsanak, \u00edgy k\u00f6lts\u00e9ghat\u00e9konyak.<br \/>\n\u2013 Nagy teljes\u00edtm\u00e9ny: Nagy kapacit\u00e1s\u00fa \u00e9s nagynyom\u00e1s\u00fa alkalmaz\u00e1sokhoz tervezt\u00e9k.<br \/>\n\u2013 Biztons\u00e1g: Biztons\u00e1gi funkci\u00f3kkal felszerelt a m\u0171k\u00f6d\u00e9s k\u00f6zbeni balesetek megel\u0151z\u00e9se \u00e9rdek\u00e9ben.<\/p>\n<p>A hidraulikus rendszer \u00e9s m\u0171k\u00f6d\u00e9si elv\u00e9nek meg\u00e9rt\u00e9se<br \/>\nAz FMP hidraulikus dugatty\u00fas munkahengerek a nyom\u00e1sk\u00fcl\u00f6nbs\u00e9g egyszer\u0171 elv\u00e9n m\u0171k\u00f6dnek. Nagynyom\u00e1s\u00fa hidraulikafolyad\u00e9kot haszn\u00e1lnak a dugatty\u00fa mozg\u00e1s\u00e1nak el\u0151id\u00e9z\u00e9s\u00e9re, ami viszont mozgatja a terhet.<\/p>\n<p>Hidraulikus d\u00f6ng\u00f6l\u0151k alkalmaz\u00e1sa<br \/>\nAz FMP hidraulikus dugatty\u00fas munkahengerei sz\u00e9les k\u00f6rben alkalmazhat\u00f3k k\u00fcl\u00f6nf\u00e9le ipar\u00e1gakban, p\u00e9ld\u00e1ul az \u00e9p\u00edt\u0151iparban, a gy\u00e1rt\u00e1sban \u00e9s a sz\u00e1ll\u00edtm\u00e1nyoz\u00e1sban. Ide\u00e1lisak neh\u00e9z terhek emel\u00e9s\u00e9re, tol\u00e1s\u00e1ra vagy h\u00faz\u00e1s\u00e1ra.<\/p>\n<p><img loading=\"lazy\" decoding=\"async\" class=\"alignnone size-full wp-image-1074\" src=\"https:\/\/fmp-components.com\/wp-content\/uploads\/2024\/12\/Welded-Clevis-Type-Cylinder1.webp\" alt=\"Hegesztett vill\u00e1s henger\" width=\"800\" height=\"800\" title=\"\" srcset=\"https:\/\/fmp-components.com\/wp-content\/uploads\/2024\/12\/Welded-Clevis-Type-Cylinder1.webp 800w, https:\/\/fmp-components.com\/wp-content\/uploads\/2024\/12\/Welded-Clevis-Type-Cylinder1-480x480.webp 480w\" sizes=\"(min-width: 0px) and (max-width: 480px) 480px, (min-width: 481px) 800px, 100vw\" \/><\/p>\n<h3>Az FMP-r\u0151l<\/h3>\n<p>Az FMP vezet\u0151 szerepl\u0151 az olaszorsz\u00e1gi mobil hidraulikus hengerek piac\u00e1n. 200 000 darabos gy\u00e1rt\u00f3kapacit\u00e1ssal 300 teljesen automata CNC gy\u00e1rt\u00f3berendez\u00e9ssel, valamint teljesen automata hidraulikus henger \u00f6sszeszerel\u0151 berendez\u00e9ssel rendelkez\u00fcnk.<\/p>\n<p>Mi\u00e9rt v\u00e1lassza az FMP-t?<br \/>\nAz FMP kiv\u00e1laszt\u00e1s\u00e1val nemcsak term\u00e9ket kap, hanem min\u0151s\u00e9get, megfizethet\u0151s\u00e9get \u00e9s megb\u00edzhat\u00f3 szolg\u00e1ltat\u00e1st is. Sz\u00e9les term\u00e9kv\u00e1laszt\u00e9kot k\u00edn\u00e1lunk, bele\u00e9rtve a hidraulikus hengereket emel\u0151kosaras munka\u00e1llv\u00e1nyokhoz, ipari j\u00e1rm\u0171vekhez, forg\u00f3 f\u00far\u00f3tornyokhoz, aut\u00f3darukhoz, \u00e9p\u00edt\u0151ipari g\u00e9pekhez, targonc\u00e1khoz, b\u00e1ny\u00e1szati \u200b\u200bd\u00f6mperekhez \u00e9s szaniterg\u00e9pekhez. Egyedi megrendel\u00e9seket is sz\u00edvesen fogadunk.<\/p>\n<p>Gyakran ism\u00e9telt k\u00e9rd\u00e9sek<br \/>\nK: Mekkora a hengerek teherb\u00edr\u00e1sa?<br \/>\nV: Ez modellt\u0151l f\u00fcgg\u0151en v\u00e1ltozik, de a hengereinket neh\u00e9zs\u00faly\u00fa alkalmaz\u00e1sokhoz tervezt\u00fck.<\/p>\n<p>K: Rendelhetek egyedi hidraulikus hengert?<br \/>\nV: Igen, sz\u00edvesen fogadunk egyedi megrendel\u00e9seket. K\u00e9rj\u00fck, adja meg nek\u00fcnk a specifik\u00e1ci\u00f3it vagy a mint\u00e1t.<\/p>\n<p>K: Hogyan tartsam karban a hidraulikus hengeremet?<br \/>\nV: A hidraulikaolaj \u00e9s a t\u00f6m\u00edt\u00e9sek rendszeres ellen\u0151rz\u00e9se \u00e9s cser\u00e9je meghosszabb\u00edthatja a henger \u00e9lettartam\u00e1t.<\/p>\n<p>K: Hogyan m\u0171k\u00f6dik egy hidraulikus dugatty\u00fas munkahenger?<br \/>\nA: A nyom\u00e1sk\u00fcl\u00f6nbs\u00e9g elv\u00e9n m\u0171k\u00f6dik. Nagynyom\u00e1s\u00fa hidraulikafolyad\u00e9kot haszn\u00e1lnak a dugatty\u00fa mozg\u00e1s\u00e1nak el\u0151id\u00e9z\u00e9s\u00e9re, ami viszont mozgatja a terhet.<\/p>\n<p>K: Megl\u00e1togathatom a gy\u00e1rat?<br \/>\nV: Igen, virtu\u00e1lisan is megl\u00e1togathatja gy\u00e1runkat a fenti VR-gy\u00e1runkra mutat\u00f3 linkre kattintva.<\/p>\n<h2>A hegesztett vill\u00e1s henger el\u0151nyei<\/h2>\n<p>A hegesztett vill\u00e1shengerek n\u00e9pszer\u0171 v\u00e1laszt\u00e1snak bizonyulnak sz\u00e1mos ipari alkalmaz\u00e1sban egyedi el\u0151nyeik \u00e9s hasznuk miatt. \u00cdme a hegesztett vill\u00e1shengerek n\u00e9h\u00e1ny f\u0151 el\u0151nye:<\/p>\n<h3>1. Fokozott szil\u00e1rds\u00e1g \u00e9s tart\u00f3ss\u00e1g<\/h3>\n<p>A hegesztett vill\u00e1s hengerek hegesztett v\u00e9gz\u00e1r\u00f3val k\u00e9sz\u00fclnek, ami nagyobb szil\u00e1rds\u00e1got \u00e9s tart\u00f3ss\u00e1got biztos\u00edt m\u00e1s t\u00edpus\u00fa hengerekhez k\u00e9pest. Ez ide\u00e1liss\u00e1 teszi \u0151ket nagy ig\u00e9nybev\u00e9tel\u0171 alkalmaz\u00e1sokhoz, amelyek nagyfok\u00fa szil\u00e1rds\u00e1got \u00e9s tart\u00f3ss\u00e1got ig\u00e9nyelnek.<\/p>\n<p>Ezenk\u00edv\u00fcl ezeknek a hengereknek a hegesztett kialak\u00edt\u00e1sa azt jelenti, hogy kisebb a sziv\u00e1rg\u00e1s vagy a meghib\u00e1sod\u00e1s val\u00f3sz\u00edn\u0171s\u00e9ge, ami seg\u00edthet cs\u00f6kkenteni az \u00e1ll\u00e1sid\u0151t \u00e9s a karbantart\u00e1si k\u00f6lts\u00e9geket.<\/p>\n<h3>2. Nagy nyom\u00e1s kezel\u00e9s\u00e9nek k\u00e9pess\u00e9ge<\/h3>\n<p>A hegesztett kengyeles hengerek nagy nyom\u00e1s\u00fa alkalmaz\u00e1sokhoz is alkalmasak, \u00edgy n\u00e9pszer\u0171 v\u00e1laszt\u00e1snak sz\u00e1m\u00edtanak olyan ipar\u00e1gakban, mint az \u00e9p\u00edt\u0151ipar, a b\u00e1ny\u00e1szat, valamint az olaj- \u00e9s g\u00e1zipar. A nagy nyom\u00e1st\u0171r\u0151 k\u00e9pess\u00e9g\u00fck megb\u00edzhat\u00f3 teljes\u00edtm\u00e9nyt biztos\u00edt ig\u00e9nyes k\u00f6rnyezetben.<\/p>\n<h3>3. Testreszabhat\u00f3 diz\u00e1jn<\/h3>\n<p>A hegesztett vill\u00e1s hengerek egyedi tervez\u00e9s\u0171ek, hogy megfeleljenek egy adott alkalmaz\u00e1s ig\u00e9nyeinek. Ez azt jelenti, hogy egy adott m\u00e9rethez, alakhoz vagy teljes\u00edtm\u00e9nyk\u00f6vetelm\u00e9nyhez igaz\u00edthat\u00f3k. A testreszabhat\u00f3 kialak\u00edt\u00e1s nagyobb rugalmass\u00e1got is biztos\u00edt a gy\u00e1rt\u00e1si folyamatban, ami k\u00f6lts\u00e9gmegtakar\u00edt\u00e1shoz vezethet.<\/p>\n<h3>4. K\u00f6nny\u0171 telep\u00edt\u00e9s<\/h3>\n<p>A hegesztett vill\u00e1s hengerek k\u00f6nnyen telep\u00edthet\u0151k, ami seg\u00edt cs\u00f6kkenteni a be\u00e1ll\u00edt\u00e1si id\u0151t \u00e9s a munkak\u00f6lts\u00e9geket. \u00c1ltal\u00e1ban el\u0151re \u00f6sszeszereltek \u00e9s haszn\u00e1latra k\u00e9szek a dobozb\u00f3l kiv\u00e9ve, ami minimaliz\u00e1lja a tov\u00e1bbi alkatr\u00e9szek vagy komponensek sz\u00fcks\u00e9gess\u00e9g\u00e9t.<\/p>\n<h3>5. Jav\u00edtott teljes\u00edtm\u00e9ny<\/h3>\n<p>A hegesztett vill\u00e1s hengerek kialak\u00edt\u00e1sa jobb teljes\u00edtm\u00e9nyt tesz lehet\u0151v\u00e9 m\u00e1s t\u00edpus\u00fa hengerekhez k\u00e9pest. Nyom\u00e1segys\u00e9gre vet\u00edtve nagyobb er\u0151t tudnak el\u0151\u00e1ll\u00edtani, ami seg\u00edthet jav\u00edtani a hat\u00e9konys\u00e1got \u00e9s a termel\u00e9kenys\u00e9get az ipari alkalmaz\u00e1sokban.<\/p>\n<p>\u00d6sszess\u00e9g\u00e9ben a hegesztett vill\u00e1s hengerek sz\u00e1mos el\u0151nnyel \u00e9s hasznal rendelkeznek, amelyek n\u00e9pszer\u0171v\u00e9 teszik \u0151ket sz\u00e1mos ipari alkalmaz\u00e1sban. Megn\u00f6velt szil\u00e1rds\u00e1guk \u00e9s tart\u00f3ss\u00e1guk, nagy nyom\u00e1st\u0171r\u0151 k\u00e9pess\u00e9g\u00fck, testreszabhat\u00f3 kialak\u00edt\u00e1suk, egyszer\u0171 telep\u00edt\u00e9s\u00fck \u00e9s jobb teljes\u00edtm\u00e9ny\u00fck ide\u00e1lis v\u00e1laszt\u00e1ss\u00e1 teszi \u0151ket ig\u00e9nyes k\u00f6rnyezetekben, ahol a megb\u00edzhat\u00f3s\u00e1g \u00e9s a teljes\u00edtm\u00e9ny kulcsfontoss\u00e1g\u00fa.<\/p>\n<h2>Hegesztett Clevis t\u00edpus\u00fa henger alkalmaz\u00e1sa<\/h2>\n<ul>\n<li><strong>Ipari g\u00e9pek:<\/strong> A hegesztett vill\u00e1s hengereket sz\u00e9les k\u00f6rben haszn\u00e1lj\u00e1k k\u00fcl\u00f6nf\u00e9le ipari g\u00e9pekben nagy teherb\u00edr\u00e1s\u00fa alkalmaz\u00e1sokhoz. Ezek a hengerek nagy er\u0151kifejt\u00e9sre k\u00e9pesek a g\u00e9pek alkatr\u00e9szeinek emel\u00e9s\u00e9hez \u00e9s pr\u00e9sel\u00e9s\u00e9hez. A hegesztett vill\u00e1s kialak\u00edt\u00e1s lehet\u0151v\u00e9 teszi a k\u00f6nny\u0171 telep\u00edt\u00e9st \u00e9s a hat\u00e9kony m\u0171k\u00f6d\u00e9st, \u00edgy n\u00e9pszer\u0171 v\u00e1laszt\u00e1s a gy\u00e1rt\u00f3k sz\u00e1m\u00e1ra.\n<ul>\n<li>A feldolgoz\u00f3iparban a hegesztett vill\u00e1shengereket hidraulikus pr\u00e9sekben, fr\u00f6ccs\u00f6nt\u0151 g\u00e9pekben \u00e9s f\u00e9msajtol\u00f3 berendez\u00e9sekben haszn\u00e1lj\u00e1k a f\u00e9mlemezek alak\u00edt\u00e1s\u00e1hoz \u00e9s alak\u00edt\u00e1s\u00e1hoz sz\u00fcks\u00e9ges er\u0151 biztos\u00edt\u00e1s\u00e1ra.<\/li>\n<li>Az aut\u00f3iparban ezeket a munkahengereket aut\u00f3emel\u0151kben, felvon\u00f3kban \u00e9s \u00f6sszeszerel\u0151 g\u00e9pekben haszn\u00e1lj\u00e1k neh\u00e9z alkatr\u00e9szek emel\u00e9s\u00e9re a gy\u00e1rt\u00e1si folyamat sor\u00e1n.<\/li>\n<li>Az \u00e9p\u00edt\u0151iparban hegesztett vill\u00e1s hengereket haszn\u00e1lnak darukban, kotr\u00f3g\u00e9pekben \u00e9s buld\u00f3zerekben a neh\u00e9z terheket emel\u0151 \u00e9s mozgat\u00f3 hidraulikus rendszerek m\u0171k\u00f6dtet\u00e9s\u00e9re.<\/li>\n<\/ul>\n<\/li>\n<li><strong>Mez\u0151gazdas\u00e1gi g\u00e9pek:<\/strong> A mez\u0151gazdas\u00e1gi g\u00e9pek az egyik legfontosabb ter\u00fclet, ahol a hegesztett vill\u00e1s hengereket haszn\u00e1lj\u00e1k. Ezeket a hengereket k\u00fcl\u00f6nf\u00e9le mez\u0151gazdas\u00e1gi g\u00e9pekben, bele\u00e9rtve a traktorokat, betakar\u00edt\u00f3g\u00e9peket \u00e9s ek\u00e9ket, haszn\u00e1lj\u00e1k a talaj-el\u0151k\u00e9sz\u00edt\u00e9shez, \u00fcltet\u00e9shez \u00e9s betakar\u00edt\u00e1shoz sz\u00fcks\u00e9ges er\u0151 biztos\u00edt\u00e1s\u00e1ra.\n<ul>\n<li>A mez\u0151gazdas\u00e1gban a hegesztett vill\u00e1s hengereket ek\u00e9kben, kultiv\u00e1torokban \u00e9s vet\u0151g\u00e9pekben haszn\u00e1lj\u00e1k a talaj-el\u0151k\u00e9sz\u00edt\u00e9shez \u00e9s a vet\u0151mag \u00fcltet\u00e9s\u00e9hez sz\u00fcks\u00e9ges er\u0151 biztos\u00edt\u00e1s\u00e1ra.<\/li>\n<li>A betakar\u00edt\u00f3iparban ezeket a hengereket betakar\u00edt\u00f3g\u00e9pekben, b\u00e1l\u00e1z\u00f3kban \u00e9s f\u0171ny\u00edr\u00f3kban haszn\u00e1lj\u00e1k a term\u00e9nyt \u00f6sszegy\u0171jt\u0151 \u00e9s sz\u00e1ll\u00edt\u00f3 hidraulikus rendszerek m\u0171k\u00f6dtet\u00e9s\u00e9re.<\/li>\n<\/ul>\n<\/li>\n<li><strong>Rep\u00fcl\u00e9s \u00e9s v\u00e9delem:<\/strong> A hegesztett Clevis t\u00edpus\u00fa hengereket a rep\u00fcl\u0151g\u00e9piparban \u00e9s a v\u00e9delmi iparban is haszn\u00e1lj\u00e1k, ahol sz\u00e9les k\u00f6rben alkalmazz\u00e1k rep\u00fcl\u0151g\u00e9pekhez, rak\u00e9t\u00e1khoz, rak\u00e9t\u00e1khoz \u00e9s v\u00e9delmi rendszerekhez.\n<ul>\n<li>A rep\u00fcl\u0151g\u00e9piparban hegesztett vill\u00e1shengereket haszn\u00e1lnak rep\u00fcl\u0151g\u00e9pek fut\u00f3m\u0171veiben, f\u00e9ksz\u00e1rnyaiban \u00e9s f\u00e9keiben, hogy biztos\u00edts\u00e1k a sz\u00fcks\u00e9ges er\u0151t a felsz\u00e1ll\u00e1shoz \u00e9s lesz\u00e1ll\u00e1shoz.<\/li>\n<li>A v\u00e9delmi iparban ezeket a hengereket rak\u00e9tavet\u0151kben, l\u00f6vegtornyokban \u00e9s harckocsirendszerekben haszn\u00e1lj\u00e1k a fegyverek \u00e9s l\u0151szerek mozg\u00e1s\u00e1t szab\u00e1lyoz\u00f3 hidraulikus rendszerek m\u0171k\u00f6dtet\u00e9s\u00e9re.<\/li>\n<\/ul>\n<\/li>\n<li><strong>Tenger\u00e9szeti ipar:<\/strong> A hegesztett vill\u00e1s hengereket sz\u00e9les k\u00f6rben haszn\u00e1lj\u00e1k a tenger\u00e9szeti iparban is, ahol haj\u00f3khoz, cs\u00f3nakokhoz \u00e9s v\u00edz alatti j\u00e1rm\u0171vekhez k\u00fcl\u00f6nf\u00e9le alkalmaz\u00e1sokban haszn\u00e1lj\u00e1k \u0151ket.\n<ul>\n<li>A haj\u00f3z\u00e1si iparban hegesztett vill\u00e1s hengereket haszn\u00e1lnak darukban, cs\u00f6rl\u0151kben \u00e9s rakom\u00e1nykezel\u0151 berendez\u00e9sekben, hogy biztos\u00edts\u00e1k a sz\u00fcks\u00e9ges er\u0151t a rakom\u00e1ny be- \u00e9s kirakod\u00e1s\u00e1hoz.<\/li>\n<li>A haj\u00f3z\u00e1si iparban ezeket a hengereket korm\u00e1nyrendszerekben, haj\u00f3csavarokban \u00e9s horgonyrendszerekben haszn\u00e1lj\u00e1k, hogy biztos\u00edts\u00e1k a sz\u00fcks\u00e9ges er\u0151t a haj\u00f3k \u00e9s haj\u00f3k mozg\u00e1s\u00e1nak szab\u00e1lyoz\u00e1s\u00e1hoz.<\/li>\n<li>A v\u00edz alatti j\u00e1rm\u0171iparban hegesztett vill\u00e1shengereket haszn\u00e1lnak mer\u00fcl\u0151haj\u00f3kban, t\u00e1vir\u00e1ny\u00edt\u00e1s\u00fa j\u00e1rm\u0171vekben (ROV) \u00e9s b\u00fav\u00e1rfelszerel\u00e9sekben, hogy biztos\u00edts\u00e1k a v\u00edz alatti m\u0171veletekhez sz\u00fcks\u00e9ges er\u0151t.<\/li>\n<\/ul>\n<\/li>\n<li><strong>B\u00e1nyaipar:<\/strong> A hegesztett vill\u00e1s hengereket a b\u00e1ny\u00e1szati \u200b\u200biparban is haszn\u00e1lj\u00e1k, ahol \u00e1sv\u00e1nykincsek kitermel\u00e9s\u00e9re \u00e9s anyagmozgat\u00e1sra k\u00fcl\u00f6nf\u00e9le alkalmaz\u00e1sokban alkalmazz\u00e1k \u0151ket.\n<ul>\n<li>A b\u00e1ny\u00e1szati \u200b\u200biparban a hegesztett vill\u00e1s hengereket sz\u00e1ll\u00edt\u00f3szalag-rendszerekben, f\u00far\u00f3g\u00e9pekben \u00e9s hidraulikus lap\u00e1tokban haszn\u00e1lj\u00e1k, hogy biztos\u00edts\u00e1k a sz\u00fcks\u00e9ges er\u0151t az \u00e1sv\u00e1nyok \u00e9s anyagok b\u00e1ny\u00e1kb\u00f3l \u00e9s k\u0151b\u00e1ny\u00e1kb\u00f3l t\u00f6rt\u00e9n\u0151 kinyer\u00e9s\u00e9hez.<\/li>\n<\/ul>\n<\/li>\n<\/ul>\n<p><img decoding=\"async\" src=\"https:\/\/hzpt.com\/wp-content\/uploads\/2023\/12\/insert-2.webp\" alt=\"\" title=\"\"><\/p>\n<p>Szerz\u0151: CX<\/p>","protected":false},"excerpt":{"rendered":"<p>Product Introduction: The 10050 Factory Price Trailer Hydraulic Ram Cylinder Hydraulic Cylinder For Sale is a reliable and efficient hydraulic cylinder designed for use in various types of trailers. With a sturdy construction and superior performance, this hydraulic cylinder is a preferred choice for many industries. Features and Benefits: &#8211; Strong and durable construction: The [&hellip;]<\/p>","protected":false},"featured_media":1127,"comment_status":"closed","ping_status":"closed","template":"","meta":{"_et_pb_use_builder":"","_et_pb_old_content":"","_et_gb_content_width":""},"product_brand":[],"product_cat":[36],"product_tag":[34,38],"class_list":{"0":"post-1058","1":"product","2":"type-product","3":"status-publish","4":"has-post-thumbnail","6":"product_cat-welded-clevis-type-cylinder","7":"product_tag-hydraulic-cylinder","8":"product_tag-welded-clevis-type-cylinder","10":"first","11":"instock","12":"product-type-simple"},"_links":{"self":[{"href":"https:\/\/fmp-components.com\/hu\/wp-json\/wp\/v2\/product\/1058","targetHints":{"allow":["GET"]}}],"collection":[{"href":"https:\/\/fmp-components.com\/hu\/wp-json\/wp\/v2\/product"}],"about":[{"href":"https:\/\/fmp-components.com\/hu\/wp-json\/wp\/v2\/types\/product"}],"replies":[{"embeddable":true,"href":"https:\/\/fmp-components.com\/hu\/wp-json\/wp\/v2\/comments?post=1058"}],"wp:featuredmedia":[{"embeddable":true,"href":"https:\/\/fmp-components.com\/hu\/wp-json\/wp\/v2\/media\/1127"}],"wp:attachment":[{"href":"https:\/\/fmp-components.com\/hu\/wp-json\/wp\/v2\/media?parent=1058"}],"wp:term":[{"taxonomy":"product_brand","embeddable":true,"href":"https:\/\/fmp-components.com\/hu\/wp-json\/wp\/v2\/product_brand?post=1058"},{"taxonomy":"product_cat","embeddable":true,"href":"https:\/\/fmp-components.com\/hu\/wp-json\/wp\/v2\/product_cat?post=1058"},{"taxonomy":"product_tag","embeddable":true,"href":"https:\/\/fmp-components.com\/hu\/wp-json\/wp\/v2\/product_tag?post=1058"}],"curies":[{"name":"munkaf\u00fczet","href":"https:\/\/api.w.org\/{rel}","templated":true}]}}