{"id":1056,"date":"2024-12-19T06:17:44","date_gmt":"2024-12-19T06:17:44","guid":{"rendered":"https:\/\/fmp-components.com\/product\/10048-hot-sale-double-acting-welded-clevis-hydraulic-cylinder\/"},"modified":"2025-03-18T00:41:40","modified_gmt":"2025-03-18T00:41:40","slug":"10048-hot-sale-double-acting-welded-clevis-hydraulic-cylinder","status":"publish","type":"product","link":"https:\/\/fmp-components.com\/hu\/product\/10048-hot-sale-double-acting-welded-clevis-hydraulic-cylinder\/","title":{"rendered":"10048 Forr\u00f3 elad\u00f3 kett\u0151s m\u0171k\u00f6d\u00e9s\u0171 hegesztett Clevis hidraulikus henger"},"content":{"rendered":"<p>Bemutatkozik a 10048-as term\u00e9k, a forr\u00f3 elad\u00e1s\u00fa, kett\u0151s m\u0171k\u00f6d\u00e9s\u0171, hegesztett vill\u00e1s hidraulikus henger:<\/p>\n<p>A 10048-as sz\u00e1m\u00fa, nagykereskedelmi forgalomban kaphat\u00f3, kett\u0151s m\u0171k\u00f6d\u00e9s\u0171, hegesztett vill\u00e1s hidraulikus henger egy kiv\u00e1l\u00f3 min\u0151s\u00e9g\u0171 hidraulikus henger, amelyet kiv\u00e1l\u00f3 teljes\u00edtm\u00e9ny \u00e9s tart\u00f3ss\u00e1g biztos\u00edt\u00e1s\u00e1ra terveztek. Kifejezetten nagy ig\u00e9nybev\u00e9tel\u0171 alkalmaz\u00e1sokhoz tervezt\u00e9k, \u00e9s megb\u00edzhat\u00f3 \u00e9s hat\u00e9kony hidraulikus teljes\u00edtm\u00e9nyt ny\u00fajt.<\/p>\n<p>F\u0151bb jellemz\u0151k:<br \/>\n1. Kett\u0151s m\u0171k\u00f6d\u00e9s\u0171: Ez a hidraulikus henger kett\u0151s m\u0171k\u00f6d\u00e9s\u0171, ami azt jelenti, hogy mind a kitol\u00e1si, mind a visszah\u00faz\u00e1si ir\u00e1nyban k\u00e9pes er\u0151t kifejteni. Ez a tulajdons\u00e1g fokozott szab\u00e1lyozhat\u00f3s\u00e1got \u00e9s sokoldal\u00fas\u00e1got tesz lehet\u0151v\u00e9 k\u00fcl\u00f6nf\u00e9le alkalmaz\u00e1sokban.<br \/>\n2. Hegesztett kengyeles kialak\u00edt\u00e1s: A henger hegesztett kengyeles kialak\u00edt\u00e1ssal rendelkezik, amely biztons\u00e1gos \u00e9s robusztus csatlakoz\u00e1st biztos\u00edt a hozz\u00e1 r\u00f6gz\u00edtett berendez\u00e9shez. Ez a kialak\u00edt\u00e1s stabilit\u00e1st biztos\u00edt, \u00e9s minimaliz\u00e1lja a lev\u00e1l\u00f3d\u00e1s kock\u00e1zat\u00e1t m\u0171k\u00f6d\u00e9s k\u00f6zben.<br \/>\n3. Massz\u00edv konstrukci\u00f3: A henger kiv\u00e1l\u00f3 min\u0151s\u00e9g\u0171 anyagokb\u00f3l k\u00e9sz\u00fclt, \u00edgy ellen\u00e1ll a kop\u00e1snak, a korr\u00f3zi\u00f3nak \u00e9s a s\u00e9r\u00fcl\u00e9seknek. \u00dagy tervezt\u00e9k, hogy ellen\u00e1lljon a nagy ig\u00e9nybev\u00e9tel\u0171 ipari alkalmaz\u00e1sok k\u00f6vetelm\u00e9nyeinek, \u00e9s hossz\u00fa \u00e9lettartamot biztos\u00edtson.<br \/>\n4. Hat\u00e9kony hidraulikus teljes\u00edtm\u00e9ny: Fejlett hidraulikus rendszer\u00e9nek k\u00f6sz\u00f6nhet\u0151en ez a henger hat\u00e9kony \u00e9s megb\u00edzhat\u00f3 hidraulikus teljes\u00edtm\u00e9nyt biztos\u00edt. Sima \u00e9s prec\u00edz m\u0171k\u00f6d\u00e9st biztos\u00edt, ami fokozott termel\u00e9kenys\u00e9get \u00e9s jobb teljes\u00edtm\u00e9nyt tesz lehet\u0151v\u00e9.<br \/>\n5. Sokoldal\u00fa alkalmaz\u00e1sok: A 10048-as sz\u00e1m\u00fa, nagykereskedelmi forgalomban kaphat\u00f3, kett\u0151s m\u0171k\u00f6d\u00e9s\u0171, hegesztett vill\u00e1s hidraulikus henger sz\u00e9les k\u00f6r\u0171 alkalmaz\u00e1sokhoz alkalmas, bele\u00e9rtve az \u00e9p\u00edt\u0151ipari berendez\u00e9seket, mez\u0151gazdas\u00e1gi g\u00e9peket, anyagmozgat\u00e1st \u00e9s egyebeket. Sokoldal\u00fas\u00e1got k\u00edn\u00e1l, \u00e9s testreszabhat\u00f3 az adott ig\u00e9nyeknek megfelel\u0151en.<\/p>\n<p>\u00d6sszefoglalva, a 10048-as sz\u00e1m\u00fa, nagykereskedelmi forgalomban kaphat\u00f3, kett\u0151s m\u0171k\u00f6d\u00e9s\u0171, hegesztett kengyeles hidraulikus henger egy els\u0151 oszt\u00e1ly\u00fa term\u00e9k, amely kiv\u00e1l\u00f3 teljes\u00edtm\u00e9nyt \u00e9s tart\u00f3ss\u00e1got garant\u00e1l. Kett\u0151s m\u0171k\u00f6d\u00e9s\u00e9nek, hegesztett kengyeles kialak\u00edt\u00e1s\u00e1nak, massz\u00edv fel\u00e9p\u00edt\u00e9s\u00e9nek, hat\u00e9kony hidraulikus teljes\u00edtm\u00e9ny\u00e9nek \u00e9s sokoldal\u00fas\u00e1g\u00e1nak k\u00f6sz\u00f6nhet\u0151en kiv\u00e1l\u00f3 v\u00e1laszt\u00e1s k\u00fcl\u00f6nf\u00e9le ipari alkalmaz\u00e1sokhoz.<\/p>\n<h2>Bevezet\u00e9s a term\u00e9kbe<\/h2>\n<p>A kett\u0151s m\u0171k\u00f6d\u00e9s\u0171 hegesztett vill\u00e1s hidraulikus henger az FMP, egy 2006-ban Olaszorsz\u00e1gban alap\u00edtott v\u00e1llalat egyik legkeresettebb term\u00e9ke. Ez a kiv\u00e1l\u00f3 term\u00e9k a v\u00e1llalat min\u0151s\u00e9g \u00e9s hat\u00e9konys\u00e1g ir\u00e1nti elk\u00f6telezetts\u00e9g\u00e9nek bizony\u00edt\u00e9ka a hidraulikus ipar\u00e1gban.<\/p>\n<h2>Jellemz\u0151k \u00e9s funkci\u00f3k<\/h2>\n<p>Ez a hidraulikus henger kett\u0151s m\u0171k\u00f6d\u00e9s\u0171 funkci\u00f3val rendelkezik, amely lehet\u0151v\u00e9 teszi a mozg\u00e1s k\u00e9tir\u00e1ny\u00fa vez\u00e9rl\u00e9s\u00e9t. Hegesztett, vill\u00e1s r\u00f6gz\u00edt\u00e9ssel van felszerelve, amely biztons\u00e1gos \u00e9s stabil tart\u00e1st biztos\u00edt m\u0171k\u00f6d\u00e9s k\u00f6zben. A term\u00e9k f\u0151bb jellemz\u0151i k\u00f6z\u00e9 tartozik az energiatakar\u00e9kos k\u00e9pess\u00e9g, a magas hat\u00e1sfok \u00e9s a biztons\u00e1gi int\u00e9zked\u00e9sek.<\/p>\n<p><img decoding=\"async\" src=\"https:\/\/hzpt.com\/wp-content\/uploads\/2023\/12\/insert-4.webp?v=1694163707\" alt=\"\" title=\"\"><\/p>\n<p>Kapacit\u00e1s\u00e1t \u00fagy tervezt\u00e9k, hogy a nagy ig\u00e9nybev\u00e9telt jelent\u0151 feladatokat is elb\u00edrjon a teljes\u00edtm\u00e9ny fel\u00e1ldoz\u00e1sa n\u00e9lk\u00fcl.<\/p>\n<h3>Teherb\u00edr\u00e1s<\/h3>\n<p>A kett\u0151s m\u0171k\u00f6d\u00e9s\u0171 hegesztett vill\u00e1s hidraulikus henger teherb\u00edr\u00e1sa leny\u0171g\u00f6z\u0151, \u00edgy k\u00f6nnyed\u00e9n kezeli a neh\u00e9z terheket.<\/p>\n<h2>M\u0171k\u00f6d\u00e9si elv \u00e9s hidraulikus rendszerek<\/h2>\n<p>A hidraulikus henger m\u0171k\u00f6d\u00e9si elve a folyad\u00e9k erej\u00e9nek mechanikai energi\u00e1v\u00e1 alak\u00edt\u00e1sa. A hidraulikus rendszer viszont nyom\u00e1s alatt \u00e1ll\u00f3 hidraulikus folyad\u00e9kot haszn\u00e1l line\u00e1ris mozg\u00e1s \u00e9s er\u0151 l\u00e9trehoz\u00e1s\u00e1hoz.<\/p>\n<p>A kett\u0151s m\u0171k\u00f6d\u00e9s\u0171 hegesztett vill\u00e1s hidraulikus henger gazdag t\u00f6rt\u00e9nelemmel \u00e9s sz\u00e9lesk\u00f6r\u0171 besorol\u00e1ssal rendelkezik. K\u00f6nnyen telep\u00edthet\u0151, minim\u00e1lis karbantart\u00e1st ig\u00e9nyel, \u00e9s sz\u00e1mos el\u0151nnyel rendelkezik, \u00edgy az ipar\u00e1gban kedvelt v\u00e1laszt\u00e1s.<\/p>\n<h2>A megfelel\u0151 term\u00e9k kiv\u00e1laszt\u00e1sa<\/h2>\n<p>A megfelel\u0151 hidraulikaolaj \u00e9s olajt\u00f6m\u00edt\u00e9s kiv\u00e1laszt\u00e1sa kulcsfontoss\u00e1g\u00fa a hidraulikus henger hat\u00e9konys\u00e1ga \u00e9s hossz\u00fa \u00e9lettartama szempontj\u00e1b\u00f3l. Az FMP csapata v\u00e9gigvezeti \u00d6nt a kiv\u00e1laszt\u00e1si folyamaton, biztos\u00edtva, hogy az ig\u00e9nyeinek t\u00f6k\u00e9letesen megfelel\u0151 term\u00e9ket kapja.<\/p>\n<h2>FMP: \u00datt\u00f6r\u0151<\/h2>\n<p>Az FMP vezet\u0151 poz\u00edci\u00f3val b\u00fcszk\u00e9lkedhet az olaszorsz\u00e1gi mobil munkag\u00e9pek hidraulikus hengereinek piac\u00e1n. Term\u00e9keink k\u00f6z\u00e9 tartoznak a hidraulikus billen\u0151hengerek, hidraulikus korm\u00e1nyhengerek \u00e9s hidraulikus emel\u0151hengerek. Gy\u00e1rt\u00e1si kapacit\u00e1sunk 200 000 darab, amelyb\u0151l 300 darab mindenf\u00e9le automata CNC gy\u00e1rt\u00f3berendez\u00e9st \u00e9s automata hidraulikus henger \u00f6sszeszerel\u0151 berendez\u00e9st k\u00edn\u00e1lunk.<\/p>\n<p>Ezenk\u00edv\u00fcl sz\u00e1ll\u00edtunk munka\u00e1llv\u00e1ny-hengereket, ipari j\u00e1rm\u0171vek hidraulikus hengereit, forg\u00f3f\u00far\u00f3tornyok hengereit, teheraut\u00f3-daru hengereit, \u00e9p\u00edt\u0151ipari g\u00e9pek hidraulikus hengereit, <b>Targonca hidraulikus hengerek<\/b>, d\u00f6mperek hengerei, szaniterg\u00e9pek hidraulikus hengerei. Szeretettel v\u00e1rjuk \u00fcgyfeleink egyedi k\u00e9r\u00e9seit.<\/p>\n<p>V\u00e1lassza az FMP-t kiv\u00e1l\u00f3 min\u0151s\u00e9g\u0171 term\u00e9kek\u00e9rt, megfizethet\u0151 \u00e1rak\u00e9rt \u00e9s kiv\u00e1l\u00f3 szolg\u00e1ltat\u00e1s\u00e9rt.<\/p>\n<p><img decoding=\"async\" src=\"https:\/\/hzpt.com\/wp-content\/uploads\/2023\/12\/insert-5.webp\" alt=\"FMP gy\u00e1r\" title=\"\"><\/p>\n<h2>GYIK<\/h2>\n<h3>1. Mekkora a kett\u0151s m\u0171k\u00f6d\u00e9s\u0171 hegesztett vill\u00e1s hidraulikus henger teherb\u00edr\u00e1sa?<\/h3>\n<p>A teherb\u00edr\u00e1st k\u00e9r\u00e9sre megadjuk.<\/p>\n<h3>2. Hogyan v\u00e1lasszuk ki a megfelel\u0151 hidraulikaolajat \u00e9s olajt\u00f6m\u00edt\u00e9st?<\/h3>\n<p>Az FMP csapata v\u00e9gigvezeti \u00d6nt a kiv\u00e1laszt\u00e1si folyamaton.<\/p>\n<h3>3. Milyen alkalmaz\u00e1si ter\u00fcletei vannak a kett\u0151s m\u0171k\u00f6d\u00e9s\u0171 hegesztett vill\u00e1s hidraulikus hengernek?<\/h3>\n<p>\u00c9p\u00edt\u0151ipari berendez\u00e9sekben, gy\u00e1rt\u00f3g\u00e9pekben \u00e9s m\u00e9ly\u00e9p\u00edt\u00e9sben haszn\u00e1lj\u00e1k.<\/p>\n<h3>4. Hogyan m\u0171k\u00f6dik a kett\u0151s m\u0171k\u00f6d\u00e9s\u0171 hegesztett vill\u00e1s hidraulikus henger?<\/h3>\n<p>A folyad\u00e9k energi\u00e1j\u00e1t mechanikai energi\u00e1v\u00e1 alak\u00edtja.<\/p>\n<h2>A hegesztett vill\u00e1s henger el\u0151nyei<\/h2>\n<p>A hegesztett vill\u00e1shengerek n\u00e9pszer\u0171 v\u00e1laszt\u00e1snak bizonyulnak sz\u00e1mos ipari alkalmaz\u00e1sban egyedi el\u0151nyeik \u00e9s hasznuk miatt. \u00cdme a hegesztett vill\u00e1shengerek n\u00e9h\u00e1ny f\u0151 el\u0151nye:<\/p>\n<h3>1. Fokozott szil\u00e1rds\u00e1g \u00e9s tart\u00f3ss\u00e1g<\/h3>\n<p>A hegesztett vill\u00e1s hengerek hegesztett v\u00e9gz\u00e1r\u00f3val k\u00e9sz\u00fclnek, ami nagyobb szil\u00e1rds\u00e1got \u00e9s tart\u00f3ss\u00e1got biztos\u00edt m\u00e1s t\u00edpus\u00fa hengerekhez k\u00e9pest. Ez ide\u00e1liss\u00e1 teszi \u0151ket nagy ig\u00e9nybev\u00e9tel\u0171 alkalmaz\u00e1sokhoz, amelyek nagyfok\u00fa szil\u00e1rds\u00e1got \u00e9s tart\u00f3ss\u00e1got ig\u00e9nyelnek.<\/p>\n<p>Ezenk\u00edv\u00fcl ezeknek a hengereknek a hegesztett kialak\u00edt\u00e1sa azt jelenti, hogy kisebb a sziv\u00e1rg\u00e1s vagy a meghib\u00e1sod\u00e1s val\u00f3sz\u00edn\u0171s\u00e9ge, ami seg\u00edthet cs\u00f6kkenteni az \u00e1ll\u00e1sid\u0151t \u00e9s a karbantart\u00e1si k\u00f6lts\u00e9geket.<\/p>\n<h3>2. Nagy nyom\u00e1s kezel\u00e9s\u00e9nek k\u00e9pess\u00e9ge<\/h3>\n<p>A hegesztett kengyeles hengerek nagy nyom\u00e1s\u00fa alkalmaz\u00e1sokhoz is alkalmasak, \u00edgy n\u00e9pszer\u0171 v\u00e1laszt\u00e1snak sz\u00e1m\u00edtanak olyan ipar\u00e1gakban, mint az \u00e9p\u00edt\u0151ipar, a b\u00e1ny\u00e1szat, valamint az olaj- \u00e9s g\u00e1zipar. A nagy nyom\u00e1st\u0171r\u0151 k\u00e9pess\u00e9g\u00fck megb\u00edzhat\u00f3 teljes\u00edtm\u00e9nyt biztos\u00edt ig\u00e9nyes k\u00f6rnyezetben.<\/p>\n<h3>3. Testreszabhat\u00f3 diz\u00e1jn<\/h3>\n<p>A hegesztett vill\u00e1s hengerek egyedi tervez\u00e9s\u0171ek, hogy megfeleljenek egy adott alkalmaz\u00e1s ig\u00e9nyeinek. Ez azt jelenti, hogy egy adott m\u00e9rethez, alakhoz vagy teljes\u00edtm\u00e9nyk\u00f6vetelm\u00e9nyhez igaz\u00edthat\u00f3k. A testreszabhat\u00f3 kialak\u00edt\u00e1s nagyobb rugalmass\u00e1got is biztos\u00edt a gy\u00e1rt\u00e1si folyamatban, ami k\u00f6lts\u00e9gmegtakar\u00edt\u00e1shoz vezethet.<\/p>\n<h3>4. K\u00f6nny\u0171 telep\u00edt\u00e9s<\/h3>\n<p>A hegesztett vill\u00e1s hengerek k\u00f6nnyen telep\u00edthet\u0151k, ami seg\u00edt cs\u00f6kkenteni a be\u00e1ll\u00edt\u00e1si id\u0151t \u00e9s a munkak\u00f6lts\u00e9geket. \u00c1ltal\u00e1ban el\u0151re \u00f6sszeszereltek \u00e9s haszn\u00e1latra k\u00e9szek a dobozb\u00f3l kiv\u00e9ve, ami minimaliz\u00e1lja a tov\u00e1bbi alkatr\u00e9szek vagy komponensek sz\u00fcks\u00e9gess\u00e9g\u00e9t.<\/p>\n<h3>5. Jav\u00edtott teljes\u00edtm\u00e9ny<\/h3>\n<p>A hegesztett vill\u00e1s hengerek kialak\u00edt\u00e1sa jobb teljes\u00edtm\u00e9nyt tesz lehet\u0151v\u00e9 m\u00e1s t\u00edpus\u00fa hengerekhez k\u00e9pest. Nyom\u00e1segys\u00e9gre vet\u00edtve nagyobb er\u0151t tudnak el\u0151\u00e1ll\u00edtani, ami seg\u00edthet jav\u00edtani a hat\u00e9konys\u00e1got \u00e9s a termel\u00e9kenys\u00e9get az ipari alkalmaz\u00e1sokban.<\/p>\n<p>\u00d6sszess\u00e9g\u00e9ben a hegesztett vill\u00e1s hengerek sz\u00e1mos el\u0151nnyel \u00e9s hasznal rendelkeznek, amelyek n\u00e9pszer\u0171v\u00e9 teszik \u0151ket sz\u00e1mos ipari alkalmaz\u00e1sban. Megn\u00f6velt szil\u00e1rds\u00e1guk \u00e9s tart\u00f3ss\u00e1guk, nagy nyom\u00e1st\u0171r\u0151 k\u00e9pess\u00e9g\u00fck, testreszabhat\u00f3 kialak\u00edt\u00e1suk, egyszer\u0171 telep\u00edt\u00e9s\u00fck \u00e9s jobb teljes\u00edtm\u00e9ny\u00fck ide\u00e1lis v\u00e1laszt\u00e1ss\u00e1 teszi \u0151ket ig\u00e9nyes k\u00f6rnyezetekben, ahol a megb\u00edzhat\u00f3s\u00e1g \u00e9s a teljes\u00edtm\u00e9ny kulcsfontoss\u00e1g\u00fa.<\/p>\n<h2>Hegesztett Clevis t\u00edpus\u00fa henger alkalmaz\u00e1sa<\/h2>\n<ul>\n<li><strong>Ipari g\u00e9pek:<\/strong> A hegesztett vill\u00e1s hengereket sz\u00e9les k\u00f6rben haszn\u00e1lj\u00e1k k\u00fcl\u00f6nf\u00e9le ipari g\u00e9pekben nagy teherb\u00edr\u00e1s\u00fa alkalmaz\u00e1sokhoz. Ezek a hengerek nagy er\u0151kifejt\u00e9sre k\u00e9pesek a g\u00e9pek alkatr\u00e9szeinek emel\u00e9s\u00e9hez \u00e9s pr\u00e9sel\u00e9s\u00e9hez. A hegesztett vill\u00e1s kialak\u00edt\u00e1s lehet\u0151v\u00e9 teszi a k\u00f6nny\u0171 telep\u00edt\u00e9st \u00e9s a hat\u00e9kony m\u0171k\u00f6d\u00e9st, \u00edgy n\u00e9pszer\u0171 v\u00e1laszt\u00e1s a gy\u00e1rt\u00f3k sz\u00e1m\u00e1ra.\n<ul>\n<li>A feldolgoz\u00f3iparban a hegesztett vill\u00e1shengereket hidraulikus pr\u00e9sekben, fr\u00f6ccs\u00f6nt\u0151 g\u00e9pekben \u00e9s f\u00e9msajtol\u00f3 berendez\u00e9sekben haszn\u00e1lj\u00e1k a f\u00e9mlemezek alak\u00edt\u00e1s\u00e1hoz \u00e9s alak\u00edt\u00e1s\u00e1hoz sz\u00fcks\u00e9ges er\u0151 biztos\u00edt\u00e1s\u00e1ra.<\/li>\n<li>Az aut\u00f3iparban ezeket a munkahengereket aut\u00f3emel\u0151kben, felvon\u00f3kban \u00e9s \u00f6sszeszerel\u0151 g\u00e9pekben haszn\u00e1lj\u00e1k neh\u00e9z alkatr\u00e9szek emel\u00e9s\u00e9re a gy\u00e1rt\u00e1si folyamat sor\u00e1n.<\/li>\n<li>Az \u00e9p\u00edt\u0151iparban hegesztett vill\u00e1s hengereket haszn\u00e1lnak darukban, kotr\u00f3g\u00e9pekben \u00e9s buld\u00f3zerekben a neh\u00e9z terheket emel\u0151 \u00e9s mozgat\u00f3 hidraulikus rendszerek m\u0171k\u00f6dtet\u00e9s\u00e9re.<\/li>\n<\/ul>\n<\/li>\n<li><strong>Mez\u0151gazdas\u00e1gi g\u00e9pek:<\/strong> A mez\u0151gazdas\u00e1gi g\u00e9pek az egyik legfontosabb ter\u00fclet, ahol a hegesztett vill\u00e1s hengereket haszn\u00e1lj\u00e1k. Ezeket a hengereket k\u00fcl\u00f6nf\u00e9le mez\u0151gazdas\u00e1gi g\u00e9pekben, bele\u00e9rtve a traktorokat, betakar\u00edt\u00f3g\u00e9peket \u00e9s ek\u00e9ket, haszn\u00e1lj\u00e1k a talaj-el\u0151k\u00e9sz\u00edt\u00e9shez, \u00fcltet\u00e9shez \u00e9s betakar\u00edt\u00e1shoz sz\u00fcks\u00e9ges er\u0151 biztos\u00edt\u00e1s\u00e1ra.\n<ul>\n<li>A mez\u0151gazdas\u00e1gban a hegesztett vill\u00e1s hengereket ek\u00e9kben, kultiv\u00e1torokban \u00e9s vet\u0151g\u00e9pekben haszn\u00e1lj\u00e1k a talaj-el\u0151k\u00e9sz\u00edt\u00e9shez \u00e9s a vet\u0151mag \u00fcltet\u00e9s\u00e9hez sz\u00fcks\u00e9ges er\u0151 biztos\u00edt\u00e1s\u00e1ra.<\/li>\n<li>A betakar\u00edt\u00f3iparban ezeket a hengereket betakar\u00edt\u00f3g\u00e9pekben, b\u00e1l\u00e1z\u00f3kban \u00e9s f\u0171ny\u00edr\u00f3kban haszn\u00e1lj\u00e1k a term\u00e9nyt \u00f6sszegy\u0171jt\u0151 \u00e9s sz\u00e1ll\u00edt\u00f3 hidraulikus rendszerek m\u0171k\u00f6dtet\u00e9s\u00e9re.<\/li>\n<\/ul>\n<\/li>\n<li><strong>Rep\u00fcl\u00e9s \u00e9s v\u00e9delem:<\/strong> A hegesztett Clevis t\u00edpus\u00fa hengereket a rep\u00fcl\u0151g\u00e9piparban \u00e9s a v\u00e9delmi iparban is haszn\u00e1lj\u00e1k, ahol sz\u00e9les k\u00f6rben alkalmazz\u00e1k rep\u00fcl\u0151g\u00e9pekhez, rak\u00e9t\u00e1khoz, rak\u00e9t\u00e1khoz \u00e9s v\u00e9delmi rendszerekhez.\n<ul>\n<li>A rep\u00fcl\u0151g\u00e9piparban hegesztett vill\u00e1shengereket haszn\u00e1lnak rep\u00fcl\u0151g\u00e9pek fut\u00f3m\u0171veiben, f\u00e9ksz\u00e1rnyaiban \u00e9s f\u00e9keiben, hogy biztos\u00edts\u00e1k a sz\u00fcks\u00e9ges er\u0151t a felsz\u00e1ll\u00e1shoz \u00e9s lesz\u00e1ll\u00e1shoz.<\/li>\n<li>A v\u00e9delmi iparban ezeket a hengereket rak\u00e9tavet\u0151kben, l\u00f6vegtornyokban \u00e9s harckocsirendszerekben haszn\u00e1lj\u00e1k a fegyverek \u00e9s l\u0151szerek mozg\u00e1s\u00e1t szab\u00e1lyoz\u00f3 hidraulikus rendszerek m\u0171k\u00f6dtet\u00e9s\u00e9re.<\/li>\n<\/ul>\n<\/li>\n<li><strong>Tenger\u00e9szeti ipar:<\/strong> A hegesztett vill\u00e1s hengereket sz\u00e9les k\u00f6rben haszn\u00e1lj\u00e1k a tenger\u00e9szeti iparban is, ahol haj\u00f3khoz, cs\u00f3nakokhoz \u00e9s v\u00edz alatti j\u00e1rm\u0171vekhez k\u00fcl\u00f6nf\u00e9le alkalmaz\u00e1sokban haszn\u00e1lj\u00e1k \u0151ket.\n<ul>\n<li>A haj\u00f3z\u00e1si iparban hegesztett vill\u00e1s hengereket haszn\u00e1lnak darukban, cs\u00f6rl\u0151kben \u00e9s rakom\u00e1nykezel\u0151 berendez\u00e9sekben, hogy biztos\u00edts\u00e1k a sz\u00fcks\u00e9ges er\u0151t a rakom\u00e1ny be- \u00e9s kirakod\u00e1s\u00e1hoz.<\/li>\n<li>A haj\u00f3z\u00e1si iparban ezeket a hengereket korm\u00e1nyrendszerekben, haj\u00f3csavarokban \u00e9s horgonyrendszerekben haszn\u00e1lj\u00e1k, hogy biztos\u00edts\u00e1k a sz\u00fcks\u00e9ges er\u0151t a haj\u00f3k \u00e9s haj\u00f3k mozg\u00e1s\u00e1nak szab\u00e1lyoz\u00e1s\u00e1hoz.<\/li>\n<li>A v\u00edz alatti j\u00e1rm\u0171iparban hegesztett vill\u00e1shengereket haszn\u00e1lnak mer\u00fcl\u0151haj\u00f3kban, t\u00e1vir\u00e1ny\u00edt\u00e1s\u00fa j\u00e1rm\u0171vekben (ROV) \u00e9s b\u00fav\u00e1rfelszerel\u00e9sekben, hogy biztos\u00edts\u00e1k a v\u00edz alatti m\u0171veletekhez sz\u00fcks\u00e9ges er\u0151t.<\/li>\n<\/ul>\n<\/li>\n<li><strong>B\u00e1nyaipar:<\/strong> A hegesztett vill\u00e1s hengereket a b\u00e1ny\u00e1szati \u200b\u200biparban is haszn\u00e1lj\u00e1k, ahol \u00e1sv\u00e1nykincsek kitermel\u00e9s\u00e9re \u00e9s anyagmozgat\u00e1sra k\u00fcl\u00f6nf\u00e9le alkalmaz\u00e1sokban alkalmazz\u00e1k \u0151ket.\n<ul>\n<li>A b\u00e1ny\u00e1szati \u200b\u200biparban a hegesztett vill\u00e1s hengereket sz\u00e1ll\u00edt\u00f3szalag-rendszerekben, f\u00far\u00f3g\u00e9pekben \u00e9s hidraulikus lap\u00e1tokban haszn\u00e1lj\u00e1k, hogy biztos\u00edts\u00e1k a sz\u00fcks\u00e9ges er\u0151t az \u00e1sv\u00e1nyok \u00e9s anyagok b\u00e1ny\u00e1kb\u00f3l \u00e9s k\u0151b\u00e1ny\u00e1kb\u00f3l t\u00f6rt\u00e9n\u0151 kinyer\u00e9s\u00e9hez.<\/li>\n<\/ul>\n<\/li>\n<\/ul>\n<p><img decoding=\"async\" src=\"https:\/\/hzpt.com\/wp-content\/uploads\/2023\/12\/insert-2.webp\" alt=\"\" title=\"\"><\/p>\n<p>Szerz\u0151: CX<\/p>","protected":false},"excerpt":{"rendered":"<p>Introducing Product 10048 Hot Sale Double Acting Welded Clevis Hydraulic Cylinder: The 10048 Hot Sale Double Acting Welded Clevis Hydraulic Cylinder is a high-quality hydraulic cylinder designed to provide excellent performance and durability. It is specifically designed for heavy-duty applications and delivers reliable and efficient hydraulic power. Key Features: 1. Double Acting: This hydraulic cylinder [&hellip;]<\/p>","protected":false},"featured_media":1127,"comment_status":"closed","ping_status":"closed","template":"","meta":{"_et_pb_use_builder":"","_et_pb_old_content":"","_et_gb_content_width":""},"product_brand":[],"product_cat":[36],"product_tag":[34,38],"class_list":{"0":"post-1056","1":"product","2":"type-product","3":"status-publish","4":"has-post-thumbnail","6":"product_cat-welded-clevis-type-cylinder","7":"product_tag-hydraulic-cylinder","8":"product_tag-welded-clevis-type-cylinder","10":"first","11":"instock","12":"product-type-simple"},"_links":{"self":[{"href":"https:\/\/fmp-components.com\/hu\/wp-json\/wp\/v2\/product\/1056","targetHints":{"allow":["GET"]}}],"collection":[{"href":"https:\/\/fmp-components.com\/hu\/wp-json\/wp\/v2\/product"}],"about":[{"href":"https:\/\/fmp-components.com\/hu\/wp-json\/wp\/v2\/types\/product"}],"replies":[{"embeddable":true,"href":"https:\/\/fmp-components.com\/hu\/wp-json\/wp\/v2\/comments?post=1056"}],"wp:featuredmedia":[{"embeddable":true,"href":"https:\/\/fmp-components.com\/hu\/wp-json\/wp\/v2\/media\/1127"}],"wp:attachment":[{"href":"https:\/\/fmp-components.com\/hu\/wp-json\/wp\/v2\/media?parent=1056"}],"wp:term":[{"taxonomy":"product_brand","embeddable":true,"href":"https:\/\/fmp-components.com\/hu\/wp-json\/wp\/v2\/product_brand?post=1056"},{"taxonomy":"product_cat","embeddable":true,"href":"https:\/\/fmp-components.com\/hu\/wp-json\/wp\/v2\/product_cat?post=1056"},{"taxonomy":"product_tag","embeddable":true,"href":"https:\/\/fmp-components.com\/hu\/wp-json\/wp\/v2\/product_tag?post=1056"}],"curies":[{"name":"munkaf\u00fczet","href":"https:\/\/api.w.org\/{rel}","templated":true}]}}