{"id":1055,"date":"2024-12-19T06:17:44","date_gmt":"2024-12-19T06:17:44","guid":{"rendered":"https:\/\/fmp-components.com\/product\/10047-factory-customized-hydraulic-piston-cylinder-for-sale\/"},"modified":"2024-12-23T08:59:09","modified_gmt":"2024-12-23T08:59:09","slug":"10047-factory-customized-hydraulic-piston-cylinder-for-sale","status":"publish","type":"product","link":"https:\/\/fmp-components.com\/hu\/product\/10047-factory-customized-hydraulic-piston-cylinder-for-sale\/","title":{"rendered":"10047 Gy\u00e1rilag testreszabott hidraulikus dugatty\u00fas henger elad\u00f3"},"content":{"rendered":"<h2>10047-es term\u00e9k Gy\u00e1rilag testreszabott hidraulikus dugatty\u00fas henger elad\u00f3<\/h2>\n<p>Megb\u00edzhat\u00f3 hidraulikus dugatty\u00fas hengert keres ipari ig\u00e9nyeihez? Ne keressen tov\u00e1bb, a 10047-es term\u00e9kn\u00e9l, a gy\u00e1rilag testreszabott hidraulikus dugatty\u00fas hengern\u00e9l.<\/p>\n<p>Hidraulikus dugatty\u00fas henger\u00fcnket prec\u00edzi\u00f3s m\u00e9rn\u00f6ki munk\u00e1val \u00e9s kiv\u00e1l\u00f3 anyagok felhaszn\u00e1l\u00e1s\u00e1val tervezt\u00fck a nagy teljes\u00edtm\u00e9ny \u00e9s tart\u00f3ss\u00e1g biztos\u00edt\u00e1sa \u00e9rdek\u00e9ben. K\u00f6nnyed\u00e9n k\u00e9pes kezelni a neh\u00e9z feladatokat, \u00edgy t\u00f6k\u00e9letes v\u00e1laszt\u00e1s sz\u00e9les k\u00f6r\u0171 alkalmaz\u00e1sokhoz.<\/p>\n<p>Kiv\u00e1l\u00f3 min\u0151s\u00e9g\u0171 anyagokb\u00f3l k\u00e9sz\u00fclt hidraulikus dugatty\u00fas henger\u00fcnk kiv\u00e1l\u00f3 kop\u00e1s\u00e1ll\u00f3s\u00e1got biztos\u00edt, \u00edgy m\u00e9g a legnehezebb munkak\u00f6r\u00fclm\u00e9nyek k\u00f6z\u00f6tt is hossz\u00fa t\u00e1v\u00fa teljes\u00edtm\u00e9nyt biztos\u00edt. Emellett nagym\u00e9rt\u00e9kben testreszabhat\u00f3, \u00edgy az \u00d6n egyedi ig\u00e9nyeihez \u00e9s k\u00f6vetelm\u00e9nyeihez igaz\u00edthatja.<\/p>\n<p>Akkor mi\u00e9rt v\u00e1rna? Fektessen be m\u00e9g ma a 10047-es term\u00e9kbe, a gy\u00e1rilag testreszabott hidraulikus dugatty\u00fas hengerbe, \u00e9s tapasztalja meg a hidraulikus technol\u00f3gia legjav\u00e1t.<\/p>\n<h2>Bemutatkozik a hidraulikus dugatty\u00fas henger<\/h2>\n<p>A 2006-ban alap\u00edtott FMP term\u00e9ke, a hidraulikus dugatty\u00fas henger\u00fcnk egy rendk\u00edv\u00fcl hat\u00e9kony \u00e9s megb\u00edzhat\u00f3 term\u00e9k, amely m\u00e1r t\u00f6bb mint egy \u00e9vtizede szolg\u00e1lja az ipar\u00e1gat.<\/p>\n<h3>A hidraulikus dugatty\u00fas henger funkci\u00f3ja \u00e9s jellemz\u0151i<\/h3>\n<p>A hidraulikus dugatty\u00fas henger \u00fagy m\u0171k\u00f6dik, hogy a hidraulikus folyad\u00e9k energi\u00e1j\u00e1t mechanikai energi\u00e1v\u00e1 alak\u00edtja. Sz\u00e1mos alkalmaz\u00e1sban kulcsfontoss\u00e1g\u00fa, bele\u00e9rtve, de nem kiz\u00e1r\u00f3lagosan az \u00e9p\u00edt\u0151ipari berendez\u00e9seket, a gy\u00e1rt\u00f3g\u00e9peket \u00e9s a m\u00e9ly\u00e9p\u00edt\u00e9st.<\/p>\n<h2>Term\u00e9kspecifik\u00e1ci\u00f3k<\/h2>\n<p>Term\u00e9k\u00fcnk kiv\u00e1l\u00f3 m\u0171szaki param\u00e9terekkel rendelkezik, mint p\u00e9ld\u00e1ul:<br \/>\n\u2013 M\u00e9retek: Egyedi megrendel\u00e9sekt\u0151l f\u00fcgg\u0151en v\u00e1ltoznak<br \/>\n\u2013 Kapacit\u00e1s: Magas<br \/>\n\u2013 Teherb\u00edr\u00e1s: Kiv\u00e9teles<\/p>\n<h2>Egyedi tulajdons\u00e1gok \u00e9s el\u0151ny\u00f6k<\/h2>\n<p>N\u00e9h\u00e1ny az egyedi jellemz\u0151k \u00e9s el\u0151ny\u00f6k k\u00f6z\u00fcl:<br \/>\n\u2013 Energiahat\u00e9kony: Seg\u00edt cs\u00f6kkenteni az \u00fczemeltet\u00e9si k\u00f6lts\u00e9geket<br \/>\n\u2013 Nagy hat\u00e9konys\u00e1g: Maximaliz\u00e1lja a termel\u00e9kenys\u00e9get<br \/>\n\u2013 Biztons\u00e1g: Biztos\u00edtja a biztons\u00e1gos m\u0171k\u00f6d\u00e9st<\/p>\n<h2>A hidraulikus rendszer \u00e9s m\u0171k\u00f6d\u00e9si elv\u00e9nek meg\u00e9rt\u00e9se<\/h2>\n<p>A hidraulikus rendszer Pascal t\u00f6rv\u00e9ny\u00e9nek elv\u00e9n m\u0171k\u00f6dik, a tart\u00e1lyban t\u00e1rolt hidraulikafolyad\u00e9k \u00e1raml\u00e1s\u00e1t szab\u00e1lyozza. Ez a rendszer lehet\u0151v\u00e9 teszi, hogy a hidraulikus dugatty\u00fas henger hat\u00e9konyan l\u00e1ssa el funkci\u00f3j\u00e1t.<\/p>\n<h2>A hidraulikus dugatty\u00fas henger alkalmaz\u00e1sa<\/h2>\n<p>A hidraulikus henger sz\u00e1mos ter\u00fcleten alkalmazhat\u00f3, p\u00e9ld\u00e1ul az \u00e9p\u00edt\u0151iparban, a gy\u00e1rt\u00e1sban \u00e9s a m\u00e9ly\u00e9p\u00edt\u00e9sben.<\/p>\n<h2>VR t\u00fara a gy\u00e1runkban<\/h2>\n<p>Megh\u00edvjuk \u00d6nt egy virtu\u00e1lis t\u00far\u00e1ra gy\u00e1runkban <a href=\"https:\/\/v.holoworld.com.cn\/v\/virtualbuy.html?id=78a76263-47ab-485f-b978-0dafacfb4096\" target=\"_blank\" rel=\"noopener\">itt<\/a>.<\/p>\n<h2>K\u00f6zelebbr\u0151l a hidraulikus dugatty\u00fas hengerhez<\/h2>\n<p>A hidraulikus dugatty\u00fas henger gazdag t\u00f6rt\u00e9nelemmel, v\u00e1ltozatos oszt\u00e1lyoz\u00e1sokkal, sz\u00e1mos el\u0151nnyel rendelkezik, \u00e9s minim\u00e1lis karbantart\u00e1st ig\u00e9nyel. K\u00f6nnyen telep\u00edthet\u0151 \u00e9s hossz\u00fa \u00e9lettartam\u00fa.<\/p>\n<h2>Term\u00e9kv\u00e1laszt\u00e1si \u00fatmutat\u00f3<\/h2>\n<p>A megfelel\u0151 hidraulikaolaj \u00e9s olajt\u00f6m\u00edt\u00e9s kiv\u00e1laszt\u00e1sa kulcsfontoss\u00e1g\u00fa a hidraulikus dugatty\u00fas henger optim\u00e1lis m\u0171k\u00f6d\u00e9s\u00e9hez. \u00c1tfog\u00f3 \u00fatmutat\u00e1st ny\u00fajtunk a term\u00e9kv\u00e1laszt\u00e1shoz, hogy a legt\u00f6bbet hozhassa ki term\u00e9keinkb\u0151l.<\/p>\n<h2>A hegesztett vill\u00e1s henger el\u0151nyei<\/h2>\n<p>A hegesztett vill\u00e1shengerek n\u00e9pszer\u0171 v\u00e1laszt\u00e1snak bizonyulnak sz\u00e1mos ipari alkalmaz\u00e1sban egyedi el\u0151nyeik \u00e9s hasznuk miatt. \u00cdme a hegesztett vill\u00e1shengerek n\u00e9h\u00e1ny f\u0151 el\u0151nye:<\/p>\n<h3>1. Fokozott szil\u00e1rds\u00e1g \u00e9s tart\u00f3ss\u00e1g<\/h3>\n<p>A hegesztett vill\u00e1s hengerek hegesztett v\u00e9gz\u00e1r\u00f3val k\u00e9sz\u00fclnek, ami nagyobb szil\u00e1rds\u00e1got \u00e9s tart\u00f3ss\u00e1got biztos\u00edt m\u00e1s t\u00edpus\u00fa hengerekhez k\u00e9pest. Ez ide\u00e1liss\u00e1 teszi \u0151ket nagy ig\u00e9nybev\u00e9tel\u0171 alkalmaz\u00e1sokhoz, amelyek nagyfok\u00fa szil\u00e1rds\u00e1got \u00e9s tart\u00f3ss\u00e1got ig\u00e9nyelnek.<\/p>\n<p>Ezenk\u00edv\u00fcl ezeknek a hengereknek a hegesztett kialak\u00edt\u00e1sa azt jelenti, hogy kisebb a sziv\u00e1rg\u00e1s vagy a meghib\u00e1sod\u00e1s val\u00f3sz\u00edn\u0171s\u00e9ge, ami seg\u00edthet cs\u00f6kkenteni az \u00e1ll\u00e1sid\u0151t \u00e9s a karbantart\u00e1si k\u00f6lts\u00e9geket.<\/p>\n<h3>2. Nagy nyom\u00e1s kezel\u00e9s\u00e9nek k\u00e9pess\u00e9ge<\/h3>\n<p>A hegesztett kengyeles hengerek nagy nyom\u00e1s\u00fa alkalmaz\u00e1sokhoz is alkalmasak, \u00edgy n\u00e9pszer\u0171 v\u00e1laszt\u00e1snak sz\u00e1m\u00edtanak olyan ipar\u00e1gakban, mint az \u00e9p\u00edt\u0151ipar, a b\u00e1ny\u00e1szat, valamint az olaj- \u00e9s g\u00e1zipar. A nagy nyom\u00e1st\u0171r\u0151 k\u00e9pess\u00e9g\u00fck megb\u00edzhat\u00f3 teljes\u00edtm\u00e9nyt biztos\u00edt ig\u00e9nyes k\u00f6rnyezetben.<\/p>\n<h3>3. Testreszabhat\u00f3 diz\u00e1jn<\/h3>\n<p>A hegesztett vill\u00e1s hengerek egyedi tervez\u00e9s\u0171ek, hogy megfeleljenek egy adott alkalmaz\u00e1s ig\u00e9nyeinek. Ez azt jelenti, hogy egy adott m\u00e9rethez, alakhoz vagy teljes\u00edtm\u00e9nyk\u00f6vetelm\u00e9nyhez igaz\u00edthat\u00f3k. A testreszabhat\u00f3 kialak\u00edt\u00e1s nagyobb rugalmass\u00e1got is biztos\u00edt a gy\u00e1rt\u00e1si folyamatban, ami k\u00f6lts\u00e9gmegtakar\u00edt\u00e1shoz vezethet.<\/p>\n<h3>4. K\u00f6nny\u0171 telep\u00edt\u00e9s<\/h3>\n<p>A hegesztett vill\u00e1s hengerek k\u00f6nnyen telep\u00edthet\u0151k, ami seg\u00edt cs\u00f6kkenteni a be\u00e1ll\u00edt\u00e1si id\u0151t \u00e9s a munkak\u00f6lts\u00e9geket. \u00c1ltal\u00e1ban el\u0151re \u00f6sszeszereltek \u00e9s haszn\u00e1latra k\u00e9szek a dobozb\u00f3l kiv\u00e9ve, ami minimaliz\u00e1lja a tov\u00e1bbi alkatr\u00e9szek vagy komponensek sz\u00fcks\u00e9gess\u00e9g\u00e9t.<\/p>\n<h3>5. Jav\u00edtott teljes\u00edtm\u00e9ny<\/h3>\n<p>A hegesztett vill\u00e1s hengerek kialak\u00edt\u00e1sa jobb teljes\u00edtm\u00e9nyt tesz lehet\u0151v\u00e9 m\u00e1s t\u00edpus\u00fa hengerekhez k\u00e9pest. Nyom\u00e1segys\u00e9gre vet\u00edtve nagyobb er\u0151t tudnak el\u0151\u00e1ll\u00edtani, ami seg\u00edthet jav\u00edtani a hat\u00e9konys\u00e1got \u00e9s a termel\u00e9kenys\u00e9get az ipari alkalmaz\u00e1sokban.<\/p>\n<p>\u00d6sszess\u00e9g\u00e9ben a hegesztett vill\u00e1s hengerek sz\u00e1mos el\u0151nnyel \u00e9s hasznal rendelkeznek, amelyek n\u00e9pszer\u0171v\u00e9 teszik \u0151ket sz\u00e1mos ipari alkalmaz\u00e1sban. Megn\u00f6velt szil\u00e1rds\u00e1guk \u00e9s tart\u00f3ss\u00e1guk, nagy nyom\u00e1st\u0171r\u0151 k\u00e9pess\u00e9g\u00fck, testreszabhat\u00f3 kialak\u00edt\u00e1suk, egyszer\u0171 telep\u00edt\u00e9s\u00fck \u00e9s jobb teljes\u00edtm\u00e9ny\u00fck ide\u00e1lis v\u00e1laszt\u00e1ss\u00e1 teszi \u0151ket ig\u00e9nyes k\u00f6rnyezetekben, ahol a megb\u00edzhat\u00f3s\u00e1g \u00e9s a teljes\u00edtm\u00e9ny kulcsfontoss\u00e1g\u00fa.<\/p>\n<h2>Hegesztett Clevis t\u00edpus\u00fa henger alkalmaz\u00e1sa<\/h2>\n<ul>\n<li><strong>Ipari g\u00e9pek:<\/strong> A hegesztett vill\u00e1s hengereket sz\u00e9les k\u00f6rben haszn\u00e1lj\u00e1k k\u00fcl\u00f6nf\u00e9le ipari g\u00e9pekben nagy teherb\u00edr\u00e1s\u00fa alkalmaz\u00e1sokhoz. Ezek a hengerek nagy er\u0151kifejt\u00e9sre k\u00e9pesek a g\u00e9pek alkatr\u00e9szeinek emel\u00e9s\u00e9hez \u00e9s pr\u00e9sel\u00e9s\u00e9hez. A hegesztett vill\u00e1s kialak\u00edt\u00e1s lehet\u0151v\u00e9 teszi a k\u00f6nny\u0171 telep\u00edt\u00e9st \u00e9s a hat\u00e9kony m\u0171k\u00f6d\u00e9st, \u00edgy n\u00e9pszer\u0171 v\u00e1laszt\u00e1s a gy\u00e1rt\u00f3k sz\u00e1m\u00e1ra.\n<ul>\n<li>A feldolgoz\u00f3iparban a hegesztett vill\u00e1shengereket hidraulikus pr\u00e9sekben, fr\u00f6ccs\u00f6nt\u0151 g\u00e9pekben \u00e9s f\u00e9msajtol\u00f3 berendez\u00e9sekben haszn\u00e1lj\u00e1k a f\u00e9mlemezek alak\u00edt\u00e1s\u00e1hoz \u00e9s alak\u00edt\u00e1s\u00e1hoz sz\u00fcks\u00e9ges er\u0151 biztos\u00edt\u00e1s\u00e1ra.<\/li>\n<li>Az aut\u00f3iparban ezeket a munkahengereket aut\u00f3emel\u0151kben, felvon\u00f3kban \u00e9s \u00f6sszeszerel\u0151 g\u00e9pekben haszn\u00e1lj\u00e1k neh\u00e9z alkatr\u00e9szek emel\u00e9s\u00e9re a gy\u00e1rt\u00e1si folyamat sor\u00e1n.<\/li>\n<li>Az \u00e9p\u00edt\u0151iparban hegesztett vill\u00e1s hengereket haszn\u00e1lnak darukban, kotr\u00f3g\u00e9pekben \u00e9s buld\u00f3zerekben a neh\u00e9z terheket emel\u0151 \u00e9s mozgat\u00f3 hidraulikus rendszerek m\u0171k\u00f6dtet\u00e9s\u00e9re.<\/li>\n<\/ul>\n<\/li>\n<li><strong>Mez\u0151gazdas\u00e1gi g\u00e9pek:<\/strong> A mez\u0151gazdas\u00e1gi g\u00e9pek az egyik legfontosabb ter\u00fclet, ahol a hegesztett vill\u00e1s hengereket haszn\u00e1lj\u00e1k. Ezeket a hengereket k\u00fcl\u00f6nf\u00e9le mez\u0151gazdas\u00e1gi g\u00e9pekben, bele\u00e9rtve a traktorokat, betakar\u00edt\u00f3g\u00e9peket \u00e9s ek\u00e9ket, haszn\u00e1lj\u00e1k a talaj-el\u0151k\u00e9sz\u00edt\u00e9shez, \u00fcltet\u00e9shez \u00e9s betakar\u00edt\u00e1shoz sz\u00fcks\u00e9ges er\u0151 biztos\u00edt\u00e1s\u00e1ra.\n<ul>\n<li>A mez\u0151gazdas\u00e1gban a hegesztett vill\u00e1s hengereket ek\u00e9kben, kultiv\u00e1torokban \u00e9s vet\u0151g\u00e9pekben haszn\u00e1lj\u00e1k a talaj-el\u0151k\u00e9sz\u00edt\u00e9shez \u00e9s a vet\u0151mag \u00fcltet\u00e9s\u00e9hez sz\u00fcks\u00e9ges er\u0151 biztos\u00edt\u00e1s\u00e1ra.<\/li>\n<li>A betakar\u00edt\u00f3iparban ezeket a hengereket betakar\u00edt\u00f3g\u00e9pekben, b\u00e1l\u00e1z\u00f3kban \u00e9s f\u0171ny\u00edr\u00f3kban haszn\u00e1lj\u00e1k a term\u00e9nyt \u00f6sszegy\u0171jt\u0151 \u00e9s sz\u00e1ll\u00edt\u00f3 hidraulikus rendszerek m\u0171k\u00f6dtet\u00e9s\u00e9re.<\/li>\n<\/ul>\n<\/li>\n<li><strong>Rep\u00fcl\u00e9s \u00e9s v\u00e9delem:<\/strong> A hegesztett Clevis t\u00edpus\u00fa hengereket a rep\u00fcl\u0151g\u00e9piparban \u00e9s a v\u00e9delmi iparban is haszn\u00e1lj\u00e1k, ahol sz\u00e9les k\u00f6rben alkalmazz\u00e1k rep\u00fcl\u0151g\u00e9pekhez, rak\u00e9t\u00e1khoz, rak\u00e9t\u00e1khoz \u00e9s v\u00e9delmi rendszerekhez.\n<ul>\n<li>A rep\u00fcl\u0151g\u00e9piparban hegesztett vill\u00e1shengereket haszn\u00e1lnak rep\u00fcl\u0151g\u00e9pek fut\u00f3m\u0171veiben, f\u00e9ksz\u00e1rnyaiban \u00e9s f\u00e9keiben, hogy biztos\u00edts\u00e1k a sz\u00fcks\u00e9ges er\u0151t a felsz\u00e1ll\u00e1shoz \u00e9s lesz\u00e1ll\u00e1shoz.<\/li>\n<li>A v\u00e9delmi iparban ezeket a hengereket rak\u00e9tavet\u0151kben, l\u00f6vegtornyokban \u00e9s harckocsirendszerekben haszn\u00e1lj\u00e1k a fegyverek \u00e9s l\u0151szerek mozg\u00e1s\u00e1t szab\u00e1lyoz\u00f3 hidraulikus rendszerek m\u0171k\u00f6dtet\u00e9s\u00e9re.<\/li>\n<\/ul>\n<\/li>\n<li><strong>Tenger\u00e9szeti ipar:<\/strong> A hegesztett vill\u00e1s hengereket sz\u00e9les k\u00f6rben haszn\u00e1lj\u00e1k a tenger\u00e9szeti iparban is, ahol haj\u00f3khoz, cs\u00f3nakokhoz \u00e9s v\u00edz alatti j\u00e1rm\u0171vekhez k\u00fcl\u00f6nf\u00e9le alkalmaz\u00e1sokban haszn\u00e1lj\u00e1k \u0151ket.\n<ul>\n<li>A haj\u00f3z\u00e1si iparban hegesztett vill\u00e1s hengereket haszn\u00e1lnak darukban, cs\u00f6rl\u0151kben \u00e9s rakom\u00e1nykezel\u0151 berendez\u00e9sekben, hogy biztos\u00edts\u00e1k a sz\u00fcks\u00e9ges er\u0151t a rakom\u00e1ny be- \u00e9s kirakod\u00e1s\u00e1hoz.<\/li>\n<li>A haj\u00f3z\u00e1si iparban ezeket a hengereket korm\u00e1nyrendszerekben, haj\u00f3csavarokban \u00e9s horgonyrendszerekben haszn\u00e1lj\u00e1k, hogy biztos\u00edts\u00e1k a sz\u00fcks\u00e9ges er\u0151t a haj\u00f3k \u00e9s haj\u00f3k mozg\u00e1s\u00e1nak szab\u00e1lyoz\u00e1s\u00e1hoz.<\/li>\n<li>A v\u00edz alatti j\u00e1rm\u0171iparban hegesztett vill\u00e1shengereket haszn\u00e1lnak mer\u00fcl\u0151haj\u00f3kban, t\u00e1vir\u00e1ny\u00edt\u00e1s\u00fa j\u00e1rm\u0171vekben (ROV) \u00e9s b\u00fav\u00e1rfelszerel\u00e9sekben, hogy biztos\u00edts\u00e1k a v\u00edz alatti m\u0171veletekhez sz\u00fcks\u00e9ges er\u0151t.<\/li>\n<\/ul>\n<\/li>\n<li><strong>B\u00e1nyaipar:<\/strong> A hegesztett vill\u00e1s hengereket a b\u00e1ny\u00e1szati \u200b\u200biparban is haszn\u00e1lj\u00e1k, ahol \u00e1sv\u00e1nykincsek kitermel\u00e9s\u00e9re \u00e9s anyagmozgat\u00e1sra k\u00fcl\u00f6nf\u00e9le alkalmaz\u00e1sokban alkalmazz\u00e1k \u0151ket.\n<ul>\n<li>A b\u00e1ny\u00e1szati \u200b\u200biparban a hegesztett vill\u00e1s hengereket sz\u00e1ll\u00edt\u00f3szalag-rendszerekben, f\u00far\u00f3g\u00e9pekben \u00e9s hidraulikus lap\u00e1tokban haszn\u00e1lj\u00e1k, hogy biztos\u00edts\u00e1k a sz\u00fcks\u00e9ges er\u0151t az \u00e1sv\u00e1nyok \u00e9s anyagok b\u00e1ny\u00e1kb\u00f3l \u00e9s k\u0151b\u00e1ny\u00e1kb\u00f3l t\u00f6rt\u00e9n\u0151 kinyer\u00e9s\u00e9hez.<\/li>\n<\/ul>\n<\/li>\n<\/ul>\n<h2>Az FMP-r\u0151l<\/h2>\n<p><img decoding=\"async\" src=\"https:\/\/hzpt.com\/wp-content\/uploads\/2023\/12\/insert-4.webp?v=1694163707\" alt=\"\" title=\"\"><br \/>\nAz FMP vezet\u0151 poz\u00edci\u00f3t foglal el az olaszorsz\u00e1gi mobil munkag\u00e9pek hidraulikus henger alpiac\u00e1n. Term\u00e9keink k\u00f6z\u00e9 tartoznak a hidraulikus billen\u0151hengerek, hidraulikus korm\u00e1nyhengerek \u00e9s hidraulikus emel\u0151hengerek. \u00c9ves termel\u00e9si kapacit\u00e1sunk 200 000 darab, amelyb\u0151l 300 darab k\u00fcl\u00f6nf\u00e9le, teljesen automatiz\u00e1lt CNC gy\u00e1rt\u00f3berendez\u00e9st \u00e9s teljesen automatiz\u00e1lt hidraulikus henger \u00f6sszeszerel\u0151 berendez\u00e9st k\u00edn\u00e1lunk.<\/p>\n<h2>Mi\u00e9rt v\u00e1lassza az FMP-t?<\/h2>\n<p>Kiv\u00e1l\u00f3 min\u0151s\u00e9g\u0171 term\u00e9keinkkel, versenyk\u00e9pes \u00e1rainkkal \u00e9s kiv\u00e1l\u00f3 \u00fcgyf\u00e9lszolg\u00e1latunkkal t\u0171n\u00fcnk ki.<\/p>\n<h3>Egy\u00e9b term\u00e9keink<\/h3>\n<p>K\u00edn\u00e1latunkban nagy magass\u00e1g\u00fa \u00fczemeltet\u00e9si platform olajhengerek, ipari j\u00e1rm\u0171vek hidraulikus hengerei, forg\u00f3 f\u00far\u00f3tornyok olajhengerei, teheraut\u00f3-daru olajhengerei, g\u00e9p\u00e9szeti hidraulikus hengerei is tal\u00e1lhat\u00f3k. <b>Targonca hidraulikus hengerek<\/b>, b\u00e1ny\u00e1szati \u200b\u200bd\u00f6mperek olajhengerei \u00e9s szaniterg\u00e9pek hidraulikus hengerei. Egyedi megrendel\u00e9seket is sz\u00edvesen fogadunk.<\/p>\n<h2>Gy\u00e1runk<\/h2>\n<p><img decoding=\"async\" src=\"https:\/\/hzpt.com\/wp-content\/uploads\/2023\/12\/insert-5.webp\" alt=\"Gy\u00e1runk\" title=\"\"><\/p>\n<h2>GYIK<\/h2>\n<p>\u00cdme n\u00e9h\u00e1ny gyakori k\u00e9rd\u00e9s a hidraulikus dugatty\u00fas munkahenger\u00fcnkkel kapcsolatban:<\/p>\n<p>1. k\u00e9rd\u00e9s: Mekkora a hidraulikus dugatty\u00fas henger teherb\u00edr\u00e1sa?<br \/>\nA1: A teherb\u00edr\u00e1s kiv\u00e9teles, \u00e9s az egyedi megrendel\u00e9sekt\u0151l f\u00fcgg\u0151en v\u00e1ltozik.<\/p>\n<p>2. k\u00e9rd\u00e9s: Mennyire energiahat\u00e9kony a hidraulikus dugatty\u00fas henger?<br \/>\nA2: Hidraulikus dugatty\u00fas henger\u00fcnk rendk\u00edv\u00fcl energiahat\u00e9kony, ami seg\u00edt cs\u00f6kkenteni az \u00fczemeltet\u00e9si k\u00f6lts\u00e9geket.<\/p>\n<p>3. k\u00e9rd\u00e9s: Mennyire biztons\u00e1gos a hidraulikus dugatty\u00fas henger m\u0171k\u00f6d\u00e9se?<br \/>\nA3: A biztons\u00e1g az egyik legfontosabb szempontunk. Hidraulikus dugatty\u00fas henger\u00fcnk biztos\u00edtja a biztons\u00e1gos m\u0171k\u00f6d\u00e9st.<\/p>\n<p>4. k\u00e9rd\u00e9s: Mekkora az FMP termel\u00e9si kapacit\u00e1sa?<br \/>\nA4: \u00c9ves termel\u00e9si kapacit\u00e1sunk 200 000 k\u00e9szlet.<br \/>\n<img decoding=\"async\" src=\"https:\/\/hzpt.com\/wp-content\/uploads\/2023\/12\/insert-1.webp\" alt=\"\" title=\"\"><\/p>\n<p>5. k\u00e9rd\u00e9s: Egyedi megrendel\u00e9seket is teljes\u00edtenek?<br \/>\nA5: Igen, sz\u00edvesen fogadunk egyedi megrendel\u00e9seket az \u00d6n ig\u00e9nyei alapj\u00e1n.<\/p>\n<p>Szerz\u0151: CX<\/p>","protected":false},"excerpt":{"rendered":"<p>Product 10047 Factory Customized Hydraulic Piston Cylinder for Sale Looking for a reliable hydraulic piston cylinder for your industrial needs? Look no further than Product 10047 Factory Customized Hydraulic Piston Cylinder. Our hydraulic piston cylinder is designed with precision engineering and superior materials to ensure high performance and durability. It is capable of handling heavy-duty [&hellip;]<\/p>","protected":false},"featured_media":1127,"comment_status":"closed","ping_status":"closed","template":"","meta":{"_et_pb_use_builder":"","_et_pb_old_content":"","_et_gb_content_width":""},"product_brand":[],"product_cat":[36],"product_tag":[34,38],"class_list":{"0":"post-1055","1":"product","2":"type-product","3":"status-publish","4":"has-post-thumbnail","6":"product_cat-welded-clevis-type-cylinder","7":"product_tag-hydraulic-cylinder","8":"product_tag-welded-clevis-type-cylinder","10":"first","11":"instock","12":"product-type-simple"},"_links":{"self":[{"href":"https:\/\/fmp-components.com\/hu\/wp-json\/wp\/v2\/product\/1055","targetHints":{"allow":["GET"]}}],"collection":[{"href":"https:\/\/fmp-components.com\/hu\/wp-json\/wp\/v2\/product"}],"about":[{"href":"https:\/\/fmp-components.com\/hu\/wp-json\/wp\/v2\/types\/product"}],"replies":[{"embeddable":true,"href":"https:\/\/fmp-components.com\/hu\/wp-json\/wp\/v2\/comments?post=1055"}],"wp:featuredmedia":[{"embeddable":true,"href":"https:\/\/fmp-components.com\/hu\/wp-json\/wp\/v2\/media\/1127"}],"wp:attachment":[{"href":"https:\/\/fmp-components.com\/hu\/wp-json\/wp\/v2\/media?parent=1055"}],"wp:term":[{"taxonomy":"product_brand","embeddable":true,"href":"https:\/\/fmp-components.com\/hu\/wp-json\/wp\/v2\/product_brand?post=1055"},{"taxonomy":"product_cat","embeddable":true,"href":"https:\/\/fmp-components.com\/hu\/wp-json\/wp\/v2\/product_cat?post=1055"},{"taxonomy":"product_tag","embeddable":true,"href":"https:\/\/fmp-components.com\/hu\/wp-json\/wp\/v2\/product_tag?post=1055"}],"curies":[{"name":"munkaf\u00fczet","href":"https:\/\/api.w.org\/{rel}","templated":true}]}}