{"id":1049,"date":"2024-12-19T06:17:44","date_gmt":"2024-12-19T06:17:44","guid":{"rendered":"https:\/\/fmp-components.com\/product\/10041-factory-price-double-acting-hydraulic-cylinder-for-tractor\/"},"modified":"2025-03-18T00:44:07","modified_gmt":"2025-03-18T00:44:07","slug":"10041-factory-price-double-acting-hydraulic-cylinder-for-tractor","status":"publish","type":"product","link":"https:\/\/fmp-components.com\/hu\/product\/10041-factory-price-double-acting-hydraulic-cylinder-for-tractor\/","title":{"rendered":"10041 Gy\u00e1ri \u00e1r\u00fa kett\u0151s m\u0171k\u00f6d\u00e9s\u0171 hidraulikus henger traktorhoz"},"content":{"rendered":"<p>A 10041-es term\u00e9k egy cs\u00facskateg\u00f3ri\u00e1s hidraulikus munkahenger, amelyet kifejezetten traktorokhoz terveztek. Kett\u0151s m\u0171k\u00f6d\u00e9s\u00e9nek k\u00f6sz\u00f6nhet\u0151en kiv\u00e1l\u00f3 teljes\u00edtm\u00e9nyt \u00e9s hat\u00e9konys\u00e1got biztos\u00edt b\u00e1rmilyen feladathoz. Ez a hidraulikus munkahenger m\u00e9g a legnehezebb k\u00f6r\u00fclm\u00e9nyeknek is ellen\u00e1ll, tart\u00f3s konstrukci\u00f3j\u00e1val pedig hossz\u00fa \u00e9lettartamot biztos\u00edt.<\/p>\n<p>A 10041-es term\u00e9k egyik kiemelked\u0151 tulajdons\u00e1ga a gy\u00e1ri \u00e1ra, ami hihetetlen\u00fcl k\u00f6lts\u00e9ghat\u00e9kony opci\u00f3v\u00e1 teszi a traktortulajdonosok \u00e9s -\u00fczemeltet\u0151k sz\u00e1m\u00e1ra. Megfizethet\u0151 \u00e1ra ellen\u00e9re ez a hidraulikus henger nem k\u00f6t kompromisszumot a min\u0151s\u00e9g vagy a megb\u00edzhat\u00f3s\u00e1g ter\u00e9n.<\/p>\n<p>Ak\u00e1r neh\u00e9z terheket kell emelnie, nagy t\u00e1rgyakat mozgatnia, vagy b\u00e1rmilyen m\u00e1s ig\u00e9nyes feladatot el kell v\u00e9geznie, a 10041-es term\u00e9kcsal\u00e1d k\u00e9pes elv\u00e9gezni a feladatot. Kiv\u00e9teles szil\u00e1rds\u00e1ga \u00e9s tart\u00f3ss\u00e1ga n\u00e9lk\u00fcl\u00f6zhetetlen kieg\u00e9sz\u00edt\u0151v\u00e9 teszi minden traktorban, kett\u0151s m\u0171k\u00f6d\u00e9se pedig minden alkalommal z\u00f6kken\u0151mentes \u00e9s prec\u00edz m\u0171k\u00f6d\u00e9st biztos\u00edt.<\/p>\n<p>Fektessen be m\u00e9g ma a 10041-es term\u00e9kbe, \u00e9s tapasztalja meg a p\u00e1ratlan teljes\u00edtm\u00e9nyt \u00e9s megb\u00edzhat\u00f3s\u00e1got, amit k\u00edn\u00e1l.<\/p>\n<p>Az FMP a kiv\u00e1l\u00f3 min\u0151s\u00e9g\u0171 hidraulikus g\u00e9pek, t\u00f6bbek k\u00f6z\u00f6tt a traktorokhoz val\u00f3 kett\u0151s m\u0171k\u00f6d\u00e9s\u0171 hidraulikus hengerek vezet\u0151 gy\u00e1rt\u00f3ja. C\u00e9g\u00fcnk Olaszorsz\u00e1gban tal\u00e1lhat\u00f3, \u00e9s hidraulikus hengerek tervez\u00e9s\u00e9re \u00e9s gy\u00e1rt\u00e1s\u00e1ra specializ\u00e1l\u00f3dott.<\/p>\n<p>&nbsp;<\/p>\n<p><img decoding=\"async\" src=\"https:\/\/hzpt.com\/wp-content\/uploads\/2023\/12\/insert-4.webp?v=1694163707\" alt=\"\" title=\"\"><\/p>\n<h2>Az FMP-r\u0151l<\/h2>\n<p>Az FMP piacvezet\u0151 a mobil munkag\u00e9pek hidraulikus hengereinek ipar\u00e1g\u00e1ban Olaszorsz\u00e1gban, 200 000 darabos gy\u00e1rt\u00f3kapacit\u00e1ssal. Hidraulikus billen\u0151-, korm\u00e1ny- \u00e9s emel\u0151hengereket, valamint egy\u00e9b hidraulikus g\u00e9p\u00e9szeti term\u00e9keket k\u00edn\u00e1lunk. \u00dczem\u00fcnk 300 db k\u00fcl\u00f6nf\u00e9le automata CNC gy\u00e1rt\u00f3berendez\u00e9ssel \u00e9s automata hidraulikus henger \u00f6sszeszerel\u0151 berendez\u00e9ssel van felszerelve, biztos\u00edtva a legmagasabb szint\u0171 pontoss\u00e1got \u00e9s min\u0151s\u00e9get.<\/p>\n<p>A traktorokhoz val\u00f3 hidraulikus hengerek mellett k\u00fcl\u00f6nf\u00e9le ipari alkalmaz\u00e1sokhoz is k\u00edn\u00e1lunk hidraulikus hengereket, bele\u00e9rtve a szem\u00e9lyemel\u0151 munka\u00e1llv\u00e1nyokat, ipari j\u00e1rm\u0171veket, forg\u00f3f\u00far\u00f3berendez\u00e9seket, aut\u00f3darukat, \u00e9p\u00edt\u0151ipari g\u00e9peket, targonc\u00e1kat, d\u00f6mpereket \u00e9s szaniterg\u00e9peket. Sz\u00edvesen fogadjuk az \u00d6n egyedi ig\u00e9nyei szerinti testreszab\u00e1st.<\/p>\n<h2>Gal\u00e9ria<\/h2>\n<p><img decoding=\"async\" src=\"https:\/\/hzpt.com\/wp-content\/uploads\/2023\/12\/insert-5.webp\" alt=\"FMP gy\u00e1r\" title=\"\"><\/p>\n<h2>A hegesztett vill\u00e1s henger el\u0151nyei<\/h2>\n<p>A hegesztett vill\u00e1shengerek n\u00e9pszer\u0171 v\u00e1laszt\u00e1snak bizonyulnak sz\u00e1mos ipari alkalmaz\u00e1sban egyedi el\u0151nyeik \u00e9s hasznuk miatt. \u00cdme a hegesztett vill\u00e1shengerek n\u00e9h\u00e1ny f\u0151 el\u0151nye:<\/p>\n<h3>1. Fokozott szil\u00e1rds\u00e1g \u00e9s tart\u00f3ss\u00e1g<\/h3>\n<p>A hegesztett vill\u00e1s hengerek hegesztett v\u00e9gz\u00e1r\u00f3val k\u00e9sz\u00fclnek, ami nagyobb szil\u00e1rds\u00e1got \u00e9s tart\u00f3ss\u00e1got biztos\u00edt m\u00e1s t\u00edpus\u00fa hengerekhez k\u00e9pest. Ez ide\u00e1liss\u00e1 teszi \u0151ket nagy ig\u00e9nybev\u00e9tel\u0171 alkalmaz\u00e1sokhoz, amelyek nagyfok\u00fa szil\u00e1rds\u00e1got \u00e9s tart\u00f3ss\u00e1got ig\u00e9nyelnek.<\/p>\n<p>Ezenk\u00edv\u00fcl ezeknek a hengereknek a hegesztett kialak\u00edt\u00e1sa azt jelenti, hogy kisebb a sziv\u00e1rg\u00e1s vagy a meghib\u00e1sod\u00e1s val\u00f3sz\u00edn\u0171s\u00e9ge, ami seg\u00edthet cs\u00f6kkenteni az \u00e1ll\u00e1sid\u0151t \u00e9s a karbantart\u00e1si k\u00f6lts\u00e9geket.<\/p>\n<h3>2. Nagy nyom\u00e1s kezel\u00e9s\u00e9nek k\u00e9pess\u00e9ge<\/h3>\n<p>A hegesztett kengyeles hengerek nagy nyom\u00e1s\u00fa alkalmaz\u00e1sokhoz is alkalmasak, \u00edgy n\u00e9pszer\u0171 v\u00e1laszt\u00e1snak sz\u00e1m\u00edtanak olyan ipar\u00e1gakban, mint az \u00e9p\u00edt\u0151ipar, a b\u00e1ny\u00e1szat, valamint az olaj- \u00e9s g\u00e1zipar. A nagy nyom\u00e1st\u0171r\u0151 k\u00e9pess\u00e9g\u00fck megb\u00edzhat\u00f3 teljes\u00edtm\u00e9nyt biztos\u00edt ig\u00e9nyes k\u00f6rnyezetben.<\/p>\n<h3>3. Testreszabhat\u00f3 diz\u00e1jn<\/h3>\n<p>A hegesztett vill\u00e1s hengerek egyedi tervez\u00e9s\u0171ek, hogy megfeleljenek egy adott alkalmaz\u00e1s ig\u00e9nyeinek. Ez azt jelenti, hogy egy adott m\u00e9rethez, alakhoz vagy teljes\u00edtm\u00e9nyk\u00f6vetelm\u00e9nyhez igaz\u00edthat\u00f3k. A testreszabhat\u00f3 kialak\u00edt\u00e1s nagyobb rugalmass\u00e1got is biztos\u00edt a gy\u00e1rt\u00e1si folyamatban, ami k\u00f6lts\u00e9gmegtakar\u00edt\u00e1shoz vezethet.<\/p>\n<h3>4. K\u00f6nny\u0171 telep\u00edt\u00e9s<\/h3>\n<p>A hegesztett vill\u00e1s hengerek k\u00f6nnyen telep\u00edthet\u0151k, ami seg\u00edt cs\u00f6kkenteni a be\u00e1ll\u00edt\u00e1si id\u0151t \u00e9s a munkak\u00f6lts\u00e9geket. \u00c1ltal\u00e1ban el\u0151re \u00f6sszeszereltek \u00e9s haszn\u00e1latra k\u00e9szek a dobozb\u00f3l kiv\u00e9ve, ami minimaliz\u00e1lja a tov\u00e1bbi alkatr\u00e9szek vagy komponensek sz\u00fcks\u00e9gess\u00e9g\u00e9t.<\/p>\n<h3>5. Jav\u00edtott teljes\u00edtm\u00e9ny<\/h3>\n<p>A hegesztett vill\u00e1s hengerek kialak\u00edt\u00e1sa jobb teljes\u00edtm\u00e9nyt tesz lehet\u0151v\u00e9 m\u00e1s t\u00edpus\u00fa hengerekhez k\u00e9pest. Nyom\u00e1segys\u00e9gre vet\u00edtve nagyobb er\u0151t tudnak el\u0151\u00e1ll\u00edtani, ami seg\u00edthet jav\u00edtani a hat\u00e9konys\u00e1got \u00e9s a termel\u00e9kenys\u00e9get az ipari alkalmaz\u00e1sokban.<\/p>\n<p>\u00d6sszess\u00e9g\u00e9ben a hegesztett vill\u00e1s hengerek sz\u00e1mos el\u0151nnyel \u00e9s hasznal rendelkeznek, amelyek n\u00e9pszer\u0171v\u00e9 teszik \u0151ket sz\u00e1mos ipari alkalmaz\u00e1sban. Megn\u00f6velt szil\u00e1rds\u00e1guk \u00e9s tart\u00f3ss\u00e1guk, nagy nyom\u00e1st\u0171r\u0151 k\u00e9pess\u00e9g\u00fck, testreszabhat\u00f3 kialak\u00edt\u00e1suk, egyszer\u0171 telep\u00edt\u00e9s\u00fck \u00e9s jobb teljes\u00edtm\u00e9ny\u00fck ide\u00e1lis v\u00e1laszt\u00e1ss\u00e1 teszi \u0151ket ig\u00e9nyes k\u00f6rnyezetekben, ahol a megb\u00edzhat\u00f3s\u00e1g \u00e9s a teljes\u00edtm\u00e9ny kulcsfontoss\u00e1g\u00fa.<\/p>\n<p><img loading=\"lazy\" decoding=\"async\" class=\"size-full wp-image-1071 aligncenter\" src=\"https:\/\/fmp-components.com\/wp-content\/uploads\/2024\/12\/Welded-Clevis-Type-Cylinder4.webp\" alt=\"Hegesztett vill\u00e1s henger\" width=\"800\" height=\"800\" title=\"\" srcset=\"https:\/\/fmp-components.com\/wp-content\/uploads\/2024\/12\/Welded-Clevis-Type-Cylinder4.webp 800w, https:\/\/fmp-components.com\/wp-content\/uploads\/2024\/12\/Welded-Clevis-Type-Cylinder4-480x480.webp 480w\" sizes=\"(min-width: 0px) and (max-width: 480px) 480px, (min-width: 481px) 800px, 100vw\" \/><\/p>\n<h2>Hegesztett Clevis t\u00edpus\u00fa henger alkalmaz\u00e1sa<\/h2>\n<ul>\n<li><strong>Ipari g\u00e9pek:<\/strong> A hegesztett vill\u00e1s hengereket sz\u00e9les k\u00f6rben haszn\u00e1lj\u00e1k k\u00fcl\u00f6nf\u00e9le ipari g\u00e9pekben nagy teherb\u00edr\u00e1s\u00fa alkalmaz\u00e1sokhoz. Ezek a hengerek nagy er\u0151kifejt\u00e9sre k\u00e9pesek a g\u00e9pek alkatr\u00e9szeinek emel\u00e9s\u00e9hez \u00e9s pr\u00e9sel\u00e9s\u00e9hez. A hegesztett vill\u00e1s kialak\u00edt\u00e1s lehet\u0151v\u00e9 teszi a k\u00f6nny\u0171 telep\u00edt\u00e9st \u00e9s a hat\u00e9kony m\u0171k\u00f6d\u00e9st, \u00edgy n\u00e9pszer\u0171 v\u00e1laszt\u00e1s a gy\u00e1rt\u00f3k sz\u00e1m\u00e1ra.\n<ul>\n<li>A feldolgoz\u00f3iparban a hegesztett vill\u00e1shengereket hidraulikus pr\u00e9sekben, fr\u00f6ccs\u00f6nt\u0151 g\u00e9pekben \u00e9s f\u00e9msajtol\u00f3 berendez\u00e9sekben haszn\u00e1lj\u00e1k a f\u00e9mlemezek alak\u00edt\u00e1s\u00e1hoz \u00e9s alak\u00edt\u00e1s\u00e1hoz sz\u00fcks\u00e9ges er\u0151 biztos\u00edt\u00e1s\u00e1ra.<\/li>\n<li>Az aut\u00f3iparban ezeket a munkahengereket aut\u00f3emel\u0151kben, felvon\u00f3kban \u00e9s \u00f6sszeszerel\u0151 g\u00e9pekben haszn\u00e1lj\u00e1k neh\u00e9z alkatr\u00e9szek emel\u00e9s\u00e9re a gy\u00e1rt\u00e1si folyamat sor\u00e1n.<\/li>\n<li>Az \u00e9p\u00edt\u0151iparban hegesztett vill\u00e1s hengereket haszn\u00e1lnak darukban, kotr\u00f3g\u00e9pekben \u00e9s buld\u00f3zerekben a neh\u00e9z terheket emel\u0151 \u00e9s mozgat\u00f3 hidraulikus rendszerek m\u0171k\u00f6dtet\u00e9s\u00e9re.<\/li>\n<\/ul>\n<\/li>\n<li><strong>Mez\u0151gazdas\u00e1gi g\u00e9pek:<\/strong> A mez\u0151gazdas\u00e1gi g\u00e9pek az egyik legfontosabb ter\u00fclet, ahol a hegesztett vill\u00e1s hengereket haszn\u00e1lj\u00e1k. Ezeket a hengereket k\u00fcl\u00f6nf\u00e9le mez\u0151gazdas\u00e1gi g\u00e9pekben, bele\u00e9rtve a traktorokat, betakar\u00edt\u00f3g\u00e9peket \u00e9s ek\u00e9ket, haszn\u00e1lj\u00e1k a talaj-el\u0151k\u00e9sz\u00edt\u00e9shez, \u00fcltet\u00e9shez \u00e9s betakar\u00edt\u00e1shoz sz\u00fcks\u00e9ges er\u0151 biztos\u00edt\u00e1s\u00e1ra.\n<ul>\n<li>A mez\u0151gazdas\u00e1gban a hegesztett vill\u00e1s hengereket ek\u00e9kben, kultiv\u00e1torokban \u00e9s vet\u0151g\u00e9pekben haszn\u00e1lj\u00e1k a talaj-el\u0151k\u00e9sz\u00edt\u00e9shez \u00e9s a vet\u0151mag \u00fcltet\u00e9s\u00e9hez sz\u00fcks\u00e9ges er\u0151 biztos\u00edt\u00e1s\u00e1ra.<\/li>\n<li>A betakar\u00edt\u00f3iparban ezeket a hengereket betakar\u00edt\u00f3g\u00e9pekben, b\u00e1l\u00e1z\u00f3kban \u00e9s f\u0171ny\u00edr\u00f3kban haszn\u00e1lj\u00e1k a term\u00e9nyt \u00f6sszegy\u0171jt\u0151 \u00e9s sz\u00e1ll\u00edt\u00f3 hidraulikus rendszerek m\u0171k\u00f6dtet\u00e9s\u00e9re.<\/li>\n<\/ul>\n<\/li>\n<li><strong>Rep\u00fcl\u00e9s \u00e9s v\u00e9delem:<\/strong> A hegesztett Clevis t\u00edpus\u00fa hengereket a rep\u00fcl\u0151g\u00e9piparban \u00e9s a v\u00e9delmi iparban is haszn\u00e1lj\u00e1k, ahol sz\u00e9les k\u00f6rben alkalmazz\u00e1k rep\u00fcl\u0151g\u00e9pekhez, rak\u00e9t\u00e1khoz, rak\u00e9t\u00e1khoz \u00e9s v\u00e9delmi rendszerekhez.\n<ul>\n<li>A rep\u00fcl\u0151g\u00e9piparban hegesztett vill\u00e1shengereket haszn\u00e1lnak rep\u00fcl\u0151g\u00e9pek fut\u00f3m\u0171veiben, f\u00e9ksz\u00e1rnyaiban \u00e9s f\u00e9keiben, hogy biztos\u00edts\u00e1k a sz\u00fcks\u00e9ges er\u0151t a felsz\u00e1ll\u00e1shoz \u00e9s lesz\u00e1ll\u00e1shoz.<\/li>\n<li>A v\u00e9delmi iparban ezeket a hengereket rak\u00e9tavet\u0151kben, l\u00f6vegtornyokban \u00e9s harckocsirendszerekben haszn\u00e1lj\u00e1k a fegyverek \u00e9s l\u0151szerek mozg\u00e1s\u00e1t szab\u00e1lyoz\u00f3 hidraulikus rendszerek m\u0171k\u00f6dtet\u00e9s\u00e9re.<\/li>\n<\/ul>\n<\/li>\n<li><strong>Tenger\u00e9szeti ipar:<\/strong> A hegesztett vill\u00e1s hengereket sz\u00e9les k\u00f6rben haszn\u00e1lj\u00e1k a tenger\u00e9szeti iparban is, ahol haj\u00f3khoz, cs\u00f3nakokhoz \u00e9s v\u00edz alatti j\u00e1rm\u0171vekhez k\u00fcl\u00f6nf\u00e9le alkalmaz\u00e1sokban haszn\u00e1lj\u00e1k \u0151ket.\n<ul>\n<li>A haj\u00f3z\u00e1si iparban hegesztett vill\u00e1s hengereket haszn\u00e1lnak darukban, cs\u00f6rl\u0151kben \u00e9s rakom\u00e1nykezel\u0151 berendez\u00e9sekben, hogy biztos\u00edts\u00e1k a sz\u00fcks\u00e9ges er\u0151t a rakom\u00e1ny be- \u00e9s kirakod\u00e1s\u00e1hoz.<\/li>\n<li>A haj\u00f3z\u00e1si iparban ezeket a hengereket korm\u00e1nyrendszerekben, haj\u00f3csavarokban \u00e9s horgonyrendszerekben haszn\u00e1lj\u00e1k, hogy biztos\u00edts\u00e1k a sz\u00fcks\u00e9ges er\u0151t a haj\u00f3k \u00e9s haj\u00f3k mozg\u00e1s\u00e1nak szab\u00e1lyoz\u00e1s\u00e1hoz.<\/li>\n<li>A v\u00edz alatti j\u00e1rm\u0171iparban hegesztett vill\u00e1shengereket haszn\u00e1lnak mer\u00fcl\u0151haj\u00f3kban, t\u00e1vir\u00e1ny\u00edt\u00e1s\u00fa j\u00e1rm\u0171vekben (ROV) \u00e9s b\u00fav\u00e1rfelszerel\u00e9sekben, hogy biztos\u00edts\u00e1k a v\u00edz alatti m\u0171veletekhez sz\u00fcks\u00e9ges er\u0151t.<\/li>\n<\/ul>\n<\/li>\n<li><strong>B\u00e1nyaipar:<\/strong> A hegesztett vill\u00e1s hengereket a b\u00e1ny\u00e1szati \u200b\u200biparban is haszn\u00e1lj\u00e1k, ahol \u00e1sv\u00e1nykincsek kitermel\u00e9s\u00e9re \u00e9s anyagmozgat\u00e1sra k\u00fcl\u00f6nf\u00e9le alkalmaz\u00e1sokban alkalmazz\u00e1k \u0151ket.\n<ul>\n<li>A b\u00e1ny\u00e1szati \u200b\u200biparban a hegesztett vill\u00e1s hengereket sz\u00e1ll\u00edt\u00f3szalag-rendszerekben, f\u00far\u00f3g\u00e9pekben \u00e9s hidraulikus lap\u00e1tokban haszn\u00e1lj\u00e1k, hogy biztos\u00edts\u00e1k a sz\u00fcks\u00e9ges er\u0151t az \u00e1sv\u00e1nyok \u00e9s anyagok b\u00e1ny\u00e1kb\u00f3l \u00e9s k\u0151b\u00e1ny\u00e1kb\u00f3l t\u00f6rt\u00e9n\u0151 kinyer\u00e9s\u00e9hez.<\/li>\n<\/ul>\n<\/li>\n<\/ul>\n<p><img loading=\"lazy\" decoding=\"async\" class=\"alignnone size-full wp-image-1072\" src=\"https:\/\/fmp-components.com\/wp-content\/uploads\/2024\/12\/Welded-Clevis-Type-Cylinder3.webp\" alt=\"Hegesztett vill\u00e1s henger\" width=\"1616\" height=\"1229\" title=\"\" srcset=\"https:\/\/fmp-components.com\/wp-content\/uploads\/2024\/12\/Welded-Clevis-Type-Cylinder3.webp 1616w, https:\/\/fmp-components.com\/wp-content\/uploads\/2024\/12\/Welded-Clevis-Type-Cylinder3-1280x973.webp 1280w, https:\/\/fmp-components.com\/wp-content\/uploads\/2024\/12\/Welded-Clevis-Type-Cylinder3-980x745.webp 980w, https:\/\/fmp-components.com\/wp-content\/uploads\/2024\/12\/Welded-Clevis-Type-Cylinder3-480x365.webp 480w\" sizes=\"(min-width: 0px) and (max-width: 480px) 480px, (min-width: 481px) and (max-width: 980px) 980px, (min-width: 981px) and (max-width: 1280px) 1280px, (min-width: 1281px) 1616px, 100vw\" \/><\/p>\n<p>Szerz\u0151: CX<\/p>","protected":false},"excerpt":{"rendered":"<p>A 10041-es term\u00e9k egy cs\u00facskateg\u00f3ri\u00e1s hidraulikus henger, amelyet kifejezetten traktorokhoz terveztek. Kett\u0151s m\u0171k\u00f6d\u00e9s\u00e9nek k\u00f6sz\u00f6nhet\u0151en kiv\u00e1l\u00f3 teljes\u00edtm\u00e9nyt \u00e9s hat\u00e9konys\u00e1got biztos\u00edt b\u00e1rmilyen feladathoz. Ez a hidraulikus henger m\u00e9g a legnehezebb k\u00f6r\u00fclm\u00e9nyeknek is ellen\u00e1ll, tart\u00f3s konstrukci\u00f3j\u00e1val pedig hossz\u00fa \u00e9lettartamot biztos\u00edt. A 10041-es term\u00e9k egyik kiemelked\u0151 tulajdons\u00e1ga a [\u2026]<\/p>","protected":false},"featured_media":1127,"comment_status":"closed","ping_status":"closed","template":"","meta":{"_et_pb_use_builder":"","_et_pb_old_content":"","_et_gb_content_width":""},"product_brand":[],"product_cat":[36],"product_tag":[34,38],"class_list":{"0":"post-1049","1":"product","2":"type-product","3":"status-publish","4":"has-post-thumbnail","6":"product_cat-welded-clevis-type-cylinder","7":"product_tag-hydraulic-cylinder","8":"product_tag-welded-clevis-type-cylinder","10":"first","11":"instock","12":"product-type-simple"},"_links":{"self":[{"href":"https:\/\/fmp-components.com\/hu\/wp-json\/wp\/v2\/product\/1049","targetHints":{"allow":["GET"]}}],"collection":[{"href":"https:\/\/fmp-components.com\/hu\/wp-json\/wp\/v2\/product"}],"about":[{"href":"https:\/\/fmp-components.com\/hu\/wp-json\/wp\/v2\/types\/product"}],"replies":[{"embeddable":true,"href":"https:\/\/fmp-components.com\/hu\/wp-json\/wp\/v2\/comments?post=1049"}],"wp:featuredmedia":[{"embeddable":true,"href":"https:\/\/fmp-components.com\/hu\/wp-json\/wp\/v2\/media\/1127"}],"wp:attachment":[{"href":"https:\/\/fmp-components.com\/hu\/wp-json\/wp\/v2\/media?parent=1049"}],"wp:term":[{"taxonomy":"product_brand","embeddable":true,"href":"https:\/\/fmp-components.com\/hu\/wp-json\/wp\/v2\/product_brand?post=1049"},{"taxonomy":"product_cat","embeddable":true,"href":"https:\/\/fmp-components.com\/hu\/wp-json\/wp\/v2\/product_cat?post=1049"},{"taxonomy":"product_tag","embeddable":true,"href":"https:\/\/fmp-components.com\/hu\/wp-json\/wp\/v2\/product_tag?post=1049"}],"curies":[{"name":"munkaf\u00fczet","href":"https:\/\/api.w.org\/{rel}","templated":true}]}}