{"id":1048,"date":"2024-12-19T06:17:44","date_gmt":"2024-12-19T06:17:44","guid":{"rendered":"https:\/\/fmp-components.com\/product\/10040-high-end-small-piston-hydraulic-cylinder-for-trailer\/"},"modified":"2024-12-23T08:58:10","modified_gmt":"2024-12-23T08:58:10","slug":"10040-high-end-small-piston-hydraulic-cylinder-for-trailer","status":"publish","type":"product","link":"https:\/\/fmp-components.com\/hu\/product\/10040-high-end-small-piston-hydraulic-cylinder-for-trailer\/","title":{"rendered":"10040 High End kis dugatty\u00fas hidraulikus henger p\u00f3tkocsihoz"},"content":{"rendered":"<h2>Term\u00e9kbevezet\u00e9s:<\/h2>\n<p>A 10040-es t\u00edpus\u00fa, nagy teljes\u00edtm\u00e9ny\u0171, kis dugatty\u00fas hidraulikus henger p\u00f3tkocsikhoz egy nagy teljes\u00edtm\u00e9ny\u0171 \u00e9s megb\u00edzhat\u00f3 hidraulikus henger, amelyet k\u00fcl\u00f6nf\u00e9le ipari \u00e9s kereskedelmi alkalmaz\u00e1sokhoz terveztek. Ez a henger kiv\u00e1l\u00f3 min\u0151s\u00e9g\u0171 anyagokb\u00f3l \u00e9s fejlett m\u00e9rn\u00f6ki tervez\u00e9ssel rendelkezik a kiv\u00e9teles teljes\u00edtm\u00e9ny, tart\u00f3ss\u00e1g \u00e9s hat\u00e9konys\u00e1g \u00e9rdek\u00e9ben.<\/p>\n<p>100 mm-es dugatty\u00fa\u00e1tm\u00e9r\u0151j\u00e9vel \u00e9s 40 mm-es l\u00f6kethossz\u00e1val ez a hidraulikus henger ide\u00e1lis kis \u00e9s k\u00f6zepes m\u00e9ret\u0171 p\u00f3tkocsikhoz, z\u00f6kken\u0151mentes \u00e9s megb\u00edzhat\u00f3 m\u0171k\u00f6d\u00e9st biztos\u00edtva m\u00e9g a legnehezebb k\u00f6r\u00fclm\u00e9nyek k\u00f6z\u00f6tt is. A henger kiv\u00e1l\u00f3 min\u0151s\u00e9g\u0171 ac\u00e9lb\u00f3l k\u00e9sz\u00fclt, \u00e9s prec\u00edzi\u00f3s m\u00e9rn\u00f6ki munk\u00e1val \u00e9s gy\u00e1rt\u00e1ssal k\u00e9sz\u00fclt a hossz\u00fa t\u00e1v\u00fa teljes\u00edtm\u00e9ny \u00e9s megb\u00edzhat\u00f3s\u00e1g biztos\u00edt\u00e1sa \u00e9rdek\u00e9ben.<\/p>\n<p>A 10040-es cs\u00facskateg\u00f3ri\u00e1s, kis dugatty\u00fas hidraulikus henger p\u00f3tkocsikhoz fejlett t\u00f6m\u00edt\u00e9si technol\u00f3gi\u00e1val is rendelkezik a sziv\u00e1rg\u00e1sok megel\u0151z\u00e9se \u00e9s az optim\u00e1lis teljes\u00edtm\u00e9ny biztos\u00edt\u00e1sa \u00e9rdek\u00e9ben. A henger k\u00f6nnyen telep\u00edthet\u0151 \u00e9s karbantarthat\u00f3, \u00edgy ide\u00e1lis v\u00e1laszt\u00e1s minden olyan ipari vagy kereskedelmi alkalmaz\u00e1shoz, ahol a megb\u00edzhat\u00f3 hidraulikus teljes\u00edtm\u00e9ny elengedhetetlen.<\/p>\n<p>Ak\u00e1r tart\u00f3s \u00e9s hat\u00e9kony hidraulikus hengert keres p\u00f3tkocsij\u00e1hoz, ak\u00e1r megb\u00edzhat\u00f3 megold\u00e1st ipari vagy kereskedelmi alkalmaz\u00e1saihoz, a 10040-es cs\u00facskateg\u00f3ri\u00e1s, kis dugatty\u00fas hidraulikus henger p\u00f3tkocsikhoz a t\u00f6k\u00e9letes v\u00e1laszt\u00e1s. Kiv\u00e9teles teljes\u00edtm\u00e9ny\u00e9vel, tart\u00f3ss\u00e1g\u00e1val \u00e9s hat\u00e9konys\u00e1g\u00e1val ez a henger a legig\u00e9nyesebb alkalmaz\u00e1sok ig\u00e9nyeit is kiel\u00e9g\u00edti.<\/p>\n<p><img decoding=\"async\" src=\"https:\/\/hzpt.com\/wp-content\/uploads\/2023\/12\/insert-1.webp\" alt=\"\" title=\"\"><\/p>\n<h2>A term\u00e9kr\u0151l<\/h2>\n<p>Kiv\u00e1l\u00f3 min\u0151s\u00e9g\u0171, kis dugatty\u00fas hidraulikus henger\u00fcnk egy pr\u00e9mium term\u00e9k, amelyet \u00fagy tervezt\u00fcnk, hogy elegend\u0151 er\u0151vel \u00e9s precizit\u00e1ssal t\u00e1mogassa a k\u00fcl\u00f6nf\u00e9le p\u00f3tkocsi-alkalmaz\u00e1sokat. A 2006-ban alap\u00edtott FMP megb\u00edzhat\u00f3 \u00e9s hat\u00e9kony hidraulikus megold\u00e1sokkal szolg\u00e1lja ki a neh\u00e9zg\u00e9pgy\u00e1rt\u00f3 ipar\u00e1gak ig\u00e9nyeit.<\/p>\n<h2>Jellemz\u0151k \u00e9s el\u0151ny\u00f6k<\/h2>\n<h3>Term\u00e9kspecifik\u00e1ci\u00f3k<\/h3>\n<p>Hidraulikus henger\u00fcnk kiv\u00e1l\u00f3 m\u0171szaki param\u00e9terekkel b\u00fcszk\u00e9lkedhet, mint p\u00e9ld\u00e1ul a kompakt m\u00e9ret, a nagy teherb\u00edr\u00e1s \u00e9s a kiemelked\u0151 teherb\u00edr\u00e1s.<\/p>\n<h3>Egyedi \u00e9rt\u00e9kes\u00edt\u00e9si pontok<\/h3>\n<p>Ez a hidraulikus henger energiatakar\u00e9kos k\u00e9pess\u00e9geivel, nagy hat\u00e1sfok\u00e1val \u00e9s biztons\u00e1gi jellemz\u0151ivel t\u0171nik ki. \u00dagy tervezt\u00e9k, hogy p\u00e1ratlan teljes\u00edtm\u00e9nyt ny\u00fajtson m\u00e9g zord munkak\u00f6r\u00fclm\u00e9nyek k\u00f6z\u00f6tt is.<\/p>\n<h2>Hidraulikus rendszerek \u00e9s m\u0171k\u00f6d\u00e9si elvek<\/h2>\n<p>Hidraulikus henger\u00fcnk a hidraulikus rendszerek szerves r\u00e9sze, amely a folyad\u00e9knyom\u00e1st mechanikai er\u0151v\u00e9 alak\u00edtja. Ez az er\u0151 hajtja a dugatty\u00fat, lehet\u0151v\u00e9 t\u00e9ve a hidraulikus henger sz\u00e1m\u00e1ra a funkci\u00f3j\u00e1nak ell\u00e1t\u00e1s\u00e1t.<\/p>\n<h2>Alkalmaz\u00e1sok<\/h2>\n<p>Kiv\u00e1l\u00f3 min\u0151s\u00e9g\u0171, kis dugatty\u00fas hidraulikus munkahenger\u00fcnk t\u00f6k\u00e9letes p\u00f3tkocsis alkalmaz\u00e1sokhoz, n\u00f6velve a man\u0151verezhet\u0151s\u00e9get \u00e9s a m\u0171k\u00f6d\u00e9si hat\u00e9konys\u00e1got.<\/p>\n<h2>A hidraulikus hengerekr\u0151l<\/h2>\n<p>A hidraulikus hengerek gazdag t\u00f6rt\u00e9nelemmel, v\u00e1ltozatos oszt\u00e1lyoz\u00e1sokkal \u00e9s sz\u00e1mtalan el\u0151nnyel rendelkeznek. A telep\u00edt\u00e9st\u0151l a karbantart\u00e1sig ezen alkatr\u00e9szek minden egyes aspektusa kulcsfontoss\u00e1g\u00fa az optim\u00e1lis teljes\u00edtm\u00e9ny szempontj\u00e1b\u00f3l.<\/p>\n<h2>Term\u00e9kv\u00e1laszt\u00e1s<\/h2>\n<p>A megfelel\u0151 hidraulikaolaj \u00e9s olajt\u00f6m\u00edt\u00e9s kiv\u00e1laszt\u00e1sa jelent\u0151sen befoly\u00e1solhatja a hidraulikus henger \u00e9lettartam\u00e1t \u00e9s teljes\u00edtm\u00e9ny\u00e9t. \u00datmutat\u00e1st adunk arra vonatkoz\u00f3an is, hogy mikor \u00e9s hogyan kell cser\u00e9lni ezeket az alkatr\u00e9szeket, hogyan kell m\u00e9rni a hidraulikus hengert, \u00e9s hogyan m\u0171k\u00f6dik.<\/p>\n<h2>Az FMP-r\u0151l<\/h2>\n<p>Az FMP vezet\u0151 poz\u00edci\u00f3t t\u00f6lt be az olaszorsz\u00e1gi mobil munkag\u00e9pek hidraulikus hengereinek piac\u00e1n. Term\u00e9kportf\u00f3li\u00f3nk hidraulikus billen\u0151hengereket, korm\u00e1nyhengereket \u00e9s emel\u0151hengereket tartalmaz. 200 000 darabos tervez\u00e9si kapacit\u00e1sunkkal 300 k\u00fcl\u00f6nf\u00e9le automata CNC gy\u00e1rt\u00f3berendez\u00e9ssel \u00e9s teljesen automatikus hidraulikus henger \u00f6sszeszerel\u0151 berendez\u00e9ssel rendelkez\u00fcnk.<\/p>\n<h2>Mi\u00e9rt v\u00e1lassza az FMP-t?<\/h2>\n<p>Az FMP elk\u00f6telezett a min\u0151s\u00e9gi term\u00e9kek versenyk\u00e9pes \u00e1ron t\u00f6rt\u00e9n\u0151 sz\u00e1ll\u00edt\u00e1sa \u00e9s figyelmes kiszolg\u00e1l\u00e1sa ir\u00e1nt. Testreszab\u00e1si szolg\u00e1ltat\u00e1sokat is k\u00edn\u00e1lunk az \u00fcgyfelek \u00e1ltal biztos\u00edtott egyedi rajzok vagy mint\u00e1k alapj\u00e1n.<\/p>\n<p>Hidraulikus hengereket is sz\u00e1ll\u00edtunk munka\u00e1llv\u00e1nyokhoz, ipari j\u00e1rm\u0171vekhez, forg\u00f3f\u00far\u00f3tornyokhoz, aut\u00f3darukhoz, \u00e9p\u00edt\u0151ipari g\u00e9pekhez, targonc\u00e1khoz, b\u00e1ny\u00e1szati \u200b\u200bd\u00f6mperekhez \u00e9s szaniterg\u00e9pekhez.<\/p>\n<h2>GYIK<\/h2>\n<h3>1. k\u00e9rd\u00e9s: Mekkora a teherb\u00edr\u00e1sa a High End kis dugatty\u00fas hidraulikus hengernek?<\/h3>\n<p>A1: A fajlagos teherb\u00edr\u00e1s a modellt\u0151l f\u00fcgg. K\u00e9rj\u00fck, tekintse meg a term\u00e9kle\u00edr\u00e1sokat, vagy vegye fel a kapcsolatot \u00fcgyf\u00e9lszolg\u00e1latunkkal a pontos inform\u00e1ci\u00f3k\u00e9rt.<\/p>\n<h3>2. k\u00e9rd\u00e9s: Milyen gyakran kell cser\u00e9lni a hidraulikaolajat \u00e9s az olajt\u00f6m\u00edt\u00e9st?<\/h3>\n<p>A2: A csere gyakoris\u00e1ga a haszn\u00e1latt\u00f3l f\u00fcgg\u0151en v\u00e1ltozik. A rendszeres ellen\u0151rz\u00e9s seg\u00edthet meghat\u00e1rozni a csere optim\u00e1lis id\u0151pontj\u00e1t.<\/p>\n<h3>3. k\u00e9rd\u00e9s: Hogyan m\u00e9rhetem meg a hidraulikus hengeremet?<\/h3>\n<p>A3: Egy hidraulikus henger m\u00e9r\u00e9s\u00e9hez ki kell sz\u00e1m\u00edtani a furat\u00e1t, a r\u00fad\u00e1tm\u00e9r\u0151j\u00e9t \u00e9s a l\u00f6kethossz\u00e1t. Ha seg\u00edts\u00e9gre van sz\u00fcks\u00e9ge, \u00fcgyf\u00e9lszolg\u00e1lati csapatunk k\u00e9szs\u00e9ggel \u00e1ll rendelkez\u00e9s\u00e9re.<\/p>\n<h3>4. k\u00e9rd\u00e9s: Testreszabhatom a hidraulikus hengeremet?<\/h3>\n<p>A4: Igen, testreszab\u00e1si szolg\u00e1ltat\u00e1sokat k\u00edn\u00e1lunk az \u00fcgyf\u00e9l \u00e1ltal biztos\u00edtott konkr\u00e9t rajzok vagy mint\u00e1k alapj\u00e1n.<\/p>\n<h3>5. k\u00e9rd\u00e9s: Hogyan m\u0171k\u00f6dik a cs\u00facskateg\u00f3ri\u00e1s kis dugatty\u00fas hidraulikus henger?<\/h3>\n<p>A5: A hidraulikus henger \u00fagy m\u0171k\u00f6dik, hogy a folyad\u00e9knyom\u00e1st mechanikai er\u0151v\u00e9 alak\u00edtja, \u00e9s ezzel hajtja a dugatty\u00fat a funkci\u00f3j\u00e1nak ell\u00e1t\u00e1sa \u00e9rdek\u00e9ben.<\/p>\n<h2>A hegesztett vill\u00e1s henger el\u0151nyei<\/h2>\n<p>A hegesztett vill\u00e1shengerek n\u00e9pszer\u0171 v\u00e1laszt\u00e1snak bizonyulnak sz\u00e1mos ipari alkalmaz\u00e1sban egyedi el\u0151nyeik \u00e9s hasznuk miatt. \u00cdme a hegesztett vill\u00e1shengerek n\u00e9h\u00e1ny f\u0151 el\u0151nye:<\/p>\n<h3>1. Fokozott szil\u00e1rds\u00e1g \u00e9s tart\u00f3ss\u00e1g<\/h3>\n<p>A hegesztett vill\u00e1s hengerek hegesztett v\u00e9gz\u00e1r\u00f3val k\u00e9sz\u00fclnek, ami nagyobb szil\u00e1rds\u00e1got \u00e9s tart\u00f3ss\u00e1got biztos\u00edt m\u00e1s t\u00edpus\u00fa hengerekhez k\u00e9pest. Ez ide\u00e1liss\u00e1 teszi \u0151ket nagy ig\u00e9nybev\u00e9tel\u0171 alkalmaz\u00e1sokhoz, amelyek nagyfok\u00fa szil\u00e1rds\u00e1got \u00e9s tart\u00f3ss\u00e1got ig\u00e9nyelnek.<\/p>\n<p>Ezenk\u00edv\u00fcl ezeknek a hengereknek a hegesztett kialak\u00edt\u00e1sa azt jelenti, hogy kisebb a sziv\u00e1rg\u00e1s vagy a meghib\u00e1sod\u00e1s val\u00f3sz\u00edn\u0171s\u00e9ge, ami seg\u00edthet cs\u00f6kkenteni az \u00e1ll\u00e1sid\u0151t \u00e9s a karbantart\u00e1si k\u00f6lts\u00e9geket.<\/p>\n<h3>2. Nagy nyom\u00e1s kezel\u00e9s\u00e9nek k\u00e9pess\u00e9ge<\/h3>\n<p>A hegesztett kengyeles hengerek nagy nyom\u00e1s\u00fa alkalmaz\u00e1sokhoz is alkalmasak, \u00edgy n\u00e9pszer\u0171 v\u00e1laszt\u00e1snak sz\u00e1m\u00edtanak olyan ipar\u00e1gakban, mint az \u00e9p\u00edt\u0151ipar, a b\u00e1ny\u00e1szat, valamint az olaj- \u00e9s g\u00e1zipar. A nagy nyom\u00e1st\u0171r\u0151 k\u00e9pess\u00e9g\u00fck megb\u00edzhat\u00f3 teljes\u00edtm\u00e9nyt biztos\u00edt ig\u00e9nyes k\u00f6rnyezetben.<\/p>\n<h3>3. Testreszabhat\u00f3 diz\u00e1jn<\/h3>\n<p>A hegesztett vill\u00e1s hengerek egyedi tervez\u00e9s\u0171ek, hogy megfeleljenek egy adott alkalmaz\u00e1s ig\u00e9nyeinek. Ez azt jelenti, hogy egy adott m\u00e9rethez, alakhoz vagy teljes\u00edtm\u00e9nyk\u00f6vetelm\u00e9nyhez igaz\u00edthat\u00f3k. A testreszabhat\u00f3 kialak\u00edt\u00e1s nagyobb rugalmass\u00e1got is biztos\u00edt a gy\u00e1rt\u00e1si folyamatban, ami k\u00f6lts\u00e9gmegtakar\u00edt\u00e1shoz vezethet.<\/p>\n<h3>4. K\u00f6nny\u0171 telep\u00edt\u00e9s<\/h3>\n<p>A hegesztett vill\u00e1s hengerek k\u00f6nnyen telep\u00edthet\u0151k, ami seg\u00edt cs\u00f6kkenteni a be\u00e1ll\u00edt\u00e1si id\u0151t \u00e9s a munkak\u00f6lts\u00e9geket. \u00c1ltal\u00e1ban el\u0151re \u00f6sszeszereltek \u00e9s haszn\u00e1latra k\u00e9szek a dobozb\u00f3l kiv\u00e9ve, ami minimaliz\u00e1lja a tov\u00e1bbi alkatr\u00e9szek vagy komponensek sz\u00fcks\u00e9gess\u00e9g\u00e9t.<\/p>\n<h3>5. Jav\u00edtott teljes\u00edtm\u00e9ny<\/h3>\n<p>A hegesztett vill\u00e1s hengerek kialak\u00edt\u00e1sa jobb teljes\u00edtm\u00e9nyt tesz lehet\u0151v\u00e9 m\u00e1s t\u00edpus\u00fa hengerekhez k\u00e9pest. Nyom\u00e1segys\u00e9gre vet\u00edtve nagyobb er\u0151t tudnak el\u0151\u00e1ll\u00edtani, ami seg\u00edthet jav\u00edtani a hat\u00e9konys\u00e1got \u00e9s a termel\u00e9kenys\u00e9get az ipari alkalmaz\u00e1sokban.<\/p>\n<p>\u00d6sszess\u00e9g\u00e9ben a hegesztett vill\u00e1s hengerek sz\u00e1mos el\u0151nnyel \u00e9s hasznal rendelkeznek, amelyek n\u00e9pszer\u0171v\u00e9 teszik \u0151ket sz\u00e1mos ipari alkalmaz\u00e1sban. Megn\u00f6velt szil\u00e1rds\u00e1guk \u00e9s tart\u00f3ss\u00e1guk, nagy nyom\u00e1st\u0171r\u0151 k\u00e9pess\u00e9g\u00fck, testreszabhat\u00f3 kialak\u00edt\u00e1suk, egyszer\u0171 telep\u00edt\u00e9s\u00fck \u00e9s jobb teljes\u00edtm\u00e9ny\u00fck ide\u00e1lis v\u00e1laszt\u00e1ss\u00e1 teszi \u0151ket ig\u00e9nyes k\u00f6rnyezetekben, ahol a megb\u00edzhat\u00f3s\u00e1g \u00e9s a teljes\u00edtm\u00e9ny kulcsfontoss\u00e1g\u00fa.<\/p>\n<p><img loading=\"lazy\" decoding=\"async\" class=\"alignnone size-full wp-image-1074\" src=\"https:\/\/fmp-components.com\/wp-content\/uploads\/2024\/12\/Welded-Clevis-Type-Cylinder1.webp\" alt=\"Hegesztett vill\u00e1s henger\" width=\"800\" height=\"800\" title=\"\" srcset=\"https:\/\/fmp-components.com\/wp-content\/uploads\/2024\/12\/Welded-Clevis-Type-Cylinder1.webp 800w, https:\/\/fmp-components.com\/wp-content\/uploads\/2024\/12\/Welded-Clevis-Type-Cylinder1-480x480.webp 480w\" sizes=\"(min-width: 0px) and (max-width: 480px) 480px, (min-width: 481px) 800px, 100vw\" \/><\/p>\n<h2>Hegesztett Clevis t\u00edpus\u00fa henger alkalmaz\u00e1sa<\/h2>\n<ul>\n<li><strong>Ipari g\u00e9pek:<\/strong> A hegesztett vill\u00e1s hengereket sz\u00e9les k\u00f6rben haszn\u00e1lj\u00e1k k\u00fcl\u00f6nf\u00e9le ipari g\u00e9pekben nagy teherb\u00edr\u00e1s\u00fa alkalmaz\u00e1sokhoz. Ezek a hengerek nagy er\u0151kifejt\u00e9sre k\u00e9pesek a g\u00e9pek alkatr\u00e9szeinek emel\u00e9s\u00e9hez \u00e9s pr\u00e9sel\u00e9s\u00e9hez. A hegesztett vill\u00e1s kialak\u00edt\u00e1s lehet\u0151v\u00e9 teszi a k\u00f6nny\u0171 telep\u00edt\u00e9st \u00e9s a hat\u00e9kony m\u0171k\u00f6d\u00e9st, \u00edgy n\u00e9pszer\u0171 v\u00e1laszt\u00e1s a gy\u00e1rt\u00f3k sz\u00e1m\u00e1ra.\n<ul>\n<li>A feldolgoz\u00f3iparban a hegesztett vill\u00e1shengereket hidraulikus pr\u00e9sekben, fr\u00f6ccs\u00f6nt\u0151 g\u00e9pekben \u00e9s f\u00e9msajtol\u00f3 berendez\u00e9sekben haszn\u00e1lj\u00e1k a f\u00e9mlemezek alak\u00edt\u00e1s\u00e1hoz \u00e9s alak\u00edt\u00e1s\u00e1hoz sz\u00fcks\u00e9ges er\u0151 biztos\u00edt\u00e1s\u00e1ra.<\/li>\n<li>Az aut\u00f3iparban ezeket a munkahengereket aut\u00f3emel\u0151kben, felvon\u00f3kban \u00e9s \u00f6sszeszerel\u0151 g\u00e9pekben haszn\u00e1lj\u00e1k neh\u00e9z alkatr\u00e9szek emel\u00e9s\u00e9re a gy\u00e1rt\u00e1si folyamat sor\u00e1n.<\/li>\n<li>Az \u00e9p\u00edt\u0151iparban hegesztett vill\u00e1s hengereket haszn\u00e1lnak darukban, kotr\u00f3g\u00e9pekben \u00e9s buld\u00f3zerekben a neh\u00e9z terheket emel\u0151 \u00e9s mozgat\u00f3 hidraulikus rendszerek m\u0171k\u00f6dtet\u00e9s\u00e9re.<\/li>\n<\/ul>\n<\/li>\n<li><strong>Mez\u0151gazdas\u00e1gi g\u00e9pek:<\/strong> A mez\u0151gazdas\u00e1gi g\u00e9pek az egyik legfontosabb ter\u00fclet, ahol a hegesztett vill\u00e1s hengereket haszn\u00e1lj\u00e1k. Ezeket a hengereket k\u00fcl\u00f6nf\u00e9le mez\u0151gazdas\u00e1gi g\u00e9pekben, bele\u00e9rtve a traktorokat, betakar\u00edt\u00f3g\u00e9peket \u00e9s ek\u00e9ket, haszn\u00e1lj\u00e1k a talaj-el\u0151k\u00e9sz\u00edt\u00e9shez, \u00fcltet\u00e9shez \u00e9s betakar\u00edt\u00e1shoz sz\u00fcks\u00e9ges er\u0151 biztos\u00edt\u00e1s\u00e1ra.\n<ul>\n<li>A mez\u0151gazdas\u00e1gban a hegesztett vill\u00e1s hengereket ek\u00e9kben, kultiv\u00e1torokban \u00e9s vet\u0151g\u00e9pekben haszn\u00e1lj\u00e1k a talaj-el\u0151k\u00e9sz\u00edt\u00e9shez \u00e9s a vet\u0151mag \u00fcltet\u00e9s\u00e9hez sz\u00fcks\u00e9ges er\u0151 biztos\u00edt\u00e1s\u00e1ra.<\/li>\n<li>A betakar\u00edt\u00f3iparban ezeket a hengereket betakar\u00edt\u00f3g\u00e9pekben, b\u00e1l\u00e1z\u00f3kban \u00e9s f\u0171ny\u00edr\u00f3kban haszn\u00e1lj\u00e1k a term\u00e9nyt \u00f6sszegy\u0171jt\u0151 \u00e9s sz\u00e1ll\u00edt\u00f3 hidraulikus rendszerek m\u0171k\u00f6dtet\u00e9s\u00e9re.<\/li>\n<\/ul>\n<\/li>\n<li><strong>Rep\u00fcl\u00e9s \u00e9s v\u00e9delem:<\/strong> A hegesztett Clevis t\u00edpus\u00fa hengereket a rep\u00fcl\u0151g\u00e9piparban \u00e9s a v\u00e9delmi iparban is haszn\u00e1lj\u00e1k, ahol sz\u00e9les k\u00f6rben alkalmazz\u00e1k rep\u00fcl\u0151g\u00e9pekhez, rak\u00e9t\u00e1khoz, rak\u00e9t\u00e1khoz \u00e9s v\u00e9delmi rendszerekhez.\n<ul>\n<li>A rep\u00fcl\u0151g\u00e9piparban hegesztett vill\u00e1shengereket haszn\u00e1lnak rep\u00fcl\u0151g\u00e9pek fut\u00f3m\u0171veiben, f\u00e9ksz\u00e1rnyaiban \u00e9s f\u00e9keiben, hogy biztos\u00edts\u00e1k a sz\u00fcks\u00e9ges er\u0151t a felsz\u00e1ll\u00e1shoz \u00e9s lesz\u00e1ll\u00e1shoz.<\/li>\n<li>A v\u00e9delmi iparban ezeket a hengereket rak\u00e9tavet\u0151kben, l\u00f6vegtornyokban \u00e9s harckocsirendszerekben haszn\u00e1lj\u00e1k a fegyverek \u00e9s l\u0151szerek mozg\u00e1s\u00e1t szab\u00e1lyoz\u00f3 hidraulikus rendszerek m\u0171k\u00f6dtet\u00e9s\u00e9re.<\/li>\n<\/ul>\n<\/li>\n<li><strong>Tenger\u00e9szeti ipar:<\/strong> A hegesztett vill\u00e1s hengereket sz\u00e9les k\u00f6rben haszn\u00e1lj\u00e1k a tenger\u00e9szeti iparban is, ahol haj\u00f3khoz, cs\u00f3nakokhoz \u00e9s v\u00edz alatti j\u00e1rm\u0171vekhez k\u00fcl\u00f6nf\u00e9le alkalmaz\u00e1sokban haszn\u00e1lj\u00e1k \u0151ket.\n<ul>\n<li>A haj\u00f3z\u00e1si iparban hegesztett vill\u00e1s hengereket haszn\u00e1lnak darukban, cs\u00f6rl\u0151kben \u00e9s rakom\u00e1nykezel\u0151 berendez\u00e9sekben, hogy biztos\u00edts\u00e1k a sz\u00fcks\u00e9ges er\u0151t a rakom\u00e1ny be- \u00e9s kirakod\u00e1s\u00e1hoz.<\/li>\n<li>A haj\u00f3z\u00e1si iparban ezeket a hengereket korm\u00e1nyrendszerekben, haj\u00f3csavarokban \u00e9s horgonyrendszerekben haszn\u00e1lj\u00e1k, hogy biztos\u00edts\u00e1k a sz\u00fcks\u00e9ges er\u0151t a haj\u00f3k \u00e9s haj\u00f3k mozg\u00e1s\u00e1nak szab\u00e1lyoz\u00e1s\u00e1hoz.<\/li>\n<li>A v\u00edz alatti j\u00e1rm\u0171iparban hegesztett vill\u00e1shengereket haszn\u00e1lnak mer\u00fcl\u0151haj\u00f3kban, t\u00e1vir\u00e1ny\u00edt\u00e1s\u00fa j\u00e1rm\u0171vekben (ROV) \u00e9s b\u00fav\u00e1rfelszerel\u00e9sekben, hogy biztos\u00edts\u00e1k a v\u00edz alatti m\u0171veletekhez sz\u00fcks\u00e9ges er\u0151t.<\/li>\n<\/ul>\n<\/li>\n<li><strong>B\u00e1nyaipar:<\/strong> A hegesztett vill\u00e1s hengereket a b\u00e1ny\u00e1szati \u200b\u200biparban is haszn\u00e1lj\u00e1k, ahol \u00e1sv\u00e1nykincsek kitermel\u00e9s\u00e9re \u00e9s anyagmozgat\u00e1sra k\u00fcl\u00f6nf\u00e9le alkalmaz\u00e1sokban alkalmazz\u00e1k \u0151ket.\n<ul>\n<li>A b\u00e1ny\u00e1szati \u200b\u200biparban a hegesztett vill\u00e1s hengereket sz\u00e1ll\u00edt\u00f3szalag-rendszerekben, f\u00far\u00f3g\u00e9pekben \u00e9s hidraulikus lap\u00e1tokban haszn\u00e1lj\u00e1k, hogy biztos\u00edts\u00e1k a sz\u00fcks\u00e9ges er\u0151t az \u00e1sv\u00e1nyok \u00e9s anyagok b\u00e1ny\u00e1kb\u00f3l \u00e9s k\u0151b\u00e1ny\u00e1kb\u00f3l t\u00f6rt\u00e9n\u0151 kinyer\u00e9s\u00e9hez.<\/li>\n<\/ul>\n<\/li>\n<\/ul>\n<p><img decoding=\"async\" src=\"https:\/\/hzpt.com\/wp-content\/uploads\/2023\/12\/insert-2.webp\" alt=\"\" title=\"\"><\/p>\n<p>Szerz\u0151: CX<\/p>","protected":false},"excerpt":{"rendered":"<p>Product Introduction: The 10040 High End Small Piston Hydraulic Cylinder for Trailer is a powerful and reliable hydraulic cylinder designed for use in a variety of industrial and commercial applications. This cylinder features high-quality materials and advanced engineering to deliver exceptional performance, durability, and efficiency. With a piston diameter of 100mm and a stroke length [&hellip;]<\/p>","protected":false},"featured_media":1127,"comment_status":"closed","ping_status":"closed","template":"","meta":{"_et_pb_use_builder":"","_et_pb_old_content":"","_et_gb_content_width":""},"product_brand":[],"product_cat":[36],"product_tag":[34,38],"class_list":{"0":"post-1048","1":"product","2":"type-product","3":"status-publish","4":"has-post-thumbnail","6":"product_cat-welded-clevis-type-cylinder","7":"product_tag-hydraulic-cylinder","8":"product_tag-welded-clevis-type-cylinder","10":"first","11":"instock","12":"product-type-simple"},"_links":{"self":[{"href":"https:\/\/fmp-components.com\/hu\/wp-json\/wp\/v2\/product\/1048","targetHints":{"allow":["GET"]}}],"collection":[{"href":"https:\/\/fmp-components.com\/hu\/wp-json\/wp\/v2\/product"}],"about":[{"href":"https:\/\/fmp-components.com\/hu\/wp-json\/wp\/v2\/types\/product"}],"replies":[{"embeddable":true,"href":"https:\/\/fmp-components.com\/hu\/wp-json\/wp\/v2\/comments?post=1048"}],"wp:featuredmedia":[{"embeddable":true,"href":"https:\/\/fmp-components.com\/hu\/wp-json\/wp\/v2\/media\/1127"}],"wp:attachment":[{"href":"https:\/\/fmp-components.com\/hu\/wp-json\/wp\/v2\/media?parent=1048"}],"wp:term":[{"taxonomy":"product_brand","embeddable":true,"href":"https:\/\/fmp-components.com\/hu\/wp-json\/wp\/v2\/product_brand?post=1048"},{"taxonomy":"product_cat","embeddable":true,"href":"https:\/\/fmp-components.com\/hu\/wp-json\/wp\/v2\/product_cat?post=1048"},{"taxonomy":"product_tag","embeddable":true,"href":"https:\/\/fmp-components.com\/hu\/wp-json\/wp\/v2\/product_tag?post=1048"}],"curies":[{"name":"munkaf\u00fczet","href":"https:\/\/api.w.org\/{rel}","templated":true}]}}