{"id":1046,"date":"2024-12-19T06:17:09","date_gmt":"2024-12-19T06:17:09","guid":{"rendered":"https:\/\/fmp-components.com\/product\/10038-factory-direct-sale-1200mm-stroke-hydraulic-cylinder-mini-hydraulic-cylinder-for-trailer\/"},"modified":"2024-12-24T00:35:48","modified_gmt":"2024-12-24T00:35:48","slug":"10038-factory-direct-sale-1200mm-stroke-hydraulic-cylinder-mini-hydraulic-cylinder-for-trailer","status":"publish","type":"product","link":"https:\/\/fmp-components.com\/hu\/product\/10038-factory-direct-sale-1200mm-stroke-hydraulic-cylinder-mini-hydraulic-cylinder-for-trailer\/","title":{"rendered":"10038 Gy\u00e1ri k\u00f6zvetlen \u00e9rt\u00e9kes\u00edt\u00e9s 1200 mm-es l\u00f6ket\u0171 hidraulikus henger Mini hidraulikus henger p\u00f3tkocsihoz"},"content":{"rendered":"<h2>Term\u00e9kbevezet\u00e9s:<\/h2>\n<p>A 10038-as gy\u00e1rilag k\u00f6zvetlen \u00e9rt\u00e9kes\u00edt\u00e9s\u0171, 1200 mm-es l\u00f6ket\u0171 hidraulikus henger mini hidraulikus henger p\u00f3tkocsikhoz egy rendk\u00edv\u00fcl hat\u00e9kony \u00e9s megb\u00edzhat\u00f3 hidraulikus henger, amelyet p\u00f3tkocsikhoz terveztek. 1200 mm-es l\u00f6kethosszal ez a hidraulikus henger kiv\u00e9teles teljes\u00edtm\u00e9nyt \u00e9s tart\u00f3ss\u00e1got k\u00edn\u00e1l.<\/p>\n<p>Kompakt kialak\u00edt\u00e1s\u00e1nak k\u00f6sz\u00f6nhet\u0151en ez a mini hidraulikus henger t\u00f6k\u00e9letes olyan p\u00f3tkocsikhoz, amelyek prec\u00edz emel\u00e9si \u00e9s s\u00fcllyeszt\u00e9si funkci\u00f3kat ig\u00e9nyelnek. Fejlett technol\u00f3gi\u00e1val tervezt\u00e9k, hogy biztos\u00edts\u00e1k a sima \u00e9s kontroll\u00e1lt mozg\u00e1sokat, \u00edgy ide\u00e1lis a p\u00f3tkocsiipar k\u00fcl\u00f6nf\u00e9le alkalmaz\u00e1saihoz.<\/p>\n<p>A 10038-as gy\u00e1rilag k\u00f6zvetlen \u00e9rt\u00e9kes\u00edt\u00e9s\u0171, 1200 mm-es l\u00f6ket\u0171 hidraulikus henger kiv\u00e1l\u00f3 min\u0151s\u00e9g\u0171 anyagokb\u00f3l \u00e9s szigor\u00fa min\u0151s\u00e9gellen\u0151rz\u00e9si folyamatokb\u00f3l k\u00e9sz\u00fcl. Ez biztos\u00edtja a hossz\u00fa \u00e9lettartam\u00e1t, valamint azt, hogy ellen\u00e1lljon a neh\u00e9z terhel\u00e9seknek \u00e9s a zord \u00fczemi k\u00f6r\u00fclm\u00e9nyeknek. Massz\u00edv konstrukci\u00f3ja \u00e9s korr\u00f3zi\u00f3\u00e1ll\u00f3 alkatr\u00e9szei megb\u00edzhat\u00f3 v\u00e1laszt\u00e1ss\u00e1 teszik a p\u00f3tkocsi-tulajdonosok \u00e9s -\u00fczemeltet\u0151k sz\u00e1m\u00e1ra.<\/p>\n<p><img decoding=\"async\" src=\"https:\/\/hzpt.com\/wp-content\/uploads\/2023\/12\/insert-4.webp?v=1694163707\" alt=\"\" title=\"\"><\/p>\n<p>Tart\u00f3ss\u00e1ga mellett ez a hidraulikus henger k\u00f6nnyen telep\u00edthet\u0151 \u00e9s karbantarthat\u00f3. \u00dagy tervezt\u00e9k, hogy gondtalanul integr\u00e1lhat\u00f3 legyen a p\u00f3tkocsirendszerekbe, \u00edgy id\u0151t \u00e9s energi\u00e1t takar\u00edt meg a be\u00e1ll\u00edt\u00e1si folyamat sor\u00e1n. A rendszeres karbantart\u00e1s biztos\u00edtja az optim\u00e1lis teljes\u00edtm\u00e9nyt \u00e9s meghosszabb\u00edtja a hidraulikus henger \u00e9lettartam\u00e1t.<\/p>\n<p>Kiv\u00e1l\u00f3 teljes\u00edtm\u00e9ny\u00e9vel, tart\u00f3ss\u00e1g\u00e1val \u00e9s felhaszn\u00e1l\u00f3bar\u00e1t kialak\u00edt\u00e1s\u00e1val a 10038 gy\u00e1rilag k\u00f6zvetlen \u00e9rt\u00e9kes\u00edt\u00e9s\u0171, 1200 mm-es l\u00f6ket\u0171 hidraulikus henger mini hidraulikus henger p\u00f3tkocsihoz t\u00f6k\u00e9letes v\u00e1laszt\u00e1s mag\u00e1nszem\u00e9lyek \u00e9s v\u00e1llalkoz\u00e1sok sz\u00e1m\u00e1ra, akiknek megb\u00edzhat\u00f3 hidraulikus hengermegold\u00e1sra van sz\u00fcks\u00e9g\u00fck.<\/p>\n<h2>Funkci\u00f3k \u00e9s jellemz\u0151k<\/h2>\n<p>Ez a hidraulikus henger sz\u00e1mos leny\u0171g\u00f6z\u0151 tulajdons\u00e1ggal b\u00fcszk\u00e9lkedhet, amelyek kiv\u00e1l\u00f3 v\u00e1laszt\u00e1ss\u00e1 teszik p\u00f3tkocsikhoz. 1200 mm-es l\u00f6kethosszal ide\u00e1lis a k\u00fcl\u00f6nf\u00e9le alkalmaz\u00e1sokhoz.<\/p>\n<h3>M\u0171szaki adatok<\/h3>\n<ul>\n<li>L\u00f6kethossz: 1200 mm<\/li>\n<li>Kapacit\u00e1s: Magas<\/li>\n<li>Teljes\u00edtm\u00e9ny: Hat\u00e9kony \u00e9s megb\u00edzhat\u00f3<\/li>\n<\/ul>\n<h3>Egyedi tulajdons\u00e1gok \u00e9s el\u0151ny\u00f6k<\/h3>\n<p>Ez a hidraulikus henger energiahat\u00e9kony, nagy teljes\u00edtm\u00e9ny\u0171 \u00e9s biztons\u00e1gos. Ezek a tulajdons\u00e1gok teszik rendk\u00edv\u00fcl keresett term\u00e9kk\u00e9 a piacon.<\/p>\n<p><img decoding=\"async\" src=\"https:\/\/hzpt.com\/wp-content\/uploads\/2023\/12\/insert-1.webp\" alt=\"\" title=\"\"><\/p>\n<h2>Hidraulikus rendszer \u00e9s m\u0171k\u00f6d\u00e9si elv<\/h2>\n<p>A hidraulikus henger m\u0171k\u00f6d\u00e9se a folyad\u00e9kmechanika elvein alapul. Hidraulikaolajat haszn\u00e1l az er\u0151 \u00e9s a mozg\u00e1s el\u0151\u00e1ll\u00edt\u00e1s\u00e1hoz, \u00edgy minden hidraulikus rendszer l\u00e9tfontoss\u00e1g\u00fa alkot\u00f3eleme.<\/p>\n<p>Az 1200 mm-es l\u00f6ket\u0171 p\u00f3tkocsikhoz val\u00f3 mini hidraulikus henger gazdag t\u00f6rt\u00e9nelemmel rendelkezik, \u00e9s k\u00fcl\u00f6nf\u00e9le t\u00edpusokat k\u00edn\u00e1l. A telep\u00edt\u00e9s, a karbantart\u00e1s \u00e9s a jav\u00edt\u00e1s mind egyszer\u0171, \u00edgy felhaszn\u00e1l\u00f3bar\u00e1t term\u00e9k.<\/p>\n<h2>Term\u00e9kv\u00e1laszt\u00e1s<\/h2>\n<p>A megfelel\u0151 hidraulikaolaj \u00e9s olajt\u00f6m\u00edt\u00e9s kiv\u00e1laszt\u00e1sa kulcsfontoss\u00e1g\u00fa a hidraulikus henger optim\u00e1lis m\u0171k\u00f6d\u00e9s\u00e9hez. A m\u00e9r\u00e9sek \u00e9s a csere egyszer\u0171, \u00edgy biztos\u00edtva, hogy a hidraulikus henger mindig a legjobb teljes\u00edtm\u00e9nyt ny\u00fajtsa.<\/p>\n<h2>A hegesztett vill\u00e1s henger el\u0151nyei<\/h2>\n<p>A hegesztett vill\u00e1shengerek n\u00e9pszer\u0171 v\u00e1laszt\u00e1snak bizonyulnak sz\u00e1mos ipari alkalmaz\u00e1sban egyedi el\u0151nyeik \u00e9s hasznuk miatt. \u00cdme a hegesztett vill\u00e1shengerek n\u00e9h\u00e1ny f\u0151 el\u0151nye:<\/p>\n<h3>1. Fokozott szil\u00e1rds\u00e1g \u00e9s tart\u00f3ss\u00e1g<\/h3>\n<p>A hegesztett vill\u00e1s hengerek hegesztett v\u00e9gz\u00e1r\u00f3val k\u00e9sz\u00fclnek, ami nagyobb szil\u00e1rds\u00e1got \u00e9s tart\u00f3ss\u00e1got biztos\u00edt m\u00e1s t\u00edpus\u00fa hengerekhez k\u00e9pest. Ez ide\u00e1liss\u00e1 teszi \u0151ket nagy ig\u00e9nybev\u00e9tel\u0171 alkalmaz\u00e1sokhoz, amelyek nagyfok\u00fa szil\u00e1rds\u00e1got \u00e9s tart\u00f3ss\u00e1got ig\u00e9nyelnek.<\/p>\n<p>Ezenk\u00edv\u00fcl ezeknek a hengereknek a hegesztett kialak\u00edt\u00e1sa azt jelenti, hogy kisebb a sziv\u00e1rg\u00e1s vagy a meghib\u00e1sod\u00e1s val\u00f3sz\u00edn\u0171s\u00e9ge, ami seg\u00edthet cs\u00f6kkenteni az \u00e1ll\u00e1sid\u0151t \u00e9s a karbantart\u00e1si k\u00f6lts\u00e9geket.<\/p>\n<h3>2. Nagy nyom\u00e1s kezel\u00e9s\u00e9nek k\u00e9pess\u00e9ge<\/h3>\n<p>A hegesztett kengyeles hengerek nagy nyom\u00e1s\u00fa alkalmaz\u00e1sokhoz is alkalmasak, \u00edgy n\u00e9pszer\u0171 v\u00e1laszt\u00e1snak sz\u00e1m\u00edtanak olyan ipar\u00e1gakban, mint az \u00e9p\u00edt\u0151ipar, a b\u00e1ny\u00e1szat, valamint az olaj- \u00e9s g\u00e1zipar. A nagy nyom\u00e1st\u0171r\u0151 k\u00e9pess\u00e9g\u00fck megb\u00edzhat\u00f3 teljes\u00edtm\u00e9nyt biztos\u00edt ig\u00e9nyes k\u00f6rnyezetben.<\/p>\n<h3>3. Testreszabhat\u00f3 diz\u00e1jn<\/h3>\n<p>A hegesztett vill\u00e1s hengerek egyedi tervez\u00e9s\u0171ek, hogy megfeleljenek egy adott alkalmaz\u00e1s ig\u00e9nyeinek. Ez azt jelenti, hogy egy adott m\u00e9rethez, alakhoz vagy teljes\u00edtm\u00e9nyk\u00f6vetelm\u00e9nyhez igaz\u00edthat\u00f3k. A testreszabhat\u00f3 kialak\u00edt\u00e1s nagyobb rugalmass\u00e1got is biztos\u00edt a gy\u00e1rt\u00e1si folyamatban, ami k\u00f6lts\u00e9gmegtakar\u00edt\u00e1shoz vezethet.<\/p>\n<h3>4. K\u00f6nny\u0171 telep\u00edt\u00e9s<\/h3>\n<p>A hegesztett vill\u00e1s hengerek k\u00f6nnyen telep\u00edthet\u0151k, ami seg\u00edt cs\u00f6kkenteni a be\u00e1ll\u00edt\u00e1si id\u0151t \u00e9s a munkak\u00f6lts\u00e9geket. \u00c1ltal\u00e1ban el\u0151re \u00f6sszeszereltek \u00e9s haszn\u00e1latra k\u00e9szek a dobozb\u00f3l kiv\u00e9ve, ami minimaliz\u00e1lja a tov\u00e1bbi alkatr\u00e9szek vagy komponensek sz\u00fcks\u00e9gess\u00e9g\u00e9t.<\/p>\n<h3>5. Jav\u00edtott teljes\u00edtm\u00e9ny<\/h3>\n<p>A hegesztett vill\u00e1s hengerek kialak\u00edt\u00e1sa jobb teljes\u00edtm\u00e9nyt tesz lehet\u0151v\u00e9 m\u00e1s t\u00edpus\u00fa hengerekhez k\u00e9pest. Nyom\u00e1segys\u00e9gre vet\u00edtve nagyobb er\u0151t tudnak el\u0151\u00e1ll\u00edtani, ami seg\u00edthet jav\u00edtani a hat\u00e9konys\u00e1got \u00e9s a termel\u00e9kenys\u00e9get az ipari alkalmaz\u00e1sokban.<\/p>\n<p>\u00d6sszess\u00e9g\u00e9ben a hegesztett vill\u00e1s hengerek sz\u00e1mos el\u0151nnyel \u00e9s hasznal rendelkeznek, amelyek n\u00e9pszer\u0171v\u00e9 teszik \u0151ket sz\u00e1mos ipari alkalmaz\u00e1sban. Megn\u00f6velt szil\u00e1rds\u00e1guk \u00e9s tart\u00f3ss\u00e1guk, nagy nyom\u00e1st\u0171r\u0151 k\u00e9pess\u00e9g\u00fck, testreszabhat\u00f3 kialak\u00edt\u00e1suk, egyszer\u0171 telep\u00edt\u00e9s\u00fck \u00e9s jobb teljes\u00edtm\u00e9ny\u00fck ide\u00e1lis v\u00e1laszt\u00e1ss\u00e1 teszi \u0151ket ig\u00e9nyes k\u00f6rnyezetekben, ahol a megb\u00edzhat\u00f3s\u00e1g \u00e9s a teljes\u00edtm\u00e9ny kulcsfontoss\u00e1g\u00fa.<\/p>\n<p><img decoding=\"async\" src=\"https:\/\/hzpt.com\/wp-content\/uploads\/2023\/12\/insert-2.webp\" alt=\"\" title=\"\"><\/p>\n<h2>Hegesztett Clevis t\u00edpus\u00fa henger alkalmaz\u00e1sa<\/h2>\n<ul>\n<li><strong>Ipari g\u00e9pek:<\/strong> A hegesztett vill\u00e1s hengereket sz\u00e9les k\u00f6rben haszn\u00e1lj\u00e1k k\u00fcl\u00f6nf\u00e9le ipari g\u00e9pekben nagy teherb\u00edr\u00e1s\u00fa alkalmaz\u00e1sokhoz. Ezek a hengerek nagy er\u0151kifejt\u00e9sre k\u00e9pesek a g\u00e9pek alkatr\u00e9szeinek emel\u00e9s\u00e9hez \u00e9s pr\u00e9sel\u00e9s\u00e9hez. A hegesztett vill\u00e1s kialak\u00edt\u00e1s lehet\u0151v\u00e9 teszi a k\u00f6nny\u0171 telep\u00edt\u00e9st \u00e9s a hat\u00e9kony m\u0171k\u00f6d\u00e9st, \u00edgy n\u00e9pszer\u0171 v\u00e1laszt\u00e1s a gy\u00e1rt\u00f3k sz\u00e1m\u00e1ra.\n<ul>\n<li>A feldolgoz\u00f3iparban a hegesztett vill\u00e1shengereket hidraulikus pr\u00e9sekben, fr\u00f6ccs\u00f6nt\u0151 g\u00e9pekben \u00e9s f\u00e9msajtol\u00f3 berendez\u00e9sekben haszn\u00e1lj\u00e1k a f\u00e9mlemezek alak\u00edt\u00e1s\u00e1hoz \u00e9s alak\u00edt\u00e1s\u00e1hoz sz\u00fcks\u00e9ges er\u0151 biztos\u00edt\u00e1s\u00e1ra.<\/li>\n<li>Az aut\u00f3iparban ezeket a munkahengereket aut\u00f3emel\u0151kben, felvon\u00f3kban \u00e9s \u00f6sszeszerel\u0151 g\u00e9pekben haszn\u00e1lj\u00e1k neh\u00e9z alkatr\u00e9szek emel\u00e9s\u00e9re a gy\u00e1rt\u00e1si folyamat sor\u00e1n.<\/li>\n<li>Az \u00e9p\u00edt\u0151iparban hegesztett vill\u00e1s hengereket haszn\u00e1lnak darukban, kotr\u00f3g\u00e9pekben \u00e9s buld\u00f3zerekben a neh\u00e9z terheket emel\u0151 \u00e9s mozgat\u00f3 hidraulikus rendszerek m\u0171k\u00f6dtet\u00e9s\u00e9re.<\/li>\n<\/ul>\n<\/li>\n<li><strong>Mez\u0151gazdas\u00e1gi g\u00e9pek:<\/strong> A mez\u0151gazdas\u00e1gi g\u00e9pek az egyik legfontosabb ter\u00fclet, ahol a hegesztett vill\u00e1s hengereket haszn\u00e1lj\u00e1k. Ezeket a hengereket k\u00fcl\u00f6nf\u00e9le mez\u0151gazdas\u00e1gi g\u00e9pekben, bele\u00e9rtve a traktorokat, betakar\u00edt\u00f3g\u00e9peket \u00e9s ek\u00e9ket, haszn\u00e1lj\u00e1k a talaj-el\u0151k\u00e9sz\u00edt\u00e9shez, \u00fcltet\u00e9shez \u00e9s betakar\u00edt\u00e1shoz sz\u00fcks\u00e9ges er\u0151 biztos\u00edt\u00e1s\u00e1ra.\n<ul>\n<li>A mez\u0151gazdas\u00e1gban a hegesztett vill\u00e1s hengereket ek\u00e9kben, kultiv\u00e1torokban \u00e9s vet\u0151g\u00e9pekben haszn\u00e1lj\u00e1k a talaj-el\u0151k\u00e9sz\u00edt\u00e9shez \u00e9s a vet\u0151mag \u00fcltet\u00e9s\u00e9hez sz\u00fcks\u00e9ges er\u0151 biztos\u00edt\u00e1s\u00e1ra.<\/li>\n<li>A betakar\u00edt\u00f3iparban ezeket a hengereket betakar\u00edt\u00f3g\u00e9pekben, b\u00e1l\u00e1z\u00f3kban \u00e9s f\u0171ny\u00edr\u00f3kban haszn\u00e1lj\u00e1k a term\u00e9nyt \u00f6sszegy\u0171jt\u0151 \u00e9s sz\u00e1ll\u00edt\u00f3 hidraulikus rendszerek m\u0171k\u00f6dtet\u00e9s\u00e9re.<\/li>\n<\/ul>\n<\/li>\n<li><strong>Rep\u00fcl\u00e9s \u00e9s v\u00e9delem:<\/strong> A hegesztett Clevis t\u00edpus\u00fa hengereket a rep\u00fcl\u0151g\u00e9piparban \u00e9s a v\u00e9delmi iparban is haszn\u00e1lj\u00e1k, ahol sz\u00e9les k\u00f6rben alkalmazz\u00e1k rep\u00fcl\u0151g\u00e9pekhez, rak\u00e9t\u00e1khoz, rak\u00e9t\u00e1khoz \u00e9s v\u00e9delmi rendszerekhez.\n<ul>\n<li>A rep\u00fcl\u0151g\u00e9piparban hegesztett vill\u00e1shengereket haszn\u00e1lnak rep\u00fcl\u0151g\u00e9pek fut\u00f3m\u0171veiben, f\u00e9ksz\u00e1rnyaiban \u00e9s f\u00e9keiben, hogy biztos\u00edts\u00e1k a sz\u00fcks\u00e9ges er\u0151t a felsz\u00e1ll\u00e1shoz \u00e9s lesz\u00e1ll\u00e1shoz.<\/li>\n<li>A v\u00e9delmi iparban ezeket a hengereket rak\u00e9tavet\u0151kben, l\u00f6vegtornyokban \u00e9s harckocsirendszerekben haszn\u00e1lj\u00e1k a fegyverek \u00e9s l\u0151szerek mozg\u00e1s\u00e1t szab\u00e1lyoz\u00f3 hidraulikus rendszerek m\u0171k\u00f6dtet\u00e9s\u00e9re.<\/li>\n<\/ul>\n<\/li>\n<li><strong>Tenger\u00e9szeti ipar:<\/strong> A hegesztett vill\u00e1s hengereket sz\u00e9les k\u00f6rben haszn\u00e1lj\u00e1k a tenger\u00e9szeti iparban is, ahol haj\u00f3khoz, cs\u00f3nakokhoz \u00e9s v\u00edz alatti j\u00e1rm\u0171vekhez k\u00fcl\u00f6nf\u00e9le alkalmaz\u00e1sokban haszn\u00e1lj\u00e1k \u0151ket.\n<ul>\n<li>A haj\u00f3z\u00e1si iparban hegesztett vill\u00e1s hengereket haszn\u00e1lnak darukban, cs\u00f6rl\u0151kben \u00e9s rakom\u00e1nykezel\u0151 berendez\u00e9sekben, hogy biztos\u00edts\u00e1k a sz\u00fcks\u00e9ges er\u0151t a rakom\u00e1ny be- \u00e9s kirakod\u00e1s\u00e1hoz.<\/li>\n<li>A haj\u00f3z\u00e1si iparban ezeket a hengereket korm\u00e1nyrendszerekben, haj\u00f3csavarokban \u00e9s horgonyrendszerekben haszn\u00e1lj\u00e1k, hogy biztos\u00edts\u00e1k a sz\u00fcks\u00e9ges er\u0151t a haj\u00f3k \u00e9s haj\u00f3k mozg\u00e1s\u00e1nak szab\u00e1lyoz\u00e1s\u00e1hoz.<\/li>\n<li>A v\u00edz alatti j\u00e1rm\u0171iparban hegesztett vill\u00e1shengereket haszn\u00e1lnak mer\u00fcl\u0151haj\u00f3kban, t\u00e1vir\u00e1ny\u00edt\u00e1s\u00fa j\u00e1rm\u0171vekben (ROV) \u00e9s b\u00fav\u00e1rfelszerel\u00e9sekben, hogy biztos\u00edts\u00e1k a v\u00edz alatti m\u0171veletekhez sz\u00fcks\u00e9ges er\u0151t.<\/li>\n<\/ul>\n<\/li>\n<li><strong>B\u00e1nyaipar:<\/strong> A hegesztett vill\u00e1s hengereket a b\u00e1ny\u00e1szati \u200b\u200biparban is haszn\u00e1lj\u00e1k, ahol \u00e1sv\u00e1nykincsek kitermel\u00e9s\u00e9re \u00e9s anyagmozgat\u00e1sra k\u00fcl\u00f6nf\u00e9le alkalmaz\u00e1sokban alkalmazz\u00e1k \u0151ket.\n<ul>\n<li>A b\u00e1ny\u00e1szati \u200b\u200biparban a hegesztett vill\u00e1s hengereket sz\u00e1ll\u00edt\u00f3szalag-rendszerekben, f\u00far\u00f3g\u00e9pekben \u00e9s hidraulikus lap\u00e1tokban haszn\u00e1lj\u00e1k, hogy biztos\u00edts\u00e1k a sz\u00fcks\u00e9ges er\u0151t az \u00e1sv\u00e1nyok \u00e9s anyagok b\u00e1ny\u00e1kb\u00f3l \u00e9s k\u0151b\u00e1ny\u00e1kb\u00f3l t\u00f6rt\u00e9n\u0151 kinyer\u00e9s\u00e9hez.<\/li>\n<\/ul>\n<\/li>\n<\/ul>\n<h2>Az FMP-r\u0151l<\/h2>\n<p>Az FMP vezet\u0151 szerepet t\u00f6lt be a mobil munkag\u00e9pek hidraulikus hengereinek piac\u00e1n Olaszorsz\u00e1gban. Term\u00e9kpalett\u00e1nk mag\u00e1ban foglalja a hidraulikus billen\u0151hengereket, hidraulikus korm\u00e1nyhengereket \u00e9s hidraulikus emel\u0151hengereket. Az FMP 200 000 darabos tervez\u00e9si kapacit\u00e1ssal rendelkezik, amelyb\u0151l 300 k\u00fcl\u00f6nf\u00e9le, teljesen automatikus CNC gy\u00e1rt\u00f3berendez\u00e9ssel \u00e9s teljesen automatikus hidraulikus henger \u00f6sszeszerel\u0151 berendez\u00e9ssel b\u00fcszk\u00e9lkedhet.<\/p>\n<h2>Mi\u00e9rt v\u00e1lassza az FMP-t?<\/h2>\n<p>Az FMP min\u0151s\u00e9gi term\u00e9keket k\u00edn\u00e1l versenyk\u00e9pes \u00e1ron, kiv\u00e9teles szolg\u00e1ltat\u00e1ssal t\u00e1mogatva. A fent eml\u00edtett term\u00e9keken k\u00edv\u00fcl k\u00edn\u00e1lunk m\u00e9g munka\u00e1llv\u00e1ny-hengereket, ipari j\u00e1rm\u0171vek hidraulikus hengereit, forg\u00f3f\u00far\u00f3tornyok hengereit, aut\u00f3daruk hengereit, \u00e9p\u00edt\u0151ipari g\u00e9pek hidraulikus hengereit, <b>Targonca hidraulikus hengerek<\/b>, d\u00f6mperek hengerei \u00e9s szennyv\u00edzkezel\u0151 g\u00e9pek hidraulikus hengerei. Szeretettel v\u00e1rjuk \u00fcgyfeleinket, hogy ig\u00e9nyeik alapj\u00e1n szabj\u00e1k testre megrendel\u00e9seiket.<\/p>\n<p><img decoding=\"async\" src=\"https:\/\/hzpt.com\/wp-content\/uploads\/2023\/12\/insert-5.webp\" alt=\"FMP gy\u00e1ri k\u00e9p\" title=\"\"><\/p>\n<h2>GYIK<\/h2>\n<dl>\n<dt>K: Mekkora ennek a hidraulikus hengernek a l\u00f6kethossza?<\/dt>\n<dd>A: Ennek a hidraulikus hengernek a l\u00f6kethossza 1200 mm.<\/dd>\n<dt>K: Milyen egyedi tulajdons\u00e1gai vannak ennek a term\u00e9knek?<\/dt>\n<dd>V: Ez a hidraulikus henger energiahat\u00e9kony, nagy teljes\u00edtm\u00e9ny\u0171 \u00e9s biztons\u00e1gos.<\/dd>\n<\/dl>\n<dl>\n<dt>K: Milyen alkalmaz\u00e1si ter\u00fcletei vannak ennek a hidraulikus hengernek?<\/dt>\n<dd>A: Ez a hidraulikus henger ide\u00e1lis p\u00f3tkocsikban val\u00f3 haszn\u00e1latra.<\/dd>\n<dt>K: Hogyan v\u00e1lasszam ki a megfelel\u0151 hidraulikaolajat \u00e9s olajt\u00f6m\u00edt\u00e9st ehhez a hidraulikus hengerhez?<\/dt>\n<dd>V: Szak\u00e9rt\u0151ink tan\u00e1cs\u00e1t k\u00e9rheti a hidraulikus hengerhez megfelel\u0151 hidraulikaolajjal \u00e9s olajt\u00f6m\u00edt\u00e9ssel kapcsolatban.<\/dd>\n<dt>K: Mi\u00e9rt v\u00e1lasszam az FMP-t?<\/dt>\n<dd>V: Az FMP min\u0151s\u00e9gi term\u00e9keket k\u00edn\u00e1l versenyk\u00e9pes \u00e1ron, kiv\u00e9teles szolg\u00e1ltat\u00e1ssal egy\u00fctt.<\/dd>\n<\/dl>\n<p>Szerz\u0151: CX<\/p>","protected":false},"excerpt":{"rendered":"<p>Product Introduction: The 10038 Factory Direct Sale 1200mm Stroke Hydraulic Cylinder Mini Hydraulic Cylinder For Trailer is a highly efficient and reliable hydraulic cylinder designed for trailers. With a stroke length of 1200mm, this hydraulic cylinder offers exceptional performance and durability. Featuring a compact design, this mini hydraulic cylinder is perfect for trailers that require [&hellip;]<\/p>","protected":false},"featured_media":1127,"comment_status":"closed","ping_status":"closed","template":"","meta":{"_et_pb_use_builder":"","_et_pb_old_content":"","_et_gb_content_width":""},"product_brand":[],"product_cat":[36],"product_tag":[34,38],"class_list":{"0":"post-1046","1":"product","2":"type-product","3":"status-publish","4":"has-post-thumbnail","6":"product_cat-welded-clevis-type-cylinder","7":"product_tag-hydraulic-cylinder","8":"product_tag-welded-clevis-type-cylinder","10":"first","11":"instock","12":"product-type-simple"},"_links":{"self":[{"href":"https:\/\/fmp-components.com\/hu\/wp-json\/wp\/v2\/product\/1046","targetHints":{"allow":["GET"]}}],"collection":[{"href":"https:\/\/fmp-components.com\/hu\/wp-json\/wp\/v2\/product"}],"about":[{"href":"https:\/\/fmp-components.com\/hu\/wp-json\/wp\/v2\/types\/product"}],"replies":[{"embeddable":true,"href":"https:\/\/fmp-components.com\/hu\/wp-json\/wp\/v2\/comments?post=1046"}],"wp:featuredmedia":[{"embeddable":true,"href":"https:\/\/fmp-components.com\/hu\/wp-json\/wp\/v2\/media\/1127"}],"wp:attachment":[{"href":"https:\/\/fmp-components.com\/hu\/wp-json\/wp\/v2\/media?parent=1046"}],"wp:term":[{"taxonomy":"product_brand","embeddable":true,"href":"https:\/\/fmp-components.com\/hu\/wp-json\/wp\/v2\/product_brand?post=1046"},{"taxonomy":"product_cat","embeddable":true,"href":"https:\/\/fmp-components.com\/hu\/wp-json\/wp\/v2\/product_cat?post=1046"},{"taxonomy":"product_tag","embeddable":true,"href":"https:\/\/fmp-components.com\/hu\/wp-json\/wp\/v2\/product_tag?post=1046"}],"curies":[{"name":"munkaf\u00fczet","href":"https:\/\/api.w.org\/{rel}","templated":true}]}}