{"id":1040,"date":"2024-12-19T06:17:09","date_gmt":"2024-12-19T06:17:09","guid":{"rendered":"https:\/\/fmp-components.com\/product\/10032-mini-hydraulic-cylinder-tractor-hydraulic-cylinder-double-acting\/"},"modified":"2025-03-18T00:46:19","modified_gmt":"2025-03-18T00:46:19","slug":"10032-mini-hydraulic-cylinder-tractor-hydraulic-cylinder-double-acting","status":"publish","type":"product","link":"https:\/\/fmp-components.com\/hu\/product\/10032-mini-hydraulic-cylinder-tractor-hydraulic-cylinder-double-acting\/","title":{"rendered":"10032 Mini hidraulikus henger traktor hidraulikus henger kett\u0151s m\u0171k\u00f6d\u00e9s\u0171"},"content":{"rendered":"<h2>10032-es term\u00e9k Mini hidraulikus henger Traktor hidraulikus henger kett\u0151s m\u0171k\u00f6d\u00e9s\u0171:<\/h2>\n<p>A 10032-es term\u00e9k, a Mini Hidraulikus Henger, Traktor Hidraulikus Henger, Kett\u0151s M\u0171k\u00f6d\u00e9s\u0171, kiv\u00e1l\u00f3 min\u0151s\u00e9g\u0171 hidraulikus henger, amelyet traktorokban \u00e9s egy\u00e9b mez\u0151gazdas\u00e1gi g\u00e9pekben val\u00f3 haszn\u00e1latra terveztek. Ez a henger nagy terhel\u00e9seknek \u00e9s nagy nyom\u00e1snak is ellen\u00e1ll, \u00edgy ide\u00e1lis ig\u00e9nyes alkalmaz\u00e1sokhoz.<\/p>\n<p>Ennek a hidraulikus hengernek az egyik legfontosabb jellemz\u0151je a kett\u0151s m\u0171k\u00f6d\u00e9s\u0171 kialak\u00edt\u00e1sa. Ez azt jelenti, hogy mindk\u00e9t ir\u00e1nyban hidraulikus nyom\u00e1ssal k\u00e9pes kiny\u00falni \u00e9s visszah\u00faz\u00f3dni, \u00edgy hat\u00e9kony \u00e9s megb\u00edzhat\u00f3 m\u0171k\u00f6d\u00e9st biztos\u00edt. Ezenk\u00edv\u00fcl a henger kiv\u00e1l\u00f3 min\u0151s\u00e9g\u0171 anyagokb\u00f3l k\u00e9sz\u00fclt, ami hossz\u00fa t\u00e1v\u00fa tart\u00f3ss\u00e1got \u00e9s teljes\u00edtm\u00e9nyt biztos\u00edt.<\/p>\n<p>A 10032-es mini hidraulikus hengeres traktor hidraulikus henger\u00e9nek kompakt m\u00e9rete ide\u00e1liss\u00e1 teszi sz\u0171k helyeken \u00e9s kisebb g\u00e9pekhez val\u00f3 haszn\u00e1latra. Kis m\u00e9rete ellen\u00e9re azonban leny\u0171g\u00f6z\u0151 teljes\u00edtm\u00e9nyt \u00e9s emel\u0151er\u0151t biztos\u00edt.<\/p>\n<p>\u00d6sszefoglalva, a 10032 Mini Hidraulikus Hengeres Traktor Hidraulikus Henger Kett\u0151s M\u0171k\u00f6d\u00e9s\u0171 egy kiv\u00e1l\u00f3 min\u0151s\u00e9g\u0171 hidraulikus henger, amelyet traktorokban \u00e9s egy\u00e9b mez\u0151gazdas\u00e1gi g\u00e9pekben val\u00f3 haszn\u00e1latra terveztek. Kett\u0151s m\u0171k\u00f6d\u00e9s\u0171 kialak\u00edt\u00e1s\u00e1nak, tart\u00f3s konstrukci\u00f3j\u00e1nak \u00e9s kompakt m\u00e9ret\u00e9nek k\u00f6sz\u00f6nhet\u0151en t\u00f6k\u00e9letes v\u00e1laszt\u00e1s ig\u00e9nyes alkalmaz\u00e1sokhoz, ahol a megb\u00edzhat\u00f3s\u00e1g \u00e9s a teljes\u00edtm\u00e9ny elengedhetetlen.<\/p>\n<p><img loading=\"lazy\" decoding=\"async\" class=\"alignnone size-full wp-image-7061\" src=\"https:\/\/fmp-components.com\/wp-content\/uploads\/2024\/12\/hydarulic-cylinder.webp\" alt=\"hidraulikus henger\" width=\"800\" height=\"800\" title=\"\" srcset=\"https:\/\/fmp-components.com\/wp-content\/uploads\/2024\/12\/hydarulic-cylinder.webp 800w, https:\/\/fmp-components.com\/wp-content\/uploads\/2024\/12\/hydarulic-cylinder-480x480.webp 480w\" sizes=\"(min-width: 0px) and (max-width: 480px) 480px, (min-width: 481px) 800px, 100vw\" \/><\/p>\n<h2>Term\u00e9kbemutat\u00f3<\/h2>\n<p>Az FMP-t Olaszorsz\u00e1gban alap\u00edtott\u00e1k, \u00e9s az\u00f3ta vezet\u0151 szerepet t\u00f6lt be a mobil munkag\u00e9pek hidraulikus hengereinek szegment\u00e1lt piac\u00e1n Olaszorsz\u00e1gban. F\u0151 term\u00e9keink k\u00f6z\u00e9 tartozik a Mini Hidraulikus Henger \u00e9s a Traktor Hidraulikus Henger, amelyek mindkett\u0151 kett\u0151s m\u0171k\u00f6d\u00e9s\u0171.<\/p>\n<h2>Funkci\u00f3 \u00e9s fontoss\u00e1g<\/h2>\n<p>Hidraulikus hengereink sz\u00e1mos g\u00e9p szerves r\u00e9sz\u00e9t k\u00e9pezik, biztos\u00edtva a legt\u00f6bb mechanikus mozg\u00e1shoz sz\u00fcks\u00e9ges er\u0151t. Egyenes vonal\u00fa er\u0151 l\u00e9trehoz\u00e1s\u00e1ra szolg\u00e1lnak, p\u00e9ld\u00e1ul tol\u00e1skor, h\u00faz\u00e1skor, emel\u00e9skor \u00e9s s\u00fcllyeszt\u00e9skor.<\/p>\n<h2>Term\u00e9kadatok<\/h2>\n<p>Hidraulikus hengereink m\u0171szaki param\u00e9terei az adott alkalmaz\u00e1st\u00f3l f\u00fcgg\u0151en v\u00e1ltoznak. Mindazon\u00e1ltal mindegyik\u00fck rendelkezik olyan k\u00f6z\u00f6s jellemz\u0151kkel, mint a nagy kapacit\u00e1s, a kiv\u00e1l\u00f3 tart\u00f3ss\u00e1g \u00e9s a pontos m\u00e9retek.<\/p>\n<h3>Egyedi tulajdons\u00e1gok \u00e9s el\u0151ny\u00f6k<\/h3>\n<ul>\n<li>Energiatakar\u00e9kos<\/li>\n<li>Rendk\u00edv\u00fcl hat\u00e9kony<\/li>\n<li>Biztons\u00e1gos<\/li>\n<\/ul>\n<h2>Hidraulikus rendszer \u00e9s m\u0171k\u00f6d\u00e9si elv<\/h2>\n<p>A hidraulikus henger \u00fagy m\u0171k\u00f6dik, hogy a nyom\u00e1s alatt l\u00e9v\u0151 hidraulikafolyad\u00e9k mozg\u00e1sba hozza a hengerben l\u00e9v\u0151 rudat, amely elv\u00e9gzi a munk\u00e1t. Ez a rendszer biztos\u00edtja, hogy hidraulikus hengereink optim\u00e1lis teljes\u00edtm\u00e9nyt ny\u00fajtsanak az adott alkalmaz\u00e1sban.<\/p>\n<h2>Alkalmaz\u00e1si forgat\u00f3k\u00f6nyvek<\/h2>\n<p>Hidraulikus hengereinket sz\u00e9les k\u00f6rben haszn\u00e1lj\u00e1k \u00e9p\u00edt\u0151ipari g\u00e9pekben, b\u00e1ny\u00e1szati \u200b\u200bg\u00e9pekben, emel\u0151g\u00e9pekben \u00e9s egy\u00e9b ipari berendez\u00e9sekben.<\/p>\n<h2>Az FMP-r\u0151l<\/h2>\n<p>Az FMP 200 000 k\u00e9szlet tervez\u00e9si kapacit\u00e1ssal, 300 k\u00fcl\u00f6nf\u00e9le automata CNC gy\u00e1rt\u00f3berendez\u00e9ssel \u00e9s teljesen automatikus hidraulikus henger \u00f6sszeszerel\u0151 berendez\u00e9ssel b\u00fcszk\u00e9lkedhet. Kiv\u00e1l\u00f3 min\u0151s\u00e9g\u0171 term\u00e9keket, versenyk\u00e9pes \u00e1rakat \u00e9s kiv\u00e1l\u00f3 szolg\u00e1ltat\u00e1st k\u00edn\u00e1lunk.<\/p>\n<h3>Tov\u00e1bbi term\u00e9kek<\/h3>\n<p>Az eml\u00edtett hidraulikus hengereken k\u00edv\u00fcl nagy magass\u00e1g\u00fa munkaplatform-hengereket, ipari j\u00e1rm\u0171vek hidraulikus hengereit, forg\u00f3f\u00far\u00f3tornyok hengereit, aut\u00f3daruk hengereit, g\u00e9p\u00e9szeti g\u00e9pek hidraulikus hengereit, targonc\u00e1k hidraulikus hengereit, b\u00e1ny\u00e1szati \u200b\u200bd\u00f6mperek hengereit \u00e9s higi\u00e9niai g\u00e9pek hidraulikus hengereit is sz\u00e1ll\u00edtunk. A mell\u00e9kelt \u00e1br\u00e1k \u00e9s mint\u00e1k alapj\u00e1n t\u00f6rt\u00e9n\u0151 testreszab\u00e1s is lehets\u00e9ges. Tov\u00e1bbi inform\u00e1ci\u00f3k\u00e9rt k\u00e9rj\u00fck, tekintse meg az al\u00e1bbi k\u00e9pet:<\/p>\n<p><img decoding=\"async\" src=\"https:\/\/hzpt.com\/wp-content\/uploads\/2023\/12\/insert-5.webp\" alt=\"FMP gy\u00e1r\" title=\"\"><\/p>\n<h2>K\u00e9rd\u00e9sek \u00e9s v\u00e1laszok<\/h2>\n<ol>\n<li>K: Mekkora a hidraulikus hengereik kapacit\u00e1sa? V: Hidraulikus hengereink kapacit\u00e1sa az adott alkalmaz\u00e1st\u00f3l f\u00fcgg\u0151en v\u00e1ltozik.<\/li>\n<li>K: Energiahat\u00e9konyak a hidraulikus hengereik? V: Igen, a hidraulikus hengereinket energiahat\u00e9konyra tervezt\u00fck.<\/li>\n<li>K: Milyen t\u00edpus\u00fa g\u00e9pekben haszn\u00e1lhat\u00f3k a hidraulikus hengereik? V: Hidraulikus hengereink \u00e9p\u00edt\u0151iparban, b\u00e1ny\u00e1szati \u200b\u200bg\u00e9pekben, emel\u0151g\u00e9pekben \u00e9s egy\u00e9b ipari berendez\u00e9sekben haszn\u00e1lhat\u00f3k.<\/li>\n<li>K: K\u00edn\u00e1lnak testreszab\u00e1si szolg\u00e1ltat\u00e1sokat? V: Igen, \u00f6r\u00f6mmel fogadjuk a testreszab\u00e1st a megadott \u00e1br\u00e1k \u00e9s mint\u00e1k alapj\u00e1n.<\/li>\n<li>K: Hogyan m\u0171k\u00f6dik egy hidraulikus henger? V: A hidraulikus henger \u00fagy m\u0171k\u00f6dik, hogy a nyom\u00e1s alatt l\u00e9v\u0151 hidraulikafolyad\u00e9k mozgatja a hengerben l\u00e9v\u0151 rudat.<\/li>\n<\/ol>\n<h2>A hegesztett vill\u00e1s henger el\u0151nyei<\/h2>\n<p>A hegesztett vill\u00e1shengerek n\u00e9pszer\u0171 v\u00e1laszt\u00e1snak bizonyulnak sz\u00e1mos ipari alkalmaz\u00e1sban egyedi el\u0151nyeik \u00e9s hasznuk miatt. \u00cdme a hegesztett vill\u00e1shengerek n\u00e9h\u00e1ny f\u0151 el\u0151nye:<\/p>\n<h3>1. Fokozott szil\u00e1rds\u00e1g \u00e9s tart\u00f3ss\u00e1g<\/h3>\n<p>A hegesztett vill\u00e1s hengerek hegesztett v\u00e9gz\u00e1r\u00f3val k\u00e9sz\u00fclnek, ami nagyobb szil\u00e1rds\u00e1got \u00e9s tart\u00f3ss\u00e1got biztos\u00edt m\u00e1s t\u00edpus\u00fa hengerekhez k\u00e9pest. Ez ide\u00e1liss\u00e1 teszi \u0151ket nagy ig\u00e9nybev\u00e9tel\u0171 alkalmaz\u00e1sokhoz, amelyek nagyfok\u00fa szil\u00e1rds\u00e1got \u00e9s tart\u00f3ss\u00e1got ig\u00e9nyelnek.<\/p>\n<p>Ezenk\u00edv\u00fcl ezeknek a hengereknek a hegesztett kialak\u00edt\u00e1sa azt jelenti, hogy kisebb a sziv\u00e1rg\u00e1s vagy a meghib\u00e1sod\u00e1s val\u00f3sz\u00edn\u0171s\u00e9ge, ami seg\u00edthet cs\u00f6kkenteni az \u00e1ll\u00e1sid\u0151t \u00e9s a karbantart\u00e1si k\u00f6lts\u00e9geket.<\/p>\n<h3>2. Nagy nyom\u00e1s kezel\u00e9s\u00e9nek k\u00e9pess\u00e9ge<\/h3>\n<p>A hegesztett kengyeles hengerek nagy nyom\u00e1s\u00fa alkalmaz\u00e1sokhoz is alkalmasak, \u00edgy n\u00e9pszer\u0171 v\u00e1laszt\u00e1snak sz\u00e1m\u00edtanak olyan ipar\u00e1gakban, mint az \u00e9p\u00edt\u0151ipar, a b\u00e1ny\u00e1szat, valamint az olaj- \u00e9s g\u00e1zipar. A nagy nyom\u00e1st\u0171r\u0151 k\u00e9pess\u00e9g\u00fck megb\u00edzhat\u00f3 teljes\u00edtm\u00e9nyt biztos\u00edt ig\u00e9nyes k\u00f6rnyezetben.<\/p>\n<h3>3. Testreszabhat\u00f3 diz\u00e1jn<\/h3>\n<p>A hegesztett vill\u00e1s hengerek egyedi tervez\u00e9s\u0171ek, hogy megfeleljenek egy adott alkalmaz\u00e1s ig\u00e9nyeinek. Ez azt jelenti, hogy egy adott m\u00e9rethez, alakhoz vagy teljes\u00edtm\u00e9nyk\u00f6vetelm\u00e9nyhez igaz\u00edthat\u00f3k. A testreszabhat\u00f3 kialak\u00edt\u00e1s nagyobb rugalmass\u00e1got is biztos\u00edt a gy\u00e1rt\u00e1si folyamatban, ami k\u00f6lts\u00e9gmegtakar\u00edt\u00e1shoz vezethet.<\/p>\n<h3>4. K\u00f6nny\u0171 telep\u00edt\u00e9s<\/h3>\n<p>A hegesztett vill\u00e1s hengerek k\u00f6nnyen telep\u00edthet\u0151k, ami seg\u00edt cs\u00f6kkenteni a be\u00e1ll\u00edt\u00e1si id\u0151t \u00e9s a munkak\u00f6lts\u00e9geket. \u00c1ltal\u00e1ban el\u0151re \u00f6sszeszereltek \u00e9s haszn\u00e1latra k\u00e9szek a dobozb\u00f3l kiv\u00e9ve, ami minimaliz\u00e1lja a tov\u00e1bbi alkatr\u00e9szek vagy komponensek sz\u00fcks\u00e9gess\u00e9g\u00e9t.<\/p>\n<h3>5. Jav\u00edtott teljes\u00edtm\u00e9ny<\/h3>\n<p>A hegesztett vill\u00e1s hengerek kialak\u00edt\u00e1sa jobb teljes\u00edtm\u00e9nyt tesz lehet\u0151v\u00e9 m\u00e1s t\u00edpus\u00fa hengerekhez k\u00e9pest. Nyom\u00e1segys\u00e9gre vet\u00edtve nagyobb er\u0151t tudnak el\u0151\u00e1ll\u00edtani, ami seg\u00edthet jav\u00edtani a hat\u00e9konys\u00e1got \u00e9s a termel\u00e9kenys\u00e9get az ipari alkalmaz\u00e1sokban.<\/p>\n<p>\u00d6sszess\u00e9g\u00e9ben a hegesztett vill\u00e1s hengerek sz\u00e1mos el\u0151nnyel \u00e9s hasznal rendelkeznek, amelyek n\u00e9pszer\u0171v\u00e9 teszik \u0151ket sz\u00e1mos ipari alkalmaz\u00e1sban. Megn\u00f6velt szil\u00e1rds\u00e1guk \u00e9s tart\u00f3ss\u00e1guk, nagy nyom\u00e1st\u0171r\u0151 k\u00e9pess\u00e9g\u00fck, testreszabhat\u00f3 kialak\u00edt\u00e1suk, egyszer\u0171 telep\u00edt\u00e9s\u00fck \u00e9s jobb teljes\u00edtm\u00e9ny\u00fck ide\u00e1lis v\u00e1laszt\u00e1ss\u00e1 teszi \u0151ket ig\u00e9nyes k\u00f6rnyezetekben, ahol a megb\u00edzhat\u00f3s\u00e1g \u00e9s a teljes\u00edtm\u00e9ny kulcsfontoss\u00e1g\u00fa.<\/p>\n<h2>Hegesztett Clevis t\u00edpus\u00fa henger alkalmaz\u00e1sa<\/h2>\n<ul>\n<li><strong>Ipari g\u00e9pek:<\/strong> A hegesztett vill\u00e1s hengereket sz\u00e9les k\u00f6rben haszn\u00e1lj\u00e1k k\u00fcl\u00f6nf\u00e9le ipari g\u00e9pekben nagy teherb\u00edr\u00e1s\u00fa alkalmaz\u00e1sokhoz. Ezek a hengerek nagy er\u0151kifejt\u00e9sre k\u00e9pesek a g\u00e9pek alkatr\u00e9szeinek emel\u00e9s\u00e9hez \u00e9s pr\u00e9sel\u00e9s\u00e9hez. A hegesztett vill\u00e1s kialak\u00edt\u00e1s lehet\u0151v\u00e9 teszi a k\u00f6nny\u0171 telep\u00edt\u00e9st \u00e9s a hat\u00e9kony m\u0171k\u00f6d\u00e9st, \u00edgy n\u00e9pszer\u0171 v\u00e1laszt\u00e1s a gy\u00e1rt\u00f3k sz\u00e1m\u00e1ra.\n<ul>\n<li>A feldolgoz\u00f3iparban a hegesztett vill\u00e1shengereket hidraulikus pr\u00e9sekben, fr\u00f6ccs\u00f6nt\u0151 g\u00e9pekben \u00e9s f\u00e9msajtol\u00f3 berendez\u00e9sekben haszn\u00e1lj\u00e1k a f\u00e9mlemezek alak\u00edt\u00e1s\u00e1hoz \u00e9s alak\u00edt\u00e1s\u00e1hoz sz\u00fcks\u00e9ges er\u0151 biztos\u00edt\u00e1s\u00e1ra.<\/li>\n<li>Az aut\u00f3iparban ezeket a munkahengereket aut\u00f3emel\u0151kben, felvon\u00f3kban \u00e9s \u00f6sszeszerel\u0151 g\u00e9pekben haszn\u00e1lj\u00e1k neh\u00e9z alkatr\u00e9szek emel\u00e9s\u00e9re a gy\u00e1rt\u00e1si folyamat sor\u00e1n.<\/li>\n<li>Az \u00e9p\u00edt\u0151iparban hegesztett vill\u00e1s hengereket haszn\u00e1lnak darukban, kotr\u00f3g\u00e9pekben \u00e9s buld\u00f3zerekben a neh\u00e9z terheket emel\u0151 \u00e9s mozgat\u00f3 hidraulikus rendszerek m\u0171k\u00f6dtet\u00e9s\u00e9re.<\/li>\n<\/ul>\n<\/li>\n<li><strong>Mez\u0151gazdas\u00e1gi g\u00e9pek:<\/strong> A mez\u0151gazdas\u00e1gi g\u00e9pek az egyik legfontosabb ter\u00fclet, ahol a hegesztett vill\u00e1s hengereket haszn\u00e1lj\u00e1k. Ezeket a hengereket k\u00fcl\u00f6nf\u00e9le mez\u0151gazdas\u00e1gi g\u00e9pekben, bele\u00e9rtve a traktorokat, betakar\u00edt\u00f3g\u00e9peket \u00e9s ek\u00e9ket, haszn\u00e1lj\u00e1k a talaj-el\u0151k\u00e9sz\u00edt\u00e9shez, \u00fcltet\u00e9shez \u00e9s betakar\u00edt\u00e1shoz sz\u00fcks\u00e9ges er\u0151 biztos\u00edt\u00e1s\u00e1ra.\n<ul>\n<li>A mez\u0151gazdas\u00e1gban a hegesztett vill\u00e1s hengereket ek\u00e9kben, kultiv\u00e1torokban \u00e9s vet\u0151g\u00e9pekben haszn\u00e1lj\u00e1k a talaj-el\u0151k\u00e9sz\u00edt\u00e9shez \u00e9s a vet\u0151mag \u00fcltet\u00e9s\u00e9hez sz\u00fcks\u00e9ges er\u0151 biztos\u00edt\u00e1s\u00e1ra.<\/li>\n<li>A betakar\u00edt\u00f3iparban ezeket a hengereket betakar\u00edt\u00f3g\u00e9pekben, b\u00e1l\u00e1z\u00f3kban \u00e9s f\u0171ny\u00edr\u00f3kban haszn\u00e1lj\u00e1k a term\u00e9nyt \u00f6sszegy\u0171jt\u0151 \u00e9s sz\u00e1ll\u00edt\u00f3 hidraulikus rendszerek m\u0171k\u00f6dtet\u00e9s\u00e9re.<\/li>\n<\/ul>\n<\/li>\n<li><strong>Rep\u00fcl\u00e9s \u00e9s v\u00e9delem:<\/strong> A hegesztett Clevis t\u00edpus\u00fa hengereket a rep\u00fcl\u0151g\u00e9piparban \u00e9s a v\u00e9delmi iparban is haszn\u00e1lj\u00e1k, ahol sz\u00e9les k\u00f6rben alkalmazz\u00e1k rep\u00fcl\u0151g\u00e9pekhez, rak\u00e9t\u00e1khoz, rak\u00e9t\u00e1khoz \u00e9s v\u00e9delmi rendszerekhez.\n<ul>\n<li>A rep\u00fcl\u0151g\u00e9piparban hegesztett vill\u00e1shengereket haszn\u00e1lnak rep\u00fcl\u0151g\u00e9pek fut\u00f3m\u0171veiben, f\u00e9ksz\u00e1rnyaiban \u00e9s f\u00e9keiben, hogy biztos\u00edts\u00e1k a sz\u00fcks\u00e9ges er\u0151t a felsz\u00e1ll\u00e1shoz \u00e9s lesz\u00e1ll\u00e1shoz.<\/li>\n<li>A v\u00e9delmi iparban ezeket a hengereket rak\u00e9tavet\u0151kben, l\u00f6vegtornyokban \u00e9s harckocsirendszerekben haszn\u00e1lj\u00e1k a fegyverek \u00e9s l\u0151szerek mozg\u00e1s\u00e1t szab\u00e1lyoz\u00f3 hidraulikus rendszerek m\u0171k\u00f6dtet\u00e9s\u00e9re.<\/li>\n<\/ul>\n<\/li>\n<li><strong>Tenger\u00e9szeti ipar:<\/strong> A hegesztett vill\u00e1s hengereket sz\u00e9les k\u00f6rben haszn\u00e1lj\u00e1k a tenger\u00e9szeti iparban is, ahol haj\u00f3khoz, cs\u00f3nakokhoz \u00e9s v\u00edz alatti j\u00e1rm\u0171vekhez k\u00fcl\u00f6nf\u00e9le alkalmaz\u00e1sokban haszn\u00e1lj\u00e1k \u0151ket.\n<ul>\n<li>A haj\u00f3z\u00e1si iparban hegesztett vill\u00e1s hengereket haszn\u00e1lnak darukban, cs\u00f6rl\u0151kben \u00e9s rakom\u00e1nykezel\u0151 berendez\u00e9sekben, hogy biztos\u00edts\u00e1k a sz\u00fcks\u00e9ges er\u0151t a rakom\u00e1ny be- \u00e9s kirakod\u00e1s\u00e1hoz.<\/li>\n<li>A haj\u00f3z\u00e1si iparban ezeket a hengereket korm\u00e1nyrendszerekben, haj\u00f3csavarokban \u00e9s horgonyrendszerekben haszn\u00e1lj\u00e1k, hogy biztos\u00edts\u00e1k a sz\u00fcks\u00e9ges er\u0151t a haj\u00f3k \u00e9s haj\u00f3k mozg\u00e1s\u00e1nak szab\u00e1lyoz\u00e1s\u00e1hoz.<\/li>\n<li>A v\u00edz alatti j\u00e1rm\u0171iparban hegesztett vill\u00e1shengereket haszn\u00e1lnak mer\u00fcl\u0151haj\u00f3kban, t\u00e1vir\u00e1ny\u00edt\u00e1s\u00fa j\u00e1rm\u0171vekben (ROV) \u00e9s b\u00fav\u00e1rfelszerel\u00e9sekben, hogy biztos\u00edts\u00e1k a v\u00edz alatti m\u0171veletekhez sz\u00fcks\u00e9ges er\u0151t.<\/li>\n<\/ul>\n<\/li>\n<li><strong>B\u00e1nyaipar:<\/strong> A hegesztett vill\u00e1s hengereket a b\u00e1ny\u00e1szati \u200b\u200biparban is haszn\u00e1lj\u00e1k, ahol \u00e1sv\u00e1nykincsek kitermel\u00e9s\u00e9re \u00e9s anyagmozgat\u00e1sra k\u00fcl\u00f6nf\u00e9le alkalmaz\u00e1sokban alkalmazz\u00e1k \u0151ket.\n<ul>\n<li>A b\u00e1ny\u00e1szati \u200b\u200biparban a hegesztett vill\u00e1s hengereket sz\u00e1ll\u00edt\u00f3szalag-rendszerekben, f\u00far\u00f3g\u00e9pekben \u00e9s hidraulikus lap\u00e1tokban haszn\u00e1lj\u00e1k, hogy biztos\u00edts\u00e1k a sz\u00fcks\u00e9ges er\u0151t az \u00e1sv\u00e1nyok \u00e9s anyagok b\u00e1ny\u00e1kb\u00f3l \u00e9s k\u0151b\u00e1ny\u00e1kb\u00f3l t\u00f6rt\u00e9n\u0151 kinyer\u00e9s\u00e9hez.<\/li>\n<\/ul>\n<\/li>\n<\/ul>\n<p>Szerz\u0151: CX<\/p>","protected":false},"excerpt":{"rendered":"<p>Product 10032 Mini Hydraulic Cylinder Tractor Hydraulic Cylinder Double Acting: The product 10032 Mini Hydraulic Cylinder Tractor Hydraulic Cylinder Double Acting is a high-quality hydraulic cylinder that is designed for use in tractors and other agricultural machinery. This cylinder is built to withstand heavy loads and high pressures, making it ideal for use in demanding [&hellip;]<\/p>","protected":false},"featured_media":1127,"comment_status":"closed","ping_status":"closed","template":"","meta":{"_et_pb_use_builder":"","_et_pb_old_content":"","_et_gb_content_width":""},"product_brand":[],"product_cat":[36],"product_tag":[34,38],"class_list":{"0":"post-1040","1":"product","2":"type-product","3":"status-publish","4":"has-post-thumbnail","6":"product_cat-welded-clevis-type-cylinder","7":"product_tag-hydraulic-cylinder","8":"product_tag-welded-clevis-type-cylinder","10":"first","11":"instock","12":"product-type-simple"},"_links":{"self":[{"href":"https:\/\/fmp-components.com\/hu\/wp-json\/wp\/v2\/product\/1040","targetHints":{"allow":["GET"]}}],"collection":[{"href":"https:\/\/fmp-components.com\/hu\/wp-json\/wp\/v2\/product"}],"about":[{"href":"https:\/\/fmp-components.com\/hu\/wp-json\/wp\/v2\/types\/product"}],"replies":[{"embeddable":true,"href":"https:\/\/fmp-components.com\/hu\/wp-json\/wp\/v2\/comments?post=1040"}],"wp:featuredmedia":[{"embeddable":true,"href":"https:\/\/fmp-components.com\/hu\/wp-json\/wp\/v2\/media\/1127"}],"wp:attachment":[{"href":"https:\/\/fmp-components.com\/hu\/wp-json\/wp\/v2\/media?parent=1040"}],"wp:term":[{"taxonomy":"product_brand","embeddable":true,"href":"https:\/\/fmp-components.com\/hu\/wp-json\/wp\/v2\/product_brand?post=1040"},{"taxonomy":"product_cat","embeddable":true,"href":"https:\/\/fmp-components.com\/hu\/wp-json\/wp\/v2\/product_cat?post=1040"},{"taxonomy":"product_tag","embeddable":true,"href":"https:\/\/fmp-components.com\/hu\/wp-json\/wp\/v2\/product_tag?post=1040"}],"curies":[{"name":"munkaf\u00fczet","href":"https:\/\/api.w.org\/{rel}","templated":true}]}}