{"id":1037,"date":"2024-12-19T06:17:09","date_gmt":"2024-12-19T06:17:09","guid":{"rendered":"https:\/\/fmp-components.com\/product\/10029-high-end-small-piston-hydraulic-cylinder-for-trailer\/"},"modified":"2025-03-18T02:22:30","modified_gmt":"2025-03-18T02:22:30","slug":"10029-high-end-small-piston-hydraulic-cylinder-for-trailer","status":"publish","type":"product","link":"https:\/\/fmp-components.com\/hu\/product\/10029-high-end-small-piston-hydraulic-cylinder-for-trailer\/","title":{"rendered":"10029 High End kis dugatty\u00fas hidraulikus henger p\u00f3tkocsihoz"},"content":{"rendered":"<h2>Term\u00e9k neve: 10029 High End kis dugatty\u00fas hidraulikus henger p\u00f3tkocsihoz<\/h2>\n<p>Term\u00e9kle\u00edr\u00e1s:<br \/>\nA 10029-es High End kisdugatty\u00fas hidraulikus henger egy cs\u00facskateg\u00f3ri\u00e1s hidraulikus henger, amelyet kifejezetten p\u00f3tkocsikhoz terveztek. Robusztus fel\u00e9p\u00edt\u00e9s\u00e9nek \u00e9s fejlett funkci\u00f3inak k\u00f6sz\u00f6nhet\u0151en ez a hidraulikus henger nagy terhel\u00e9seknek \u00e9s ig\u00e9nyes alkalmaz\u00e1soknak is ellen\u00e1ll.<\/p>\n<p>F\u0151bb jellemz\u0151k:<br \/>\n1. Nagy teljes\u00edtm\u00e9ny\u0171 dugatty\u00fa: A kis dugatty\u00fas kialak\u00edt\u00e1s hat\u00e9kony \u00e9s megb\u00edzhat\u00f3 hidraulikus m\u0171k\u00f6d\u00e9st biztos\u00edt, sima \u00e9s prec\u00edz mozg\u00e1st biztos\u00edtva.<br \/>\n2. Tart\u00f3s konstrukci\u00f3: Kiv\u00e1l\u00f3 min\u0151s\u00e9g\u0171 anyagokb\u00f3l k\u00e9sz\u00fclt, ez a hidraulikus henger kiv\u00e9teles szil\u00e1rds\u00e1got \u00e9s hossz\u00fa \u00e9lettartamot k\u00edn\u00e1l, \u00edgy biztos\u00edtva a hossz\u00fa t\u00e1v\u00fa teljes\u00edtm\u00e9nyt extr\u00e9m k\u00f6r\u00fclm\u00e9nyek k\u00f6z\u00f6tt.<br \/>\n3. Fokozott biztons\u00e1g: Fejlett biztons\u00e1gi int\u00e9zked\u00e9sekkel, p\u00e9ld\u00e1ul t\u00falterhel\u00e9sv\u00e9delemmel \u00e9s nyom\u00e1scs\u00f6kkent\u0151 szelepekkel felszerelve ez a hidraulikus munkahenger biztons\u00e1gos \u00e9s megb\u00edzhat\u00f3 m\u0171k\u00f6d\u00e9st garant\u00e1l.<br \/>\n4. K\u00f6nny\u0171 telep\u00edt\u00e9s: A 10029-es cs\u00facskateg\u00f3ri\u00e1s kis dugatty\u00fas hidraulikus henger felhaszn\u00e1l\u00f3bar\u00e1t kialak\u00edt\u00e1s\u00fa, \u00edgy gondtalanul telep\u00edthet\u0151 \u00e9s kompatibilis a k\u00fcl\u00f6nf\u00e9le p\u00f3tkocsi-modellekkel.<br \/>\n5. Sokoldal\u00fa alkalmaz\u00e1sok: Ez a hidraulikus henger sz\u00e9les k\u00f6r\u0171 p\u00f3tkocsi-alkalmaz\u00e1sokhoz alkalmas, bele\u00e9rtve a mez\u0151gazdas\u00e1gi, \u00e9p\u00edt\u0151ipari \u00e9s ipari szektorokat.<\/p>\n<p><img loading=\"lazy\" decoding=\"async\" class=\"alignnone size-full wp-image-1073\" src=\"https:\/\/fmp-components.com\/wp-content\/uploads\/2024\/12\/Welded-Clevis-Type-Cylinder2.webp\" alt=\"Hegesztett vill\u00e1s henger\" width=\"800\" height=\"800\" title=\"\" srcset=\"https:\/\/fmp-components.com\/wp-content\/uploads\/2024\/12\/Welded-Clevis-Type-Cylinder2.webp 800w, https:\/\/fmp-components.com\/wp-content\/uploads\/2024\/12\/Welded-Clevis-Type-Cylinder2-480x480.webp 480w\" sizes=\"(min-width: 0px) and (max-width: 480px) 480px, (min-width: 481px) 800px, 100vw\" \/><\/p>\n<p>El\u0151ny\u00f6k:<br \/>\n1. Megn\u00f6velt hat\u00e9konys\u00e1g: A hidraulikus henger prec\u00edz \u00e9s sima m\u0171k\u00f6d\u00e9se fokozott termel\u00e9kenys\u00e9get biztos\u00edt, cs\u00f6kkenti az \u00e1ll\u00e1sid\u0151t \u00e9s jav\u00edtja az \u00e1ltal\u00e1nos hat\u00e9konys\u00e1got.<br \/>\n2. Tov\u00e1bbfejlesztett teljes\u00edtm\u00e9ny: Kiv\u00e1l\u00f3 kialak\u00edt\u00e1s\u00e1nak \u00e9s fejlett funkci\u00f3inak k\u00f6sz\u00f6nhet\u0151en ez a hidraulikus henger kiv\u00e1l\u00f3 teljes\u00edtm\u00e9nyt ny\u00fajt, lehet\u0151v\u00e9 t\u00e9ve a p\u00f3tkocsik sz\u00e1m\u00e1ra, hogy k\u00f6nnyed\u00e9n kezelj\u00e9k a neh\u00e9z terheket.<br \/>\n3. Fokozott biztons\u00e1g: A biztons\u00e1gi int\u00e9zked\u00e9sek be\u00e9p\u00edt\u00e9se biztos\u00edtja mind a szem\u00e9lyzet, mind a berendez\u00e9sek v\u00e9delm\u00e9t, minimaliz\u00e1lva a balesetek \u00e9s k\u00e1rok kock\u00e1zat\u00e1t.<br \/>\n4. Hossz\u00fa \u00e9lettartam: A hidraulikus henger tart\u00f3s konstrukci\u00f3ja hossz\u00fa \u00e9lettartamot garant\u00e1l, k\u00f6lts\u00e9ghat\u00e9kony megold\u00e1st k\u00edn\u00e1lva a p\u00f3tkocsi-tulajdonosok sz\u00e1m\u00e1ra.<br \/>\n5. Sokoldal\u00fas\u00e1g: A 10029-es cs\u00facskateg\u00f3ri\u00e1s kis dugatty\u00fas hidraulikus henger k\u00fcl\u00f6nf\u00e9le p\u00f3tkocsi-modellekkel kompatibilis, \u00edgy sokoldal\u00fa v\u00e1laszt\u00e1st k\u00edn\u00e1l k\u00fcl\u00f6nb\u00f6z\u0151 alkalmaz\u00e1sokhoz.<\/p>\n<p>A 10029-es High End kisdugatty\u00fas hidraulikus henger egy cs\u00facskateg\u00f3ri\u00e1s term\u00e9k, amelyet kifejezetten p\u00f3tkocsikhoz terveztek. Kiv\u00e9teles teljes\u00edtm\u00e9ny\u00e9vel, tart\u00f3ss\u00e1g\u00e1val \u00e9s biztons\u00e1gi jellemz\u0151ivel ez a hidraulikus henger megb\u00edzhat\u00f3 \u00e9s hat\u00e9kony megold\u00e1st k\u00edn\u00e1l k\u00fcl\u00f6nf\u00e9le p\u00f3tkocsi-alkalmaz\u00e1sokhoz.<\/p>\n<h2>A hegesztett vill\u00e1s henger el\u0151nyei<\/h2>\n<p>A hegesztett vill\u00e1shengerek n\u00e9pszer\u0171 v\u00e1laszt\u00e1snak bizonyulnak sz\u00e1mos ipari alkalmaz\u00e1sban egyedi el\u0151nyeik \u00e9s hasznuk miatt. \u00cdme a hegesztett vill\u00e1shengerek n\u00e9h\u00e1ny f\u0151 el\u0151nye:<\/p>\n<h3>1. Fokozott szil\u00e1rds\u00e1g \u00e9s tart\u00f3ss\u00e1g<\/h3>\n<p>A hegesztett vill\u00e1s hengerek hegesztett v\u00e9gz\u00e1r\u00f3val k\u00e9sz\u00fclnek, ami nagyobb szil\u00e1rds\u00e1got \u00e9s tart\u00f3ss\u00e1got biztos\u00edt m\u00e1s t\u00edpus\u00fa hengerekhez k\u00e9pest. Ez ide\u00e1liss\u00e1 teszi \u0151ket nagy ig\u00e9nybev\u00e9tel\u0171 alkalmaz\u00e1sokhoz, amelyek nagyfok\u00fa szil\u00e1rds\u00e1got \u00e9s tart\u00f3ss\u00e1got ig\u00e9nyelnek.<\/p>\n<p>Ezenk\u00edv\u00fcl ezeknek a hengereknek a hegesztett kialak\u00edt\u00e1sa azt jelenti, hogy kisebb a sziv\u00e1rg\u00e1s vagy a meghib\u00e1sod\u00e1s val\u00f3sz\u00edn\u0171s\u00e9ge, ami seg\u00edthet cs\u00f6kkenteni az \u00e1ll\u00e1sid\u0151t \u00e9s a karbantart\u00e1si k\u00f6lts\u00e9geket.<\/p>\n<h3>2. Nagy nyom\u00e1s kezel\u00e9s\u00e9nek k\u00e9pess\u00e9ge<\/h3>\n<p>A hegesztett kengyeles hengerek nagy nyom\u00e1s\u00fa alkalmaz\u00e1sokhoz is alkalmasak, \u00edgy n\u00e9pszer\u0171 v\u00e1laszt\u00e1snak sz\u00e1m\u00edtanak olyan ipar\u00e1gakban, mint az \u00e9p\u00edt\u0151ipar, a b\u00e1ny\u00e1szat, valamint az olaj- \u00e9s g\u00e1zipar. A nagy nyom\u00e1st\u0171r\u0151 k\u00e9pess\u00e9g\u00fck megb\u00edzhat\u00f3 teljes\u00edtm\u00e9nyt biztos\u00edt ig\u00e9nyes k\u00f6rnyezetben.<\/p>\n<h3>3. Testreszabhat\u00f3 diz\u00e1jn<\/h3>\n<p>A hegesztett vill\u00e1s hengerek egyedi tervez\u00e9s\u0171ek, hogy megfeleljenek egy adott alkalmaz\u00e1s ig\u00e9nyeinek. Ez azt jelenti, hogy egy adott m\u00e9rethez, alakhoz vagy teljes\u00edtm\u00e9nyk\u00f6vetelm\u00e9nyhez igaz\u00edthat\u00f3k. A testreszabhat\u00f3 kialak\u00edt\u00e1s nagyobb rugalmass\u00e1got is biztos\u00edt a gy\u00e1rt\u00e1si folyamatban, ami k\u00f6lts\u00e9gmegtakar\u00edt\u00e1shoz vezethet.<\/p>\n<h3>4. K\u00f6nny\u0171 telep\u00edt\u00e9s<\/h3>\n<p>A hegesztett vill\u00e1s hengerek k\u00f6nnyen telep\u00edthet\u0151k, ami seg\u00edt cs\u00f6kkenteni a be\u00e1ll\u00edt\u00e1si id\u0151t \u00e9s a munkak\u00f6lts\u00e9geket. \u00c1ltal\u00e1ban el\u0151re \u00f6sszeszereltek \u00e9s haszn\u00e1latra k\u00e9szek a dobozb\u00f3l kiv\u00e9ve, ami minimaliz\u00e1lja a tov\u00e1bbi alkatr\u00e9szek vagy komponensek sz\u00fcks\u00e9gess\u00e9g\u00e9t.<\/p>\n<h3>5. Jav\u00edtott teljes\u00edtm\u00e9ny<\/h3>\n<p>A hegesztett vill\u00e1s hengerek kialak\u00edt\u00e1sa jobb teljes\u00edtm\u00e9nyt tesz lehet\u0151v\u00e9 m\u00e1s t\u00edpus\u00fa hengerekhez k\u00e9pest. Nyom\u00e1segys\u00e9gre vet\u00edtve nagyobb er\u0151t tudnak el\u0151\u00e1ll\u00edtani, ami seg\u00edthet jav\u00edtani a hat\u00e9konys\u00e1got \u00e9s a termel\u00e9kenys\u00e9get az ipari alkalmaz\u00e1sokban.<\/p>\n<p>\u00d6sszess\u00e9g\u00e9ben a hegesztett vill\u00e1s hengerek sz\u00e1mos el\u0151nnyel \u00e9s hasznal rendelkeznek, amelyek n\u00e9pszer\u0171v\u00e9 teszik \u0151ket sz\u00e1mos ipari alkalmaz\u00e1sban. Megn\u00f6velt szil\u00e1rds\u00e1guk \u00e9s tart\u00f3ss\u00e1guk, nagy nyom\u00e1st\u0171r\u0151 k\u00e9pess\u00e9g\u00fck, testreszabhat\u00f3 kialak\u00edt\u00e1suk, egyszer\u0171 telep\u00edt\u00e9s\u00fck \u00e9s jobb teljes\u00edtm\u00e9ny\u00fck ide\u00e1lis v\u00e1laszt\u00e1ss\u00e1 teszi \u0151ket ig\u00e9nyes k\u00f6rnyezetekben, ahol a megb\u00edzhat\u00f3s\u00e1g \u00e9s a teljes\u00edtm\u00e9ny kulcsfontoss\u00e1g\u00fa.<\/p>\n<h2>Hegesztett Clevis t\u00edpus\u00fa henger alkalmaz\u00e1sa<\/h2>\n<ul>\n<li><strong>Ipari g\u00e9pek:<\/strong> A hegesztett vill\u00e1s hengereket sz\u00e9les k\u00f6rben haszn\u00e1lj\u00e1k k\u00fcl\u00f6nf\u00e9le ipari g\u00e9pekben nagy teherb\u00edr\u00e1s\u00fa alkalmaz\u00e1sokhoz. Ezek a hengerek nagy er\u0151kifejt\u00e9sre k\u00e9pesek a g\u00e9pek alkatr\u00e9szeinek emel\u00e9s\u00e9hez \u00e9s pr\u00e9sel\u00e9s\u00e9hez. A hegesztett vill\u00e1s kialak\u00edt\u00e1s lehet\u0151v\u00e9 teszi a k\u00f6nny\u0171 telep\u00edt\u00e9st \u00e9s a hat\u00e9kony m\u0171k\u00f6d\u00e9st, \u00edgy n\u00e9pszer\u0171 v\u00e1laszt\u00e1s a gy\u00e1rt\u00f3k sz\u00e1m\u00e1ra.\n<ul>\n<li>A feldolgoz\u00f3iparban a hegesztett vill\u00e1shengereket hidraulikus pr\u00e9sekben, fr\u00f6ccs\u00f6nt\u0151 g\u00e9pekben \u00e9s f\u00e9msajtol\u00f3 berendez\u00e9sekben haszn\u00e1lj\u00e1k a f\u00e9mlemezek alak\u00edt\u00e1s\u00e1hoz \u00e9s alak\u00edt\u00e1s\u00e1hoz sz\u00fcks\u00e9ges er\u0151 biztos\u00edt\u00e1s\u00e1ra.<\/li>\n<li>Az aut\u00f3iparban ezeket a munkahengereket aut\u00f3emel\u0151kben, felvon\u00f3kban \u00e9s \u00f6sszeszerel\u0151 g\u00e9pekben haszn\u00e1lj\u00e1k neh\u00e9z alkatr\u00e9szek emel\u00e9s\u00e9re a gy\u00e1rt\u00e1si folyamat sor\u00e1n.<\/li>\n<li>Az \u00e9p\u00edt\u0151iparban hegesztett vill\u00e1s hengereket haszn\u00e1lnak darukban, kotr\u00f3g\u00e9pekben \u00e9s buld\u00f3zerekben a neh\u00e9z terheket emel\u0151 \u00e9s mozgat\u00f3 hidraulikus rendszerek m\u0171k\u00f6dtet\u00e9s\u00e9re.<\/li>\n<\/ul>\n<\/li>\n<li><strong>Mez\u0151gazdas\u00e1gi g\u00e9pek:<\/strong> A mez\u0151gazdas\u00e1gi g\u00e9pek az egyik legfontosabb ter\u00fclet, ahol a hegesztett vill\u00e1s hengereket haszn\u00e1lj\u00e1k. Ezeket a hengereket k\u00fcl\u00f6nf\u00e9le mez\u0151gazdas\u00e1gi g\u00e9pekben, bele\u00e9rtve a traktorokat, betakar\u00edt\u00f3g\u00e9peket \u00e9s ek\u00e9ket, haszn\u00e1lj\u00e1k a talaj-el\u0151k\u00e9sz\u00edt\u00e9shez, \u00fcltet\u00e9shez \u00e9s betakar\u00edt\u00e1shoz sz\u00fcks\u00e9ges er\u0151 biztos\u00edt\u00e1s\u00e1ra.\n<ul>\n<li>A mez\u0151gazdas\u00e1gban a hegesztett vill\u00e1s hengereket ek\u00e9kben, kultiv\u00e1torokban \u00e9s vet\u0151g\u00e9pekben haszn\u00e1lj\u00e1k a talaj-el\u0151k\u00e9sz\u00edt\u00e9shez \u00e9s a vet\u0151mag \u00fcltet\u00e9s\u00e9hez sz\u00fcks\u00e9ges er\u0151 biztos\u00edt\u00e1s\u00e1ra.<\/li>\n<li>A betakar\u00edt\u00f3iparban ezeket a hengereket betakar\u00edt\u00f3g\u00e9pekben, b\u00e1l\u00e1z\u00f3kban \u00e9s f\u0171ny\u00edr\u00f3kban haszn\u00e1lj\u00e1k a term\u00e9nyt \u00f6sszegy\u0171jt\u0151 \u00e9s sz\u00e1ll\u00edt\u00f3 hidraulikus rendszerek m\u0171k\u00f6dtet\u00e9s\u00e9re.<\/li>\n<\/ul>\n<\/li>\n<li><strong>Rep\u00fcl\u00e9s \u00e9s v\u00e9delem:<\/strong> A hegesztett Clevis t\u00edpus\u00fa hengereket a rep\u00fcl\u0151g\u00e9piparban \u00e9s a v\u00e9delmi iparban is haszn\u00e1lj\u00e1k, ahol sz\u00e9les k\u00f6rben alkalmazz\u00e1k rep\u00fcl\u0151g\u00e9pekhez, rak\u00e9t\u00e1khoz, rak\u00e9t\u00e1khoz \u00e9s v\u00e9delmi rendszerekhez.\n<ul>\n<li>A rep\u00fcl\u0151g\u00e9piparban hegesztett vill\u00e1shengereket haszn\u00e1lnak rep\u00fcl\u0151g\u00e9pek fut\u00f3m\u0171veiben, f\u00e9ksz\u00e1rnyaiban \u00e9s f\u00e9keiben, hogy biztos\u00edts\u00e1k a sz\u00fcks\u00e9ges er\u0151t a felsz\u00e1ll\u00e1shoz \u00e9s lesz\u00e1ll\u00e1shoz.<\/li>\n<li>A v\u00e9delmi iparban ezeket a hengereket rak\u00e9tavet\u0151kben, l\u00f6vegtornyokban \u00e9s harckocsirendszerekben haszn\u00e1lj\u00e1k a fegyverek \u00e9s l\u0151szerek mozg\u00e1s\u00e1t szab\u00e1lyoz\u00f3 hidraulikus rendszerek m\u0171k\u00f6dtet\u00e9s\u00e9re.<\/li>\n<\/ul>\n<\/li>\n<li><strong>Tenger\u00e9szeti ipar:<\/strong> A hegesztett vill\u00e1s hengereket sz\u00e9les k\u00f6rben haszn\u00e1lj\u00e1k a tenger\u00e9szeti iparban is, ahol haj\u00f3khoz, cs\u00f3nakokhoz \u00e9s v\u00edz alatti j\u00e1rm\u0171vekhez k\u00fcl\u00f6nf\u00e9le alkalmaz\u00e1sokban haszn\u00e1lj\u00e1k \u0151ket.\n<ul>\n<li>A haj\u00f3z\u00e1si iparban hegesztett vill\u00e1s hengereket haszn\u00e1lnak darukban, cs\u00f6rl\u0151kben \u00e9s rakom\u00e1nykezel\u0151 berendez\u00e9sekben, hogy biztos\u00edts\u00e1k a sz\u00fcks\u00e9ges er\u0151t a rakom\u00e1ny be- \u00e9s kirakod\u00e1s\u00e1hoz.<\/li>\n<li>A haj\u00f3z\u00e1si iparban ezeket a hengereket korm\u00e1nyrendszerekben, haj\u00f3csavarokban \u00e9s horgonyrendszerekben haszn\u00e1lj\u00e1k, hogy biztos\u00edts\u00e1k a sz\u00fcks\u00e9ges er\u0151t a haj\u00f3k \u00e9s haj\u00f3k mozg\u00e1s\u00e1nak szab\u00e1lyoz\u00e1s\u00e1hoz.<\/li>\n<li>A v\u00edz alatti j\u00e1rm\u0171iparban hegesztett vill\u00e1shengereket haszn\u00e1lnak mer\u00fcl\u0151haj\u00f3kban, t\u00e1vir\u00e1ny\u00edt\u00e1s\u00fa j\u00e1rm\u0171vekben (ROV) \u00e9s b\u00fav\u00e1rfelszerel\u00e9sekben, hogy biztos\u00edts\u00e1k a v\u00edz alatti m\u0171veletekhez sz\u00fcks\u00e9ges er\u0151t.<\/li>\n<\/ul>\n<\/li>\n<li><strong>B\u00e1nyaipar:<\/strong> A hegesztett vill\u00e1s hengereket a b\u00e1ny\u00e1szati \u200b\u200biparban is haszn\u00e1lj\u00e1k, ahol \u00e1sv\u00e1nykincsek kitermel\u00e9s\u00e9re \u00e9s anyagmozgat\u00e1sra k\u00fcl\u00f6nf\u00e9le alkalmaz\u00e1sokban alkalmazz\u00e1k \u0151ket.\n<ul>\n<li>A b\u00e1ny\u00e1szati \u200b\u200biparban a hegesztett vill\u00e1s hengereket sz\u00e1ll\u00edt\u00f3szalag-rendszerekben, f\u00far\u00f3g\u00e9pekben \u00e9s hidraulikus lap\u00e1tokban haszn\u00e1lj\u00e1k, hogy biztos\u00edts\u00e1k a sz\u00fcks\u00e9ges er\u0151t az \u00e1sv\u00e1nyok \u00e9s anyagok b\u00e1ny\u00e1kb\u00f3l \u00e9s k\u0151b\u00e1ny\u00e1kb\u00f3l t\u00f6rt\u00e9n\u0151 kinyer\u00e9s\u00e9hez.<\/li>\n<\/ul>\n<\/li>\n<\/ul>\n<h2>Az FMP-r\u0151l<\/h2>\n<p>Az FMP vezet\u0151 v\u00e1llalat az olasz mobil munkag\u00e9pek hidraulikus hengereinek piac\u00e1n. Term\u00e9keink k\u00f6z\u00e9 tartoznak a hidraulikus billen\u0151hengerek, hidraulikus korm\u00e1nyhengerek \u00e9s hidraulikus emel\u0151hengerek. 200 000 darabos tervez\u00e9si kapacit\u00e1ssal rendelkez\u00fcnk, amelyb\u0151l 300 darab k\u00fcl\u00f6nf\u00e9le t\u00edpus\u00fa, teljesen automata CNC gy\u00e1rt\u00f3berendez\u00e9ssel \u00e9s teljesen automata hidraulikus henger \u00f6sszeszerel\u0151 berendez\u00e9ssel rendelkez\u00fcnk. Elk\u00f6telezettek vagyunk a min\u0151s\u00e9gi term\u00e9kek, a megfizethet\u0151 \u00e1rak \u00e9s a kiv\u00e1l\u00f3 szolg\u00e1ltat\u00e1s biztos\u00edt\u00e1sa ir\u00e1nt.<\/p>\n<p>Hidraulikus hengereink mellett sz\u00e1ll\u00edtunk munka\u00e1llv\u00e1ny-hengereket, ipari j\u00e1rm\u0171vek hidraulikus hengereit, forg\u00f3f\u00far\u00f3tornyok hengereit, teheraut\u00f3-daru hengereit, \u00e9p\u00edt\u0151ipari g\u00e9pek hidraulikus hengereit is. <b>Targonca hidraulikus hengerek<\/b>, b\u00e1ny\u00e1szati \u200b\u200bd\u00f6mperek hengerei \u00e9s k\u00f6rnyezetv\u00e9delmi hidraulikus g\u00e9pek hidraulikus hengerei. Szeretettel v\u00e1rjuk \u00fcgyfeleinket, hogy ig\u00e9nyeik alapj\u00e1n testreszabj\u00e1k megrendel\u00e9seiket.<\/p>\n<p><img decoding=\"async\" src=\"https:\/\/hzpt.com\/wp-content\/uploads\/2023\/12\/insert-5.webp\" alt=\"Gy\u00e1ri k\u00e9p\" title=\"\"><\/p>\n<h2>K\u00e9rd\u00e9sek \u00e9s v\u00e1laszok<\/h2>\n<ol>\n<li>K: Mi az a hidraulikus henger? V: A hidraulikus henger egy mechanikus m\u0171k\u00f6dtet\u0151, amely line\u00e1ris er\u0151t biztos\u00edt line\u00e1ris l\u00f6keten kereszt\u00fcl.<\/li>\n<li>K: Mi a hidraulikus henger funkci\u00f3ja egy traktorban? V: Seg\u00edt a traktor mozg\u00e1s\u00e1nak szab\u00e1lyoz\u00e1s\u00e1ban.<\/li>\n<li>K: Melyek az FMP hidraulikus hengereinek egyedi jellemz\u0151i? V: Energiatakar\u00e9kosak, rendk\u00edv\u00fcl hat\u00e9konyak \u00e9s biztons\u00e1gosan haszn\u00e1lhat\u00f3k.<\/li>\n<li>K: Hogyan kell karbantartani egy hidraulikus hengert? V: A rendszeres karbantart\u00e1s mag\u00e1ban foglalja a sziv\u00e1rg\u00e1sok ellen\u0151rz\u00e9s\u00e9t \u00e9s a hidraulikaolaj tisztas\u00e1g\u00e1nak biztos\u00edt\u00e1s\u00e1t.<\/li>\n<li>K: Testreszabhatom a rendel\u00e9semet? V: Igen, \u00f6r\u00f6mmel fogadjuk az \u00fcgyfeleket, hogy ig\u00e9nyeik szerint szabj\u00e1k testre a rendel\u00e9seiket.<\/li>\n<\/ol>\n<p>Szerz\u0151: CX<\/p>","protected":false},"excerpt":{"rendered":"<p>Product Name: 10029 High End Small Piston Hydraulic Cylinder For Trailer Product Description: The 10029 High End Small Piston Hydraulic Cylinder is a top-of-the-line hydraulic cylinder designed specifically for trailers. With its robust construction and advanced features, this hydraulic cylinder is built to withstand heavy loads and demanding applications. Key Features: 1. High-Performance Piston: The [&hellip;]<\/p>","protected":false},"featured_media":1127,"comment_status":"closed","ping_status":"closed","template":"","meta":{"_et_pb_use_builder":"","_et_pb_old_content":"","_et_gb_content_width":""},"product_brand":[],"product_cat":[36],"product_tag":[34,38],"class_list":{"0":"post-1037","1":"product","2":"type-product","3":"status-publish","4":"has-post-thumbnail","6":"product_cat-welded-clevis-type-cylinder","7":"product_tag-hydraulic-cylinder","8":"product_tag-welded-clevis-type-cylinder","10":"first","11":"instock","12":"product-type-simple"},"_links":{"self":[{"href":"https:\/\/fmp-components.com\/hu\/wp-json\/wp\/v2\/product\/1037","targetHints":{"allow":["GET"]}}],"collection":[{"href":"https:\/\/fmp-components.com\/hu\/wp-json\/wp\/v2\/product"}],"about":[{"href":"https:\/\/fmp-components.com\/hu\/wp-json\/wp\/v2\/types\/product"}],"replies":[{"embeddable":true,"href":"https:\/\/fmp-components.com\/hu\/wp-json\/wp\/v2\/comments?post=1037"}],"wp:featuredmedia":[{"embeddable":true,"href":"https:\/\/fmp-components.com\/hu\/wp-json\/wp\/v2\/media\/1127"}],"wp:attachment":[{"href":"https:\/\/fmp-components.com\/hu\/wp-json\/wp\/v2\/media?parent=1037"}],"wp:term":[{"taxonomy":"product_brand","embeddable":true,"href":"https:\/\/fmp-components.com\/hu\/wp-json\/wp\/v2\/product_brand?post=1037"},{"taxonomy":"product_cat","embeddable":true,"href":"https:\/\/fmp-components.com\/hu\/wp-json\/wp\/v2\/product_cat?post=1037"},{"taxonomy":"product_tag","embeddable":true,"href":"https:\/\/fmp-components.com\/hu\/wp-json\/wp\/v2\/product_tag?post=1037"}],"curies":[{"name":"munkaf\u00fczet","href":"https:\/\/api.w.org\/{rel}","templated":true}]}}