{"id":1034,"date":"2024-12-19T06:17:09","date_gmt":"2024-12-19T06:17:09","guid":{"rendered":"https:\/\/fmp-components.com\/product\/10026-hot-selling-agricultural-hydraulic-double-acting-cylinder-for-tractor\/"},"modified":"2024-12-26T08:51:35","modified_gmt":"2024-12-26T08:51:35","slug":"10026-hot-selling-agricultural-hydraulic-double-acting-cylinder-for-tractor","status":"publish","type":"product","link":"https:\/\/fmp-components.com\/hu\/product\/10026-hot-selling-agricultural-hydraulic-double-acting-cylinder-for-tractor\/","title":{"rendered":"10026 Forr\u00f3n eladott mez\u0151gazdas\u00e1gi hidraulikus kett\u0151s m\u0171k\u00f6d\u00e9s\u0171 henger traktorhoz"},"content":{"rendered":"<h2>10026-os term\u00e9k, nagykereskedelmi mez\u0151gazdas\u00e1gi hidraulikus kett\u0151s m\u0171k\u00f6d\u00e9s\u0171 henger traktorhoz:<\/h2>\n<p>A 10026-os sz\u00e1m\u00fa, n\u00e9pszer\u0171 mez\u0151gazdas\u00e1gi hidraulikus kett\u0151s m\u0171k\u00f6d\u00e9s\u0171 henger egy kiv\u00e1l\u00f3 min\u0151s\u00e9g\u0171 \u00e9s hat\u00e9kony hidraulikus alkatr\u00e9sz, amelyet kifejezetten traktorokhoz terveztek. Ez a henger a prec\u00edzi\u00f3t \u00e9s a tart\u00f3ss\u00e1got szem el\u0151tt tartva k\u00e9sz\u00fclt, \u00edgy kiv\u00e1l\u00f3 v\u00e1laszt\u00e1s mez\u0151gazdas\u00e1gi alkalmaz\u00e1sokhoz.<\/p>\n<p>F\u0151bb jellemz\u0151k:<br \/>\n1. Kett\u0151s m\u0171k\u00f6d\u00e9s\u0171 kialak\u00edt\u00e1s: A henger \u00fagy van kialak\u00edtva, hogy mind nyom\u00f3-, mind h\u00faz\u00f3er\u0151t biztos\u00edtson, \u00edgy sokoldal\u00fabb \u00e9s hat\u00e9konyabb m\u0171k\u00f6d\u00e9st tesz lehet\u0151v\u00e9.<br \/>\n2. Hidraulikus er\u0151: A hidraulikafolyad\u00e9k seg\u00edts\u00e9g\u00e9vel ez a henger jelent\u0151s er\u0151t k\u00e9pes kifejteni, \u00edgy alkalmass\u00e1 teszi neh\u00e9z feladatok elv\u00e9gz\u00e9s\u00e9re.<br \/>\n3. Robusztus konstrukci\u00f3: A hengert \u00fagy tervezt\u00e9k, hogy ellen\u00e1lljon a zord mez\u0151gazdas\u00e1gi k\u00f6rnyezetnek, \u00edgy megb\u00edzhat\u00f3 teljes\u00edtm\u00e9nyt biztos\u00edt m\u00e9g kih\u00edv\u00e1st jelent\u0151 k\u00f6r\u00fclm\u00e9nyek k\u00f6z\u00f6tt is.<br \/>\n4. K\u00f6nny\u0171 telep\u00edt\u00e9s: A k\u00e9nyelmes telep\u00edt\u00e9sre tervezett henger gyorsan integr\u00e1lhat\u00f3 a traktorrendszerekbe jelent\u0151s m\u00f3dos\u00edt\u00e1sok n\u00e9lk\u00fcl.<br \/>\n5. Fokozott hat\u00e9konys\u00e1g: Az\u00e1ltal, hogy nagy teljes\u00edtm\u00e9ny\u0171 \u00e9s prec\u00edz hidraulikus er\u0151t biztos\u00edt, ez a henger n\u00f6veli a traktor m\u0171k\u00f6d\u00e9s\u00e9nek \u00e1ltal\u00e1nos hat\u00e9konys\u00e1g\u00e1t, id\u0151t \u00e9s energi\u00e1t takar\u00edtva meg.<\/p>\n<p>Alkalmaz\u00e1sok:<br \/>\nA 10026-os n\u00e9pszer\u0171 mez\u0151gazdas\u00e1gi hidraulikus kett\u0151s m\u0171k\u00f6d\u00e9s\u0171 henger ide\u00e1lis k\u00fcl\u00f6nf\u00e9le mez\u0151gazdas\u00e1gi feladatokhoz, bele\u00e9rtve:<br \/>\n1. Munkag\u00e9p kezel\u00e9se: Olyan kieg\u00e9sz\u00edt\u0151k kezel\u00e9s\u00e9re haszn\u00e1lhat\u00f3, mint az ek\u00e9k, boron\u00e1k \u00e9s talajmar\u00f3, biztos\u00edtva a hat\u00e9kony talaj-el\u0151k\u00e9sz\u00edt\u00e9shez sz\u00fcks\u00e9ges er\u0151t.<br \/>\n2. Emel\u00e9s \u00e9s s\u00fcllyeszt\u00e9s: Ez a munkahenger neh\u00e9z terhek emel\u00e9s\u00e9re \u00e9s s\u00fcllyeszt\u00e9s\u00e9re haszn\u00e1lhat\u00f3, megk\u00f6nny\u00edtve az olyan feladatokat, mint az anyagok be- \u00e9s kirakod\u00e1sa.<br \/>\n3. Korm\u00e1nyr\u00e1seg\u00edt\u00e9s: A traktor korm\u00e1nyrendszer\u00e9vel integr\u00e1lva ez a henger fokozott korm\u00e1nyz\u00e1si vez\u00e9rl\u00e9st biztos\u00edt, \u00edgy k\u00f6nnyebb a man\u0151verez\u00e9s sz\u0171k helyeken.<br \/>\n4. Egy\u00e9b mez\u0151gazdas\u00e1gi alkalmaz\u00e1sok: Olyan ter\u00fcleteken is haszn\u00e1lhat\u00f3, mint a vet\u00e9s, a n\u00f6v\u00e9nyi permetez\u00e9s \u00e9s a sz\u00e9nab\u00e1l\u00e1z\u00e1s, ahol hidraulikus er\u0151re van sz\u00fcks\u00e9g.<\/p>\n<p>\u00d6sszefoglalva, a 10026-os n\u00e9pszer\u0171 mez\u0151gazdas\u00e1gi hidraulikus kett\u0151s m\u0171k\u00f6d\u00e9s\u0171 henger egy megb\u00edzhat\u00f3 \u00e9s hat\u00e9kony hidraulikus alkatr\u00e9sz, amely fokozza a traktorok teljes\u00edtm\u00e9ny\u00e9t k\u00fcl\u00f6nf\u00e9le mez\u0151gazdas\u00e1gi feladatokban. Robusztus fel\u00e9p\u00edt\u00e9s\u00e9nek \u00e9s sokoldal\u00fa kialak\u00edt\u00e1s\u00e1nak k\u00f6sz\u00f6nhet\u0151en a sz\u00fcks\u00e9ges er\u0151t \u00e9s pontoss\u00e1got biztos\u00edtja a mez\u0151gazdas\u00e1gi \u00e1gazat sz\u00e9les k\u00f6r\u0171 alkalmaz\u00e1saihoz.<\/p>\n<p><img decoding=\"async\" src=\"https:\/\/hzpt.com\/wp-content\/uploads\/2023\/12\/insert-4.webp?v=1694163707\" alt=\"\" title=\"\"><\/p>\n<h2>A hegesztett vill\u00e1s henger el\u0151nyei<\/h2>\n<p>A hegesztett vill\u00e1shengerek n\u00e9pszer\u0171 v\u00e1laszt\u00e1snak bizonyulnak sz\u00e1mos ipari alkalmaz\u00e1sban egyedi el\u0151nyeik \u00e9s hasznuk miatt. \u00cdme a hegesztett vill\u00e1shengerek n\u00e9h\u00e1ny f\u0151 el\u0151nye:<\/p>\n<h3>1. Fokozott szil\u00e1rds\u00e1g \u00e9s tart\u00f3ss\u00e1g<\/h3>\n<p>A hegesztett vill\u00e1s hengerek hegesztett v\u00e9gz\u00e1r\u00f3val k\u00e9sz\u00fclnek, ami nagyobb szil\u00e1rds\u00e1got \u00e9s tart\u00f3ss\u00e1got biztos\u00edt m\u00e1s t\u00edpus\u00fa hengerekhez k\u00e9pest. Ez ide\u00e1liss\u00e1 teszi \u0151ket nagy ig\u00e9nybev\u00e9tel\u0171 alkalmaz\u00e1sokhoz, amelyek nagyfok\u00fa szil\u00e1rds\u00e1got \u00e9s tart\u00f3ss\u00e1got ig\u00e9nyelnek.<\/p>\n<p>Ezenk\u00edv\u00fcl ezeknek a hengereknek a hegesztett kialak\u00edt\u00e1sa azt jelenti, hogy kisebb a sziv\u00e1rg\u00e1s vagy a meghib\u00e1sod\u00e1s val\u00f3sz\u00edn\u0171s\u00e9ge, ami seg\u00edthet cs\u00f6kkenteni az \u00e1ll\u00e1sid\u0151t \u00e9s a karbantart\u00e1si k\u00f6lts\u00e9geket.<\/p>\n<h3>2. Nagy nyom\u00e1s kezel\u00e9s\u00e9nek k\u00e9pess\u00e9ge<\/h3>\n<p>A hegesztett kengyeles hengerek nagy nyom\u00e1s\u00fa alkalmaz\u00e1sokhoz is alkalmasak, \u00edgy n\u00e9pszer\u0171 v\u00e1laszt\u00e1snak sz\u00e1m\u00edtanak olyan ipar\u00e1gakban, mint az \u00e9p\u00edt\u0151ipar, a b\u00e1ny\u00e1szat, valamint az olaj- \u00e9s g\u00e1zipar. A nagy nyom\u00e1st\u0171r\u0151 k\u00e9pess\u00e9g\u00fck megb\u00edzhat\u00f3 teljes\u00edtm\u00e9nyt biztos\u00edt ig\u00e9nyes k\u00f6rnyezetben.<\/p>\n<h3>3. Testreszabhat\u00f3 diz\u00e1jn<\/h3>\n<p>A hegesztett vill\u00e1s hengerek egyedi tervez\u00e9s\u0171ek, hogy megfeleljenek egy adott alkalmaz\u00e1s ig\u00e9nyeinek. Ez azt jelenti, hogy egy adott m\u00e9rethez, alakhoz vagy teljes\u00edtm\u00e9nyk\u00f6vetelm\u00e9nyhez igaz\u00edthat\u00f3k. A testreszabhat\u00f3 kialak\u00edt\u00e1s nagyobb rugalmass\u00e1got is biztos\u00edt a gy\u00e1rt\u00e1si folyamatban, ami k\u00f6lts\u00e9gmegtakar\u00edt\u00e1shoz vezethet.<\/p>\n<h3>4. K\u00f6nny\u0171 telep\u00edt\u00e9s<\/h3>\n<p>A hegesztett vill\u00e1s hengerek k\u00f6nnyen telep\u00edthet\u0151k, ami seg\u00edt cs\u00f6kkenteni a be\u00e1ll\u00edt\u00e1si id\u0151t \u00e9s a munkak\u00f6lts\u00e9geket. \u00c1ltal\u00e1ban el\u0151re \u00f6sszeszereltek \u00e9s haszn\u00e1latra k\u00e9szek a dobozb\u00f3l kiv\u00e9ve, ami minimaliz\u00e1lja a tov\u00e1bbi alkatr\u00e9szek vagy komponensek sz\u00fcks\u00e9gess\u00e9g\u00e9t.<\/p>\n<h3>5. Jav\u00edtott teljes\u00edtm\u00e9ny<\/h3>\n<p>A hegesztett vill\u00e1s hengerek kialak\u00edt\u00e1sa jobb teljes\u00edtm\u00e9nyt tesz lehet\u0151v\u00e9 m\u00e1s t\u00edpus\u00fa hengerekhez k\u00e9pest. Nyom\u00e1segys\u00e9gre vet\u00edtve nagyobb er\u0151t tudnak el\u0151\u00e1ll\u00edtani, ami seg\u00edthet jav\u00edtani a hat\u00e9konys\u00e1got \u00e9s a termel\u00e9kenys\u00e9get az ipari alkalmaz\u00e1sokban.<\/p>\n<p>\u00d6sszess\u00e9g\u00e9ben a hegesztett vill\u00e1s hengerek sz\u00e1mos el\u0151nnyel \u00e9s hasznal rendelkeznek, amelyek n\u00e9pszer\u0171v\u00e9 teszik \u0151ket sz\u00e1mos ipari alkalmaz\u00e1sban. Megn\u00f6velt szil\u00e1rds\u00e1guk \u00e9s tart\u00f3ss\u00e1guk, nagy nyom\u00e1st\u0171r\u0151 k\u00e9pess\u00e9g\u00fck, testreszabhat\u00f3 kialak\u00edt\u00e1suk, egyszer\u0171 telep\u00edt\u00e9s\u00fck \u00e9s jobb teljes\u00edtm\u00e9ny\u00fck ide\u00e1lis v\u00e1laszt\u00e1ss\u00e1 teszi \u0151ket ig\u00e9nyes k\u00f6rnyezetekben, ahol a megb\u00edzhat\u00f3s\u00e1g \u00e9s a teljes\u00edtm\u00e9ny kulcsfontoss\u00e1g\u00fa.<\/p>\n<p><img decoding=\"async\" src=\"https:\/\/hzpt.com\/wp-content\/uploads\/2023\/12\/insert-2.webp\" alt=\"\" title=\"\"><\/p>\n<h2>Hegesztett Clevis t\u00edpus\u00fa henger alkalmaz\u00e1sa<\/h2>\n<ul>\n<li><strong>Ipari g\u00e9pek:<\/strong> A hegesztett vill\u00e1s hengereket sz\u00e9les k\u00f6rben haszn\u00e1lj\u00e1k k\u00fcl\u00f6nf\u00e9le ipari g\u00e9pekben nagy teherb\u00edr\u00e1s\u00fa alkalmaz\u00e1sokhoz. Ezek a hengerek nagy er\u0151kifejt\u00e9sre k\u00e9pesek a g\u00e9pek alkatr\u00e9szeinek emel\u00e9s\u00e9hez \u00e9s pr\u00e9sel\u00e9s\u00e9hez. A hegesztett vill\u00e1s kialak\u00edt\u00e1s lehet\u0151v\u00e9 teszi a k\u00f6nny\u0171 telep\u00edt\u00e9st \u00e9s a hat\u00e9kony m\u0171k\u00f6d\u00e9st, \u00edgy n\u00e9pszer\u0171 v\u00e1laszt\u00e1s a gy\u00e1rt\u00f3k sz\u00e1m\u00e1ra.\n<ul>\n<li>A feldolgoz\u00f3iparban a hegesztett vill\u00e1shengereket hidraulikus pr\u00e9sekben, fr\u00f6ccs\u00f6nt\u0151 g\u00e9pekben \u00e9s f\u00e9msajtol\u00f3 berendez\u00e9sekben haszn\u00e1lj\u00e1k a f\u00e9mlemezek alak\u00edt\u00e1s\u00e1hoz \u00e9s alak\u00edt\u00e1s\u00e1hoz sz\u00fcks\u00e9ges er\u0151 biztos\u00edt\u00e1s\u00e1ra.<\/li>\n<li>Az aut\u00f3iparban ezeket a munkahengereket aut\u00f3emel\u0151kben, felvon\u00f3kban \u00e9s \u00f6sszeszerel\u0151 g\u00e9pekben haszn\u00e1lj\u00e1k neh\u00e9z alkatr\u00e9szek emel\u00e9s\u00e9re a gy\u00e1rt\u00e1si folyamat sor\u00e1n.<\/li>\n<li>Az \u00e9p\u00edt\u0151iparban hegesztett vill\u00e1s hengereket haszn\u00e1lnak darukban, kotr\u00f3g\u00e9pekben \u00e9s buld\u00f3zerekben a neh\u00e9z terheket emel\u0151 \u00e9s mozgat\u00f3 hidraulikus rendszerek m\u0171k\u00f6dtet\u00e9s\u00e9re.<\/li>\n<\/ul>\n<\/li>\n<li><strong>Mez\u0151gazdas\u00e1gi g\u00e9pek:<\/strong> A mez\u0151gazdas\u00e1gi g\u00e9pek az egyik legfontosabb ter\u00fclet, ahol a hegesztett vill\u00e1s hengereket haszn\u00e1lj\u00e1k. Ezeket a hengereket k\u00fcl\u00f6nf\u00e9le mez\u0151gazdas\u00e1gi g\u00e9pekben, bele\u00e9rtve a traktorokat, betakar\u00edt\u00f3g\u00e9peket \u00e9s ek\u00e9ket, haszn\u00e1lj\u00e1k a talaj-el\u0151k\u00e9sz\u00edt\u00e9shez, \u00fcltet\u00e9shez \u00e9s betakar\u00edt\u00e1shoz sz\u00fcks\u00e9ges er\u0151 biztos\u00edt\u00e1s\u00e1ra.\n<ul>\n<li>A mez\u0151gazdas\u00e1gban a hegesztett vill\u00e1s hengereket ek\u00e9kben, kultiv\u00e1torokban \u00e9s vet\u0151g\u00e9pekben haszn\u00e1lj\u00e1k a talaj-el\u0151k\u00e9sz\u00edt\u00e9shez \u00e9s a vet\u0151mag \u00fcltet\u00e9s\u00e9hez sz\u00fcks\u00e9ges er\u0151 biztos\u00edt\u00e1s\u00e1ra.<\/li>\n<li>A betakar\u00edt\u00f3iparban ezeket a hengereket betakar\u00edt\u00f3g\u00e9pekben, b\u00e1l\u00e1z\u00f3kban \u00e9s f\u0171ny\u00edr\u00f3kban haszn\u00e1lj\u00e1k a term\u00e9nyt \u00f6sszegy\u0171jt\u0151 \u00e9s sz\u00e1ll\u00edt\u00f3 hidraulikus rendszerek m\u0171k\u00f6dtet\u00e9s\u00e9re.<\/li>\n<\/ul>\n<\/li>\n<li><strong>Rep\u00fcl\u00e9s \u00e9s v\u00e9delem:<\/strong> A hegesztett Clevis t\u00edpus\u00fa hengereket a rep\u00fcl\u0151g\u00e9piparban \u00e9s a v\u00e9delmi iparban is haszn\u00e1lj\u00e1k, ahol sz\u00e9les k\u00f6rben alkalmazz\u00e1k rep\u00fcl\u0151g\u00e9pekhez, rak\u00e9t\u00e1khoz, rak\u00e9t\u00e1khoz \u00e9s v\u00e9delmi rendszerekhez.\n<ul>\n<li>A rep\u00fcl\u0151g\u00e9piparban hegesztett vill\u00e1shengereket haszn\u00e1lnak rep\u00fcl\u0151g\u00e9pek fut\u00f3m\u0171veiben, f\u00e9ksz\u00e1rnyaiban \u00e9s f\u00e9keiben, hogy biztos\u00edts\u00e1k a sz\u00fcks\u00e9ges er\u0151t a felsz\u00e1ll\u00e1shoz \u00e9s lesz\u00e1ll\u00e1shoz.<\/li>\n<li>A v\u00e9delmi iparban ezeket a hengereket rak\u00e9tavet\u0151kben, l\u00f6vegtornyokban \u00e9s harckocsirendszerekben haszn\u00e1lj\u00e1k a fegyverek \u00e9s l\u0151szerek mozg\u00e1s\u00e1t szab\u00e1lyoz\u00f3 hidraulikus rendszerek m\u0171k\u00f6dtet\u00e9s\u00e9re.<\/li>\n<\/ul>\n<\/li>\n<li><strong>Tenger\u00e9szeti ipar:<\/strong> A hegesztett vill\u00e1s hengereket sz\u00e9les k\u00f6rben haszn\u00e1lj\u00e1k a tenger\u00e9szeti iparban is, ahol haj\u00f3khoz, cs\u00f3nakokhoz \u00e9s v\u00edz alatti j\u00e1rm\u0171vekhez k\u00fcl\u00f6nf\u00e9le alkalmaz\u00e1sokban haszn\u00e1lj\u00e1k \u0151ket.\n<ul>\n<li>A haj\u00f3z\u00e1si iparban hegesztett vill\u00e1s hengereket haszn\u00e1lnak darukban, cs\u00f6rl\u0151kben \u00e9s rakom\u00e1nykezel\u0151 berendez\u00e9sekben, hogy biztos\u00edts\u00e1k a sz\u00fcks\u00e9ges er\u0151t a rakom\u00e1ny be- \u00e9s kirakod\u00e1s\u00e1hoz.<\/li>\n<li>A haj\u00f3z\u00e1si iparban ezeket a hengereket korm\u00e1nyrendszerekben, haj\u00f3csavarokban \u00e9s horgonyrendszerekben haszn\u00e1lj\u00e1k, hogy biztos\u00edts\u00e1k a sz\u00fcks\u00e9ges er\u0151t a haj\u00f3k \u00e9s haj\u00f3k mozg\u00e1s\u00e1nak szab\u00e1lyoz\u00e1s\u00e1hoz.<\/li>\n<li>A v\u00edz alatti j\u00e1rm\u0171iparban hegesztett vill\u00e1shengereket haszn\u00e1lnak mer\u00fcl\u0151haj\u00f3kban, t\u00e1vir\u00e1ny\u00edt\u00e1s\u00fa j\u00e1rm\u0171vekben (ROV) \u00e9s b\u00fav\u00e1rfelszerel\u00e9sekben, hogy biztos\u00edts\u00e1k a v\u00edz alatti m\u0171veletekhez sz\u00fcks\u00e9ges er\u0151t.<\/li>\n<\/ul>\n<\/li>\n<li><strong>B\u00e1nyaipar:<\/strong> A hegesztett vill\u00e1s hengereket a b\u00e1ny\u00e1szati \u200b\u200biparban is haszn\u00e1lj\u00e1k, ahol \u00e1sv\u00e1nykincsek kitermel\u00e9s\u00e9re \u00e9s anyagmozgat\u00e1sra k\u00fcl\u00f6nf\u00e9le alkalmaz\u00e1sokban alkalmazz\u00e1k \u0151ket.\n<ul>\n<li>A b\u00e1ny\u00e1szati \u200b\u200biparban a hegesztett vill\u00e1s hengereket sz\u00e1ll\u00edt\u00f3szalag-rendszerekben, f\u00far\u00f3g\u00e9pekben \u00e9s hidraulikus lap\u00e1tokban haszn\u00e1lj\u00e1k, hogy biztos\u00edts\u00e1k a sz\u00fcks\u00e9ges er\u0151t az \u00e1sv\u00e1nyok \u00e9s anyagok b\u00e1ny\u00e1kb\u00f3l \u00e9s k\u0151b\u00e1ny\u00e1kb\u00f3l t\u00f6rt\u00e9n\u0151 kinyer\u00e9s\u00e9hez.<\/li>\n<\/ul>\n<\/li>\n<\/ul>\n<h2>Hogyan v\u00e1lasszunk \u00e9s cser\u00e9lj\u00fcnk hidraulikaolajat \u00e9s t\u00f6m\u00edt\u00e9seket?<\/h2>\n<p>A megfelel\u0151 hidraulikaolaj \u00e9s t\u00f6m\u00edt\u00e9sek kiv\u00e1laszt\u00e1sa az \u00fczemi k\u00f6r\u00fclm\u00e9nyekt\u0151l \u00e9s a gy\u00e1rt\u00f3 aj\u00e1nl\u00e1sait\u00f3l f\u00fcgg. Az id\u0151ben t\u00f6rt\u00e9n\u0151 csere \u00e9rdek\u00e9ben rendszeres ellen\u0151rz\u00e9s sz\u00fcks\u00e9ges.<\/p>\n<h2>C\u00e9g- \u00e9s term\u00e9kprom\u00f3ci\u00f3<\/h2>\n<p>Az FMP Olaszorsz\u00e1g vezet\u0151 hidraulikus henger sz\u00e1ll\u00edt\u00f3ja. Term\u00e9kpalett\u00e1nk hidraulikus billen\u0151hengereket, hidraulikus korm\u00e1nyhengereket \u00e9s hidraulikus emel\u0151hengereket tartalmaz. 200 000 darabos gy\u00e1rt\u00f3kapacit\u00e1sunkb\u00f3l 300 k\u00fcl\u00f6nf\u00e9le automata CNC gy\u00e1rt\u00f3berendez\u00e9ssel \u00e9s teljesen automatikus hidraulikus henger \u00f6sszeszerel\u0151 berendez\u00e9ssel rendelkez\u00fcnk.<\/p>\n<p>Az FMP-n\u00e9l b\u00fcszk\u00e9k vagyunk arra, hogy min\u0151s\u00e9gi term\u00e9keket k\u00edn\u00e1lunk megfizethet\u0151 \u00e1ron, \u00e9s kiv\u00e9teles \u00fcgyf\u00e9lszolg\u00e1lattal rendelkez\u00fcnk. Emellett k\u00edn\u00e1lunk emel\u0151kosaras munkahengereket, ipari j\u00e1rm\u0171vek hidraulikus hengereit, forg\u00f3f\u00far\u00f3tornyok hengereit, teheraut\u00f3-daru hengereket, \u00e9p\u00edt\u0151ipari g\u00e9pek hidraulikus hengereit, <b>Targonca hidraulikus hengerek<\/b>, b\u00e1ny\u00e1szati \u200b\u200bd\u00f6mperek hengerei, szaniterg\u00e9pek hidraulikus hengerei. Egyedi megrendel\u00e9seket is sz\u00edvesen fogadunk.<\/p>\n<p><img decoding=\"async\" src=\"https:\/\/hzpt.com\/wp-content\/uploads\/2023\/12\/insert-5.webp\" alt=\"Gy\u00e1runk\" title=\"\"><\/p>\n<h2>Gyakran ism\u00e9telt k\u00e9rd\u00e9sek<\/h2>\n<h3>Mennyi a j\u00f3t\u00e1ll\u00e1si id\u0151 az FMP hidraulikus kett\u0151s m\u0171k\u00f6d\u00e9s\u0171 hengerre?<\/h3>\n<p>Term\u00e9k\u00fcnkre egy \u00e9v garancia vonatkozik.<\/p>\n<h3>Kaphatok egyedi hidraulikus kett\u0151s m\u0171k\u00f6d\u00e9s\u0171 hengert?<\/h3>\n<p>Igen, testreszab\u00e1st k\u00edn\u00e1lunk az egyedi ig\u00e9nyek kiel\u00e9g\u00edt\u00e9s\u00e9re.<\/p>\n<h3>Mennyi a sz\u00e1ll\u00edt\u00e1si id\u0151?<\/h3>\n<p>A sz\u00e1ll\u00edt\u00e1si id\u0151 a rendel\u00e9si mennyis\u00e9gt\u0151l \u00e9s az egyedi ig\u00e9nyekt\u0151l f\u00fcgg\u0151en v\u00e1ltozik.<\/p>\n<h3>K\u00edn\u00e1lnak technikai t\u00e1mogat\u00e1st?<\/h3>\n<p>Igen, \u00e1tfog\u00f3 technikai t\u00e1mogat\u00e1st ny\u00fajtunk \u00fcgyfeleinknek.<\/p>\n<h3>Milyen gyakran kell cser\u00e9lnem a hidraulikaolajat?<\/h3>\n<p>A hidraulikaolajat a gy\u00e1rt\u00f3 utas\u00edt\u00e1sai szerint, vagy szennyezett olaj eset\u00e9n kell kicser\u00e9lni.<\/p>\n<p>Szerz\u0151: CX<\/p>","protected":false},"excerpt":{"rendered":"<p>Product 10026 Hot Selling Agricultural Hydraulic Double Acting Cylinder For Tractor: The 10026 Hot Selling Agricultural Hydraulic Double Acting Cylinder is a high-quality and efficient hydraulic component specifically designed for tractors. This cylinder is built with precision and durability in mind, making it an excellent choice for agricultural applications. Key Features: 1. Double Acting Design: [&hellip;]<\/p>","protected":false},"featured_media":1127,"comment_status":"closed","ping_status":"closed","template":"","meta":{"_et_pb_use_builder":"","_et_pb_old_content":"","_et_gb_content_width":""},"product_brand":[],"product_cat":[36],"product_tag":[34,38],"class_list":{"0":"post-1034","1":"product","2":"type-product","3":"status-publish","4":"has-post-thumbnail","6":"product_cat-welded-clevis-type-cylinder","7":"product_tag-hydraulic-cylinder","8":"product_tag-welded-clevis-type-cylinder","10":"first","11":"instock","12":"product-type-simple"},"_links":{"self":[{"href":"https:\/\/fmp-components.com\/hu\/wp-json\/wp\/v2\/product\/1034","targetHints":{"allow":["GET"]}}],"collection":[{"href":"https:\/\/fmp-components.com\/hu\/wp-json\/wp\/v2\/product"}],"about":[{"href":"https:\/\/fmp-components.com\/hu\/wp-json\/wp\/v2\/types\/product"}],"replies":[{"embeddable":true,"href":"https:\/\/fmp-components.com\/hu\/wp-json\/wp\/v2\/comments?post=1034"}],"wp:featuredmedia":[{"embeddable":true,"href":"https:\/\/fmp-components.com\/hu\/wp-json\/wp\/v2\/media\/1127"}],"wp:attachment":[{"href":"https:\/\/fmp-components.com\/hu\/wp-json\/wp\/v2\/media?parent=1034"}],"wp:term":[{"taxonomy":"product_brand","embeddable":true,"href":"https:\/\/fmp-components.com\/hu\/wp-json\/wp\/v2\/product_brand?post=1034"},{"taxonomy":"product_cat","embeddable":true,"href":"https:\/\/fmp-components.com\/hu\/wp-json\/wp\/v2\/product_cat?post=1034"},{"taxonomy":"product_tag","embeddable":true,"href":"https:\/\/fmp-components.com\/hu\/wp-json\/wp\/v2\/product_tag?post=1034"}],"curies":[{"name":"munkaf\u00fczet","href":"https:\/\/api.w.org\/{rel}","templated":true}]}}