{"id":1031,"date":"2024-12-19T06:17:09","date_gmt":"2024-12-19T06:17:09","guid":{"rendered":"https:\/\/fmp-components.com\/product\/10023-low-price-double-effect-hydraulic-piston-cylinder-for-trailer\/"},"modified":"2025-03-18T00:47:24","modified_gmt":"2025-03-18T00:47:24","slug":"10023-low-price-double-effect-hydraulic-piston-cylinder-for-trailer","status":"publish","type":"product","link":"https:\/\/fmp-components.com\/hu\/product\/10023-low-price-double-effect-hydraulic-piston-cylinder-for-trailer\/","title":{"rendered":"10023 Alacsony \u00e1r\u00fa kett\u0151s hat\u00e1s\u00fa hidraulikus dugatty\u00fas henger p\u00f3tkocsihoz"},"content":{"rendered":"<h2>Bemutatkozik a 10023-as term\u00e9k: Alacsony \u00e1r\u00fa, kett\u0151s hat\u00e1s\u00fa hidraulikus dugatty\u00fas henger p\u00f3tkocsihoz<\/h2>\n<p>A 10023-as cikksz\u00e1m\u00fa term\u00e9k egy kifejezetten p\u00f3tkocsikhoz tervezett, kiv\u00e1l\u00f3 min\u0151s\u00e9g\u0171 hidraulikus dugatty\u00fas henger. Ez a henger egyedi kett\u0151s hat\u00e1smechanizmussal rendelkezik, amely sima \u00e9s hat\u00e9kony m\u0171k\u00f6d\u00e9st tesz lehet\u0151v\u00e9.<\/p>\n<p>Robusztus konstrukci\u00f3j\u00e1nak \u00e9s kiv\u00e1l\u00f3 teljes\u00edtm\u00e9ny\u00e9nek k\u00f6sz\u00f6nhet\u0151en a 10023-as term\u00e9k t\u00f6k\u00e9letes a p\u00f3tkocsik sz\u00e9les sk\u00e1l\u00e1j\u00e1hoz. Ak\u00e1r neh\u00e9z terheket kell emelnie, ak\u00e1r prec\u00edz mozg\u00e1st kell biztos\u00edtania, ez a hidraulikus dugatty\u00fas henger kiv\u00e9teles eredm\u00e9nyeket biztos\u00edt.<\/p>\n<p>F\u0151bb jellemz\u0151k:<br \/>\n1. Kett\u0151s hat\u00e1smechanizmus: A kett\u0151s hat\u00e1s\u00fa kialak\u00edt\u00e1s lehet\u0151v\u00e9 teszi a dugatty\u00fa kiny\u00fal\u00e1s\u00e1t \u00e9s visszah\u00faz\u00e1s\u00e1t is, \u00edgy biztos\u00edtva az optim\u00e1lis hat\u00e9konys\u00e1got \u00e9s sokoldal\u00fas\u00e1got.<br \/>\n2. Tart\u00f3ss\u00e1g: Pr\u00e9mium anyagokb\u00f3l k\u00e9sz\u00fclt, ez a hidraulikus henger nagy terhel\u00e9seknek \u00e9s zord k\u00f6rnyezeti k\u00f6r\u00fclm\u00e9nyeknek is ellen\u00e1ll, garant\u00e1lva a hossz\u00fa t\u00e1v\u00fa teljes\u00edtm\u00e9nyt.<br \/>\n3. Sima m\u0171k\u00f6d\u00e9s: A fejlett hidraulikus rendszer sima \u00e9s prec\u00edz vez\u00e9rl\u00e9st biztos\u00edt, magabiztoss\u00e1got \u00e9s k\u00f6nny\u0171 haszn\u00e1latot biztos\u00edtva a kezel\u0151knek.<br \/>\n4. K\u00f6nny\u0171 telep\u00edt\u00e9s: A 10023-as term\u00e9ket a k\u00f6nny\u0171 telep\u00edt\u00e9sre, az \u00e1ll\u00e1sid\u0151 minimaliz\u00e1l\u00e1s\u00e1ra \u00e9s a termel\u00e9kenys\u00e9g maximaliz\u00e1l\u00e1s\u00e1ra tervezt\u00e9k.<\/p>\n<p><img decoding=\"async\" src=\"https:\/\/hzpt.com\/wp-content\/uploads\/2023\/12\/insert-4.webp?v=1694163707\" alt=\"\" title=\"\"><\/p>\n<p>Alkalmaz\u00e1sok:<br \/>\n1. P\u00f3tkocsik: Ez a hidraulikus dugatty\u00fas henger ide\u00e1lis k\u00fcl\u00f6nf\u00e9le p\u00f3tkocsikhoz, bele\u00e9rtve a plat\u00f3s p\u00f3tkocsikat, a billen\u0151p\u00f3tkocsikat \u00e9s a haszong\u00e9pj\u00e1rm\u0171veket.<br \/>\n2. \u00c9p\u00edt\u0151ipari berendez\u00e9sek: A 10023-as term\u00e9k \u00e9p\u00edt\u0151ipari g\u00e9pekben, p\u00e9ld\u00e1ul darukban \u00e9s kotr\u00f3g\u00e9pekben haszn\u00e1lhat\u00f3, n\u00f6velve azok emel\u00e9si \u00e9s pozicion\u00e1l\u00e1si k\u00e9pess\u00e9g\u00e9t.<br \/>\n3. Mez\u0151gazdas\u00e1gi g\u00e9pek: Megb\u00edzhat\u00f3 teljes\u00edtm\u00e9ny\u00e9nek k\u00f6sz\u00f6nhet\u0151en ez a henger alkalmas mez\u0151gazdas\u00e1gi berendez\u00e9sekhez, p\u00e9ld\u00e1ul betakar\u00edt\u00f3g\u00e9pekhez \u00e9s permetez\u0151g\u00e9pekhez.<\/p>\n<p>Ha olcs\u00f3 hidraulikus dugatty\u00fas hengert keres, amely kett\u0151s hat\u00e1s\u00fa funkcionalit\u00e1st \u00e9s kiv\u00e9teles teljes\u00edtm\u00e9nyt k\u00edn\u00e1l, a 10023-as term\u00e9k a t\u00f6k\u00e9letes v\u00e1laszt\u00e1s. Tart\u00f3ss\u00e1ga, sima m\u0171k\u00f6d\u00e9se \u00e9s egyszer\u0171 telep\u00edt\u00e9se kiv\u00e1l\u00f3 megold\u00e1st k\u00edn\u00e1l p\u00f3tkocsikhoz \u00e9s k\u00fcl\u00f6nf\u00e9le egy\u00e9b alkalmaz\u00e1sokhoz. Az FMP a hidraulikus dugatty\u00fas hengerek vezet\u0151 olaszorsz\u00e1gi sz\u00e1ll\u00edt\u00f3ja. C\u00e9g\u00fcnk kiv\u00e1l\u00f3 min\u0151s\u00e9g\u0171 hidraulikus dugatty\u00fas hengerek gy\u00e1rt\u00e1s\u00e1ra specializ\u00e1l\u00f3dott, amelyek hat\u00e9konys\u00e1got, tart\u00f3ss\u00e1got \u00e9s megfizethet\u0151s\u00e9get k\u00edn\u00e1lnak.<\/p>\n<h2>A hegesztett vill\u00e1s henger el\u0151nyei<\/h2>\n<p>A hegesztett vill\u00e1shengerek n\u00e9pszer\u0171 v\u00e1laszt\u00e1snak bizonyulnak sz\u00e1mos ipari alkalmaz\u00e1sban egyedi el\u0151nyeik \u00e9s hasznuk miatt. \u00cdme a hegesztett vill\u00e1shengerek n\u00e9h\u00e1ny f\u0151 el\u0151nye:<\/p>\n<h3>1. Fokozott szil\u00e1rds\u00e1g \u00e9s tart\u00f3ss\u00e1g<\/h3>\n<p>A hegesztett vill\u00e1s hengerek hegesztett v\u00e9gz\u00e1r\u00f3val k\u00e9sz\u00fclnek, ami nagyobb szil\u00e1rds\u00e1got \u00e9s tart\u00f3ss\u00e1got biztos\u00edt m\u00e1s t\u00edpus\u00fa hengerekhez k\u00e9pest. Ez ide\u00e1liss\u00e1 teszi \u0151ket nagy ig\u00e9nybev\u00e9tel\u0171 alkalmaz\u00e1sokhoz, amelyek nagyfok\u00fa szil\u00e1rds\u00e1got \u00e9s tart\u00f3ss\u00e1got ig\u00e9nyelnek.<\/p>\n<p>Ezenk\u00edv\u00fcl ezeknek a hengereknek a hegesztett kialak\u00edt\u00e1sa azt jelenti, hogy kisebb a sziv\u00e1rg\u00e1s vagy a meghib\u00e1sod\u00e1s val\u00f3sz\u00edn\u0171s\u00e9ge, ami seg\u00edthet cs\u00f6kkenteni az \u00e1ll\u00e1sid\u0151t \u00e9s a karbantart\u00e1si k\u00f6lts\u00e9geket.<\/p>\n<h3>2. Nagy nyom\u00e1s kezel\u00e9s\u00e9nek k\u00e9pess\u00e9ge<\/h3>\n<p>A hegesztett kengyeles hengerek nagy nyom\u00e1s\u00fa alkalmaz\u00e1sokhoz is alkalmasak, \u00edgy n\u00e9pszer\u0171 v\u00e1laszt\u00e1snak sz\u00e1m\u00edtanak olyan ipar\u00e1gakban, mint az \u00e9p\u00edt\u0151ipar, a b\u00e1ny\u00e1szat, valamint az olaj- \u00e9s g\u00e1zipar. A nagy nyom\u00e1st\u0171r\u0151 k\u00e9pess\u00e9g\u00fck megb\u00edzhat\u00f3 teljes\u00edtm\u00e9nyt biztos\u00edt ig\u00e9nyes k\u00f6rnyezetben.<\/p>\n<h3>3. Testreszabhat\u00f3 diz\u00e1jn<\/h3>\n<p>A hegesztett vill\u00e1s hengerek egyedi tervez\u00e9s\u0171ek, hogy megfeleljenek egy adott alkalmaz\u00e1s ig\u00e9nyeinek. Ez azt jelenti, hogy egy adott m\u00e9rethez, alakhoz vagy teljes\u00edtm\u00e9nyk\u00f6vetelm\u00e9nyhez igaz\u00edthat\u00f3k. A testreszabhat\u00f3 kialak\u00edt\u00e1s nagyobb rugalmass\u00e1got is biztos\u00edt a gy\u00e1rt\u00e1si folyamatban, ami k\u00f6lts\u00e9gmegtakar\u00edt\u00e1shoz vezethet.<\/p>\n<h3>4. K\u00f6nny\u0171 telep\u00edt\u00e9s<\/h3>\n<p>A hegesztett vill\u00e1s hengerek k\u00f6nnyen telep\u00edthet\u0151k, ami seg\u00edt cs\u00f6kkenteni a be\u00e1ll\u00edt\u00e1si id\u0151t \u00e9s a munkak\u00f6lts\u00e9geket. \u00c1ltal\u00e1ban el\u0151re \u00f6sszeszereltek \u00e9s haszn\u00e1latra k\u00e9szek a dobozb\u00f3l kiv\u00e9ve, ami minimaliz\u00e1lja a tov\u00e1bbi alkatr\u00e9szek vagy komponensek sz\u00fcks\u00e9gess\u00e9g\u00e9t.<\/p>\n<h3>5. Jav\u00edtott teljes\u00edtm\u00e9ny<\/h3>\n<p>A hegesztett vill\u00e1s hengerek kialak\u00edt\u00e1sa jobb teljes\u00edtm\u00e9nyt tesz lehet\u0151v\u00e9 m\u00e1s t\u00edpus\u00fa hengerekhez k\u00e9pest. Nyom\u00e1segys\u00e9gre vet\u00edtve nagyobb er\u0151t tudnak el\u0151\u00e1ll\u00edtani, ami seg\u00edthet jav\u00edtani a hat\u00e9konys\u00e1got \u00e9s a termel\u00e9kenys\u00e9get az ipari alkalmaz\u00e1sokban.<\/p>\n<p>\u00d6sszess\u00e9g\u00e9ben a hegesztett vill\u00e1s hengerek sz\u00e1mos el\u0151nnyel \u00e9s hasznal rendelkeznek, amelyek n\u00e9pszer\u0171v\u00e9 teszik \u0151ket sz\u00e1mos ipari alkalmaz\u00e1sban. Megn\u00f6velt szil\u00e1rds\u00e1guk \u00e9s tart\u00f3ss\u00e1guk, nagy nyom\u00e1st\u0171r\u0151 k\u00e9pess\u00e9g\u00fck, testreszabhat\u00f3 kialak\u00edt\u00e1suk, egyszer\u0171 telep\u00edt\u00e9s\u00fck \u00e9s jobb teljes\u00edtm\u00e9ny\u00fck ide\u00e1lis v\u00e1laszt\u00e1ss\u00e1 teszi \u0151ket ig\u00e9nyes k\u00f6rnyezetekben, ahol a megb\u00edzhat\u00f3s\u00e1g \u00e9s a teljes\u00edtm\u00e9ny kulcsfontoss\u00e1g\u00fa.<\/p>\n<h2>Hegesztett Clevis t\u00edpus\u00fa henger alkalmaz\u00e1sa<\/h2>\n<ul>\n<li><strong>Ipari g\u00e9pek:<\/strong> A hegesztett vill\u00e1s hengereket sz\u00e9les k\u00f6rben haszn\u00e1lj\u00e1k k\u00fcl\u00f6nf\u00e9le ipari g\u00e9pekben nagy teherb\u00edr\u00e1s\u00fa alkalmaz\u00e1sokhoz. Ezek a hengerek nagy er\u0151kifejt\u00e9sre k\u00e9pesek a g\u00e9pek alkatr\u00e9szeinek emel\u00e9s\u00e9hez \u00e9s pr\u00e9sel\u00e9s\u00e9hez. A hegesztett vill\u00e1s kialak\u00edt\u00e1s lehet\u0151v\u00e9 teszi a k\u00f6nny\u0171 telep\u00edt\u00e9st \u00e9s a hat\u00e9kony m\u0171k\u00f6d\u00e9st, \u00edgy n\u00e9pszer\u0171 v\u00e1laszt\u00e1s a gy\u00e1rt\u00f3k sz\u00e1m\u00e1ra.\n<ul>\n<li>A feldolgoz\u00f3iparban a hegesztett vill\u00e1shengereket hidraulikus pr\u00e9sekben, fr\u00f6ccs\u00f6nt\u0151 g\u00e9pekben \u00e9s f\u00e9msajtol\u00f3 berendez\u00e9sekben haszn\u00e1lj\u00e1k a f\u00e9mlemezek alak\u00edt\u00e1s\u00e1hoz \u00e9s alak\u00edt\u00e1s\u00e1hoz sz\u00fcks\u00e9ges er\u0151 biztos\u00edt\u00e1s\u00e1ra.<\/li>\n<li>Az aut\u00f3iparban ezeket a munkahengereket aut\u00f3emel\u0151kben, felvon\u00f3kban \u00e9s \u00f6sszeszerel\u0151 g\u00e9pekben haszn\u00e1lj\u00e1k neh\u00e9z alkatr\u00e9szek emel\u00e9s\u00e9re a gy\u00e1rt\u00e1si folyamat sor\u00e1n.<\/li>\n<li>Az \u00e9p\u00edt\u0151iparban hegesztett vill\u00e1s hengereket haszn\u00e1lnak darukban, kotr\u00f3g\u00e9pekben \u00e9s buld\u00f3zerekben a neh\u00e9z terheket emel\u0151 \u00e9s mozgat\u00f3 hidraulikus rendszerek m\u0171k\u00f6dtet\u00e9s\u00e9re.<\/li>\n<\/ul>\n<\/li>\n<li><strong>Mez\u0151gazdas\u00e1gi g\u00e9pek:<\/strong> A mez\u0151gazdas\u00e1gi g\u00e9pek az egyik legfontosabb ter\u00fclet, ahol a hegesztett vill\u00e1s hengereket haszn\u00e1lj\u00e1k. Ezeket a hengereket k\u00fcl\u00f6nf\u00e9le mez\u0151gazdas\u00e1gi g\u00e9pekben, bele\u00e9rtve a traktorokat, betakar\u00edt\u00f3g\u00e9peket \u00e9s ek\u00e9ket, haszn\u00e1lj\u00e1k a talaj-el\u0151k\u00e9sz\u00edt\u00e9shez, \u00fcltet\u00e9shez \u00e9s betakar\u00edt\u00e1shoz sz\u00fcks\u00e9ges er\u0151 biztos\u00edt\u00e1s\u00e1ra.\n<ul>\n<li>A mez\u0151gazdas\u00e1gban a hegesztett vill\u00e1s hengereket ek\u00e9kben, kultiv\u00e1torokban \u00e9s vet\u0151g\u00e9pekben haszn\u00e1lj\u00e1k a talaj-el\u0151k\u00e9sz\u00edt\u00e9shez \u00e9s a vet\u0151mag \u00fcltet\u00e9s\u00e9hez sz\u00fcks\u00e9ges er\u0151 biztos\u00edt\u00e1s\u00e1ra.<\/li>\n<li>A betakar\u00edt\u00f3iparban ezeket a hengereket betakar\u00edt\u00f3g\u00e9pekben, b\u00e1l\u00e1z\u00f3kban \u00e9s f\u0171ny\u00edr\u00f3kban haszn\u00e1lj\u00e1k a term\u00e9nyt \u00f6sszegy\u0171jt\u0151 \u00e9s sz\u00e1ll\u00edt\u00f3 hidraulikus rendszerek m\u0171k\u00f6dtet\u00e9s\u00e9re.<\/li>\n<\/ul>\n<\/li>\n<li><strong>Rep\u00fcl\u00e9s \u00e9s v\u00e9delem:<\/strong> A hegesztett Clevis t\u00edpus\u00fa hengereket a rep\u00fcl\u0151g\u00e9piparban \u00e9s a v\u00e9delmi iparban is haszn\u00e1lj\u00e1k, ahol sz\u00e9les k\u00f6rben alkalmazz\u00e1k rep\u00fcl\u0151g\u00e9pekhez, rak\u00e9t\u00e1khoz, rak\u00e9t\u00e1khoz \u00e9s v\u00e9delmi rendszerekhez.\n<ul>\n<li>A rep\u00fcl\u0151g\u00e9piparban hegesztett vill\u00e1shengereket haszn\u00e1lnak rep\u00fcl\u0151g\u00e9pek fut\u00f3m\u0171veiben, f\u00e9ksz\u00e1rnyaiban \u00e9s f\u00e9keiben, hogy biztos\u00edts\u00e1k a sz\u00fcks\u00e9ges er\u0151t a felsz\u00e1ll\u00e1shoz \u00e9s lesz\u00e1ll\u00e1shoz.<\/li>\n<li>A v\u00e9delmi iparban ezeket a hengereket rak\u00e9tavet\u0151kben, l\u00f6vegtornyokban \u00e9s harckocsirendszerekben haszn\u00e1lj\u00e1k a fegyverek \u00e9s l\u0151szerek mozg\u00e1s\u00e1t szab\u00e1lyoz\u00f3 hidraulikus rendszerek m\u0171k\u00f6dtet\u00e9s\u00e9re.<\/li>\n<\/ul>\n<\/li>\n<li><strong>Tenger\u00e9szeti ipar:<\/strong> A hegesztett vill\u00e1s hengereket sz\u00e9les k\u00f6rben haszn\u00e1lj\u00e1k a tenger\u00e9szeti iparban is, ahol haj\u00f3khoz, cs\u00f3nakokhoz \u00e9s v\u00edz alatti j\u00e1rm\u0171vekhez k\u00fcl\u00f6nf\u00e9le alkalmaz\u00e1sokban haszn\u00e1lj\u00e1k \u0151ket.\n<ul>\n<li>A haj\u00f3z\u00e1si iparban hegesztett vill\u00e1s hengereket haszn\u00e1lnak darukban, cs\u00f6rl\u0151kben \u00e9s rakom\u00e1nykezel\u0151 berendez\u00e9sekben, hogy biztos\u00edts\u00e1k a sz\u00fcks\u00e9ges er\u0151t a rakom\u00e1ny be- \u00e9s kirakod\u00e1s\u00e1hoz.<\/li>\n<li>A haj\u00f3z\u00e1si iparban ezeket a hengereket korm\u00e1nyrendszerekben, haj\u00f3csavarokban \u00e9s horgonyrendszerekben haszn\u00e1lj\u00e1k, hogy biztos\u00edts\u00e1k a sz\u00fcks\u00e9ges er\u0151t a haj\u00f3k \u00e9s haj\u00f3k mozg\u00e1s\u00e1nak szab\u00e1lyoz\u00e1s\u00e1hoz.<\/li>\n<li>A v\u00edz alatti j\u00e1rm\u0171iparban hegesztett vill\u00e1shengereket haszn\u00e1lnak mer\u00fcl\u0151haj\u00f3kban, t\u00e1vir\u00e1ny\u00edt\u00e1s\u00fa j\u00e1rm\u0171vekben (ROV) \u00e9s b\u00fav\u00e1rfelszerel\u00e9sekben, hogy biztos\u00edts\u00e1k a v\u00edz alatti m\u0171veletekhez sz\u00fcks\u00e9ges er\u0151t.<\/li>\n<\/ul>\n<\/li>\n<li><strong>B\u00e1nyaipar:<\/strong> A hegesztett vill\u00e1s hengereket a b\u00e1ny\u00e1szati \u200b\u200biparban is haszn\u00e1lj\u00e1k, ahol \u00e1sv\u00e1nykincsek kitermel\u00e9s\u00e9re \u00e9s anyagmozgat\u00e1sra k\u00fcl\u00f6nf\u00e9le alkalmaz\u00e1sokban alkalmazz\u00e1k \u0151ket.\n<ul>\n<li>A b\u00e1ny\u00e1szati \u200b\u200biparban a hegesztett vill\u00e1s hengereket sz\u00e1ll\u00edt\u00f3szalag-rendszerekben, f\u00far\u00f3g\u00e9pekben \u00e9s hidraulikus lap\u00e1tokban haszn\u00e1lj\u00e1k, hogy biztos\u00edts\u00e1k a sz\u00fcks\u00e9ges er\u0151t az \u00e1sv\u00e1nyok \u00e9s anyagok b\u00e1ny\u00e1kb\u00f3l \u00e9s k\u0151b\u00e1ny\u00e1kb\u00f3l t\u00f6rt\u00e9n\u0151 kinyer\u00e9s\u00e9hez.<\/li>\n<\/ul>\n<\/li>\n<\/ul>\n<p><img decoding=\"async\" src=\"https:\/\/hzpt.com\/wp-content\/uploads\/2023\/12\/insert-2.webp\" alt=\"\" title=\"\"><\/p>\n<h2>Az FMP-r\u0151l<\/h2>\n<p>Seg\u00edt\u00fcnk \u00fcgyfeleinknek a megfelel\u0151 hidraulikaolaj \u00e9s olajt\u00f6m\u00edt\u00e9s kiv\u00e1laszt\u00e1s\u00e1ban a hidraulikus dugatty\u00fas hengerhez. Inform\u00e1ci\u00f3kat ny\u00fajtunk a cser\u00e9j\u00fck id\u0151pontj\u00e1r\u00f3l \u00e9s m\u00f3dj\u00e1r\u00f3l, a hidraulikus henger m\u00e9r\u00e9s\u00e9r\u0151l \u00e9s m\u0171k\u00f6d\u00e9s\u00e9r\u0151l is.<\/p>\n<p>Az FMP-n\u00e9l piacvezet\u0151k vagyunk a mobil munkag\u00e9pek hidraulikus hengereinek gy\u00e1rt\u00e1s\u00e1ban. Legfontosabb term\u00e9keink k\u00f6z\u00e9 tartoznak a hidraulikus billen\u0151hengerek, a hidraulikus korm\u00e1nyhengerek \u00e9s a hidraulikus emel\u0151hengerek. \u00c9ves 200 000 k\u00e9szlet gy\u00e1rt\u00e1si kapacit\u00e1sunkkal \u00e9s 300 k\u00e9szlet k\u00fcl\u00f6nf\u00e9le automata CNC gy\u00e1rt\u00f3berendez\u00e9ssel \u00e9s automata hidraulikus henger \u00f6sszeszerel\u0151 berendez\u00e9ssel biztos\u00edtjuk a kiv\u00e1l\u00f3 min\u0151s\u00e9g\u0171 term\u00e9keket.<\/p>\n<p>Nagy magass\u00e1g\u00fa m\u0171helyhengereket, ipari j\u00e1rm\u0171vek hidraulikus hengereit, forg\u00f3 f\u00far\u00f3tornyok hengereit, teheraut\u00f3-daru hengereit, \u00e9p\u00edt\u0151ipari g\u00e9pek hidraulikus hengereit is sz\u00e1ll\u00edtunk. <b>Targonca hidraulikus hengerek<\/b>, b\u00e1ny\u00e1szati \u200b\u200bd\u00f6mperek hengerei \u00e9s szennyv\u00edzkezel\u0151 g\u00e9pek hidraulikus hengerei. Szeretettel v\u00e1rjuk \u00fcgyfeleinket ig\u00e9nyeik testreszab\u00e1s\u00e1ra.<\/p>\n<p>C\u00e9g\u00fcnk kiemelked\u0151en j\u00f3 min\u0151s\u00e9g\u0171 term\u00e9keket k\u00edn\u00e1l kedvez\u0151 \u00e1ron, figyelmes szolg\u00e1ltat\u00e1sokkal p\u00e1rosulva.<\/p>\n<p><img decoding=\"async\" src=\"https:\/\/hzpt.com\/wp-content\/uploads\/2023\/12\/insert-5.webp\" alt=\"FMP gy\u00e1r\" title=\"\"><\/p>\n<h2>GYIK<\/h2>\n<ol>\n<li>K: Hogyan szereljem fel a hidraulikus dugatty\u00fas hengert?<br \/>\nV: V\u00e1s\u00e1rl\u00e1skor r\u00e9szletes utas\u00edt\u00e1sokat adunk.<\/li>\n<li>K: Milyen gyakran kell cser\u00e9lnem a hidraulikaolajat?<br \/>\nV: Ez a haszn\u00e1latt\u00f3l f\u00fcgg, de azt javasoljuk, hogy f\u00e9l\u00e9vente ellen\u0151rizze.<\/li>\n<li>K: Mekkora a hidraulikus dugatty\u00fas henger teherb\u00edr\u00e1sa?<br \/>\nV: A teherb\u00edr\u00e1s v\u00e1ltoz\u00f3, k\u00e9r\u00e9sre rendelkez\u00e9sre \u00e1ll.<\/li>\n<li>K: Hogyan tartsam karban a hidraulikus dugatty\u00fas hengert? V: A rendszeres ellen\u0151rz\u00e9s \u00e9s tiszt\u00edt\u00e1s elengedhetetlen, a hidraulikaolaj tisztas\u00e1g\u00e1nak biztos\u00edt\u00e1sa mellett.<\/li>\n<li>K: Hol kaphatok m\u0171szaki t\u00e1mogat\u00e1st a hidraulikus dugatty\u00fas hengerhez?<br \/>\nV: Csapatunk teljes k\u00f6r\u0171 t\u00e1mogat\u00e1st ny\u00fajt minden term\u00e9k\u00fcnkh\u00f6z.<\/li>\n<\/ol>\n<p>Szerz\u0151: CX<\/p>","protected":false},"excerpt":{"rendered":"<p>Introducing Product 10023: Low Price Double Effect Hydraulic Piston Cylinder For Trailer Product 10023 is a high-quality hydraulic piston cylinder specifically designed for trailers. This cylinder boasts a unique double effect mechanism, allowing for smooth and efficient operation. With its robust construction and excellent performance, Product 10023 is perfect for a wide range of trailer [&hellip;]<\/p>","protected":false},"featured_media":1127,"comment_status":"closed","ping_status":"closed","template":"","meta":{"_et_pb_use_builder":"","_et_pb_old_content":"","_et_gb_content_width":""},"product_brand":[],"product_cat":[36],"product_tag":[34,38],"class_list":{"0":"post-1031","1":"product","2":"type-product","3":"status-publish","4":"has-post-thumbnail","6":"product_cat-welded-clevis-type-cylinder","7":"product_tag-hydraulic-cylinder","8":"product_tag-welded-clevis-type-cylinder","10":"first","11":"instock","12":"product-type-simple"},"_links":{"self":[{"href":"https:\/\/fmp-components.com\/hu\/wp-json\/wp\/v2\/product\/1031","targetHints":{"allow":["GET"]}}],"collection":[{"href":"https:\/\/fmp-components.com\/hu\/wp-json\/wp\/v2\/product"}],"about":[{"href":"https:\/\/fmp-components.com\/hu\/wp-json\/wp\/v2\/types\/product"}],"replies":[{"embeddable":true,"href":"https:\/\/fmp-components.com\/hu\/wp-json\/wp\/v2\/comments?post=1031"}],"wp:featuredmedia":[{"embeddable":true,"href":"https:\/\/fmp-components.com\/hu\/wp-json\/wp\/v2\/media\/1127"}],"wp:attachment":[{"href":"https:\/\/fmp-components.com\/hu\/wp-json\/wp\/v2\/media?parent=1031"}],"wp:term":[{"taxonomy":"product_brand","embeddable":true,"href":"https:\/\/fmp-components.com\/hu\/wp-json\/wp\/v2\/product_brand?post=1031"},{"taxonomy":"product_cat","embeddable":true,"href":"https:\/\/fmp-components.com\/hu\/wp-json\/wp\/v2\/product_cat?post=1031"},{"taxonomy":"product_tag","embeddable":true,"href":"https:\/\/fmp-components.com\/hu\/wp-json\/wp\/v2\/product_tag?post=1031"}],"curies":[{"name":"munkaf\u00fczet","href":"https:\/\/api.w.org\/{rel}","templated":true}]}}