{"id":1025,"date":"2024-12-19T06:16:24","date_gmt":"2024-12-19T06:16:24","guid":{"rendered":"https:\/\/fmp-components.com\/product\/10017-cost-effective-double-acting-small-hydraulic-cylinder-for-agricultural-machinery\/"},"modified":"2024-12-26T08:53:35","modified_gmt":"2024-12-26T08:53:35","slug":"10017-cost-effective-double-acting-small-hydraulic-cylinder-for-agricultural-machinery","status":"publish","type":"product","link":"https:\/\/fmp-components.com\/hu\/product\/10017-cost-effective-double-acting-small-hydraulic-cylinder-for-agricultural-machinery\/","title":{"rendered":"10017 K\u00f6lts\u00e9ghat\u00e9kony kett\u0151s m\u0171k\u00f6d\u00e9s\u0171 kis hidraulikus henger mez\u0151gazdas\u00e1gi g\u00e9pekhez"},"content":{"rendered":"<h2>Term\u00e9kbevezet\u00e9s:<\/h2>\n<p>A 10017-es k\u00f6lts\u00e9ghat\u00e9kony, kett\u0151s m\u0171k\u00f6d\u00e9s\u0171, mez\u0151gazdas\u00e1gi g\u00e9pekhez val\u00f3 kism\u00e9ret\u0171 hidraulikus henger egy kiv\u00e1l\u00f3 min\u0151s\u00e9g\u0171, kifejezetten mez\u0151gazdas\u00e1gi alkalmaz\u00e1sokhoz tervezett hidraulikus henger. Ez a henger hat\u00e9kony \u00e9s megb\u00edzhat\u00f3 teljes\u00edtm\u00e9nyt ny\u00fajt, mik\u00f6zben k\u00f6lts\u00e9ghat\u00e9kony is.<\/p>\n<p>Kett\u0151s m\u0171k\u00f6d\u00e9s\u0171 kialak\u00edt\u00e1s\u00e1nak k\u00f6sz\u00f6nhet\u0151en ez a hidraulikus henger mindk\u00e9t ir\u00e1nyban k\u00e9pes m\u0171k\u00f6dni, \u00edgy sima \u00e9s pontos mozg\u00e1st biztos\u00edt. Tart\u00f3s anyagokb\u00f3l k\u00e9sz\u00fclt, hogy ellen\u00e1lljon a mez\u0151gazdas\u00e1gi g\u00e9pekben gyakran el\u0151fordul\u00f3 neh\u00e9z k\u00f6r\u00fclm\u00e9nyeknek.<\/p>\n<p>A 10017-es hidraulikus henger kiv\u00e1l\u00f3 teljes\u00edtm\u00e9nyt \u00e9s sokoldal\u00fas\u00e1got k\u00edn\u00e1l k\u00fcl\u00f6nf\u00e9le mez\u0151gazdas\u00e1gi g\u00e9pekhez, p\u00e9ld\u00e1ul traktorokhoz, betakar\u00edt\u00f3g\u00e9pekhez \u00e9s rakod\u00f3g\u00e9pekhez. Kompakt m\u00e9ret\u00e9nek k\u00f6sz\u00f6nhet\u0151en sz\u0171k helyeken is haszn\u00e1lhat\u00f3, biztos\u00edtva az optim\u00e1lis funkcionalit\u00e1st a k\u00fcl\u00f6nf\u00e9le mez\u0151gazdas\u00e1gi m\u0171veletek sor\u00e1n.<\/p>\n<p><img decoding=\"async\" src=\"https:\/\/hzpt.com\/wp-content\/uploads\/2023\/12\/insert-4.webp?v=1694163707\" alt=\"\" title=\"\"><\/p>\n<p>K\u00f6lts\u00e9ghat\u00e9kony kialak\u00edt\u00e1s\u00e1nak k\u00f6sz\u00f6nhet\u0151en ez a hidraulikus henger kiv\u00e9teles \u00e9rt\u00e9ket k\u00e9pvisel mind a mez\u0151gazdas\u00e1gi g\u00e9pgy\u00e1rt\u00f3k, mind a gazd\u00e1lkod\u00f3k sz\u00e1m\u00e1ra. Megb\u00edzhat\u00f3 teljes\u00edtm\u00e9nyt k\u00edn\u00e1l megfizethet\u0151 \u00e1ron, seg\u00edtve a termel\u00e9kenys\u00e9g optimaliz\u00e1l\u00e1s\u00e1t \u00e9s a karbantart\u00e1si k\u00f6lts\u00e9gek cs\u00f6kkent\u00e9s\u00e9t.<\/p>\n<p>\u00d6sszefoglalva, a 10017-es k\u00f6lts\u00e9ghat\u00e9kony, kett\u0151s m\u0171k\u00f6d\u00e9s\u0171, kism\u00e9ret\u0171 hidraulikus henger mez\u0151gazdas\u00e1gi g\u00e9pekhez tart\u00f3s, sokoldal\u00fa \u00e9s k\u00f6lts\u00e9ghat\u00e9kony megold\u00e1s mez\u0151gazdas\u00e1gi alkalmaz\u00e1sokhoz. Nagy teljes\u00edtm\u00e9ny\u00e9nek k\u00f6sz\u00f6nhet\u0151en kiv\u00e1l\u00f3 v\u00e1laszt\u00e1s a mez\u0151gazdas\u00e1gi g\u00e9pek hat\u00e9konys\u00e1g\u00e1nak \u00e9s termel\u00e9kenys\u00e9g\u00e9nek n\u00f6vel\u00e9s\u00e9re.<\/p>\n<p>(Megjegyz\u00e9s: Ez a term\u00e9kbemutat\u00f3 SEO c\u00e9lokat szolg\u00e1l, \u00e9s c\u00e9lja, hogy kiemelje a 10017-es hidraulikus henger mez\u0151gazdas\u00e1gi g\u00e9pekhez val\u00f3 tulajdons\u00e1gait \u00e9s el\u0151nyeit.)<\/p>\n<h2>Az FMP kett\u0151s m\u0171k\u00f6d\u00e9s\u0171 kis hidraulikus henger\u00e9r\u0151l<\/h2>\n<p>Az FMP, egy 2006-ban alap\u00edtott v\u00e1llalat, egy cs\u00facskateg\u00f3ri\u00e1s mez\u0151gazdas\u00e1gi g\u00e9pterm\u00e9ket k\u00edn\u00e1l \u2013 a kett\u0151s m\u0171k\u00f6d\u00e9s\u0171 kis hidraulikus hengert. Ez a k\u00f6lts\u00e9ghat\u00e9kony \u00e9s nagy hat\u00e9konys\u00e1g\u00fa henger \u00fagy van kialak\u00edtva, hogy mind kiny\u00fajt\u00e1si, mind visszah\u00faz\u00e1si ir\u00e1nyban teljes\u00edtm\u00e9nyt biztos\u00edtson, \u00edgy ide\u00e1lis emel\u00e9si \u00e9s hajl\u00edt\u00e1si tev\u00e9kenys\u00e9gekhez mez\u0151gazdas\u00e1gi \u00e9s mez\u0151gazdas\u00e1gi k\u00f6rnyezetben.<\/p>\n<p><img decoding=\"async\" src=\"https:\/\/hzpt.com\/wp-content\/uploads\/2023\/12\/insert-3.webp\" alt=\"\" title=\"\"><\/p>\n<h2>A hegesztett vill\u00e1s henger el\u0151nyei<\/h2>\n<p>A hegesztett vill\u00e1shengerek n\u00e9pszer\u0171 v\u00e1laszt\u00e1snak bizonyulnak sz\u00e1mos ipari alkalmaz\u00e1sban egyedi el\u0151nyeik \u00e9s hasznuk miatt. \u00cdme a hegesztett vill\u00e1shengerek n\u00e9h\u00e1ny f\u0151 el\u0151nye:<\/p>\n<h3>1. Fokozott szil\u00e1rds\u00e1g \u00e9s tart\u00f3ss\u00e1g<\/h3>\n<p>A hegesztett vill\u00e1s hengerek hegesztett v\u00e9gz\u00e1r\u00f3val k\u00e9sz\u00fclnek, ami nagyobb szil\u00e1rds\u00e1got \u00e9s tart\u00f3ss\u00e1got biztos\u00edt m\u00e1s t\u00edpus\u00fa hengerekhez k\u00e9pest. Ez ide\u00e1liss\u00e1 teszi \u0151ket nagy ig\u00e9nybev\u00e9tel\u0171 alkalmaz\u00e1sokhoz, amelyek nagyfok\u00fa szil\u00e1rds\u00e1got \u00e9s tart\u00f3ss\u00e1got ig\u00e9nyelnek.<\/p>\n<p>Ezenk\u00edv\u00fcl ezeknek a hengereknek a hegesztett kialak\u00edt\u00e1sa azt jelenti, hogy kisebb a sziv\u00e1rg\u00e1s vagy a meghib\u00e1sod\u00e1s val\u00f3sz\u00edn\u0171s\u00e9ge, ami seg\u00edthet cs\u00f6kkenteni az \u00e1ll\u00e1sid\u0151t \u00e9s a karbantart\u00e1si k\u00f6lts\u00e9geket.<\/p>\n<h3>2. Nagy nyom\u00e1s kezel\u00e9s\u00e9nek k\u00e9pess\u00e9ge<\/h3>\n<p>A hegesztett kengyeles hengerek nagy nyom\u00e1s\u00fa alkalmaz\u00e1sokhoz is alkalmasak, \u00edgy n\u00e9pszer\u0171 v\u00e1laszt\u00e1snak sz\u00e1m\u00edtanak olyan ipar\u00e1gakban, mint az \u00e9p\u00edt\u0151ipar, a b\u00e1ny\u00e1szat, valamint az olaj- \u00e9s g\u00e1zipar. A nagy nyom\u00e1st\u0171r\u0151 k\u00e9pess\u00e9g\u00fck megb\u00edzhat\u00f3 teljes\u00edtm\u00e9nyt biztos\u00edt ig\u00e9nyes k\u00f6rnyezetben.<\/p>\n<h3>3. Testreszabhat\u00f3 diz\u00e1jn<\/h3>\n<p>A hegesztett vill\u00e1s hengerek egyedi tervez\u00e9s\u0171ek, hogy megfeleljenek egy adott alkalmaz\u00e1s ig\u00e9nyeinek. Ez azt jelenti, hogy egy adott m\u00e9rethez, alakhoz vagy teljes\u00edtm\u00e9nyk\u00f6vetelm\u00e9nyhez igaz\u00edthat\u00f3k. A testreszabhat\u00f3 kialak\u00edt\u00e1s nagyobb rugalmass\u00e1got is biztos\u00edt a gy\u00e1rt\u00e1si folyamatban, ami k\u00f6lts\u00e9gmegtakar\u00edt\u00e1shoz vezethet.<\/p>\n<h3>4. K\u00f6nny\u0171 telep\u00edt\u00e9s<\/h3>\n<p>A hegesztett vill\u00e1s hengerek k\u00f6nnyen telep\u00edthet\u0151k, ami seg\u00edt cs\u00f6kkenteni a be\u00e1ll\u00edt\u00e1si id\u0151t \u00e9s a munkak\u00f6lts\u00e9geket. \u00c1ltal\u00e1ban el\u0151re \u00f6sszeszereltek \u00e9s haszn\u00e1latra k\u00e9szek a dobozb\u00f3l kiv\u00e9ve, ami minimaliz\u00e1lja a tov\u00e1bbi alkatr\u00e9szek vagy komponensek sz\u00fcks\u00e9gess\u00e9g\u00e9t.<\/p>\n<h3>5. Jav\u00edtott teljes\u00edtm\u00e9ny<\/h3>\n<p>A hegesztett vill\u00e1s hengerek kialak\u00edt\u00e1sa jobb teljes\u00edtm\u00e9nyt tesz lehet\u0151v\u00e9 m\u00e1s t\u00edpus\u00fa hengerekhez k\u00e9pest. Nyom\u00e1segys\u00e9gre vet\u00edtve nagyobb er\u0151t tudnak el\u0151\u00e1ll\u00edtani, ami seg\u00edthet jav\u00edtani a hat\u00e9konys\u00e1got \u00e9s a termel\u00e9kenys\u00e9get az ipari alkalmaz\u00e1sokban.<\/p>\n<p>\u00d6sszess\u00e9g\u00e9ben a hegesztett vill\u00e1s hengerek sz\u00e1mos el\u0151nnyel \u00e9s hasznal rendelkeznek, amelyek n\u00e9pszer\u0171v\u00e9 teszik \u0151ket sz\u00e1mos ipari alkalmaz\u00e1sban. Megn\u00f6velt szil\u00e1rds\u00e1guk \u00e9s tart\u00f3ss\u00e1guk, nagy nyom\u00e1st\u0171r\u0151 k\u00e9pess\u00e9g\u00fck, testreszabhat\u00f3 kialak\u00edt\u00e1suk, egyszer\u0171 telep\u00edt\u00e9s\u00fck \u00e9s jobb teljes\u00edtm\u00e9ny\u00fck ide\u00e1lis v\u00e1laszt\u00e1ss\u00e1 teszi \u0151ket ig\u00e9nyes k\u00f6rnyezetekben, ahol a megb\u00edzhat\u00f3s\u00e1g \u00e9s a teljes\u00edtm\u00e9ny kulcsfontoss\u00e1g\u00fa.<\/p>\n<p><img decoding=\"async\" src=\"https:\/\/hzpt.com\/wp-content\/uploads\/2023\/12\/insert-2.webp\" alt=\"\" title=\"\"><\/p>\n<h2>Hegesztett Clevis t\u00edpus\u00fa henger alkalmaz\u00e1sa<\/h2>\n<ul>\n<li><strong>Ipari g\u00e9pek:<\/strong> A hegesztett vill\u00e1s hengereket sz\u00e9les k\u00f6rben haszn\u00e1lj\u00e1k k\u00fcl\u00f6nf\u00e9le ipari g\u00e9pekben nagy teherb\u00edr\u00e1s\u00fa alkalmaz\u00e1sokhoz. Ezek a hengerek nagy er\u0151kifejt\u00e9sre k\u00e9pesek a g\u00e9pek alkatr\u00e9szeinek emel\u00e9s\u00e9hez \u00e9s pr\u00e9sel\u00e9s\u00e9hez. A hegesztett vill\u00e1s kialak\u00edt\u00e1s lehet\u0151v\u00e9 teszi a k\u00f6nny\u0171 telep\u00edt\u00e9st \u00e9s a hat\u00e9kony m\u0171k\u00f6d\u00e9st, \u00edgy n\u00e9pszer\u0171 v\u00e1laszt\u00e1s a gy\u00e1rt\u00f3k sz\u00e1m\u00e1ra.\n<ul>\n<li>A feldolgoz\u00f3iparban a hegesztett vill\u00e1shengereket hidraulikus pr\u00e9sekben, fr\u00f6ccs\u00f6nt\u0151 g\u00e9pekben \u00e9s f\u00e9msajtol\u00f3 berendez\u00e9sekben haszn\u00e1lj\u00e1k a f\u00e9mlemezek alak\u00edt\u00e1s\u00e1hoz \u00e9s alak\u00edt\u00e1s\u00e1hoz sz\u00fcks\u00e9ges er\u0151 biztos\u00edt\u00e1s\u00e1ra.<\/li>\n<li>Az aut\u00f3iparban ezeket a munkahengereket aut\u00f3emel\u0151kben, felvon\u00f3kban \u00e9s \u00f6sszeszerel\u0151 g\u00e9pekben haszn\u00e1lj\u00e1k neh\u00e9z alkatr\u00e9szek emel\u00e9s\u00e9re a gy\u00e1rt\u00e1si folyamat sor\u00e1n.<\/li>\n<li>Az \u00e9p\u00edt\u0151iparban hegesztett vill\u00e1s hengereket haszn\u00e1lnak darukban, kotr\u00f3g\u00e9pekben \u00e9s buld\u00f3zerekben a neh\u00e9z terheket emel\u0151 \u00e9s mozgat\u00f3 hidraulikus rendszerek m\u0171k\u00f6dtet\u00e9s\u00e9re.<\/li>\n<\/ul>\n<\/li>\n<li><strong>Mez\u0151gazdas\u00e1gi g\u00e9pek:<\/strong> A mez\u0151gazdas\u00e1gi g\u00e9pek az egyik legfontosabb ter\u00fclet, ahol a hegesztett vill\u00e1s hengereket haszn\u00e1lj\u00e1k. Ezeket a hengereket k\u00fcl\u00f6nf\u00e9le mez\u0151gazdas\u00e1gi g\u00e9pekben, bele\u00e9rtve a traktorokat, betakar\u00edt\u00f3g\u00e9peket \u00e9s ek\u00e9ket, haszn\u00e1lj\u00e1k a talaj-el\u0151k\u00e9sz\u00edt\u00e9shez, \u00fcltet\u00e9shez \u00e9s betakar\u00edt\u00e1shoz sz\u00fcks\u00e9ges er\u0151 biztos\u00edt\u00e1s\u00e1ra.\n<ul>\n<li>A mez\u0151gazdas\u00e1gban a hegesztett vill\u00e1s hengereket ek\u00e9kben, kultiv\u00e1torokban \u00e9s vet\u0151g\u00e9pekben haszn\u00e1lj\u00e1k a talaj-el\u0151k\u00e9sz\u00edt\u00e9shez \u00e9s a vet\u0151mag \u00fcltet\u00e9s\u00e9hez sz\u00fcks\u00e9ges er\u0151 biztos\u00edt\u00e1s\u00e1ra.<\/li>\n<li>A betakar\u00edt\u00f3iparban ezeket a hengereket betakar\u00edt\u00f3g\u00e9pekben, b\u00e1l\u00e1z\u00f3kban \u00e9s f\u0171ny\u00edr\u00f3kban haszn\u00e1lj\u00e1k a term\u00e9nyt \u00f6sszegy\u0171jt\u0151 \u00e9s sz\u00e1ll\u00edt\u00f3 hidraulikus rendszerek m\u0171k\u00f6dtet\u00e9s\u00e9re.<\/li>\n<\/ul>\n<\/li>\n<li><strong>Rep\u00fcl\u00e9s \u00e9s v\u00e9delem:<\/strong> A hegesztett Clevis t\u00edpus\u00fa hengereket a rep\u00fcl\u0151g\u00e9piparban \u00e9s a v\u00e9delmi iparban is haszn\u00e1lj\u00e1k, ahol sz\u00e9les k\u00f6rben alkalmazz\u00e1k rep\u00fcl\u0151g\u00e9pekhez, rak\u00e9t\u00e1khoz, rak\u00e9t\u00e1khoz \u00e9s v\u00e9delmi rendszerekhez.\n<ul>\n<li>A rep\u00fcl\u0151g\u00e9piparban hegesztett vill\u00e1shengereket haszn\u00e1lnak rep\u00fcl\u0151g\u00e9pek fut\u00f3m\u0171veiben, f\u00e9ksz\u00e1rnyaiban \u00e9s f\u00e9keiben, hogy biztos\u00edts\u00e1k a sz\u00fcks\u00e9ges er\u0151t a felsz\u00e1ll\u00e1shoz \u00e9s lesz\u00e1ll\u00e1shoz.<\/li>\n<li>A v\u00e9delmi iparban ezeket a hengereket rak\u00e9tavet\u0151kben, l\u00f6vegtornyokban \u00e9s harckocsirendszerekben haszn\u00e1lj\u00e1k a fegyverek \u00e9s l\u0151szerek mozg\u00e1s\u00e1t szab\u00e1lyoz\u00f3 hidraulikus rendszerek m\u0171k\u00f6dtet\u00e9s\u00e9re.<\/li>\n<\/ul>\n<\/li>\n<li><strong>Tenger\u00e9szeti ipar:<\/strong> A hegesztett vill\u00e1s hengereket sz\u00e9les k\u00f6rben haszn\u00e1lj\u00e1k a tenger\u00e9szeti iparban is, ahol haj\u00f3khoz, cs\u00f3nakokhoz \u00e9s v\u00edz alatti j\u00e1rm\u0171vekhez k\u00fcl\u00f6nf\u00e9le alkalmaz\u00e1sokban haszn\u00e1lj\u00e1k \u0151ket.\n<ul>\n<li>A haj\u00f3z\u00e1si iparban hegesztett vill\u00e1s hengereket haszn\u00e1lnak darukban, cs\u00f6rl\u0151kben \u00e9s rakom\u00e1nykezel\u0151 berendez\u00e9sekben, hogy biztos\u00edts\u00e1k a sz\u00fcks\u00e9ges er\u0151t a rakom\u00e1ny be- \u00e9s kirakod\u00e1s\u00e1hoz.<\/li>\n<li>A haj\u00f3z\u00e1si iparban ezeket a hengereket korm\u00e1nyrendszerekben, haj\u00f3csavarokban \u00e9s horgonyrendszerekben haszn\u00e1lj\u00e1k, hogy biztos\u00edts\u00e1k a sz\u00fcks\u00e9ges er\u0151t a haj\u00f3k \u00e9s haj\u00f3k mozg\u00e1s\u00e1nak szab\u00e1lyoz\u00e1s\u00e1hoz.<\/li>\n<li>A v\u00edz alatti j\u00e1rm\u0171iparban hegesztett vill\u00e1shengereket haszn\u00e1lnak mer\u00fcl\u0151haj\u00f3kban, t\u00e1vir\u00e1ny\u00edt\u00e1s\u00fa j\u00e1rm\u0171vekben (ROV) \u00e9s b\u00fav\u00e1rfelszerel\u00e9sekben, hogy biztos\u00edts\u00e1k a v\u00edz alatti m\u0171veletekhez sz\u00fcks\u00e9ges er\u0151t.<\/li>\n<\/ul>\n<\/li>\n<li><strong>B\u00e1nyaipar:<\/strong> A hegesztett vill\u00e1s hengereket a b\u00e1ny\u00e1szati \u200b\u200biparban is haszn\u00e1lj\u00e1k, ahol \u00e1sv\u00e1nykincsek kitermel\u00e9s\u00e9re \u00e9s anyagmozgat\u00e1sra k\u00fcl\u00f6nf\u00e9le alkalmaz\u00e1sokban alkalmazz\u00e1k \u0151ket.\n<ul>\n<li>A b\u00e1ny\u00e1szati \u200b\u200biparban a hegesztett vill\u00e1s hengereket sz\u00e1ll\u00edt\u00f3szalag-rendszerekben, f\u00far\u00f3g\u00e9pekben \u00e9s hidraulikus lap\u00e1tokban haszn\u00e1lj\u00e1k, hogy biztos\u00edts\u00e1k a sz\u00fcks\u00e9ges er\u0151t az \u00e1sv\u00e1nyok \u00e9s anyagok b\u00e1ny\u00e1kb\u00f3l \u00e9s k\u0151b\u00e1ny\u00e1kb\u00f3l t\u00f6rt\u00e9n\u0151 kinyer\u00e9s\u00e9hez.<\/li>\n<\/ul>\n<\/li>\n<\/ul>\n<h2>Az FMP-r\u0151l<\/h2>\n<p>Hidraulikaolaj \u00e9s olajt\u00f6m\u00edt\u00e9s kiv\u00e1laszt\u00e1sakor vegye figyelembe az \u00fczemi k\u00f6rnyezetet \u00e9s a g\u00e9p specifik\u00e1ci\u00f3it. A hidraulikus henger m\u00e9r\u00e9s\u00e9hez a legjobb, ha a gy\u00e1rt\u00f3 \u00fatmutat\u00f3j\u00e1t olvassa el. A hidraulikus hengerek vezet\u0151 sz\u00e1ll\u00edt\u00f3jak\u00e9nt az FMP \u00e1tfog\u00f3 \u00fatmutat\u00f3t ny\u00fajt a term\u00e9k kiv\u00e1laszt\u00e1s\u00e1hoz, telep\u00edt\u00e9s\u00e9hez \u00e9s karbantart\u00e1s\u00e1hoz.<\/p>\n<p>Az FMP vezet\u0151 poz\u00edci\u00f3t foglal el az olaszorsz\u00e1gi mobil munkag\u00e9pek hidraulikus hengereinek piac\u00e1n. Kiv\u00e1l\u00f3 min\u0151s\u00e9g\u0171 term\u00e9keket k\u00edn\u00e1lunk versenyk\u00e9pes \u00e1ron \u00e9s kiv\u00e1l\u00f3 szolg\u00e1ltat\u00e1ssal. A hidraulikus hengerek mellett emel\u0151kosaras munkahengereket, ipari j\u00e1rm\u0171vek hidraulikus hengereit, forg\u00f3f\u00far\u00f3tornyok hengereit, teheraut\u00f3-daru hengereket, m\u00e9rn\u00f6ki g\u00e9pek hidraulikus hengereit is forgalmazunk. <b>Targonca hidraulikus hengerek<\/b>, d\u00f6mperek hengerei \u00e9s szennyv\u00edzkezel\u0151 g\u00e9pek hidraulikus hengerei. Egyedi megrendel\u00e9seket is sz\u00edvesen fogadunk az \u00d6n specifik\u00e1ci\u00f3i alapj\u00e1n.<\/p>\n<p><img decoding=\"async\" src=\"https:\/\/hzpt.com\/wp-content\/uploads\/2023\/12\/insert-5.webp\" alt=\"FMP gy\u00e1r\" title=\"\"><\/p>\n<h2>GYIK<\/h2>\n<h3>1. Mekkora a hidraulikus henger teherb\u00edr\u00e1sa?<\/h3>\n<p>A teherb\u00edr\u00e1s modellenk\u00e9nt \u00e9s alkalmaz\u00e1sonk\u00e9nt v\u00e1ltozik. R\u00e9szletes inform\u00e1ci\u00f3k\u00e9rt k\u00e9rj\u00fck, tekintse meg a term\u00e9k k\u00e9zik\u00f6nyv\u00e9t.<\/p>\n<h3>2. Mennyire energiahat\u00e9kony a hidraulikus henger?<\/h3>\n<p>Hidraulikus hengereinket \u00fagy tervezt\u00fck, hogy rendk\u00edv\u00fcl energiahat\u00e9konyak legyenek, cs\u00f6kkentve az \u00fczemeltet\u00e9si k\u00f6lts\u00e9geket.<\/p>\n<h3>3. Hogyan kell megm\u00e9rni a hidraulikus hengert?<\/h3>\n<p>A term\u00e9khez mell\u00e9kelt gy\u00e1rt\u00f3i \u00fatmutat\u00f3ban t\u00e1j\u00e9koz\u00f3dhat.<\/p>\n<h3>4. Mi a hidraulikus henger telep\u00edt\u00e9si folyamata?<\/h3>\n<p>A telep\u00edt\u00e9si folyamat egyszer\u0171, \u00e9s alapvet\u0151 eszk\u00f6z\u00f6kkel elv\u00e9gezhet\u0151. A legjobb eredm\u00e9ny el\u00e9r\u00e9se \u00e9rdek\u00e9ben azonban aj\u00e1nlott szakembert megb\u00edzni a telep\u00edt\u00e9ssel.<\/p>\n<h3>5. Milyen gyakran ig\u00e9nyel karbantart\u00e1st a hidraulikus henger?<\/h3>\n<p>A karbantart\u00e1s gyakoris\u00e1ga a haszn\u00e1latt\u00f3l f\u00fcgg. Az optim\u00e1lis teljes\u00edtm\u00e9ny biztos\u00edt\u00e1sa \u00e9rdek\u00e9ben azonban aj\u00e1nlott rendszeresen ellen\u0151rizni a sziv\u00e1rg\u00e1sokat \u00e9s a nyom\u00e1sszinteket.<\/p>\n<p>Szerz\u0151: CX<\/p>","protected":false},"excerpt":{"rendered":"<p>Product Introduction: The 10017 Cost Effective Double Acting Small Hydraulic Cylinder for Agricultural Machinery is a high-quality hydraulic cylinder designed specifically for agricultural applications. This cylinder is engineered to provide efficient and reliable performance while being cost-effective. Featuring a double-acting design, this hydraulic cylinder is capable of operating in both directions, allowing for smooth and [&hellip;]<\/p>","protected":false},"featured_media":1127,"comment_status":"closed","ping_status":"closed","template":"","meta":{"_et_pb_use_builder":"","_et_pb_old_content":"","_et_gb_content_width":""},"product_brand":[],"product_cat":[36],"product_tag":[34,38],"class_list":{"0":"post-1025","1":"product","2":"type-product","3":"status-publish","4":"has-post-thumbnail","6":"product_cat-welded-clevis-type-cylinder","7":"product_tag-hydraulic-cylinder","8":"product_tag-welded-clevis-type-cylinder","10":"first","11":"instock","12":"product-type-simple"},"_links":{"self":[{"href":"https:\/\/fmp-components.com\/hu\/wp-json\/wp\/v2\/product\/1025","targetHints":{"allow":["GET"]}}],"collection":[{"href":"https:\/\/fmp-components.com\/hu\/wp-json\/wp\/v2\/product"}],"about":[{"href":"https:\/\/fmp-components.com\/hu\/wp-json\/wp\/v2\/types\/product"}],"replies":[{"embeddable":true,"href":"https:\/\/fmp-components.com\/hu\/wp-json\/wp\/v2\/comments?post=1025"}],"wp:featuredmedia":[{"embeddable":true,"href":"https:\/\/fmp-components.com\/hu\/wp-json\/wp\/v2\/media\/1127"}],"wp:attachment":[{"href":"https:\/\/fmp-components.com\/hu\/wp-json\/wp\/v2\/media?parent=1025"}],"wp:term":[{"taxonomy":"product_brand","embeddable":true,"href":"https:\/\/fmp-components.com\/hu\/wp-json\/wp\/v2\/product_brand?post=1025"},{"taxonomy":"product_cat","embeddable":true,"href":"https:\/\/fmp-components.com\/hu\/wp-json\/wp\/v2\/product_cat?post=1025"},{"taxonomy":"product_tag","embeddable":true,"href":"https:\/\/fmp-components.com\/hu\/wp-json\/wp\/v2\/product_tag?post=1025"}],"curies":[{"name":"munkaf\u00fczet","href":"https:\/\/api.w.org\/{rel}","templated":true}]}}