{"id":1019,"date":"2024-12-19T06:16:24","date_gmt":"2024-12-19T06:16:24","guid":{"rendered":"https:\/\/fmp-components.com\/product\/10011-factory-direct-sale-agriculture-stainless-steel-hydraulic-cylinder\/"},"modified":"2024-12-26T08:54:53","modified_gmt":"2024-12-26T08:54:53","slug":"10011-factory-direct-sale-agriculture-stainless-steel-hydraulic-cylinder","status":"publish","type":"product","link":"https:\/\/fmp-components.com\/hu\/product\/10011-factory-direct-sale-agriculture-stainless-steel-hydraulic-cylinder\/","title":{"rendered":"10011 Gy\u00e1ri k\u00f6zvetlen \u00e9rt\u00e9kes\u00edt\u00e9s\u0171 mez\u0151gazdas\u00e1gi rozsdamentes ac\u00e9l hidraulikus henger"},"content":{"rendered":"<h2>Bemutatkozik az 10011 gy\u00e1ri k\u00f6zvetlen \u00e9rt\u00e9kes\u00edt\u00e9s\u0171 mez\u0151gazdas\u00e1gi rozsdamentes ac\u00e9l hidraulikus henger:<\/h2>\n<p>A 10011 gy\u00e1rilag k\u00f6zvetlen \u00e9rt\u00e9kes\u00edt\u00e9s\u0171 mez\u0151gazdas\u00e1gi rozsdamentes ac\u00e9l hidraulikus henger egy kiv\u00e1l\u00f3 min\u0151s\u00e9g\u0171 term\u00e9k, amelyet kifejezetten mez\u0151gazdas\u00e1gi alkalmaz\u00e1sokhoz terveztek. Tart\u00f3s rozsdamentes ac\u00e9lb\u00f3l k\u00e9sz\u00fclt, ez a hidraulikus henger kiv\u00e1l\u00f3 szil\u00e1rds\u00e1got \u00e9s korr\u00f3zi\u00f3\u00e1ll\u00f3s\u00e1got k\u00edn\u00e1l, biztos\u00edtva a megb\u00edzhat\u00f3s\u00e1g\u00e1t a zord mez\u0151gazdas\u00e1gi k\u00f6rnyezetben.<\/p>\n<p>A gy\u00e1ri k\u00f6zvetlen \u00e9rt\u00e9kes\u00edt\u00e9snek k\u00f6sz\u00f6nhet\u0151en ez a hidraulikus henger kiv\u00e1l\u00f3 \u00e1r-\u00e9rt\u00e9k ar\u00e1nyt k\u00edn\u00e1l az \u00fcgyfeleknek a teljes\u00edtm\u00e9ny fel\u00e1ldoz\u00e1sa n\u00e9lk\u00fcl. Hat\u00e9kony \u00e9s prec\u00edz hidraulikus teljes\u00edtm\u00e9ny biztos\u00edt\u00e1s\u00e1ra tervezt\u00e9k, \u00edgy ide\u00e1lis v\u00e1laszt\u00e1s k\u00fcl\u00f6nf\u00e9le mez\u0151gazdas\u00e1gi feladatokhoz, p\u00e9ld\u00e1ul neh\u00e9z terhek emel\u00e9s\u00e9hez, g\u00e9pek kezel\u00e9s\u00e9hez \u00e9s mez\u0151gazdas\u00e1gi eszk\u00f6z\u00f6k m\u0171k\u00f6dtet\u00e9s\u00e9hez.<\/p>\n<p>A 10011-es gy\u00e1rilag k\u00f6zvetlen \u00e9rt\u00e9kes\u00edt\u00e9s\u0171 mez\u0151gazdas\u00e1gi rozsdamentes ac\u00e9l hidraulikus henger kiv\u00e9teles kialak\u00edt\u00e1s\u00e1val \u00e9s konstrukci\u00f3j\u00e1val t\u0171nik ki. Fejlett t\u00f6m\u00edt\u00e9stechnol\u00f3gi\u00e1val rendelkezik, amely sziv\u00e1rg\u00e1smentes teljes\u00edtm\u00e9nyt biztos\u00edt \u00e9s minimaliz\u00e1lja az \u00e1ll\u00e1sid\u0151t. Ezenk\u00edv\u00fcl rozsdamentes ac\u00e9l konstrukci\u00f3ja kiv\u00e1l\u00f3 ellen\u00e1ll\u00e1st biztos\u00edt a rozsda \u00e9s a korr\u00f3zi\u00f3 ellen, meghosszabb\u00edtva a henger \u00e9lettartam\u00e1t \u00e9s cs\u00f6kkentve a karbantart\u00e1si k\u00f6lts\u00e9geket.<\/p>\n<p>Ez a hidraulikus henger k\u00f6nnyen telep\u00edthet\u0151 \u00e9s sz\u00e1mos mez\u0151gazdas\u00e1gi berendez\u00e9ssel kompatibilis. Sokoldal\u00fas\u00e1ga lehet\u0151v\u00e9 teszi a gazd\u00e1lkod\u00f3k \u00e9s a mez\u0151gazdas\u00e1gi szakemberek sz\u00e1m\u00e1ra, hogy k\u00fcl\u00f6nb\u00f6z\u0151 alkalmaz\u00e1sokban haszn\u00e1lj\u00e1k, n\u00f6velve a termel\u00e9kenys\u00e9get \u00e9s a hat\u00e9konys\u00e1got a sz\u00e1nt\u00f3f\u00f6ld\u00f6n.<\/p>\n<p>\u00d6sszefoglalva, a 10011 gy\u00e1rilag k\u00f6zvetlen \u00e9rt\u00e9kes\u00edt\u00e9s\u0171 mez\u0151gazdas\u00e1gi rozsdamentes ac\u00e9l hidraulikus henger megb\u00edzhat\u00f3 \u00e9s tart\u00f3s megold\u00e1s a mez\u0151gazdas\u00e1gi hidraulikus rendszerekhez. Kiv\u00e1l\u00f3 teljes\u00edtm\u00e9nye, korr\u00f3zi\u00f3\u00e1ll\u00f3s\u00e1ga \u00e9s \u00e1r-\u00e9rt\u00e9k ar\u00e1nya kiv\u00e1l\u00f3 v\u00e1laszt\u00e1ss\u00e1 teszi a gazd\u00e1lkod\u00f3k \u00e9s a mez\u0151gazdas\u00e1gi szakemberek sz\u00e1m\u00e1ra, akik optimaliz\u00e1lni szeretn\u00e9k m\u0171k\u00f6d\u00e9s\u00fcket.<\/p>\n<h2>F\u0151bb jellemz\u0151k \u00e9s el\u0151ny\u00f6k<\/h2>\n<ul>\n<li><strong>Tart\u00f3s:<\/strong> A rozsdamentes ac\u00e9l konstrukci\u00f3 biztos\u00edtja, hogy a henger ellen\u00e1lljon a legmostoh\u00e1bb mez\u0151gazdas\u00e1gi k\u00f6rnyezeteknek is.<\/li>\n<li><strong>Energiahat\u00e9kony:<\/strong> A henger kialak\u00edt\u00e1sa optimaliz\u00e1lja a hidraulikafolyad\u00e9k-felhaszn\u00e1l\u00e1st, energi\u00e1t takar\u00edt meg \u00e9s cs\u00f6kkenti az \u00fczemeltet\u00e9si k\u00f6lts\u00e9geket.<\/li>\n<li><strong>Biztons\u00e1g:<\/strong> A hengert a biztons\u00e1g szem el\u0151tt tart\u00e1s\u00e1val tervezt\u00e9k, minimaliz\u00e1lva a balesetek kock\u00e1zat\u00e1t m\u0171k\u00f6d\u00e9s k\u00f6zben.<\/li>\n<\/ul>\n<p><img decoding=\"async\" src=\"https:\/\/hzpt.com\/wp-content\/uploads\/2023\/12\/insert-4.webp?v=1694163707\" alt=\"\" title=\"\"><\/p>\n<h2>A hegesztett vill\u00e1s henger el\u0151nyei<\/h2>\n<p>A hegesztett vill\u00e1shengerek n\u00e9pszer\u0171 v\u00e1laszt\u00e1snak bizonyulnak sz\u00e1mos ipari alkalmaz\u00e1sban egyedi el\u0151nyeik \u00e9s hasznuk miatt. \u00cdme a hegesztett vill\u00e1shengerek n\u00e9h\u00e1ny f\u0151 el\u0151nye:<\/p>\n<h3>1. Fokozott szil\u00e1rds\u00e1g \u00e9s tart\u00f3ss\u00e1g<\/h3>\n<p>A hegesztett vill\u00e1s hengerek hegesztett v\u00e9gz\u00e1r\u00f3val k\u00e9sz\u00fclnek, ami nagyobb szil\u00e1rds\u00e1got \u00e9s tart\u00f3ss\u00e1got biztos\u00edt m\u00e1s t\u00edpus\u00fa hengerekhez k\u00e9pest. Ez ide\u00e1liss\u00e1 teszi \u0151ket nagy ig\u00e9nybev\u00e9tel\u0171 alkalmaz\u00e1sokhoz, amelyek nagyfok\u00fa szil\u00e1rds\u00e1got \u00e9s tart\u00f3ss\u00e1got ig\u00e9nyelnek.<\/p>\n<p>Ezenk\u00edv\u00fcl ezeknek a hengereknek a hegesztett kialak\u00edt\u00e1sa azt jelenti, hogy kisebb a sziv\u00e1rg\u00e1s vagy a meghib\u00e1sod\u00e1s val\u00f3sz\u00edn\u0171s\u00e9ge, ami seg\u00edthet cs\u00f6kkenteni az \u00e1ll\u00e1sid\u0151t \u00e9s a karbantart\u00e1si k\u00f6lts\u00e9geket.<\/p>\n<h3>2. Nagy nyom\u00e1s kezel\u00e9s\u00e9nek k\u00e9pess\u00e9ge<\/h3>\n<p>A hegesztett kengyeles hengerek nagy nyom\u00e1s\u00fa alkalmaz\u00e1sokhoz is alkalmasak, \u00edgy n\u00e9pszer\u0171 v\u00e1laszt\u00e1snak sz\u00e1m\u00edtanak olyan ipar\u00e1gakban, mint az \u00e9p\u00edt\u0151ipar, a b\u00e1ny\u00e1szat, valamint az olaj- \u00e9s g\u00e1zipar. A nagy nyom\u00e1st\u0171r\u0151 k\u00e9pess\u00e9g\u00fck megb\u00edzhat\u00f3 teljes\u00edtm\u00e9nyt biztos\u00edt ig\u00e9nyes k\u00f6rnyezetben.<\/p>\n<h3>3. Testreszabhat\u00f3 diz\u00e1jn<\/h3>\n<p>A hegesztett vill\u00e1s hengerek egyedi tervez\u00e9s\u0171ek, hogy megfeleljenek egy adott alkalmaz\u00e1s ig\u00e9nyeinek. Ez azt jelenti, hogy egy adott m\u00e9rethez, alakhoz vagy teljes\u00edtm\u00e9nyk\u00f6vetelm\u00e9nyhez igaz\u00edthat\u00f3k. A testreszabhat\u00f3 kialak\u00edt\u00e1s nagyobb rugalmass\u00e1got is biztos\u00edt a gy\u00e1rt\u00e1si folyamatban, ami k\u00f6lts\u00e9gmegtakar\u00edt\u00e1shoz vezethet.<\/p>\n<h3>4. K\u00f6nny\u0171 telep\u00edt\u00e9s<\/h3>\n<p>A hegesztett vill\u00e1s hengerek k\u00f6nnyen telep\u00edthet\u0151k, ami seg\u00edt cs\u00f6kkenteni a be\u00e1ll\u00edt\u00e1si id\u0151t \u00e9s a munkak\u00f6lts\u00e9geket. \u00c1ltal\u00e1ban el\u0151re \u00f6sszeszereltek \u00e9s haszn\u00e1latra k\u00e9szek a dobozb\u00f3l kiv\u00e9ve, ami minimaliz\u00e1lja a tov\u00e1bbi alkatr\u00e9szek vagy komponensek sz\u00fcks\u00e9gess\u00e9g\u00e9t.<\/p>\n<h3>5. Jav\u00edtott teljes\u00edtm\u00e9ny<\/h3>\n<p>A hegesztett vill\u00e1s hengerek kialak\u00edt\u00e1sa jobb teljes\u00edtm\u00e9nyt tesz lehet\u0151v\u00e9 m\u00e1s t\u00edpus\u00fa hengerekhez k\u00e9pest. Nyom\u00e1segys\u00e9gre vet\u00edtve nagyobb er\u0151t tudnak el\u0151\u00e1ll\u00edtani, ami seg\u00edthet jav\u00edtani a hat\u00e9konys\u00e1got \u00e9s a termel\u00e9kenys\u00e9get az ipari alkalmaz\u00e1sokban.<\/p>\n<p>\u00d6sszess\u00e9g\u00e9ben a hegesztett vill\u00e1s hengerek sz\u00e1mos el\u0151nnyel \u00e9s hasznal rendelkeznek, amelyek n\u00e9pszer\u0171v\u00e9 teszik \u0151ket sz\u00e1mos ipari alkalmaz\u00e1sban. Megn\u00f6velt szil\u00e1rds\u00e1guk \u00e9s tart\u00f3ss\u00e1guk, nagy nyom\u00e1st\u0171r\u0151 k\u00e9pess\u00e9g\u00fck, testreszabhat\u00f3 kialak\u00edt\u00e1suk, egyszer\u0171 telep\u00edt\u00e9s\u00fck \u00e9s jobb teljes\u00edtm\u00e9ny\u00fck ide\u00e1lis v\u00e1laszt\u00e1ss\u00e1 teszi \u0151ket ig\u00e9nyes k\u00f6rnyezetekben, ahol a megb\u00edzhat\u00f3s\u00e1g \u00e9s a teljes\u00edtm\u00e9ny kulcsfontoss\u00e1g\u00fa.<\/p>\n<h2>Hegesztett Clevis t\u00edpus\u00fa henger alkalmaz\u00e1sa<\/h2>\n<ul>\n<li><strong>Ipari g\u00e9pek:<\/strong> A hegesztett vill\u00e1s hengereket sz\u00e9les k\u00f6rben haszn\u00e1lj\u00e1k k\u00fcl\u00f6nf\u00e9le ipari g\u00e9pekben nagy teherb\u00edr\u00e1s\u00fa alkalmaz\u00e1sokhoz. Ezek a hengerek nagy er\u0151kifejt\u00e9sre k\u00e9pesek a g\u00e9pek alkatr\u00e9szeinek emel\u00e9s\u00e9hez \u00e9s pr\u00e9sel\u00e9s\u00e9hez. A hegesztett vill\u00e1s kialak\u00edt\u00e1s lehet\u0151v\u00e9 teszi a k\u00f6nny\u0171 telep\u00edt\u00e9st \u00e9s a hat\u00e9kony m\u0171k\u00f6d\u00e9st, \u00edgy n\u00e9pszer\u0171 v\u00e1laszt\u00e1s a gy\u00e1rt\u00f3k sz\u00e1m\u00e1ra.\n<ul>\n<li>A feldolgoz\u00f3iparban a hegesztett vill\u00e1shengereket hidraulikus pr\u00e9sekben, fr\u00f6ccs\u00f6nt\u0151 g\u00e9pekben \u00e9s f\u00e9msajtol\u00f3 berendez\u00e9sekben haszn\u00e1lj\u00e1k a f\u00e9mlemezek alak\u00edt\u00e1s\u00e1hoz \u00e9s alak\u00edt\u00e1s\u00e1hoz sz\u00fcks\u00e9ges er\u0151 biztos\u00edt\u00e1s\u00e1ra.<\/li>\n<li>Az aut\u00f3iparban ezeket a munkahengereket aut\u00f3emel\u0151kben, felvon\u00f3kban \u00e9s \u00f6sszeszerel\u0151 g\u00e9pekben haszn\u00e1lj\u00e1k neh\u00e9z alkatr\u00e9szek emel\u00e9s\u00e9re a gy\u00e1rt\u00e1si folyamat sor\u00e1n.<\/li>\n<li>Az \u00e9p\u00edt\u0151iparban hegesztett vill\u00e1s hengereket haszn\u00e1lnak darukban, kotr\u00f3g\u00e9pekben \u00e9s buld\u00f3zerekben a neh\u00e9z terheket emel\u0151 \u00e9s mozgat\u00f3 hidraulikus rendszerek m\u0171k\u00f6dtet\u00e9s\u00e9re.<\/li>\n<\/ul>\n<\/li>\n<li><strong>Mez\u0151gazdas\u00e1gi g\u00e9pek:<\/strong> A mez\u0151gazdas\u00e1gi g\u00e9pek az egyik legfontosabb ter\u00fclet, ahol a hegesztett vill\u00e1s hengereket haszn\u00e1lj\u00e1k. Ezeket a hengereket k\u00fcl\u00f6nf\u00e9le mez\u0151gazdas\u00e1gi g\u00e9pekben, bele\u00e9rtve a traktorokat, betakar\u00edt\u00f3g\u00e9peket \u00e9s ek\u00e9ket, haszn\u00e1lj\u00e1k a talaj-el\u0151k\u00e9sz\u00edt\u00e9shez, \u00fcltet\u00e9shez \u00e9s betakar\u00edt\u00e1shoz sz\u00fcks\u00e9ges er\u0151 biztos\u00edt\u00e1s\u00e1ra.\n<ul>\n<li>A mez\u0151gazdas\u00e1gban a hegesztett vill\u00e1s hengereket ek\u00e9kben, kultiv\u00e1torokban \u00e9s vet\u0151g\u00e9pekben haszn\u00e1lj\u00e1k a talaj-el\u0151k\u00e9sz\u00edt\u00e9shez \u00e9s a vet\u0151mag \u00fcltet\u00e9s\u00e9hez sz\u00fcks\u00e9ges er\u0151 biztos\u00edt\u00e1s\u00e1ra.<\/li>\n<li>A betakar\u00edt\u00f3iparban ezeket a hengereket betakar\u00edt\u00f3g\u00e9pekben, b\u00e1l\u00e1z\u00f3kban \u00e9s f\u0171ny\u00edr\u00f3kban haszn\u00e1lj\u00e1k a term\u00e9nyt \u00f6sszegy\u0171jt\u0151 \u00e9s sz\u00e1ll\u00edt\u00f3 hidraulikus rendszerek m\u0171k\u00f6dtet\u00e9s\u00e9re.<\/li>\n<\/ul>\n<\/li>\n<li><strong>Rep\u00fcl\u00e9s \u00e9s v\u00e9delem:<\/strong> A hegesztett Clevis t\u00edpus\u00fa hengereket a rep\u00fcl\u0151g\u00e9piparban \u00e9s a v\u00e9delmi iparban is haszn\u00e1lj\u00e1k, ahol sz\u00e9les k\u00f6rben alkalmazz\u00e1k rep\u00fcl\u0151g\u00e9pekhez, rak\u00e9t\u00e1khoz, rak\u00e9t\u00e1khoz \u00e9s v\u00e9delmi rendszerekhez.\n<ul>\n<li>A rep\u00fcl\u0151g\u00e9piparban hegesztett vill\u00e1shengereket haszn\u00e1lnak rep\u00fcl\u0151g\u00e9pek fut\u00f3m\u0171veiben, f\u00e9ksz\u00e1rnyaiban \u00e9s f\u00e9keiben, hogy biztos\u00edts\u00e1k a sz\u00fcks\u00e9ges er\u0151t a felsz\u00e1ll\u00e1shoz \u00e9s lesz\u00e1ll\u00e1shoz.<\/li>\n<li>A v\u00e9delmi iparban ezeket a hengereket rak\u00e9tavet\u0151kben, l\u00f6vegtornyokban \u00e9s harckocsirendszerekben haszn\u00e1lj\u00e1k a fegyverek \u00e9s l\u0151szerek mozg\u00e1s\u00e1t szab\u00e1lyoz\u00f3 hidraulikus rendszerek m\u0171k\u00f6dtet\u00e9s\u00e9re.<\/li>\n<\/ul>\n<\/li>\n<li><strong>Tenger\u00e9szeti ipar:<\/strong> A hegesztett vill\u00e1s hengereket sz\u00e9les k\u00f6rben haszn\u00e1lj\u00e1k a tenger\u00e9szeti iparban is, ahol haj\u00f3khoz, cs\u00f3nakokhoz \u00e9s v\u00edz alatti j\u00e1rm\u0171vekhez k\u00fcl\u00f6nf\u00e9le alkalmaz\u00e1sokban haszn\u00e1lj\u00e1k \u0151ket.\n<ul>\n<li>A haj\u00f3z\u00e1si iparban hegesztett vill\u00e1s hengereket haszn\u00e1lnak darukban, cs\u00f6rl\u0151kben \u00e9s rakom\u00e1nykezel\u0151 berendez\u00e9sekben, hogy biztos\u00edts\u00e1k a sz\u00fcks\u00e9ges er\u0151t a rakom\u00e1ny be- \u00e9s kirakod\u00e1s\u00e1hoz.<\/li>\n<li>A haj\u00f3z\u00e1si iparban ezeket a hengereket korm\u00e1nyrendszerekben, haj\u00f3csavarokban \u00e9s horgonyrendszerekben haszn\u00e1lj\u00e1k, hogy biztos\u00edts\u00e1k a sz\u00fcks\u00e9ges er\u0151t a haj\u00f3k \u00e9s haj\u00f3k mozg\u00e1s\u00e1nak szab\u00e1lyoz\u00e1s\u00e1hoz.<\/li>\n<li>A v\u00edz alatti j\u00e1rm\u0171iparban hegesztett vill\u00e1shengereket haszn\u00e1lnak mer\u00fcl\u0151haj\u00f3kban, t\u00e1vir\u00e1ny\u00edt\u00e1s\u00fa j\u00e1rm\u0171vekben (ROV) \u00e9s b\u00fav\u00e1rfelszerel\u00e9sekben, hogy biztos\u00edts\u00e1k a v\u00edz alatti m\u0171veletekhez sz\u00fcks\u00e9ges er\u0151t.<\/li>\n<\/ul>\n<\/li>\n<li><strong>B\u00e1nyaipar:<\/strong> A hegesztett vill\u00e1s hengereket a b\u00e1ny\u00e1szati \u200b\u200biparban is haszn\u00e1lj\u00e1k, ahol \u00e1sv\u00e1nykincsek kitermel\u00e9s\u00e9re \u00e9s anyagmozgat\u00e1sra k\u00fcl\u00f6nf\u00e9le alkalmaz\u00e1sokban alkalmazz\u00e1k \u0151ket.\n<ul>\n<li>A b\u00e1ny\u00e1szati \u200b\u200biparban a hegesztett vill\u00e1s hengereket sz\u00e1ll\u00edt\u00f3szalag-rendszerekben, f\u00far\u00f3g\u00e9pekben \u00e9s hidraulikus lap\u00e1tokban haszn\u00e1lj\u00e1k, hogy biztos\u00edts\u00e1k a sz\u00fcks\u00e9ges er\u0151t az \u00e1sv\u00e1nyok \u00e9s anyagok b\u00e1ny\u00e1kb\u00f3l \u00e9s k\u0151b\u00e1ny\u00e1kb\u00f3l t\u00f6rt\u00e9n\u0151 kinyer\u00e9s\u00e9hez.<\/li>\n<\/ul>\n<\/li>\n<\/ul>\n<h2>GYIK<\/h2>\n<h3>1. Mekkora a mez\u0151gazdas\u00e1gi rozsdamentes ac\u00e9l hidraulikus henger kapacit\u00e1sa?<\/h3>\n<p>A kapacit\u00e1s modellenk\u00e9nt elt\u00e9r\u0151. Tov\u00e1bbi inform\u00e1ci\u00f3\u00e9rt k\u00e9rj\u00fck, vegye fel vel\u00fcnk a kapcsolatot.<\/p>\n<h3>2. Hogyan szereljem fel a hidraulikus hengert?<\/h3>\n<p><img decoding=\"async\" src=\"https:\/\/hzpt.com\/wp-content\/uploads\/2023\/12\/insert-1.webp\" alt=\"\" title=\"\"><\/p>\n<p>A term\u00e9khez mell\u00e9kelj\u00fck a telep\u00edt\u00e9si \u00fatmutat\u00f3t. Ha b\u00e1rmilyen probl\u00e9m\u00e1ba \u00fctk\u00f6zik, \u00fcgyf\u00e9lszolg\u00e1latunk k\u00e9szs\u00e9ggel \u00e1ll rendelkez\u00e9s\u00e9re.<\/p>\n<h3>3. Milyen gyakran ig\u00e9nyel karbantart\u00e1st a hidraulikus henger?<\/h3>\n<p>A rendszeres karbantart\u00e1s elengedhetetlen a hidraulikus henger hossz\u00fa \u00e9lettartam\u00e1nak biztos\u00edt\u00e1s\u00e1hoz. Javasoljuk, hogy f\u00e9l\u00e9vente ellen\u0151rizze a hengert.<\/p>\n<h3>4. Haszn\u00e1lhat\u00f3-e a hidraulikus henger a mez\u0151gazdas\u00e1gon k\u00edv\u00fcl m\u00e1s alkalmaz\u00e1sokban is?<\/h3>\n<p>Igen, b\u00e1r a hengert mez\u0151gazdas\u00e1gi haszn\u00e1latra tervezt\u00e9k, m\u00e1s alkalmaz\u00e1sokban is haszn\u00e1lhat\u00f3. Tov\u00e1bbi inform\u00e1ci\u00f3\u00e9rt k\u00e9rj\u00fck, vegye fel vel\u00fcnk a kapcsolatot.<\/p>\n<h3>5. Testreszabhatom a hidraulikus hengert az ig\u00e9nyeimnek megfelel\u0151en?<\/h3>\n<p>Igen, k\u00edn\u00e1lunk testreszab\u00e1si szolg\u00e1ltat\u00e1sokat. K\u00e9rj\u00fck, vegye fel vel\u00fcnk a kapcsolatot az \u00d6n egyedi ig\u00e9nyeivel kapcsolatban.<\/p>\n<p>Szerz\u0151: CX<\/p>","protected":false},"excerpt":{"rendered":"<p>Introducing the 10011 Factory Direct Sale Agriculture Stainless Steel Hydraulic Cylinder: The 10011 Factory Direct Sale Agriculture Stainless Steel Hydraulic Cylinder is a high-quality product designed specifically for agricultural applications. Made from durable stainless steel, this hydraulic cylinder offers superior strength and corrosion resistance, ensuring its reliability in harsh agricultural environments. With its factory direct [&hellip;]<\/p>","protected":false},"featured_media":1127,"comment_status":"closed","ping_status":"closed","template":"","meta":{"_et_pb_use_builder":"","_et_pb_old_content":"","_et_gb_content_width":""},"product_brand":[],"product_cat":[36],"product_tag":[34,38],"class_list":{"0":"post-1019","1":"product","2":"type-product","3":"status-publish","4":"has-post-thumbnail","6":"product_cat-welded-clevis-type-cylinder","7":"product_tag-hydraulic-cylinder","8":"product_tag-welded-clevis-type-cylinder","10":"first","11":"instock","12":"product-type-simple"},"_links":{"self":[{"href":"https:\/\/fmp-components.com\/hu\/wp-json\/wp\/v2\/product\/1019","targetHints":{"allow":["GET"]}}],"collection":[{"href":"https:\/\/fmp-components.com\/hu\/wp-json\/wp\/v2\/product"}],"about":[{"href":"https:\/\/fmp-components.com\/hu\/wp-json\/wp\/v2\/types\/product"}],"replies":[{"embeddable":true,"href":"https:\/\/fmp-components.com\/hu\/wp-json\/wp\/v2\/comments?post=1019"}],"wp:featuredmedia":[{"embeddable":true,"href":"https:\/\/fmp-components.com\/hu\/wp-json\/wp\/v2\/media\/1127"}],"wp:attachment":[{"href":"https:\/\/fmp-components.com\/hu\/wp-json\/wp\/v2\/media?parent=1019"}],"wp:term":[{"taxonomy":"product_brand","embeddable":true,"href":"https:\/\/fmp-components.com\/hu\/wp-json\/wp\/v2\/product_brand?post=1019"},{"taxonomy":"product_cat","embeddable":true,"href":"https:\/\/fmp-components.com\/hu\/wp-json\/wp\/v2\/product_cat?post=1019"},{"taxonomy":"product_tag","embeddable":true,"href":"https:\/\/fmp-components.com\/hu\/wp-json\/wp\/v2\/product_tag?post=1019"}],"curies":[{"name":"munkaf\u00fczet","href":"https:\/\/api.w.org\/{rel}","templated":true}]}}