{"id":838,"date":"2024-12-18T08:38:14","date_gmt":"2024-12-18T08:38:14","guid":{"rendered":"https:\/\/fmp-components.com\/?page_id=8"},"modified":"2025-03-07T08:50:50","modified_gmt":"2025-03-07T08:50:50","slug":"electric-motors","status":"publish","type":"page","link":"https:\/\/fmp-components.com\/hu\/electric-motors\/","title":{"rendered":"Elektromos motorok"},"content":{"rendered":"<p>[et_pb_section fb_built=&#8221;1&#8243; _builder_version=&#8221;4.27.4&#8243; _module_preset=&#8221;default&#8221; use_background_color_gradient=&#8221;on&#8221; background_color_gradient_stops=&#8221;rgba(8,40,9,0.19) 0%|rgba(8,40,9,0.33) 100%&#8221; background_color_gradient_overlays_image=&#8221;on&#8221; background_image=&#8221;https:\/\/fmp-components.com\/wp-content\/uploads\/2024\/12\/Electric-Motor-Banner.webp&#8221; min_height=&#8221;637px&#8221; global_colors_info=&#8221;{}&#8221;][et_pb_row _builder_version=&#8221;4.27.4&#8243; _module_preset=&#8221;default&#8221; custom_padding=&#8221;81px|||||&#8221; global_colors_info=&#8221;{}&#8221;][et_pb_column type=&#8221;4_4&#8243; _builder_version=&#8221;4.27.4&#8243; _module_preset=&#8221;default&#8221; global_colors_info=&#8221;{}&#8221;][et_pb_text _builder_version=&#8221;4.27.4&#8243; _module_preset=&#8221;default&#8221; header_font=&#8221;Frank Ruhl Libre|500|||||||&#8221; header_text_align=&#8221;center&#8221; header_text_color=&#8221;#FFFFFF&#8221; header_font_size=&#8221;65px&#8221; header_text_shadow_style=&#8221;preset1&#8243; global_colors_info=&#8221;{}&#8221;]<\/p>\n<h1>Elektromos motor<\/h1>\n<p>[\/et_pb_text][\/et_pb_column][\/et_pb_row][et_pb_row _builder_version=\u201d4.27.4\u2033 _module_preset=\u201dalap\u00e9rtelmezett\u201d global_colors_info=\u201d{}\u201d][et_pb_column type=\u201d4_4\u2033 _builder_version=\u201d4.27.4\u2033 _module_preset=\u201dalap\u00e9rtelmezett\u201d global_colors_info=\u201d{}\u201d][et_pb_text _builder_version=\u201d4.27.4\u2033 _module_preset=\u201dalap\u00e9rtelmezett\u201d text_text_color=\u201d#FFFFFF\u201d text_font_size=\u201d16px\u201d text_line_height=\u201d1.8em\u201d text_text_shadow_style=\u201dpreset4\u2033 global_colors_info=\u201d{}\u201d]<\/p>\n<p>Az elektromos motor egy sokoldal\u00fa eszk\u00f6z, amely az elektromos energi\u00e1t mechanikai energi\u00e1v\u00e1 alak\u00edtja, \u00e9s sz\u00e1mos alkalmaz\u00e1st m\u0171k\u00f6dtet a h\u00e1ztart\u00e1si k\u00e9sz\u00fcl\u00e9kekt\u0151l az ipari g\u00e9pekig. Ezek a motorok hat\u00e9konys\u00e1gukr\u00f3l, megb\u00edzhat\u00f3s\u00e1gukr\u00f3l \u00e9s k\u00f6nny\u0171 haszn\u00e1latukr\u00f3l ismertek, \u00edgy n\u00e9lk\u00fcl\u00f6zhetetlen alkatr\u00e9szekk\u00e9 v\u00e1lnak sz\u00e1mos \u00e1gazatban.<\/p>\n<p>Az FMP-n\u00e9l sz\u00e9les v\u00e1laszt\u00e9kban k\u00edn\u00e1lunk villanymotorokat, bele\u00e9rtve a v\u00e1ltakoz\u00f3 \u00e1ram\u00fa motorokat, egyen\u00e1ram\u00fa motorokat \u00e9s l\u00e9ptet\u0151motorokat, amelyeket az \u00d6n egyedi ig\u00e9nyeire szabunk. Egyedi megrendel\u00e9seket is elfogadunk, hogy biztosan a t\u00f6k\u00e9letes motort kapja az alkalmaz\u00e1s\u00e1hoz. Ak\u00e1r standard modellekre, ak\u00e1r speci\u00e1lis megold\u00e1sokra van sz\u00fcks\u00e9ge, az FMP kiv\u00e1l\u00f3 min\u0151s\u00e9g\u0171 villanymotorokat k\u00edn\u00e1l, amelyek megfelelnek az \u00d6n ig\u00e9nyeinek.<\/p>\n<p>[\/et_pb_text][\/et_pb_column][\/et_pb_row][\/et_pb_section][et_pb_section fb_built=&#8221;1&#8243; _builder_version=&#8221;4.27.4&#8243; _module_preset=&#8221;default&#8221; global_colors_info=&#8221;{}&#8221;][et_pb_row _builder_version=&#8221;4.27.4&#8243; _module_preset=&#8221;default&#8221; global_colors_info=&#8221;{}&#8221;][et_pb_column type=&#8221;4_4&#8243; _builder_version=&#8221;4.27.4&#8243; _module_preset=&#8221;default&#8221; global_colors_info=&#8221;{}&#8221;][et_pb_text _builder_version=&#8221;4.27.4&#8243; _module_preset=&#8221;default&#8221; header_2_font=&#8221;Frank Ruhl Libre||||||||&#8221; header_2_text_align=&#8221;center&#8221; header_2_font_size=&#8221;40px&#8221; hover_enabled=&#8221;0&#8243; global_colors_info=&#8221;{}&#8221; sticky_enabled=&#8221;0&#8243;]<\/p>\n<h2>Elektromos motor<\/h2>\n<p>[\/et_pb_text][\/et_pb_column][\/et_pb_row][et_pb_row column_structure=&#8221;1_3,1_3,1_3&#8243; _builder_version=&#8221;4.27.4&#8243; _module_preset=&#8221;default&#8221; global_colors_info=&#8221;{}&#8221;][et_pb_column type=&#8221;1_3&#8243; _builder_version=&#8221;4.27.4&#8243; _module_preset=&#8221;default&#8221; global_colors_info=&#8221;{}&#8221;][et_pb_image src=&#8221;https:\/\/fmp-components.com\/wp-content\/uploads\/2024\/12\/DC-Direct-Current-Motors.webp&#8221; alt=&#8221;DC (Direct Current) Motors&#8221; title_text=&#8221;DC (Direct Current) Motors&#8221; _builder_version=&#8221;4.27.4&#8243; _module_preset=&#8221;default&#8221; global_colors_info=&#8221;{}&#8221;][\/et_pb_image][et_pb_toggle title=&#8221;DC (Direct Current) Motors&#8221; _builder_version=&#8221;4.27.4&#8243; _module_preset=&#8221;default&#8221; global_colors_info=&#8221;{}&#8221;]<\/p>\n<ul>\n<li><a href=\"https:\/\/fmp-components.com\/hu\/product\/italy-supplier-mini-dc-motor-tgp01d-a130-plastic-gearbox-plus-a130\/\">Mini DC motor TGP01D-A130 m\u0171anyag hajt\u00f3m\u0171 Plus A130d<\/a><\/li>\n<li><a href=\"https:\/\/fmp-components.com\/hu\/product\/plastic-gearbox-mini-geared-motor-tgp01s-a130\/\">M\u0171anyag sebess\u00e9gv\u00e1lt\u00f3 mini hajt\u00f3m\u0171ves motor TGP01S-A130<\/a><\/li>\n<li><a href=\"https:\/\/fmp-components.com\/hu\/product\/plastic-gearbox-motor-tgp02d-a130-for-toy-robot-remote-control-toy-cars\/\">M\u0171anyag sebess\u00e9gv\u00e1lt\u00f3 motor TGP02D-A130 j\u00e1t\u00e9k robot t\u00e1vir\u00e1ny\u00edt\u00f3s j\u00e1t\u00e9kaut\u00f3khoz<\/a><\/li>\n<li><a href=\"https:\/\/fmp-components.com\/hu\/product\/low-noise-basic-dc-toy-motor-for-toy-car-tgp02s-a130\/\">Alacsony zajszint\u0171 alapvet\u0151 egyen\u00e1ram\u00fa j\u00e1t\u00e9kmotor j\u00e1t\u00e9kaut\u00f3hoz TGP02S-A130<\/a><\/li>\n<li><a href=\"https:\/\/fmp-components.com\/hu\/product\/zy-jb-dc-gear-motor-series\/\">ZY\/JB DC hajt\u00f3m\u0171ves motor sorozat<\/a><\/li>\n<li><a href=\"https:\/\/fmp-components.com\/hu\/product\/yyyn-jb-gear-reducer-single-three-phase-motor-series\/\">YY(YN)\/JB sebess\u00e9gv\u00e1lt\u00f3 motor sorozat<\/a><\/li>\n<\/ul>\n<p>[\/et_pb_toggle][\/et_pb_column][et_pb_column type=&#8221;1_3&#8243; _builder_version=&#8221;4.27.4&#8243; _module_preset=&#8221;default&#8221; global_colors_info=&#8221;{}&#8221;][et_pb_image src=&#8221;https:\/\/fmp-components.com\/wp-content\/uploads\/2024\/12\/Asynchronous-Motors.webp&#8221; alt=&#8221;Asynchronous Motors&#8221; title_text=&#8221;Asynchronous Motors&#8221; _builder_version=&#8221;4.27.4&#8243; _module_preset=&#8221;default&#8221; global_colors_info=&#8221;{}&#8221;][\/et_pb_image][et_pb_toggle title=&#8221;AC Motors-Asynchronous Motors&#8221; _builder_version=&#8221;4.27.4&#8243; _module_preset=&#8221;default&#8221; global_colors_info=&#8221;{}&#8221;]<\/p>\n<ul>\n<li><a href=\"https:\/\/fmp-components.com\/hu\/product\/y-series-high-efficiency-three-phase-asynchronous-electric-motor\/\">Y sorozat\u00fa h\u00e1romf\u00e1zis\u00fa aszinkron villanymotor<\/a><\/li>\n<li><a href=\"https:\/\/fmp-components.com\/hu\/product\/y2-series-cast-iron-housing-three-phase-asynchronous-electric-motor\/\">Y2 sorozat\u00fa h\u00e1romf\u00e1zis\u00fa aszinkron villanymotor<\/a><\/li>\n<li><a href=\"https:\/\/fmp-components.com\/hu\/product\/y3-series-low-voltage-high-power-three-phase-asynchronous-electric-motor\/\">Y3 sorozat\u00fa h\u00e1romf\u00e1zis\u00fa aszinkron motor<\/a><\/li>\n<li><a href=\"https:\/\/fmp-components.com\/hu\/product\/ys-series-electric-motor\/\">YS sorozat\u00fa kis teljes\u00edtm\u00e9ny\u0171 h\u00e1romf\u00e1zis\u00fa aszinkron motor<\/a><\/li>\n<li><a href=\"https:\/\/fmp-components.com\/hu\/product\/nema-standard-premium-efficiency-three-phase-induction-electric-motor\/\">NEMA szabv\u00e1ny\u00fa nagy hat\u00e9konys\u00e1g\u00fa h\u00e1romf\u00e1zis\u00fa indukci\u00f3s motorok<\/a><\/li>\n<li><a href=\"https:\/\/fmp-components.com\/hu\/product\/yd-series-pole-changing-multi-speed-three-phase-asynchronous-electric-motor\/\">YD sorozat\u00fa p\u00f3lusv\u00e1lt\u00f3s, t\u00f6bbsebess\u00e9ges, h\u00e1romf\u00e1zis\u00fa aszinkron villanymotor<\/a><\/li>\n<li><a href=\"https:\/\/fmp-components.com\/hu\/product\/ydt-series-three-phase-consequent-poles-asynchronous-motor-for-fan-and-pump\/\">YDT sorozat\u00fa v\u00e1lt\u00f3p\u00f3lus\u00fa, t\u00f6bbsebess\u00e9ges, h\u00e1romf\u00e1zis\u00fa aszinkron motor ventil\u00e1torhoz \u00e9s szivatty\u00fahoz<\/a><\/li>\n<li><a href=\"https:\/\/fmp-components.com\/hu\/product\/yej-series-electromagnetic-braking-three-phase-asynchronous-motor\/\">YEJ sorozat\u00fa elektrom\u00e1gneses f\u00e9kez\u0151 h\u00e1romf\u00e1zis\u00fa aszinkron motor<\/a><\/li>\n<li><a href=\"https:\/\/fmp-components.com\/hu\/product\/yvf2-series-frequency-variable-speed-regulation-three-phase-asynchronous-motor\/\">YVF2 sorozat\u00fa frekvenciav\u00e1lt\u00f3s sebess\u00e9gszab\u00e1lyoz\u00e1s\u00fa h\u00e1romf\u00e1zis\u00fa aszinkron motor<\/a><\/li>\n<li><a href=\"https:\/\/fmp-components.com\/hu\/product\/yb2-series-explosion-proof-three-phase-asynchronous-motor\/\">YB sorozat\u00fa robban\u00e1sbiztos h\u00e1romf\u00e1zis\u00fa aszinkron motor<\/a><\/li>\n<li><a href=\"https:\/\/fmp-components.com\/hu\/product\/yc-series-heavy-duty-capacitors-start-single-phase-induction-motor\/\">YC YL sorozat\u00fa egyf\u00e1zis\u00fa aszinkron indukci\u00f3s motorok<\/a><\/li>\n<\/ul>\n<p>[\/et_pb_toggle][\/et_pb_column][et_pb_column type=&#8221;1_3&#8243; _builder_version=&#8221;4.27.4&#8243; _module_preset=&#8221;default&#8221; global_colors_info=&#8221;{}&#8221;][et_pb_image src=&#8221;https:\/\/fmp-components.com\/wp-content\/uploads\/2024\/12\/Brake-Motors.webp&#8221; alt=&#8221;Brake Motors&#8221; title_text=&#8221;Brake Motors&#8221; _builder_version=&#8221;4.27.4&#8243; _module_preset=&#8221;default&#8221; global_colors_info=&#8221;{}&#8221;][\/et_pb_image][et_pb_toggle title=&#8221;Brake Motors&#8221; _builder_version=&#8221;4.27.4&#8243; _module_preset=&#8221;default&#8221; global_colors_info=&#8221;{}&#8221;]<\/p>\n<ul>\n<li><a href=\"https:\/\/fmp-components.com\/hu\/product\/yej-series-electromagnetic-braking-three-phase-asynchronous-motor\/\">YEJ sorozat\u00fa elektrom\u00e1gneses f\u00e9kez\u0151 h\u00e1romf\u00e1zis\u00fa aszinkron motor<\/a><\/li>\n<li><a href=\"https:\/\/fmp-components.com\/hu\/product\/yej2-series-electromagnetic-braking-three-phase-asynchronous-motor\/\">YEJ2 sorozat\u00fa elektrom\u00e1gneses f\u00e9kez\u00e9s\u0171 h\u00e1romf\u00e1zis\u00fa aszinkron motor<\/a><\/li>\n<li><a href=\"https:\/\/fmp-components.com\/hu\/product\/yeja-series-ac-electromagnetic-brake-three-phase-asynchronous-motor\/\">YEJA sorozat\u00fa AC elektrom\u00e1gneses f\u00e9k h\u00e1romf\u00e1zis\u00fa aszinkron motor<\/a><\/li>\n<\/ul>\n<p>[\/et_pb_toggle][\/et_pb_column][\/et_pb_row][et_pb_row column_structure=&#8221;1_3,1_3,1_3&#8243; _builder_version=&#8221;4.27.4&#8243; _module_preset=&#8221;default&#8221; global_colors_info=&#8221;{}&#8221;][et_pb_column type=&#8221;1_3&#8243; _builder_version=&#8221;4.27.4&#8243; _module_preset=&#8221;default&#8221; global_colors_info=&#8221;{}&#8221;][et_pb_image src=&#8221;https:\/\/fmp-components.com\/wp-content\/uploads\/2024\/12\/Stainless-Steel-Motors.webp&#8221; alt=&#8221;Stainless Steel Motors&#8221; title_text=&#8221;Stainless Steel Motors&#8221; _builder_version=&#8221;4.27.4&#8243; _module_preset=&#8221;default&#8221; global_colors_info=&#8221;{}&#8221;][\/et_pb_image][et_pb_toggle title=&#8221;Stainless Steel Motors&#8221; _builder_version=&#8221;4.27.4&#8243; _module_preset=&#8221;default&#8221; global_colors_info=&#8221;{}&#8221;]<\/p>\n<ul>\n<li><a href=\"https:\/\/fmp-components.com\/hu\/product\/nema-stainless-steel-stepper-motor-with-double-capacitor\/\">NEMA rozsdamentes ac\u00e9l l\u00e9ptet\u0151motor dupla kondenz\u00e1torral<\/a><\/li>\n<li><a href=\"https:\/\/fmp-components.com\/hu\/product\/tefc-stainless-steel-nema-washdown-electric-motor\/\">TEFC rozsdamentes ac\u00e9l NEMA lemoshat\u00f3 villanymotor<\/a><\/li>\n<li><a href=\"https:\/\/fmp-components.com\/hu\/product\/tenv-stainless-steel-washdown-nema-motor-with-single-capacitor\/\">TENV rozsdamentes ac\u00e9l lemoshat\u00f3 NEMA motor egyetlen kondenz\u00e1torral<\/a><\/li>\n<li><a href=\"https:\/\/fmp-components.com\/hu\/product\/tefc-nema-stainless-steel-motor\/\">TEFC NEMA rozsdamentes ac\u00e9l motor<\/a><\/li>\n<li><a href=\"https:\/\/fmp-components.com\/hu\/product\/ip67-waterproof-nema-stainless-steel-motor-tenv\/\">IP67 V\u00edz\u00e1ll\u00f3 NEMA Rozsdamentes ac\u00e9l motor TENV<\/a><\/li>\n<li><a href=\"https:\/\/fmp-components.com\/hu\/product\/b5-flange-mounted-stainless-steel-motor-tefc-for-food-machinery\/\">B5 karim\u00e1s rozsdamentes ac\u00e9l motor - TEFC \u00e9lelmiszeripari g\u00e9pekhez<\/a><\/li>\n<li><a href=\"https:\/\/fmp-components.com\/hu\/product\/b14-face-mounted-stainless-steel-motor-tefc\/\">B14 homloklapra szerelt rozsdamentes ac\u00e9l motor TEFC<\/a><\/li>\n<li><a href=\"https:\/\/fmp-components.com\/hu\/product\/iec-stainless-steel-motor-b3-foot-mounted-tefc\/\">IEC rozsdamentes ac\u00e9l motor B3 talpra szerelhet\u0151 TEFC<\/a><\/li>\n<li><a href=\"https:\/\/fmp-components.com\/hu\/product\/iec-motor-b5t-flange-mounted-stainless-steel-motor-tenv-replacement-of-sew-motor\/\">IEC motor B5T peremes rozsdamentes ac\u00e9l motor TENV SEW motor csere<\/a><\/li>\n<li><a href=\"https:\/\/fmp-components.com\/hu\/product\/iec-b5-flange-mounted-stainless-steel-motor-tenv\/\">IEC B5 peremes rozsdamentes ac\u00e9l motor -TENV<\/a><\/li>\n<li><a href=\"https:\/\/fmp-components.com\/hu\/product\/iec-b14-face-mounted-stainless-steel-motor-tenv\/\">IEC B14 homloklapra szerelt rozsdamentes ac\u00e9l motor -TENV<\/a><\/li>\n<li><a href=\"https:\/\/fmp-components.com\/hu\/product\/iec-stainless-steel-motor-b3-foot-mounted-tenv\/\">IEC rozsdamentes ac\u00e9l motor B3 talpra szerelhet\u0151 - TENV<\/a><\/li>\n<\/ul>\n<p>[\/et_pb_toggle][\/et_pb_column][et_pb_column type=&#8221;1_3&#8243; _builder_version=&#8221;4.27.4&#8243; _module_preset=&#8221;default&#8221; global_colors_info=&#8221;{}&#8221;][et_pb_image src=&#8221;https:\/\/fmp-components.com\/wp-content\/uploads\/2024\/12\/Spindle-Motors.webp&#8221; alt=&#8221;Spindle Motors&#8221; title_text=&#8221;Spindle Motors&#8221; _builder_version=&#8221;4.27.4&#8243; _module_preset=&#8221;default&#8221; global_colors_info=&#8221;{}&#8221;][\/et_pb_image][et_pb_toggle title=&#8221;Spindle Motors&#8221; _builder_version=&#8221;4.27.4&#8243; _module_preset=&#8221;default&#8221; global_colors_info=&#8221;{}&#8221;]<\/p>\n<ul>\n<li><a href=\"https:\/\/fmp-components.com\/hu\/product\/pneumatic-unclamp-cylinder\/\">Pneumatikus kiold\u00f3henger<\/a><\/li>\n<li><a href=\"https:\/\/fmp-components.com\/hu\/product\/electrical-spindle-for-special-usage\/\">Elektromos ors\u00f3 speci\u00e1lis haszn\u00e1latra<\/a><\/li>\n<li><a href=\"https:\/\/fmp-components.com\/hu\/product\/spindle-motor-used-for-lathe-jszd150t-jszd110j\/\">Ors\u00f3motor eszterg\u00e1hoz JSZD150T JSZD110J<\/a><\/li>\n<li><a href=\"https:\/\/fmp-components.com\/hu\/product\/spindle-motor-used-for-lathe-jszd150h\/\">Ors\u00f3motor JSZD280 eszterg\u00e1hoz<\/a><\/li>\n<li><a href=\"https:\/\/fmp-components.com\/hu\/product\/spindle-motor-used-for-lathe-jszd150h\/\">Ors\u00f3motor JSZD150H eszterg\u00e1hoz<\/a><\/li>\n<li><a href=\"https:\/\/fmp-components.com\/hu\/product\/spindle-motor-used-for-cnc-spindle-jszd320\/\">CNC ors\u00f3hoz haszn\u00e1lt ors\u00f3motor JSZD320<\/a><\/li>\n<li><a href=\"https:\/\/fmp-components.com\/hu\/product\/spindle-motor-used-for-cnc-spindle-jszd240\/\">CNC ors\u00f3hoz haszn\u00e1lt ors\u00f3motor JSZD240<\/a><\/li>\n<li><a href=\"https:\/\/fmp-components.com\/hu\/product\/spindle-motor-used-for-cnc-spindle-jszd280a\/\">CNC ors\u00f3hoz haszn\u00e1lt ors\u00f3motor JSZD280A<\/a><\/li>\n<li><a href=\"https:\/\/fmp-components.com\/hu\/product\/spindle-motor-used-for-cnc-spindle-jszd220\/\">CNC ors\u00f3hoz haszn\u00e1lt ors\u00f3motor JSZD220<\/a><\/li>\n<li><a href=\"https:\/\/fmp-components.com\/hu\/product\/spindle-motor-used-for-cnc-spindle-jszd202\/\">CNC ors\u00f3hoz haszn\u00e1lt ors\u00f3motor JSZD202<\/a><\/li>\n<li><a href=\"https:\/\/fmp-components.com\/hu\/product\/spindle-motor-used-for-cnc-spindle-jszd170c\/\">CNC ors\u00f3hoz haszn\u00e1lt ors\u00f3motor JSZD170C<\/a><\/li>\n<li><a href=\"https:\/\/fmp-components.com\/hu\/product\/spindle-motor-used-for-cnc-spindle-jszd150c\/\">CNC ors\u00f3hoz haszn\u00e1lt ors\u00f3motor JSZD150C<\/a><\/li>\n<li><a href=\"https:\/\/fmp-components.com\/hu\/product\/spindle-motor-used-for-grinding-spindle\/\">Ors\u00f3motor k\u00f6sz\u00f6r\u00fcl\u00e9shez<\/a><\/li>\n<li><a href=\"https:\/\/fmp-components.com\/hu\/product\/spindle-motor-used-for-engraving-and-milling\/\">Ors\u00f3motor grav\u00edroz\u00e1shoz \u00e9s mar\u00e1shoz<\/a><\/li>\n<\/ul>\n<p>[\/et_pb_toggle][\/et_pb_column][et_pb_column type=&#8221;1_3&#8243; _builder_version=&#8221;4.27.4&#8243; _module_preset=&#8221;default&#8221; global_colors_info=&#8221;{}&#8221;][et_pb_image src=&#8221;https:\/\/fmp-components.com\/wp-content\/uploads\/2024\/12\/Explosion-Proof-Motor.webp&#8221; alt=&#8221;Explosion Proof Motor&#8221; title_text=&#8221;Explosion Proof Motor&#8221; _builder_version=&#8221;4.27.4&#8243; _module_preset=&#8221;default&#8221; global_colors_info=&#8221;{}&#8221;][\/et_pb_image][et_pb_toggle title=&#8221;Explosion Proof Motor&#8221; _builder_version=&#8221;4.27.4&#8243; _module_preset=&#8221;default&#8221; global_colors_info=&#8221;{}&#8221;]<\/p>\n<ul>\n<li><a href=\"https:\/\/fmp-components.com\/hu\/product\/yb2-series-explosion-proof-three-phase-asynchronous-motor\/\">YB2 sorozat\u00fa robban\u00e1sbiztos h\u00e1romf\u00e1zis\u00fa aszinkron motor<\/a><\/li>\n<li><a href=\"https:\/\/fmp-components.com\/hu\/product\/yb3-series-explosion-proof-three-phase-induction-motor\/\">YB3 sorozat\u00fa robban\u00e1sbiztos h\u00e1romf\u00e1zis\u00fa indukci\u00f3s motor<\/a><\/li>\n<li><a href=\"https:\/\/fmp-components.com\/hu\/product\/ybx3-series-explosion-proof-three-phase-asynchronous-motor\/\">YBX3 sorozat\u00fa robban\u00e1sbiztos h\u00e1romf\u00e1zis\u00fa aszinkron motor<\/a><\/li>\n<li><a href=\"https:\/\/fmp-components.com\/hu\/product\/ybx4-series-explosion-proof-three-phase-asynchronous-motor\/\">YBX4 sorozat\u00fa robban\u00e1sbiztos h\u00e1romf\u00e1zis\u00fa aszinkron motor<\/a><\/li>\n<li><a href=\"https:\/\/fmp-components.com\/hu\/product\/ybbp-series-explosion-proof-variable-frequency-adjustable-speed-three-phase-asynchronous-motor\/\">YBBP sorozat\u00fa robban\u00e1sbiztos, v\u00e1ltoztathat\u00f3 frekvenci\u00e1j\u00fa, \u00e1ll\u00edthat\u00f3 sebess\u00e9g\u0171 h\u00e1romf\u00e1zis\u00fa aszinkron motor<\/a><\/li>\n<\/ul>\n<p>[\/et_pb_toggle][\/et_pb_column][\/et_pb_row][\/et_pb_section]<\/p>","protected":false},"excerpt":{"rendered":"<p>Electric MotorAn electric motor is a versatile device that converts electrical energy into mechanical energy, powering a wide range of applications from household appliances to industrial machinery. These motors are known for their efficiency, reliability, and ease of use, making them essential components in various sectors. At FMP, we offer a diverse selection of electric [&hellip;]<\/p>","protected":false},"author":2,"featured_media":0,"parent":0,"menu_order":0,"comment_status":"closed","ping_status":"closed","template":"","meta":{"_et_pb_use_builder":"on","_et_pb_old_content":"","_et_gb_content_width":"","footnotes":""},"class_list":["post-838","page","type-page","status-publish","hentry"],"_links":{"self":[{"href":"https:\/\/fmp-components.com\/hu\/wp-json\/wp\/v2\/pages\/838","targetHints":{"allow":["GET"]}}],"collection":[{"href":"https:\/\/fmp-components.com\/hu\/wp-json\/wp\/v2\/pages"}],"about":[{"href":"https:\/\/fmp-components.com\/hu\/wp-json\/wp\/v2\/types\/page"}],"author":[{"embeddable":true,"href":"https:\/\/fmp-components.com\/hu\/wp-json\/wp\/v2\/users\/2"}],"replies":[{"embeddable":true,"href":"https:\/\/fmp-components.com\/hu\/wp-json\/wp\/v2\/comments?post=838"}],"version-history":[{"count":20,"href":"https:\/\/fmp-components.com\/hu\/wp-json\/wp\/v2\/pages\/838\/revisions"}],"predecessor-version":[{"id":6328,"href":"https:\/\/fmp-components.com\/hu\/wp-json\/wp\/v2\/pages\/838\/revisions\/6328"}],"wp:attachment":[{"href":"https:\/\/fmp-components.com\/hu\/wp-json\/wp\/v2\/media?parent=838"}],"curies":[{"name":"munkaf\u00fczet","href":"https:\/\/api.w.org\/{rel}","templated":true}]}}