{"id":7847,"date":"2025-04-08T08:44:24","date_gmt":"2025-04-08T08:44:24","guid":{"rendered":"https:\/\/fmp-components.com\/?page_id=7847"},"modified":"2025-04-09T05:38:24","modified_gmt":"2025-04-09T05:38:24","slug":"ring-and-pinion-gears","status":"publish","type":"page","link":"https:\/\/fmp-components.com\/hu\/ring-and-pinion-gears\/","title":{"rendered":"Gy\u0171r\u0171- \u00e9s fogasker\u00e9k-fogaskerekek"},"content":{"rendered":"<p>[et_pb_section fb_built=&#8221;1&#8243; _builder_version=&#8221;4.27.4&#8243; _module_preset=&#8221;default&#8221; use_background_color_gradient=&#8221;on&#8221; background_color_gradient_stops=&#8221;rgba(0,0,0,0.27) 0%|rgba(0,0,0,0.41) 100%&#8221; background_color_gradient_overlays_image=&#8221;on&#8221; background_image=&#8221;https:\/\/fmp-components.com\/wp-content\/uploads\/2025\/04\/ring-and-pinion-gears-banner-2.webp&#8221; min_height=&#8221;381px&#8221; global_colors_info=&#8221;{}&#8221;][et_pb_row _builder_version=&#8221;4.27.4&#8243; _module_preset=&#8221;default&#8221; global_colors_info=&#8221;{}&#8221;][et_pb_column type=&#8221;4_4&#8243; _builder_version=&#8221;4.27.4&#8243; _module_preset=&#8221;default&#8221; global_colors_info=&#8221;{}&#8221;][et_pb_text _builder_version=&#8221;4.27.4&#8243; _module_preset=&#8221;default&#8221; header_font=&#8221;Frank Ruhl Libre||||||||&#8221; header_text_align=&#8221;center&#8221; header_text_color=&#8221;#FFFFFF&#8221; header_font_size=&#8221;70px&#8221; header_text_shadow_style=&#8221;preset1&#8243; global_colors_info=&#8221;{}&#8221;]<\/p>\n<h1 style=\"text-align: center;\">Gy\u0171r\u0171- \u00e9s fogasker\u00e9k-fogaskerekek<\/h1>\n<p>[\/et_pb_text][et_pb_text _builder_version=\u201d4.27.4\u2033 _module_preset=\u201dalap\u00e9rtelmezett\u201d text_font=\u201dFrank Ruhl Libre|600|||||||\u201d text_text_color=\u201d#FFFFFF\u201d text_font_size=\u201d18px\u201d text_line_height=\u201d1.8em\u201d text_orientation=\u201dk\u00f6z\u00e9pre\u201d global_colors_info=\u201d{}\u201d]<\/p>\n<p>Ha a keresett term\u00e9k nem szerepel a list\u00e1n, k\u00e9rjen ingyenes \u00e1raj\u00e1nlatot!<\/p>\n<p>[\/et_pb_text][\/et_pb_column][\/et_pb_row][\/et_pb_section][et_pb_section fb_built=&#8221;1&#8243; _builder_version=&#8221;4.27.4&#8243; _module_preset=&#8221;default&#8221; global_colors_info=&#8221;{}&#8221;][et_pb_row _builder_version=&#8221;4.27.4&#8243; _module_preset=&#8221;default&#8221; global_colors_info=&#8221;{}&#8221;][et_pb_column type=&#8221;4_4&#8243; _builder_version=&#8221;4.27.4&#8243; _module_preset=&#8221;default&#8221; global_colors_info=&#8221;{}&#8221;][et_pb_text _builder_version=&#8221;4.27.4&#8243; _module_preset=&#8221;default&#8221; header_2_font=&#8221;Frank Ruhl Libre||||||||&#8221; header_2_font_size=&#8221;40px&#8221; global_colors_info=&#8221;{}&#8221;]<\/p>\n<h2 style=\"text-align: center;\">Legjobb gy\u0171r\u0171- \u00e9s fogasker\u00e9k-fogaskerekek<\/h2>\n<p>[\/et_pb_text][et_pb_shop type=&#8221;product_category&#8221; show_pagination=&#8221;on&#8221; include_categories=&#8221;115&#8243; _builder_version=&#8221;4.27.4&#8243; _module_preset=&#8221;default&#8221; title_font=&#8221;Frank Ruhl Libre||||||||&#8221; title_text_align=&#8221;center&#8221; title_font_size=&#8221;17px&#8221; global_colors_info=&#8221;{}&#8221;][\/et_pb_shop][\/et_pb_column][\/et_pb_row][et_pb_row _builder_version=&#8221;4.27.4&#8243; _module_preset=&#8221;default&#8221;][et_pb_column _builder_version=&#8221;4.27.4&#8243; _module_preset=&#8221;default&#8221; type=&#8221;4_4&#8243;][et_pb_divider _builder_version=&#8221;4.27.4&#8243; _module_preset=&#8221;default&#8221; color=&#8221;#E09900&#8243; hover_enabled=&#8221;0&#8243; sticky_enabled=&#8221;0&#8243;][\/et_pb_divider][\/et_pb_column][\/et_pb_row][et_pb_row _builder_version=&#8221;4.27.4&#8243; _module_preset=&#8221;default&#8221; column_structure=&#8221;1_2,1_2&#8243;][et_pb_column _builder_version=&#8221;4.27.4&#8243; _module_preset=&#8221;default&#8221; type=&#8221;1_2&#8243;][et_pb_image src=&#8221;https:\/\/fmp-components.com\/wp-content\/uploads\/2025\/04\/Ring_Pinion_2.gif&#8221; _builder_version=&#8221;4.27.4&#8243; _module_preset=&#8221;default&#8221; alt=&#8221;Ring_Pinion&#8221; title_text=&#8221;Ring_Pinion_2&#8243; hover_enabled=&#8221;0&#8243; sticky_enabled=&#8221;0&#8243;][\/et_pb_image][\/et_pb_column][et_pb_column _builder_version=&#8221;4.27.4&#8243; _module_preset=&#8221;default&#8221; type=&#8221;1_2&#8243;][et_pb_text _builder_version=&#8221;4.27.4&#8243; _module_preset=&#8221;default&#8221; header_3_font=&#8221;Frank Ruhl Libre||||||||&#8221; header_3_font_size=&#8221;30px&#8221; text_font_size=&#8221;16px&#8221; text_line_height=&#8221;1.8em&#8221; hover_enabled=&#8221;0&#8243; sticky_enabled=&#8221;0&#8243;]<\/p>\n<div>\n<h3 dir=\"auto\" class=\"\">Mi\u00e9rt v\u00e1lassza a gy\u0171r\u0171s \u00e9s fogasker\u00e9k-fogaskerekeket?<\/h3>\n<p dir=\"auto\" class=\"break-words\">A t\u00e1ny\u00e9r- \u00e9s fogasker\u00e9k-kerekek elengedhetetlen alkatr\u00e9szek a j\u00e1rm\u0171vek hajt\u00e1sl\u00e1nc\u00e1ban, amelyek hat\u00e9konyan tov\u00e1bb\u00edtj\u00e1k a nyomat\u00e9kot a motorr\u00f3l a kerekekre az\u00e1ltal, hogy 90 fokban \u00e1tir\u00e1ny\u00edtj\u00e1k a teljes\u00edtm\u00e9nyt a differenci\u00e1lm\u0171n kereszt\u00fcl. A rendelkez\u00e9sre \u00e1ll\u00f3 k\u00fcl\u00f6nf\u00e9le m\u00f3dszerek k\u00f6z\u00fcl a hipoid t\u00e1ny\u00e9r- \u00e9s fogasker\u00e9k-kerekek kiemelkednek az aut\u00f3iparban az el\u0151nyben r\u00e9szes\u00edtett v\u00e1laszt\u00e1sk\u00e9nt, kiv\u00e1l\u00f3 szil\u00e1rds\u00e1guk, csendesebb m\u0171k\u00f6d\u00e9s\u00fck \u00e9s a nagyobb \u00e1tt\u00e9telek kezel\u00e9s\u00e9re val\u00f3 k\u00e9pess\u00e9g\u00fck miatt. Az FMP-n\u00e9l b\u00fcszk\u00e9k vagyunk arra, hogy a legjobb t\u00e1ny\u00e9r- \u00e9s fogasker\u00e9k-gy\u00e1rt\u00f3 \u00e9s -sz\u00e1ll\u00edt\u00f3 vagyunk, \u00e9s egyedi t\u00e1ny\u00e9r- \u00e9s fogasker\u00e9k-kerekeket sz\u00e1ll\u00edtunk az \u00d6n egyedi ig\u00e9nyeire szabva. Ak\u00e1r az utcai teljes\u00edtm\u00e9nyre, a terepj\u00e1r\u00e1sra val\u00f3 tart\u00f3ss\u00e1gra vagy a versenyp\u00e1ly\u00e1ra k\u00e9sz pontoss\u00e1gra optimaliz\u00e1l, az FMP fogasker\u00e9k-k\u00e9szletei p\u00e1ratlan megb\u00edzhat\u00f3s\u00e1got \u00e9s hat\u00e9konys\u00e1got biztos\u00edtanak.<\/p>\n<\/div>\n<p>[\/et_pb_text][\/et_pb_column][\/et_pb_row][et_pb_row _builder_version=&#8221;4.27.4&#8243; _module_preset=&#8221;default&#8221; column_structure=&#8221;1_2,1_2&#8243;][et_pb_column _builder_version=&#8221;4.27.4&#8243; _module_preset=&#8221;default&#8221; type=&#8221;1_2&#8243;][et_pb_text _builder_version=&#8221;4.27.4&#8243; _module_preset=&#8221;default&#8221; text_font_size=&#8221;16px&#8221; text_line_height=&#8221;1.8em&#8221; header_3_font=&#8221;Frank Ruhl Libre||||||||&#8221; header_3_font_size=&#8221;30px&#8221; hover_enabled=&#8221;0&#8243; sticky_enabled=&#8221;0&#8243;]<\/p>\n<div>\n<h3 dir=\"auto\" class=\"\">Kiv\u00e1l\u00f3 min\u0151s\u00e9g az FMP-t\u0151l<\/h3>\n<p dir=\"auto\" class=\"break-words\">A t\u00e1ny\u00e9r- \u00e9s fogasker\u00e9k-fogaskerekek teljes\u00edtm\u00e9nye nagym\u00e9rt\u00e9kben f\u00fcgg a kialak\u00edt\u00e1sukt\u00f3l, az anyagait\u00f3l \u00e9s a gy\u00e1rt\u00e1si pontoss\u00e1gt\u00f3l \u2013 ezeken a ter\u00fcleteken az FMP ipar\u00e1gi vezet\u0151k\u00e9nt kiemelked\u0151. Egyedi t\u00e1ny\u00e9r- \u00e9s fogasker\u00e9k-fogaskerekeinket a legmodernebb technol\u00f3gi\u00e1val tervezz\u00fck, \u00e9s megfelelnek a legmagasabb szabv\u00e1nyoknak, bele\u00e9rtve a TS16949, ISO9001 \u00e9s ISO14001 tan\u00fas\u00edtv\u00e1nyokat. A k\u00fcl\u00f6nb\u00f6z\u0151 \u00e1tt\u00e9teleket \u00e9s t\u0171r\u00e9shat\u00e1rokat k\u00edn\u00e1lva az FMP a legjobb t\u00e1ny\u00e9r- \u00e9s fogasker\u00e9k-fogaskerekeket biztos\u00edtja a nagy teherb\u00edr\u00e1s\u00fa vontat\u00e1st\u00f3l a nagy sebess\u00e9g\u0171 versenyz\u00e9sig terjed\u0151 alkalmaz\u00e1sokhoz. A fejlett h\u0151kezel\u00e9si elj\u00e1r\u00e1sokkal \u00e9s a szigor\u00fa min\u0151s\u00e9gellen\u0151rz\u00e9ssel fogasker\u00e9k-k\u00e9szleteink kiv\u00e9teles tart\u00f3ss\u00e1got \u00e9s er\u0151\u00e1tvitelt biztos\u00edtanak, \u00edgy az FMP a legjobb v\u00e1laszt\u00e1s a gy\u00e1rt\u00f3k \u00e9s a rajong\u00f3k sz\u00e1m\u00e1ra az Egyes\u00fclt \u00c1llamokban, Mexik\u00f3ban \u00e9s Kanad\u00e1ban.<\/p>\n<\/div>\n<p>[\/et_pb_text][\/et_pb_column][et_pb_column _builder_version=&#8221;4.27.4&#8243; _module_preset=&#8221;default&#8221; type=&#8221;1_2&#8243;][et_pb_image src=&#8221;https:\/\/fmp-components.com\/wp-content\/uploads\/2025\/04\/ring-and-pinion-gears-manufacturer.webp&#8221; _builder_version=&#8221;4.27.4&#8243; _module_preset=&#8221;default&#8221; alt=&#8221;ring-and-pinion-gears-manufacturer&#8221; title_text=&#8221;ring-and-pinion-gears-manufacturer&#8221; hover_enabled=&#8221;0&#8243; sticky_enabled=&#8221;0&#8243;][\/et_pb_image][\/et_pb_column][\/et_pb_row][\/et_pb_section][et_pb_section fb_built=&#8221;1&#8243; _builder_version=&#8221;4.27.4&#8243; _module_preset=&#8221;default&#8221; use_background_color_gradient=&#8221;on&#8221; background_color_gradient_stops=&#8221;rgba(0,0,0,0.37) 0%|rgba(0,0,0,0.26) 100%&#8221; background_color_gradient_overlays_image=&#8221;on&#8221; background_image=&#8221;https:\/\/fmp-components.com\/wp-content\/uploads\/2025\/04\/ring-and-pinion-gears-foot-1.webp&#8221; min_height=&#8221;386px&#8221; global_colors_info=&#8221;{}&#8221;][et_pb_row _builder_version=&#8221;4.27.4&#8243; _module_preset=&#8221;default&#8221; background_color=&#8221;#FFFFFF&#8221; custom_margin=&#8221;0px||0px||false|false&#8221; custom_padding=&#8221;20px|20px|20px|20px|false|false&#8221; box_shadow_style=&#8221;preset1&#8243; global_colors_info=&#8221;{}&#8221;][et_pb_column type=&#8221;4_4&#8243; _builder_version=&#8221;4.27.4&#8243; _module_preset=&#8221;default&#8221; global_colors_info=&#8221;{}&#8221;][et_pb_text _builder_version=&#8221;4.27.4&#8243; _module_preset=&#8221;default&#8221; header_font=&#8221;Frank Ruhl Libre||||||||&#8221; header_font_size=&#8221;40px&#8221; header_2_font=&#8221;Frank Ruhl Libre||||||||&#8221; header_2_font_size=&#8221;40px&#8221; global_colors_info=&#8221;{}&#8221;]<\/p>\n<h2 style=\"text-align: center;\">Egyedi gy\u0171r\u0171- \u00e9s fogasker\u00e9k-fogaskerekek<\/h2>\n<p>[\/et_pb_text][et_pb_text _builder_version=&#8221;4.27.4&#8243; _module_preset=&#8221;default&#8221; text_text_color=&#8221;#000000&#8243; text_font_size=&#8221;16px&#8221; text_line_height=&#8221;1.8em&#8221; global_colors_info=&#8221;{}&#8221;]<\/p>\n<p>Az FMP-n\u00e9l kiv\u00e1l\u00f3 min\u0151s\u00e9g\u0171, egyedi t\u00e1ny\u00e9r- \u00e9s fogasker\u00e9k-kerekek k\u00e9sz\u00edt\u00e9s\u00e9re specializ\u00e1l\u00f3dtunk, amelyek c\u00e9lja a hajt\u00e1sl\u00e1nc teljes\u00edtm\u00e9ny\u00e9nek maximaliz\u00e1l\u00e1sa, ak\u00e1r Mil\u00e1n\u00f3ban, Velenc\u00e9ben, Firenz\u00e9ben, Bologn\u00e1ban vagy Olaszorsz\u00e1g b\u00e1rmely m\u00e1s r\u00e9sz\u00e9n tart\u00f3zkodik. Vezet\u0151 gy\u00e1rt\u00f3k\u00e9nt sz\u00e9les v\u00e1laszt\u00e9kban gy\u00e1rtunk t\u00e1ny\u00e9r- \u00e9s fogasker\u00e9k-kerekeket k\u00fcl\u00f6nb\u00f6z\u0151 \u00e1tt\u00e9telekben, \u00e1tm\u00e9r\u0151kben \u00e9s bord\u00e1ssz\u00e1mokban, hogy b\u00e1rmilyen j\u00e1rm\u0171konstrukci\u00f3hoz illeszkedjenek. Pr\u00e9mium k\u00edn\u00e1latunk olyan ipar\u00e1gi \u00f3ri\u00e1sokkal vetekszik, mint a Yukon Gear &amp; Axle, a Strange Engineering \u00e9s a Richmond Gear, kiv\u00e9teles tart\u00f3ss\u00e1got \u00e9s pontoss\u00e1got biztos\u00edtva a fejlett tervez\u00e9si \u00e9s h\u0151kezel\u00e9si technik\u00e1knak k\u00f6sz\u00f6nhet\u0151en.<\/p>\n<p style=\"text-align: center;\">B\u00fcszk\u00e9n k\u00edn\u00e1lunk teljesen testreszabott megold\u00e1sokat, amelyeket az \u00d6n egyedi ig\u00e9nyeire szabunk. Ha nem tal\u00e1lja a keresett modellt a term\u00e9klist\u00e1nkban, ne agg\u00f3djon. Ez egyszer\u0171en azt jelenti, hogy m\u00e9g nem volt lehet\u0151s\u00e9g\u00fcnk felt\u00f6lteni! K\u00e9rj\u00fck, k\u00fcldj\u00f6n nek\u00fcnk e-mailt ig\u00e9nyeivel, \u00e9s szak\u00e9rt\u0151 m\u00e9rn\u00f6keink 24 \u00f3r\u00e1n bel\u00fcl v\u00e1laszolnak szem\u00e9lyre szabott megold\u00e1ssal. Az FMP az \u00d6n megb\u00edzhat\u00f3 partnere a legjobb min\u0151s\u00e9g\u0171 t\u00e1ny\u00e9r- \u00e9s fogasker\u00e9k-fogaskerekek ter\u00e9n Olaszorsz\u00e1gban. L\u00e9pjen kapcsolatba vel\u00fcnk m\u00e9g ma, \u00e9s ind\u00edtsuk el projektj\u00e9t!<\/p>\n<p>[\/et_pb_sz\u00f6veg][\/et_pb_oszlop][\/et_pb_sor][\/et_pb_szakasz]<\/p>","protected":false},"excerpt":{"rendered":"<p>Ring and Pinion GearsIf the product you need is not listed, go ahead and get a free quote!Best Ring and Pinion Gears Why Choose Ring and Pinion Gears Ring and pinion gears are essential components in a vehicle\u2019s drivetrain, efficiently transferring torque from the engine to the wheels by redirecting power 90 degrees through the [&hellip;]<\/p>","protected":false},"author":2,"featured_media":0,"parent":0,"menu_order":0,"comment_status":"closed","ping_status":"closed","template":"","meta":{"_et_pb_use_builder":"on","_et_pb_old_content":"","_et_gb_content_width":"","footnotes":""},"class_list":["post-7847","page","type-page","status-publish","hentry"],"_links":{"self":[{"href":"https:\/\/fmp-components.com\/hu\/wp-json\/wp\/v2\/pages\/7847","targetHints":{"allow":["GET"]}}],"collection":[{"href":"https:\/\/fmp-components.com\/hu\/wp-json\/wp\/v2\/pages"}],"about":[{"href":"https:\/\/fmp-components.com\/hu\/wp-json\/wp\/v2\/types\/page"}],"author":[{"embeddable":true,"href":"https:\/\/fmp-components.com\/hu\/wp-json\/wp\/v2\/users\/2"}],"replies":[{"embeddable":true,"href":"https:\/\/fmp-components.com\/hu\/wp-json\/wp\/v2\/comments?post=7847"}],"version-history":[{"count":12,"href":"https:\/\/fmp-components.com\/hu\/wp-json\/wp\/v2\/pages\/7847\/revisions"}],"predecessor-version":[{"id":7900,"href":"https:\/\/fmp-components.com\/hu\/wp-json\/wp\/v2\/pages\/7847\/revisions\/7900"}],"wp:attachment":[{"href":"https:\/\/fmp-components.com\/hu\/wp-json\/wp\/v2\/media?parent=7847"}],"curies":[{"name":"munkaf\u00fczet","href":"https:\/\/api.w.org\/{rel}","templated":true}]}}