{"id":7662,"date":"2025-04-03T00:48:28","date_gmt":"2025-04-03T00:48:28","guid":{"rendered":"https:\/\/fmp-components.com\/?page_id=7662"},"modified":"2025-04-03T02:24:42","modified_gmt":"2025-04-03T02:24:42","slug":"marine-hydraulic-cylinders","status":"publish","type":"page","link":"https:\/\/fmp-components.com\/hu\/marine-hydraulic-cylinders\/","title":{"rendered":"Tengeri hidraulikus hengerek"},"content":{"rendered":"<p>[et_pb_section fb_built=&#8221;1&#8243; theme_builder_area=&#8221;post_content&#8221; _builder_version=&#8221;4.27.4&#8243; _module_preset=&#8221;default&#8221; alt=&#8221;Marine-Hydraulic-cylinder&#8221; title_text=&#8221;Marine-Hydraulic-cylinder&#8221; background_image=&#8221;https:\/\/fmp-components.com\/wp-content\/uploads\/2025\/04\/Marine-Hydraulic-cylinder.webp&#8221; hover_enabled=&#8221;0&#8243; sticky_enabled=&#8221;0&#8243; min_height=&#8221;408px&#8221; use_background_color_gradient=&#8221;on&#8221; background_color_gradient_stops=&#8221;rgba(0,0,0,0.43) 0%|rgba(0,0,0,0.21) 100%&#8221; background_color_gradient_overlays_image=&#8221;on&#8221;][et_pb_row _builder_version=&#8221;4.27.4&#8243; _module_preset=&#8221;default&#8221; theme_builder_area=&#8221;post_content&#8221; custom_margin=&#8221;50px||||false|false&#8221; hover_enabled=&#8221;0&#8243; sticky_enabled=&#8221;0&#8243;][et_pb_column _builder_version=&#8221;4.27.4&#8243; _module_preset=&#8221;default&#8221; type=&#8221;4_4&#8243; theme_builder_area=&#8221;post_content&#8221;][et_pb_text _builder_version=&#8221;4.27.4&#8243; _module_preset=&#8221;default&#8221; theme_builder_area=&#8221;post_content&#8221; header_font=&#8221;Frank Ruhl Libre||||||||&#8221; header_font_size=&#8221;60px&#8221; header_text_color=&#8221;#FFFFFF&#8221; header_text_shadow_style=&#8221;preset1&#8243; hover_enabled=&#8221;0&#8243; sticky_enabled=&#8221;0&#8243;]<\/p>\n<h1 style=\"text-align: center;\">Tengeri hidraulikus henger<\/h1>\n<p>[\/et_pb_text][\/et_pb_column][\/et_pb_row][\/et_pb_section][et_pb_section fb_built=&#8221;1&#8243; theme_builder_area=&#8221;post_content&#8221; _builder_version=&#8221;4.27.4&#8243; _module_preset=&#8221;default&#8221; custom_padding=&#8221;||2px|||&#8221;][et_pb_row _builder_version=&#8221;4.27.4&#8243; _module_preset=&#8221;default&#8221; theme_builder_area=&#8221;post_content&#8221;][et_pb_column _builder_version=&#8221;4.27.4&#8243; _module_preset=&#8221;default&#8221; type=&#8221;4_4&#8243; theme_builder_area=&#8221;post_content&#8221;][et_pb_text _builder_version=&#8221;4.27.4&#8243; _module_preset=&#8221;default&#8221; theme_builder_area=&#8221;post_content&#8221; header_2_font=&#8221;Frank Ruhl Libre||||||||&#8221; hover_enabled=&#8221;0&#8243; sticky_enabled=&#8221;0&#8243; header_2_font_size=&#8221;40px&#8221;]<\/p>\n<h2 style=\"text-align: center;\">Tengeri hidraulikus hengerek t\u00edpusai<\/h2>\n<p>[\/et_pb_text][\/et_pb_column][\/et_pb_row][et_pb_row _builder_version=&#8221;4.27.4&#8243; _module_preset=&#8221;default&#8221; theme_builder_area=&#8221;post_content&#8221;][et_pb_column _builder_version=&#8221;4.27.4&#8243; _module_preset=&#8221;default&#8221; type=&#8221;4_4&#8243; theme_builder_area=&#8221;post_content&#8221;][et_pb_shop _builder_version=&#8221;4.27.4&#8243; _module_preset=&#8221;default&#8221; theme_builder_area=&#8221;post_content&#8221; hover_enabled=&#8221;0&#8243; sticky_enabled=&#8221;0&#8243; type=&#8221;product_category&#8221; include_categories=&#8221;28&#8243; columns_number=&#8221;3&#8243; title_text_align=&#8221;center&#8221; title_font_size=&#8221;18px&#8221; title_font=&#8221;Frank Ruhl Libre||||||||&#8221;][\/et_pb_shop][\/et_pb_column][\/et_pb_row][\/et_pb_section][et_pb_section fb_built=&#8221;1&#8243; theme_builder_area=&#8221;post_content&#8221; _builder_version=&#8221;4.27.4&#8243; _module_preset=&#8221;default&#8221; custom_padding=&#8221;||7px|||&#8221;][et_pb_row _builder_version=&#8221;4.27.4&#8243; _module_preset=&#8221;default&#8221; theme_builder_area=&#8221;post_content&#8221;][et_pb_column _builder_version=&#8221;4.27.4&#8243; _module_preset=&#8221;default&#8221; type=&#8221;4_4&#8243; theme_builder_area=&#8221;post_content&#8221;][et_pb_text _builder_version=&#8221;4.27.4&#8243; _module_preset=&#8221;default&#8221; theme_builder_area=&#8221;post_content&#8221; header_3_font=&#8221;Frank Ruhl Libre||||||||&#8221; header_3_font_size=&#8221;40px&#8221; hover_enabled=&#8221;0&#8243; sticky_enabled=&#8221;0&#8243;]<\/p>\n<h3 style=\"text-align: center;\">FMP: Pr\u00e9mium tengeri hidraulikus hengerek Olaszorsz\u00e1g tengeri ig\u00e9nyeihez<\/h3>\n<p>[\/et_pb_text][\/et_pb_column][\/et_pb_row][et_pb_row _builder_version=&#8221;4.27.4&#8243; _module_preset=&#8221;default&#8221; column_structure=&#8221;1_2,1_2&#8243; theme_builder_area=&#8221;post_content&#8221; use_custom_gutter=&#8221;on&#8221; gutter_width=&#8221;2&#8243; hover_enabled=&#8221;0&#8243; sticky_enabled=&#8221;0&#8243;][et_pb_column _builder_version=&#8221;4.27.4&#8243; _module_preset=&#8221;default&#8221; type=&#8221;1_2&#8243; theme_builder_area=&#8221;post_content&#8221;][et_pb_image src=&#8221;https:\/\/fmp-components.com\/wp-content\/uploads\/2025\/04\/Marine-Hydraulic-cylinder-3.webp&#8221; _builder_version=&#8221;4.27.4&#8243; _module_preset=&#8221;default&#8221; theme_builder_area=&#8221;post_content&#8221; alt=&#8221;Marine-Hydraulic-cylinder&#8221; title_text=&#8221;Marine-Hydraulic-cylinder-3&#8243; hover_enabled=&#8221;0&#8243; sticky_enabled=&#8221;0&#8243;][\/et_pb_image][\/et_pb_column][et_pb_column _builder_version=&#8221;4.27.4&#8243; _module_preset=&#8221;default&#8221; type=&#8221;1_2&#8243; theme_builder_area=&#8221;post_content&#8221;][et_pb_text _builder_version=&#8221;4.27.4&#8243; _module_preset=&#8221;default&#8221; theme_builder_area=&#8221;post_content&#8221; header_3_font=&#8221;Frank Ruhl Libre||||||||&#8221; header_3_font_size=&#8221;24px&#8221; text_font_size=&#8221;16px&#8221; text_line_height=&#8221;1.8em&#8221; hover_enabled=&#8221;0&#8243; sticky_enabled=&#8221;0&#8243;]<\/p>\n<div>\n<h3>Tart\u00f3ss\u00e1gra \u00e9s teljes\u00edtm\u00e9nyre tervezve<\/h3>\n<p class=\"break-words\">A tengeri hidraulikus hengerek l\u00e9tfontoss\u00e1g\u00fa alkatr\u00e9szek a tengeri \u00e9s tengeri iparban, olyan alapvet\u0151 rendszereket hajtanak, mint a korm\u00e1ny-, rakod\u00f3- \u00e9s vez\u00e9rl\u0151berendez\u00e9sek. Ezek a hengerek folyamatosan ki vannak t\u00e9ve a zord k\u00f6r\u00fclm\u00e9nyeknek, mint a s\u00f3s v\u00edz, a p\u00e1ratartalom \u00e9s a sz\u00e9ls\u0151s\u00e9ges id\u0151j\u00e1r\u00e1s, \u00edgy kiv\u00e9teles korr\u00f3zi\u00f3\u00e1ll\u00f3s\u00e1got ig\u00e9nyelnek a megb\u00edzhat\u00f3s\u00e1g \u00e9s a hossz\u00fa \u00e9lettartam biztos\u00edt\u00e1sa \u00e9rdek\u00e9ben. Az FMP Company-n\u00e1l olyan tengeri hidraulikus hengerek gy\u00e1rt\u00e1s\u00e1ra specializ\u00e1l\u00f3dtunk, amelyeket \u00fagy tervezt\u00fcnk, hogy szembesz\u00e1lljanak ezekkel a kih\u00edv\u00e1sokkal. Pr\u00e9mium anyagok, p\u00e9ld\u00e1ul rozsdamentes ac\u00e9l, kr\u00f3moz\u00e1s \u00e9s nikkel bevonat felhaszn\u00e1l\u00e1s\u00e1val term\u00e9keink p\u00e1ratlan tart\u00f3ss\u00e1got \u00e9s teljes\u00edtm\u00e9nyt ny\u00fajtanak, \u00edgy ide\u00e1lisak a kotr\u00f3haj\u00f3kt\u00f3l \u00e9s usz\u00e1lyokt\u00f3l kezdve a fed\u00e9lzeti fel\u00e9p\u00edtm\u00e9nyeken \u00e9s a tenger alatti berendez\u00e9seken \u00e1t.<\/p>\n<\/div>\n<p>[\/et_pb_text][\/et_pb_column][\/et_pb_row][et_pb_row _builder_version=&#8221;4.27.4&#8243; _module_preset=&#8221;default&#8221; column_structure=&#8221;1_2,1_2&#8243; theme_builder_area=&#8221;post_content&#8221; use_custom_gutter=&#8221;on&#8221; gutter_width=&#8221;2&#8243; hover_enabled=&#8221;0&#8243; sticky_enabled=&#8221;0&#8243;][et_pb_column _builder_version=&#8221;4.27.4&#8243; _module_preset=&#8221;default&#8221; type=&#8221;1_2&#8243; theme_builder_area=&#8221;post_content&#8221;][et_pb_text _builder_version=&#8221;4.27.4&#8243; _module_preset=&#8221;default&#8221; theme_builder_area=&#8221;post_content&#8221; header_3_font=&#8221;Frank Ruhl Libre||||||||&#8221; header_3_font_size=&#8221;24px&#8221; text_font_size=&#8221;16px&#8221; text_line_height=&#8221;1.8em&#8221; hover_enabled=&#8221;0&#8243; sticky_enabled=&#8221;0&#8243;]<\/p>\n<div>\n<h3>FMP: Az \u00d6n forr\u00e1sa a k\u00fcl\u00f6nf\u00e9le \u00e9s egyedi haj\u00f3z\u00e1si hidraulikus hengerekhez<\/h3>\n<p class=\"break-words\">Az FMP Company b\u00fcszk\u00e9n gy\u00e1rt sz\u00e9les v\u00e1laszt\u00e9kban haj\u00f3z\u00e1si hidraulikus hengereket, hogy kiel\u00e9g\u00edtse a tengeri \u00e9s offshore szektorok v\u00e1ltozatos ig\u00e9nyeit. K\u00edn\u00e1latunkban hegesztett hidraulikus hengerek, teleszk\u00f3pos hidraulikus hengerek, helyzet\u00e9rz\u00e9kel\u0151s intelligens hidraulikus hengerek, integr\u00e1lt szelepes hidraulikus hengerek \u00e9s nagynyom\u00e1s\u00fa hidraulikus hengerek tal\u00e1lhat\u00f3k \u2013 mindegyiket a legmostoh\u00e1bb tengeri k\u00f6rnyezeti k\u00f6r\u00fclm\u00e9nyekre tervezt\u00fck. A standard katal\u00f3gusunkon t\u00fal egyedi hidraulikus hengerek tervez\u00e9s\u00e9ben \u00e9s gy\u00e1rt\u00e1s\u00e1ban is kiv\u00e1l\u00f3an teljes\u00edt\u00fcnk, az \u00d6n speci\u00e1lis ig\u00e9nyeihez igaz\u00edtva, legyen sz\u00f3 magas h\u0151m\u00e9rs\u00e9klet\u0171 be\u00e1ll\u00edt\u00e1sokr\u00f3l, nagy ig\u00e9nybev\u00e9tel\u0171 m\u0171veletekr\u0151l vagy speci\u00e1lis tenger alatti alkalmaz\u00e1sokr\u00f3l. Nemzetk\u00f6zi szervezetek, mint p\u00e9ld\u00e1ul a DNVGL, a Lloyds Register \u00e9s az ABS \u00e1ltal tan\u00fas\u00edtott term\u00e9keink garant\u00e1lj\u00e1k a min\u0151s\u00e9get \u00e9s a megfelel\u0151s\u00e9get, biztos\u00edtva, hogy tengeri projektjei z\u00f6kken\u0151mentesen m\u0171k\u00f6djenek.<\/p>\n<\/div>\n<p>[\/et_pb_text][\/et_pb_column][et_pb_column _builder_version=&#8221;4.27.4&#8243; _module_preset=&#8221;default&#8221; type=&#8221;1_2&#8243; theme_builder_area=&#8221;post_content&#8221;][et_pb_image src=&#8221;https:\/\/fmp-components.com\/wp-content\/uploads\/2025\/04\/Marine-Hydraulic-cylinder-6.webp&#8221; _builder_version=&#8221;4.27.4&#8243; _module_preset=&#8221;default&#8221; theme_builder_area=&#8221;post_content&#8221; alt=&#8221;Marine-Hydraulic-cylinder&#8221; title_text=&#8221;Marine-Hydraulic-cylinder-6&#8243; hover_enabled=&#8221;0&#8243; sticky_enabled=&#8221;0&#8243;][\/et_pb_image][\/et_pb_column][\/et_pb_row][\/et_pb_section][et_pb_section fb_built=&#8221;1&#8243; theme_builder_area=&#8221;post_content&#8221; _builder_version=&#8221;4.27.4&#8243; _module_preset=&#8221;default&#8221; alt=&#8221;Marine-Hydraulic-cylinder&#8221; title_text=&#8221;Marine-Hydraulic-cylinder-4&#8243; background_image=&#8221;https:\/\/fmp-components.com\/wp-content\/uploads\/2025\/04\/Marine-Hydraulic-cylinder-4.webp&#8221; hover_enabled=&#8221;0&#8243; sticky_enabled=&#8221;0&#8243; min_height=&#8221;382px&#8221; use_background_color_gradient=&#8221;on&#8221; background_color_gradient_stops=&#8221;rgba(0,0,0,0.36) 0%|rgba(0,0,0,0.28) 100%&#8221; background_color_gradient_overlays_image=&#8221;on&#8221;][et_pb_row _builder_version=&#8221;4.27.4&#8243; _module_preset=&#8221;default&#8221; theme_builder_area=&#8221;post_content&#8221;][et_pb_column _builder_version=&#8221;4.27.4&#8243; _module_preset=&#8221;default&#8221; type=&#8221;4_4&#8243; theme_builder_area=&#8221;post_content&#8221;][et_pb_text _builder_version=&#8221;4.27.4&#8243; _module_preset=&#8221;default&#8221; theme_builder_area=&#8221;post_content&#8221; header_3_font=&#8221;Frank Ruhl Libre||||||||&#8221; header_3_text_align=&#8221;center&#8221; header_3_font_size=&#8221;32px&#8221; header_3_text_color=&#8221;#FFFFFF&#8221; hover_enabled=&#8221;0&#8243; sticky_enabled=&#8221;0&#8243; text_text_color=&#8221;#FFFFFF&#8221; text_orientation=&#8221;center&#8221; text_font_size=&#8221;16px&#8221; text_line_height=&#8221;1.8em&#8221;]<\/p>\n<div>\n<h3>Szak\u00e9rt\u0151i megold\u00e1sokkal szolg\u00e1ljuk ki Olaszorsz\u00e1g tenger\u00e9szeti ipar\u00e1t<\/h3>\n<p class=\"break-words\">Az FMP elk\u00f6telezett a tengeri \u00e9s offshore szakemberek t\u00e1mogat\u00e1sa ir\u00e1nt eg\u00e9sz Olaszorsz\u00e1gban, a ny\u00fczsg\u0151 velencei haj\u00f3gy\u00e1rakt\u00f3l Mil\u00e1n\u00f3, Bologna \u00e9s Firenze ipari k\u00f6zpontjaiig. Kiv\u00e1l\u00f3 min\u0151s\u00e9g\u0171 hidraulikus hengereink orsz\u00e1gszerte megb\u00edzhat\u00f3 megold\u00e1sokat k\u00edn\u00e1lnak tengeri alkalmaz\u00e1sokhoz ezekben a kulcsfontoss\u00e1g\u00fa v\u00e1rosokban \u00e9s azokon t\u00fal is. Ha nem tal\u00e1lja a pontosan sz\u00fcks\u00e9ges modellt a term\u00e9klist\u00e1nkban, ne agg\u00f3djon \u2013 lehet, hogy m\u00e9g nem ker\u00fclt fel. Egyszer\u0171en k\u00fcldj\u00f6n nek\u00fcnk e-mailt a specifik\u00e1ci\u00f3ival, \u00e9s k\u00e9pzett m\u00e9rn\u00f6keink 24 \u00f3r\u00e1n bel\u00fcl v\u00e1laszolnak egy szem\u00e9lyre szabott megold\u00e1ssal. L\u00e9pjen kapcsolatba az FMP Company-val m\u00e9g ma, hogy megtapasztalja a legmagasabb szint\u0171 szolg\u00e1ltat\u00e1st \u00e9s hidraulikus szak\u00e9rtelmet, b\u00e1rhol is legyen Olaszorsz\u00e1gban.<\/p>\n<\/div>\n<p>[\/et_pb_sz\u00f6veg][\/et_pb_oszlop][\/et_pb_sor][\/et_pb_szakasz]<\/p>","protected":false},"excerpt":{"rendered":"<p>Marine Hydraulic CylinderTypes of Marine Hydraulic CylinderFMP: Premium Marine Hydraulic Cylinders for Italy\u2019s Offshore Needs Engineered for Durability and Performance Marine hydraulic cylinders are vital components in the marine and offshore industry, driving essential systems such as steering, loading, and control equipment. These cylinders face constant exposure to harsh conditions like saltwater, humidity, and extreme [&hellip;]<\/p>","protected":false},"author":2,"featured_media":0,"parent":0,"menu_order":0,"comment_status":"closed","ping_status":"closed","template":"","meta":{"_et_pb_use_builder":"on","_et_pb_old_content":"","_et_gb_content_width":"","footnotes":""},"class_list":["post-7662","page","type-page","status-publish","hentry"],"_links":{"self":[{"href":"https:\/\/fmp-components.com\/hu\/wp-json\/wp\/v2\/pages\/7662","targetHints":{"allow":["GET"]}}],"collection":[{"href":"https:\/\/fmp-components.com\/hu\/wp-json\/wp\/v2\/pages"}],"about":[{"href":"https:\/\/fmp-components.com\/hu\/wp-json\/wp\/v2\/types\/page"}],"author":[{"embeddable":true,"href":"https:\/\/fmp-components.com\/hu\/wp-json\/wp\/v2\/users\/2"}],"replies":[{"embeddable":true,"href":"https:\/\/fmp-components.com\/hu\/wp-json\/wp\/v2\/comments?post=7662"}],"version-history":[{"count":14,"href":"https:\/\/fmp-components.com\/hu\/wp-json\/wp\/v2\/pages\/7662\/revisions"}],"predecessor-version":[{"id":7688,"href":"https:\/\/fmp-components.com\/hu\/wp-json\/wp\/v2\/pages\/7662\/revisions\/7688"}],"wp:attachment":[{"href":"https:\/\/fmp-components.com\/hu\/wp-json\/wp\/v2\/media?parent=7662"}],"curies":[{"name":"munkaf\u00fczet","href":"https:\/\/api.w.org\/{rel}","templated":true}]}}