{"id":7581,"date":"2025-03-31T05:23:31","date_gmt":"2025-03-31T05:23:31","guid":{"rendered":"https:\/\/fmp-components.com\/?page_id=7581"},"modified":"2025-04-02T01:46:51","modified_gmt":"2025-04-02T01:46:51","slug":"industrial-engineering-hydraulic-cylinders-2","status":"publish","type":"page","link":"https:\/\/fmp-components.com\/hu\/industrial-engineering-hydraulic-cylinders-2\/","title":{"rendered":"Ipari m\u00e9rn\u00f6ki hidraulikus hengerek"},"content":{"rendered":"<p>[et_pb_section fb_built=&#8221;1&#8243; theme_builder_area=&#8221;post_content&#8221; _builder_version=&#8221;4.27.4&#8243; _module_preset=&#8221;default&#8221; alt=&#8221;Industrial-Engineering-Hydraulic-Cylinders&#8221; title_text=&#8221;Industrial-Engineering-Hydraulic-Cylinders-1&#8243; background_image=&#8221;https:\/\/fmp-components.com\/wp-content\/uploads\/2025\/04\/Industrial-Engineering-Hydraulic-Cylinders-1-1.webp&#8221; hover_enabled=&#8221;0&#8243; sticky_enabled=&#8221;0&#8243; custom_padding=&#8221;||146px|||&#8221;][et_pb_row _builder_version=&#8221;4.27.4&#8243; _module_preset=&#8221;default&#8221; theme_builder_area=&#8221;post_content&#8221; custom_margin=&#8221;50px||||false|false&#8221; hover_enabled=&#8221;0&#8243; sticky_enabled=&#8221;0&#8243;][et_pb_column _builder_version=&#8221;4.27.4&#8243; _module_preset=&#8221;default&#8221; type=&#8221;4_4&#8243; theme_builder_area=&#8221;post_content&#8221;][et_pb_text _builder_version=&#8221;4.27.4&#8243; _module_preset=&#8221;default&#8221; theme_builder_area=&#8221;post_content&#8221; header_font=&#8221;Frank Ruhl Libre||||||||&#8221; header_font_size=&#8221;60px&#8221; header_text_color=&#8221;#FFFFFF&#8221; header_text_shadow_style=&#8221;preset1&#8243; hover_enabled=&#8221;0&#8243; sticky_enabled=&#8221;0&#8243;]<\/p>\n<h1 style=\"text-align: center;\">Ipari m\u00e9rn\u00f6ki hidraulikus hengerek<\/h1>\n<p>[\/et_pb_text][\/et_pb_column][\/et_pb_row][\/et_pb_section][et_pb_section fb_built=&#8221;1&#8243; theme_builder_area=&#8221;post_content&#8221; _builder_version=&#8221;4.27.4&#8243; _module_preset=&#8221;default&#8221; custom_padding=&#8221;||9px|||&#8221;][et_pb_row _builder_version=&#8221;4.27.4&#8243; _module_preset=&#8221;default&#8221; theme_builder_area=&#8221;post_content&#8221;][et_pb_column _builder_version=&#8221;4.27.4&#8243; _module_preset=&#8221;default&#8221; type=&#8221;4_4&#8243; theme_builder_area=&#8221;post_content&#8221;][et_pb_text _builder_version=&#8221;4.27.4&#8243; _module_preset=&#8221;default&#8221; theme_builder_area=&#8221;post_content&#8221; header_2_font=&#8221;Frank Ruhl Libre||||||||&#8221; header_2_font_size=&#8221;30px&#8221; hover_enabled=&#8221;0&#8243; sticky_enabled=&#8221;0&#8243;]<\/p>\n<h2 style=\"text-align: center;\">Ipari m\u00e9rn\u00f6ki hidraulikus hengerek t\u00edpusai<\/h2>\n<p>[\/et_pb_text][et_pb_shop _builder_version=&#8221;4.27.4&#8243; _module_preset=&#8221;default&#8221; theme_builder_area=&#8221;post_content&#8221; show_pagination=&#8221;on&#8221; hover_enabled=&#8221;0&#8243; sticky_enabled=&#8221;0&#8243;][\/et_pb_shop][\/et_pb_column][\/et_pb_row][\/et_pb_section][et_pb_section fb_built=&#8221;1&#8243; theme_builder_area=&#8221;post_content&#8221; _builder_version=&#8221;4.27.4&#8243; _module_preset=&#8221;default&#8221;][et_pb_row _builder_version=&#8221;4.27.4&#8243; _module_preset=&#8221;default&#8221; column_structure=&#8221;1_2,1_2&#8243; theme_builder_area=&#8221;post_content&#8221; width=&#8221;100%&#8221; max_width=&#8221;1250px&#8221; hover_enabled=&#8221;0&#8243; sticky_enabled=&#8221;0&#8243;][et_pb_column _builder_version=&#8221;4.27.4&#8243; _module_preset=&#8221;default&#8221; type=&#8221;1_2&#8243; theme_builder_area=&#8221;post_content&#8221;][et_pb_image src=&#8221;https:\/\/fmp-components.com\/wp-content\/uploads\/2025\/04\/Industrial-Engineering-Hydraulic-Cylinders-Factory-2.webp&#8221; _builder_version=&#8221;4.27.4&#8243; _module_preset=&#8221;default&#8221; theme_builder_area=&#8221;post_content&#8221; alt=&#8221;Industrial-Engineering-Hydraulic-Cylinders-Factory&#8221; title_text=&#8221;Industrial-Engineering-Hydraulic-Cylinders-Factory-2&#8243; hover_enabled=&#8221;0&#8243; sticky_enabled=&#8221;0&#8243;][\/et_pb_image][\/et_pb_column][et_pb_column _builder_version=&#8221;4.27.4&#8243; _module_preset=&#8221;default&#8221; type=&#8221;1_2&#8243; theme_builder_area=&#8221;post_content&#8221;][et_pb_text _builder_version=&#8221;4.27.4&#8243; _module_preset=&#8221;default&#8221; theme_builder_area=&#8221;post_content&#8221; header_2_font=&#8221;Frank Ruhl Libre||||||||&#8221; text_font_size=&#8221;16px&#8221; text_line_height=&#8221;1.8em&#8221; hover_enabled=&#8221;0&#8243; sticky_enabled=&#8221;0&#8243;]<\/p>\n<h2>Nagy teljes\u00edtm\u00e9ny\u0171 hidraulikus hengerek az olasz ipari g\u00e9p\u00e9szeti szektor sz\u00e1m\u00e1ra<\/h2>\n<p>Az FMP Company pr\u00e9mium hidraulikus hengerek gy\u00e1rt\u00e1s\u00e1ra specializ\u00e1l\u00f3dott, amelyeket az ipari alkalmaz\u00e1sok szigor\u00fa k\u00f6vetelm\u00e9nyeinek kiel\u00e9g\u00edt\u00e9s\u00e9re terveztek. Mil\u00e1n\u00f3 gy\u00e1rt\u00f3k\u00f6zpontjait\u00f3l Velence haj\u00f3ipar\u00e1ig v\u00e1ltozatos term\u00e9kpalett\u00e1nk mag\u00e1ban foglalja a k\u00f6vetkez\u0151ket:\u00a0<em>hegesztett hidraulikus hengerek<\/em>,\u00a0<em>integr\u00e1lt szelephengerek<\/em>,\u00a0<em>helyzet\u00e9rz\u00e9kel\u0151 intelligens hengerek<\/em>, \u00e9s\u00a0<em>nagynyom\u00e1s\u00fa modellek<\/em>\u00a0extr\u00e9m k\u00f6rnyezetekre tervezve. Ak\u00e1r Firenze prec\u00edzi\u00f3s m\u00e9rn\u00f6ki szektor\u00e1ban, ak\u00e1r Bologna automatiz\u00e1l\u00e1s-vez\u00e9relt ipar\u00e1gaiban m\u0171k\u00f6dik, ISO 9001:2015 tan\u00fas\u00edtv\u00e1nnyal rendelkez\u0151, Purpose-Built\u2122 megold\u00e1sokat sz\u00e1ll\u00edtunk. A testreszab\u00e1s a l\u00e9nyeg\u00fcnk \u2013 m\u00e9rn\u00f6keink integr\u00e1torokkal, OEM-ekkel \u00e9s viszontelad\u00f3kkal m\u0171k\u00f6dnek egy\u00fctt Olaszorsz\u00e1g-szerte, hogy testreszabott hidraulikus rendszereket fejlesszenek ki, bele\u00e9rtve a protot\u00edpus tesztel\u00e9st \u00e9s a speci\u00e1lis tan\u00fas\u00edtv\u00e1nyokat (ABS, ANSI). Ha a k\u00edv\u00e1nt modell nem szerepel a list\u00e1n, \u00edrjon nek\u00fcnk k\u00f6zvetlen\u00fcl e-mailt. Csapatunk 24 \u00f3r\u00e1n bel\u00fcl v\u00e1laszol a megval\u00f3s\u00edthat\u00f3s\u00e1g meger\u0151s\u00edt\u00e9se \u00e9rdek\u00e9ben, biztos\u00edtva, hogy Olaszorsz\u00e1g dinamikus ipari k\u00f6rnyezet\u00e9ben egyetlen projekt se szenvedjen k\u00e9sedelmet.<\/p>\n<p>[\/et_pb_text][\/et_pb_column][\/et_pb_row][et_pb_row _builder_version=&#8221;4.27.4&#8243; _module_preset=&#8221;default&#8221; column_structure=&#8221;1_2,1_2&#8243; theme_builder_area=&#8221;post_content&#8221; width=&#8221;100%&#8221; max_width=&#8221;1250px&#8221; hover_enabled=&#8221;0&#8243; sticky_enabled=&#8221;0&#8243;][et_pb_column _builder_version=&#8221;4.27.4&#8243; _module_preset=&#8221;default&#8221; type=&#8221;1_2&#8243; theme_builder_area=&#8221;post_content&#8221;][et_pb_text _builder_version=&#8221;4.27.4&#8243; _module_preset=&#8221;default&#8221; theme_builder_area=&#8221;post_content&#8221; header_2_font=&#8221;Frank Ruhl Libre||||||||&#8221; text_font_size=&#8221;16px&#8221; text_line_height=&#8221;1.8em&#8221; hover_enabled=&#8221;0&#8243; sticky_enabled=&#8221;0&#8243; custom_padding=&#8221;47px|||||&#8221;]<\/p>\n<h2>Megb\u00edzhat\u00f3 hidraulikus megold\u00e1sok, helyi t\u00e1mogat\u00e1ssal<\/h2>\n<p>Az FMP-n\u00e9l az amerikai m\u00e9rn\u00f6ki kiv\u00e1l\u00f3s\u00e1got \u00f6tv\u00f6zz\u00fck az olaszorsz\u00e1gi kulcsfontoss\u00e1g\u00fa r\u00e9gi\u00f3k helyi t\u00e1mogat\u00e1s\u00e1val. Gy\u00e1ri hengereinket \u00e9s teleszk\u00f3pos hidraulikus rendszereinket Mil\u00e1n\u00f3 ac\u00e9lgy\u00e1rai \u00e9s Velence kik\u00f6t\u0151i g\u00e9pei is megb\u00edzhat\u00f3an haszn\u00e1lj\u00e1k, p\u00e1ratlan tart\u00f3ss\u00e1got \u00e9s alacsony karbantart\u00e1si ig\u00e9nyt biztos\u00edtva. Firenze k\u00e9zm\u0171ves gy\u00e1rt\u00e1s\u00e1val vagy Bologna mez\u0151gazdas\u00e1gi g\u00e9pipari szektor\u00e1ban m\u0171k\u00f6d\u0151 v\u00e1llalkoz\u00e1sok sz\u00e1m\u00e1ra a tervez\u00e9s \u00e9s a gy\u00e1rt\u00e1s feletti h\u00e1zon bel\u00fcli ellen\u0151rz\u00e9s\u00fcnk gyors \u00e1tfut\u00e1si id\u0151t garant\u00e1l. Integr\u00e1torok \u00e9s viszontelad\u00f3k tan\u00fas\u00edtott partnerek\u00e9nt k\u00e9szletgazd\u00e1lkod\u00e1si rugalmass\u00e1got \u00e9s m\u0171szaki szak\u00e9rtelmet biztos\u00edtunk piaci el\u00e9rhet\u0151s\u00e9g\u00e9nek b\u0151v\u00edt\u00e9s\u00e9hez. Tekintse meg katal\u00f3gusunkat, vagy k\u00e9rjen \u00e1raj\u00e1nlatot m\u00e9g ma \u2013 \u00e9s ha az ide\u00e1lis henger nem szerepel a list\u00e1n, vegye fel vel\u00fcnk a kapcsolatot e-mailben.<\/p>\n<p>[\/et_pb_text][\/et_pb_column][et_pb_column _builder_version=&#8221;4.27.4&#8243; _module_preset=&#8221;default&#8221; type=&#8221;1_2&#8243; theme_builder_area=&#8221;post_content&#8221;][et_pb_image src=&#8221;https:\/\/fmp-components.com\/wp-content\/uploads\/2025\/04\/Industrial-Engineering-Hydraulic-Cylinders-Factory-1.webp&#8221; _builder_version=&#8221;4.27.4&#8243; _module_preset=&#8221;default&#8221; theme_builder_area=&#8221;post_content&#8221; alt=&#8221;Industrial-Engineering-Hydraulic-Cylinders-Factory&#8221; title_text=&#8221;Industrial-Engineering-Hydraulic-Cylinders-Factory-1&#8243; hover_enabled=&#8221;0&#8243; sticky_enabled=&#8221;0&#8243;][\/et_pb_image][\/et_pb_column][\/et_pb_row][\/et_pb_section]<\/p>","protected":false},"excerpt":{"rendered":"<p>Industrial Engineering Hydraulic CylindersTypes of Industrial Engineering Hydraulic CylindersHigh-Performance Hydraulic Cylinders for Italy\u2019s Industrial Engineering Sector FMP Company specializes in manufacturing premium hydraulic cylinders engineered to meet the rigorous demands of industrial applications. From\u00a0Milan\u2019s manufacturing hubs\u00a0to\u00a0Venice\u2019s marine industries, our diverse product range includes\u00a0welded hydraulic cylinders,\u00a0integrated valve cylinders,\u00a0position-sensing smart cylinders, and\u00a0high-pressure models\u00a0designed for extreme environments. Whether [&hellip;]<\/p>","protected":false},"author":2,"featured_media":0,"parent":0,"menu_order":0,"comment_status":"closed","ping_status":"closed","template":"","meta":{"_et_pb_use_builder":"on","_et_pb_old_content":"","_et_gb_content_width":"","footnotes":""},"class_list":["post-7581","page","type-page","status-publish","hentry"],"_links":{"self":[{"href":"https:\/\/fmp-components.com\/hu\/wp-json\/wp\/v2\/pages\/7581","targetHints":{"allow":["GET"]}}],"collection":[{"href":"https:\/\/fmp-components.com\/hu\/wp-json\/wp\/v2\/pages"}],"about":[{"href":"https:\/\/fmp-components.com\/hu\/wp-json\/wp\/v2\/types\/page"}],"author":[{"embeddable":true,"href":"https:\/\/fmp-components.com\/hu\/wp-json\/wp\/v2\/users\/2"}],"replies":[{"embeddable":true,"href":"https:\/\/fmp-components.com\/hu\/wp-json\/wp\/v2\/comments?post=7581"}],"version-history":[{"count":8,"href":"https:\/\/fmp-components.com\/hu\/wp-json\/wp\/v2\/pages\/7581\/revisions"}],"predecessor-version":[{"id":7611,"href":"https:\/\/fmp-components.com\/hu\/wp-json\/wp\/v2\/pages\/7581\/revisions\/7611"}],"wp:attachment":[{"href":"https:\/\/fmp-components.com\/hu\/wp-json\/wp\/v2\/media?parent=7581"}],"curies":[{"name":"munkaf\u00fczet","href":"https:\/\/api.w.org\/{rel}","templated":true}]}}