{"id":7564,"date":"2025-03-28T07:42:54","date_gmt":"2025-03-28T07:42:54","guid":{"rendered":"https:\/\/fmp-components.com\/?page_id=7564"},"modified":"2025-03-28T08:55:16","modified_gmt":"2025-03-28T08:55:16","slug":"mobile-machinery-hydraulic-cylinders","status":"publish","type":"page","link":"https:\/\/fmp-components.com\/hu\/mobile-machinery-hydraulic-cylinders\/","title":{"rendered":"Mobil g\u00e9pek hidraulikus hengerei"},"content":{"rendered":"<p>[et_pb_section fb_built=&#8221;1&#8243; theme_builder_area=&#8221;post_content&#8221; _builder_version=&#8221;4.27.4&#8243; _module_preset=&#8221;default&#8221; alt=&#8221;Mobile-Machinery-Hydraulic-Cylinders-Banner&#8221; title_text=&#8221;Mobile-Machinery-Hydraulic-Cylinders-Banner-1&#8243; background_image=&#8221;https:\/\/fmp-components.com\/wp-content\/uploads\/2025\/03\/Mobile-Machinery-Hydraulic-Cylinders-Banner-1.webp&#8221; hover_enabled=&#8221;0&#8243; sticky_enabled=&#8221;0&#8243; min_height=&#8221;296px&#8221;][et_pb_row _builder_version=&#8221;4.27.4&#8243; _module_preset=&#8221;default&#8221; theme_builder_area=&#8221;post_content&#8221;][et_pb_column _builder_version=&#8221;4.27.4&#8243; _module_preset=&#8221;default&#8221; type=&#8221;4_4&#8243; theme_builder_area=&#8221;post_content&#8221;][et_pb_text _builder_version=&#8221;4.27.4&#8243; _module_preset=&#8221;default&#8221; theme_builder_area=&#8221;post_content&#8221; text_text_shadow_style=&#8221;preset1&#8243; header_font=&#8221;Frank Ruhl Libre||||||||&#8221; header_font_size=&#8221;60px&#8221; header_text_align=&#8221;center&#8221; hover_enabled=&#8221;0&#8243; sticky_enabled=&#8221;0&#8243; header_text_color=&#8221;#FFFFFF&#8221; header_text_shadow_style=&#8221;preset1&#8243;]<\/p>\n<h1 class=\"et_pb_toggle_title\" style=\"text-align: center;\">Mobil g\u00e9pek hidraulikus hengerei<\/h1>\n<p>[\/et_pb_text][\/et_pb_column][\/et_pb_row][\/et_pb_section][et_pb_section fb_built=&#8221;1&#8243; theme_builder_area=&#8221;post_content&#8221; _builder_version=&#8221;4.27.4&#8243; _module_preset=&#8221;default&#8221;][et_pb_row _builder_version=&#8221;4.27.4&#8243; _module_preset=&#8221;default&#8221; theme_builder_area=&#8221;post_content&#8221;][et_pb_column _builder_version=&#8221;4.27.4&#8243; _module_preset=&#8221;default&#8221; type=&#8221;4_4&#8243; theme_builder_area=&#8221;post_content&#8221;][et_pb_text _builder_version=&#8221;4.27.4&#8243; _module_preset=&#8221;default&#8221; theme_builder_area=&#8221;post_content&#8221; header_2_font=&#8221;Frank Ruhl Libre||||||||&#8221; header_2_font_size=&#8221;40px&#8221; hover_enabled=&#8221;0&#8243; sticky_enabled=&#8221;0&#8243;]<\/p>\n<h2 style=\"text-align: center;\">Mobil g\u00e9pek hidraulikus hengereinek t\u00edpusai<\/h2>\n<p>[\/et_pb_text][et_pb_shop _builder_version=&#8221;4.27.4&#8243; _module_preset=&#8221;default&#8221; theme_builder_area=&#8221;post_content&#8221; type=&#8221;product_category&#8221; include_categories=&#8221;25&#8243; columns_number=&#8221;3&#8243; hover_enabled=&#8221;0&#8243; sticky_enabled=&#8221;0&#8243; title_font=&#8221;Frank Ruhl Libre||||||||&#8221; title_text_align=&#8221;center&#8221; title_font_size=&#8221;20px&#8221;][\/et_pb_shop][\/et_pb_column][\/et_pb_row][\/et_pb_section][et_pb_section fb_built=&#8221;1&#8243; theme_builder_area=&#8221;post_content&#8221; _builder_version=&#8221;4.27.4&#8243; _module_preset=&#8221;default&#8221;][et_pb_row _builder_version=&#8221;4.27.4&#8243; _module_preset=&#8221;default&#8221; theme_builder_area=&#8221;post_content&#8221;][et_pb_column _builder_version=&#8221;4.27.4&#8243; _module_preset=&#8221;default&#8221; type=&#8221;4_4&#8243; theme_builder_area=&#8221;post_content&#8221;][et_pb_text _builder_version=&#8221;4.27.4&#8243; _module_preset=&#8221;default&#8221; theme_builder_area=&#8221;post_content&#8221; header_2_font=&#8221;Frank Ruhl Libre||||||||&#8221; header_2_font_size=&#8221;30px&#8221; hover_enabled=&#8221;0&#8243; sticky_enabled=&#8221;0&#8243;]<\/p>\n<h2 style=\"text-align: center;\">Mobil g\u00e9pek hidraulikus hengerei: G\u00e9pek hajt\u00e1sa az ipar\u00e1gakban<\/h2>\n<p>[\/et_pb_text][\/et_pb_column][\/et_pb_row][et_pb_row _builder_version=&#8221;4.27.4&#8243; _module_preset=&#8221;default&#8221; column_structure=&#8221;1_2,1_2&#8243; theme_builder_area=&#8221;post_content&#8221; use_custom_gutter=&#8221;on&#8221; gutter_width=&#8221;2&#8243; hover_enabled=&#8221;0&#8243; sticky_enabled=&#8221;0&#8243; width=&#8221;100%&#8221; max_width=&#8221;1200px&#8221;][et_pb_column _builder_version=&#8221;4.27.4&#8243; _module_preset=&#8221;default&#8221; type=&#8221;1_2&#8243; theme_builder_area=&#8221;post_content&#8221;][et_pb_text _builder_version=&#8221;4.27.4&#8243; _module_preset=&#8221;default&#8221; theme_builder_area=&#8221;post_content&#8221; text_font_size=&#8221;16px&#8221; text_line_height=&#8221;1.8em&#8221; hover_enabled=&#8221;0&#8243; sticky_enabled=&#8221;0&#8243;]<\/p>\n<div>\n<p class=\"break-words\">A hidraulikus hengerek olyanok, mint a mobil munkag\u00e9pek er\u0151s izmai. Ezek biztos\u00edtj\u00e1k a g\u00e9pek sz\u00e1m\u00e1ra azt az er\u0151t \u00e9s ir\u00e1ny\u00edt\u00e1st, amelyre sz\u00fcks\u00e9g\u00fck van a neh\u00e9z feladatok elv\u00e9gz\u00e9s\u00e9hez mindenf\u00e9le helyen. Olaszorsz\u00e1gban, a mil\u00e1n\u00f3i forgalmas \u00e9p\u00edtkez\u00e9sekt\u0151l a firenzei mez\u0151gazdas\u00e1gi ter\u00fcletekig, ezek az alkatr\u00e9szek rendk\u00edv\u00fcl fontosak az olyan g\u00e9pekhez, mint a kotr\u00f3g\u00e9pek, d\u00f6mperek \u00e9s traktorok. A hidraulikus hengereket strapab\u00edr\u00f3v\u00e1 teszik, hogy elb\u00edrj\u00e1k a nagy nyom\u00e1st, a meleg vagy hideg id\u0151j\u00e1r\u00e1st \u00e9s a sok port. Ez biztos\u00edtja, hogy a g\u00e9pek j\u00f3l m\u0171k\u00f6djenek an\u00e9lk\u00fcl, hogy meghib\u00e1sodn\u00e1nak.<\/p>\n<p class=\"break-words\">P\u00e9ld\u00e1ul az \u00e9p\u00edt\u0151iparban a hidraulikus hengerek seg\u00edtenek az olyan g\u00e9peknek, mint a kotr\u00f3g\u00e9pek \u00e9s daruk, neh\u00e9z t\u00e1rgyakat emelni \u00e9s pontosan oda helyezni, ahov\u00e1 sz\u00fcks\u00e9g van r\u00e1juk. A Velence k\u00f6zel\u00e9ben l\u00e9v\u0151 gazdas\u00e1gokban ezek a hengerek jav\u00edtj\u00e1k a betakar\u00edt\u00f3g\u00e9pek \u00e9s \u00fcltet\u0151eszk\u00f6z\u00f6k m\u0171k\u00f6d\u00e9s\u00e9t, \u00edgy a gazd\u00e1k gyorsabban elv\u00e9gezhetik a munk\u00e1jukat. Er\u0151s kialak\u00edt\u00e1suknak k\u00f6sz\u00f6nhet\u0151en t\u00f6k\u00e9letesek ezekhez a neh\u00e9z feladatokhoz.<\/p>\n<p>De a hidraulikus hengerek nem csak az \u00e9p\u00edtkez\u00e9sben \u00e9s a mez\u0151gazdas\u00e1gban seg\u00edtenek. Egy olyan ny\u00fczsg\u0151 v\u00e1rosban, mint Bologna, ezek hajtj\u00e1k az aut\u00f3szerel\u0151 m\u0171helyekben az aut\u00f3emel\u0151ket \u00e9s a rep\u00fcl\u0151t\u00e9ren a g\u00e9peket, amelyek seg\u00edtik a rep\u00fcl\u0151g\u00e9peket a rep\u00fcl\u00e9sre val\u00f3 felk\u00e9sz\u00fcl\u00e9sben. Firenze melletti erd\u0151kben seg\u00edtenek a g\u00e9peknek a f\u00e1k kiv\u00e1g\u00e1s\u00e1ban, Mil\u00e1n\u00f3 gy\u00e1raiban pedig a targonc\u00e1k seg\u00edts\u00e9g\u00e9vel k\u00f6nnyed\u00e9n mozgathat\u00f3k a neh\u00e9z dobozok. Ak\u00e1r emel\u00e9sr\u0151l, tol\u00e1sr\u00f3l vagy mozgat\u00e1sr\u00f3l van sz\u00f3, a hidraulikus hengerek mindenre k\u00e9pesek. Nagyszer\u0171en m\u0171k\u00f6dnek Olaszorsz\u00e1g-szerte a v\u00e1rosokban \u00e9s vid\u00e9ken, biztos\u00edtva a mobil munkag\u00e9pek z\u00f6kken\u0151mentes m\u0171k\u00f6d\u00e9s\u00e9t.<\/p>\n<\/div>\n<p>[\/et_pb_text][\/et_pb_column][et_pb_column _builder_version=&#8221;4.27.4&#8243; _module_preset=&#8221;default&#8221; type=&#8221;1_2&#8243; theme_builder_area=&#8221;post_content&#8221;][et_pb_image src=&#8221;https:\/\/fmp-components.com\/wp-content\/uploads\/2025\/03\/Mobile-Machinery-Hydraulic-Cylinders-3.webp&#8221; _builder_version=&#8221;4.27.4&#8243; _module_preset=&#8221;default&#8221; theme_builder_area=&#8221;post_content&#8221; alt=&#8221;Mobile-Machinery-Hydraulic-Cylinders&#8221; title_text=&#8221;Mobile-Machinery-Hydraulic-Cylinders-3&#8243; hover_enabled=&#8221;0&#8243; sticky_enabled=&#8221;0&#8243;][\/et_pb_image][\/et_pb_column][\/et_pb_row][et_pb_row _builder_version=&#8221;4.27.4&#8243; _module_preset=&#8221;default&#8221; column_structure=&#8221;2_5,3_5&#8243; theme_builder_area=&#8221;post_content&#8221; use_custom_gutter=&#8221;on&#8221; gutter_width=&#8221;2&#8243; width=&#8221;100%&#8221; max_width=&#8221;1200px&#8221; hover_enabled=&#8221;0&#8243; sticky_enabled=&#8221;0&#8243;][et_pb_column _builder_version=&#8221;4.27.4&#8243; _module_preset=&#8221;default&#8221; type=&#8221;2_5&#8243; theme_builder_area=&#8221;post_content&#8221;][et_pb_image src=&#8221;https:\/\/fmp-components.com\/wp-content\/uploads\/2025\/03\/Mobile-Machinery-Hydraulic-Cylinders-4-1.webp&#8221; _builder_version=&#8221;4.27.4&#8243; _module_preset=&#8221;default&#8221; theme_builder_area=&#8221;post_content&#8221; alt=&#8221;Mobile-Machinery-Hydraulic-Cylinders&#8221; title_text=&#8221;Mobile-Machinery-Hydraulic-Cylinders-4&#8243; hover_enabled=&#8221;0&#8243; sticky_enabled=&#8221;0&#8243;][\/et_pb_image][\/et_pb_column][et_pb_column _builder_version=&#8221;4.27.4&#8243; _module_preset=&#8221;default&#8221; type=&#8221;3_5&#8243; theme_builder_area=&#8221;post_content&#8221;][et_pb_text _builder_version=&#8221;4.27.4&#8243; _module_preset=&#8221;default&#8221; theme_builder_area=&#8221;post_content&#8221; hover_enabled=&#8221;0&#8243; sticky_enabled=&#8221;0&#8243; text_font_size=&#8221;16px&#8221; text_line_height=&#8221;1.8em&#8221; header_2_font=&#8221;Frank Ruhl Libre||||||||&#8221; custom_padding=&#8221;34px|||||&#8221;]<\/p>\n<div>\n<h2>FMP Company: Az \u00d6n hidraulikus hengerek besz\u00e1ll\u00edt\u00f3ja<\/h2>\n<p class=\"break-words\">Az FMP Company-n\u00e1l sz\u00e1mos k\u00fcl\u00f6nf\u00e9le hidraulikus hengert gy\u00e1rtunk mobil munkag\u00e9pekhez, Velenc\u00e9t\u0151l Bologn\u00e1ig seg\u00edtve az embereket. Er\u0151s hegesztett r\u00fadhengereink vannak, s\u0151t, ak\u00e1r speci\u00e1lis hengereket is k\u00e9sz\u00edt\u00fcnk az \u00d6n g\u00e9peihez. Ez seg\u00edt abban, hogy berendez\u00e9sei jobban m\u0171k\u00f6djenek \u00e9s tov\u00e1bb tartsanak. Ha nem tal\u00e1lja a list\u00e1nkon, amire sz\u00fcks\u00e9ge van, ne agg\u00f3djon \u2013 folyamatosan b\u0151v\u00edtj\u00fck a k\u00edn\u00e1latot! Csak k\u00fcldj\u00f6n nek\u00fcnk egy e-mailt, amelyben elmondja, mit szeretne, \u00e9s csapatunk 24 \u00f3r\u00e1n bel\u00fcl v\u00e1laszol egy \u00d6nnek k\u00e9sz\u00fclt tervvel. Az FMP Company-ra sz\u00e1m\u00edthat, hogy strapab\u00edr\u00f3, kiv\u00e1l\u00f3 min\u0151s\u00e9g\u0171 hidraulikus hengereket biztos\u00edt, amelyekkel mobil munkag\u00e9pei nagyszer\u0171en m\u0171k\u00f6dnek, b\u00e1rhol is legyen Olaszorsz\u00e1gban.<\/p>\n<\/div>\n<p>[\/et_pb_sz\u00f6veg][\/et_pb_oszlop][\/et_pb_sor][\/et_pb_szakasz]<\/p>","protected":false},"excerpt":{"rendered":"<p>Mobile Machinery Hydraulic CylindersTypes of Mobile Machinery Hydraulic CylindersMobile Machinery Hydraulic Cylinders: Powering Machines Across Industries Hydraulic cylinders are like the strong muscles inside mobile machinery. They give machines the power and control they need to do hard jobs in all kinds of places. In Italy, from the busy building sites in Milan to the [&hellip;]<\/p>","protected":false},"author":2,"featured_media":0,"parent":0,"menu_order":0,"comment_status":"closed","ping_status":"closed","template":"","meta":{"_et_pb_use_builder":"on","_et_pb_old_content":"","_et_gb_content_width":"","footnotes":""},"class_list":["post-7564","page","type-page","status-publish","hentry"],"_links":{"self":[{"href":"https:\/\/fmp-components.com\/hu\/wp-json\/wp\/v2\/pages\/7564","targetHints":{"allow":["GET"]}}],"collection":[{"href":"https:\/\/fmp-components.com\/hu\/wp-json\/wp\/v2\/pages"}],"about":[{"href":"https:\/\/fmp-components.com\/hu\/wp-json\/wp\/v2\/types\/page"}],"author":[{"embeddable":true,"href":"https:\/\/fmp-components.com\/hu\/wp-json\/wp\/v2\/users\/2"}],"replies":[{"embeddable":true,"href":"https:\/\/fmp-components.com\/hu\/wp-json\/wp\/v2\/comments?post=7564"}],"version-history":[{"count":7,"href":"https:\/\/fmp-components.com\/hu\/wp-json\/wp\/v2\/pages\/7564\/revisions"}],"predecessor-version":[{"id":7579,"href":"https:\/\/fmp-components.com\/hu\/wp-json\/wp\/v2\/pages\/7564\/revisions\/7579"}],"wp:attachment":[{"href":"https:\/\/fmp-components.com\/hu\/wp-json\/wp\/v2\/media?parent=7564"}],"curies":[{"name":"munkaf\u00fczet","href":"https:\/\/api.w.org\/{rel}","templated":true}]}}