{"id":7540,"date":"2025-03-28T05:36:23","date_gmt":"2025-03-28T05:36:23","guid":{"rendered":"https:\/\/fmp-components.com\/?page_id=7540"},"modified":"2025-03-28T07:40:12","modified_gmt":"2025-03-28T07:40:12","slug":"construction-machinery-hydraulic-cylinders-2","status":"publish","type":"page","link":"https:\/\/fmp-components.com\/hu\/construction-machinery-hydraulic-cylinders-2\/","title":{"rendered":"\u00c9p\u00edt\u0151ipari g\u00e9pek hidraulikus hengerei"},"content":{"rendered":"<p>[et_pb_section fb_built=&#8221;1&#8243; theme_builder_area=&#8221;post_content&#8221; _builder_version=&#8221;4.27.4&#8243; _module_preset=&#8221;default&#8221; alt=&#8221;Construction-Machinery-Hydraulic-Cylinders-Banner&#8221; title_text=&#8221;Construction-Machinery-Hydraulic-Cylinders-Banner-1&#8243; background_image=&#8221;https:\/\/fmp-components.com\/wp-content\/uploads\/2025\/03\/Construction-Machinery-Hydraulic-Cylinders-Banner-1.webp&#8221; hover_enabled=&#8221;0&#8243; sticky_enabled=&#8221;0&#8243; min_height=&#8221;356px&#8221;][et_pb_row _builder_version=&#8221;4.27.4&#8243; _module_preset=&#8221;default&#8221; theme_builder_area=&#8221;post_content&#8221;][et_pb_column _builder_version=&#8221;4.27.4&#8243; _module_preset=&#8221;default&#8221; type=&#8221;4_4&#8243; theme_builder_area=&#8221;post_content&#8221;][et_pb_text _builder_version=&#8221;4.27.4&#8243; _module_preset=&#8221;default&#8221; theme_builder_area=&#8221;post_content&#8221; header_font=&#8221;Frank Ruhl Libre||||||||&#8221; header_font_size=&#8221;60px&#8221; header_text_color=&#8221;#FFFFFF&#8221; header_text_shadow_style=&#8221;preset1&#8243; hover_enabled=&#8221;0&#8243; sticky_enabled=&#8221;0&#8243;]<\/p>\n<h1 style=\"text-align: center;\">\u00c9p\u00edt\u0151ipari g\u00e9pek hidraulikus hengerei<\/h1>\n<p>[\/et_pb_text][et_pb_text _builder_version=&#8221;4.27.4&#8243; _module_preset=&#8221;default&#8221; theme_builder_area=&#8221;post_content&#8221; text_text_color=&#8221;#FFFFFF&#8221; text_font_size=&#8221;16px&#8221; text_line_height=&#8221;1.8em&#8221; hover_enabled=&#8221;0&#8243; sticky_enabled=&#8221;0&#8243;]<\/p>\n<p style=\"text-align: center;\">Az FMP Company-n\u00e1l \u00e9p\u00edt\u0151ipari g\u00e9pek hidraulikus hengereinek sz\u00e9les v\u00e1laszt\u00e9k\u00e1nak gy\u00e1rt\u00e1s\u00e1ra specializ\u00e1l\u00f3dtunk, amelyeket az ipar\u00e1gak v\u00e1ltozatos ig\u00e9nyeinek kiel\u00e9g\u00edt\u00e9s\u00e9re tervezt\u00fcnk. Kiterjedt term\u00e9kk\u00edn\u00e1latunk mellett egyedi megold\u00e1sokat is k\u00edn\u00e1lunk, amelyek az \u00d6n egyedi ig\u00e9nyeire szabhat\u00f3k. Ha nem tal\u00e1lja a k\u00edv\u00e1nt modellt a term\u00e9klist\u00e1nkban, az egyszer\u0171en azt jelenti, hogy m\u00e9g nem volt lehet\u0151s\u00e9g\u00fcnk friss\u00edteni azt. K\u00e9rj\u00fck, \u00edrjon nek\u00fcnk e-mailt a keresett modell r\u00e9szleteivel, \u00e9s m\u00e9rn\u00f6keink 24 \u00f3r\u00e1n bel\u00fcl v\u00e1laszolnak, hogy seg\u00edtsenek \u00d6nnek.<\/p>\n<p>[\/et_pb_text][\/et_pb_column][\/et_pb_row][\/et_pb_section][et_pb_section fb_built=&#8221;1&#8243; theme_builder_area=&#8221;post_content&#8221; _builder_version=&#8221;4.27.4&#8243; _module_preset=&#8221;default&#8221; custom_padding=&#8221;||1px|||&#8221;][et_pb_row _builder_version=&#8221;4.27.4&#8243; _module_preset=&#8221;default&#8221; theme_builder_area=&#8221;post_content&#8221;][et_pb_column _builder_version=&#8221;4.27.4&#8243; _module_preset=&#8221;default&#8221; type=&#8221;4_4&#8243; theme_builder_area=&#8221;post_content&#8221;][et_pb_text _builder_version=&#8221;4.27.4&#8243; _module_preset=&#8221;default&#8221; theme_builder_area=&#8221;post_content&#8221; header_2_font=&#8221;Frank Ruhl Libre||||||||&#8221; header_2_font_size=&#8221;30px&#8221; hover_enabled=&#8221;0&#8243; sticky_enabled=&#8221;0&#8243;]<\/p>\n<h2 style=\"text-align: center;\">\u00c9p\u00edt\u0151ipari g\u00e9pek hidraulikus hengereinek t\u00edpusai<\/h2>\n<p>[\/et_pb_text][et_pb_shop _builder_version=&#8221;4.27.4&#8243; _module_preset=&#8221;default&#8221; theme_builder_area=&#8221;post_content&#8221; type=&#8221;product_category&#8221; include_categories=&#8221;24&#8243; columns_number=&#8221;3&#8243; hover_enabled=&#8221;0&#8243; sticky_enabled=&#8221;0&#8243;][\/et_pb_shop][\/et_pb_column][\/et_pb_row][\/et_pb_section][et_pb_section fb_built=&#8221;1&#8243; theme_builder_area=&#8221;post_content&#8221; _builder_version=&#8221;4.27.4&#8243; _module_preset=&#8221;default&#8221; custom_padding=&#8221;20px|||||&#8221;][et_pb_row _builder_version=&#8221;4.27.4&#8243; _module_preset=&#8221;default&#8221; theme_builder_area=&#8221;post_content&#8221;][et_pb_column _builder_version=&#8221;4.27.4&#8243; _module_preset=&#8221;default&#8221; type=&#8221;4_4&#8243; theme_builder_area=&#8221;post_content&#8221;][et_pb_text _builder_version=&#8221;4.27.4&#8243; _module_preset=&#8221;default&#8221; theme_builder_area=&#8221;post_content&#8221; header_2_font=&#8221;Frank Ruhl Libre||||||||&#8221; header_2_font_size=&#8221;30px&#8221; hover_enabled=&#8221;0&#8243; sticky_enabled=&#8221;0&#8243;]<\/p>\n<h2 style=\"text-align: center;\">A hidraulikus hengerek szerepe az \u00e9p\u00edt\u0151ipari g\u00e9pekben<\/h2>\n<p>[\/et_pb_text][\/et_pb_column][\/et_pb_row][et_pb_row _builder_version=&#8221;4.27.4&#8243; _module_preset=&#8221;default&#8221; column_structure=&#8221;1_2,1_2&#8243; theme_builder_area=&#8221;post_content&#8221; use_custom_gutter=&#8221;on&#8221; gutter_width=&#8221;2&#8243; hover_enabled=&#8221;0&#8243; sticky_enabled=&#8221;0&#8243;][et_pb_column _builder_version=&#8221;4.27.4&#8243; _module_preset=&#8221;default&#8221; type=&#8221;1_2&#8243; theme_builder_area=&#8221;post_content&#8221;][et_pb_text _builder_version=&#8221;4.27.4&#8243; _module_preset=&#8221;default&#8221; theme_builder_area=&#8221;post_content&#8221; hover_enabled=&#8221;0&#8243; sticky_enabled=&#8221;0&#8243; header_3_font=&#8221;Frank Ruhl Libre||||||||&#8221; text_font_size=&#8221;15px&#8221;]<\/p>\n<div>\n<h3>Az \u00e9p\u00edt\u0151ipar szuperh\u0151sei:<\/h3>\n<p>A hidraulikus hengerek olyanok, mint az \u00e9p\u00edt\u0151ipari g\u00e9pek titkos szuperh\u0151sei.<br \/>Hatalmas szil\u00e1rds\u00e1got \u00e9s gondos ir\u00e1ny\u00edt\u00e1st biztos\u00edtanak a neh\u00e9z feladatokhoz a forgalmas helysz\u00edneken eg\u00e9sz Olaszorsz\u00e1gban, Mil\u00e1n\u00f3t\u00f3l Velenc\u00e9ig.<\/p>\n<h3>Hogyan m\u0171k\u00f6dnek:<\/h3>\n<p>Ezek a fontos alkatr\u00e9szek a hidraulikus energi\u00e1t egyenes vonal\u00fa mozg\u00e1ss\u00e1 alak\u00edtj\u00e1k.<br \/>Seg\u00edtenek olyan g\u00e9peknek, mint a kotr\u00f3g\u00e9pek, kotr\u00f3rakod\u00f3k \u00e9s d\u00f6mperek, hogy neh\u00e9z t\u00e1rgyakat emeljenek fel, f\u00f6ldet toljanak, \u00e9s gyorsan \u00e9s k\u00f6nnyed\u00e9n \u00e1ssanak.<\/p>\n<h3>P\u00e9ld\u00e1k a gyakorlatban:<\/h3>\n<p>A kotr\u00f3g\u00e9pekben hidraulikus hengerek mozgatj\u00e1k a hossz\u00fa kart \u00e9s a v\u00f6dr\u00f6t, hogy pontos lyukakat \u00e1ssanak az \u00e9p\u00fcletek alapjaihoz Firenze r\u00e9gi negyedeiben vagy Velence csatorn\u00e1i k\u00f6zel\u00e9ben.<br \/>Bologna gy\u00e1rnegyedeiben buld\u00f3zerekkel mozgatj\u00e1k a nagy peng\u00e9t, hogy elsim\u00edts\u00e1k vagy megtiszt\u00edts\u00e1k a f\u00f6ldet.<br \/>A d\u00f6mperek speci\u00e1lis teleszk\u00f3pos hengerei szupergyorsan \u00fcr\u00edtik a neh\u00e9z anyagokat.<\/p>\n<\/div>\n<p>[\/et_pb_text][\/et_pb_column][et_pb_column _builder_version=&#8221;4.27.4&#8243; _module_preset=&#8221;default&#8221; type=&#8221;1_2&#8243; theme_builder_area=&#8221;post_content&#8221;][et_pb_image src=&#8221;https:\/\/fmp-components.com\/wp-content\/uploads\/2025\/03\/Construction-Machinery-Hydraulic-Cylinders-6.webp&#8221; _builder_version=&#8221;4.27.4&#8243; _module_preset=&#8221;default&#8221; theme_builder_area=&#8221;post_content&#8221; alt=&#8221;Construction-Machinery-Hydraulic-Cylinders&#8221; title_text=&#8221;Construction-Machinery-Hydraulic-Cylinders-6&#8243; hover_enabled=&#8221;0&#8243; sticky_enabled=&#8221;0&#8243;][\/et_pb_image][\/et_pb_column][\/et_pb_row][et_pb_row _builder_version=&#8221;4.27.4&#8243; _module_preset=&#8221;default&#8221; column_structure=&#8221;1_2,1_2&#8243; theme_builder_area=&#8221;post_content&#8221; use_custom_gutter=&#8221;on&#8221; gutter_width=&#8221;2&#8243; hover_enabled=&#8221;0&#8243; sticky_enabled=&#8221;0&#8243;][et_pb_column _builder_version=&#8221;4.27.4&#8243; _module_preset=&#8221;default&#8221; type=&#8221;1_2&#8243; theme_builder_area=&#8221;post_content&#8221;][et_pb_image src=&#8221;https:\/\/fmp-components.com\/wp-content\/uploads\/2025\/03\/Construction-Machinery-Hydraulic-Cylinders-8.webp&#8221; _builder_version=&#8221;4.27.4&#8243; _module_preset=&#8221;default&#8221; theme_builder_area=&#8221;post_content&#8221; alt=&#8221;Construction-Machinery-Hydraulic-Cylinders&#8221; title_text=&#8221;Construction-Machinery-Hydraulic-Cylinders-8&#8243; hover_enabled=&#8221;0&#8243; sticky_enabled=&#8221;0&#8243;][\/et_pb_image][\/et_pb_column][et_pb_column _builder_version=&#8221;4.27.4&#8243; _module_preset=&#8221;default&#8221; type=&#8221;1_2&#8243; theme_builder_area=&#8221;post_content&#8221;][et_pb_text _builder_version=&#8221;4.27.4&#8243; _module_preset=&#8221;default&#8221; theme_builder_area=&#8221;post_content&#8221; header_3_font=&#8221;Frank Ruhl Libre||||||||&#8221; text_font_size=&#8221;15px&#8221; hover_enabled=&#8221;0&#8243; sticky_enabled=&#8221;0&#8243;]<\/p>\n<div>\n<h3>G\u00e9pek biztons\u00e1gosabb\u00e1 \u00e9s jobb\u00e1 t\u00e9tele:<\/h3>\n<p>A kett\u0151s m\u0171k\u00f6d\u00e9s\u0171 hengerek (cs\u00fasz\u00f3korm\u00e1nyz\u00e1s\u00fa rakod\u00f3g\u00e9pekben \u00e9s darukban Mil\u00e1n\u00f3ban) h\u00faz\u00f3 \u00e9s nyom\u00f3 er\u0151vel m\u0171k\u00f6dnek a sima emel\u00e9s \u00e9s s\u00fcllyeszt\u00e9s \u00e9rdek\u00e9ben.<br \/>A teleszk\u00f3pos hengerek (darukban \u00e9s ment\u0151eszk\u00f6z\u00f6kben Firenz\u00e9ben) hossz\u00fara ny\u00falnak, hogy sz\u0171k v\u00e1rosi helyeken is k\u00f6nnyen elv\u00e9gezhet\u0151 legyen a munka.<br \/>A hegesztett test\u0171 hengerek rendk\u00edv\u00fcl er\u0151sek \u00e9s sok\u00e1ig kitartanak \u00c9szak-Olaszorsz\u00e1g egyenetlen ter\u00fcletein, t\u00e1vol tartva a rozsd\u00e1t \u00e9s a szennyez\u0151d\u00e9seket.<\/p>\n<h3>Id\u0151megtakar\u00edt\u00e1s:<\/h3>\n<p>Szil\u00e1rds\u00e1guk miatt a g\u00e9pek nem romlanak el annyiszor.<br \/>Ez seg\u00edt id\u0151ben befejezni a nagy projekteket a gyorsan n\u00f6vekv\u0151 v\u00e1rosokban, mint p\u00e9ld\u00e1ul Bologna, ahol mindenhol \u00faj utak \u00e9s \u00e9p\u00fcletek vannak.<\/p>\n<h3>Az \u00e9p\u00edt\u0151ipar gerince:<\/h3>\n<p>A hidraulikus hengerek gondos vez\u00e9rl\u00e9ssel \u00f6tv\u00f6zik az er\u0151t.<br \/>Olyanok, mint a modern \u00e9p\u00edt\u0151ipari g\u00e9pek er\u0151s gerince.<\/p>\n<\/div>\n<p>[\/et_pb_text][\/et_pb_column][\/et_pb_row][\/et_pb_section][et_pb_section fb_built=&#8221;1&#8243; theme_builder_area=&#8221;post_content&#8221; _builder_version=&#8221;4.27.4&#8243; _module_preset=&#8221;default&#8221; alt=&#8221;Construction-Machinery-Hydraulic-Cylinders&#8221; title_text=&#8221;Construction-Machinery-Hydraulic-Cylinders&#8221; background_image=&#8221;https:\/\/fmp-components.com\/wp-content\/uploads\/2025\/03\/Construction-Machinery-Hydraulic-Cylinders-Banner.webp&#8221; hover_enabled=&#8221;0&#8243; sticky_enabled=&#8221;0&#8243; min_height=&#8221;436px&#8221; use_background_color_gradient=&#8221;on&#8221; background_color_gradient_stops=&#8221;rgba(0,0,0,0.51) 0%|rgba(0,0,0,0.29) 100%&#8221; background_color_gradient_overlays_image=&#8221;on&#8221;][et_pb_row _builder_version=&#8221;4.27.4&#8243; _module_preset=&#8221;default&#8221; theme_builder_area=&#8221;post_content&#8221; custom_padding=&#8221;88px|||||&#8221;][et_pb_column _builder_version=&#8221;4.27.4&#8243; _module_preset=&#8221;default&#8221; type=&#8221;4_4&#8243; theme_builder_area=&#8221;post_content&#8221;][et_pb_text _builder_version=&#8221;4.27.4&#8243; _module_preset=&#8221;default&#8221; theme_builder_area=&#8221;post_content&#8221; text_font_size=&#8221;18px&#8221; text_line_height=&#8221;2em&#8221; text_text_color=&#8221;#FFFFFF&#8221; text_text_shadow_style=&#8221;preset1&#8243; hover_enabled=&#8221;0&#8243; sticky_enabled=&#8221;0&#8243;]<\/p>\n<p style=\"text-align: center;\">Az FMP-n\u00e9l b\u00fcszk\u00e9k vagyunk arra, hogy mindenf\u00e9le els\u0151 oszt\u00e1ly\u00fa hidraulikus hengert gy\u00e1rtunk \u00e9p\u00edt\u0151ipari g\u00e9pekhez, seg\u00edtve \u00fcgyfeleinket Mil\u00e1n\u00f3t\u00f3l D\u00e9l-Olaszorsz\u00e1gig. Ak\u00e1r er\u0151s hengerekre van sz\u00fcks\u00e9ge kotr\u00f3g\u00e9pekhez, ak\u00e1r speci\u00e1lis hengerekre a velencei klassz projektekhez, olaszorsz\u00e1gi csapatunk strapab\u00edr\u00f3, nagy teljes\u00edtm\u00e9ny\u0171 term\u00e9keket tud l\u00e9trehozni \u00d6nnek. Helyi szak\u00e9rt\u0151ink \u00faj \u00f6tleteire \u00e9s szak\u00e9rtelm\u00e9re \u00f6sszpontos\u00edtunk, hogy hengereink biztosan megbirk\u00f3zzanak Olaszorsz\u00e1g neh\u00e9z \u00e9p\u00edt\u00e9si feladataival. K\u00e9szen \u00e1llunk mind a szok\u00e1sos ig\u00e9nyek, mind az egyedi tervek kiel\u00e9g\u00edt\u00e9s\u00e9re, minden alkalommal gyors \u00e9s megb\u00edzhat\u00f3 szolg\u00e1ltat\u00e1st ny\u00fajtva.<\/p>\n<p>[\/et_pb_sz\u00f6veg][\/et_pb_oszlop][\/et_pb_sor][\/et_pb_szakasz]<\/p>","protected":false},"excerpt":{"rendered":"<p>Construction Machinery Hydraulic CylindersAt FMP Company, we specialize in manufacturing a wide range of Construction Machinery Hydraulic Cylinders designed to meet diverse industry needs. In addition to our extensive product lineup, we also offer customized solutions tailored to your specific requirements. If you don\u2019t find the model you need in our product list, it simply [&hellip;]<\/p>","protected":false},"author":2,"featured_media":0,"parent":0,"menu_order":0,"comment_status":"closed","ping_status":"closed","template":"","meta":{"_et_pb_use_builder":"on","_et_pb_old_content":"","_et_gb_content_width":"","footnotes":""},"class_list":["post-7540","page","type-page","status-publish","hentry"],"_links":{"self":[{"href":"https:\/\/fmp-components.com\/hu\/wp-json\/wp\/v2\/pages\/7540","targetHints":{"allow":["GET"]}}],"collection":[{"href":"https:\/\/fmp-components.com\/hu\/wp-json\/wp\/v2\/pages"}],"about":[{"href":"https:\/\/fmp-components.com\/hu\/wp-json\/wp\/v2\/types\/page"}],"author":[{"embeddable":true,"href":"https:\/\/fmp-components.com\/hu\/wp-json\/wp\/v2\/users\/2"}],"replies":[{"embeddable":true,"href":"https:\/\/fmp-components.com\/hu\/wp-json\/wp\/v2\/comments?post=7540"}],"version-history":[{"count":13,"href":"https:\/\/fmp-components.com\/hu\/wp-json\/wp\/v2\/pages\/7540\/revisions"}],"predecessor-version":[{"id":7562,"href":"https:\/\/fmp-components.com\/hu\/wp-json\/wp\/v2\/pages\/7540\/revisions\/7562"}],"wp:attachment":[{"href":"https:\/\/fmp-components.com\/hu\/wp-json\/wp\/v2\/media?parent=7540"}],"curies":[{"name":"munkaf\u00fczet","href":"https:\/\/api.w.org\/{rel}","templated":true}]}}