{"id":7523,"date":"2025-03-27T06:35:43","date_gmt":"2025-03-27T06:35:43","guid":{"rendered":"https:\/\/fmp-components.com\/?page_id=7523"},"modified":"2025-03-27T08:31:08","modified_gmt":"2025-03-27T08:31:08","slug":"sanitation-machinery-hydraulic-cylinders-2","status":"publish","type":"page","link":"https:\/\/fmp-components.com\/hu\/sanitation-machinery-hydraulic-cylinders-2\/","title":{"rendered":"Hidraulikus hengerek szaniterekhez"},"content":{"rendered":"<p>[et_pb_section fb_built=&#8221;1&#8243; theme_builder_area=&#8221;post_content&#8221; _builder_version=&#8221;4.27.4&#8243; _module_preset=&#8221;default&#8221; alt=&#8221;Sanitation-Machinery-Hydraulic-Cylinders-Banner&#8221; title_text=&#8221;Sanitation-Machinery-Hydraulic-Cylinders-Banner&#8221; background_image=&#8221;https:\/\/fmp-components.com\/wp-content\/uploads\/2025\/03\/Sanitation-Machinery-Hydraulic-Cylinders-Banner.webp&#8221; hover_enabled=&#8221;0&#8243; sticky_enabled=&#8221;0&#8243; min_height=&#8221;470px&#8221; use_background_color_gradient=&#8221;on&#8221; background_color_gradient_stops=&#8221;rgba(0,0,0,0.2) 0%|rgba(0,0,0,0.28) 100%&#8221; background_color_gradient_overlays_image=&#8221;on&#8221;][et_pb_row _builder_version=&#8221;4.27.4&#8243; _module_preset=&#8221;default&#8221; theme_builder_area=&#8221;post_content&#8221;][et_pb_column _builder_version=&#8221;4.27.4&#8243; _module_preset=&#8221;default&#8221; type=&#8221;4_4&#8243; theme_builder_area=&#8221;post_content&#8221;][et_pb_text _builder_version=&#8221;4.27.4&#8243; _module_preset=&#8221;default&#8221; theme_builder_area=&#8221;post_content&#8221; header_font=&#8221;Frank Ruhl Libre||||||||&#8221; header_font_size=&#8221;70px&#8221; header_text_align=&#8221;center&#8221; header_text_color=&#8221;#FFFFFF&#8221; header_text_shadow_style=&#8221;preset1&#8243; hover_enabled=&#8221;0&#8243; sticky_enabled=&#8221;0&#8243;]<\/p>\n<h1>Hidraulikus hengerek szaniterekhez<\/h1>\n<p>[\/et_pb_text][et_pb_text _builder_version=&#8221;4.27.4&#8243; _module_preset=&#8221;default&#8221; theme_builder_area=&#8221;post_content&#8221; text_text_color=&#8221;#FFFFFF&#8221; text_font_size=&#8221;16px&#8221; text_line_height=&#8221;1.8em&#8221; hover_enabled=&#8221;0&#8243; sticky_enabled=&#8221;0&#8243; text_text_shadow_style=&#8221;preset1&#8243;]<\/p>\n<p style=\"text-align: center;\">Az FMP Company-n\u00e1l a k\u00fcl\u00f6nf\u00e9le ipari ig\u00e9nyeket kiel\u00e9g\u00edt\u0151 szaniterg\u00e9pek hidraulikus hengereinek sz\u00e9les v\u00e1laszt\u00e9k\u00e1nak gy\u00e1rt\u00e1s\u00e1ra specializ\u00e1l\u00f3dtunk. Standard k\u00edn\u00e1latunkon k\u00edv\u00fcl egyedi megold\u00e1sokat is k\u00edn\u00e1lunk, az \u00d6n egyedi ig\u00e9nyeihez igaz\u00edtva. Ha nem tal\u00e1lja a k\u00edv\u00e1nt modellt a term\u00e9klist\u00e1nkban, val\u00f3sz\u00edn\u0171leg m\u00e9g nem volt lehet\u0151s\u00e9g\u00fcnk felt\u00f6lteni. K\u00e9rj\u00fck, \u00edrjon nek\u00fcnk e-mailt a keresett modell r\u00e9szleteivel, \u00e9s m\u00e9rn\u00f6keink 24 \u00f3r\u00e1n bel\u00fcl v\u00e1laszolnak, hogy seg\u00edtsenek \u00d6nnek.<\/p>\n<p>[\/et_pb_text][\/et_pb_column][\/et_pb_row][\/et_pb_section][et_pb_section fb_built=&#8221;1&#8243; theme_builder_area=&#8221;post_content&#8221; _builder_version=&#8221;4.27.4&#8243; _module_preset=&#8221;default&#8221;][et_pb_row _builder_version=&#8221;4.27.4&#8243; _module_preset=&#8221;default&#8221; theme_builder_area=&#8221;post_content&#8221;][et_pb_column _builder_version=&#8221;4.27.4&#8243; _module_preset=&#8221;default&#8221; type=&#8221;4_4&#8243; theme_builder_area=&#8221;post_content&#8221;][et_pb_text _builder_version=&#8221;4.27.4&#8243; _module_preset=&#8221;default&#8221; theme_builder_area=&#8221;post_content&#8221; header_2_font=&#8221;Frank Ruhl Libre||||||||&#8221; header_2_font_size=&#8221;40px&#8221; hover_enabled=&#8221;0&#8243; sticky_enabled=&#8221;0&#8243;]<\/p>\n<h2 class=\"et_pb_toggle_title\" style=\"text-align: center;\">Hidraulikus hengerek hidraulikus tiszt\u00edt\u00f3berendez\u00e9seinek t\u00edpusai<\/h2>\n<p>[\/et_pb_text][\/et_pb_column][\/et_pb_row][et_pb_row _builder_version=&#8221;4.27.4&#8243; _module_preset=&#8221;default&#8221; theme_builder_area=&#8221;post_content&#8221;][et_pb_column _builder_version=&#8221;4.27.4&#8243; _module_preset=&#8221;default&#8221; type=&#8221;4_4&#8243; theme_builder_area=&#8221;post_content&#8221;][et_pb_shop _builder_version=&#8221;4.27.4&#8243; _module_preset=&#8221;default&#8221; theme_builder_area=&#8221;post_content&#8221; type=&#8221;product_category&#8221; include_categories=&#8221;23&#8243; columns_number=&#8221;3&#8243; hover_enabled=&#8221;0&#8243; sticky_enabled=&#8221;0&#8243;][\/et_pb_shop][\/et_pb_column][\/et_pb_row][\/et_pb_section][et_pb_section fb_built=&#8221;1&#8243; theme_builder_area=&#8221;post_content&#8221; _builder_version=&#8221;4.27.4&#8243; _module_preset=&#8221;default&#8221;][et_pb_row _builder_version=&#8221;4.27.4&#8243; _module_preset=&#8221;default&#8221; column_structure=&#8221;1_2,1_2&#8243; theme_builder_area=&#8221;post_content&#8221;][et_pb_column _builder_version=&#8221;4.27.4&#8243; _module_preset=&#8221;default&#8221; type=&#8221;1_2&#8243; theme_builder_area=&#8221;post_content&#8221;][et_pb_image src=&#8221;https:\/\/fmp-components.com\/wp-content\/uploads\/2025\/03\/Sanitation-Machinery-Hydraulic-Cylinders-1.webp&#8221; _builder_version=&#8221;4.27.4&#8243; _module_preset=&#8221;default&#8221; theme_builder_area=&#8221;post_content&#8221; alt=&#8221;Sanitation-Machinery-Hydraulic-Cylinders-1&#8243; title_text=&#8221;Sanitation-Machinery-Hydraulic-Cylinders-1&#8243; hover_enabled=&#8221;0&#8243; sticky_enabled=&#8221;0&#8243;][\/et_pb_image][\/et_pb_column][et_pb_column _builder_version=&#8221;4.27.4&#8243; _module_preset=&#8221;default&#8221; type=&#8221;1_2&#8243; theme_builder_area=&#8221;post_content&#8221;][et_pb_text _builder_version=&#8221;4.27.4&#8243; _module_preset=&#8221;default&#8221; theme_builder_area=&#8221;post_content&#8221; header_2_font=&#8221;Frank Ruhl Libre||||||||&#8221; header_2_font_size=&#8221;30px&#8221; hover_enabled=&#8221;0&#8243; sticky_enabled=&#8221;0&#8243;]<\/p>\n<h2>Hidraulikus hengerek alkalmaz\u00e1sa szaniterg\u00e9pekben<\/h2>\n<p>[\/et_pb_text][et_pb_text _builder_version=&#8221;4.27.4&#8243; _module_preset=&#8221;default&#8221; theme_builder_area=&#8221;post_content&#8221; text_font_size=&#8221;16px&#8221; text_line_height=&#8221;1.8em&#8221; hover_enabled=&#8221;0&#8243; sticky_enabled=&#8221;0&#8243;]<\/p>\n<p>A hidraulikus hengerek kulcsszerepet j\u00e1tszanak a szaniterg\u00e9pekben, biztos\u00edtva a hat\u00e9kony hullad\u00e9kgazd\u00e1lkod\u00e1st \u00e9s a kommun\u00e1lis m\u0171k\u00f6d\u00e9st. Az olaszorsz\u00e1gi FMP-n\u00e9l kiv\u00e1l\u00f3 min\u0151s\u00e9g\u0171, szaniter alkalmaz\u00e1sokhoz, p\u00e9ld\u00e1ul utcasepr\u0151 aut\u00f3khoz, kuk\u00e1saut\u00f3khoz, hullad\u00e9kpr\u00e9sel\u0151kh\u00f6z \u00e9s h\u00f3eltakar\u00edt\u00f3 aut\u00f3khoz szabott hidraulikus hengerek gy\u00e1rt\u00e1s\u00e1ra specializ\u00e1l\u00f3dtunk. Az Y&amp;J szabadalmaztatott kialak\u00edt\u00e1sa kiv\u00e9teles korr\u00f3zi\u00f3\u00e1ll\u00f3s\u00e1got k\u00edn\u00e1l, \u00edgy ide\u00e1lis az ilyen g\u00e9pek \u00e1ltal elviselt zord k\u00f6rnyezetekhez. Az egyir\u00e1ny\u00fa \u00e9s kett\u0151s m\u0171k\u00f6d\u00e9s\u0171 pufferrendszerekkel el\u00e9rhet\u0151 opci\u00f3knak k\u00f6sz\u00f6nhet\u0151en hengereink sima \u00e9s megb\u00edzhat\u00f3 teljes\u00edtm\u00e9nyt biztos\u00edtanak, cs\u00f6kkentve az \u00e1ll\u00e1sid\u0151t \u00e9s n\u00f6velve a hullad\u00e9kkezel\u0151 berendez\u00e9sek tart\u00f3ss\u00e1g\u00e1t. Ak\u00e1r szem\u00e9t t\u00f6m\u00f6r\u00edt\u00e9s\u00e9r\u0151l, ak\u00e1r neh\u00e9z terhek emel\u00e9s\u00e9r\u0151l van sz\u00f3, az FMP egyedi szaniterg\u00e9p-hengereit az ipar\u00e1g szigor\u00fa k\u00f6vetelm\u00e9nyeinek megfelel\u0151en tervezt\u00e9k.<\/p>\n<p>[\/et_pb_text][\/et_pb_column][\/et_pb_row][et_pb_row _builder_version=&#8221;4.27.4&#8243; _module_preset=&#8221;default&#8221; theme_builder_area=&#8221;post_content&#8221;][et_pb_column _builder_version=&#8221;4.27.4&#8243; _module_preset=&#8221;default&#8221; type=&#8221;4_4&#8243; theme_builder_area=&#8221;post_content&#8221;][et_pb_text _builder_version=&#8221;4.27.4&#8243; _module_preset=&#8221;default&#8221; theme_builder_area=&#8221;post_content&#8221; text_font_size=&#8221;16px&#8221; text_line_height=&#8221;1.8em&#8221; hover_enabled=&#8221;0&#8243; sticky_enabled=&#8221;0&#8243;]<\/p>\n<p>Az FMP szak\u00e9rtelme a szaniterg\u00e9pek sz\u00e9les sk\u00e1l\u00e1j\u00e1ra terjed ki, a hullad\u00e9kpr\u00e9sel\u0151k \u00e9s \u00e1trak\u00f3 \u00e1llom\u00e1sok hidraulikus hengereit\u0151l kezdve a kommun\u00e1lis j\u00e1rm\u0171vek, p\u00e9ld\u00e1ul h\u00e1tulr\u00f3l rakodhat\u00f3 \u00e9s billen\u0151plat\u00f3s teheraut\u00f3k csereegys\u00e9geiig. Olaszorsz\u00e1gi gy\u00e1runk fejlett gy\u00e1rt\u00e1si technik\u00e1kat alkalmaz a nagy szil\u00e1rds\u00e1g\u00fa anyagokb\u00f3l, p\u00e9ld\u00e1ul CDS cs\u00f6vekb\u0151l k\u00e9sz\u00fclt hengerek el\u0151\u00e1ll\u00edt\u00e1s\u00e1hoz, biztos\u00edtva a hossz\u00fa \u00e9lettartamot \u00e9s a kiv\u00e1l\u00f3 teljes\u00edtm\u00e9nyt m\u00e9g extr\u00e9m k\u00f6r\u00fclm\u00e9nyek k\u00f6z\u00f6tt is. Ezek a hengerek, bele\u00e9rtve a kett\u0151s m\u0171k\u00f6d\u00e9s\u0171 teleszk\u00f3pos kialak\u00edt\u00e1sokat is, olyan gyakori kih\u00edv\u00e1sokat kezelnek, mint a zaj, a k\u00fasz\u00e1s \u00e9s a cs\u0151t\u00e1gul\u00e1s, mik\u00f6zben szigor\u00fa 96 \u00f3r\u00e1s semleges s\u00f3permet-teszteken (NSS 9. fokozat) is megfelelnek a fokozott korr\u00f3zi\u00f3\u00e1ll\u00f3s\u00e1g \u00e9rdek\u00e9ben. Az innov\u00e1ci\u00f3ra \u00e9s a testreszab\u00e1sra \u00f6sszpontos\u00edtva az FMP k\u00f6lts\u00e9ghat\u00e9kony, alacsony karbantart\u00e1st ig\u00e9nyl\u0151 megold\u00e1sokat k\u00edn\u00e1l, amelyek lehet\u0151v\u00e9 teszik \u00fcgyfeleink sz\u00e1m\u00e1ra, hogy hat\u00e9konyan optimaliz\u00e1lj\u00e1k szaniterflott\u00e1ikat \u00e9s hullad\u00e9kkezel\u0151 rendszereiket.<\/p>\n<p>[\/et_pb_text][\/et_pb_column][\/et_pb_row][\/et_pb_section][et_pb_section fb_built=&#8221;1&#8243; theme_builder_area=&#8221;post_content&#8221; _builder_version=&#8221;4.27.4&#8243; _module_preset=&#8221;default&#8221; alt=&#8221;Sanitation-Machinery-Hydraulic-Cylinders&#8221; title_text=&#8221;Sanitation-Machinery-Hydraulic-Cylinders&#8221; background_image=&#8221;https:\/\/fmp-components.com\/wp-content\/uploads\/2025\/03\/Generated-Image-March-27-2025-4_22PM.webp&#8221; hover_enabled=&#8221;0&#8243; sticky_enabled=&#8221;0&#8243; min_height=&#8221;453px&#8221;][et_pb_row _builder_version=&#8221;4.27.4&#8243; _module_preset=&#8221;default&#8221; theme_builder_area=&#8221;post_content&#8221;][et_pb_column _builder_version=&#8221;4.27.4&#8243; _module_preset=&#8221;default&#8221; type=&#8221;4_4&#8243; theme_builder_area=&#8221;post_content&#8221;][\/et_pb_column][\/et_pb_row][\/et_pb_section]<\/p>","protected":false},"excerpt":{"rendered":"<p>Sanitation Machinery Hydraulic CylindersAt FMP Company, we specialize in manufacturing a wide range of Sanitation Machinery Hydraulic Cylinders designed to meet diverse industry needs. In addition to our standard offerings, we also provide customized solutions tailored to your specific requirements. If you don\u2019t find the model you need in our product list, it\u2019s likely we [&hellip;]<\/p>","protected":false},"author":2,"featured_media":0,"parent":0,"menu_order":0,"comment_status":"closed","ping_status":"closed","template":"","meta":{"_et_pb_use_builder":"on","_et_pb_old_content":"","_et_gb_content_width":"","footnotes":""},"class_list":["post-7523","page","type-page","status-publish","hentry"],"_links":{"self":[{"href":"https:\/\/fmp-components.com\/hu\/wp-json\/wp\/v2\/pages\/7523","targetHints":{"allow":["GET"]}}],"collection":[{"href":"https:\/\/fmp-components.com\/hu\/wp-json\/wp\/v2\/pages"}],"about":[{"href":"https:\/\/fmp-components.com\/hu\/wp-json\/wp\/v2\/types\/page"}],"author":[{"embeddable":true,"href":"https:\/\/fmp-components.com\/hu\/wp-json\/wp\/v2\/users\/2"}],"replies":[{"embeddable":true,"href":"https:\/\/fmp-components.com\/hu\/wp-json\/wp\/v2\/comments?post=7523"}],"version-history":[{"count":8,"href":"https:\/\/fmp-components.com\/hu\/wp-json\/wp\/v2\/pages\/7523\/revisions"}],"predecessor-version":[{"id":7538,"href":"https:\/\/fmp-components.com\/hu\/wp-json\/wp\/v2\/pages\/7523\/revisions\/7538"}],"wp:attachment":[{"href":"https:\/\/fmp-components.com\/hu\/wp-json\/wp\/v2\/media?parent=7523"}],"curies":[{"name":"munkaf\u00fczet","href":"https:\/\/api.w.org\/{rel}","templated":true}]}}