{"id":7511,"date":"2025-03-27T05:42:56","date_gmt":"2025-03-27T05:42:56","guid":{"rendered":"https:\/\/fmp-components.com\/?page_id=7511"},"modified":"2025-03-27T06:33:13","modified_gmt":"2025-03-27T06:33:13","slug":"aerial-work-vehicle-hydraulic-cylinders-2","status":"publish","type":"page","link":"https:\/\/fmp-components.com\/hu\/aerial-work-vehicle-hydraulic-cylinders-2\/","title":{"rendered":"L\u00e9gi munkag\u00e9pek hidraulikus hengerei"},"content":{"rendered":"<p>[et_pb_section fb_built=&#8221;1&#8243; theme_builder_area=&#8221;post_content&#8221; _builder_version=&#8221;4.27.4&#8243; _module_preset=&#8221;default&#8221; alt=&#8221;Aerial-Work-Vehicle-Hydraulic-Cylinders-banner&#8221; title_text=&#8221;Aerial-Work-Vehicle-Hydraulic-Cylinders-banner&#8221; background_image=&#8221;https:\/\/fmp-components.com\/wp-content\/uploads\/2025\/03\/Aerial-Work-Vehicle-Hydraulic-Cylinders-banner.webp&#8221; hover_enabled=&#8221;0&#8243; sticky_enabled=&#8221;0&#8243; min_height=&#8221;348px&#8221; use_background_color_gradient=&#8221;on&#8221; background_color_gradient_stops=&#8221;rgba(0,0,0,0.35) 0%|rgba(0,0,0,0.3) 100%&#8221; background_color_gradient_overlays_image=&#8221;on&#8221;][et_pb_row _builder_version=&#8221;4.27.4&#8243; _module_preset=&#8221;default&#8221; theme_builder_area=&#8221;post_content&#8221;][et_pb_column _builder_version=&#8221;4.27.4&#8243; _module_preset=&#8221;default&#8221; type=&#8221;4_4&#8243; theme_builder_area=&#8221;post_content&#8221;][et_pb_text _builder_version=&#8221;4.27.4&#8243; _module_preset=&#8221;default&#8221; theme_builder_area=&#8221;post_content&#8221; header_font=&#8221;Frank Ruhl Libre||||||||&#8221; header_font_size=&#8221;70px&#8221; header_text_color=&#8221;#FFFFFF&#8221; header_text_shadow_style=&#8221;preset1&#8243; hover_enabled=&#8221;0&#8243; sticky_enabled=&#8221;0&#8243;]<\/p>\n<h1 style=\"text-align: center;\">L\u00e9gi munkag\u00e9pek hidraulikus hengerei<\/h1>\n<p>[\/et_pb_text][et_pb_text _builder_version=&#8221;4.27.4&#8243; _module_preset=&#8221;default&#8221; theme_builder_area=&#8221;post_content&#8221; text_text_color=&#8221;#FFFFFF&#8221; text_font_size=&#8221;16px&#8221; text_line_height=&#8221;1.8em&#8221; hover_enabled=&#8221;0&#8243; sticky_enabled=&#8221;0&#8243;]<\/p>\n<p style=\"text-align: center;\">Az FMP Company-n\u00e1l a k\u00fcl\u00f6nf\u00e9le ipar\u00e1gi ig\u00e9nyeket kiel\u00e9g\u00edt\u0151, sz\u00e9les v\u00e1laszt\u00e9k\u00fa, munkag\u00e9pekhez val\u00f3 hidraulikus munkahengerek gy\u00e1rt\u00e1s\u00e1ra specializ\u00e1l\u00f3dtunk. Kiterjedt term\u00e9kk\u00edn\u00e1latunk mellett egyedi ig\u00e9nyekre szabott megold\u00e1sokat is k\u00edn\u00e1lunk. Ha nem tal\u00e1lja a k\u00edv\u00e1nt modellt a term\u00e9klist\u00e1nkban, az egyszer\u0171en azt jelenti, hogy m\u00e9g nem volt lehet\u0151s\u00e9g\u00fcnk felt\u00f6lteni. K\u00e9rj\u00fck, \u00edrjon nek\u00fcnk e-mailt a k\u00edv\u00e1nt specifik\u00e1ci\u00f3kkal, \u00e9s k\u00e9pzett m\u00e9rn\u00f6keink 24 \u00f3r\u00e1n bel\u00fcl v\u00e1laszolnak, hogy seg\u00edtsenek \u00d6nnek.<\/p>\n<p>[\/et_pb_text][\/et_pb_column][\/et_pb_row][\/et_pb_section][et_pb_section fb_built=&#8221;1&#8243; theme_builder_area=&#8221;post_content&#8221; _builder_version=&#8221;4.27.4&#8243; _module_preset=&#8221;default&#8221;][et_pb_row _builder_version=&#8221;4.27.4&#8243; _module_preset=&#8221;default&#8221; theme_builder_area=&#8221;post_content&#8221;][et_pb_column _builder_version=&#8221;4.27.4&#8243; _module_preset=&#8221;default&#8221; type=&#8221;4_4&#8243; theme_builder_area=&#8221;post_content&#8221;][et_pb_shop _builder_version=&#8221;4.27.4&#8243; _module_preset=&#8221;default&#8221; theme_builder_area=&#8221;post_content&#8221; type=&#8221;product_category&#8221; include_categories=&#8221;22&#8243; columns_number=&#8221;3&#8243; hover_enabled=&#8221;0&#8243; sticky_enabled=&#8221;0&#8243;][\/et_pb_shop][\/et_pb_column][\/et_pb_row][\/et_pb_section][et_pb_section fb_built=&#8221;1&#8243; theme_builder_area=&#8221;post_content&#8221; _builder_version=&#8221;4.27.4&#8243; _module_preset=&#8221;default&#8221;][et_pb_row _builder_version=&#8221;4.27.4&#8243; _module_preset=&#8221;default&#8221; theme_builder_area=&#8221;post_content&#8221; column_structure=&#8221;1_2,1_2&#8243;][et_pb_column _builder_version=&#8221;4.27.4&#8243; _module_preset=&#8221;default&#8221; type=&#8221;1_2&#8243; theme_builder_area=&#8221;post_content&#8221;][et_pb_image src=&#8221;https:\/\/fmp-components.com\/wp-content\/uploads\/2025\/03\/aerial-work-platforms-hydraulic-cylinder-1.webp&#8221; _builder_version=&#8221;4.27.4&#8243; _module_preset=&#8221;default&#8221; theme_builder_area=&#8221;post_content&#8221; alt=&#8221;aerial-work-platforms-hydraulic-cylinder-1&#8243; title_text=&#8221;aerial-work-platforms-hydraulic-cylinder-1&#8243; hover_enabled=&#8221;0&#8243; sticky_enabled=&#8221;0&#8243;][\/et_pb_image][\/et_pb_column][et_pb_column _builder_version=&#8221;4.27.4&#8243; _module_preset=&#8221;default&#8221; type=&#8221;1_2&#8243; theme_builder_area=&#8221;post_content&#8221;][et_pb_text _builder_version=&#8221;4.27.4&#8243; _module_preset=&#8221;default&#8221; theme_builder_area=&#8221;post_content&#8221; hover_enabled=&#8221;0&#8243; sticky_enabled=&#8221;0&#8243; header_2_font=&#8221;Frank Ruhl Libre||||||||&#8221; header_2_font_size=&#8221;35px&#8221;]<\/p>\n<h2>Hidraulikus hengerek l\u00e9gi munkag\u00e9pekben<\/h2>\n<p>A hidraulikus hengerek a l\u00e9gi munkag\u00e9pek (AWV-k) sarokk\u00f6vei, biztos\u00edtva az olyan platformok prec\u00edz mozg\u00e1s\u00e1t \u00e9s stabilit\u00e1s\u00e1t, mint az oll\u00f3s emel\u0151k, a p\u00f3tkocsira szerelt g\u00e9memel\u0151k, a motorral hajtott g\u00e9memel\u0151k \u00e9s a f\u00fcgg\u0151leges \u00e1rbocemel\u0151k. Magasban v\u00e9gzett munka sor\u00e1n a megb\u00edzhat\u00f3s\u00e1g nem k\u00e9pezheti vita t\u00e1rgy\u00e1t, \u00e9s az FMPde szak\u00e9rt\u0151ivel val\u00f3 egy\u00fcttm\u0171k\u00f6d\u00e9s biztos\u00edtja a biztons\u00e1gi \u00e9s teljes\u00edtm\u00e9nyi szabv\u00e1nyok, p\u00e9ld\u00e1ul az ANSI \u00e9s a CSA k\u00f6vetelm\u00e9nyek betart\u00e1s\u00e1t. A munkakos\u00e1r szintez\u00e9s\u00e9t\u0151l a f\u0151g\u00e9m kiny\u00fajt\u00e1s\u00e1ig a hidraulikus hengerek lehet\u0151v\u00e9 teszik az AWV-k sz\u00e1m\u00e1ra, hogy kritikus feladatokat v\u00e9gezzenek olyan ipar\u00e1gakban, mint az \u00e9p\u00edt\u0151ipar, a karbantart\u00e1s \u00e9s a k\u00f6zm\u0171vek. Minden hengert\u00edpus, legyen sz\u00f3 ak\u00e1r egy fels\u0151 szintez\u0151hengerr\u0151l, amely a f\u0151g\u00e9met v\u00edzszintes helyzetben tartja, ak\u00e1r egy f\u0151g\u00e9m kitol\u00f3hengerr\u0151l, amely a g\u00e9m hossz\u00e1t szab\u00e1lyozza, egy\u00fcttm\u0171k\u00f6dve biztos\u00edtj\u00e1k a z\u00f6kken\u0151mentes, szab\u00e1lyozott m\u0171k\u00f6d\u00e9st ig\u00e9nyl\u0151 k\u00f6r\u00fclm\u00e9nyek k\u00f6z\u00f6tt.<\/p>\n<p>[\/et_pb_text][\/et_pb_column][\/et_pb_row][et_pb_row _builder_version=&#8221;4.27.4&#8243; _module_preset=&#8221;default&#8221; theme_builder_area=&#8221;post_content&#8221;][et_pb_column _builder_version=&#8221;4.27.4&#8243; _module_preset=&#8221;default&#8221; type=&#8221;4_4&#8243; theme_builder_area=&#8221;post_content&#8221;][et_pb_text _builder_version=&#8221;4.27.4&#8243; _module_preset=&#8221;default&#8221; theme_builder_area=&#8221;post_content&#8221; hover_enabled=&#8221;0&#8243; sticky_enabled=&#8221;0&#8243;]<\/p>\n<p>Az AWV-kben a speci\u00e1lis hidraulikus hengerek k\u00fcl\u00f6nb\u00f6z\u0151 c\u00e9lokat szolg\u00e1lnak a funkcionalit\u00e1s \u00e9s a biztons\u00e1g fokoz\u00e1sa \u00e9rdek\u00e9ben. A konzolos henger a munkakos\u00e1r v\u00edzszintes sz\u00f6g\u00e9t \u00e1ll\u00edtja be, m\u00edg az \u00f6sszecsukhat\u00f3 kar sz\u00f6ge\u00e1ll\u00edt\u00f3 henger m\u00f3dos\u00edtja a csukl\u00f3s g\u00e9mek sz\u00f6g\u00e9t, hogy megfeleljen a k\u00fcl\u00f6nf\u00e9le feladatk\u00f6vetelm\u00e9nyeknek. A korm\u00e1nyhengerek megk\u00f6nny\u00edtik az auton\u00f3m mozg\u00e1st, az \u00fasz\u00f3hengerek pedig elnyelik az \u00fct\u00e9seket, hogy egyenetlen terepen is egyens\u00falyban maradjanak. Ek\u00f6zben a f\u0151 g\u00e9m sz\u00f6ge\u00e1ll\u00edt\u00f3 henger a teljes kar helyzet\u00e9t t\u00e1mogatja, biztos\u00edtva a szerkezeti integrit\u00e1st nagy magass\u00e1gokban. A tervez\u00e9s m\u00f6g\u00f6tt k\u00e9pzett m\u00e9rn\u00f6ki csapat \u00e1ll, \u00edgy ezek a hengerek biztos\u00edtj\u00e1k a l\u00e9gi alkalmaz\u00e1sokhoz sz\u00fcks\u00e9ges pontoss\u00e1got \u00e9s tart\u00f3ss\u00e1got, \u00edgy a hidraulikus rendszerek n\u00e9lk\u00fcl\u00f6zhetetlenek a biztons\u00e1gos \u00e9s hat\u00e9kony nagy magass\u00e1g\u00fa m\u0171veletekhez.<\/p>\n<p>[\/et_pb_sz\u00f6veg][\/et_pb_oszlop][\/et_pb_sor][\/et_pb_szakasz]<\/p>","protected":false},"excerpt":{"rendered":"<p>Aerial Work Vehicle Hydraulic CylindersAt FMP Company, we specialize in manufacturing a wide range of Aerial Work Vehicle Hydraulic Cylinders designed to meet diverse industry needs. In addition to our extensive product lineup, we also offer customized solutions tailored to your specific requirements. If you don\u2019t find the model you need in our product list, [&hellip;]<\/p>","protected":false},"author":2,"featured_media":0,"parent":0,"menu_order":0,"comment_status":"closed","ping_status":"closed","template":"","meta":{"_et_pb_use_builder":"on","_et_pb_old_content":"","_et_gb_content_width":"","footnotes":""},"class_list":["post-7511","page","type-page","status-publish","hentry"],"_links":{"self":[{"href":"https:\/\/fmp-components.com\/hu\/wp-json\/wp\/v2\/pages\/7511","targetHints":{"allow":["GET"]}}],"collection":[{"href":"https:\/\/fmp-components.com\/hu\/wp-json\/wp\/v2\/pages"}],"about":[{"href":"https:\/\/fmp-components.com\/hu\/wp-json\/wp\/v2\/types\/page"}],"author":[{"embeddable":true,"href":"https:\/\/fmp-components.com\/hu\/wp-json\/wp\/v2\/users\/2"}],"replies":[{"embeddable":true,"href":"https:\/\/fmp-components.com\/hu\/wp-json\/wp\/v2\/comments?post=7511"}],"version-history":[{"count":7,"href":"https:\/\/fmp-components.com\/hu\/wp-json\/wp\/v2\/pages\/7511\/revisions"}],"predecessor-version":[{"id":7522,"href":"https:\/\/fmp-components.com\/hu\/wp-json\/wp\/v2\/pages\/7511\/revisions\/7522"}],"wp:attachment":[{"href":"https:\/\/fmp-components.com\/hu\/wp-json\/wp\/v2\/media?parent=7511"}],"curies":[{"name":"munkaf\u00fczet","href":"https:\/\/api.w.org\/{rel}","templated":true}]}}