{"id":7276,"date":"2025-03-21T06:23:21","date_gmt":"2025-03-21T06:23:21","guid":{"rendered":"https:\/\/fmp-components.com\/?page_id=7276"},"modified":"2025-03-21T07:44:30","modified_gmt":"2025-03-21T07:44:30","slug":"telescopic-hydraulic-cylinders-2","status":"publish","type":"page","link":"https:\/\/fmp-components.com\/hu\/telescopic-hydraulic-cylinders-2\/","title":{"rendered":"Teleszk\u00f3pos hidraulikus hengerek"},"content":{"rendered":"<p>[et_pb_section fb_built=&#8221;1&#8243; theme_builder_area=&#8221;post_content&#8221; _builder_version=&#8221;4.27.4&#8243; _module_preset=&#8221;default&#8221; alt=&#8221;Telescopic-Hydraulic-Cylinders-banner&#8221; title_text=&#8221;Telescopic-Hydraulic-Cylinders-banner-1&#8243; background_image=&#8221;https:\/\/fmp-components.com\/wp-content\/uploads\/2025\/03\/Telescopic-Hydraulic-Cylinders-banner-1.webp&#8221; hover_enabled=&#8221;0&#8243; sticky_enabled=&#8221;0&#8243; min_height=&#8221;299px&#8221;][et_pb_row _builder_version=&#8221;4.27.4&#8243; _module_preset=&#8221;default&#8221; theme_builder_area=&#8221;post_content&#8221;][et_pb_column _builder_version=&#8221;4.27.4&#8243; _module_preset=&#8221;default&#8221; type=&#8221;4_4&#8243; theme_builder_area=&#8221;post_content&#8221;][et_pb_text _builder_version=&#8221;4.27.4&#8243; _module_preset=&#8221;default&#8221; theme_builder_area=&#8221;post_content&#8221; header_font=&#8221;Frank Ruhl Libre||||||||&#8221; header_font_size=&#8221;60px&#8221; header_text_shadow_style=&#8221;preset1&#8243; header_text_color=&#8221;#FFFFFF&#8221; hover_enabled=&#8221;0&#8243; sticky_enabled=&#8221;0&#8243;]<\/p>\n<h1 style=\"text-align: center;\">Teleszk\u00f3pos hidraulikus hengerek<\/h1>\n<p>[\/et_pb_text][\/et_pb_column][\/et_pb_row][\/et_pb_section][et_pb_section fb_built=&#8221;1&#8243; theme_builder_area=&#8221;post_content&#8221; _builder_version=&#8221;4.27.4&#8243; _module_preset=&#8221;default&#8221;][et_pb_row _builder_version=&#8221;4.27.4&#8243; _module_preset=&#8221;default&#8221; theme_builder_area=&#8221;post_content&#8221;][et_pb_column _builder_version=&#8221;4.27.4&#8243; _module_preset=&#8221;default&#8221; type=&#8221;4_4&#8243; theme_builder_area=&#8221;post_content&#8221;][et_pb_shop _builder_version=&#8221;4.27.4&#8243; _module_preset=&#8221;default&#8221; theme_builder_area=&#8221;post_content&#8221; type=&#8221;product_category&#8221; include_categories=&#8221;103&#8243; show_pagination=&#8221;on&#8221; hover_enabled=&#8221;0&#8243; sticky_enabled=&#8221;0&#8243;][\/et_pb_shop][\/et_pb_column][\/et_pb_row][\/et_pb_section][et_pb_section fb_built=&#8221;1&#8243; theme_builder_area=&#8221;post_content&#8221; _builder_version=&#8221;4.27.4&#8243; _module_preset=&#8221;default&#8221;][et_pb_row _builder_version=&#8221;4.27.4&#8243; _module_preset=&#8221;default&#8221; theme_builder_area=&#8221;post_content&#8221;][et_pb_column _builder_version=&#8221;4.27.4&#8243; _module_preset=&#8221;default&#8221; type=&#8221;4_4&#8243; theme_builder_area=&#8221;post_content&#8221;][et_pb_text _builder_version=&#8221;4.27.4&#8243; _module_preset=&#8221;default&#8221; theme_builder_area=&#8221;post_content&#8221; header_2_font=&#8221;Frank Ruhl Libre||||||||&#8221; header_2_font_size=&#8221;45px&#8221; text_font_size=&#8221;16px&#8221; text_line_height=&#8221;1.8em&#8221; hover_enabled=&#8221;0&#8243; sticky_enabled=&#8221;0&#8243;]<\/p>\n<div>\n<h2>Teleszk\u00f3pos hidraulikus hengerek: Er\u0151 \u00e9s prec\u00edzi\u00f3 az FMP c\u00e9gt\u0151l<\/h2>\n<p class=\"break-words\">A hidraulikus rendszerek ter\u00fclet\u00e9n a teleszk\u00f3pos hidraulikus hengerek arr\u00f3l h\u00edresek, hogy kompakt kialak\u00edt\u00e1s mellett is nagy hat\u00f3t\u00e1vols\u00e1got biztos\u00edtanak. Ezek a sokoldal\u00fa alkatr\u00e9szek l\u00e9tfontoss\u00e1g\u00faak a hossz\u00fa l\u00f6keteket ig\u00e9nyl\u0151, korl\u00e1tozott helyeken v\u00e9gzett alkalmaz\u00e1sokhoz, \u00edgy n\u00e9lk\u00fcl\u00f6zhetetlenek a k\u00fcl\u00f6nb\u00f6z\u0151 ipar\u00e1gakban. Az FMP-n\u00e9l b\u00fcszk\u00e9k vagyunk arra, hogy a kiv\u00e1l\u00f3 min\u0151s\u00e9g\u0171 teleszk\u00f3pos hidraulikus hengerek vezet\u0151 gy\u00e1rt\u00f3ja vagyunk, \u00e9s eg\u00e9sz Olaszorsz\u00e1gban kiszolg\u00e1ljuk \u00fcgyfeleinket \u2013 bele\u00e9rtve a ny\u00fczsg\u0151 k\u00f6zpontokat, mint Mil\u00e1n\u00f3t, a t\u00f6rt\u00e9nelmi Velenc\u00e9t, a m\u0171v\u00e9szeti negyedet, Firenz\u00e9t \u00e9s az ipari Bologn\u00e1t. A min\u0151s\u00e9g, az innov\u00e1ci\u00f3 \u00e9s az \u00fcgyf\u00e9l-el\u00e9gedetts\u00e9g ir\u00e1nti elk\u00f6telezetts\u00e9g\u00fcnk tesz minket megb\u00edzhat\u00f3 partnerr\u00e9 a hidraulikus megold\u00e1sok ter\u00e9n.<\/p>\n<\/div>\n<p>[\/et_pb_text][\/et_pb_column][\/et_pb_row][et_pb_row _builder_version=&#8221;4.27.4&#8243; _module_preset=&#8221;default&#8221; column_structure=&#8221;1_2,1_2&#8243; theme_builder_area=&#8221;post_content&#8221; use_custom_gutter=&#8221;on&#8221; gutter_width=&#8221;2&#8243; hover_enabled=&#8221;0&#8243; sticky_enabled=&#8221;0&#8243; custom_padding=&#8221;||1px|||&#8221;][et_pb_column _builder_version=&#8221;4.27.4&#8243; _module_preset=&#8221;default&#8221; type=&#8221;1_2&#8243; theme_builder_area=&#8221;post_content&#8221;][et_pb_image src=&#8221;https:\/\/fmp-components.com\/wp-content\/uploads\/2025\/03\/Telescopic-Hydraulic-Cylinders-product-1.webp&#8221; _builder_version=&#8221;4.27.4&#8243; _module_preset=&#8221;default&#8221; theme_builder_area=&#8221;post_content&#8221; alt=&#8221;Telescopic-Hydraulic-Cylinders&#8221; title_text=&#8221;Telescopic-Hydraulic-Cylinders-product-1&#8243; hover_enabled=&#8221;0&#8243; sticky_enabled=&#8221;0&#8243;][\/et_pb_image][\/et_pb_column][et_pb_column _builder_version=&#8221;4.27.4&#8243; _module_preset=&#8221;default&#8221; type=&#8221;1_2&#8243; theme_builder_area=&#8221;post_content&#8221;][et_pb_image src=&#8221;https:\/\/fmp-components.com\/wp-content\/uploads\/2025\/03\/Telescopic-Hydraulic-Cylinders-product-2.webp&#8221; _builder_version=&#8221;4.27.4&#8243; _module_preset=&#8221;default&#8221; theme_builder_area=&#8221;post_content&#8221; alt=&#8221;Telescopic-Hydraulic-Cylinders&#8221; title_text=&#8221;Telescopic-Hydraulic-Cylinders-product-2&#8243; hover_enabled=&#8221;0&#8243; sticky_enabled=&#8221;0&#8243;][\/et_pb_image][\/et_pb_column][\/et_pb_row][et_pb_row _builder_version=&#8221;4.27.4&#8243; _module_preset=&#8221;default&#8221; column_structure=&#8221;1_2,1_2&#8243; theme_builder_area=&#8221;post_content&#8221; use_custom_gutter=&#8221;on&#8221; gutter_width=&#8221;2&#8243; hover_enabled=&#8221;0&#8243; sticky_enabled=&#8221;0&#8243; custom_padding=&#8221;10px|||||&#8221;][et_pb_column _builder_version=&#8221;4.27.4&#8243; _module_preset=&#8221;default&#8221; type=&#8221;1_2&#8243; theme_builder_area=&#8221;post_content&#8221;][et_pb_image src=&#8221;https:\/\/fmp-components.com\/wp-content\/uploads\/2025\/03\/Telescopic-Hydraulic-Cylinders-product-3.webp&#8221; _builder_version=&#8221;4.27.4&#8243; _module_preset=&#8221;default&#8221; theme_builder_area=&#8221;post_content&#8221; alt=&#8221;Telescopic-Hydraulic-Cylinders&#8221; title_text=&#8221;Telescopic-Hydraulic-Cylinders-product-3&#8243; hover_enabled=&#8221;0&#8243; sticky_enabled=&#8221;0&#8243;][\/et_pb_image][\/et_pb_column][et_pb_column _builder_version=&#8221;4.27.4&#8243; _module_preset=&#8221;default&#8221; type=&#8221;1_2&#8243; theme_builder_area=&#8221;post_content&#8221;][et_pb_image src=&#8221;https:\/\/fmp-components.com\/wp-content\/uploads\/2025\/03\/Telescopic-Hydraulic-Cylinders-product-4.webp&#8221; _builder_version=&#8221;4.27.4&#8243; _module_preset=&#8221;default&#8221; theme_builder_area=&#8221;post_content&#8221; alt=&#8221;Telescopic-Hydraulic-Cylinders&#8221; title_text=&#8221;Telescopic-Hydraulic-Cylinders-product-4&#8243; hover_enabled=&#8221;0&#8243; sticky_enabled=&#8221;0&#8243;][\/et_pb_image][\/et_pb_column][\/et_pb_row][et_pb_row _builder_version=&#8221;4.27.4&#8243; _module_preset=&#8221;default&#8221; theme_builder_area=&#8221;post_content&#8221;][et_pb_column _builder_version=&#8221;4.27.4&#8243; _module_preset=&#8221;default&#8221; type=&#8221;4_4&#8243; theme_builder_area=&#8221;post_content&#8221;][et_pb_text _builder_version=&#8221;4.27.4&#8243; _module_preset=&#8221;default&#8221; theme_builder_area=&#8221;post_content&#8221; header_2_font=&#8221;Frank Ruhl Libre||||||||&#8221; header_2_font_size=&#8221;40px&#8221; text_font_size=&#8221;16px&#8221; text_line_height=&#8221;1.8em&#8221; hover_enabled=&#8221;0&#8243; sticky_enabled=&#8221;0&#8243;]<\/p>\n<div>\n<h2>Teleszk\u00f3pos hidraulikus hengerek alkalmaz\u00e1sai<\/h2>\n<p class=\"break-words\">A teleszk\u00f3pos hidraulikus munkahengerek hihetetlen\u00fcl sokoldal\u00faak, sz\u00e1mos berendez\u00e9st k\u00e9pesek meghajtani t\u00f6bb szektorban is.<\/p>\n<p class=\"break-words\">Olaszorsz\u00e1gban ezek a hengerek kritikus szerepet j\u00e1tszanak a helyi ipar\u00e1gakban. Mil\u00e1n\u00f3ban, az \u00e9p\u00edt\u0151ipar k\u00f6zpontj\u00e1ban, ezek hajtj\u00e1k a v\u00e1ros l\u00e1tk\u00e9p\u00e9t form\u00e1l\u00f3 darukat. A Firenze melletti mez\u0151gazdas\u00e1gi r\u00e9gi\u00f3kban olyan g\u00e9peket m\u0171k\u00f6dtetnek, amelyek biztos\u00edtj\u00e1k a gazdas\u00e1gok termel\u00e9kenys\u00e9g\u00e9t. Velenc\u00e9ben, ahol a keskeny utc\u00e1k kompakt megold\u00e1sokat ig\u00e9nyelnek, l\u00e9tfontoss\u00e1g\u00faak a hullad\u00e9kkezel\u0151 j\u00e1rm\u0171vek sz\u00e1m\u00e1ra. Ek\u00f6zben Bologna feldolgoz\u00f3ipara a berendez\u00e9sek robusztus teljes\u00edtm\u00e9nye \u00e9rdek\u00e9ben r\u00e1juk t\u00e1maszkodik.<\/p>\n<\/div>\n<p>[\/et_pb_text][\/et_pb_column][\/et_pb_row][et_pb_row _builder_version=&#8221;4.27.4&#8243; _module_preset=&#8221;default&#8221; column_structure=&#8221;1_2,1_2&#8243; theme_builder_area=&#8221;post_content&#8221;][et_pb_column _builder_version=&#8221;4.27.4&#8243; _module_preset=&#8221;default&#8221; type=&#8221;1_2&#8243; theme_builder_area=&#8221;post_content&#8221;][et_pb_blurb title=&#8221;Construction&#8221; image=&#8221;https:\/\/fmp-components.com\/wp-content\/uploads\/2025\/03\/excavators.webp&#8221; _builder_version=&#8221;4.27.4&#8243; _module_preset=&#8221;default&#8221; theme_builder_area=&#8221;post_content&#8221; header_text_align=&#8221;center&#8221; text_orientation=&#8221;center&#8221; alt=&#8221;excavators&#8221; title_text=&#8221;excavators&#8221; hover_enabled=&#8221;0&#8243; sticky_enabled=&#8221;0&#8243;]<\/p>\n<p>Darukban \u00e9s kotr\u00f3g\u00e9pekben haszn\u00e1lj\u00e1k emel\u00e9si \u00e9s kiny\u00fal\u00e1si k\u00e9pess\u00e9gekhez.<\/p>\n<p>[\/et_pb_blurb][\/et_pb_column][et_pb_column _builder_version=&#8221;4.27.4&#8243; _module_preset=&#8221;default&#8221; type=&#8221;1_2&#8243; theme_builder_area=&#8221;post_content&#8221;][et_pb_blurb title=&#8221;Agriculture&#8221; image=&#8221;https:\/\/fmp-components.com\/wp-content\/uploads\/2025\/03\/Agriculture-harvester.webp&#8221; _builder_version=&#8221;4.27.4&#8243; _module_preset=&#8221;default&#8221; theme_builder_area=&#8221;post_content&#8221; header_text_align=&#8221;center&#8221; text_orientation=&#8221;center&#8221; alt=&#8221;Agriculture-harvester&#8221; title_text=&#8221;Agriculture-harvester&#8221; hover_enabled=&#8221;0&#8243; sticky_enabled=&#8221;0&#8243;]<\/p>\n<p>Hat\u00e9kony anyagmozgat\u00e1shoz arat\u00f3g\u00e9pekben \u00e9s rakod\u00f3g\u00e9pekben tal\u00e1lhat\u00f3.<\/p>\n<p>[\/et_pb_blurb][\/et_pb_column][\/et_pb_row][et_pb_row _builder_version=&#8221;4.27.4&#8243; _module_preset=&#8221;default&#8221; column_structure=&#8221;1_2,1_2&#8243; theme_builder_area=&#8221;post_content&#8221;][et_pb_column _builder_version=&#8221;4.27.4&#8243; _module_preset=&#8221;default&#8221; type=&#8221;1_2&#8243; theme_builder_area=&#8221;post_content&#8221;][et_pb_blurb title=&#8221;Waste Management&#8221; image=&#8221;https:\/\/fmp-components.com\/wp-content\/uploads\/2025\/03\/garbage-trucks.webp&#8221; _builder_version=&#8221;4.27.4&#8243; _module_preset=&#8221;default&#8221; theme_builder_area=&#8221;post_content&#8221; header_text_align=&#8221;center&#8221; text_orientation=&#8221;center&#8221; alt=&#8221;garbage-trucks&#8221; title_text=&#8221;garbage-trucks&#8221; hover_enabled=&#8221;0&#8243; sticky_enabled=&#8221;0&#8243;]<\/p>\n<p>Szem\u00e9tsz\u00e1ll\u00edt\u00f3 aut\u00f3kban \u00e9s pr\u00e9sg\u00e9pekben alkalmazz\u00e1k kompakt, m\u00e9gis nagy teljes\u00edtm\u00e9ny\u0171 m\u0171k\u00f6d\u00e9s \u00e9rdek\u00e9ben.<\/p>\n<p>[\/et_pb_blurb][\/et_pb_column][et_pb_column _builder_version=&#8221;4.27.4&#8243; _module_preset=&#8221;default&#8221; type=&#8221;1_2&#8243; theme_builder_area=&#8221;post_content&#8221;][et_pb_blurb title=&#8221;Transportation&#8221; image=&#8221;https:\/\/fmp-components.com\/wp-content\/uploads\/2025\/03\/dump-trucks.webp&#8221; _builder_version=&#8221;4.27.4&#8243; _module_preset=&#8221;default&#8221; theme_builder_area=&#8221;post_content&#8221; header_text_align=&#8221;center&#8221; text_orientation=&#8221;center&#8221; alt=&#8221;dump-trucks&#8221; title_text=&#8221;dump-trucks&#8221; hover_enabled=&#8221;0&#8243; sticky_enabled=&#8221;0&#8243;]<\/p>\n<p>Billencsaut\u00f3k \u00e9s \u00e1trak\u00f3 p\u00f3tkocsik integr\u00e1lt alkatr\u00e9sze neh\u00e9z rakom\u00e1nyok kezel\u00e9s\u00e9hez.<\/p>\n<p>[\/et_pb_blurb][\/et_pb_column][\/et_pb_row][\/et_pb_section][et_pb_section fb_built=&#8221;1&#8243; theme_builder_area=&#8221;post_content&#8221; _builder_version=&#8221;4.27.4&#8243; _module_preset=&#8221;default&#8221;][et_pb_row _builder_version=&#8221;4.27.4&#8243; _module_preset=&#8221;default&#8221; theme_builder_area=&#8221;post_content&#8221; max_width=&#8221;1250px&#8221; width=&#8221;100%&#8221; hover_enabled=&#8221;0&#8243; sticky_enabled=&#8221;0&#8243;][et_pb_column _builder_version=&#8221;4.27.4&#8243; _module_preset=&#8221;default&#8221; type=&#8221;4_4&#8243; theme_builder_area=&#8221;post_content&#8221;][et_pb_text _builder_version=&#8221;4.27.4&#8243; _module_preset=&#8221;default&#8221; theme_builder_area=&#8221;post_content&#8221; hover_enabled=&#8221;0&#8243; sticky_enabled=&#8221;0&#8243; text_font_size=&#8221;16px&#8221; text_line_height=&#8221;1.8em&#8221;]<\/p>\n<div>\n<h2>FMP teleszk\u00f3pos hidraulikus hengerek<\/h2>\n<p class=\"break-words\">Az FMP-n\u00e9l teleszk\u00f3pos hidraulikus munkahengerek sz\u00e9les v\u00e1laszt\u00e9k\u00e1t k\u00edn\u00e1ljuk, amelyeket a k\u00fcl\u00f6nf\u00e9le ig\u00e9nyek kiel\u00e9g\u00edt\u00e9s\u00e9re szabtunk:<\/p>\n<ul class=\"marker:text-secondary\">\n<li class=\"break-words\"><strong>Egyszeres m\u0171k\u00f6d\u00e9s\u0171 hengerek<\/strong>: T\u00f6k\u00e9letes olyan alkalmaz\u00e1sokhoz, ahol a visszah\u00faz\u00e1st gravit\u00e1ci\u00f3 vagy k\u00fcls\u0151 er\u0151k seg\u00edtik, p\u00e9ld\u00e1ul d\u00f6mperekn\u00e9l.<\/li>\n<li class=\"break-words\"><strong>Kett\u0151s m\u0171k\u00f6d\u00e9s\u0171 hengerek<\/strong>Prec\u00edzi\u00f3s tervez\u00e9snek k\u00f6sz\u00f6nhet\u0151en, hidraulikus er\u0151vel m\u0171k\u00f6dik mind a kitol\u00e1shoz, mind a visszah\u00faz\u00e1shoz, ide\u00e1lis \u00e9p\u00edt\u0151ipari berendez\u00e9sekhez.<\/li>\n<li class=\"break-words\"><strong>Kombin\u00e1lt hengerek<\/strong>A k\u00e9t t\u00edpus el\u0151nyeinek \u00f6tv\u00f6z\u00e9se speci\u00e1lis alkalmaz\u00e1sokhoz.<\/li>\n<\/ul>\n<p class=\"break-words\">Hengereink leny\u0171g\u00f6z\u0151 specifik\u00e1ci\u00f3kkal b\u00fcszk\u00e9lkedhetnek:<\/p>\n<ul class=\"marker:text-secondary\">\n<li class=\"break-words\">Ak\u00e1r 15 h\u00fcvelykes furat\u00e1tm\u00e9r\u0151k.<\/li>\n<li class=\"break-words\">Ak\u00e1r 500 h\u00fcvelykes l\u00f6kethossz.<\/li>\n<li class=\"break-words\">Ak\u00e1r 5 szakasz.<\/li>\n<li class=\"break-words\">Ak\u00e1r 2000 psi \u00fczemi nyom\u00e1s, egyedi opci\u00f3kkal magasabb nyom\u00e1sokhoz.<\/li>\n<\/ul>\n<p class=\"break-words\">Nagy szil\u00e1rds\u00e1g\u00fa ac\u00e9lb\u00f3l, kem\u00e9ny kr\u00f3mozott fokozatokb\u00f3l \u00e9s tart\u00f3s t\u00f6m\u00edt\u00e9sekb\u0151l k\u00e9sz\u00fclt hengereinket \u00fagy tervezt\u00fck, hogy ellen\u00e1lljanak a neh\u00e9z k\u00f6r\u00fclm\u00e9nyeknek. Az olyan jellemz\u0151k, mint az \u00e1ll\u00edthat\u00f3 V-t\u00f6m\u00edt\u00e9s \u00e9s az opcion\u00e1lis r\u00f6gz\u00edt\u00e9si m\u00f3dok (keresztcs\u0151 vagy forg\u00f3csap) biztos\u00edtj\u00e1k a berendez\u00e9s\u00e9hez val\u00f3 alkalmazkod\u00f3k\u00e9pess\u00e9get.<\/p>\n<h3>Testreszab\u00e1s egyetlen kattint\u00e1ssal<\/h3>\n<p class=\"break-words\">Kiemelked\u0151 er\u0151ss\u00e9geink egyike, hogy egyedi teleszk\u00f3pos hidraulikus hengereket tudunk sz\u00e1ll\u00edtani. Ak\u00e1r adott furatm\u00e9retre, l\u00f6kethosszra vagy r\u00f6gz\u00edt\u00e9si konfigur\u00e1ci\u00f3ra van sz\u00fcks\u00e9ge, tapasztalt m\u00e9rn\u00f6kcsapatunk egy\u00fcttm\u0171k\u00f6dik \u00d6nnel, hogy olyan megold\u00e1st tervezzen, amely t\u00f6k\u00e9letesen illeszkedik az alkalmaz\u00e1s\u00e1hoz \u2013 legyen sz\u00f3 ak\u00e1r egy firenzei szemetesaut\u00f3r\u00f3l, ak\u00e1r egy mil\u00e1n\u00f3i darur\u00f3l. Gyors \u00e1tfut\u00e1si id\u0151nk \u2013 gyakran egy h\u00f3napon bel\u00fcl \u2013 megk\u00fcl\u00f6nb\u00f6ztet minket, biztos\u00edtva, hogy az egyedi hengert gyorsabban, mint az ipar\u00e1gi szabv\u00e1ny.<\/p>\n<p class=\"break-words\">Ha nem tal\u00e1lja a pontosan megfelel\u0151 modellt a term\u00e9klist\u00e1nkban, ne agg\u00f3djon \u2013 val\u00f3sz\u00edn\u0171leg m\u00e9g nem volt lehet\u0151s\u00e9g\u00fcnk list\u00e1zni. Egyszer\u0171en k\u00fcldj\u00f6n nek\u00fcnk e-mailt a specifik\u00e1ci\u00f3ival, \u00e9s m\u00e9rn\u00f6keink 24 \u00f3r\u00e1n bel\u00fcl v\u00e1laszolnak egy szem\u00e9lyre szabott megold\u00e1ssal.<\/p>\n<\/div>\n<p>[\/et_pb_text][\/et_pb_column][\/et_pb_row][et_pb_row _builder_version=&#8221;4.27.4&#8243; _module_preset=&#8221;default&#8221; column_structure=&#8221;1_2,1_2&#8243; theme_builder_area=&#8221;post_content&#8221; use_custom_gutter=&#8221;on&#8221; gutter_width=&#8221;2&#8243; hover_enabled=&#8221;0&#8243; sticky_enabled=&#8221;0&#8243; max_width=&#8221;1250px&#8221; width=&#8221;100%&#8221;][et_pb_column _builder_version=&#8221;4.27.4&#8243; _module_preset=&#8221;default&#8221; type=&#8221;1_2&#8243; theme_builder_area=&#8221;post_content&#8221;][et_pb_image src=&#8221;https:\/\/fmp-components.com\/wp-content\/uploads\/2025\/03\/fmp-hydraulic-cylinder-factory.webp&#8221; _builder_version=&#8221;4.27.4&#8243; _module_preset=&#8221;default&#8221; theme_builder_area=&#8221;post_content&#8221; alt=&#8221;fmp-hydraulic-cylinder-factory&#8221; title_text=&#8221;fmp-hydraulic-cylinder-factory&#8221; hover_enabled=&#8221;0&#8243; sticky_enabled=&#8221;0&#8243;][\/et_pb_image][\/et_pb_column][et_pb_column _builder_version=&#8221;4.27.4&#8243; _module_preset=&#8221;default&#8221; type=&#8221;1_2&#8243; theme_builder_area=&#8221;post_content&#8221;][et_pb_image src=&#8221;https:\/\/fmp-components.com\/wp-content\/uploads\/2025\/03\/fmp-hydraulic-cylinder-factory2.webp&#8221; _builder_version=&#8221;4.27.4&#8243; _module_preset=&#8221;default&#8221; theme_builder_area=&#8221;post_content&#8221; alt=&#8221;fmp-hydraulic-cylinder-factory2&#8243; title_text=&#8221;fmp-hydraulic-cylinder-factory2&#8243; hover_enabled=&#8221;0&#8243; sticky_enabled=&#8221;0&#8243;][\/et_pb_image][\/et_pb_column][\/et_pb_row][\/et_pb_section]<\/p>","protected":false},"excerpt":{"rendered":"<p>Telescopic Hydraulic Cylinders Telescopic Hydraulic Cylinders: Power and Precision from FMP Company In the realm of hydraulic systems, telescopic hydraulic cylinders are renowned for their ability to provide extended reach within a compact design. These versatile components are vital for applications requiring long strokes in limited spaces, making them indispensable across various industries. At FMP, [&hellip;]<\/p>","protected":false},"author":2,"featured_media":0,"parent":0,"menu_order":0,"comment_status":"closed","ping_status":"closed","template":"","meta":{"_et_pb_use_builder":"on","_et_pb_old_content":"","_et_gb_content_width":"","footnotes":""},"class_list":["post-7276","page","type-page","status-publish","hentry"],"_links":{"self":[{"href":"https:\/\/fmp-components.com\/hu\/wp-json\/wp\/v2\/pages\/7276","targetHints":{"allow":["GET"]}}],"collection":[{"href":"https:\/\/fmp-components.com\/hu\/wp-json\/wp\/v2\/pages"}],"about":[{"href":"https:\/\/fmp-components.com\/hu\/wp-json\/wp\/v2\/types\/page"}],"author":[{"embeddable":true,"href":"https:\/\/fmp-components.com\/hu\/wp-json\/wp\/v2\/users\/2"}],"replies":[{"embeddable":true,"href":"https:\/\/fmp-components.com\/hu\/wp-json\/wp\/v2\/comments?post=7276"}],"version-history":[{"count":12,"href":"https:\/\/fmp-components.com\/hu\/wp-json\/wp\/v2\/pages\/7276\/revisions"}],"predecessor-version":[{"id":7304,"href":"https:\/\/fmp-components.com\/hu\/wp-json\/wp\/v2\/pages\/7276\/revisions\/7304"}],"wp:attachment":[{"href":"https:\/\/fmp-components.com\/hu\/wp-json\/wp\/v2\/media?parent=7276"}],"curies":[{"name":"munkaf\u00fczet","href":"https:\/\/api.w.org\/{rel}","templated":true}]}}