{"id":6269,"date":"2025-03-07T03:38:27","date_gmt":"2025-03-07T03:38:27","guid":{"rendered":"https:\/\/fmp-components.com\/?page_id=6269"},"modified":"2025-03-07T06:14:40","modified_gmt":"2025-03-07T06:14:40","slug":"steel-2","status":"publish","type":"page","link":"https:\/\/fmp-components.com\/hu\/steel-2\/","title":{"rendered":"Ac\u00e9l"},"content":{"rendered":"<p>[et_pb_section fb_built=&#8221;1&#8243; theme_builder_area=&#8221;post_content&#8221; _builder_version=&#8221;4.27.4&#8243; _module_preset=&#8221;default&#8221; alt=&#8221;Steel&#8221; title_text=&#8221;steel-banner&#8221; background_image=&#8221;https:\/\/fmp-components.com\/wp-content\/uploads\/2025\/03\/steel-banner.webp&#8221; hover_enabled=&#8221;0&#8243; sticky_enabled=&#8221;0&#8243; min_height=&#8221;447px&#8221; use_background_color_gradient=&#8221;on&#8221; background_color_gradient_stops=&#8221;rgba(0,0,0,0.2) 0%|rgba(0,0,0,0.15) 100%&#8221; background_color_gradient_overlays_image=&#8221;on&#8221;][et_pb_row _builder_version=&#8221;4.27.4&#8243; _module_preset=&#8221;default&#8221; theme_builder_area=&#8221;post_content&#8221;][et_pb_column _builder_version=&#8221;4.27.4&#8243; _module_preset=&#8221;default&#8221; type=&#8221;4_4&#8243; theme_builder_area=&#8221;post_content&#8221;][et_pb_text _builder_version=&#8221;4.27.4&#8243; _module_preset=&#8221;default&#8221; theme_builder_area=&#8221;post_content&#8221; text_orientation=&#8221;center&#8221; text_text_color=&#8221;#FFFFFF&#8221; header_font=&#8221;Frank Ruhl Libre||||||||&#8221; header_text_align=&#8221;center&#8221; header_text_color=&#8221;#FFFFFF&#8221; header_font_size=&#8221;70px&#8221; header_text_shadow_style=&#8221;preset1&#8243; hover_enabled=&#8221;0&#8243; sticky_enabled=&#8221;0&#8243;]<\/p>\n<h1 style=\"text-align: center;\">Ac\u00e9l<\/h1>\n<p>[\/et_pb_text][\/et_pb_column][\/et_pb_row][\/et_pb_section][et_pb_section fb_built=&#8221;1&#8243; theme_builder_area=&#8221;post_content&#8221; _builder_version=&#8221;4.27.4&#8243; _module_preset=&#8221;default&#8221;][et_pb_row _builder_version=&#8221;4.27.4&#8243; _module_preset=&#8221;default&#8221; theme_builder_area=&#8221;post_content&#8221;][et_pb_column _builder_version=&#8221;4.27.4&#8243; _module_preset=&#8221;default&#8221; type=&#8221;4_4&#8243; theme_builder_area=&#8221;post_content&#8221;][et_pb_text _builder_version=&#8221;4.27.4&#8243; _module_preset=&#8221;default&#8221; theme_builder_area=&#8221;post_content&#8221; header_font=&#8221;Frank Ruhl Libre||||||||&#8221; header_2_font=&#8221;Frank Ruhl Libre||||||||&#8221; header_2_font_size=&#8221;35px&#8221; hover_enabled=&#8221;0&#8243; sticky_enabled=&#8221;0&#8243;]<\/p>\n<h2>Ac\u00e9lmegold\u00e1sok az FMP-t\u0151l: Min\u0151s\u00e9ggel \u00e9s precizit\u00e1ssal az olasz ipar ereje<\/h2>\n<p>[\/et_pb_text][et_pb_text _builder_version=&#8221;4.27.4&#8243; _module_preset=&#8221;default&#8221; theme_builder_area=&#8221;post_content&#8221; text_font_size=&#8221;16px&#8221; text_line_height=&#8221;1.8em&#8221; hover_enabled=&#8221;0&#8243; sticky_enabled=&#8221;0&#8243;]<\/p>\n<p>Az ac\u00e9liparban az FMP Company megb\u00edzhat\u00f3 vezet\u0151 szerepet t\u00f6lt be Olaszorsz\u00e1gban, sz\u00e9les v\u00e1laszt\u00e9kban sz\u00e1ll\u00edtva kiv\u00e1l\u00f3 min\u0151s\u00e9g\u0171 ac\u00e9lterm\u00e9keket, hogy kiel\u00e9g\u00edtse az ipar\u00e1gak, k\u00e9zm\u0171vesek \u00e9s innov\u00e1torok ig\u00e9nyeit az eg\u00e9sz f\u00e9lszigeten. Az ac\u00e9l \u2013 egy vas \u00e9s sz\u00e9n \u00f6tv\u00f6zete, amelynek sz\u00e9ntartalma ak\u00e1r 2% is lehet \u2013 a modern infrastrukt\u00fara gerinc\u00e9t alkotja, Mil\u00e1n\u00f3 magas felh\u0151karcol\u00f3it\u00f3l Toszk\u00e1na m\u0171helyeinek bonyolult g\u00e9peiig. Az FMP-n\u00e9l ac\u00e9lt\u00edpusok sz\u00e9les portf\u00f3li\u00f3j\u00e1t k\u00edn\u00e1ljuk, bele\u00e9rtve a sz\u00e9nac\u00e9lt, az \u00f6tv\u00f6z\u00f6tt ac\u00e9lt, a rozsdamentes ac\u00e9lt \u00e9s a szersz\u00e1mac\u00e9lt, amelyek mindegyike Olaszorsz\u00e1g soksz\u00edn\u0171 alkalmaz\u00e1si ter\u00fcleteit hivatott t\u00e1mogatni.<\/p>\n<p>[\/et_pb_text][\/et_pb_column][\/et_pb_row][et_pb_row _builder_version=&#8221;4.27.4&#8243; _module_preset=&#8221;default&#8221; theme_builder_area=&#8221;post_content&#8221;][et_pb_column _builder_version=&#8221;4.27.4&#8243; _module_preset=&#8221;default&#8221; type=&#8221;4_4&#8243; theme_builder_area=&#8221;post_content&#8221;][et_pb_text _builder_version=&#8221;4.27.4&#8243; _module_preset=&#8221;default&#8221; theme_builder_area=&#8221;post_content&#8221; header_font=&#8221;Frank Ruhl Libre||||||||&#8221; header_2_font=&#8221;Frank Ruhl Libre||||||||&#8221; header_2_font_size=&#8221;35px&#8221; hover_enabled=&#8221;0&#8243; sticky_enabled=&#8221;0&#8243;]<\/p>\n<h2>Mi teszi az ac\u00e9lt l\u00e9tfontoss\u00e1g\u00fav\u00e1?<\/h2>\n<p>[\/et_pb_text][et_pb_text _builder_version=&#8221;4.27.4&#8243; _module_preset=&#8221;default&#8221; theme_builder_area=&#8221;post_content&#8221; text_font_size=&#8221;16px&#8221; text_line_height=&#8221;1.8em&#8221; hover_enabled=&#8221;0&#8243; sticky_enabled=&#8221;0&#8243;]<\/p>\n<p>Az ac\u00e9l sokoldal\u00fas\u00e1ga egyedi \u00f6sszet\u00e9tel\u00e9b\u0151l fakad: a vas, a F\u00f6ld egyik leggyakoribb eleme, sz\u00e9nnel kombin\u00e1lva egy olyan anyagot hoz l\u00e9tre, amely er\u0151sebb \u00e9s tart\u00f3sabb, mint a tiszta vas. A 2013-as glob\u00e1lis termel\u00e9s 1,6 milli\u00e1rd tonna volt (szemben a k\u00f6vetkez\u0151 legjelent\u0151sebb m\u00e9rn\u00f6ki f\u00e9m, az alum\u00ednium mind\u00f6ssze 47 milli\u00f3 tonna termel\u00e9s\u00e9vel), az ac\u00e9l a vil\u00e1g legsz\u00e9lesebb k\u00f6rben haszn\u00e1lt anyaga. A varr\u00f3t\u0171kt\u0151l az olajsz\u00e1ll\u00edt\u00f3 tart\u00e1lyhaj\u00f3kig \u2013 s\u0151t, m\u00e9g a gy\u00e1rt\u00e1sukhoz haszn\u00e1lt szersz\u00e1mokig \u2013 mindent ez alak\u00edt. Az FMP-n\u00e9l az ac\u00e9l p\u00e1ratlan mechanikai tulajdons\u00e1gait \u2013 a ferrithez, az ausztenithez \u00e9s a martenzithez hasonl\u00f3 krist\u00e1lyos szerkezeteknek k\u00f6sz\u00f6nhet\u0151en \u2013 kihaszn\u00e1lva az olasz ipari \u00e9s kreat\u00edv ig\u00e9nyekhez igaz\u00edtott term\u00e9keket sz\u00e1ll\u00edtunk.<\/p>\n<p>[\/et_pb_text][\/et_pb_column][\/et_pb_row][et_pb_row _builder_version=&#8221;4.27.4&#8243; _module_preset=&#8221;default&#8221; theme_builder_area=&#8221;post_content&#8221;][et_pb_column _builder_version=&#8221;4.27.4&#8243; _module_preset=&#8221;default&#8221; type=&#8221;4_4&#8243; theme_builder_area=&#8221;post_content&#8221;][et_pb_image src=&#8221;https:\/\/fmp-components.com\/wp-content\/uploads\/2025\/03\/steel-product.webp&#8221; _builder_version=&#8221;4.27.4&#8243; _module_preset=&#8221;default&#8221; theme_builder_area=&#8221;post_content&#8221; alt=&#8221;steel product&#8221; title_text=&#8221;steel-product&#8221; hover_enabled=&#8221;0&#8243; sticky_enabled=&#8221;0&#8243; align=&#8221;center&#8221;][\/et_pb_image][\/et_pb_column][\/et_pb_row][et_pb_row _builder_version=&#8221;4.27.4&#8243; _module_preset=&#8221;default&#8221; theme_builder_area=&#8221;post_content&#8221; custom_padding=&#8221;||3px|||&#8221;][et_pb_column _builder_version=&#8221;4.27.4&#8243; _module_preset=&#8221;default&#8221; type=&#8221;4_4&#8243; theme_builder_area=&#8221;post_content&#8221;][et_pb_text _builder_version=&#8221;4.27.4&#8243; _module_preset=&#8221;default&#8221; theme_builder_area=&#8221;post_content&#8221; header_2_font=&#8221;Frank Ruhl Libre||||||||&#8221; header_2_font_size=&#8221;35px&#8221; hover_enabled=&#8221;0&#8243; sticky_enabled=&#8221;0&#8243;]<\/p>\n<h2 style=\"text-align: center;\">Mi\u00e9rt \u00e9rdemes az FMP ac\u00e9lterm\u00e9keket v\u00e1lasztani Olaszorsz\u00e1gban?<\/h2>\n<p>[\/et_pb_text][\/et_pb_column][\/et_pb_row][et_pb_row _builder_version=&#8221;4.27.4&#8243; _module_preset=&#8221;default&#8221; column_structure=&#8221;1_3,1_3,1_3&#8243; theme_builder_area=&#8221;post_content&#8221; use_custom_gutter=&#8221;on&#8221; gutter_width=&#8221;2&#8243; width=&#8221;100%&#8221; max_width=&#8221;1100px&#8221; hover_enabled=&#8221;0&#8243; sticky_enabled=&#8221;0&#8243;][et_pb_column _builder_version=&#8221;4.27.4&#8243; _module_preset=&#8221;default&#8221; type=&#8221;1_3&#8243; theme_builder_area=&#8221;post_content&#8221;][et_pb_text _builder_version=&#8221;4.27.4&#8243; _module_preset=&#8221;default&#8221; theme_builder_area=&#8221;post_content&#8221; header_3_font=&#8221;Frank Ruhl Libre||||||||&#8221; hover_enabled=&#8221;0&#8243; sticky_enabled=&#8221;0&#8243;]<\/p>\n<h3>\u00c1tfog\u00f3 ac\u00e9lportf\u00f3li\u00f3<\/h3>\n<div>\n<p>Az FMP-n\u00e9l b\u00fcszk\u00e9k vagyunk arra, hogy sz\u00e9les v\u00e1laszt\u00e9kban k\u00edn\u00e1lunk ac\u00e9lmin\u0151s\u00e9geket, hogy minden ig\u00e9nyt kiel\u00e9g\u00edts\u00fcnk:<\/p>\n<ul class=\"marker:text-secondary\">\n<li class=\"break-words\"><strong>Sz\u00e9nac\u00e9lok<\/strong>Az alacsony sz\u00e9ntartalm\u00fa (0,05-0,19%) aut\u00f3ipari panelekt\u0151l a magas sz\u00e9ntartalm\u00fa (0,5% feletti) vas\u00fati s\u00ednekig.<\/li>\n<li class=\"break-words\"><strong>\u00f6tv\u00f6z\u00f6tt ac\u00e9lok<\/strong>Nikkellel, kr\u00f3mmal \u00e9s molibd\u00e9nnel d\u00fas\u00edtva a kiv\u00e1l\u00f3 szil\u00e1rds\u00e1g \u00e9s korr\u00f3zi\u00f3\u00e1ll\u00f3s\u00e1g \u00e9rdek\u00e9ben.<\/li>\n<li class=\"break-words\"><strong>Rozsdamentes ac\u00e9lok<\/strong>T\u00f6k\u00e9letes az olasz \u00e9lelmiszer-feldolgoz\u00f3 \u00e9s eg\u00e9szs\u00e9g\u00fcgyi szektor sz\u00e1m\u00e1ra, ellen\u00e1ll a rozsd\u00e1nak a p\u00e1r\u00e1s \u00e9ghajlaton, p\u00e9ld\u00e1ul Velenc\u00e9ben.<\/li>\n<li class=\"break-words\"><strong>Szersz\u00e1mac\u00e9lok<\/strong>Edzett prec\u00edzi\u00f3s forg\u00e1csol\u00f3szersz\u00e1mokhoz, amelyeket a bolognai m\u00e9rn\u00f6ki m\u0171helyekben haszn\u00e1lnak.<br \/>K\u00edn\u00e1latunk a 0,013 mm-es h\u00fazott huzalt\u00f3l az ak\u00e1r 1100 mm \u00e1tm\u00e9r\u0151j\u0171 kov\u00e1csolt rudakig terjed, \u00edgy biztos\u00edtva, hogy a projektedhez megfelel\u0151 ac\u00e9lt haszn\u00e1ld.<\/li>\n<\/ul>\n<\/div>\n<p>[\/et_pb_text][\/et_pb_column][et_pb_column _builder_version=&#8221;4.27.4&#8243; _module_preset=&#8221;default&#8221; type=&#8221;1_3&#8243; theme_builder_area=&#8221;post_content&#8221;][et_pb_text _builder_version=&#8221;4.27.4&#8243; _module_preset=&#8221;default&#8221; theme_builder_area=&#8221;post_content&#8221; header_3_font=&#8221;Frank Ruhl Libre||||||||&#8221; hover_enabled=&#8221;0&#8243; sticky_enabled=&#8221;0&#8243;]<\/p>\n<h3>Korszer\u0171 gy\u00e1rt\u00e1si szak\u00e9rtelem<\/h3>\n<div>\n<p>Az ac\u00e9l szil\u00e1rds\u00e1ga a mikroszerkezet\u00e9b\u0151l fakad \u2013 legyen sz\u00f3 ak\u00e1r a 912\u00b0C alatti testk\u00f6zpont\u00fa k\u00f6b\u00f6s (bcc) ferritr\u0151l, ak\u00e1r a 912\u00b0C \u00e9s 1394\u00b0C k\u00f6z\u00f6tti fel\u00fcletk\u00f6zpont\u00fa k\u00f6b\u00f6s (fcc) ausztenitr\u0151l. Az FMP-n\u00e9l ezeket az \u00e1talakul\u00e1sokat prec\u00edz h\u0151kezel\u00e9sekkel, p\u00e9ld\u00e1ul edz\u00e9ssel \u00e9s megereszt\u00e9ssel saj\u00e1t\u00edtjuk el, \u00edgy martenzitet (ak\u00e1r 1000 DPH kem\u00e9nys\u00e9ggel) vagy sz\u00edv\u00f3s perlitet (kb. 200 DPH) \u00e1ll\u00edtunk el\u0151. Korszer\u0171 olaszorsz\u00e1gi l\u00e9tes\u00edtm\u00e9nyeink biztos\u00edtj\u00e1k, hogy minden ac\u00e9lterm\u00e9k megfeleljen az olyan nemzetk\u00f6zi szabv\u00e1nyoknak, mint az ISO 4184, \u00edgy megb\u00edzhat\u00f3s\u00e1got biztos\u00edtva az \u00d6n alkalmaz\u00e1sai sz\u00e1m\u00e1ra.<\/p>\n<\/div>\n<p>[\/et_pb_text][\/et_pb_column][et_pb_column _builder_version=&#8221;4.27.4&#8243; _module_preset=&#8221;default&#8221; type=&#8221;1_3&#8243; theme_builder_area=&#8221;post_content&#8221;][et_pb_text _builder_version=&#8221;4.27.4&#8243; _module_preset=&#8221;default&#8221; theme_builder_area=&#8221;post_content&#8221; header_3_font=&#8221;Frank Ruhl Libre||||||||&#8221; hover_enabled=&#8221;0&#8243; sticky_enabled=&#8221;0&#8243;]<\/p>\n<h3>Olasz ig\u00e9nyekre szabott testreszab\u00e1s<\/h3>\n<div>\n<p>Nem tal\u00e1lja a sz\u00fcks\u00e9ges ac\u00e9lt? Az FMP egyedi megold\u00e1sokra specializ\u00e1l\u00f3dott. Ak\u00e1r egy n\u00e1polyi haj\u00f3gy\u00e1r sz\u00e1m\u00e1ra van sz\u00fcks\u00e9ge alacsony sz\u00e9ntartalm\u00fa, nagy hegeszthet\u0151s\u00e9g\u0171 ac\u00e9lra, ak\u00e1r egy torin\u00f3i rep\u00fcl\u0151g\u00e9pipari projekthez nagy szil\u00e1rds\u00e1g\u00fa \u00f6tv\u00f6zetre, ac\u00e9lunkat az \u00d6n ig\u00e9nyeihez igaz\u00edtjuk. L\u00e9pjen kapcsolatba vel\u00fcnk a k\u00f6vetkez\u0151 c\u00edmen: <a href=\"mailto:info@fmpcomponents.it\">info@fmpcomponents.it<\/a>, \u00e9s m\u00e9rn\u00f6keink olyan term\u00e9ket k\u00e9sz\u00edtenek, amely pontosan megfelel az \u00d6n ig\u00e9nyeinek \u2013 eg\u00e9szen a szemcsem\u00e9retig \u00e9s az \u00f6tv\u00f6zet \u00f6sszet\u00e9tel\u00e9ig.<\/p>\n<\/div>\n<p>[\/et_pb_text][\/et_pb_column][\/et_pb_row][et_pb_row _builder_version=&#8221;4.27.4&#8243; _module_preset=&#8221;default&#8221; column_structure=&#8221;1_3,1_3,1_3&#8243; theme_builder_area=&#8221;post_content&#8221; use_custom_gutter=&#8221;on&#8221; gutter_width=&#8221;2&#8243; width=&#8221;100%&#8221; max_width=&#8221;1100px&#8221; hover_enabled=&#8221;0&#8243; sticky_enabled=&#8221;0&#8243;][et_pb_column _builder_version=&#8221;4.27.4&#8243; _module_preset=&#8221;default&#8221; type=&#8221;1_3&#8243; theme_builder_area=&#8221;post_content&#8221;][et_pb_text _builder_version=&#8221;4.27.4&#8243; _module_preset=&#8221;default&#8221; theme_builder_area=&#8221;post_content&#8221; header_3_font=&#8221;Frank Ruhl Libre||||||||&#8221; hover_enabled=&#8221;0&#8243; sticky_enabled=&#8221;0&#8243;]<\/p>\n<h3>Helyi olasz elk\u00f6telezetts\u00e9g<\/h3>\n<div>\n<p>Olaszorsz\u00e1gi gy\u00f6kerekkel rendelkez\u00fcnk, \u00e9s olaszul foly\u00e9konyan besz\u00e9l\u0151 \u00fcgyf\u00e9lszolg\u00e1lati csapattal rendelkez\u00fcnk. Szak\u00e9rt\u0151ink gyakorlati t\u00e1mogat\u00e1st ny\u00fajtanak, a megfelel\u0151 ac\u00e9lmin\u0151s\u00e9g kiv\u00e1laszt\u00e1s\u00e1t\u00f3l a telep\u00edt\u00e9ssel \u00e9s karbantart\u00e1ssal kapcsolatos tan\u00e1csad\u00e1sig. Ac\u00e9lra van sz\u00fcks\u00e9ge egy fenntarthat\u00f3 projekthez Firenz\u00e9ben? Ak\u00e1r 94% \u00fajrahasznos\u00edtott hullad\u00e9kb\u00f3l \u00e9s alacsony CO2-kibocs\u00e1t\u00e1s\u00fa elj\u00e1r\u00e1ssal k\u00e9sz\u00fclt z\u00f6ld ac\u00e9l opci\u00f3ink 83%-vel cs\u00f6kkentik a k\u00f6rnyezeti l\u00e1bnyomot \u2013 t\u00f6k\u00e9letesek Olaszorsz\u00e1g k\u00f6rnyezettudatos j\u00f6v\u0151je sz\u00e1m\u00e1ra.<\/p>\n<\/div>\n<p>[\/et_pb_text][\/et_pb_column][et_pb_column _builder_version=&#8221;4.27.4&#8243; _module_preset=&#8221;default&#8221; type=&#8221;1_3&#8243; theme_builder_area=&#8221;post_content&#8221;][et_pb_text _builder_version=&#8221;4.27.4&#8243; _module_preset=&#8221;default&#8221; theme_builder_area=&#8221;post_content&#8221; header_3_font=&#8221;Frank Ruhl Libre||||||||&#8221; hover_enabled=&#8221;0&#8243; sticky_enabled=&#8221;0&#8243;]<\/p>\n<h3>P\u00e1ratlan tart\u00f3ss\u00e1g \u00e9s tulajdons\u00e1gok<\/h3>\n<div>\n<p>Az ac\u00e9l tulajdons\u00e1gait a sz\u00e9n \u00e9s az \u00f6tv\u00f6z\u0151elemek fokozz\u00e1k. P\u00e9ld\u00e1ul 0,77% sz\u00e9n hozz\u00e1ad\u00e1sa perlitet hoz l\u00e9tre, m\u00edg a gyors h\u0171t\u00e9s martenzitet k\u00e9pez a maxim\u00e1lis kem\u00e9nys\u00e9g \u00e9rdek\u00e9ben. Az FMP-n\u00e9l tit\u00e1nnal, van\u00e1diummal \u00e9s mang\u00e1nnal is \u00f6tv\u00f6zz\u00fck az ac\u00e9lt, hogy n\u00f6velj\u00fck a szil\u00e1rds\u00e1got, az edzhet\u0151s\u00e9get \u00e9s a kop\u00e1s\u00e1ll\u00f3s\u00e1got \u2013 ide\u00e1lis megold\u00e1s Olaszorsz\u00e1g \u00e9p\u00edt\u0151ipar\u00e1ban, aut\u00f3ipar\u00e1ban \u00e9s energetikai szektor\u00e1ban. Ac\u00e9lunk ellen\u00e1ll a pugliai olajpr\u00e9s mechanikai ig\u00e9nybev\u00e9tel\u00e9nek \u00e9s Liguria korroz\u00edv tengeri leveg\u0151j\u00e9nek.<\/p>\n<\/div>\n<p>[\/et_pb_text][\/et_pb_column][et_pb_column _builder_version=&#8221;4.27.4&#8243; _module_preset=&#8221;default&#8221; type=&#8221;1_3&#8243; theme_builder_area=&#8221;post_content&#8221;][et_pb_text _builder_version=&#8221;4.27.4&#8243; _module_preset=&#8221;default&#8221; theme_builder_area=&#8221;post_content&#8221; header_3_font=&#8221;Frank Ruhl Libre||||||||&#8221; hover_enabled=&#8221;0&#8243; sticky_enabled=&#8221;0&#8243;]<\/p>\n<h3>Az olasz ipar megb\u00edzik benne<\/h3>\n<div>\n<p>A szic\u00edliai mez\u0151gazdas\u00e1gt\u00f3l az Emilia-Romagna-i g\u00e9piparig az FMP ac\u00e9l hajtja Olaszorsz\u00e1g kulcsfontoss\u00e1g\u00fa \u00e1gazatait. Nagy szil\u00e1rds\u00e1g\u00fa, alacsony \u00f6tv\u00f6zet\u0171 (HSLA) ac\u00e9ljaink cs\u0151vezet\u00e9keket \u00e9s tengeri szerkezeteket t\u00e1masztanak al\u00e1, m\u00edg a k\u00e9n- \u00e9s \u00f3lomz\u00e1rv\u00e1nyokkal rendelkez\u0151, szabadon megmunk\u00e1lhat\u00f3 ac\u00e9lok jav\u00edtj\u00e1k a szersz\u00e1mok \u00e9lettartam\u00e1t Brescia gy\u00e1rt\u00f3i sz\u00e1m\u00e1ra. T\u00f6bb mint 20 \u00e9ves szak\u00e9rtelemmel \u00e9rdemelt\u00fck ki az olasz szakemberek bizalm\u00e1t a min\u0151s\u00e9g, a precizit\u00e1s \u00e9s az innov\u00e1ci\u00f3 biztos\u00edt\u00e1s\u00e1val.<\/p>\n<\/div>\n<p>[\/et_pb_text][\/et_pb_column][\/et_pb_row][et_pb_row _builder_version=&#8221;4.27.4&#8243; _module_preset=&#8221;default&#8221; theme_builder_area=&#8221;post_content&#8221;][et_pb_column _builder_version=&#8221;4.27.4&#8243; _module_preset=&#8221;default&#8221; type=&#8221;4_4&#8243; theme_builder_area=&#8221;post_content&#8221;][et_pb_image src=&#8221;https:\/\/fmp-components.com\/wp-content\/uploads\/2025\/03\/steel-product-1.webp&#8221; _builder_version=&#8221;4.27.4&#8243; _module_preset=&#8221;default&#8221; theme_builder_area=&#8221;post_content&#8221; alt=&#8221;steel product&#8221; title_text=&#8221;steel-product-1&#8243; hover_enabled=&#8221;0&#8243; sticky_enabled=&#8221;0&#8243; align=&#8221;center&#8221;][\/et_pb_image][\/et_pb_column][\/et_pb_row][et_pb_row _builder_version=&#8221;4.27.4&#8243; _module_preset=&#8221;default&#8221; theme_builder_area=&#8221;post_content&#8221; column_structure=&#8221;1_2,1_2&#8243;][et_pb_column _builder_version=&#8221;4.27.4&#8243; _module_preset=&#8221;default&#8221; type=&#8221;1_2&#8243; theme_builder_area=&#8221;post_content&#8221;][et_pb_text _builder_version=&#8221;4.27.4&#8243; _module_preset=&#8221;default&#8221; theme_builder_area=&#8221;post_content&#8221; header_2_font=&#8221;Frank Ruhl Libre||||||||&#8221; header_2_font_size=&#8221;30px&#8221; header_2_text_align=&#8221;left&#8221; text_font_size=&#8221;16px&#8221; text_line_height=&#8221;1.8em&#8221; hover_enabled=&#8221;0&#8243; sticky_enabled=&#8221;0&#8243;]<\/p>\n<h2 style=\"text-align: left;\">Ac\u00e9lalkalmaz\u00e1sok Olaszorsz\u00e1g-szerte<\/h2>\n<p>Az ac\u00e9l sokoldal\u00fas\u00e1ga ragyog Olaszorsz\u00e1g v\u00e1ltozatos t\u00e1j\u00e1n:<\/p>\n<p>\u00c9p\u00edtkez\u00e9s: K\u00f6zepes sz\u00e9ntartalm\u00fa ac\u00e9llemezekb\u0151l hidakat \u00e9p\u00edtenek Genov\u00e1ban \u00e9s felh\u0151karcol\u00f3kat Mil\u00e1n\u00f3ban.<br \/>Aut\u00f3ipar: Torin\u00f3 gy\u00e1raiban alacsony sz\u00e9ntartalm\u00fa lemezekb\u0151l gy\u00e1rtanak aut\u00f3karossz\u00e9ri\u00e1kat.<br \/>Mez\u0151gazdas\u00e1g: A szersz\u00e1mac\u00e9lokb\u00f3l tart\u00f3s berendez\u00e9seket k\u00e9sz\u00edtenek Umbria sz\u0151l\u0151\u00fcltetv\u00e9nyei sz\u00e1m\u00e1ra.<br \/>Energia: Az \u00f6tv\u00f6z\u00f6tt ac\u00e9lok meger\u0151s\u00edtik a sz\u00e9lturbin\u00e1kat az Adriai-tenger partj\u00e1n.<\/p>\n<p>[\/et_pb_text][\/et_pb_column][et_pb_column _builder_version=&#8221;4.27.4&#8243; _module_preset=&#8221;default&#8221; type=&#8221;1_2&#8243; theme_builder_area=&#8221;post_content&#8221;][et_pb_text _builder_version=&#8221;4.27.4&#8243; _module_preset=&#8221;default&#8221; theme_builder_area=&#8221;post_content&#8221; header_2_font=&#8221;Frank Ruhl Libre||||||||&#8221; header_2_font_size=&#8221;30px&#8221; header_2_text_align=&#8221;left&#8221; text_font_size=&#8221;16px&#8221; text_line_height=&#8221;1.8em&#8221; hover_enabled=&#8221;0&#8243; sticky_enabled=&#8221;0&#8243;]<\/p>\n<h2 style=\"text-align: left;\">Hogyan n\u00f6veli az FMP az ac\u00e9l teljes\u00edtm\u00e9ny\u00e9t?<\/h2>\n<p>Nem csak ac\u00e9lt sz\u00e1ll\u00edtunk \u2013 optimaliz\u00e1ljuk is. H\u0151kezel\u00e9si folyamataink a sz\u00e9n diff\u00fazi\u00f3s sebess\u00e9g\u00e9t szab\u00e1lyozz\u00e1k, finom mikroszerkezeteket hozva l\u00e9tre a szil\u00e1rds\u00e1g \u00e9s a k\u00e9pl\u00e9kenys\u00e9g \u00e9rdek\u00e9ben. Az \u00f6tv\u00f6z\u0151elemek, mint a nikkel \u00e9s a kr\u00f3m, fokozz\u00e1k a korr\u00f3zi\u00f3\u00e1ll\u00f3s\u00e1got, m\u00edg a tit\u00e1nnal vagy ni\u00f3biummal t\u00f6rt\u00e9n\u0151 kiv\u00e1l\u00e1sos edz\u00e9s kis szemcsem\u00e9retet biztos\u00edt a nagyobb sz\u00edv\u00f3ss\u00e1g \u00e9rdek\u00e9ben. 3D tervez\u0151szoftver\u00fcnkkel megval\u00f3s\u00edtjuk elk\u00e9pzel\u00e9seit, amelyet prec\u00edzi\u00f3s gy\u00e1rt\u00e1s \u00e9s sz\u00e1ll\u00edt\u00e1s k\u00f6vet.<\/p>\n<p>[\/et_pb_text][\/et_pb_column][\/et_pb_row][\/et_pb_section][et_pb_section fb_built=&#8221;1&#8243; theme_builder_area=&#8221;post_content&#8221; _builder_version=&#8221;4.27.4&#8243; _module_preset=&#8221;default&#8221; alt=&#8221;Steel Product&#8221; title_text=&#8221;steel-product-2&#8243; background_image=&#8221;https:\/\/fmp-components.com\/wp-content\/uploads\/2025\/03\/steel-product-2.webp&#8221; use_background_color_gradient=&#8221;on&#8221; background_color_gradient_stops=&#8221;rgba(0,0,0,0.28) 0%|rgba(0,0,0,0.68) 100%&#8221; background_color_gradient_overlays_image=&#8221;on&#8221; hover_enabled=&#8221;0&#8243; sticky_enabled=&#8221;0&#8243; min_height=&#8221;754px&#8221;][et_pb_row _builder_version=&#8221;4.27.4&#8243; _module_preset=&#8221;default&#8221; theme_builder_area=&#8221;post_content&#8221; custom_margin=&#8221;100px||||false|false&#8221; hover_enabled=&#8221;0&#8243; sticky_enabled=&#8221;0&#8243;][et_pb_column _builder_version=&#8221;4.27.4&#8243; _module_preset=&#8221;default&#8221; type=&#8221;4_4&#8243; theme_builder_area=&#8221;post_content&#8221;][et_pb_text _builder_version=&#8221;4.27.4&#8243; _module_preset=&#8221;default&#8221; theme_builder_area=&#8221;post_content&#8221; header_2_font=&#8221;Frank Ruhl Libre||||||||&#8221; header_2_text_color=&#8221;#FFFFFF&#8221; header_2_text_align=&#8221;center&#8221; header_2_font_size=&#8221;45px&#8221; header_2_text_shadow_style=&#8221;preset1&#8243; hover_enabled=&#8221;0&#8243; sticky_enabled=&#8221;0&#8243;]<\/p>\n<h2>Szerezze be ac\u00e9lmegold\u00e1s\u00e1t m\u00e9g ma!<\/h2>\n<p>[\/et_pb_text][et_pb_text _builder_version=&#8221;4.27.4&#8243; _module_preset=&#8221;default&#8221; theme_builder_area=&#8221;post_content&#8221; text_text_color=&#8221;#FFFFFF&#8221; text_font_size=&#8221;16px&#8221; text_line_height=&#8221;1.8em&#8221; text_orientation=&#8221;center&#8221; hover_enabled=&#8221;0&#8243; sticky_enabled=&#8221;0&#8243;]<\/p>\n<p>A t\u00f6k\u00e9letes ac\u00e9lt keresi a k\u00f6vetkez\u0151 projektj\u00e9hez? Fedezze fel az FMP sz\u00e9les v\u00e1laszt\u00e9k\u00e1t, vagy vegye fel vel\u00fcnk a kapcsolatot egyedi megrendel\u00e9s\u00e9rt a k\u00f6vetkez\u0151 c\u00edmen: <a href=\"mailto:info@fmpcomponents.it\">info@fmpcomponents.it<\/a>Ha nem tal\u00e1lja, amit keres, val\u00f3sz\u00edn\u0171leg gy\u00e1rt\u00e1s alatt \u00e1ll \u2013 csak k\u00e9rdezzen! A fenntarthat\u00f3 z\u00f6ld ac\u00e9lt\u00f3l a nagy teljes\u00edtm\u00e9ny\u0171 \u00f6tv\u00f6zetekig az FMP a legjobb ac\u00e9lmegold\u00e1sokkal l\u00e1tja el Olaszorsz\u00e1g ipar\u00e1gait. \u00c9p\u00edts\u00fcnk egy\u00fctt valami rendk\u00edv\u00fclit!<\/p>\n<p>[\/et_pb_sz\u00f6veg][\/et_pb_oszlop][\/et_pb_sor][\/et_pb_szakasz]<\/p>","protected":false},"excerpt":{"rendered":"<p>SteelSteel Solutions by FMP: Powering Italy\u2019s Industries with Quality and PrecisionWhen it comes to steel, FMP Company stands as a trusted leader in Italy, delivering a vast range of high-quality steel products to meet the needs of industries, artisans, and innovators across the peninsula. Steel\u2014an alloy of iron and carbon with up to 2% carbon [&hellip;]<\/p>","protected":false},"author":2,"featured_media":0,"parent":0,"menu_order":0,"comment_status":"closed","ping_status":"closed","template":"","meta":{"_et_pb_use_builder":"on","_et_pb_old_content":"","_et_gb_content_width":"","footnotes":""},"class_list":["post-6269","page","type-page","status-publish","hentry"],"_links":{"self":[{"href":"https:\/\/fmp-components.com\/hu\/wp-json\/wp\/v2\/pages\/6269","targetHints":{"allow":["GET"]}}],"collection":[{"href":"https:\/\/fmp-components.com\/hu\/wp-json\/wp\/v2\/pages"}],"about":[{"href":"https:\/\/fmp-components.com\/hu\/wp-json\/wp\/v2\/types\/page"}],"author":[{"embeddable":true,"href":"https:\/\/fmp-components.com\/hu\/wp-json\/wp\/v2\/users\/2"}],"replies":[{"embeddable":true,"href":"https:\/\/fmp-components.com\/hu\/wp-json\/wp\/v2\/comments?post=6269"}],"version-history":[{"count":4,"href":"https:\/\/fmp-components.com\/hu\/wp-json\/wp\/v2\/pages\/6269\/revisions"}],"predecessor-version":[{"id":6306,"href":"https:\/\/fmp-components.com\/hu\/wp-json\/wp\/v2\/pages\/6269\/revisions\/6306"}],"wp:attachment":[{"href":"https:\/\/fmp-components.com\/hu\/wp-json\/wp\/v2\/media?parent=6269"}],"curies":[{"name":"munkaf\u00fczet","href":"https:\/\/api.w.org\/{rel}","templated":true}]}}