{"id":286,"date":"2024-12-09T03:50:21","date_gmt":"2024-12-09T03:50:21","guid":{"rendered":"https:\/\/fmp-components.com\/?page_id=8"},"modified":"2025-03-27T05:37:54","modified_gmt":"2025-03-27T05:37:54","slug":"forklift-hydraulic-cylinders-2","status":"publish","type":"page","link":"https:\/\/fmp-components.com\/hu\/forklift-hydraulic-cylinders-2\/","title":{"rendered":"Targonca hidraulikus hengerek"},"content":{"rendered":"<p>[et_pb_section fb_built=&#8221;1&#8243; _builder_version=&#8221;4.27.4&#8243; _module_preset=&#8221;default&#8221; use_background_color_gradient=&#8221;on&#8221; background_color_gradient_stops=&#8221;rgba(0,0,0,0.14) 0%|rgba(0,0,0,0.16) 100%&#8221; background_color_gradient_overlays_image=&#8221;on&#8221; background_image=&#8221;https:\/\/fmp-components.com\/wp-content\/uploads\/2025\/03\/Forklift-Hydraulic-Cylinders.webp&#8221; custom_padding=&#8221;||157px|||&#8221; global_colors_info=&#8221;{}&#8221;][et_pb_row _builder_version=&#8221;4.27.4&#8243; _module_preset=&#8221;default&#8221; global_colors_info=&#8221;{}&#8221;][et_pb_column type=&#8221;4_4&#8243; _builder_version=&#8221;4.27.4&#8243; _module_preset=&#8221;default&#8221; global_colors_info=&#8221;{}&#8221;][et_pb_text _builder_version=&#8221;4.27.4&#8243; _module_preset=&#8221;default&#8221; header_font=&#8221;Frank Ruhl Libre||||||||&#8221; header_text_color=&#8221;#FFFFFF&#8221; header_font_size=&#8221;70px&#8221; header_text_shadow_style=&#8221;preset1&#8243; global_colors_info=&#8221;{}&#8221;]<\/p>\n<h1 style=\"text-align: center;\">Targonca hidraulikus hengerek<\/h1>\n<p>[\/et_pb_text][\/et_pb_column][\/et_pb_row][et_pb_row _builder_version=&#8221;4.27.4&#8243; _module_preset=&#8221;default&#8221; global_colors_info=&#8221;{}&#8221;][et_pb_column type=&#8221;4_4&#8243; _builder_version=&#8221;4.27.4&#8243; _module_preset=&#8221;default&#8221; global_colors_info=&#8221;{}&#8221;][et_pb_text _builder_version=&#8221;4.27.4&#8243; _module_preset=&#8221;default&#8221; text_text_color=&#8221;#FFFFFF&#8221; text_font_size=&#8221;16px&#8221; text_line_height=&#8221;1.8em&#8221; text_orientation=&#8221;center&#8221; text_text_shadow_style=&#8221;preset1&#8243; global_colors_info=&#8221;{}&#8221;]<\/p>\n<p>Az FMP Company-n\u00e1l targonca hidraulikus hengerek sz\u00e9les v\u00e1laszt\u00e9k\u00e1nak gy\u00e1rt\u00e1s\u00e1ra specializ\u00e1l\u00f3dtunk, amelyek kritikus fontoss\u00e1g\u00fa alkatr\u00e9szek, \u00e9s biztos\u00edtj\u00e1k a neh\u00e9z terhek hat\u00e9kony emel\u00e9s\u00e9hez \u00e9s s\u00fcllyeszt\u00e9s\u00e9hez sz\u00fcks\u00e9ges teljes\u00edtm\u00e9nyt \u00e9s pontoss\u00e1got. Sz\u00e9les v\u00e1laszt\u00e9kunkban v\u00e1ltozatos t\u00edpusok \u00e9s specifik\u00e1ci\u00f3k tal\u00e1lhat\u00f3k, amelyek megfelelnek a k\u00fcl\u00f6nb\u00f6z\u0151 targonca modelleknek \u00e9s ipar\u00e1gi ig\u00e9nyeknek. Testreszab\u00e1si szolg\u00e1ltat\u00e1sokat is k\u00edn\u00e1lunk, hogy minden \u00fcgyf\u00e9l szem\u00e9lyre szabott megold\u00e1st kapjon. Ha nem tal\u00e1lja a sz\u00fcks\u00e9ges modellt a term\u00e9klist\u00e1nkban, az egyszer\u0171en azt jelenti, hogy m\u00e9g nem volt lehet\u0151s\u00e9g\u00fcnk list\u00e1zni. K\u00e9rj\u00fck, k\u00fcldj\u00f6n nek\u00fcnk e-mailt ig\u00e9nyeivel, \u00e9s k\u00e9pzett m\u00e9rn\u00f6keink 24 \u00f3r\u00e1n bel\u00fcl v\u00e1laszolnak, hogy seg\u00edtsenek megtal\u00e1lni vagy elk\u00e9sz\u00edteni a targonc\u00e1j\u00e1hoz t\u00f6k\u00e9letes hidraulikus hengert.<\/p>\n<p>[\/et_pb_text][\/et_pb_column][\/et_pb_row][\/et_pb_section][et_pb_section fb_built=&#8221;1&#8243; _builder_version=&#8221;4.27.4&#8243; _module_preset=&#8221;default&#8221; global_colors_info=&#8221;{}&#8221;][et_pb_row _builder_version=&#8221;4.27.4&#8243; _module_preset=&#8221;default&#8221; global_colors_info=&#8221;{}&#8221;][et_pb_column type=&#8221;4_4&#8243; _builder_version=&#8221;4.27.4&#8243; _module_preset=&#8221;default&#8221; global_colors_info=&#8221;{}&#8221;][et_pb_shop type=&#8221;product_category&#8221; include_categories=&#8221;20&#8243; columns_number=&#8221;3&#8243; _builder_version=&#8221;4.27.4&#8243; _module_preset=&#8221;default&#8221; global_colors_info=&#8221;{}&#8221;][\/et_pb_shop][\/et_pb_column][\/et_pb_row][et_pb_row _builder_version=&#8221;4.27.4&#8243; _module_preset=&#8221;default&#8221; column_structure=&#8221;1_2,1_2&#8243;][et_pb_column _builder_version=&#8221;4.27.4&#8243; _module_preset=&#8221;default&#8221; type=&#8221;1_2&#8243;][et_pb_image src=&#8221;https:\/\/fmp-components.com\/wp-content\/uploads\/2025\/03\/Forklift-Hydraulic-Cylinders-3.webp&#8221; _builder_version=&#8221;4.27.4&#8243; _module_preset=&#8221;default&#8221; alt=&#8221;Forklift-Hydraulic-Cylinders&#8221; title_text=&#8221;Forklift-Hydraulic-Cylinders-3&#8243; hover_enabled=&#8221;0&#8243; sticky_enabled=&#8221;0&#8243;][\/et_pb_image][\/et_pb_column][et_pb_column _builder_version=&#8221;4.27.4&#8243; _module_preset=&#8221;default&#8221; type=&#8221;1_2&#8243;][et_pb_text _builder_version=&#8221;4.27.4&#8243; _module_preset=&#8221;default&#8221; header_2_font=&#8221;Frank Ruhl Libre||||||||&#8221; header_2_font_size=&#8221;30px&#8221; header_3_font=&#8221;Frank Ruhl Libre||||||||&#8221; hover_enabled=&#8221;0&#8243; sticky_enabled=&#8221;0&#8243;]<\/p>\n<h2>Hidraulikus hengerek \u00e1tfog\u00f3 v\u00e1laszt\u00e9ka<\/h2>\n<p>Targonca hidraulikus munkahengerek sz\u00e9les v\u00e1laszt\u00e9k\u00e1t k\u00edn\u00e1ljuk, amelyeket k\u00fcl\u00f6nf\u00e9le alkalmaz\u00e1sokhoz tervezt\u00fcnk. Term\u00e9kpalett\u00e1nk a k\u00f6vetkez\u0151ket tartalmazza:<\/p>\n<p><strong>Egyszeres m\u0171k\u00f6d\u00e9s\u0171 hengerek:<\/strong> Ide\u00e1lis egyszer\u0171 emel\u00e9si feladatokhoz.<br \/><strong>Kett\u0151s m\u0171k\u00f6d\u00e9s\u0171 hengerek:<\/strong> T\u00f6k\u00e9letes olyan alkalmaz\u00e1sokhoz, amelyek mindk\u00e9t ir\u00e1nyban er\u0151t ig\u00e9nyelnek.<br \/><strong>Teleszk\u00f3pos hengerek:<\/strong> Kiv\u00e1l\u00f3 nagy el\u00e9rhet\u0151s\u00e9g\u0171 \u00e9s kompakt t\u00e1rol\u00e1shoz.<br \/><strong>Tandem hengerek:<\/strong> Fokozott teljes\u00edtm\u00e9nyre \u00e9s stabilit\u00e1sra tervezve ig\u00e9nyes m\u0171veletekhez.<br \/>Sz\u00e9les m\u00e9ret- \u00e9s formav\u00e1laszt\u00e9kban kaphat\u00f3 munkahengereinket \u00fagy tervezt\u00fck, hogy a legk\u00fcl\u00f6nf\u00e9l\u00e9bb berendez\u00e9si ig\u00e9nyeknek is megfeleljenek \u2013 legyen sz\u00f3 emel\u00e9sr\u0151l, billent\u00e9sr\u0151l vagy oldalir\u00e1ny\u00fa eltol\u00e1sra. B\u00e1rmilyen alkalmaz\u00e1sr\u00f3l is legyen sz\u00f3, az FMP-n\u00e9l megtal\u00e1lja a t\u00f6k\u00e9letes megold\u00e1st.<\/p>\n<p>[\/et_pb_text][\/et_pb_column][\/et_pb_row][et_pb_row _builder_version=&#8221;4.27.4&#8243; _module_preset=&#8221;default&#8221;][et_pb_column _builder_version=&#8221;4.27.4&#8243; _module_preset=&#8221;default&#8221; type=&#8221;4_4&#8243;][et_pb_text _builder_version=&#8221;4.27.4&#8243; _module_preset=&#8221;default&#8221; hover_enabled=&#8221;0&#8243; sticky_enabled=&#8221;0&#8243; header_3_font=&#8221;Frank Ruhl Libre||||||||&#8221; header_3_font_size=&#8221;25px&#8221; text_font_size=&#8221;15px&#8221;]<\/p>\n<h3>Gyors sz\u00e1ll\u00edt\u00e1s \u00e9s sz\u00e9les k\u00e9szlet<\/h3>\n<p>A le\u00e1ll\u00e1s p\u00e9nzbe ker\u00fcl, \u00e9s az FMP-n\u00e9l elk\u00f6telezettek vagyunk a z\u00f6kken\u0151mentes m\u0171k\u00f6d\u00e9s biztos\u00edt\u00e1sa mellett. Nagy mennyis\u00e9g\u0171 hidraulikus hengerrel, valamint alkatr\u00e9szekkel \u00e9s tartoz\u00e9kokkal rendelkez\u00fcnk, \u00edgy biztos\u00edtva a gyors sz\u00e1ll\u00edt\u00e1st, hogy kiel\u00e9g\u00edts\u00fck s\u00fcrg\u0151s ig\u00e9nyeit. Ha az FMP-t v\u00e1lasztja, minden alkalommal gyors \u00e9s megb\u00edzhat\u00f3 szolg\u00e1ltat\u00e1sra sz\u00e1m\u00edthat.<\/p>\n<p>[\/et_pb_text][\/et_pb_column][\/et_pb_row][\/et_pb_section][et_pb_section fb_built=&#8221;1&#8243; theme_builder_area=&#8221;post_content&#8221; _builder_version=&#8221;4.27.4&#8243; _module_preset=&#8221;default&#8221; alt=&#8221;Forklift-Hydraulic-Cylinders&#8221; title_text=&#8221;Forklift-Hydraulic-Cylinders-1&#8243; background_image=&#8221;https:\/\/fmp-components.com\/wp-content\/uploads\/2025\/03\/Forklift-Hydraulic-Cylinders-1.webp&#8221; hover_enabled=&#8221;0&#8243; sticky_enabled=&#8221;0&#8243; min_height=&#8221;320px&#8221;][et_pb_row _builder_version=&#8221;4.27.4&#8243; _module_preset=&#8221;default&#8221; theme_builder_area=&#8221;post_content&#8221; background_color=&#8221;rgba(0,0,0,0.28)&#8221; hover_enabled=&#8221;0&#8243; sticky_enabled=&#8221;0&#8243;][et_pb_column _builder_version=&#8221;4.27.4&#8243; _module_preset=&#8221;default&#8221; type=&#8221;4_4&#8243; theme_builder_area=&#8221;post_content&#8221;][et_pb_text _builder_version=&#8221;4.27.4&#8243; _module_preset=&#8221;default&#8221; theme_builder_area=&#8221;post_content&#8221; text_font_size=&#8221;16px&#8221; text_line_height=&#8221;2em&#8221; text_text_color=&#8221;#FFFFFF&#8221; hover_enabled=&#8221;0&#8243; sticky_enabled=&#8221;0&#8243; header_3_font=&#8221;Frank Ruhl Libre||||||||&#8221; header_3_text_color=&#8221;#FFFFFF&#8221; custom_margin=&#8221;0px|||30px|false|false&#8221; header_3_font_size=&#8221;30px&#8221;]<\/p>\n<h3 style=\"text-align: center;\">Mi\u00e9rt v\u00e1lassza az FMP-t?<\/h3>\n<p style=\"text-align: left;\"><strong>Olaszorsz\u00e1gban k\u00e9sz\u00fclt:<\/strong>\u00a0 Kiv\u00e1l\u00f3 min\u0151s\u00e9g\u0171 kivitelez\u00e9s olasz gy\u00e1runkb\u00f3l.<br \/>Sokoldal\u00fa lehet\u0151s\u00e9gek: Sz\u00e9les hengerv\u00e1laszt\u00e9k minden alkalmaz\u00e1shoz.<br \/><strong>Szak\u00e9rt\u0151i tan\u00e1cs:\u00a0<\/strong> Szakmai t\u00e1mogat\u00e1s hozz\u00e1\u00e9rt\u0151 csapatunkt\u00f3l.<br \/><strong>Gyors kiszolg\u00e1l\u00e1s:<\/strong>\u00a0 Nagy k\u00e9szlet \u00e9s gyors sz\u00e1ll\u00edt\u00e1s a le\u00e1ll\u00e1si id\u0151 minimaliz\u00e1l\u00e1sa \u00e9rdek\u00e9ben.<br \/><strong>Egyedi illeszked\u00e9s:<\/strong>\u00a0 Egyedi megold\u00e1sok, amelyek az \u00d6n berendez\u00e9seire \u00e9s ipar\u00e1g\u00e1ra vannak szabva.<br \/>Ha olasz szak\u00e9rtelemmel rendelkez\u0151, nagy teljes\u00edtm\u00e9ny\u0171 targonca hidraulikus munkahengereket keres, az FMP az ide\u00e1lis v\u00e1laszt\u00e1s. L\u00e9pjen vel\u00fcnk kapcsolatba m\u00e9g ma, hogy felfedezhesse k\u00edn\u00e1latunkat, \u00e9s megtudja, hogyan tudjuk min\u0151s\u00e9gi term\u00e9kekkel \u00e9s kiv\u00e9teles szolg\u00e1ltat\u00e1ssal t\u00e1mogatni v\u00e1llalkoz\u00e1s\u00e1t!<\/p>\n<p>[\/et_pb_sz\u00f6veg][\/et_pb_oszlop][\/et_pb_sor][\/et_pb_szakasz]<\/p>","protected":false},"excerpt":{"rendered":"<p>Forklift Hydraulic CylindersAt FMP Company, we specialize in producing a wide variety of Forklift Hydraulic Cylinders, critical components that deliver the power and precision required to lift and lower heavy loads efficiently. Our extensive range features diverse types and specifications to suit different forklift models and industry needs. We also offer customization services to meet [&hellip;]<\/p>","protected":false},"author":2,"featured_media":0,"parent":0,"menu_order":0,"comment_status":"closed","ping_status":"closed","template":"","meta":{"_et_pb_use_builder":"on","_et_pb_old_content":"","_et_gb_content_width":"","footnotes":""},"class_list":["post-286","page","type-page","status-publish","hentry"],"_links":{"self":[{"href":"https:\/\/fmp-components.com\/hu\/wp-json\/wp\/v2\/pages\/286","targetHints":{"allow":["GET"]}}],"collection":[{"href":"https:\/\/fmp-components.com\/hu\/wp-json\/wp\/v2\/pages"}],"about":[{"href":"https:\/\/fmp-components.com\/hu\/wp-json\/wp\/v2\/types\/page"}],"author":[{"embeddable":true,"href":"https:\/\/fmp-components.com\/hu\/wp-json\/wp\/v2\/users\/2"}],"replies":[{"embeddable":true,"href":"https:\/\/fmp-components.com\/hu\/wp-json\/wp\/v2\/comments?post=286"}],"version-history":[{"count":10,"href":"https:\/\/fmp-components.com\/hu\/wp-json\/wp\/v2\/pages\/286\/revisions"}],"predecessor-version":[{"id":7508,"href":"https:\/\/fmp-components.com\/hu\/wp-json\/wp\/v2\/pages\/286\/revisions\/7508"}],"wp:attachment":[{"href":"https:\/\/fmp-components.com\/hu\/wp-json\/wp\/v2\/media?parent=286"}],"curies":[{"name":"munkaf\u00fczet","href":"https:\/\/api.w.org\/{rel}","templated":true}]}}