{"id":1268,"date":"2024-12-22T07:25:55","date_gmt":"2024-12-22T07:25:55","guid":{"rendered":"https:\/\/fmp-components.com\/?page_id=8"},"modified":"2025-06-04T08:54:01","modified_gmt":"2025-06-04T08:54:01","slug":"gear-rack","status":"publish","type":"page","link":"https:\/\/fmp-components.com\/hu\/gear-rack\/","title":{"rendered":"Fogasker\u00e9k-\u00e1llv\u00e1ny"},"content":{"rendered":"<p>[et_pb_section fb_built=\u201d1\u2033 _builder_version=\u201d4.27.4\u2033 _module_preset=\u201dalap\u00e9rtelmezett\u201d use_background_color_gradient=\u201dbe\u201d background_color_gradient_stops=\u201drgba(8,40,9,0.07) 0%|rgba(8,40,9,0.3) 100%\u201d background_color_gradient_overlays_image=\u201dbe\u201d background_image=\u201dhttps:\/\/fmp-components.com\/wp-content\/uploads\/2024\/12\/gear-rack-banner.webp\u201d min_height=\u201d538px\u201d global_colors_info=\u201d{}\u201d][et_pb_row _builder_version=\u201d4.27.4\u2033 _module_preset=\u201dalap\u00e9rtelmezett\u201d global_colors_info=\u201d{}\u201d][et_pb_column type=\u201d4_4\u2033 _builder_version=\u201d4.27.4\u2033 _module_preset=\u201dalap\u00e9rtelmezett\u201d global_colors_info=\u201d{}\u201d][et_pb_text _builder_version=\u201d4.27.4\u2033 _module_preset=\u201dalap\u00e9rtelmezett\u201d header_font=\u201dFrank Ruhl Libre|500|||||||\u201d header_text_align=\u201dk\u00f6z\u00e9pre\u201d header_text_color=\u201d#FFFFFF\u201d header_font_size=\u201d60px\u201d global_colors_info=\u201d{}\u201d]<\/p>\n<h1>Fogasker\u00e9k \u00e9s \u00e1llv\u00e1ny<\/h1>\n<p>[\/et_pb_text][\/et_pb_column][\/et_pb_row][et_pb_row _builder_version=\u201d4.27.4\u2033 _module_preset=\u201dalap\u00e9rtelmezett\u201d global_colors_info=\u201d{}\u201d][et_pb_column type=\u201d4_4\u2033 _builder_version=\u201d4.27.4\u2033 _module_preset=\u201dalap\u00e9rtelmezett\u201d global_colors_info=\u201d{}\u201d][et_pb_text _builder_version=\u201d4.27.4\u2033 _module_preset=\u201dalap\u00e9rtelmezett\u201d text_text_color=\u201d#FFFFFF\u201d text_font_size=\u201d16px\u201d text_line_height=\u201d1.8em\u201d text_text_shadow_style=\u201dpreset4\u2033 global_colors_info=\u201d{}\u201d]<\/p>\n<p>A fogaskerekek \u00e9s a fogasl\u00e9cek kulcsfontoss\u00e1g\u00fa alkatr\u00e9szek a mechanikus rendszerekben, amelyek a forg\u00f3 mozg\u00e1st line\u00e1ris mozg\u00e1ss\u00e1 alak\u00edtj\u00e1k. A fogaskerekek fogazott profiljukkal illeszkednek a fogasl\u00e9cekhez, hogy prec\u00edz mozg\u00e1st \u00e9s vez\u00e9rl\u00e9st biztos\u00edtsanak olyan alkalmaz\u00e1sokban, mint a sz\u00e1ll\u00edt\u00f3szalag-rendszerek, az aut\u00f3ipari korm\u00e1nym\u0171vek \u00e9s az ipari g\u00e9pek.<\/p>\n<p>Az FMP-n\u00e9l sz\u00e9les v\u00e1laszt\u00e9kban k\u00edn\u00e1lunk fogaskerekeket \u00e9s \u00e1llv\u00e1nyokat, hogy kiel\u00e9g\u00edts\u00fck a k\u00fcl\u00f6nf\u00e9le alkalmaz\u00e1si ig\u00e9nyeket. Egyedi megrendel\u00e9seket is elfogadunk, hogy az \u00d6n specifik\u00e1ci\u00f3inak megfelel\u0151, testreszabott megold\u00e1sokat ny\u00fajtsunk. Ak\u00e1r szabv\u00e1nyos alkatr\u00e9szekre, ak\u00e1r speci\u00e1lis tervekre van sz\u00fcks\u00e9ge, az FMP elk\u00f6telezett amellett, hogy kiv\u00e1l\u00f3 min\u0151s\u00e9g\u0171 fogasker\u00e9k- \u00e9s \u00e1llv\u00e1nymegold\u00e1sokat sz\u00e1ll\u00edtson projektjeihez.<\/p>\n<p>[\/et_pb_text][\/et_pb_column][\/et_pb_row][\/et_pb_section][et_pb_section fb_built=\u201d1\u2033 _builder_version=\u201d4.27.4\u2033 _module_preset=\u201dalap\u00e9rtelmezett\u201d global_colors_info=\u201d{}\u201d][et_pb_row _builder_version=\u201d4.27.4\u2033 _module_preset=\u201dalap\u00e9rtelmezett\u201d global_colors_info=\u201d{}\u201d][et_pb_column type=\u201d4_4\u2033 _builder_version=\u201d4.27.4\u2033 _module_preset=\u201dalap\u00e9rtelmezett\u201d global_colors_info=\u201d{}\u201d][et_pb_text _builder_version=\u201d4.27.4\u2033 _module_preset=\u201dalap\u00e9rtelmezett\u201d header_2_font=\u201dFrank Ruhl Libre|500|||||||\u201d header_2_text_align=\u201dk\u00f6z\u00e9pre\u201d header_2_font_size=\u201d40px\u201d global_colors_info=\u201d{}\u201d]<\/p>\n<h2>Felszerel\u00e9s<\/h2>\n<p>[\/et_pb_text][\/et_pb_column][\/et_pb_row][et_pb_row column_structure=\u201d1_4,1_4,1_4,1_4\u2033 _builder_version=\u201d4.27.4\u2033 _module_preset=\u201dalap\u00e9rtelmezett\u201d global_colors_info=\u201d{}\u201d][et_pb_column type=\u201d1_4\u2033 _builder_version=\u201d4.27.4\u2033 _module_preset=\u201dalap\u00e9rtelmezett\u201d global_colors_info=\u201d{}\u201d][et_pb_blurb title=\u201dK\u00fapker\u00e9k\u201d image=\u201dhttps:\/\/fmp-components.com\/wp-content\/uploads\/2024\/12\/Bevel-Gear.webp\u201d alt=\u201dK\u00fapker\u00e9k\u201d _builder_version=\u201d4.27.4\u2033 _module_preset=\u201dalap\u00e9rtelmezett\u201d header_text_align=\u201dk\u00f6z\u00e9pre igaz\u00edtva\u201d hover_enabled=\u201d0\u2033 global_colors_info=\u201d{}\u201d url_new_window=\u201dbe\u201d link_option_url_new_window=\u201dbe\u201d link_option_url=\u201d@ET-DC@eyJkeW5hbWljIjp0cnVlLCJjb250ZW50IjoicG9zdF9saW5rX3VybF9wYWdlIiwic2V0dGluZ3MiOnsicG9zdF9pZCI6IjQzMjQifX0=@\u201d _dynamic_attributes=\u201dlink_option_url\u201d sticky_enabled=\u201d0\u2033][\/et_pb_blurb][\/et_pb_column][et_pb_column type=\u201d1_4\u2033 _builder_version=\u201d4.27.4\u2033 _module_preset=\u201dalap\u00e9rtelmezett\u201d global_colors_info=\u201d{}\u201d][et_pb_blurb title=\u201dCsigahajt\u00f3m\u0171 \u00e9s csigatengely\u201d image=\u201dhttps:\/\/fmp-components.com\/wp-content\/uploads\/2024\/12\/Worm-Gear-and-Worm-Shaft.webp\u201d alt=\u201dCsigahajt\u00f3m\u0171 \u00e9s csigatengely\u201d _builder_version=\u201d4.27.4\u2033 _module_preset=\u201ddefault\u201d header_text_align=\u201dcenter\u201d hover_enabled=\u201d0\u2033 global_colors_info=\u201d{}\u201d link_option_url_new_window=\u201don\u201d link_option_url=\u201d@ET-DC@eyJkeW5hbWljIjp0cnVlLCJjb250ZW50IjoicG9zdF9saW5rX3VybF9wYWdlIiwic2V0dGluZ3MiOnsicG9zdF9pZCI6IjQ1MzQifX0=@\u201d _dynamic_attributes=\u201dlink_option_url\u201d sticky_enabled=\u201d0\u2033][\/et_pb_blurb][\/et_pb_column][et_pb_column type=\u201d1_4\u2033 _builder_version=\u201d4.27.4\u2033 _module_preset=\u201dalap\u00e9rtelmezett\u201d global_colors_info=\u201d{}\u201d][et_pb_blurb title=\u201dCsavarkerekes fogasker\u00e9k\u201d k\u00e9p=\u201dhttps:\/\/fmp-components.com\/wp-content\/uploads\/2024\/12\/Helical-Gear.webp\u201d alt=\u201d<br \/>\n\u201eCsavarkerekes fogasker\u00e9k\u201d _builder_version=\u201d4.27.4\u2033 _module_preset=\u201dalap\u00e9rtelmezett\u201d header_text_align=\u201dcenter\u201d hover_enabled=\u201d0\u2033 global_colors_info=\u201d{}\u201d url_new_window=\u201dbe\u201d link_option_url_new_window=\u201dbe\u201d link_option_url=\u201d@ET-DC@eyJkeW5hbWljIjp0cnVlLCJjb250ZW50IjoicG9zdF9saW5rX3VybF9wYWdlIiwic2V0dGluZ3MiOnsicG9zdF9pZCI6IjQ1NjkifX0=\u201d@\u201d _dynamic_attributes=\u201dlink_option_url\u201d sticky_enabled=\u201d0\u2033][\/et_pb_blurb][\/et_pb_column][et_pb_column type=\u201d1_4\u2033 _builder_version=\u201d4.27.4\u2033 _module_preset=\u201dalap\u00e9rtelmezett\u201d global_colors_info=\u201d{}\u201d][et_pb_blurb title=\u201dHomokker\u00e9k\u201d image=\u201dhttps:\/\/fmp-components.com\/wp-content\/uploads\/2024\/12\/Spur-Gear.webp\u201d alt=\u201dHomokker\u00e9k\u201d _builder_version=\u201d4.27.4\u2033 _module_preset=\u201dalap\u00e9rtelmezett\u201d header_text_align=\u201dcenter\u201d hover_enabled=\u201d0\u2033 global_colors_info=\u201d{}\u201d url_new_window=\u201dbe\u201d link_option_url_new_window=\u201dbe\u201d link_option_url=\u201d@ET-DC@eyJkeW5hbWljIjp0cnVlLCJjb250ZW50IjoicG9zdF9saW5rX3VybF9wYWdlIiwic2V0dGluZ3MiOnsicG9zdF9pZCI6IjQ2MDAifX0=@\u201d _dynamic_attributes=\u201dlink_option_url\u201d sticky_enabled=\u201d0\u2033][\/et_pb_blurb][\/et_pb_column][\/et_pb_row][et_pb_row column_structure=\u201d1_4,1_4,1_4,1_4\u2033 _builder_version=\u201d4.27.4\u2033 _module_preset=\u201dalap\u00e9rtelmezett\u201d global_colors_info=\u201d{}\u201d][et_pb_column type=\u201d1_4\u2033 _builder_version=\u201d4.27.4\u2033 _module_preset=\u201dalap\u00e9rtelmezett\u201d global_colors_info=\u201d{}\u201d][et_pb_blurb title=\u201dBolyg\u00f3s hajt\u00f3m\u0171 (epiciklikus hajt\u00f3m\u0171)\u201d image=\u201dhttps:\/\/fmp-components.com\/wp-content\/uploads\/2024\/12\/Planetary-Gear-Epicyclic-Gear.webp\u201d alt=\u201dBolyg\u00f3s hajt\u00f3m\u0171 (epiciklikus hajt\u00f3m\u0171)\u201d _builder_version=\u201d4.27.4\u2033 _module_preset=\u201dalap\u00e9rtelmezett\u201d header_text_align=\u201dcenter\u201d hover_enabled=\u201d0\u2033 global_colors_info=\u201d{}\u201d url_new_window=\u201dbe\u201d link_option_url_new_window=\u201dbe\u201d link_option_url=\u201d@ET-DC@eyJkeW5hbWljIjp0cnVlLCJjb250ZW50IjoicG9zdF9saW5rX3VybF9wYWdlIiwic2V0dGluZ3MiOnsicG9zdF9pZCI6IjQ2MTkifX0=@\u201d _dynamic_attributes=\u201dlink_option_url\u201d sticky_enabled=\u201d0\u2033][\/et_pb_blurb][\/et_pb_column][et_pb_column type=\u201d1_4\u2033 _builder_version=\u201d4.27.4\u2033 _module_preset=\u201dalap\u00e9rtelmezett\u201d global_colors_info=\u201d{}\u201d][et_pb_blurb title=\u201dBels\u0151 fogasker\u00e9k (gy\u0171r\u0171s fogasker\u00e9k)\u201d image=\u201dhttps:\/\/fmp-components.com\/wp-content\/uploads\/2024\/12\/Internal-Gear-Ring-Gear.webp\u201d alt=\u201dBels\u0151 fogasker\u00e9k (gy\u0171r\u0171s fogasker\u00e9k)\u201d _builder_version=\u201d4.27.4\u2033 _module_preset=\u201dalap\u00e9rtelmezett\u201d header_text_align=\u201dcenter\u201d hover_enabled=\u201d0\u2033 global_colors_info=\u201d{}\u201d link_option_url_new_window=\u201dbe\u201d link_option_url=\u201d@ET-DC@eyJkeW5hbWljIjp0cnVlLCJjb250ZW50IjoicG9zdF9saW5rX3VybF9wYWdlIiwic2V0dGluZ3MiOnsicG9zdF9pZCI6IjQ2MjkifX0=@\u201d _dynamic_attributes=\u201dlink_option_url\u201d sticky_enabled=\u201d0\u2033][\/et_pb_blurb][\/et_pb_column][et_pb_column type=\u201d1_4\u2033 _builder_version=\u201d4.27.4\u2033 _module_preset=\u201dalap\u00e9rtelmezett\u201d global_colors_info=\u201d{}\u201d][et_pb_blurb title=\u201dM\u0171anyag fogasker\u00e9k\u201d image=\u201dhttps:\/\/fmp-components.com\/wp-content\/uploads\/2024\/12\/Plastic-Gear.webp\u201d alt=\u201dM\u0171anyag fogasker\u00e9k\u201d _builder_version=\u201d4.27.4\u2033 _module_preset=\u201dalap\u00e9rtelmezett\u201d header_text_align=\u201dcenter\u201d hover_enabled=\u201d0\u2033 global_colors_info=\u201d{}\u201d url_new_window=\u201dbe\u201d link_option_url_new_window=\u201dbe\u201d link_option_url=\u201d@ET-DC@eyJkeW5hbWljIjp0cnVlLCJjb250ZW50IjoicG9zdF9saW5rX3VybF9wYWdlIiwic2V0dGluZ3MiOnsicG9zdF9pZCI6IjQ2NTMifX0=@\u201d _dynamic_attributes=\u201dlink_option_url\u201d sticky_enabled=\u201d0\u2033][\/et_pb_blurb][\/et_pb_column][et_pb_column type=\u201d1_4\u2033 _builder_version=\u201d4.27.4\u2033 _module_preset=\u201dalap\u00e9rtelmezett\u201d global_colors_info=\u201d{}\u201d][et_pb_blurb title=\u201dG\u00e9rv\u00e1g\u00f3 fogasker\u00e9k\u201d image=\u201dhttps:\/\/fmp-components.com\/wp-content\/uploads\/2024\/12\/Miter-Gear.webp\u201d alt=\u201dG\u00e9rv\u00e1g\u00f3 fogasker\u00e9k\u201d _builder_version=\u201d4.27.4\u2033 _module_preset=\u201dalap\u00e9rtelmezett\u201d header_text_align=\u201dcenter\u201d hover_enabled=\u201d0\u2033 global_colors_info=\u201d{}\u201d url_new_window=\u201dbe\u201d link_option_url_new_window=\u201dbe\u201d link_option_url=\u201d@ET-DC@eyJkeW5hbWljIjp0cnVlLCJjb250ZW50IjoicG9zdF9saW5rX3VybF9wYWdlIiwic2V0dGluZ3MiOnsicG9zdF9pZCI6IjQ2OTQifX0=@\u201d _dynamic_attributes=\u201dlink_option_url\u201d sticky_enabled=\u201d0\u2033][\/et_pb_blurb][\/et_pb_column][\/et_pb_row][et_pb_row column_structure=\u201d1_4,1_4,1_4,1_4,1_4\u2033 _builder_version=\u201d4.27.4\u2033 _module_preset=\u201dalap\u00e9rtelmezett\u201d global_colors_info=\u201d{}\u201d][et_pb_column type=\u201d1_4\u2033 _builder_version=\u201d4.27.4\u2033 _module_preset=\u201dalap\u00e9rtelmezett\u201d global_colors_info=\u201d{}\u201d][et_pb_blurb title=\u201dCsavaros hajt\u00f3m\u0171\u201d image=\u201dhttps:\/\/fmp-components.com\/wp-content\/uploads\/2024\/12\/Screw-Gear.webp\u201d alt=\u201dCsavaros hajt\u00f3m\u0171\u201d _builder_version=\u201d4.27.4\u2033 _module_preset=\u201dalap\u00e9rtelmezett\u201d header_text_align=\u201dcenter\u201d hover_enabled=\u201d0\u2033 global_colors_info=\u201d{}\u201d url_new_window=\u201dbe\u201d link_option_url_new_window=\u201dbe\u201d link_option_url=\u201d@ET-DC@eyJkeW5hbWljIjp0cnVlLCJjb250ZW50IjoicG9zdF9saW5rX3VybF9wYWdlIiwic2V0dGluZ3MiOnsicG9zdF9pZCI6IjQ3MjgifX0=\u201d@\u201d _dynamic_attributes=\u201dlink_option_url\u201d sticky_enabled=\u201d0\u2033][\/et_pb_blurb][\/et_pb_column][et_pb_column type=\u201d1_4\u2033 _builder_version=\u201d4.27.4\u2033 _module_preset=\u201dalap\u00e9rtelmezett\u201d global_colors_info=\u201d{}\u201d][et_pb_blurb title=\u201dElektromos aut\u00f3 sebess\u00e9gv\u00e1lt\u00f3k\u201d image=\u201dhttps:\/\/fmp-components.com\/wp-content\/uploads\/2024\/12\/Electric-Car-Gears.webp\u201d alt=\u201dElektromos aut\u00f3 sebess\u00e9gv\u00e1lt\u00f3k\u201d _builder_version=\u201d4.27.4\u2033 _module_preset=\u201ddefault\u201d header_text_align=\u201dcenter\u201d hover_enabled=\u201d0\u2033 global_colors_info=\u201d{}\u201d url_new_window=\u201don\u201d link_option_url_new_window=\u201don\u201d link_option_url=\u201d@ET-DC@eyJkeW5hbWljIjp0cnVlLCJjb250ZW50IjoicG9zdF9saW5rX3VybF9wYWdlIiwic2V0dGluZ3MiOnsicG9zdF9pZCI6IjQ3NDUifX0=@\u201d _dynamic_attributes=\u201dlink_option_url\u201d sticky_enabled=\u201d0\u2033][\/et_pb_blurb][\/et_pb_column][et_pb_column type=\u201d1_4\u2033 _builder_version=\u201d4.27.4\u2033 _module_preset=\u201dalap\u00e9rtelmezett\u201d global_colors_info=\u201d{}\u201d][\/et_pb_column][et_pb_column type=\u201d1_4\u2033 _builder_version=\u201d4.27.4\u2033 _module_preset=\u201dalap\u00e9rtelmezett\u201d global_colors_info=\u201d{}\u201d][\/et_pb_column][\/et_pb_row][et_pb_row _builder_version=\u201d4.27.4\u2033 _module_preset=\u201dalap\u00e9rtelmezett\u201d global_colors_info=\u201d{}\u201d][et_pb_column type=\u201d4_4\u2033 _builder_version=\u201d4.27.4\u2033 _module_preset=\u201dalap\u00e9rtelmezett\u201d global_colors_info=\u201d{}\u201d][et_pb_text _builder_version=\u201d4.27.4\u2033 _module_preset=\u201dalap\u00e9rtelmezett\u201d header_2_font=\u201dFrank Ruhl Libre|500|||||||\u201d header_2_text_align=\u201dk\u00f6z\u00e9pre\u201d header_2_font_size=\u201d40px\u201d global_colors_info=\u201d{}\u201d]<\/p>\n<h2>Fogasker\u00e9k-\u00e1llv\u00e1ny<\/h2>\n<p>[\/et_pb_text][\/et_pb_column][\/et_pb_row][et_pb_row column_structure=\u201d1_4,1_4,1_4,1_4\u2033 _builder_version=\u201d4.27.4\u2033 _module_preset=\u201dalap\u00e9rtelmezett\u201d global_colors_info=\u201d{}\u201d][et_pb_column type=\u201d1_4\u2033 _builder_version=\u201d4.27.4\u2033 _module_preset=\u201dalap\u00e9rtelmezett\u201d global_colors_info=\u201d{}\u201d][et_pb_blurb title=\u201dEgyenes fogasl\u00e9cek\u201d image=\u201dhttps:\/\/fmp-components.com\/wp-content\/uploads\/2024\/12\/Straight-Gear-Racks.webp\u201d alt=\u201dEgyenes fogasl\u00e9cek\u201d _builder_version=\u201d4.27.4\u2033 _module_preset=\u201dalap\u00e9rtelmezett\u201d header_text_align=\u201dk\u00f6z\u00e9pre\u201d hover_enabled=\u201d0\u2033 global_colors_info=\u201d{}\u201d url_new_window=\u201dbe\u201d link_option_url_new_window=\u201dbe\u201d link_option_url=\u201d@ET-DC@eyJkeW5hbWljIjp0cnVlLCJjb250ZW50IjoicG9zdF9saW5rX3VybF9wcm9kdWN0Iiwic2V0dGluZ3MiOnsicG9zdF9pZCI6Ijc5NzgifX0=\u201d@\u201d _dynamic_attributes=\u201dlink_option_url\u201d sticky_enabled=\u201d0\u2033][\/et_pb_blurb][\/et_pb_column][et_pb_column type=\u201d1_4\u2033 _builder_version=\u201d4.27.4\u2033 _module_preset=\u201dalap\u00e9rtelmezett\u201d global_colors_info=\u201d{}\u201d][et_pb_blurb title=\u201dCsavarkerekes fogasl\u00e9cek\u201d image=\u201dhttps:\/\/fmp-components.com\/wp-content\/uploads\/2024\/12\/Helical-Gear-Racks.webp\u201d alt=\u201dCsavarkerekes fogasl\u00e9cek\u201d _builder_version=\u201d4.27.4\u2033 _module_preset=\u201dalap\u00e9rtelmezett\u201d header_text_align=\u201dcenter\u201d hover_enabled=\u201d0\u2033 global_colors_info=\u201d{}\u201d url_new_window=\u201dbe\u201d link_option_url_new_window=\u201dbe\u201d link_option_url=\u201d@ET-DC@eyJkeW5hbWljIjp0cnVlLCJjb250ZW50IjoicG9zdF9saW5rX3VybF9wcm9kdWN0Iiwic2V0dGluZ3MiOnsicG9zdF9pZCI6IjQ3NjkifX0=@\u201d _dynamic_attributes=\u201dlink_option_url\u201d sticky_enabled=\u201d0\u2033][\/et_pb_blurb][\/et_pb_column][et_pb_column type=\u201d1_4\u2033 _builder_version=\u201d4.27.4\u2033 _module_preset=\u201dalap\u00e9rtelmezett\u201d global_colors_info=\u201d{}\u201d][et_pb_blurb title=\u201dKerek fogasl\u00e9cek\u201d image=\u201dhttps:\/\/fmp-components.com\/wp-content\/uploads\/2024\/12\/Round-Gear-Racks.webp\u201d alt=\u201dKerek fogasl\u00e9cek\u201d _builder_version=\u201d4.27.4\u2033 _module_preset=\u201dalap\u00e9rtelmezett\u201d header_text_align=\u201dcenter\u201d hover_enabled=\u201d0\u2033 global_colors_info=\u201d{}\u201d url_new_window=\u201dbe\u201d link_option_url_new_window=\u201dbe\u201d link_option_url=\u201d@ET-DC@eyJkeW5hbWljIjp0cnVlLCJjb250ZW50IjoicG9zdF9saW5rX3VybF9wcm9kdWN0Iiwic2V0dGluZ3MiOnsicG9zdF9pZCI6IjQ3NzMifX0=@\u201d _dynamic_attributes=\u201dlink_option_url\u201d sticky_enabled=\u201d0\u2033][\/et_pb_blurb][\/et_pb_column][et_pb_column type=\u201d1_4\u2033 _builder_version=\u201d4.27.4\u2033 _module_preset=\u201dalap\u00e9rtelmezett\u201d global_colors_info=\u201d{}\u201d][et_pb_blurb title=\u201d\u00cdvelt fogaskerekek\u201d image=\u201dhttps:\/\/fmp-components.com\/wp-content\/uploads\/2024\/12\/Curved-Gear-Racks.webp\u201d alt=\u201d\u00cdvelt fogaskerekek\u201d _builder_version=\u201d4.27.4\u2033 _module_preset=\u201dalap\u00e9rtelmezett\u201d header_text_align=\u201dcenter\u201d hover_enabled=\u201d0\u2033 global_colors_info=\u201d{}\u201d url_new_window=\u201dbe\u201d link_option_url_new_window=\u201dbe\u201d link_option_url=\u201d@ET-DC@eyJkeW5hbWljIjp0cnVlLCJjb250ZW50IjoicG9zdF9saW5rX3VybF9wcm9kdWN0Iiwic2V0dGluZ3MiOnsicG9zdF9pZCI6IjQ3NzcifX0=@\u201d _dynamic_attributes=\u201dlink_option_url\u201d sticky_enabled=\u201d0\u2033][\/et_pb_blurb][\/et_pb_column][\/et_pb_row][et_pb_row column_structure=\u201d1_4,1_4,1_4,1_4\u2033 _builder_version=\u201d4.27.4\u2033 _module_preset=\u201dalap\u00e9rtelmezett\u201d global_colors_info=\u201d{}\u201d][et_pb_column type=\u201d1_4\u2033 _builder_version=\u201d4.27.4\u2033 _module_preset=\u201ddefault\u201d global_colors_info=\u201d{}\u201d][et_pb_blurb title=\u201dM\u0171anyag fogasl\u00e9cek\u201d image=\u201dhttps:\/\/fmp-components.com\/wp-content\/uploads\/2024\/12\/Plastic-Gear-Racks.webp\u201d alt=\u201dM\u0171anyag fogasl\u00e9cek\u201d _builder_version=\u201d4.27.4\u2033 _module_preset=\u201ddefault\u201d header_text_align=\u201dcenter\u201d hover_enabled=\u201d0\u2033 global_colors_info=\u201d{}\u201d url_new_window=\u201don\u201d link_option_url_new_window=\u201don\u201d link_option_url=\u201d@ET-DC@eyJkeW5hbWljIjp0cnVlLCJjb250ZW50IjoicG9zdF9saW5rX3VybF9wcm9kdWN0Iiwic2V0dGluZ3MiOnsicG9zdF9pZCI6IjgwMDUifX0=@\u201d _dynamic_attributes=\u201dlink_option_url\u201d sticky_enabled=\u201d0\u2033][\/et_pb_blurb][\/et_pb_column][et_pb_column type=\u201d1_4\u2033 _builder_version=\u201d4.27.4\u2033 _module_preset=\u201ddefault\u201d global_colors_info=\u201d{}\u201d][et_pb_blurb title=\u201dFog\u00e1llv\u00e1nyok tol\u00f3kapuhoz\u201d image=\u201dhttps:\/\/fmp-components.com\/wp-content\/uploads\/2024\/12\/Gear-Racks-for-Construction.webp\u201d alt=\u201dFog\u00e1llv\u00e1nyok tol\u00f3kapuhoz\u201d _builder_version=\u201d4.27.4\u2033 _module_preset=\u201ddefault\u201d header_text_align=\u201dcenter\u201d hover_enabled=\u201d0\u2033 global_colors_info=\u201d{}\u201d url_new_window=\u201don\u201d link_option_url_new_window=\u201don\u201d link_option_url=\u201d@ET-DC@eyJkeW5hbWljIjp0cnVlLCJjb250ZW50IjoicG9zdF9saW5rX3VybF9wYWdlIiwic2V0dGluZ3MiOnsicG9zdF9pZCI6IjQ4NDYifX0=@\u201d _dynamic_attributes=\u201dlink_option_url\u201d sticky_enabled=\u201d0\u2033][\/et_pb_blurb][\/et_pb_column][et_pb_column type=\u201d1_4\u2033 _builder_version=\u201d4.27.4\u2033 _module_preset=\u201ddefault\u201d global_colors_info=\u201d{}\u201d][et_pb_blurb title=\u201d\u00c9p\u00edt\u0151ipari fogaskerekek\u201d url=\u201dhttps:\/\/fmp-components.com\/en\/gear-rack-for-construction-machinery\u201d image=\u201dhttps:\/\/fmp-components.com\/wp-content\/uploads\/2025\/01\/Gear-Rack-for-Construction-Lifting-Elevator-2.webp\u201d alt=\u201d\u00c9p\u00edt\u0151ipari emel\u0151lifthez val\u00f3 fogaskerekek\u201d _builder_version=\u201d4.27.4\u2033 _module_preset=\u201ddefault\u201d header_text_align=\u201dcenter\u201d global_colors_info=\u201d{}\u201d][\/et_pb_blurb][\/et_pb_column][et_pb_column type=\u201d1_4\u2033 _builder_version=\u201d4.27.4\u2033 _module_preset=\u201dalap\u00e9rtelmezett\u201d global_colors_info=\u201d{}\u201d][\/et_pb_column][\/et_pb_row][\/et_pb_section]<\/p>","protected":false},"excerpt":{"rendered":"<p>Fogaskerekek \u00e9s fogasl\u00e9cekA fogaskerekek \u00e9s fogasl\u00e9cek kulcsfontoss\u00e1g\u00fa alkatr\u00e9szek a mechanikus rendszerekben, amelyek a forg\u00f3mozg\u00e1st line\u00e1ris mozg\u00e1ss\u00e1 alak\u00edtj\u00e1k. A fogaskerekek fogazott profiljukkal illeszkednek a fogasl\u00e9cekhez, hogy prec\u00edz mozg\u00e1st \u00e9s vez\u00e9rl\u00e9st biztos\u00edtsanak olyan alkalmaz\u00e1sokban, mint a sz\u00e1ll\u00edt\u00f3szalag-rendszerek, az aut\u00f3ipari korm\u00e1nym\u0171vek \u00e9s az ipari g\u00e9pek. Az FMP-n\u00e9l fogaskerekek \u00e9s fogasl\u00e9cek sz\u00e9les v\u00e1laszt\u00e9k\u00e1t k\u00edn\u00e1ljuk [\u2026]<\/p>","protected":false},"author":2,"featured_media":0,"parent":0,"menu_order":0,"comment_status":"closed","ping_status":"closed","template":"","meta":{"_et_pb_use_builder":"on","_et_pb_old_content":"","_et_gb_content_width":"","footnotes":""},"class_list":["post-1268","page","type-page","status-publish","hentry"],"_links":{"self":[{"href":"https:\/\/fmp-components.com\/hu\/wp-json\/wp\/v2\/pages\/1268","targetHints":{"allow":["GET"]}}],"collection":[{"href":"https:\/\/fmp-components.com\/hu\/wp-json\/wp\/v2\/pages"}],"about":[{"href":"https:\/\/fmp-components.com\/hu\/wp-json\/wp\/v2\/types\/page"}],"author":[{"embeddable":true,"href":"https:\/\/fmp-components.com\/hu\/wp-json\/wp\/v2\/users\/2"}],"replies":[{"embeddable":true,"href":"https:\/\/fmp-components.com\/hu\/wp-json\/wp\/v2\/comments?post=1268"}],"version-history":[{"count":23,"href":"https:\/\/fmp-components.com\/hu\/wp-json\/wp\/v2\/pages\/1268\/revisions"}],"predecessor-version":[{"id":8154,"href":"https:\/\/fmp-components.com\/hu\/wp-json\/wp\/v2\/pages\/1268\/revisions\/8154"}],"wp:attachment":[{"href":"https:\/\/fmp-components.com\/hu\/wp-json\/wp\/v2\/media?parent=1268"}],"curies":[{"name":"munkaf\u00fczet","href":"https:\/\/api.w.org\/{rel}","templated":true}]}}