{"id":963,"date":"2024-12-19T03:40:23","date_gmt":"2024-12-19T03:40:23","guid":{"rendered":"https:\/\/fmp-components.com\/product\/10043-premium-quality-double-effect-hydraulic-ram-cylinder-for-sale\/"},"modified":"2024-12-19T08:41:19","modified_gmt":"2024-12-19T08:41:19","slug":"10043-premium-quality-double-effect-hydraulic-ram-cylinder-for-sale","status":"publish","type":"product","link":"https:\/\/fmp-components.com\/fr\/product\/10043-premium-quality-double-effect-hydraulic-ram-cylinder-for-sale\/","title":{"rendered":"V\u00e9rin hydraulique \u00e0 double effet de qualit\u00e9 sup\u00e9rieure 10043 \u00e0 vendre"},"content":{"rendered":"<p>Le v\u00e9rin hydraulique \u00e0 double effet 10043 de qualit\u00e9 sup\u00e9rieure est con\u00e7u pour des applications hautes performances, offrant une puissance et une polyvalence exceptionnelles dans divers environnements industriels et agricoles. Id\u00e9al pour les t\u00e2ches n\u00e9cessitant \u00e0 la fois extension et r\u00e9traction, il est parfait pour soulever, pousser et tirer des charges lourdes.<\/p>\n<h4>Caract\u00e9ristiques principales :<\/h4>\n<ul>\n<li><strong>Conception \u00e0 double effet<\/strong>:Permet un fonctionnement efficace dans les phases d&#039;extension et de r\u00e9traction, maximisant ainsi la productivit\u00e9.<\/li>\n<li><strong>Construction robuste<\/strong>:Construit avec des mat\u00e9riaux de haute qualit\u00e9 pour r\u00e9sister \u00e0 une utilisation intensive et \u00e0 l&#039;usure.<\/li>\n<li><strong>Capacit\u00e9 de charge \u00e9lev\u00e9e<\/strong>:Con\u00e7u pour g\u00e9rer facilement des charges importantes, garantissant des performances fiables dans des environnements exigeants.<\/li>\n<li><strong>R\u00e9sistance \u00e0 la corrosion<\/strong>:Trait\u00e9 avec des rev\u00eatements protecteurs pour \u00e9viter la rouille et la corrosion, augmentant ainsi la long\u00e9vit\u00e9.<\/li>\n<li><strong>Installation facile<\/strong>:Con\u00e7u pour un montage et une int\u00e9gration simples dans les syst\u00e8mes existants.<\/li>\n<\/ul>\n<p><img decoding=\"async\" class=\"aligncenter\" src=\"https:\/\/hzpt.com\/wp-content\/uploads\/2023\/12\/random-4.webp\" alt=\"\" title=\"\"><\/p>\n<h4>Avantages:<\/h4>\n<ul>\n<li><strong>Efficacit\u00e9 am\u00e9lior\u00e9e<\/strong>:Augmente l&#039;efficacit\u00e9 op\u00e9rationnelle en offrant un mouvement puissant et fluide dans les deux sens.<\/li>\n<li><strong>Solution rentable<\/strong>:La conception durable minimise les besoins de maintenance, garantissant une fiabilit\u00e9 \u00e0 long terme.<\/li>\n<li><strong>Applications polyvalentes<\/strong>:Convient \u00e0 diverses utilisations dans la construction, l&#039;agriculture et la fabrication.<\/li>\n<\/ul>\n<p>Le v\u00e9rin hydraulique double effet 10043 de qualit\u00e9 sup\u00e9rieure est un choix fiable pour ceux qui recherchent des solutions hydrauliques performantes et durables. Id\u00e9al pour am\u00e9liorer les capacit\u00e9s de votre \u00e9quipement, il constitue un atout essentiel \u00e0 toute bo\u00eete \u00e0 outils.<\/p>\n<p>&nbsp;<\/p>\n<p>&nbsp;<\/p>\n<p><img decoding=\"async\" class=\"aligncenter\" src=\"https:\/\/hzpt.com\/wp-content\/uploads\/2023\/12\/random-3.webp\" alt=\"\" title=\"\"><\/p>\n<h2>Avantages du cylindre de type T soud\u00e9<\/h2>\n<ul>\n<li style=\"list-style-type: none;\">\n<ul>\n<li><strong>Force accrue :<\/strong> Les v\u00e9rins en T soud\u00e9s sont r\u00e9put\u00e9s pour leur grande r\u00e9sistance, ce qui les rend adapt\u00e9s aux applications n\u00e9cessitant des levages lourds. Le proc\u00e9d\u00e9 de soudage utilis\u00e9 lors de leur fabrication garantit l&#039;absence de points faibles et une r\u00e9sistance \u00e9lev\u00e9e aux pressions et aux contraintes.<\/li>\n<\/ul>\n<\/li>\n<\/ul>\n<p>La pression exerc\u00e9e sur le cylindre se r\u00e9partit uniform\u00e9ment sur toute sa surface, ce qui le rend r\u00e9sistant \u00e0 la d\u00e9formation. Cette caract\u00e9ristique garantit que le cylindre conserve sa forme et son int\u00e9grit\u00e9 structurelle m\u00eame dans des conditions extr\u00eames.<\/p>\n<ul>\n<li style=\"list-style-type: none;\">\n<ul>\n<li><strong>Pr\u00e9vention des fuites :<\/strong> Les v\u00e9rins \u00e0 t\u00e9 soud\u00e9 sont con\u00e7us pour \u00e9viter les fuites. Le proc\u00e9d\u00e9 de soudage utilis\u00e9 lors de la fabrication garantit une \u00e9tanch\u00e9it\u00e9 parfaite et une \u00e9tanch\u00e9it\u00e9 parfaite. Cette caract\u00e9ristique les rend adapt\u00e9s aux applications o\u00f9 une fuite pourrait entra\u00eener des dommages graves ou des blessures.<\/li>\n<\/ul>\n<\/li>\n<\/ul>\n<p>Les joints soud\u00e9s sont lisses, sans crevasses ni rainures o\u00f9 des d\u00e9bris ou de la salet\u00e9 peuvent s&#039;accumuler, r\u00e9duisant ainsi le risque de corrosion et d&#039;endommagement du cylindre.<\/p>\n<ul>\n<li style=\"list-style-type: none;\">\n<ul>\n<li><strong>Personnalisable :<\/strong> Les v\u00e9rins en T soud\u00e9s peuvent \u00eatre personnalis\u00e9s pour r\u00e9pondre \u00e0 des applications sp\u00e9cifiques. Disponibles en diff\u00e9rentes tailles et formes, ils peuvent \u00eatre fabriqu\u00e9s pour r\u00e9pondre aux exigences sp\u00e9cifiques de chaque application.<\/li>\n<\/ul>\n<\/li>\n<\/ul>\n<p>Le processus de personnalisation permet d&#039;optimiser les performances du v\u00e9rin, garantissant ainsi son ad\u00e9quation \u00e0 l&#039;application pr\u00e9vue. Cette caract\u00e9ristique rend les v\u00e9rins \u00e0 t\u00e9 soud\u00e9 id\u00e9aux pour diverses applications industrielles, notamment la construction, l&#039;exploitation mini\u00e8re et la manutention.<\/p>\n<ul>\n<li style=\"list-style-type: none;\">\n<ul>\n<li><strong>Rentable :<\/strong> Les v\u00e9rins \u00e0 t\u00e9 soud\u00e9 sont plus \u00e9conomiques que les autres types de v\u00e9rins. Leur proc\u00e9d\u00e9 de fabrication est simple, ce qui les rend moins co\u00fbteux.<\/li>\n<\/ul>\n<\/li>\n<\/ul>\n<p>De plus, la r\u00e9sistance et la durabilit\u00e9 \u00e9lev\u00e9es des v\u00e9rins en T soud\u00e9s r\u00e9duisent les r\u00e9parations et remplacements fr\u00e9quents, r\u00e9duisant ainsi les co\u00fbts de maintenance. Cette caract\u00e9ristique en fait un choix populaire pour de nombreuses industries, notamment celles disposant d&#039;un budget limit\u00e9.<\/p>\n<ul>\n<li style=\"list-style-type: none;\">\n<ul>\n<li><strong>Efficacit\u00e9 accrue :<\/strong> Les v\u00e9rins \u00e0 t\u00e9 soud\u00e9 sont tr\u00e8s performants. Leur conception garantit que la force appliqu\u00e9e est transmise directement \u00e0 la charge, r\u00e9duisant ainsi les pertes d&#039;\u00e9nergie et augmentant l&#039;efficacit\u00e9.<\/li>\n<\/ul>\n<\/li>\n<\/ul>\n<p>Les joints soud\u00e9s sont robustes et rigides, minimisant la d\u00e9flexion et garantissant la stabilit\u00e9 structurelle du v\u00e9rin, m\u00eame dans des conditions extr\u00eames. Cette caract\u00e9ristique rend les v\u00e9rins \u00e0 t\u00e9 soud\u00e9 id\u00e9aux pour les applications exigeant une efficacit\u00e9 et une fiabilit\u00e9 \u00e9lev\u00e9es.<\/p>\n<h2>Application du cylindre de type T soud\u00e9<\/h2>\n<ul>\n<li>\n<h3>Machines et \u00e9quipements industriels<\/h3>\n<p>Le v\u00e9rin \u00e0 t\u00e9 soud\u00e9 est largement utilis\u00e9 dans les machines et \u00e9quipements industriels, notamment dans les syst\u00e8mes hydrauliques. Il est compos\u00e9 d&#039;un piston et d&#039;un tube soud\u00e9s pour former une seule unit\u00e9. Cette conception offre plusieurs avantages par rapport aux autres types de v\u00e9rins, tels qu&#039;une durabilit\u00e9 accrue, une r\u00e9sistance accrue et une plus grande pr\u00e9cision.<\/p>\n<p>L&#039;une des applications les plus importantes du v\u00e9rin \u00e0 t\u00e9 soud\u00e9 dans les machines industrielles est sa capacit\u00e9 \u00e0 fournir une force constante et pr\u00e9cise. Ceci est essentiel pour de nombreux processus de fabrication, o\u00f9 un contr\u00f4le pr\u00e9cis est n\u00e9cessaire pour garantir la qualit\u00e9 du produit final. Le v\u00e9rin \u00e0 t\u00e9 soud\u00e9 peut \u00e9galement \u00eatre utilis\u00e9 pour r\u00e9guler le d\u00e9bit des fluides dans les syst\u00e8mes hydrauliques, offrant ainsi une efficacit\u00e9 et une fiabilit\u00e9 accrues dans diverses applications industrielles.<\/li>\n<li>\n<h3>\u00c9quipement agricole<\/h3>\n<p>Le v\u00e9rin en T soud\u00e9 est \u00e9galement couramment utilis\u00e9 dans les \u00e9quipements agricoles, tels que les tracteurs et les moissonneuses-batteuses. Ces machines n\u00e9cessitent des syst\u00e8mes hydrauliques puissants et fiables pour fonctionner efficacement, et le v\u00e9rin en T soud\u00e9 est le choix id\u00e9al \u00e0 cet effet.<\/p>\n<p>La construction robuste et la haute r\u00e9sistance du v\u00e9rin lui conf\u00e8rent une grande r\u00e9sistance \u00e0 l&#039;usure, m\u00eame dans des conditions d&#039;utilisation difficiles. Il constitue donc un choix id\u00e9al pour les \u00e9quipements agricoles, o\u00f9 la durabilit\u00e9 est un crit\u00e8re essentiel. Le v\u00e9rin \u00e0 t\u00e9 soud\u00e9 peut \u00e9galement \u00eatre utilis\u00e9 pour assurer le contr\u00f4le pr\u00e9cis requis pour de nombreux processus agricoles, tels que la plantation, la r\u00e9colte et l&#039;irrigation.<\/li>\n<li>\n<h3>\u00c9quipement de construction<\/h3>\n<p>Le v\u00e9rin \u00e0 t\u00e9 soud\u00e9 est \u00e9galement largement utilis\u00e9 dans les engins de chantier, tels que les excavatrices, les r\u00e9trocaveuses et les bulldozers. Ces machines n\u00e9cessitent des syst\u00e8mes hydrauliques puissants et fiables pour effectuer des t\u00e2ches exigeantes, comme creuser, soulever et pousser des charges lourdes.<\/p>\n<p>La r\u00e9sistance et la durabilit\u00e9 \u00e9lev\u00e9es du v\u00e9rin \u00e0 t\u00e9 soud\u00e9 en font un choix id\u00e9al pour les engins de chantier. Son contr\u00f4le pr\u00e9cis et sa force constante sont essentiels \u00e0 de nombreux travaux de construction, tels que l&#039;excavation, le nivellement et le pavage. Le v\u00e9rin \u00e0 t\u00e9 soud\u00e9 peut \u00e9galement \u00eatre utilis\u00e9 pour r\u00e9guler le d\u00e9bit des fluides dans les syst\u00e8mes hydrauliques, am\u00e9liorant ainsi l&#039;efficacit\u00e9 et la fiabilit\u00e9 des engins de chantier dans diverses applications.<\/li>\n<\/ul>\n<h3>\u00c0 propos de FMP<\/h3>\n<p>Implant\u00e9 en Italie depuis plus de 30 ans, FMP est un fabricant et fournisseur leader de v\u00e9rins hydrauliques. Sp\u00e9cialis\u00e9s dans la production et la personnalisation de diff\u00e9rents types de v\u00e9rins hydrauliques pour r\u00e9pondre aux besoins sp\u00e9cifiques de nos clients, nous sommes reconnus pour la fiabilit\u00e9 et la performance de nos produits.<\/p>\n<p><img decoding=\"async\" src=\"https:\/\/fmp-components.com\/wp-content\/uploads\/2024\/12\/fmp-factory-4.webp\" alt=\"Usine FMP\" width=\"800\" title=\"\"><\/p>\n<p>Voici cinq avantages cl\u00e9s du choix de FMP pour vos besoins en v\u00e9rins hydrauliques\u00a0:<\/p>\n<ol>\n<li>\u00c9quipement complet : Avec plus de 100 \u00e9quipements de pointe, y compris des machines de soudage automatiques sous protection gazeuse, des al\u00e9seuses de trous profonds, des tours CNC, des rectifieuses cylindriques, des machines de nettoyage automatiques, des machines d&#039;installation automatiques, des bancs d&#039;essai de performance de v\u00e9rins hydrauliques automatiques et des lignes de peinture automatiques, nous garantissons des processus de fabrication efficaces et pr\u00e9cis.<\/li>\n<li>Contr\u00f4le qualit\u00e9 rigoureux\u00a0: Chaque v\u00e9rin hydraulique est soumis \u00e0 un traitement et \u00e0 des inspections rigoureux pour garantir une qualit\u00e9 exceptionnelle. Nous adh\u00e9rons \u00e0 des normes de qualit\u00e9 strictes afin de fournir \u00e0 nos clients des produits fiables et durables.<\/li>\n<li>Services de conception\u00a0: Notre \u00e9quipe de conception exp\u00e9riment\u00e9e est en mesure de g\u00e9rer la conception et le d\u00e9veloppement de produits. Que vous ayez des exigences sp\u00e9cifiques pour de nouveaux produits ou que vous souhaitiez am\u00e9liorer vos produits existants, nous sommes l\u00e0 pour vous accompagner avec des solutions innovantes.<\/li>\n<li>Service de produits complet : de la s\u00e9lection des mati\u00e8res premi\u00e8res \u00e0 la d\u00e9coupe, en passant par le traitement grossier, les tests, le nettoyage, l&#039;assemblage, l&#039;emballage et le transport, nous avons mis en place un processus rationalis\u00e9 pour garantir une production et une livraison efficaces.<\/li>\n<li>Recherche et d\u00e9veloppement\u00a0: Nous suivons de pr\u00e8s les tendances du march\u00e9 et \u00e9tudions en permanence l&#039;\u00e9volution des besoins du secteur. Cela nous permet de d\u00e9velopper de nouveaux mod\u00e8les et technologies pour r\u00e9pondre aux exigences du march\u00e9.<\/li>\n<\/ol>\n<p>Chez FMP, nous sommes fiers de fournir des v\u00e9rins hydrauliques de qualit\u00e9 sup\u00e9rieure et d&#039;offrir un excellent service client. Que vous ayez besoin de produits standards ou de solutions personnalis\u00e9es, nous nous engageons \u00e0 r\u00e9pondre \u00e0 vos besoins en v\u00e9rins hydrauliques avec pr\u00e9cision et fiabilit\u00e9.<\/p>\n<p>Auteur : CX<\/p>","protected":false},"excerpt":{"rendered":"<p>The 10043 Premium Quality Double Effect Hydraulic Ram Cylinder is designed for high-performance applications, providing exceptional power and versatility in various industrial and agricultural settings. This hydraulic ram cylinder is ideal for tasks that require both extension and retraction, making it perfect for lifting, pushing, and pulling heavy loads. Key Features: Double-Acting Design: Allows for [&hellip;]<\/p>","protected":false},"featured_media":1132,"comment_status":"closed","ping_status":"closed","template":"","meta":{"_et_pb_use_builder":"","_et_pb_old_content":"","_et_gb_content_width":""},"product_brand":[],"product_cat":[31],"product_tag":[34,35],"class_list":{"0":"post-963","1":"product","2":"type-product","3":"status-publish","4":"has-post-thumbnail","6":"product_cat-welded-tee-type-cylinder","7":"product_tag-hydraulic-cylinder","8":"product_tag-welded-tee-type-cylinder","10":"first","11":"instock","12":"product-type-simple"},"_links":{"self":[{"href":"https:\/\/fmp-components.com\/fr\/wp-json\/wp\/v2\/product\/963","targetHints":{"allow":["GET"]}}],"collection":[{"href":"https:\/\/fmp-components.com\/fr\/wp-json\/wp\/v2\/product"}],"about":[{"href":"https:\/\/fmp-components.com\/fr\/wp-json\/wp\/v2\/types\/product"}],"replies":[{"embeddable":true,"href":"https:\/\/fmp-components.com\/fr\/wp-json\/wp\/v2\/comments?post=963"}],"wp:featuredmedia":[{"embeddable":true,"href":"https:\/\/fmp-components.com\/fr\/wp-json\/wp\/v2\/media\/1132"}],"wp:attachment":[{"href":"https:\/\/fmp-components.com\/fr\/wp-json\/wp\/v2\/media?parent=963"}],"wp:term":[{"taxonomy":"product_brand","embeddable":true,"href":"https:\/\/fmp-components.com\/fr\/wp-json\/wp\/v2\/product_brand?post=963"},{"taxonomy":"product_cat","embeddable":true,"href":"https:\/\/fmp-components.com\/fr\/wp-json\/wp\/v2\/product_cat?post=963"},{"taxonomy":"product_tag","embeddable":true,"href":"https:\/\/fmp-components.com\/fr\/wp-json\/wp\/v2\/product_tag?post=963"}],"curies":[{"name":"wp","href":"https:\/\/api.w.org\/{rel}","templated":true}]}}