{"id":961,"date":"2024-12-19T03:40:23","date_gmt":"2024-12-19T03:40:23","guid":{"rendered":"https:\/\/fmp-components.com\/product\/10041-chinese-factory-custom-hydraulic-cylinder-double-acting\/"},"modified":"2025-03-18T02:31:33","modified_gmt":"2025-03-18T02:31:33","slug":"10041-italian-factory-custom-hydraulic-cylinder-double-acting","status":"publish","type":"product","link":"https:\/\/fmp-components.com\/fr\/product\/10041-italian-factory-custom-hydraulic-cylinder-double-acting\/","title":{"rendered":"V\u00e9rin hydraulique personnalis\u00e9 d'usine italienne 10041 \u00e0 double effet"},"content":{"rendered":"<p>Le v\u00e9rin hydraulique double effet 10041, fabriqu\u00e9 en Italie, est con\u00e7u pour r\u00e9pondre avec pr\u00e9cision et fiabilit\u00e9 \u00e0 divers besoins industriels. Ce v\u00e9rin de haute qualit\u00e9 est con\u00e7u pour offrir des performances optimales dans de nombreuses applications, notamment la construction, l'agriculture et la fabrication.<\/p>\n<h4>Caract\u00e9ristiques principales :<\/h4>\n<ul>\n<li><strong>M\u00e9canisme \u00e0 double effet<\/strong>Permet un fonctionnement hydraulique efficace en extension comme en r\u00e9traction, am\u00e9liorant ainsi la productivit\u00e9 pour l'ensemble des t\u00e2ches.<\/li>\n<li><strong>Fabrication sur mesure<\/strong>: Propos\u00e9 dans des tailles et des sp\u00e9cifications personnalisables pour r\u00e9pondre aux exigences sp\u00e9cifiques des applications et aux besoins op\u00e9rationnels.<\/li>\n<li><strong>Conception robuste<\/strong>Fabriqu\u00e9 avec des mat\u00e9riaux de haute qualit\u00e9 pour garantir sa durabilit\u00e9 et sa r\u00e9sistance aux charges lourdes et aux environnements difficiles.<\/li>\n<li><strong>Rev\u00eatement r\u00e9sistant \u00e0 la corrosion<\/strong>Trait\u00e9 avec des finitions protectrices pour pr\u00e9venir la rouille et prolonger la dur\u00e9e de vie du cylindre.<\/li>\n<li><strong>Installation facile<\/strong>Con\u00e7u pour une int\u00e9gration simple aux syst\u00e8mes existants, facilitant une installation et un fonctionnement rapides.<\/li>\n<\/ul>\n<p><img decoding=\"async\" class=\"aligncenter\" src=\"https:\/\/hzpt.com\/wp-content\/uploads\/2023\/12\/random-5.webp\" alt=\"\" title=\"\"><\/p>\n<h4>Avantages:<\/h4>\n<ul>\n<li><strong>Efficacit\u00e9 am\u00e9lior\u00e9e<\/strong>Optimise les performances pour diverses applications gr\u00e2ce \u00e0 une action hydraulique puissante et fluide.<\/li>\n<li><strong>Utilisation polyvalente<\/strong>Id\u00e9al pour un large \u00e9ventail de secteurs industriels, ce qui en fait un choix polyvalent pour les syst\u00e8mes hydrauliques.<\/li>\n<li><strong>Rentable<\/strong>: Sa construction durable r\u00e9duit les besoins d'entretien et augmente la valeur globale.<\/li>\n<\/ul>\n<p>Le v\u00e9rin hydraulique double effet 10041, fabriqu\u00e9 en Italie, est une solution fiable pour ceux qui recherchent un v\u00e9rin hydraulique haute performance adapt\u00e9 \u00e0 leurs besoins sp\u00e9cifiques. Gr\u00e2ce \u00e0 sa conception robuste et \u00e0 ses options de personnalisation, il est parfaitement adapt\u00e9 aux environnements exigeants et aux diverses exigences op\u00e9rationnelles.<img decoding=\"async\" src=\"https:\/\/hzpt.com\/wp-content\/uploads\/2023\/12\/random-2.webp\" alt=\"\" title=\"\"><\/p>\n<dl>\n<dt>Question 4 ?<\/dt>\n<dd>R\u00e9ponse 4<\/dd>\n<dt>Question 5 ?<\/dt>\n<dd>R\u00e9ponse 5<\/dd>\n<\/dl>\n<h2>Avantages du cylindre de type T soud\u00e9<\/h2>\n<ul>\n<li style=\"list-style-type: none;\">\n<ul>\n<li><strong>Force accrue :<\/strong> Les v\u00e9rins en T soud\u00e9s sont r\u00e9put\u00e9s pour leur grande r\u00e9sistance, ce qui les rend adapt\u00e9s aux applications n\u00e9cessitant des levages lourds. Le proc\u00e9d\u00e9 de soudage utilis\u00e9 lors de leur fabrication garantit l&#039;absence de points faibles et une r\u00e9sistance \u00e9lev\u00e9e aux pressions et aux contraintes.<\/li>\n<\/ul>\n<\/li>\n<\/ul>\n<p>La pression exerc\u00e9e sur le cylindre se r\u00e9partit uniform\u00e9ment sur toute sa surface, ce qui le rend r\u00e9sistant \u00e0 la d\u00e9formation. Cette caract\u00e9ristique garantit que le cylindre conserve sa forme et son int\u00e9grit\u00e9 structurelle m\u00eame dans des conditions extr\u00eames.<\/p>\n<ul>\n<li style=\"list-style-type: none;\">\n<ul>\n<li><strong>Pr\u00e9vention des fuites :<\/strong> Les v\u00e9rins \u00e0 t\u00e9 soud\u00e9 sont con\u00e7us pour \u00e9viter les fuites. Le proc\u00e9d\u00e9 de soudage utilis\u00e9 lors de la fabrication garantit une \u00e9tanch\u00e9it\u00e9 parfaite et une \u00e9tanch\u00e9it\u00e9 parfaite. Cette caract\u00e9ristique les rend adapt\u00e9s aux applications o\u00f9 une fuite pourrait entra\u00eener des dommages graves ou des blessures.<\/li>\n<\/ul>\n<\/li>\n<\/ul>\n<p>Les joints soud\u00e9s sont lisses, sans crevasses ni rainures o\u00f9 des d\u00e9bris ou de la salet\u00e9 peuvent s&#039;accumuler, r\u00e9duisant ainsi le risque de corrosion et d&#039;endommagement du cylindre.<\/p>\n<ul>\n<li style=\"list-style-type: none;\">\n<ul>\n<li><strong>Personnalisable :<\/strong> Les v\u00e9rins en T soud\u00e9s peuvent \u00eatre personnalis\u00e9s pour r\u00e9pondre \u00e0 des applications sp\u00e9cifiques. Disponibles en diff\u00e9rentes tailles et formes, ils peuvent \u00eatre fabriqu\u00e9s pour r\u00e9pondre aux exigences sp\u00e9cifiques de chaque application.<\/li>\n<\/ul>\n<\/li>\n<\/ul>\n<p>Le processus de personnalisation permet d&#039;optimiser les performances du v\u00e9rin, garantissant ainsi son ad\u00e9quation \u00e0 l&#039;application pr\u00e9vue. Cette caract\u00e9ristique rend les v\u00e9rins \u00e0 t\u00e9 soud\u00e9 id\u00e9aux pour diverses applications industrielles, notamment la construction, l&#039;exploitation mini\u00e8re et la manutention.<\/p>\n<ul>\n<li style=\"list-style-type: none;\">\n<ul>\n<li><strong>Rentable :<\/strong> Les v\u00e9rins \u00e0 t\u00e9 soud\u00e9 sont plus \u00e9conomiques que les autres types de v\u00e9rins. Leur proc\u00e9d\u00e9 de fabrication est simple, ce qui les rend moins co\u00fbteux.<\/li>\n<\/ul>\n<\/li>\n<\/ul>\n<p>De plus, la r\u00e9sistance et la durabilit\u00e9 \u00e9lev\u00e9es des v\u00e9rins en T soud\u00e9s r\u00e9duisent les r\u00e9parations et remplacements fr\u00e9quents, r\u00e9duisant ainsi les co\u00fbts de maintenance. Cette caract\u00e9ristique en fait un choix populaire pour de nombreuses industries, notamment celles disposant d&#039;un budget limit\u00e9.<\/p>\n<ul>\n<li style=\"list-style-type: none;\">\n<ul>\n<li><strong>Efficacit\u00e9 accrue :<\/strong> Les v\u00e9rins \u00e0 t\u00e9 soud\u00e9 sont tr\u00e8s performants. Leur conception garantit que la force appliqu\u00e9e est transmise directement \u00e0 la charge, r\u00e9duisant ainsi les pertes d&#039;\u00e9nergie et augmentant l&#039;efficacit\u00e9.<\/li>\n<\/ul>\n<\/li>\n<\/ul>\n<p>Les joints soud\u00e9s sont robustes et rigides, minimisant la d\u00e9flexion et garantissant la stabilit\u00e9 structurelle du v\u00e9rin, m\u00eame dans des conditions extr\u00eames. Cette caract\u00e9ristique rend les v\u00e9rins \u00e0 t\u00e9 soud\u00e9 id\u00e9aux pour les applications exigeant une efficacit\u00e9 et une fiabilit\u00e9 \u00e9lev\u00e9es.<\/p>\n<h2>Application du cylindre de type T soud\u00e9<\/h2>\n<ul>\n<li>\n<h3>Machines et \u00e9quipements industriels<\/h3>\n<p>Le v\u00e9rin \u00e0 t\u00e9 soud\u00e9 est largement utilis\u00e9 dans les machines et \u00e9quipements industriels, notamment dans les syst\u00e8mes hydrauliques. Il est compos\u00e9 d&#039;un piston et d&#039;un tube soud\u00e9s pour former une seule unit\u00e9. Cette conception offre plusieurs avantages par rapport aux autres types de v\u00e9rins, tels qu&#039;une durabilit\u00e9 accrue, une r\u00e9sistance accrue et une plus grande pr\u00e9cision.<\/p>\n<p>L&#039;une des applications les plus importantes du v\u00e9rin \u00e0 t\u00e9 soud\u00e9 dans les machines industrielles est sa capacit\u00e9 \u00e0 fournir une force constante et pr\u00e9cise. Ceci est essentiel pour de nombreux processus de fabrication, o\u00f9 un contr\u00f4le pr\u00e9cis est n\u00e9cessaire pour garantir la qualit\u00e9 du produit final. Le v\u00e9rin \u00e0 t\u00e9 soud\u00e9 peut \u00e9galement \u00eatre utilis\u00e9 pour r\u00e9guler le d\u00e9bit des fluides dans les syst\u00e8mes hydrauliques, offrant ainsi une efficacit\u00e9 et une fiabilit\u00e9 accrues dans diverses applications industrielles.<\/li>\n<li>\n<h3>\u00c9quipement agricole<\/h3>\n<p>Le v\u00e9rin en T soud\u00e9 est \u00e9galement couramment utilis\u00e9 dans les \u00e9quipements agricoles, tels que les tracteurs et les moissonneuses-batteuses. Ces machines n\u00e9cessitent des syst\u00e8mes hydrauliques puissants et fiables pour fonctionner efficacement, et le v\u00e9rin en T soud\u00e9 est le choix id\u00e9al \u00e0 cet effet.<\/p>\n<p>La construction robuste et la haute r\u00e9sistance du v\u00e9rin lui conf\u00e8rent une grande r\u00e9sistance \u00e0 l&#039;usure, m\u00eame dans des conditions d&#039;utilisation difficiles. Il constitue donc un choix id\u00e9al pour les \u00e9quipements agricoles, o\u00f9 la durabilit\u00e9 est un crit\u00e8re essentiel. Le v\u00e9rin \u00e0 t\u00e9 soud\u00e9 peut \u00e9galement \u00eatre utilis\u00e9 pour assurer le contr\u00f4le pr\u00e9cis requis pour de nombreux processus agricoles, tels que la plantation, la r\u00e9colte et l&#039;irrigation.<\/li>\n<li>\n<h3>\u00c9quipement de construction<\/h3>\n<p>Le v\u00e9rin \u00e0 t\u00e9 soud\u00e9 est \u00e9galement largement utilis\u00e9 dans les engins de chantier, tels que les excavatrices, les r\u00e9trocaveuses et les bulldozers. Ces machines n\u00e9cessitent des syst\u00e8mes hydrauliques puissants et fiables pour effectuer des t\u00e2ches exigeantes, comme creuser, soulever et pousser des charges lourdes.<\/p>\n<p>La r\u00e9sistance et la durabilit\u00e9 \u00e9lev\u00e9es du v\u00e9rin \u00e0 t\u00e9 soud\u00e9 en font un choix id\u00e9al pour les engins de chantier. Son contr\u00f4le pr\u00e9cis et sa force constante sont essentiels \u00e0 de nombreux travaux de construction, tels que l&#039;excavation, le nivellement et le pavage. Le v\u00e9rin \u00e0 t\u00e9 soud\u00e9 peut \u00e9galement \u00eatre utilis\u00e9 pour r\u00e9guler le d\u00e9bit des fluides dans les syst\u00e8mes hydrauliques, am\u00e9liorant ainsi l&#039;efficacit\u00e9 et la fiabilit\u00e9 des engins de chantier dans diverses applications.<\/li>\n<\/ul>\n<h3>\u00c0 propos de FMP<\/h3>\n<p>FMP, forte de plus de 30 ans d'exp\u00e9rience, est un fabricant et fournisseur leader de v\u00e9rins hydrauliques. Notre site industriel, situ\u00e9 en Italie, abrite plus de 100 \u00e9quipements, dont des machines de soudage automatique sous protection gazeuse, des al\u00e9seuses profondes, des tours CNC, des rectifieuses cylindriques, des machines de nettoyage automatiques, des machines d'installation automatiques, des bancs d'essai de performance automatiques pour v\u00e9rins hydrauliques et des lignes de peinture automatis\u00e9es.<\/p>\n<p><img decoding=\"async\" class=\"aligncenter\" src=\"https:\/\/fmp-components.com\/wp-content\/uploads\/2024\/12\/fmp-factory-4.webp\" alt=\"Usine FMP\" width=\"800\" title=\"\"><\/p>\n<p>Nous sommes fiers du traitement et du contr\u00f4le rigoureux de chaque v\u00e9rin hydraulique que nous effectuons afin de garantir une qualit\u00e9 optimale \u00e0 nos clients. Notre gamme de produits comprend\u00a0:<\/p>\n<ol>\n<li><strong>V\u00e9rin hydraulique :<\/strong> Nos v\u00e9rins hydrauliques sont con\u00e7us et fabriqu\u00e9s pour r\u00e9pondre \u00e0 diverses exigences. Ils sont reconnus pour leur fiabilit\u00e9 et leur durabilit\u00e9.<\/li>\n<li><strong>Boucle d'oreille cylindrique :<\/strong> Nos cylindres pour boucles d'oreilles sont sp\u00e9cialement con\u00e7us pour une fixation efficace et s\u00e9curis\u00e9e dans diverses applications. Ils offrent d'excellentes performances et une installation facile.<\/li>\n<li><strong>V\u00e9rin hydraulique t\u00e9lescopique automatique bidirectionnel :<\/strong> Nos v\u00e9rins hydrauliques t\u00e9lescopiques automatiques bidirectionnels sont polyvalents et offrent un fonctionnement fluide et pr\u00e9cis. Ils sont id\u00e9aux pour les applications n\u00e9cessitant des mouvements amples et r\u00e9tractables.<\/li>\n<li><strong>Service de conception :<\/strong> Notre \u00e9quipe de conception exp\u00e9riment\u00e9e est pr\u00eate \u00e0 vous accompagner dans le d\u00e9veloppement de nouveaux produits ou l'am\u00e9lioration des produits existants afin de r\u00e9pondre \u00e0 vos besoins sp\u00e9cifiques.<\/li>\n<li><strong>Service produit :<\/strong> De la mati\u00e8re premi\u00e8re au transport, notre processus rationalis\u00e9 garantit la qualit\u00e9 \u00e0 chaque \u00e9tape : d\u00e9coupe, \u00e9bauche, tests, nettoyage, assemblage, emballage et livraison.<\/li>\n<\/ol>\n<p>De plus, nous proposons des services de d\u00e9veloppement d'\u00e9chantillons pour cr\u00e9er des prototypes adapt\u00e9s \u00e0 vos besoins. Nous modifions continuellement ces \u00e9chantillons afin de garantir leur conformit\u00e9 \u00e0 vos sp\u00e9cifications exactes.<\/p>\n<p>Pour rester en phase avec la demande du march\u00e9, notre \u00e9quipe de recherche et d\u00e9veloppement d\u00e9di\u00e9e \u00e9tudie les nouvelles tendances et con\u00e7oit de nouveaux mod\u00e8les afin de r\u00e9pondre aux besoins \u00e9volutifs de nos clients.<\/p>\n<p>Choisissez FMP pour vos besoins en v\u00e9rins hydrauliques. Nous nous engageons \u00e0 vous fournir des produits exceptionnels et un service client irr\u00e9prochable. Contactez-nous d\u00e8s aujourd'hui pour nous faire part de vos besoins et d\u00e9couvrez les avantages FMP.<\/p>\n<p>Auteur : CX<\/p>","protected":false},"excerpt":{"rendered":"<p>The 10041 Italian Factory Custom Hydraulic Cylinder Double Acting is designed to meet diverse industrial needs with precision and reliability. This high-quality hydraulic cylinder is engineered for optimal performance in a variety of applications, including construction, agriculture, and manufacturing. Key Features: Double Acting Mechanism: Enables efficient hydraulic operation in both extension and retraction, enhancing productivity [&hellip;]<\/p>","protected":false},"featured_media":1133,"comment_status":"closed","ping_status":"closed","template":"","meta":{"_et_pb_use_builder":"","_et_pb_old_content":"","_et_gb_content_width":""},"product_brand":[],"product_cat":[31],"product_tag":[34,35],"class_list":{"0":"post-961","1":"product","2":"type-product","3":"status-publish","4":"has-post-thumbnail","6":"product_cat-welded-tee-type-cylinder","7":"product_tag-hydraulic-cylinder","8":"product_tag-welded-tee-type-cylinder","10":"first","11":"instock","12":"product-type-simple"},"_links":{"self":[{"href":"https:\/\/fmp-components.com\/fr\/wp-json\/wp\/v2\/product\/961","targetHints":{"allow":["GET"]}}],"collection":[{"href":"https:\/\/fmp-components.com\/fr\/wp-json\/wp\/v2\/product"}],"about":[{"href":"https:\/\/fmp-components.com\/fr\/wp-json\/wp\/v2\/types\/product"}],"replies":[{"embeddable":true,"href":"https:\/\/fmp-components.com\/fr\/wp-json\/wp\/v2\/comments?post=961"}],"wp:featuredmedia":[{"embeddable":true,"href":"https:\/\/fmp-components.com\/fr\/wp-json\/wp\/v2\/media\/1133"}],"wp:attachment":[{"href":"https:\/\/fmp-components.com\/fr\/wp-json\/wp\/v2\/media?parent=961"}],"wp:term":[{"taxonomy":"product_brand","embeddable":true,"href":"https:\/\/fmp-components.com\/fr\/wp-json\/wp\/v2\/product_brand?post=961"},{"taxonomy":"product_cat","embeddable":true,"href":"https:\/\/fmp-components.com\/fr\/wp-json\/wp\/v2\/product_cat?post=961"},{"taxonomy":"product_tag","embeddable":true,"href":"https:\/\/fmp-components.com\/fr\/wp-json\/wp\/v2\/product_tag?post=961"}],"curies":[{"name":"wp","href":"https:\/\/api.w.org\/{rel}","templated":true}]}}