{"id":960,"date":"2024-12-19T03:40:23","date_gmt":"2024-12-19T03:40:23","guid":{"rendered":"https:\/\/fmp-components.com\/product\/10040-professional-small-piston-hydraulic-cylinders-for-agriculture\/"},"modified":"2024-12-19T08:39:23","modified_gmt":"2024-12-19T08:39:23","slug":"10040-professional-small-piston-hydraulic-cylinders-for-agriculture","status":"publish","type":"product","link":"https:\/\/fmp-components.com\/fr\/product\/10040-professional-small-piston-hydraulic-cylinders-for-agriculture\/","title":{"rendered":"10040 V\u00e9rins hydrauliques \u00e0 petit piston professionnels pour l'agriculture"},"content":{"rendered":"<p>Les v\u00e9rins hydrauliques \u00e0 petit piston professionnels 10040 sont con\u00e7us pour les applications agricoles et offrent fiabilit\u00e9 et durabilit\u00e9. Ils sont con\u00e7us pour lever, pousser et tirer efficacement des charges lourdes, ce qui les rend id\u00e9aux pour divers \u00e9quipements agricoles, notamment les tracteurs, les moissonneuses-batteuses et autres machines.<\/p>\n<h4>Caract\u00e9ristiques principales :<\/h4>\n<ul>\n<li><strong>Conception compacte<\/strong>La petite taille du piston permet une int\u00e9gration facile dans les espaces restreints tout en conservant des capacit\u00e9s de levage robustes.<\/li>\n<li><strong>Haute efficacit\u00e9<\/strong>Con\u00e7u pour optimiser le flux de fluide hydraulique, assurant un fonctionnement fluide et efficace.<\/li>\n<li><strong>Construction durable<\/strong>Fabriqu\u00e9 \u00e0 partir de mat\u00e9riaux de haute qualit\u00e9 r\u00e9sistants \u00e0 l'usure, assurant une longue dur\u00e9e de vie m\u00eame dans des environnements exigeants.<\/li>\n<li><strong>Applications polyvalentes<\/strong>Adapt\u00e9 \u00e0 une large gamme de t\u00e2ches agricoles, du levage d'outils \u00e0 l'alimentation de syst\u00e8mes hydrauliques.<\/li>\n<li><strong>Installation facile<\/strong>Conception conviviale avec des options de montage simples pour une installation sans tracas.<\/li>\n<\/ul>\n<p><img decoding=\"async\" src=\"https:\/\/hzpt.com\/wp-content\/uploads\/2023\/12\/random-1.webp?v=1694163707\" alt=\"\" title=\"\"><\/p>\n<h4>Avantages:<\/h4>\n<ul>\n<li><strong>Productivit\u00e9 accrue<\/strong>Am\u00e9liorer l'efficacit\u00e9 op\u00e9rationnelle des t\u00e2ches agricoles.<\/li>\n<li><strong>Rentable<\/strong>: R\u00e9duit le besoin d'entretien important gr\u00e2ce \u00e0 sa conception durable.<\/li>\n<li><strong>Caract\u00e9ristiques de s\u00e9curit\u00e9<\/strong>: Int\u00e8gre des m\u00e9canismes de s\u00e9curit\u00e9 pour pr\u00e9venir les surcharges et garantir un fonctionnement s\u00fbr.<\/li>\n<\/ul>\n<p>Ces v\u00e9rins hydrauliques sont un composant essentiel des pratiques agricoles modernes, offrant les performances et la fiabilit\u00e9 n\u00e9cessaires \u00e0 la r\u00e9ussite des op\u00e9rations agricoles.<\/p>\n<h2>Avantages du cylindre de type T soud\u00e9<\/h2>\n<ul>\n<li style=\"list-style-type: none;\">\n<ul>\n<li><strong>Force accrue :<\/strong> Les v\u00e9rins en T soud\u00e9s sont r\u00e9put\u00e9s pour leur grande r\u00e9sistance, ce qui les rend adapt\u00e9s aux applications n\u00e9cessitant des levages lourds. Le proc\u00e9d\u00e9 de soudage utilis\u00e9 lors de leur fabrication garantit l&#039;absence de points faibles et une r\u00e9sistance \u00e9lev\u00e9e aux pressions et aux contraintes.<\/li>\n<\/ul>\n<\/li>\n<\/ul>\n<p>La pression exerc\u00e9e sur le cylindre se r\u00e9partit uniform\u00e9ment sur toute sa surface, ce qui le rend r\u00e9sistant \u00e0 la d\u00e9formation. Cette caract\u00e9ristique garantit que le cylindre conserve sa forme et son int\u00e9grit\u00e9 structurelle m\u00eame dans des conditions extr\u00eames.<\/p>\n<ul>\n<li style=\"list-style-type: none;\">\n<ul>\n<li><strong>Pr\u00e9vention des fuites :<\/strong> Les v\u00e9rins \u00e0 t\u00e9 soud\u00e9 sont con\u00e7us pour \u00e9viter les fuites. Le proc\u00e9d\u00e9 de soudage utilis\u00e9 lors de la fabrication garantit une \u00e9tanch\u00e9it\u00e9 parfaite et une \u00e9tanch\u00e9it\u00e9 parfaite. Cette caract\u00e9ristique les rend adapt\u00e9s aux applications o\u00f9 une fuite pourrait entra\u00eener des dommages graves ou des blessures.<\/li>\n<\/ul>\n<\/li>\n<\/ul>\n<p>Les joints soud\u00e9s sont lisses, sans crevasses ni rainures o\u00f9 des d\u00e9bris ou de la salet\u00e9 peuvent s&#039;accumuler, r\u00e9duisant ainsi le risque de corrosion et d&#039;endommagement du cylindre.<\/p>\n<ul>\n<li style=\"list-style-type: none;\">\n<ul>\n<li><strong>Personnalisable :<\/strong> Les v\u00e9rins en T soud\u00e9s peuvent \u00eatre personnalis\u00e9s pour r\u00e9pondre \u00e0 des applications sp\u00e9cifiques. Disponibles en diff\u00e9rentes tailles et formes, ils peuvent \u00eatre fabriqu\u00e9s pour r\u00e9pondre aux exigences sp\u00e9cifiques de chaque application.<\/li>\n<\/ul>\n<\/li>\n<\/ul>\n<p>Le processus de personnalisation permet d&#039;optimiser les performances du v\u00e9rin, garantissant ainsi son ad\u00e9quation \u00e0 l&#039;application pr\u00e9vue. Cette caract\u00e9ristique rend les v\u00e9rins \u00e0 t\u00e9 soud\u00e9 id\u00e9aux pour diverses applications industrielles, notamment la construction, l&#039;exploitation mini\u00e8re et la manutention.<\/p>\n<ul>\n<li style=\"list-style-type: none;\">\n<ul>\n<li><strong>Rentable :<\/strong> Les v\u00e9rins \u00e0 t\u00e9 soud\u00e9 sont plus \u00e9conomiques que les autres types de v\u00e9rins. Leur proc\u00e9d\u00e9 de fabrication est simple, ce qui les rend moins co\u00fbteux.<\/li>\n<\/ul>\n<\/li>\n<\/ul>\n<p>De plus, la r\u00e9sistance et la durabilit\u00e9 \u00e9lev\u00e9es des v\u00e9rins en T soud\u00e9s r\u00e9duisent les r\u00e9parations et remplacements fr\u00e9quents, r\u00e9duisant ainsi les co\u00fbts de maintenance. Cette caract\u00e9ristique en fait un choix populaire pour de nombreuses industries, notamment celles disposant d&#039;un budget limit\u00e9.<\/p>\n<ul>\n<li style=\"list-style-type: none;\">\n<ul>\n<li><strong>Efficacit\u00e9 accrue :<\/strong> Les v\u00e9rins \u00e0 t\u00e9 soud\u00e9 sont tr\u00e8s performants. Leur conception garantit que la force appliqu\u00e9e est transmise directement \u00e0 la charge, r\u00e9duisant ainsi les pertes d&#039;\u00e9nergie et augmentant l&#039;efficacit\u00e9.<\/li>\n<\/ul>\n<\/li>\n<\/ul>\n<p>Les joints soud\u00e9s sont robustes et rigides, minimisant la d\u00e9flexion et garantissant la stabilit\u00e9 structurelle du v\u00e9rin, m\u00eame dans des conditions extr\u00eames. Cette caract\u00e9ristique rend les v\u00e9rins \u00e0 t\u00e9 soud\u00e9 id\u00e9aux pour les applications exigeant une efficacit\u00e9 et une fiabilit\u00e9 \u00e9lev\u00e9es.<\/p>\n<p><img decoding=\"async\" class=\"aligncenter\" src=\"https:\/\/hzpt.com\/wp-content\/uploads\/2023\/12\/random-4.webp\" alt=\"\" title=\"\"><\/p>\n<h2>Application du cylindre de type T soud\u00e9<\/h2>\n<ol>\n<li>\n<h3>Industrie automobile<\/h3>\n<p>Les v\u00e9rins en T soud\u00e9s sont largement utilis\u00e9s dans l&#039;industrie automobile. Ils \u00e9quipent les porti\u00e8res, les capots et les coffres \u00e9l\u00e9vateurs, les toits de cabriolets et les syst\u00e8mes de direction assist\u00e9e. Ces v\u00e9rins sont particuli\u00e8rement appr\u00e9ci\u00e9s pour leur capacit\u00e9 \u00e0 fournir une force \u00e9lev\u00e9e dans un encombrement r\u00e9duit. Leur conception en T est particuli\u00e8rement adapt\u00e9e aux applications o\u00f9 la force doit \u00eatre transmise dans deux directions diff\u00e9rentes.<\/p>\n<p>De plus, la construction soud\u00e9e de ces cylindres leur permet de fonctionner \u00e0 des temp\u00e9ratures et pressions \u00e9lev\u00e9es sans fuite. Ils conviennent donc parfaitement aux moteurs, aux transmissions et aux syst\u00e8mes de freinage.<\/li>\n<li>\n<h3>Industrie manufacturi\u00e8re<\/h3>\n<p>Les v\u00e9rins \u00e0 t\u00e9 soud\u00e9 sont \u00e9galement utilis\u00e9s dans l&#039;industrie manufacturi\u00e8re. Ils \u00e9quipent les presses hydrauliques, les forges et les machines de d\u00e9coupe de m\u00e9taux. Leur force de sortie \u00e9lev\u00e9e les rend id\u00e9aux pour les applications n\u00e9cessitant une force importante dans un espace restreint.<\/p>\n<p>Le v\u00e9rin en T est \u00e9galement parfaitement adapt\u00e9 aux applications o\u00f9 la force doit \u00eatre transmise dans deux directions diff\u00e9rentes. Par exemple, dans une presse hydraulique, le v\u00e9rin en T peut \u00eatre utilis\u00e9 pour appliquer une force verticalement et horizontalement, permettant ainsi des processus de fabrication plus complexes.<\/li>\n<li>\n<h3>Industrie a\u00e9rospatiale<\/h3>\n<p>Les v\u00e9rins \u00e0 t\u00e9 soud\u00e9 sont utilis\u00e9s dans l&#039;industrie a\u00e9ronautique pour diverses applications. Ils sont utilis\u00e9s dans les trains d&#039;atterrissage, les portes de soute et les syst\u00e8mes de commandes de vol. Leur force de sortie \u00e9lev\u00e9e et leur conception compacte les rendent parfaitement adapt\u00e9s aux espaces restreints des avions.<\/p>\n<p>La construction soud\u00e9e de ces v\u00e9rins les rend \u00e9galement r\u00e9sistants aux pressions et temp\u00e9ratures \u00e9lev\u00e9es en vol. De plus, leur conception en T permet un transfert de force bidirectionnel, ce qui les rend particuli\u00e8rement adapt\u00e9s aux applications o\u00f9 la force doit \u00eatre appliqu\u00e9e selon un angle.<\/li>\n<li>\n<h3>Industrie de la construction<\/h3>\n<p>Les v\u00e9rins \u00e0 t\u00e9 soud\u00e9 sont utilis\u00e9s dans le secteur de la construction pour les applications de levage et de d\u00e9placement de charges lourdes. Ils \u00e9quipent les grues, les excavatrices et les r\u00e9trocaveuses. Leur force de sortie \u00e9lev\u00e9e et leur conception compacte en font la solution id\u00e9ale pour une utilisation dans les espaces restreints des chantiers.<\/p>\n<p>La conception des v\u00e9rins en T permet un transfert de force bidirectionnel, ce qui les rend particuli\u00e8rement adapt\u00e9s aux applications o\u00f9 la force doit \u00eatre appliqu\u00e9e selon un angle. De plus, leur construction soud\u00e9e leur permet de fonctionner \u00e0 des pressions et temp\u00e9ratures \u00e9lev\u00e9es sans fuite, ce qui les rend adapt\u00e9s \u00e0 une utilisation en environnements ext\u00e9rieurs difficiles.<\/li>\n<\/ol>\n<h3>\u00c0 propos de FMP<\/h3>\n<p>FMP est un fabricant et fournisseur de premier plan de v\u00e9rins hydrauliques, fort de plus de 30 ans d'exp\u00e9rience dans le secteur. Notre site industriel est situ\u00e9 en Italie et nous disposons de plus de 100 \u00e9quipements pour garantir des produits de haute qualit\u00e9 et des d\u00e9lais de livraison respect\u00e9s.<\/p>\n<h4>Nos produits et avantages de l'entreprise<\/h4>\n<p>1. Large gamme de v\u00e9rins hydrauliques<\/p>\n<p>Nos v\u00e9rins hydrauliques comprennent des v\u00e9rins \u00e0 boucle d'oreille, des v\u00e9rins t\u00e9lescopiques automatiques bidirectionnels et bien d'autres mod\u00e8les. Chaque v\u00e9rin est soumis \u00e0 un processus de fabrication et de contr\u00f4le rigoureux afin de garantir sa qualit\u00e9.<\/p>\n<p><img decoding=\"async\" src=\"https:\/\/fmp-components.com\/wp-content\/uploads\/2024\/12\/fmp-factory-4.webp\" alt=\"Usine FMP\" width=\"800\" title=\"\"><\/p>\n<p>2. Service de conception<\/p>\n<p>Notre \u00e9quipe de conception poss\u00e8de une vaste exp\u00e9rience dans la conception et le d\u00e9veloppement de produits \u00e0 arbre universel. Nous sommes en mesure de r\u00e9pondre aux besoins de nos clients en mati\u00e8re de nouveaux produits ou d'am\u00e9liorations.<\/p>\n<p>3. Service apr\u00e8s-vente complet<\/p>\n<p>Nous proposons un service complet, depuis les mati\u00e8res premi\u00e8res jusqu'au transport, en passant par la d\u00e9coupe, l'\u00e9bauche, les tests, le nettoyage, l'assemblage et l'emballage. Ainsi, nos clients ont la garantie de recevoir un produit fiable et de qualit\u00e9.<\/p>\n<p>4. Processus d'\u00e9chantillonnage<\/p>\n<p>Nous pouvons d\u00e9velopper des \u00e9chantillons selon vos exigences et les modifier en continu pour r\u00e9pondre \u00e0 vos besoins. Cela vous permet d'\u00e9valuer pleinement le produit avant de l'acheter.<\/p>\n<p>5. Capacit\u00e9 de R&amp;D<\/p>\n<p>Notre entreprise est attach\u00e9e \u00e0 l'am\u00e9lioration continue et \u00e0 l'innovation. Lorsque de nouveaux besoins apparaissent sur le march\u00e9, nous les \u00e9tudions et d\u00e9veloppons de nouveaux mod\u00e8les pour r\u00e9pondre aux exigences de nos clients.<\/p>\n<p>Choisir FMP, c'est collaborer avec un fournisseur fiable et soucieux de la qualit\u00e9. Nous nous engageons \u00e0 fournir \u00e0 nos clients les meilleurs produits et services possibles pour les aider \u00e0 r\u00e9ussir dans leurs activit\u00e9s.<\/p>\n<p>Auteur : CX<\/p>","protected":false},"excerpt":{"rendered":"<p>The 10040 Professional Small Piston Hydraulic Cylinders are engineered for agricultural applications, offering reliable performance and durability. These hydraulic cylinders are designed to efficiently lift, push, and pull heavy loads, making them ideal for various farming equipment, including tractors, harvesters, and other machinery. Key Features: Compact Design: The small piston size allows for easy integration [&hellip;]<\/p>","protected":false},"featured_media":1133,"comment_status":"closed","ping_status":"closed","template":"","meta":{"_et_pb_use_builder":"","_et_pb_old_content":"","_et_gb_content_width":""},"product_brand":[],"product_cat":[31],"product_tag":[34,35],"class_list":{"0":"post-960","1":"product","2":"type-product","3":"status-publish","4":"has-post-thumbnail","6":"product_cat-welded-tee-type-cylinder","7":"product_tag-hydraulic-cylinder","8":"product_tag-welded-tee-type-cylinder","10":"first","11":"instock","12":"product-type-simple"},"_links":{"self":[{"href":"https:\/\/fmp-components.com\/fr\/wp-json\/wp\/v2\/product\/960","targetHints":{"allow":["GET"]}}],"collection":[{"href":"https:\/\/fmp-components.com\/fr\/wp-json\/wp\/v2\/product"}],"about":[{"href":"https:\/\/fmp-components.com\/fr\/wp-json\/wp\/v2\/types\/product"}],"replies":[{"embeddable":true,"href":"https:\/\/fmp-components.com\/fr\/wp-json\/wp\/v2\/comments?post=960"}],"wp:featuredmedia":[{"embeddable":true,"href":"https:\/\/fmp-components.com\/fr\/wp-json\/wp\/v2\/media\/1133"}],"wp:attachment":[{"href":"https:\/\/fmp-components.com\/fr\/wp-json\/wp\/v2\/media?parent=960"}],"wp:term":[{"taxonomy":"product_brand","embeddable":true,"href":"https:\/\/fmp-components.com\/fr\/wp-json\/wp\/v2\/product_brand?post=960"},{"taxonomy":"product_cat","embeddable":true,"href":"https:\/\/fmp-components.com\/fr\/wp-json\/wp\/v2\/product_cat?post=960"},{"taxonomy":"product_tag","embeddable":true,"href":"https:\/\/fmp-components.com\/fr\/wp-json\/wp\/v2\/product_tag?post=960"}],"curies":[{"name":"wp","href":"https:\/\/api.w.org\/{rel}","templated":true}]}}