{"id":950,"date":"2024-12-19T03:39:43","date_gmt":"2024-12-19T03:39:43","guid":{"rendered":"https:\/\/fmp-components.com\/product\/10030-high-quality-tractor-cylinders-hydraulic-double-acting\/"},"modified":"2024-12-26T08:58:58","modified_gmt":"2024-12-26T08:58:58","slug":"10030-high-quality-tractor-cylinders-hydraulic-double-acting","status":"publish","type":"product","link":"https:\/\/fmp-components.com\/fr\/product\/10030-high-quality-tractor-cylinders-hydraulic-double-acting\/","title":{"rendered":"V\u00e9rins hydrauliques \u00e0 double effet pour tracteur de haute qualit\u00e9 10030"},"content":{"rendered":"<p>Les v\u00e9rins hydrauliques 10030 de haute qualit\u00e9 pour tracteurs sont con\u00e7us pour des performances sup\u00e9rieures dans les applications agricoles, offrant une action hydraulique fiable et efficace. Ce v\u00e9rin hydraulique \u00e0 double effet est con\u00e7u pour am\u00e9liorer la fonctionnalit\u00e9 et l'efficacit\u00e9 de votre \u00e9quipement agricole.<\/p>\n<h4>Caract\u00e9ristiques principales :<\/h4>\n<ul>\n<li><strong>M\u00e9canisme \u00e0 double effet<\/strong>:Permet un fonctionnement puissant en extension et en r\u00e9traction, permettant un contr\u00f4le pr\u00e9cis lors de diverses t\u00e2ches.<\/li>\n<li><strong>Construction de haute qualit\u00e9<\/strong>:Fabriqu\u00e9 avec des mat\u00e9riaux de premi\u00e8re qualit\u00e9 pour garantir durabilit\u00e9 et fiabilit\u00e9 sous de lourdes charges et des conditions difficiles.<\/li>\n<li><strong>Capacit\u00e9 de charge \u00e9lev\u00e9e<\/strong>:Con\u00e7u pour supporter des forces importantes, ce qui le rend id\u00e9al pour les applications agricoles exigeantes.<\/li>\n<li><strong>Finition r\u00e9sistante \u00e0 la corrosion<\/strong>:Rev\u00eatu pour prot\u00e9ger contre la rouille et la corrosion, garantissant des performances durables dans les environnements ext\u00e9rieurs.<\/li>\n<li><strong>Installation facile<\/strong>:Con\u00e7u pour une int\u00e9gration simple dans les syst\u00e8mes de tracteurs existants, minimisant le temps de configuration et am\u00e9liorant la productivit\u00e9.<\/li>\n<\/ul>\n<p><img decoding=\"async\" src=\"https:\/\/hzpt.com\/wp-content\/uploads\/2023\/12\/random-2.webp\" alt=\"\" title=\"\"><\/p>\n<h4>Avantages:<\/h4>\n<ul>\n<li><strong>Efficacit\u00e9 accrue<\/strong>:Optimise le fonctionnement des tracteurs, facilitant les actions de levage et d'abaissement en douceur pour une productivit\u00e9 am\u00e9lior\u00e9e.<\/li>\n<li><strong>Applications polyvalentes<\/strong>:Convient \u00e0 diverses t\u00e2ches agricoles, ce qui en fait un choix polyvalent pour les agriculteurs et les exploitants.<\/li>\n<li><strong>Maintenance r\u00e9duite<\/strong>:La conception durable minimise l'usure, ce qui entra\u00eene des co\u00fbts de maintenance r\u00e9duits et une disponibilit\u00e9 accrue.<\/li>\n<\/ul>\n<p>Le v\u00e9rin hydraulique double effet pour tracteur 10030 de haute qualit\u00e9 est un composant essentiel des machines agricoles modernes, garantissant performances et efficacit\u00e9 fiables. Sa construction robuste et sa fiabilit\u00e9 en font un excellent investissement pour toute exploitation agricole.<\/p>\n<p><img decoding=\"async\" src=\"https:\/\/hzpt.com\/wp-content\/uploads\/2023\/12\/random-4.webp\" alt=\"\" title=\"\"><\/p>\n<h2>Avantages du cylindre de type T soud\u00e9<\/h2>\n<ul>\n<li style=\"list-style-type: none;\">\n<ul>\n<li><strong>Force accrue :<\/strong> Les v\u00e9rins en T soud\u00e9s sont r\u00e9put\u00e9s pour leur grande r\u00e9sistance, ce qui les rend adapt\u00e9s aux applications n\u00e9cessitant des levages lourds. Le proc\u00e9d\u00e9 de soudage utilis\u00e9 lors de leur fabrication garantit l&#039;absence de points faibles et une r\u00e9sistance \u00e9lev\u00e9e aux pressions et aux contraintes.<\/li>\n<\/ul>\n<\/li>\n<\/ul>\n<p>La pression exerc\u00e9e sur le cylindre se r\u00e9partit uniform\u00e9ment sur toute sa surface, ce qui le rend r\u00e9sistant \u00e0 la d\u00e9formation. Cette caract\u00e9ristique garantit que le cylindre conserve sa forme et son int\u00e9grit\u00e9 structurelle m\u00eame dans des conditions extr\u00eames.<\/p>\n<ul>\n<li style=\"list-style-type: none;\">\n<ul>\n<li><strong>Pr\u00e9vention des fuites :<\/strong> Les v\u00e9rins \u00e0 t\u00e9 soud\u00e9 sont con\u00e7us pour \u00e9viter les fuites. Le proc\u00e9d\u00e9 de soudage utilis\u00e9 lors de la fabrication garantit une \u00e9tanch\u00e9it\u00e9 parfaite et une \u00e9tanch\u00e9it\u00e9 parfaite. Cette caract\u00e9ristique les rend adapt\u00e9s aux applications o\u00f9 une fuite pourrait entra\u00eener des dommages graves ou des blessures.<\/li>\n<\/ul>\n<\/li>\n<\/ul>\n<p>Les joints soud\u00e9s sont lisses, sans crevasses ni rainures o\u00f9 des d\u00e9bris ou de la salet\u00e9 peuvent s&#039;accumuler, r\u00e9duisant ainsi le risque de corrosion et d&#039;endommagement du cylindre.<\/p>\n<ul>\n<li style=\"list-style-type: none;\">\n<ul>\n<li><strong>Personnalisable :<\/strong> Les v\u00e9rins en T soud\u00e9s peuvent \u00eatre personnalis\u00e9s pour r\u00e9pondre \u00e0 des applications sp\u00e9cifiques. Disponibles en diff\u00e9rentes tailles et formes, ils peuvent \u00eatre fabriqu\u00e9s pour r\u00e9pondre aux exigences sp\u00e9cifiques de chaque application.<\/li>\n<\/ul>\n<\/li>\n<\/ul>\n<p>Le processus de personnalisation permet d&#039;optimiser les performances du v\u00e9rin, garantissant ainsi son ad\u00e9quation \u00e0 l&#039;application pr\u00e9vue. Cette caract\u00e9ristique rend les v\u00e9rins \u00e0 t\u00e9 soud\u00e9 id\u00e9aux pour diverses applications industrielles, notamment la construction, l&#039;exploitation mini\u00e8re et la manutention.<\/p>\n<ul>\n<li style=\"list-style-type: none;\">\n<ul>\n<li><strong>Rentable :<\/strong> Les v\u00e9rins \u00e0 t\u00e9 soud\u00e9 sont plus \u00e9conomiques que les autres types de v\u00e9rins. Leur proc\u00e9d\u00e9 de fabrication est simple, ce qui les rend moins co\u00fbteux.<\/li>\n<\/ul>\n<\/li>\n<\/ul>\n<p>De plus, la r\u00e9sistance et la durabilit\u00e9 \u00e9lev\u00e9es des v\u00e9rins en T soud\u00e9s r\u00e9duisent les r\u00e9parations et remplacements fr\u00e9quents, r\u00e9duisant ainsi les co\u00fbts de maintenance. Cette caract\u00e9ristique en fait un choix populaire pour de nombreuses industries, notamment celles disposant d&#039;un budget limit\u00e9.<\/p>\n<ul>\n<li style=\"list-style-type: none;\">\n<ul>\n<li><strong>Efficacit\u00e9 accrue :<\/strong> Les v\u00e9rins \u00e0 t\u00e9 soud\u00e9 sont tr\u00e8s performants. Leur conception garantit que la force appliqu\u00e9e est transmise directement \u00e0 la charge, r\u00e9duisant ainsi les pertes d&#039;\u00e9nergie et augmentant l&#039;efficacit\u00e9.<\/li>\n<\/ul>\n<\/li>\n<\/ul>\n<p>Les joints soud\u00e9s sont robustes et rigides, minimisant la d\u00e9flexion et garantissant la stabilit\u00e9 structurelle du v\u00e9rin, m\u00eame dans des conditions extr\u00eames. Cette caract\u00e9ristique rend les v\u00e9rins \u00e0 t\u00e9 soud\u00e9 id\u00e9aux pour les applications exigeant une efficacit\u00e9 et une fiabilit\u00e9 \u00e9lev\u00e9es.<\/p>\n<h2>Application du cylindre de type T soud\u00e9<\/h2>\n<ul>\n<li>\n<h3>Machines et \u00e9quipements industriels<\/h3>\n<p>Le v\u00e9rin \u00e0 t\u00e9 soud\u00e9 est largement utilis\u00e9 dans les machines et \u00e9quipements industriels, notamment dans les syst\u00e8mes hydrauliques. Il est compos\u00e9 d&#039;un piston et d&#039;un tube soud\u00e9s pour former une seule unit\u00e9. Cette conception offre plusieurs avantages par rapport aux autres types de v\u00e9rins, tels qu&#039;une durabilit\u00e9 accrue, une r\u00e9sistance accrue et une plus grande pr\u00e9cision.<\/p>\n<p>L&#039;une des applications les plus importantes du v\u00e9rin \u00e0 t\u00e9 soud\u00e9 dans les machines industrielles est sa capacit\u00e9 \u00e0 fournir une force constante et pr\u00e9cise. Ceci est essentiel pour de nombreux processus de fabrication, o\u00f9 un contr\u00f4le pr\u00e9cis est n\u00e9cessaire pour garantir la qualit\u00e9 du produit final. Le v\u00e9rin \u00e0 t\u00e9 soud\u00e9 peut \u00e9galement \u00eatre utilis\u00e9 pour r\u00e9guler le d\u00e9bit des fluides dans les syst\u00e8mes hydrauliques, offrant ainsi une efficacit\u00e9 et une fiabilit\u00e9 accrues dans diverses applications industrielles.<\/li>\n<li>\n<h3>\u00c9quipement agricole<\/h3>\n<p>Le v\u00e9rin en T soud\u00e9 est \u00e9galement couramment utilis\u00e9 dans les \u00e9quipements agricoles, tels que les tracteurs et les moissonneuses-batteuses. Ces machines n\u00e9cessitent des syst\u00e8mes hydrauliques puissants et fiables pour fonctionner efficacement, et le v\u00e9rin en T soud\u00e9 est le choix id\u00e9al \u00e0 cet effet.<\/p>\n<p>La construction robuste et la haute r\u00e9sistance du v\u00e9rin lui conf\u00e8rent une grande r\u00e9sistance \u00e0 l&#039;usure, m\u00eame dans des conditions d&#039;utilisation difficiles. Il constitue donc un choix id\u00e9al pour les \u00e9quipements agricoles, o\u00f9 la durabilit\u00e9 est un crit\u00e8re essentiel. Le v\u00e9rin \u00e0 t\u00e9 soud\u00e9 peut \u00e9galement \u00eatre utilis\u00e9 pour assurer le contr\u00f4le pr\u00e9cis requis pour de nombreux processus agricoles, tels que la plantation, la r\u00e9colte et l&#039;irrigation.<\/li>\n<li>\n<h3>\u00c9quipement de construction<\/h3>\n<p>Le v\u00e9rin \u00e0 t\u00e9 soud\u00e9 est \u00e9galement largement utilis\u00e9 dans les engins de chantier, tels que les excavatrices, les r\u00e9trocaveuses et les bulldozers. Ces machines n\u00e9cessitent des syst\u00e8mes hydrauliques puissants et fiables pour effectuer des t\u00e2ches exigeantes, comme creuser, soulever et pousser des charges lourdes.<\/p>\n<p>La r\u00e9sistance et la durabilit\u00e9 \u00e9lev\u00e9es du v\u00e9rin \u00e0 t\u00e9 soud\u00e9 en font un choix id\u00e9al pour les engins de chantier. Son contr\u00f4le pr\u00e9cis et sa force constante sont essentiels \u00e0 de nombreux travaux de construction, tels que l&#039;excavation, le nivellement et le pavage. Le v\u00e9rin \u00e0 t\u00e9 soud\u00e9 peut \u00e9galement \u00eatre utilis\u00e9 pour r\u00e9guler le d\u00e9bit des fluides dans les syst\u00e8mes hydrauliques, am\u00e9liorant ainsi l&#039;efficacit\u00e9 et la fiabilit\u00e9 des engins de chantier dans diverses applications.<\/li>\n<\/ul>\n<h3>\u00c0 propos de FMP<\/h3>\n<p>FMP poss\u00e8de plus de 30 ans d'exp\u00e9rience dans la production de v\u00e9rins hydrauliques de haute qualit\u00e9, personnalisables selon vos besoins. Notre site industriel est situ\u00e9 en Italie et nous disposons de plus de 100 \u00e9quipements, dont des soudeuses automatiques sous gaz de protection, des al\u00e9seuses profondes, des tours CNC, des rectifieuses cylindriques, des machines de nettoyage et d'installation automatiques, des bancs d'essai automatiques pour la performance des v\u00e9rins hydrauliques et des lignes de peinture automatiques.<\/p>\n<p>Nos v\u00e9rins hydrauliques sont fabriqu\u00e9s \u00e0 partir de mat\u00e9riaux de haute qualit\u00e9 et soumis \u00e0 un traitement et \u00e0 des contr\u00f4les rigoureux pour garantir leur qualit\u00e9. Nous proposons une gamme compl\u00e8te de v\u00e9rins hydrauliques, notamment des v\u00e9rins hydrauliques \u00e0 boucle d'oreille, des v\u00e9rins hydrauliques t\u00e9lescopiques automatiques bidirectionnels, et bien d'autres encore.<\/p>\n<h4>Avantages de choisir les v\u00e9rins hydrauliques FMP :<\/h4>\n<ul>\n<li><strong>Service de conception :<\/strong> Notre \u00e9quipe de conception exp\u00e9riment\u00e9e peut vous fournir des services de conception et de d\u00e9veloppement de produits d'arbre universel, et nous pouvons vous aider \u00e0 d\u00e9velopper de nouveaux produits ou \u00e0 am\u00e9liorer ceux existants pour r\u00e9pondre \u00e0 vos besoins.<\/li>\n<li><strong>Service produit :<\/strong> Nos produits passent par un processus rigoureux, comprenant la s\u00e9lection des mati\u00e8res premi\u00e8res, la d\u00e9coupe, le traitement grossier, les tests, le nettoyage, l'assemblage, l'emballage et le transport pour garantir que nous livrons des produits de haute qualit\u00e9 \u00e0 nos clients.<\/li>\n<li><strong>Exemple de processus :<\/strong> Nous pouvons d\u00e9velopper des \u00e9chantillons selon vos exigences et les modifier constamment pour r\u00e9pondre \u00e0 vos besoins.<\/li>\n<li><strong>R&amp;D :<\/strong> Nous gardons un \u0153il sur les derni\u00e8res tendances du march\u00e9 et les besoins des clients et d\u00e9veloppons de nouveaux mod\u00e8les pour r\u00e9pondre aux demandes changeantes du march\u00e9.<\/li>\n<li><strong>Produits de haute qualit\u00e9:<\/strong> Nos v\u00e9rins hydrauliques sont fabriqu\u00e9s \u00e0 partir de mat\u00e9riaux de haute qualit\u00e9 et subissent un traitement et une inspection stricts pour garantir leur bonne qualit\u00e9, garantissant qu'ils r\u00e9pondent \u00e0 vos besoins et d\u00e9passent vos attentes.<\/li>\n<\/ul>\n<p>Chez FMP, nous nous engageons \u00e0 fournir \u00e0 nos clients des v\u00e9rins hydrauliques de haute qualit\u00e9 qui r\u00e9pondent \u00e0 leurs besoins et d\u00e9passent leurs attentes. Contactez-nous d\u00e8s aujourd'hui pour savoir comment nous pouvons vous aider.<\/p>\n<p><img decoding=\"async\" src=\"https:\/\/fmp-components.com\/wp-content\/uploads\/2024\/12\/fmp-factory-4.webp\" alt=\"Usine FMP\" width=\"800\" title=\"\"><\/p>\n<h2>FAQ<\/h2>\n<p><b>Q1 : Quelle est la dur\u00e9e de vie des v\u00e9rins hydrauliques FMP ?<\/b><\/p>\n<p>A1 : Leur dur\u00e9e de vie d\u00e9pend de leur utilisation et de leur entretien. Avec un entretien appropri\u00e9, ils peuvent durer plusieurs ann\u00e9es.<\/p>\n<p><b>Q2 : \u00c0 quelle fr\u00e9quence dois-je remplacer l\u2019huile hydraulique ?<\/b><\/p>\n<p>A2 : Il est recommand\u00e9 de remplacer l'huile hydraulique toutes les 1 000 heures de fonctionnement ou selon les instructions du fabricant.<\/p>\n<p><b>Q3 : Comment puis-je mesurer mon v\u00e9rin hydraulique ?<\/b><\/p>\n<p>A3\u00a0: Vous pouvez mesurer l'al\u00e9sage du cylindre, le diam\u00e8tre de la tige et la longueur de la course pour d\u00e9terminer la taille.<\/p>\n<p><b>Q4 : De quel type d'entretien le v\u00e9rin hydraulique a-t-il besoin ?<\/b><\/p>\n<p>A4 : Un nettoyage et une lubrification r\u00e9guliers peuvent aider \u00e0 maintenir les performances et la long\u00e9vit\u00e9 du cylindre.<\/p>\n<p><b>Q5 : O\u00f9 sont fabriqu\u00e9s les v\u00e9rins hydrauliques FMP ?<\/b><\/p>\n<p>A5 : Nos v\u00e9rins hydrauliques sont fabriqu\u00e9s dans notre usine de pointe en Italie<\/p>\n<p>Auteur : CX<\/p>","protected":false},"excerpt":{"rendered":"<p>The 10030 High Quality Tractor Cylinders are engineered for superior performance in agricultural applications, providing reliable and efficient hydraulic action for tractors. This double-acting hydraulic cylinder is designed to enhance the functionality and effectiveness of your farming equipment. Key Features: Double Acting Mechanism: Enables powerful operation in both extension and retraction, allowing for precise control [&hellip;]<\/p>","protected":false},"featured_media":1132,"comment_status":"closed","ping_status":"closed","template":"","meta":{"_et_pb_use_builder":"","_et_pb_old_content":"","_et_gb_content_width":""},"product_brand":[],"product_cat":[31],"product_tag":[34,35],"class_list":{"0":"post-950","1":"product","2":"type-product","3":"status-publish","4":"has-post-thumbnail","6":"product_cat-welded-tee-type-cylinder","7":"product_tag-hydraulic-cylinder","8":"product_tag-welded-tee-type-cylinder","10":"first","11":"instock","12":"product-type-simple"},"_links":{"self":[{"href":"https:\/\/fmp-components.com\/fr\/wp-json\/wp\/v2\/product\/950","targetHints":{"allow":["GET"]}}],"collection":[{"href":"https:\/\/fmp-components.com\/fr\/wp-json\/wp\/v2\/product"}],"about":[{"href":"https:\/\/fmp-components.com\/fr\/wp-json\/wp\/v2\/types\/product"}],"replies":[{"embeddable":true,"href":"https:\/\/fmp-components.com\/fr\/wp-json\/wp\/v2\/comments?post=950"}],"wp:featuredmedia":[{"embeddable":true,"href":"https:\/\/fmp-components.com\/fr\/wp-json\/wp\/v2\/media\/1132"}],"wp:attachment":[{"href":"https:\/\/fmp-components.com\/fr\/wp-json\/wp\/v2\/media?parent=950"}],"wp:term":[{"taxonomy":"product_brand","embeddable":true,"href":"https:\/\/fmp-components.com\/fr\/wp-json\/wp\/v2\/product_brand?post=950"},{"taxonomy":"product_cat","embeddable":true,"href":"https:\/\/fmp-components.com\/fr\/wp-json\/wp\/v2\/product_cat?post=950"},{"taxonomy":"product_tag","embeddable":true,"href":"https:\/\/fmp-components.com\/fr\/wp-json\/wp\/v2\/product_tag?post=950"}],"curies":[{"name":"wp","href":"https:\/\/api.w.org\/{rel}","templated":true}]}}