{"id":948,"date":"2024-12-19T03:39:43","date_gmt":"2024-12-19T03:39:43","guid":{"rendered":"https:\/\/fmp-components.com\/product\/10028-high-quality-stainless-steel-hydraulic-cylinder-for-rotary-tiller\/"},"modified":"2024-12-19T08:50:32","modified_gmt":"2024-12-19T08:50:32","slug":"10028-high-quality-stainless-steel-hydraulic-cylinder-for-rotary-tiller","status":"publish","type":"product","link":"https:\/\/fmp-components.com\/fr\/product\/10028-high-quality-stainless-steel-hydraulic-cylinder-for-rotary-tiller\/","title":{"rendered":"Cylindre hydraulique en acier inoxydable de haute qualit\u00e9 10028 pour motoculteur"},"content":{"rendered":"<p>Le v\u00e9rin hydraulique 10028 en acier inoxydable de haute qualit\u00e9 est sp\u00e9cialement con\u00e7u pour les motoculteurs. Il offre une r\u00e9sistance et une fiabilit\u00e9 sup\u00e9rieures dans les environnements agricoles difficiles. Ses performances exceptionnelles en font un composant essentiel pour des op\u00e9rations de labourage efficaces.<\/p>\n<h4>Caract\u00e9ristiques principales :<\/h4>\n<ul>\n<li><strong>Construction en acier inoxydable de haute qualit\u00e9<\/strong>:Fabriqu\u00e9 en acier inoxydable de qualit\u00e9 sup\u00e9rieure pour garantir la durabilit\u00e9, la r\u00e9sistance \u00e0 la corrosion et des performances durables dans des conditions difficiles.<\/li>\n<li><strong>Conception \u00e0 double effet<\/strong>: Facilite un fonctionnement efficace en extension et en r\u00e9traction, am\u00e9liorant le contr\u00f4le pendant les t\u00e2ches de labourage.<\/li>\n<li><strong>Capacit\u00e9 de charge robuste<\/strong>:Con\u00e7u pour g\u00e9rer des forces importantes, ce qui le rend id\u00e9al pour les applications agricoles exigeantes.<\/li>\n<li><strong>Finition r\u00e9sistante \u00e0 la corrosion<\/strong>:La finition en acier inoxydable prot\u00e8ge contre la rouille et la d\u00e9t\u00e9rioration, garantissant long\u00e9vit\u00e9 et fiabilit\u00e9 lors d'une utilisation en ext\u00e9rieur.<\/li>\n<li><strong>Installation facile<\/strong>:Con\u00e7u pour une int\u00e9gration rapide et simple dans les motoculteurs, minimisant les temps d'arr\u00eat et am\u00e9liorant la productivit\u00e9.<\/li>\n<\/ul>\n<h4>Avantages:<\/h4>\n<ul>\n<li><strong>Efficacit\u00e9 am\u00e9lior\u00e9e<\/strong>:Optimise les performances des motoculteurs, facilitant un travail du sol fluide et efficace.<\/li>\n<li><strong>Applications polyvalentes<\/strong>:Convient \u00e0 diverses t\u00e2ches agricoles au-del\u00e0 du labourage, ce qui en fait un outil polyvalent pour les agriculteurs.<\/li>\n<li><strong>Faible entretien<\/strong>:La construction durable en acier inoxydable r\u00e9duit l'usure, ce qui entra\u00eene une r\u00e9duction des co\u00fbts de maintenance au fil du temps.<\/li>\n<\/ul>\n<p>Le v\u00e9rin hydraulique 10028 en acier inoxydable de haute qualit\u00e9 est un composant essentiel des motoculteurs, offrant performances et efficacit\u00e9 fiables. Sa conception robuste et sa r\u00e9sistance \u00e0 la corrosion en font un excellent choix pour toute exploitation agricole privil\u00e9giant la qualit\u00e9 et la durabilit\u00e9.<\/p>\n<p><img decoding=\"async\" src=\"https:\/\/hzpt.com\/wp-content\/uploads\/2023\/12\/random-1.webp?v=1694163707\" alt=\"\" title=\"\"><\/p>\n<h2>Avantages du cylindre de type T soud\u00e9<\/h2>\n<ul>\n<li style=\"list-style-type: none;\">\n<ul>\n<li><strong>Force accrue :<\/strong> Les v\u00e9rins en T soud\u00e9s sont r\u00e9put\u00e9s pour leur grande r\u00e9sistance, ce qui les rend adapt\u00e9s aux applications n\u00e9cessitant des levages lourds. Le proc\u00e9d\u00e9 de soudage utilis\u00e9 lors de leur fabrication garantit l&#039;absence de points faibles et une r\u00e9sistance \u00e9lev\u00e9e aux pressions et aux contraintes.<\/li>\n<\/ul>\n<\/li>\n<\/ul>\n<p>La pression exerc\u00e9e sur le cylindre se r\u00e9partit uniform\u00e9ment sur toute sa surface, ce qui le rend r\u00e9sistant \u00e0 la d\u00e9formation. Cette caract\u00e9ristique garantit que le cylindre conserve sa forme et son int\u00e9grit\u00e9 structurelle m\u00eame dans des conditions extr\u00eames.<\/p>\n<ul>\n<li style=\"list-style-type: none;\">\n<ul>\n<li><strong>Pr\u00e9vention des fuites :<\/strong> Les v\u00e9rins \u00e0 t\u00e9 soud\u00e9 sont con\u00e7us pour \u00e9viter les fuites. Le proc\u00e9d\u00e9 de soudage utilis\u00e9 lors de la fabrication garantit une \u00e9tanch\u00e9it\u00e9 parfaite et une \u00e9tanch\u00e9it\u00e9 parfaite. Cette caract\u00e9ristique les rend adapt\u00e9s aux applications o\u00f9 une fuite pourrait entra\u00eener des dommages graves ou des blessures.<\/li>\n<\/ul>\n<\/li>\n<\/ul>\n<p>Les joints soud\u00e9s sont lisses, sans crevasses ni rainures o\u00f9 des d\u00e9bris ou de la salet\u00e9 peuvent s&#039;accumuler, r\u00e9duisant ainsi le risque de corrosion et d&#039;endommagement du cylindre.<\/p>\n<ul>\n<li style=\"list-style-type: none;\">\n<ul>\n<li><strong>Personnalisable :<\/strong> Les v\u00e9rins en T soud\u00e9s peuvent \u00eatre personnalis\u00e9s pour r\u00e9pondre \u00e0 des applications sp\u00e9cifiques. Disponibles en diff\u00e9rentes tailles et formes, ils peuvent \u00eatre fabriqu\u00e9s pour r\u00e9pondre aux exigences sp\u00e9cifiques de chaque application.<\/li>\n<\/ul>\n<\/li>\n<\/ul>\n<p>Le processus de personnalisation permet d&#039;optimiser les performances du v\u00e9rin, garantissant ainsi son ad\u00e9quation \u00e0 l&#039;application pr\u00e9vue. Cette caract\u00e9ristique rend les v\u00e9rins \u00e0 t\u00e9 soud\u00e9 id\u00e9aux pour diverses applications industrielles, notamment la construction, l&#039;exploitation mini\u00e8re et la manutention.<\/p>\n<ul>\n<li style=\"list-style-type: none;\">\n<ul>\n<li><strong>Rentable :<\/strong> Les v\u00e9rins \u00e0 t\u00e9 soud\u00e9 sont plus \u00e9conomiques que les autres types de v\u00e9rins. Leur proc\u00e9d\u00e9 de fabrication est simple, ce qui les rend moins co\u00fbteux.<\/li>\n<\/ul>\n<\/li>\n<\/ul>\n<p>De plus, la r\u00e9sistance et la durabilit\u00e9 \u00e9lev\u00e9es des v\u00e9rins en T soud\u00e9s r\u00e9duisent les r\u00e9parations et remplacements fr\u00e9quents, r\u00e9duisant ainsi les co\u00fbts de maintenance. Cette caract\u00e9ristique en fait un choix populaire pour de nombreuses industries, notamment celles disposant d&#039;un budget limit\u00e9.<\/p>\n<ul>\n<li style=\"list-style-type: none;\">\n<ul>\n<li><strong>Efficacit\u00e9 accrue :<\/strong> Les v\u00e9rins \u00e0 t\u00e9 soud\u00e9 sont tr\u00e8s performants. Leur conception garantit que la force appliqu\u00e9e est transmise directement \u00e0 la charge, r\u00e9duisant ainsi les pertes d&#039;\u00e9nergie et augmentant l&#039;efficacit\u00e9.<\/li>\n<\/ul>\n<\/li>\n<\/ul>\n<p>Les joints soud\u00e9s sont robustes et rigides, minimisant la d\u00e9flexion et garantissant la stabilit\u00e9 structurelle du v\u00e9rin, m\u00eame dans des conditions extr\u00eames. Cette caract\u00e9ristique rend les v\u00e9rins \u00e0 t\u00e9 soud\u00e9 id\u00e9aux pour les applications exigeant une efficacit\u00e9 et une fiabilit\u00e9 \u00e9lev\u00e9es.<\/p>\n<p><img decoding=\"async\" src=\"https:\/\/hzpt.com\/wp-content\/uploads\/2023\/12\/random-2.webp\" alt=\"\" title=\"\"><\/p>\n<h2>Application du cylindre de type T soud\u00e9<\/h2>\n<h3>Introduction<\/h3>\n<p>Le v\u00e9rin hydraulique \u00e0 t\u00e9 soud\u00e9 est couramment utilis\u00e9 dans les applications industrielles. Il est con\u00e7u pour fournir une force \u00e9lev\u00e9e dans un format compact et \u00e9conomique. Ce type de v\u00e9rin est constitu\u00e9 d&#039;un t\u00e9 soud\u00e9 et d&#039;une tige de piston fix\u00e9e au t\u00e9. Le t\u00e9 est reli\u00e9 au corps du v\u00e9rin et contient un piston qui effectue des mouvements de va-et-vient \u00e0 l&#039;int\u00e9rieur du corps pour g\u00e9n\u00e9rer la force.<\/p>\n<h3>Avantages du cylindre de type T soud\u00e9<\/h3>\n<p>L&#039;utilisation d&#039;un v\u00e9rin de type T soud\u00e9 dans les applications industrielles pr\u00e9sente plusieurs avantages :<\/p>\n<ul>\n<li><b>Conception compacte :<\/b> Les v\u00e9rins de type T soud\u00e9s sont con\u00e7us pour \u00eatre compacts, ce qui les rend id\u00e9aux pour une utilisation dans des applications o\u00f9 l&#039;espace est limit\u00e9.<\/li>\n<li><b>Haute efficacit\u00e9 :<\/b> Les v\u00e9rins de type T soud\u00e9 sont tr\u00e8s efficaces, ce qui signifie qu&#039;ils peuvent g\u00e9n\u00e9rer une grande quantit\u00e9 de force avec un apport d&#039;\u00e9nergie minimal.<\/li>\n<li><b>Durable:<\/b> Les v\u00e9rins de type T soud\u00e9s sont con\u00e7us pour \u00eatre tr\u00e8s durables, ce qui signifie qu&#039;ils peuvent r\u00e9sister \u00e0 des conditions de fonctionnement difficiles et durer longtemps.<\/li>\n<li><b>Rentable :<\/b> Les v\u00e9rins de type T soud\u00e9s sont rentables, ce qui signifie qu&#039;ils offrent un bon rapport qualit\u00e9-prix.<\/li>\n<\/ul>\n<h3>Applications du cylindre de type T soud\u00e9<\/h3>\n<p>Il existe de nombreuses applications pour les cylindres de type T soud\u00e9s dans diverses industries, notamment :<\/p>\n<ul>\n<li><b>Fabrication:<\/b> Les v\u00e9rins de type T soud\u00e9s sont utilis\u00e9s dans la fabrication pour faire fonctionner des machines, d\u00e9placer des charges lourdes et fa\u00e7onner des pi\u00e8ces m\u00e9talliques.<\/li>\n<li><b>Agriculture:<\/b> Les v\u00e9rins de type T soud\u00e9s sont utilis\u00e9s dans l&#039;agriculture pour faire fonctionner les syst\u00e8mes hydrauliques des tracteurs, des moissonneuses et d&#039;autres \u00e9quipements agricoles.<\/li>\n<li><b>Construction:<\/b> Les v\u00e9rins de type T soud\u00e9s sont utilis\u00e9s dans la construction pour faire fonctionner des machines telles que des grues, des excavatrices et des pelles r\u00e9trocaveuses.<\/li>\n<li><b>Exploitation mini\u00e8re:<\/b> Les v\u00e9rins de type T soud\u00e9s sont utilis\u00e9s dans l&#039;exploitation mini\u00e8re pour faire fonctionner les syst\u00e8mes hydrauliques sur les \u00e9quipements lourds tels que les bulldozers, les chargeuses et les marteaux perforateurs.<\/li>\n<li><b>Transport:<\/b> Les v\u00e9rins de type T soud\u00e9s sont utilis\u00e9s dans les transports pour faire fonctionner les syst\u00e8mes hydrauliques des camions, des bus et d&#039;autres v\u00e9hicules.<\/li>\n<\/ul>\n<h3>Conclusion<\/h3>\n<p>En conclusion, les v\u00e9rins \u00e0 t\u00e9 soud\u00e9 sont un composant important dans de nombreuses applications industrielles. Compacts, efficaces, durables et \u00e9conomiques, ils constituent un choix id\u00e9al pour un large \u00e9ventail d&#039;applications. Que vous utilisiez des machines dans une usine, du mat\u00e9riel agricole dans une ferme ou des \u00e9quipements lourds dans une mine, les v\u00e9rins \u00e0 t\u00e9 soud\u00e9 vous permettent d&#039;effectuer vos travaux efficacement.<\/p>\n<h3>\u00c0 propos de FMP<\/h3>\n<p>FMP, fort de plus de 30 ans d'exp\u00e9rience, est un fabricant et fournisseur leader de v\u00e9rins hydrauliques. Notre site industriel est situ\u00e9 en Italie, o\u00f9 nous exploitons plus de 100 \u00e9quipements de pointe. Notre vaste gamme d'\u00e9quipements comprend des soudeuses automatiques sous gaz de protection, des al\u00e9seuses profondes, des tours CNC, des rectifieuses cylindriques, des machines de nettoyage et d'installation automatiques, des bancs d'essai automatiques de performance des v\u00e9rins hydrauliques et des lignes de peinture automatiques.<\/p>\n<p><img decoding=\"async\" src=\"https:\/\/fmp-components.com\/wp-content\/uploads\/2024\/12\/fmp-factory-4.webp\" alt=\"Usine FMP\" width=\"800\" title=\"\"><\/p>\n<p>Nous sommes fiers du traitement et de l'inspection m\u00e9ticuleux de chaque v\u00e9rin hydraulique, garantissant ainsi une qualit\u00e9 exceptionnelle \u00e0 nos clients. Chez FMP, nous proposons une large gamme de v\u00e9rins hydrauliques, notamment le v\u00e9rin hydraulique \u00e0 boucle d'oreille et le v\u00e9rin hydraulique t\u00e9lescopique automatique bidirectionnel.<\/p>\n<ol>\n<li>Service de conception\u00a0: Notre \u00e9quipe de conception exp\u00e9riment\u00e9e se consacre \u00e0 la conception et au d\u00e9veloppement de produits. Besoin de nouveaux produits ou d'am\u00e9liorations\u00a0? Nous sommes l\u00e0 pour vous accompagner dans votre projet.<\/li>\n<li>Service produit\u00a0: Notre service produit complet couvre l'ensemble du processus de production, de l'approvisionnement en mati\u00e8res premi\u00e8res \u00e0 la d\u00e9coupe, en passant par le traitement brut, les tests, le nettoyage, l'assemblage, l'emballage et le transport. Nous garantissons un parcours fluide et efficace pour nos produits.<\/li>\n<li>Processus d'\u00e9chantillonnage\u00a0: Nous comprenons l'importance de la personnalisation. Notre \u00e9quipe peut d\u00e9velopper des \u00e9chantillons selon vos besoins sp\u00e9cifiques et les adapter en permanence pour r\u00e9pondre \u00e0 vos besoins en constante \u00e9volution.<\/li>\n<li>R&amp;D\u00a0: Forts de notre engagement en faveur de l'innovation, nous \u00e9tudions attentivement les demandes du march\u00e9 et d\u00e9veloppons de nouveaux mod\u00e8les pour r\u00e9pondre aux besoins \u00e9mergents. Cela nous permet de rester \u00e0 la pointe du secteur et de proposer des solutions innovantes.<\/li>\n<\/ol>\n<p>Notre entreprise est sp\u00e9cialis\u00e9e dans la production et la vente de divers types de v\u00e9rins hydrauliques et nous acceptons volontiers les commandes personnalis\u00e9es. Choisissez FMP pour sa qualit\u00e9 fiable, son service exceptionnel et sa vaste gamme de solutions de v\u00e9rins hydrauliques. Faites \u00e9quipe avec nous et d\u00e9couvrez la diff\u00e9rence.<\/p>\n<p>Auteur : CX<\/p>","protected":false},"excerpt":{"rendered":"<p>The 10028 High Quality Stainless Steel Hydraulic Cylinder is specially designed for rotary tillers, providing superior strength and reliability in tough agricultural environments. This hydraulic cylinder offers exceptional performance, making it an essential component for efficient tilling operations. Key Features: High-Quality Stainless Steel Construction: Crafted from premium stainless steel to ensure durability, corrosion resistance, and [&hellip;]<\/p>","protected":false},"featured_media":1132,"comment_status":"closed","ping_status":"closed","template":"","meta":{"_et_pb_use_builder":"","_et_pb_old_content":"","_et_gb_content_width":""},"product_brand":[],"product_cat":[31],"product_tag":[34,35],"class_list":{"0":"post-948","1":"product","2":"type-product","3":"status-publish","4":"has-post-thumbnail","6":"product_cat-welded-tee-type-cylinder","7":"product_tag-hydraulic-cylinder","8":"product_tag-welded-tee-type-cylinder","10":"first","11":"instock","12":"product-type-simple"},"_links":{"self":[{"href":"https:\/\/fmp-components.com\/fr\/wp-json\/wp\/v2\/product\/948","targetHints":{"allow":["GET"]}}],"collection":[{"href":"https:\/\/fmp-components.com\/fr\/wp-json\/wp\/v2\/product"}],"about":[{"href":"https:\/\/fmp-components.com\/fr\/wp-json\/wp\/v2\/types\/product"}],"replies":[{"embeddable":true,"href":"https:\/\/fmp-components.com\/fr\/wp-json\/wp\/v2\/comments?post=948"}],"wp:featuredmedia":[{"embeddable":true,"href":"https:\/\/fmp-components.com\/fr\/wp-json\/wp\/v2\/media\/1132"}],"wp:attachment":[{"href":"https:\/\/fmp-components.com\/fr\/wp-json\/wp\/v2\/media?parent=948"}],"wp:term":[{"taxonomy":"product_brand","embeddable":true,"href":"https:\/\/fmp-components.com\/fr\/wp-json\/wp\/v2\/product_brand?post=948"},{"taxonomy":"product_cat","embeddable":true,"href":"https:\/\/fmp-components.com\/fr\/wp-json\/wp\/v2\/product_cat?post=948"},{"taxonomy":"product_tag","embeddable":true,"href":"https:\/\/fmp-components.com\/fr\/wp-json\/wp\/v2\/product_tag?post=948"}],"curies":[{"name":"wp","href":"https:\/\/api.w.org\/{rel}","templated":true}]}}