{"id":944,"date":"2024-12-19T03:39:43","date_gmt":"2024-12-19T03:39:43","guid":{"rendered":"https:\/\/fmp-components.com\/product\/high-quality-welded-hydraulic-piston-cylinder-for-agriculture\/"},"modified":"2024-12-19T08:57:21","modified_gmt":"2024-12-19T08:57:21","slug":"high-quality-welded-hydraulic-piston-cylinder-for-agriculture","status":"publish","type":"product","link":"https:\/\/fmp-components.com\/fr\/product\/high-quality-welded-hydraulic-piston-cylinder-for-agriculture\/","title":{"rendered":"Cylindre \u00e0 piston hydraulique soud\u00e9 de haute qualit\u00e9 pour l&#039;agriculture"},"content":{"rendered":"<p>Le v\u00e9rin hydraulique \u00e0 piston soud\u00e9 de haute qualit\u00e9 est sp\u00e9cialement con\u00e7u pour les applications agricoles, offrant des performances robustes et fiables dans les environnements exigeants. Ce v\u00e9rin allie une ing\u00e9nierie de pointe \u00e0 des mat\u00e9riaux de haute qualit\u00e9, garantissant une fonctionnalit\u00e9 et une durabilit\u00e9 optimales pour diverses t\u00e2ches agricoles.<\/p>\n<p><img decoding=\"async\" class=\"aligncenter\" src=\"https:\/\/hzpt.com\/wp-content\/uploads\/2023\/12\/random-3.webp\" alt=\"\" title=\"\"><\/p>\n<h4>Caract\u00e9ristiques principales :<\/h4>\n<ul>\n<li><strong>Construction soud\u00e9e<\/strong>:Con\u00e7u avec des joints soud\u00e9s \u00e0 haute r\u00e9sistance pour am\u00e9liorer l'int\u00e9grit\u00e9 structurelle et \u00e9viter les fuites, ce qui le rend id\u00e9al pour une utilisation agricole intensive.<\/li>\n<li><strong>Fonctionnement efficace<\/strong>:Con\u00e7u pour une fonctionnalit\u00e9 \u00e0 double effet, permettant un fonctionnement en douceur pendant l'extension et la r\u00e9traction pour un contr\u00f4le pr\u00e9cis.<\/li>\n<li><strong>R\u00e9sistance \u00e0 la corrosion<\/strong>:Rev\u00eatu de finitions protectrices pour r\u00e9sister \u00e0 la rouille et \u00e0 la corrosion, garantissant long\u00e9vit\u00e9 et performances fiables dans des conditions ext\u00e9rieures.<\/li>\n<li><strong>Applications polyvalentes<\/strong>:Convient \u00e0 une large gamme d'\u00e9quipements agricoles, notamment les tracteurs, les charrues et les moissonneuses-batteuses, ce qui en fait une solution polyvalente pour les agriculteurs.<\/li>\n<li><strong>Installation facile<\/strong>:Con\u00e7u pour une int\u00e9gration transparente dans les machines existantes, minimisant les temps d'arr\u00eat et am\u00e9liorant l'efficacit\u00e9 op\u00e9rationnelle.<\/li>\n<\/ul>\n<h4>Avantages:<\/h4>\n<ul>\n<li><strong>Efficacit\u00e9 accrue<\/strong>:Optimise les performances des machines agricoles, facilitant les actions efficaces de levage, de pouss\u00e9e et de traction.<\/li>\n<li><strong>Durabilit\u00e9<\/strong>:Con\u00e7u pour r\u00e9sister aux conditions agricoles difficiles, r\u00e9duisant les besoins d'entretien et prolongeant la dur\u00e9e de vie.<\/li>\n<li><strong>Performances rentables<\/strong>: Offre une fiabilit\u00e9 et des performances \u00e9lev\u00e9es \u00e0 un prix comp\u00e9titif, garantissant un excellent rapport qualit\u00e9\/prix.<\/li>\n<\/ul>\n<p>Le v\u00e9rin hydraulique \u00e0 piston soud\u00e9 de haute qualit\u00e9 est un composant essentiel pour les exploitations agricoles modernes, offrant performances fiables et robustesse. Sa construction robuste et sa conception polyvalente en font un atout pr\u00e9cieux pour toute gamme d'\u00e9quipements agricoles.<\/p>\n<p>Le v\u00e9rin hydraulique \u00e0 piston FMP pr\u00e9sente des caract\u00e9ristiques uniques qui le distinguent de la concurrence. Il est \u00e9conome en \u00e9nergie, hautement efficace et s\u00fbr. Ces qualit\u00e9s en font un atout pr\u00e9cieux pour toute exploitation agricole.<\/p>\n<p><img decoding=\"async\" class=\"aligncenter\" src=\"https:\/\/hzpt.com\/wp-content\/uploads\/2023\/12\/random-5.webp\" alt=\"\" title=\"\"><\/p>\n<h2>Avantages du cylindre de type T soud\u00e9<\/h2>\n<ul>\n<li style=\"list-style-type: none;\">\n<ul>\n<li><strong>Force accrue :<\/strong> Les v\u00e9rins en T soud\u00e9s sont r\u00e9put\u00e9s pour leur grande r\u00e9sistance, ce qui les rend adapt\u00e9s aux applications n\u00e9cessitant des levages lourds. Le proc\u00e9d\u00e9 de soudage utilis\u00e9 lors de leur fabrication garantit l&#039;absence de points faibles et une r\u00e9sistance \u00e9lev\u00e9e aux pressions et aux contraintes.<\/li>\n<\/ul>\n<\/li>\n<\/ul>\n<p>La pression exerc\u00e9e sur le cylindre se r\u00e9partit uniform\u00e9ment sur toute sa surface, ce qui le rend r\u00e9sistant \u00e0 la d\u00e9formation. Cette caract\u00e9ristique garantit que le cylindre conserve sa forme et son int\u00e9grit\u00e9 structurelle m\u00eame dans des conditions extr\u00eames.<\/p>\n<ul>\n<li style=\"list-style-type: none;\">\n<ul>\n<li><strong>Pr\u00e9vention des fuites :<\/strong> Les v\u00e9rins \u00e0 t\u00e9 soud\u00e9 sont con\u00e7us pour \u00e9viter les fuites. Le proc\u00e9d\u00e9 de soudage utilis\u00e9 lors de la fabrication garantit une \u00e9tanch\u00e9it\u00e9 parfaite et une \u00e9tanch\u00e9it\u00e9 parfaite. Cette caract\u00e9ristique les rend adapt\u00e9s aux applications o\u00f9 une fuite pourrait entra\u00eener des dommages graves ou des blessures.<\/li>\n<\/ul>\n<\/li>\n<\/ul>\n<p>Les joints soud\u00e9s sont lisses, sans crevasses ni rainures o\u00f9 des d\u00e9bris ou de la salet\u00e9 peuvent s&#039;accumuler, r\u00e9duisant ainsi le risque de corrosion et d&#039;endommagement du cylindre.<\/p>\n<ul>\n<li style=\"list-style-type: none;\">\n<ul>\n<li><strong>Personnalisable :<\/strong> Les v\u00e9rins en T soud\u00e9s peuvent \u00eatre personnalis\u00e9s pour r\u00e9pondre \u00e0 des applications sp\u00e9cifiques. Disponibles en diff\u00e9rentes tailles et formes, ils peuvent \u00eatre fabriqu\u00e9s pour r\u00e9pondre aux exigences sp\u00e9cifiques de chaque application.<\/li>\n<\/ul>\n<\/li>\n<\/ul>\n<p>Le processus de personnalisation permet d&#039;optimiser les performances du v\u00e9rin, garantissant ainsi son ad\u00e9quation \u00e0 l&#039;application pr\u00e9vue. Cette caract\u00e9ristique rend les v\u00e9rins \u00e0 t\u00e9 soud\u00e9 id\u00e9aux pour diverses applications industrielles, notamment la construction, l&#039;exploitation mini\u00e8re et la manutention.<\/p>\n<ul>\n<li style=\"list-style-type: none;\">\n<ul>\n<li><strong>Rentable :<\/strong> Les v\u00e9rins \u00e0 t\u00e9 soud\u00e9 sont plus \u00e9conomiques que les autres types de v\u00e9rins. Leur proc\u00e9d\u00e9 de fabrication est simple, ce qui les rend moins co\u00fbteux.<\/li>\n<\/ul>\n<\/li>\n<\/ul>\n<p>De plus, la r\u00e9sistance et la durabilit\u00e9 \u00e9lev\u00e9es des v\u00e9rins en T soud\u00e9s r\u00e9duisent les r\u00e9parations et remplacements fr\u00e9quents, r\u00e9duisant ainsi les co\u00fbts de maintenance. Cette caract\u00e9ristique en fait un choix populaire pour de nombreuses industries, notamment celles disposant d&#039;un budget limit\u00e9.<\/p>\n<ul>\n<li style=\"list-style-type: none;\">\n<ul>\n<li><strong>Efficacit\u00e9 accrue :<\/strong> Les v\u00e9rins \u00e0 t\u00e9 soud\u00e9 sont tr\u00e8s performants. Leur conception garantit que la force appliqu\u00e9e est transmise directement \u00e0 la charge, r\u00e9duisant ainsi les pertes d&#039;\u00e9nergie et augmentant l&#039;efficacit\u00e9.<\/li>\n<\/ul>\n<\/li>\n<\/ul>\n<p>Les joints soud\u00e9s sont robustes et rigides, minimisant la d\u00e9flexion et garantissant la stabilit\u00e9 structurelle du v\u00e9rin, m\u00eame dans des conditions extr\u00eames. Cette caract\u00e9ristique rend les v\u00e9rins \u00e0 t\u00e9 soud\u00e9 id\u00e9aux pour les applications exigeant une efficacit\u00e9 et une fiabilit\u00e9 \u00e9lev\u00e9es.<\/p>\n<h2>Application du cylindre de type T soud\u00e9<\/h2>\n<ul>\n<li>\n<h3>Machines et \u00e9quipements industriels<\/h3>\n<p>Le v\u00e9rin \u00e0 t\u00e9 soud\u00e9 est largement utilis\u00e9 dans les machines et \u00e9quipements industriels, notamment dans les syst\u00e8mes hydrauliques. Il est compos\u00e9 d&#039;un piston et d&#039;un tube soud\u00e9s pour former une seule unit\u00e9. Cette conception offre plusieurs avantages par rapport aux autres types de v\u00e9rins, tels qu&#039;une durabilit\u00e9 accrue, une r\u00e9sistance accrue et une plus grande pr\u00e9cision.<\/p>\n<p>L&#039;une des applications les plus importantes du v\u00e9rin \u00e0 t\u00e9 soud\u00e9 dans les machines industrielles est sa capacit\u00e9 \u00e0 fournir une force constante et pr\u00e9cise. Ceci est essentiel pour de nombreux processus de fabrication, o\u00f9 un contr\u00f4le pr\u00e9cis est n\u00e9cessaire pour garantir la qualit\u00e9 du produit final. Le v\u00e9rin \u00e0 t\u00e9 soud\u00e9 peut \u00e9galement \u00eatre utilis\u00e9 pour r\u00e9guler le d\u00e9bit des fluides dans les syst\u00e8mes hydrauliques, offrant ainsi une efficacit\u00e9 et une fiabilit\u00e9 accrues dans diverses applications industrielles.<\/li>\n<li>\n<h3>\u00c9quipement agricole<\/h3>\n<p>Le v\u00e9rin en T soud\u00e9 est \u00e9galement couramment utilis\u00e9 dans les \u00e9quipements agricoles, tels que les tracteurs et les moissonneuses-batteuses. Ces machines n\u00e9cessitent des syst\u00e8mes hydrauliques puissants et fiables pour fonctionner efficacement, et le v\u00e9rin en T soud\u00e9 est le choix id\u00e9al \u00e0 cet effet.<\/p>\n<p>La construction robuste et la haute r\u00e9sistance du v\u00e9rin lui conf\u00e8rent une grande r\u00e9sistance \u00e0 l&#039;usure, m\u00eame dans des conditions d&#039;utilisation difficiles. Il constitue donc un choix id\u00e9al pour les \u00e9quipements agricoles, o\u00f9 la durabilit\u00e9 est un crit\u00e8re essentiel. Le v\u00e9rin \u00e0 t\u00e9 soud\u00e9 peut \u00e9galement \u00eatre utilis\u00e9 pour assurer le contr\u00f4le pr\u00e9cis requis pour de nombreux processus agricoles, tels que la plantation, la r\u00e9colte et l&#039;irrigation.<\/li>\n<li>\n<h3>\u00c9quipement de construction<\/h3>\n<p>Le v\u00e9rin \u00e0 t\u00e9 soud\u00e9 est \u00e9galement largement utilis\u00e9 dans les engins de chantier, tels que les excavatrices, les r\u00e9trocaveuses et les bulldozers. Ces machines n\u00e9cessitent des syst\u00e8mes hydrauliques puissants et fiables pour effectuer des t\u00e2ches exigeantes, comme creuser, soulever et pousser des charges lourdes.<\/p>\n<p>La r\u00e9sistance et la durabilit\u00e9 \u00e9lev\u00e9es du v\u00e9rin \u00e0 t\u00e9 soud\u00e9 en font un choix id\u00e9al pour les engins de chantier. Son contr\u00f4le pr\u00e9cis et sa force constante sont essentiels \u00e0 de nombreux travaux de construction, tels que l&#039;excavation, le nivellement et le pavage. Le v\u00e9rin \u00e0 t\u00e9 soud\u00e9 peut \u00e9galement \u00eatre utilis\u00e9 pour r\u00e9guler le d\u00e9bit des fluides dans les syst\u00e8mes hydrauliques, am\u00e9liorant ainsi l&#039;efficacit\u00e9 et la fiabilit\u00e9 des engins de chantier dans diverses applications.<\/li>\n<\/ul>\n<h3>\u00c0 propos de FMP<\/h3>\n<p>FMP est un fabricant et fournisseur leader de v\u00e9rins hydrauliques, fort de plus de 30 ans d'exp\u00e9rience dans le secteur. Bas\u00e9s en Italie, nous disposons d'un parc industriel ultramoderne comptant plus de 100 \u00e9quipements de pointe. Notre vaste gamme d'\u00e9quipements comprend des soudeuses automatiques sous gaz de protection, des al\u00e9seuses profondes, des tours CNC, des rectifieuses cylindriques, des machines de nettoyage et d'installation automatiques, des bancs d'essai automatiques de performance des v\u00e9rins hydrauliques et des lignes de peinture automatiques.<\/p>\n<p><img decoding=\"async\" src=\"https:\/\/fmp-components.com\/wp-content\/uploads\/2024\/12\/fmp-factory-4.webp\" alt=\"Usine FMP\" width=\"800\" title=\"\"><\/p>\n<p>Chez FMP, nous sommes fiers de fournir \u00e0 nos clients des v\u00e9rins hydrauliques de haute qualit\u00e9. Chaque v\u00e9rin hydraulique est soumis \u00e0 un traitement et \u00e0 des contr\u00f4les rigoureux pour garantir une qualit\u00e9 sup\u00e9rieure. Notre gamme de produits comprend\u00a0:<\/p>\n<ol>\n<li style=\"list-style-type: none;\">\n<ol>\n<li>V\u00e9rin hydraulique<\/li>\n<\/ol>\n<\/li>\n<\/ol>\n<p>Nos v\u00e9rins hydrauliques sont con\u00e7us pour r\u00e9pondre \u00e0 divers besoins industriels. Ils sont fabriqu\u00e9s et test\u00e9s avec soin pour une performance et une durabilit\u00e9 optimales.<\/p>\n<ol>\n<li style=\"list-style-type: none;\">\n<ol>\n<li>V\u00e9rin hydraulique V\u00e9rin de boucle d'oreille<\/li>\n<\/ol>\n<\/li>\n<\/ol>\n<p>Nos cylindres pour boucles d'oreilles sont sp\u00e9cialement con\u00e7us pour offrir des performances efficaces et fiables dans une large gamme d'applications. Ils sont soumis \u00e0 des tests rigoureux pour garantir leur fonctionnalit\u00e9 et leur long\u00e9vit\u00e9.<\/p>\n<ol>\n<li style=\"list-style-type: none;\">\n<ol>\n<li>V\u00e9rin hydraulique t\u00e9lescopique automatique bidirectionnel<\/li>\n<\/ol>\n<\/li>\n<\/ol>\n<p>Gr\u00e2ce \u00e0 nos v\u00e9rins hydrauliques t\u00e9lescopiques automatiques bidirectionnels, vous b\u00e9n\u00e9ficiez d'un fonctionnement fluide et pr\u00e9cis. Con\u00e7us pour supporter de lourdes charges, ils offrent un excellent contr\u00f4le.<\/p>\n<ol>\n<li style=\"list-style-type: none;\">\n<ol>\n<li>Service de conception<\/li>\n<\/ol>\n<\/li>\n<\/ol>\n<p>Notre \u00e9quipe de conception exp\u00e9riment\u00e9e est l\u00e0 pour vous accompagner dans la conception et le d\u00e9veloppement de vos produits. Que vous ayez besoin d'un nouveau produit ou d'am\u00e9liorer vos produits existants, nous sommes l\u00e0 pour r\u00e9pondre \u00e0 vos besoins.<\/p>\n<ol>\n<li style=\"list-style-type: none;\">\n<ol>\n<li>Service produit<\/li>\n<\/ol>\n<\/li>\n<\/ol>\n<p>De l'approvisionnement en mati\u00e8res premi\u00e8res de qualit\u00e9 sup\u00e9rieure \u00e0 l'emballage et au transport, nous garantissons un service produit irr\u00e9prochable. Chaque \u00e9tape, de la d\u00e9coupe \u00e0 l'usinage, en passant par les tests, le nettoyage et l'assemblage, est soigneusement ex\u00e9cut\u00e9e pour garantir des produits de la plus haute qualit\u00e9.<\/p>\n<p>Outre ces produits et services, nous proposons le d\u00e9veloppement d'\u00e9chantillons sur mesure. Notre \u00e9quipe d\u00e9di\u00e9e peut constamment modifier les \u00e9chantillons pour r\u00e9pondre \u00e0 vos besoins sp\u00e9cifiques. De plus, nous restons \u00e0 l'avant-garde des tendances du march\u00e9 et investissons dans la recherche et le d\u00e9veloppement. Cela nous permet d'\u00e9tudier les nouveaux besoins du march\u00e9 et de d\u00e9velopper des mod\u00e8les de v\u00e9rins hydrauliques innovants, adapt\u00e9s aux exigences d'une industrie automobile en pleine \u00e9volution.<\/p>\n<p>Choisissez FMP pour tous vos besoins en v\u00e9rins hydrauliques. Nous nous engageons \u00e0 fournir des produits de qualit\u00e9 sup\u00e9rieure et un service client irr\u00e9prochable. Contactez-nous d\u00e8s aujourd'hui pour discuter de vos besoins et faites de nous votre partenaire de confiance.<\/p>\n<p>&nbsp;<\/p>\n<h2>FAQ<\/h2>\n<h3>Q1 : Quelle est la capacit\u00e9 de charge du v\u00e9rin \u00e0 piston hydraulique ?<\/h3>\n<p>R : La capacit\u00e9 de charge est d\u00e9taill\u00e9e dans le tableau des sp\u00e9cifications du produit ci-dessus.<\/p>\n<h3>Q2 : Comment fonctionne un v\u00e9rin \u00e0 piston hydraulique ?<\/h3>\n<p>R : Le v\u00e9rin \u00e0 piston hydraulique fonctionne sur le principe de la puissance hydraulique o\u00f9 le fluide hydraulique sous pression est utilis\u00e9 pour g\u00e9n\u00e9rer de la force et du mouvement.<\/p>\n<h3>Q3 : Comment savoir quand remplacer l\u2019huile hydraulique et les joints ?<\/h3>\n<p>R : FMP fournit des conseils d\u00e9taill\u00e9s sur le moment et la mani\u00e8re de remplacer l\u2019huile hydraulique et les joints.<\/p>\n<h3>Q4 : Puis-je personnaliser mon v\u00e9rin \u00e0 piston hydraulique ?<\/h3>\n<p>R : Oui, FMP accepte la personnalisation bas\u00e9e sur des dessins ou des \u00e9chantillons fournis par les clients.<\/p>\n<h3>Q5 : Quel type d'assistance puis-je attendre de FMP apr\u00e8s l'achat ?<\/h3>\n<p>R : FMP fournit des conseils complets sur l'installation, l'entretien et la r\u00e9paration, garantissant ainsi que votre v\u00e9rin \u00e0 piston hydraulique fonctionne de mani\u00e8re optimale.<\/p>\n<p>Auteur : CX<\/p>","protected":false},"excerpt":{"rendered":"<p>The High Quality Welded Hydraulic Piston Cylinder is specifically designed for agricultural applications, providing robust and reliable performance in demanding environments. This cylinder combines advanced engineering with high-quality materials, ensuring optimal functionality and durability for various farming tasks. Key Features: Welded Construction: Engineered with high-strength welded joints to enhance structural integrity and prevent leaks, making [&hellip;]<\/p>","protected":false},"featured_media":1132,"comment_status":"closed","ping_status":"closed","template":"","meta":{"_et_pb_use_builder":"","_et_pb_old_content":"","_et_gb_content_width":""},"product_brand":[],"product_cat":[31],"product_tag":[34,35],"class_list":{"0":"post-944","1":"product","2":"type-product","3":"status-publish","4":"has-post-thumbnail","6":"product_cat-welded-tee-type-cylinder","7":"product_tag-hydraulic-cylinder","8":"product_tag-welded-tee-type-cylinder","10":"first","11":"instock","12":"product-type-simple"},"_links":{"self":[{"href":"https:\/\/fmp-components.com\/fr\/wp-json\/wp\/v2\/product\/944","targetHints":{"allow":["GET"]}}],"collection":[{"href":"https:\/\/fmp-components.com\/fr\/wp-json\/wp\/v2\/product"}],"about":[{"href":"https:\/\/fmp-components.com\/fr\/wp-json\/wp\/v2\/types\/product"}],"replies":[{"embeddable":true,"href":"https:\/\/fmp-components.com\/fr\/wp-json\/wp\/v2\/comments?post=944"}],"wp:featuredmedia":[{"embeddable":true,"href":"https:\/\/fmp-components.com\/fr\/wp-json\/wp\/v2\/media\/1132"}],"wp:attachment":[{"href":"https:\/\/fmp-components.com\/fr\/wp-json\/wp\/v2\/media?parent=944"}],"wp:term":[{"taxonomy":"product_brand","embeddable":true,"href":"https:\/\/fmp-components.com\/fr\/wp-json\/wp\/v2\/product_brand?post=944"},{"taxonomy":"product_cat","embeddable":true,"href":"https:\/\/fmp-components.com\/fr\/wp-json\/wp\/v2\/product_cat?post=944"},{"taxonomy":"product_tag","embeddable":true,"href":"https:\/\/fmp-components.com\/fr\/wp-json\/wp\/v2\/product_tag?post=944"}],"curies":[{"name":"wp","href":"https:\/\/api.w.org\/{rel}","templated":true}]}}