{"id":941,"date":"2024-12-19T03:39:43","date_gmt":"2024-12-19T03:39:43","guid":{"rendered":"https:\/\/fmp-components.com\/product\/10021-hot-sale-customized-hydraulic-cylinder-for-agriculture\/"},"modified":"2024-12-19T08:54:09","modified_gmt":"2024-12-19T08:54:09","slug":"10021-hot-sale-customized-hydraulic-cylinder-for-agriculture","status":"publish","type":"product","link":"https:\/\/fmp-components.com\/fr\/product\/10021-hot-sale-customized-hydraulic-cylinder-for-agriculture\/","title":{"rendered":"Cylindre hydraulique personnalis\u00e9 pour l&#039;agriculture, offre sp\u00e9ciale 10021"},"content":{"rendered":"<p>Le v\u00e9rin hydraulique personnalis\u00e9 10021, en promotion, est sp\u00e9cialement con\u00e7u pour les applications agricoles et offre des solutions sur mesure r\u00e9pondant aux besoins vari\u00e9s des agriculteurs. Ce v\u00e9rin hydraulique allie une construction robuste \u00e0 des fonctionnalit\u00e9s personnalisables, garantissant des performances optimales pour diverses t\u00e2ches agricoles.<\/p>\n<h4>Caract\u00e9ristiques principales :<\/h4>\n<ul>\n<li><strong>Conception personnalis\u00e9e<\/strong>Con\u00e7us sur mesure pour r\u00e9pondre \u00e0 des exigences sp\u00e9cifiques, ils facilitent la compatibilit\u00e9 avec une large gamme d'\u00e9quipements et de machines agricoles.<\/li>\n<li><strong>Construction de haute qualit\u00e9<\/strong>Fabriqu\u00e9 \u00e0 partir de mat\u00e9riaux durables pour garantir long\u00e9vit\u00e9 et fiabilit\u00e9, capable de r\u00e9sister aux rigueurs de l'utilisation agricole.<\/li>\n<li><strong>M\u00e9canisme \u00e0 double effet<\/strong>: Assure un fonctionnement efficace en extension comme en r\u00e9traction, permettant un contr\u00f4le pr\u00e9cis lors des op\u00e9rations de levage et d'abaissement.<\/li>\n<li><strong>Rev\u00eatement r\u00e9sistant \u00e0 la corrosion<\/strong>Trait\u00e9s avec des finitions protectrices pour pr\u00e9venir la rouille et la corrosion, ils garantissent une performance durable en ext\u00e9rieur.<\/li>\n<li><strong>Installation facile<\/strong>Con\u00e7u pour une int\u00e9gration simple dans les syst\u00e8mes agricoles existants, minimisant les temps d'arr\u00eat et am\u00e9liorant la productivit\u00e9.<\/li>\n<\/ul>\n<p><img loading=\"lazy\" decoding=\"async\" class=\"size-full wp-image-977 aligncenter\" src=\"https:\/\/fmp-components.com\/wp-content\/uploads\/2024\/12\/Welded-Tee-Type-Cylinder3.webp\" alt=\"Cylindre de type T soud\u00e9\" width=\"653\" height=\"600\" title=\"\" srcset=\"https:\/\/fmp-components.com\/wp-content\/uploads\/2024\/12\/Welded-Tee-Type-Cylinder3.webp 653w, https:\/\/fmp-components.com\/wp-content\/uploads\/2024\/12\/Welded-Tee-Type-Cylinder3-480x441.webp 480w\" sizes=\"(min-width: 0px) and (max-width: 480px) 480px, (min-width: 481px) 653px, 100vw\" \/><\/p>\n<h4>Avantages:<\/h4>\n<ul>\n<li><strong>Efficacit\u00e9 am\u00e9lior\u00e9e<\/strong>Optimise les performances des machines agricoles, facilitant ainsi des op\u00e9rations fluides et efficaces sur le terrain.<\/li>\n<li><strong>Applications polyvalentes<\/strong>Adapt\u00e9 \u00e0 diverses t\u00e2ches, notamment soulever, pousser et tirer, ce qui en fait un choix polyvalent pour les agriculteurs.<\/li>\n<li><strong>Solution rentable<\/strong>Offre des performances \u00e9lev\u00e9es \u00e0 un prix comp\u00e9titif, garantissant un excellent rapport qualit\u00e9-prix.<\/li>\n<\/ul>\n<p>Le v\u00e9rin hydraulique personnalis\u00e9 10021, actuellement en promotion, est un composant essentiel des exploitations agricoles modernes. Il offre fiabilit\u00e9 et adaptabilit\u00e9. Sa conception robuste et ses options de personnalisation en font un atout pr\u00e9cieux pour tout parc de machines agricoles.<\/p>\n<h2>Avantages du cylindre de type T soud\u00e9<\/h2>\n<ul>\n<li style=\"list-style-type: none;\">\n<ul>\n<li><strong>Force accrue :<\/strong> Les v\u00e9rins en T soud\u00e9s sont r\u00e9put\u00e9s pour leur grande r\u00e9sistance, ce qui les rend adapt\u00e9s aux applications n\u00e9cessitant des levages lourds. Le proc\u00e9d\u00e9 de soudage utilis\u00e9 lors de leur fabrication garantit l&#039;absence de points faibles et une r\u00e9sistance \u00e9lev\u00e9e aux pressions et aux contraintes.<\/li>\n<\/ul>\n<\/li>\n<\/ul>\n<p>La pression exerc\u00e9e sur le cylindre se r\u00e9partit uniform\u00e9ment sur toute sa surface, ce qui le rend r\u00e9sistant \u00e0 la d\u00e9formation. Cette caract\u00e9ristique garantit que le cylindre conserve sa forme et son int\u00e9grit\u00e9 structurelle m\u00eame dans des conditions extr\u00eames.<\/p>\n<ul>\n<li style=\"list-style-type: none;\">\n<ul>\n<li><strong>Pr\u00e9vention des fuites :<\/strong> Les v\u00e9rins \u00e0 t\u00e9 soud\u00e9 sont con\u00e7us pour \u00e9viter les fuites. Le proc\u00e9d\u00e9 de soudage utilis\u00e9 lors de la fabrication garantit une \u00e9tanch\u00e9it\u00e9 parfaite et une \u00e9tanch\u00e9it\u00e9 parfaite. Cette caract\u00e9ristique les rend adapt\u00e9s aux applications o\u00f9 une fuite pourrait entra\u00eener des dommages graves ou des blessures.<\/li>\n<\/ul>\n<\/li>\n<\/ul>\n<p>Les joints soud\u00e9s sont lisses, sans crevasses ni rainures o\u00f9 des d\u00e9bris ou de la salet\u00e9 peuvent s&#039;accumuler, r\u00e9duisant ainsi le risque de corrosion et d&#039;endommagement du cylindre.<\/p>\n<ul>\n<li style=\"list-style-type: none;\">\n<ul>\n<li><strong>Personnalisable :<\/strong> Les v\u00e9rins en T soud\u00e9s peuvent \u00eatre personnalis\u00e9s pour r\u00e9pondre \u00e0 des applications sp\u00e9cifiques. Disponibles en diff\u00e9rentes tailles et formes, ils peuvent \u00eatre fabriqu\u00e9s pour r\u00e9pondre aux exigences sp\u00e9cifiques de chaque application.<\/li>\n<\/ul>\n<\/li>\n<\/ul>\n<p>Le processus de personnalisation permet d&#039;optimiser les performances du v\u00e9rin, garantissant ainsi son ad\u00e9quation \u00e0 l&#039;application pr\u00e9vue. Cette caract\u00e9ristique rend les v\u00e9rins \u00e0 t\u00e9 soud\u00e9 id\u00e9aux pour diverses applications industrielles, notamment la construction, l&#039;exploitation mini\u00e8re et la manutention.<\/p>\n<ul>\n<li style=\"list-style-type: none;\">\n<ul>\n<li><strong>Rentable :<\/strong> Les v\u00e9rins \u00e0 t\u00e9 soud\u00e9 sont plus \u00e9conomiques que les autres types de v\u00e9rins. Leur proc\u00e9d\u00e9 de fabrication est simple, ce qui les rend moins co\u00fbteux.<\/li>\n<\/ul>\n<\/li>\n<\/ul>\n<p>De plus, la r\u00e9sistance et la durabilit\u00e9 \u00e9lev\u00e9es des v\u00e9rins en T soud\u00e9s r\u00e9duisent les r\u00e9parations et remplacements fr\u00e9quents, r\u00e9duisant ainsi les co\u00fbts de maintenance. Cette caract\u00e9ristique en fait un choix populaire pour de nombreuses industries, notamment celles disposant d&#039;un budget limit\u00e9.<\/p>\n<ul>\n<li style=\"list-style-type: none;\">\n<ul>\n<li><strong>Efficacit\u00e9 accrue :<\/strong> Les v\u00e9rins \u00e0 t\u00e9 soud\u00e9 sont tr\u00e8s performants. Leur conception garantit que la force appliqu\u00e9e est transmise directement \u00e0 la charge, r\u00e9duisant ainsi les pertes d&#039;\u00e9nergie et augmentant l&#039;efficacit\u00e9.<\/li>\n<\/ul>\n<\/li>\n<\/ul>\n<p>Les joints soud\u00e9s sont robustes et rigides, minimisant la d\u00e9flexion et garantissant la stabilit\u00e9 structurelle du v\u00e9rin, m\u00eame dans des conditions extr\u00eames. Cette caract\u00e9ristique rend les v\u00e9rins \u00e0 t\u00e9 soud\u00e9 id\u00e9aux pour les applications exigeant une efficacit\u00e9 et une fiabilit\u00e9 \u00e9lev\u00e9es.<\/p>\n<h2>Application du cylindre de type T soud\u00e9<\/h2>\n<h3>Introduction<\/h3>\n<p>Le v\u00e9rin hydraulique \u00e0 t\u00e9 soud\u00e9 est couramment utilis\u00e9 dans les applications industrielles. Il est con\u00e7u pour fournir une force \u00e9lev\u00e9e dans un format compact et \u00e9conomique. Ce type de v\u00e9rin est constitu\u00e9 d&#039;un t\u00e9 soud\u00e9 et d&#039;une tige de piston fix\u00e9e au t\u00e9. Le t\u00e9 est reli\u00e9 au corps du v\u00e9rin et contient un piston qui effectue des mouvements de va-et-vient \u00e0 l&#039;int\u00e9rieur du corps pour g\u00e9n\u00e9rer la force.<\/p>\n<h3>Avantages du cylindre de type T soud\u00e9<\/h3>\n<p>L&#039;utilisation d&#039;un v\u00e9rin de type T soud\u00e9 dans les applications industrielles pr\u00e9sente plusieurs avantages :<\/p>\n<ul>\n<li><b>Conception compacte :<\/b> Les v\u00e9rins de type T soud\u00e9s sont con\u00e7us pour \u00eatre compacts, ce qui les rend id\u00e9aux pour une utilisation dans des applications o\u00f9 l&#039;espace est limit\u00e9.<\/li>\n<li><b>Haute efficacit\u00e9 :<\/b> Les v\u00e9rins de type T soud\u00e9 sont tr\u00e8s efficaces, ce qui signifie qu&#039;ils peuvent g\u00e9n\u00e9rer une grande quantit\u00e9 de force avec un apport d&#039;\u00e9nergie minimal.<\/li>\n<li><b>Durable:<\/b> Les v\u00e9rins de type T soud\u00e9s sont con\u00e7us pour \u00eatre tr\u00e8s durables, ce qui signifie qu&#039;ils peuvent r\u00e9sister \u00e0 des conditions de fonctionnement difficiles et durer longtemps.<\/li>\n<li><b>Rentable :<\/b> Les v\u00e9rins de type T soud\u00e9s sont rentables, ce qui signifie qu&#039;ils offrent un bon rapport qualit\u00e9-prix.<\/li>\n<\/ul>\n<p><img loading=\"lazy\" decoding=\"async\" class=\"alignnone size-full wp-image-974\" src=\"https:\/\/fmp-components.com\/wp-content\/uploads\/2024\/12\/application-of-Welded-Tee-Type-Cylinder.webp\" alt=\"application-de-cylindre-de-type-T-soud\u00e9\" width=\"760\" height=\"860\" title=\"\" srcset=\"https:\/\/fmp-components.com\/wp-content\/uploads\/2024\/12\/application-of-Welded-Tee-Type-Cylinder.webp 760w, https:\/\/fmp-components.com\/wp-content\/uploads\/2024\/12\/application-of-Welded-Tee-Type-Cylinder-480x543.webp 480w\" sizes=\"(min-width: 0px) and (max-width: 480px) 480px, (min-width: 481px) 760px, 100vw\" \/><\/p>\n<h3>Applications du cylindre de type T soud\u00e9<\/h3>\n<p>Il existe de nombreuses applications pour les cylindres de type T soud\u00e9s dans diverses industries, notamment :<\/p>\n<ul>\n<li><b>Fabrication:<\/b> Les v\u00e9rins de type T soud\u00e9s sont utilis\u00e9s dans la fabrication pour faire fonctionner des machines, d\u00e9placer des charges lourdes et fa\u00e7onner des pi\u00e8ces m\u00e9talliques.<\/li>\n<li><b>Agriculture:<\/b> Les v\u00e9rins de type T soud\u00e9s sont utilis\u00e9s dans l&#039;agriculture pour faire fonctionner les syst\u00e8mes hydrauliques des tracteurs, des moissonneuses et d&#039;autres \u00e9quipements agricoles.<\/li>\n<li><b>Construction:<\/b> Les v\u00e9rins de type T soud\u00e9s sont utilis\u00e9s dans la construction pour faire fonctionner des machines telles que des grues, des excavatrices et des pelles r\u00e9trocaveuses.<\/li>\n<li><b>Exploitation mini\u00e8re:<\/b> Les v\u00e9rins de type T soud\u00e9s sont utilis\u00e9s dans l&#039;exploitation mini\u00e8re pour faire fonctionner les syst\u00e8mes hydrauliques sur les \u00e9quipements lourds tels que les bulldozers, les chargeuses et les marteaux perforateurs.<\/li>\n<li><b>Transport:<\/b> Les v\u00e9rins de type T soud\u00e9s sont utilis\u00e9s dans les transports pour faire fonctionner les syst\u00e8mes hydrauliques des camions, des bus et d&#039;autres v\u00e9hicules.<\/li>\n<\/ul>\n<p>En conclusion, les v\u00e9rins \u00e0 t\u00e9 soud\u00e9 sont un composant important dans de nombreuses applications industrielles. Compacts, efficaces, durables et \u00e9conomiques, ils constituent un choix id\u00e9al pour un large \u00e9ventail d&#039;applications. Que vous utilisiez des machines dans une usine, du mat\u00e9riel agricole dans une ferme ou des \u00e9quipements lourds dans une mine, les v\u00e9rins \u00e0 t\u00e9 soud\u00e9 vous permettent d&#039;effectuer vos travaux efficacement.<\/p>\n<h3>\u00c0 propos de FMP<\/h3>\n<p>FMP est un fabricant leader de v\u00e9rins hydrauliques de haute qualit\u00e9, fort de plus de 30 ans d'exp\u00e9rience dans le secteur. Notre site industriel est situ\u00e9 en Italie et nous disposons de plus de 100 \u00e9quipements, dont des machines de soudage automatique sous protection gazeuse, des al\u00e9seuses profondes, des tours CNC, des rectifieuses cylindriques, des machines de nettoyage automatiques, des machines d'installation automatiques, des bancs d'essai de performance automatiques pour v\u00e9rins hydrauliques et des lignes de peinture automatis\u00e9es.<\/p>\n<p>Nous proposons diff\u00e9rents types de v\u00e9rins hydrauliques, notamment des v\u00e9rins \u00e0 boucle d'oreille hydrauliques, des v\u00e9rins hydrauliques t\u00e9lescopiques automatiques bidirectionnels, et bien plus encore, tous soumis \u00e0 un traitement et \u00e0 un contr\u00f4le rigoureux afin de garantir la qualit\u00e9 \u00e0 nos clients.<\/p>\n<h4>Nos services et avantages<\/h4>\n<ol>\n<li><strong>Service de conception :<\/strong> Notre \u00e9quipe de conception poss\u00e8de une vaste exp\u00e9rience dans la conception et le d\u00e9veloppement de produits \u00e0 arbre universel. Nous pouvons vous accompagner dans le d\u00e9veloppement de nouveaux produits ou l'am\u00e9lioration de vos produits existants.<\/li>\n<li><strong>Service produit :<\/strong> Notre processus de production comprend la s\u00e9lection des mati\u00e8res premi\u00e8res, la d\u00e9coupe, le d\u00e9grossissage, les tests, le nettoyage, l'assemblage, l'emballage et le transport afin de garantir que nos produits r\u00e9pondent aux normes de qualit\u00e9 les plus \u00e9lev\u00e9es.<\/li>\n<li><strong>Exemple de processus :<\/strong> Nous pouvons d\u00e9velopper des \u00e9chantillons selon vos exigences et les modifier en continu pour r\u00e9pondre \u00e0 vos besoins. Ainsi, vous avez la garantie de recevoir le produit exact adapt\u00e9 \u00e0 votre application sp\u00e9cifique.<\/li>\n<li><strong>R&amp;D :<\/strong> Notre \u00e9quipe \u00e9tudie constamment le march\u00e9 afin de d\u00e9velopper de nouveaux mod\u00e8les r\u00e9pondant aux besoins \u00e9mergents. Ainsi, nous restons \u00e0 la pointe du secteur et proposons \u00e0 nos clients les produits les plus performants et les plus r\u00e9cents.<\/li>\n<li><strong>Personnalisation :<\/strong> Nous acceptons les commandes sur mesure et pouvons fabriquer des v\u00e9rins hydrauliques r\u00e9pondant \u00e0 vos sp\u00e9cifications exactes. Gr\u00e2ce \u00e0 notre \u00e9quipement complet et \u00e0 notre \u00e9quipe de professionnels, nous sommes en mesure de proposer une solution personnalis\u00e9e \u00e0 chacun de nos clients.<\/li>\n<\/ol>\n<p>En choisissant FMP, vous avez l'assurance d'obtenir des v\u00e9rins hydrauliques de haute qualit\u00e9, con\u00e7us et fabriqu\u00e9s avec le plus grand soin. Contactez-nous pour d\u00e9couvrir comment nous pouvons r\u00e9pondre \u00e0 vos besoins en v\u00e9rins hydrauliques.<\/p>\n<p><img decoding=\"async\" src=\"https:\/\/fmp-components.com\/wp-content\/uploads\/2024\/12\/fmp-factory-4.webp\" alt=\"Usine FMP\" width=\"800\" title=\"\"><br \/>\nAuteur : CX<\/p>","protected":false},"excerpt":{"rendered":"<p>The 10021 Hot Sale Customized Hydraulic Cylinder is specifically designed for agricultural applications, providing tailored solutions to meet the diverse needs of farmers. This hydraulic cylinder combines robust construction with customizable features, ensuring optimal performance in various farming tasks. Key Features: Customized Design: Tailored to meet specific requirements, facilitating compatibility with a wide range of [&hellip;]<\/p>","protected":false},"featured_media":1132,"comment_status":"closed","ping_status":"closed","template":"","meta":{"_et_pb_use_builder":"","_et_pb_old_content":"","_et_gb_content_width":""},"product_brand":[],"product_cat":[31],"product_tag":[34,35],"class_list":{"0":"post-941","1":"product","2":"type-product","3":"status-publish","4":"has-post-thumbnail","6":"product_cat-welded-tee-type-cylinder","7":"product_tag-hydraulic-cylinder","8":"product_tag-welded-tee-type-cylinder","10":"first","11":"instock","12":"product-type-simple"},"_links":{"self":[{"href":"https:\/\/fmp-components.com\/fr\/wp-json\/wp\/v2\/product\/941","targetHints":{"allow":["GET"]}}],"collection":[{"href":"https:\/\/fmp-components.com\/fr\/wp-json\/wp\/v2\/product"}],"about":[{"href":"https:\/\/fmp-components.com\/fr\/wp-json\/wp\/v2\/types\/product"}],"replies":[{"embeddable":true,"href":"https:\/\/fmp-components.com\/fr\/wp-json\/wp\/v2\/comments?post=941"}],"wp:featuredmedia":[{"embeddable":true,"href":"https:\/\/fmp-components.com\/fr\/wp-json\/wp\/v2\/media\/1132"}],"wp:attachment":[{"href":"https:\/\/fmp-components.com\/fr\/wp-json\/wp\/v2\/media?parent=941"}],"wp:term":[{"taxonomy":"product_brand","embeddable":true,"href":"https:\/\/fmp-components.com\/fr\/wp-json\/wp\/v2\/product_brand?post=941"},{"taxonomy":"product_cat","embeddable":true,"href":"https:\/\/fmp-components.com\/fr\/wp-json\/wp\/v2\/product_cat?post=941"},{"taxonomy":"product_tag","embeddable":true,"href":"https:\/\/fmp-components.com\/fr\/wp-json\/wp\/v2\/product_tag?post=941"}],"curies":[{"name":"wp","href":"https:\/\/api.w.org\/{rel}","templated":true}]}}