{"id":934,"date":"2024-12-19T03:39:00","date_gmt":"2024-12-19T03:39:00","guid":{"rendered":"https:\/\/fmp-components.com\/product\/10014-cost-effective-customized-mini-hydraulic-cylinder-hydraulic-ram-cylinder\/"},"modified":"2024-12-19T09:04:30","modified_gmt":"2024-12-19T09:04:30","slug":"10014-cost-effective-customized-mini-hydraulic-cylinder-hydraulic-ram-cylinder","status":"publish","type":"product","link":"https:\/\/fmp-components.com\/fr\/product\/10014-cost-effective-customized-mini-hydraulic-cylinder-hydraulic-ram-cylinder\/","title":{"rendered":"Mini v\u00e9rin hydraulique personnalis\u00e9 \u00e9conomique 10014"},"content":{"rendered":"<p>Le mini-v\u00e9rin hydraulique personnalis\u00e9 \u00e9conomique 10014 est con\u00e7u pour offrir des performances fiables dans un format compact, ce qui en fait la solution id\u00e9ale pour de nombreuses applications. Con\u00e7u pour allier efficacit\u00e9 et polyvalence, ce v\u00e9rin hydraulique est id\u00e9al pour les industries qui recherchent des solutions hydrauliques fiables \u00e0 un prix abordable.<\/p>\n<p><img loading=\"lazy\" decoding=\"async\" class=\"size-full wp-image-977 aligncenter\" src=\"https:\/\/fmp-components.com\/wp-content\/uploads\/2024\/12\/Welded-Tee-Type-Cylinder3.webp\" alt=\"Cylindre de type T soud\u00e9\" width=\"653\" height=\"600\" title=\"\" srcset=\"https:\/\/fmp-components.com\/wp-content\/uploads\/2024\/12\/Welded-Tee-Type-Cylinder3.webp 653w, https:\/\/fmp-components.com\/wp-content\/uploads\/2024\/12\/Welded-Tee-Type-Cylinder3-480x441.webp 480w\" sizes=\"(min-width: 0px) and (max-width: 480px) 480px, (min-width: 481px) 653px, 100vw\" \/><\/p>\n<h4>Caract\u00e9ristiques principales :<\/h4>\n<ul>\n<li><strong>Conception rentable :<\/strong><br \/>\nCe mini-v\u00e9rin hydraulique offre un excellent compromis entre qualit\u00e9 et prix abordable. Con\u00e7u pour offrir des performances \u00e9lev\u00e9es \u00e0 un prix comp\u00e9titif, il est accessible \u00e0 un large \u00e9ventail d&#039;applications sans compromettre la fiabilit\u00e9.<\/li>\n<li><strong>Options personnalis\u00e9es :<\/strong><br \/>\nLe v\u00e9rin hydraulique 10014 peut \u00eatre personnalis\u00e9 pour r\u00e9pondre \u00e0 des exigences sp\u00e9cifiques. Que vous ayez besoin de diff\u00e9rents al\u00e9sages, courses ou types de raccordement, nos options personnalis\u00e9es vous garantissent une solution parfaitement adapt\u00e9e \u00e0 votre application.<\/li>\n<li><strong>Taille compacte :<\/strong><br \/>\nLa conception compacte de ce v\u00e9rin hydraulique permet une installation facile dans les espaces restreints, le rendant ainsi id\u00e9al pour les applications o\u00f9 des v\u00e9rins plus grands seraient peu pratiques. Sa compacit\u00e9 ne compromet pas la puissance, garantissant des performances optimales m\u00eame dans les espaces restreints.<\/li>\n<li><strong>Construction durable :<\/strong><br \/>\nFabriqu\u00e9 avec des mat\u00e9riaux de haute qualit\u00e9, ce v\u00e9rin hydraulique est con\u00e7u pour durer et durer longtemps. Il est con\u00e7u pour r\u00e9sister aux conditions de travail difficiles, garantissant un fonctionnement fiable dans divers environnements.<\/li>\n<li><strong>Applications polyvalentes :<\/strong><br \/>\nLe mini-v\u00e9rin hydraulique 10014 convient \u00e0 un large \u00e9ventail d&#039;applications, notamment automobiles, agricoles et industrielles. Sa polyvalence en fait un outil pr\u00e9cieux pour les t\u00e2ches n\u00e9cessitant une puissance hydraulique pr\u00e9cise et efficace.<\/li>\n<\/ul>\n<h4>Sp\u00e9cifications techniques :<\/h4>\n<table style=\"width: 93.9247%; height: 189px;\">\n<thead>\n<tr style=\"height: 23px;\">\n<th style=\"height: 23px;\">Sp\u00e9cification<\/th>\n<th style=\"height: 23px;\">Description<\/th>\n<\/tr>\n<\/thead>\n<tbody>\n<tr style=\"height: 23px;\">\n<td style=\"height: 23px;\"><strong>Taille de l&#039;al\u00e9sage<\/strong><\/td>\n<td style=\"height: 23px;\">Personnalisable<\/td>\n<\/tr>\n<tr style=\"height: 23px;\">\n<td style=\"height: 23px;\"><strong>Longueur de course<\/strong><\/td>\n<td style=\"height: 23px;\">Diff\u00e9rentes options disponibles<\/td>\n<\/tr>\n<tr style=\"height: 23px;\">\n<td style=\"height: 23px;\"><strong>Pression maximale<\/strong><\/td>\n<td style=\"height: 23px;\">Jusqu&#039;\u00e0 3000 PSI<\/td>\n<\/tr>\n<tr style=\"height: 23px;\">\n<td style=\"height: 23px;\"><strong>Mat\u00e9riel<\/strong><\/td>\n<td style=\"height: 23px;\">Acier ou aluminium de haute qualit\u00e9<\/td>\n<\/tr>\n<tr style=\"height: 23px;\">\n<td style=\"height: 23px;\"><strong>Type de connexion<\/strong><\/td>\n<td style=\"height: 23px;\">\u00c0 brides ou filet\u00e9es<\/td>\n<\/tr>\n<\/tbody>\n<\/table>\n<h4>Principe de fonctionnement :<\/h4>\n<p>Le mini-v\u00e9rin hydraulique 10014 fonctionne selon le principe de la pression du fluide hydraulique. Lorsque le fluide hydraulique p\u00e9n\u00e8tre dans le v\u00e9rin, il exerce une force sur le piston, g\u00e9n\u00e9rant un mouvement lin\u00e9aire. Ce transfert de puissance efficace permet un mouvement et un fonctionnement contr\u00f4l\u00e9s dans diverses applications.<\/p>\n<p>En r\u00e9sum\u00e9, le mini-v\u00e9rin hydraulique personnalis\u00e9 \u00e9conomique 10014 est une solution efficace et fiable pour un large \u00e9ventail d&#039;applications. Sa conception \u00e9conomique, ses fonctionnalit\u00e9s personnalisables et sa taille compacte en font un excellent choix pour ceux qui recherchent une solution hydraulique puissante sans d\u00e9passer leur budget. Que ce soit pour une utilisation industrielle, agricole ou automobile, ce v\u00e9rin hydraulique est con\u00e7u pour r\u00e9pondre efficacement \u00e0 vos besoins.<\/p>\n<p><img loading=\"lazy\" decoding=\"async\" class=\"size-full wp-image-976 aligncenter\" src=\"https:\/\/fmp-components.com\/wp-content\/uploads\/2024\/12\/Welded-Tee-Type-Cylinder2.webp\" alt=\"Cylindre de type T soud\u00e9\" width=\"764\" height=\"675\" title=\"\" srcset=\"https:\/\/fmp-components.com\/wp-content\/uploads\/2024\/12\/Welded-Tee-Type-Cylinder2.webp 764w, https:\/\/fmp-components.com\/wp-content\/uploads\/2024\/12\/Welded-Tee-Type-Cylinder2-480x424.webp 480w\" sizes=\"(min-width: 0px) and (max-width: 480px) 480px, (min-width: 481px) 764px, 100vw\" \/><\/p>\n<h2>Avantages du cylindre de type T soud\u00e9<\/h2>\n<ul>\n<li style=\"list-style-type: none;\">\n<ul>\n<li><strong>Force accrue :<\/strong> Les v\u00e9rins en T soud\u00e9s sont r\u00e9put\u00e9s pour leur grande r\u00e9sistance, ce qui les rend adapt\u00e9s aux applications n\u00e9cessitant des levages lourds. Le proc\u00e9d\u00e9 de soudage utilis\u00e9 lors de leur fabrication garantit l&#039;absence de points faibles et une r\u00e9sistance \u00e9lev\u00e9e aux pressions et aux contraintes.<\/li>\n<\/ul>\n<\/li>\n<\/ul>\n<p>La pression exerc\u00e9e sur le cylindre se r\u00e9partit uniform\u00e9ment sur toute sa surface, ce qui le rend r\u00e9sistant \u00e0 la d\u00e9formation. Cette caract\u00e9ristique garantit que le cylindre conserve sa forme et son int\u00e9grit\u00e9 structurelle m\u00eame dans des conditions extr\u00eames.<\/p>\n<ul>\n<li style=\"list-style-type: none;\">\n<ul>\n<li><strong>Pr\u00e9vention des fuites :<\/strong> Les v\u00e9rins \u00e0 t\u00e9 soud\u00e9 sont con\u00e7us pour \u00e9viter les fuites. Le proc\u00e9d\u00e9 de soudage utilis\u00e9 lors de la fabrication garantit une \u00e9tanch\u00e9it\u00e9 parfaite et une \u00e9tanch\u00e9it\u00e9 parfaite. Cette caract\u00e9ristique les rend adapt\u00e9s aux applications o\u00f9 une fuite pourrait entra\u00eener des dommages graves ou des blessures.<\/li>\n<\/ul>\n<\/li>\n<\/ul>\n<p>Les joints soud\u00e9s sont lisses, sans crevasses ni rainures o\u00f9 des d\u00e9bris ou de la salet\u00e9 peuvent s&#039;accumuler, r\u00e9duisant ainsi le risque de corrosion et d&#039;endommagement du cylindre.<\/p>\n<ul>\n<li style=\"list-style-type: none;\">\n<ul>\n<li><strong>Personnalisable :<\/strong> Les v\u00e9rins en T soud\u00e9s peuvent \u00eatre personnalis\u00e9s pour r\u00e9pondre \u00e0 des applications sp\u00e9cifiques. Disponibles en diff\u00e9rentes tailles et formes, ils peuvent \u00eatre fabriqu\u00e9s pour r\u00e9pondre aux exigences sp\u00e9cifiques de chaque application.<\/li>\n<\/ul>\n<\/li>\n<\/ul>\n<p>Le processus de personnalisation permet d&#039;optimiser les performances du v\u00e9rin, garantissant ainsi son ad\u00e9quation \u00e0 l&#039;application pr\u00e9vue. Cette caract\u00e9ristique rend les v\u00e9rins \u00e0 t\u00e9 soud\u00e9 id\u00e9aux pour diverses applications industrielles, notamment la construction, l&#039;exploitation mini\u00e8re et la manutention.<\/p>\n<ul>\n<li style=\"list-style-type: none;\">\n<ul>\n<li><strong>Rentable :<\/strong> Les v\u00e9rins \u00e0 t\u00e9 soud\u00e9 sont plus \u00e9conomiques que les autres types de v\u00e9rins. Leur proc\u00e9d\u00e9 de fabrication est simple, ce qui les rend moins co\u00fbteux.<\/li>\n<\/ul>\n<\/li>\n<\/ul>\n<p>De plus, la r\u00e9sistance et la durabilit\u00e9 \u00e9lev\u00e9es des v\u00e9rins en T soud\u00e9s r\u00e9duisent les r\u00e9parations et remplacements fr\u00e9quents, r\u00e9duisant ainsi les co\u00fbts de maintenance. Cette caract\u00e9ristique en fait un choix populaire pour de nombreuses industries, notamment celles disposant d&#039;un budget limit\u00e9.<\/p>\n<ul>\n<li style=\"list-style-type: none;\">\n<ul>\n<li><strong>Efficacit\u00e9 accrue :<\/strong> Les v\u00e9rins \u00e0 t\u00e9 soud\u00e9 sont tr\u00e8s performants. Leur conception garantit que la force appliqu\u00e9e est transmise directement \u00e0 la charge, r\u00e9duisant ainsi les pertes d&#039;\u00e9nergie et augmentant l&#039;efficacit\u00e9.<\/li>\n<\/ul>\n<\/li>\n<\/ul>\n<p>Les joints soud\u00e9s sont robustes et rigides, minimisant la d\u00e9flexion et garantissant la stabilit\u00e9 structurelle du v\u00e9rin, m\u00eame dans des conditions extr\u00eames. Cette caract\u00e9ristique rend les v\u00e9rins \u00e0 t\u00e9 soud\u00e9 id\u00e9aux pour les applications exigeant une efficacit\u00e9 et une fiabilit\u00e9 \u00e9lev\u00e9es.<\/p>\n<p><img loading=\"lazy\" decoding=\"async\" class=\"size-full wp-image-974 aligncenter\" src=\"https:\/\/fmp-components.com\/wp-content\/uploads\/2024\/12\/application-of-Welded-Tee-Type-Cylinder.webp\" alt=\"application-de-cylindre-de-type-T-soud\u00e9\" width=\"760\" height=\"860\" title=\"\" srcset=\"https:\/\/fmp-components.com\/wp-content\/uploads\/2024\/12\/application-of-Welded-Tee-Type-Cylinder.webp 760w, https:\/\/fmp-components.com\/wp-content\/uploads\/2024\/12\/application-of-Welded-Tee-Type-Cylinder-480x543.webp 480w\" sizes=\"(min-width: 0px) and (max-width: 480px) 480px, (min-width: 481px) 760px, 100vw\" \/><\/p>\n<h2>Application du cylindre de type T soud\u00e9<\/h2>\n<ul>\n<li>\n<h3>Machines et \u00e9quipements industriels<\/h3>\n<p>Le v\u00e9rin \u00e0 t\u00e9 soud\u00e9 est largement utilis\u00e9 dans les machines et \u00e9quipements industriels, notamment dans les syst\u00e8mes hydrauliques. Il est compos\u00e9 d&#039;un piston et d&#039;un tube soud\u00e9s pour former une seule unit\u00e9. Cette conception offre plusieurs avantages par rapport aux autres types de v\u00e9rins, tels qu&#039;une durabilit\u00e9 accrue, une r\u00e9sistance accrue et une plus grande pr\u00e9cision.<\/p>\n<p>L&#039;une des applications les plus importantes du v\u00e9rin \u00e0 t\u00e9 soud\u00e9 dans les machines industrielles est sa capacit\u00e9 \u00e0 fournir une force constante et pr\u00e9cise. Ceci est essentiel pour de nombreux processus de fabrication, o\u00f9 un contr\u00f4le pr\u00e9cis est n\u00e9cessaire pour garantir la qualit\u00e9 du produit final. Le v\u00e9rin \u00e0 t\u00e9 soud\u00e9 peut \u00e9galement \u00eatre utilis\u00e9 pour r\u00e9guler le d\u00e9bit des fluides dans les syst\u00e8mes hydrauliques, offrant ainsi une efficacit\u00e9 et une fiabilit\u00e9 accrues dans diverses applications industrielles.<\/li>\n<li>\n<h3>\u00c9quipement agricole<\/h3>\n<p>Le v\u00e9rin en T soud\u00e9 est \u00e9galement couramment utilis\u00e9 dans les \u00e9quipements agricoles, tels que les tracteurs et les moissonneuses-batteuses. Ces machines n\u00e9cessitent des syst\u00e8mes hydrauliques puissants et fiables pour fonctionner efficacement, et le v\u00e9rin en T soud\u00e9 est le choix id\u00e9al \u00e0 cet effet.<\/p>\n<p>La construction robuste et la haute r\u00e9sistance du v\u00e9rin lui conf\u00e8rent une grande r\u00e9sistance \u00e0 l&#039;usure, m\u00eame dans des conditions d&#039;utilisation difficiles. Il constitue donc un choix id\u00e9al pour les \u00e9quipements agricoles, o\u00f9 la durabilit\u00e9 est un crit\u00e8re essentiel. Le v\u00e9rin \u00e0 t\u00e9 soud\u00e9 peut \u00e9galement \u00eatre utilis\u00e9 pour assurer le contr\u00f4le pr\u00e9cis requis pour de nombreux processus agricoles, tels que la plantation, la r\u00e9colte et l&#039;irrigation.<\/li>\n<li>\n<h3>\u00c9quipement de construction<\/h3>\n<p>Le v\u00e9rin \u00e0 t\u00e9 soud\u00e9 est \u00e9galement largement utilis\u00e9 dans les engins de chantier, tels que les excavatrices, les r\u00e9trocaveuses et les bulldozers. Ces machines n\u00e9cessitent des syst\u00e8mes hydrauliques puissants et fiables pour effectuer des t\u00e2ches exigeantes, comme creuser, soulever et pousser des charges lourdes.<\/p>\n<p>La r\u00e9sistance et la durabilit\u00e9 \u00e9lev\u00e9es du v\u00e9rin \u00e0 t\u00e9 soud\u00e9 en font un choix id\u00e9al pour les engins de chantier. Son contr\u00f4le pr\u00e9cis et sa force constante sont essentiels \u00e0 de nombreux travaux de construction, tels que l&#039;excavation, le nivellement et le pavage. Le v\u00e9rin \u00e0 t\u00e9 soud\u00e9 peut \u00e9galement \u00eatre utilis\u00e9 pour r\u00e9guler le d\u00e9bit des fluides dans les syst\u00e8mes hydrauliques, am\u00e9liorant ainsi l&#039;efficacit\u00e9 et la fiabilit\u00e9 des engins de chantier dans diverses applications.<\/li>\n<\/ul>\n<h3>\u00c0 propos de FMP<\/h3>\n<p>FMP, fort de plus de 30 ans d&#039;exp\u00e9rience, est un leader du secteur dans la production et la personnalisation de divers types de v\u00e9rins hydrauliques. Notre site industriel est situ\u00e9 en Italie et nous disposons d&#039;une large gamme d&#039;\u00e9quipements, notamment des soudeuses automatiques sous gaz de protection, des al\u00e9seuses profondes, des tours CNC, des rectifieuses cylindriques, des machines de nettoyage et d&#039;installation automatiques, des bancs d&#039;essai automatiques de performance des v\u00e9rins hydrauliques, des lignes de peinture automatiques, et bien plus encore.<\/p>\n<p><img decoding=\"async\" class=\"aligncenter\" src=\"https:\/\/fmp-components.com\/wp-content\/uploads\/2024\/12\/fmp-factory-4.webp\" alt=\"Usine FMP\" width=\"800\" title=\"\"><\/p>\n<p>Nous sommes fiers de nos proc\u00e9dures strictes de traitement et d&#039;inspection de chaque v\u00e9rin hydraulique, garantissant ainsi une excellente qualit\u00e9 \u00e0 nos clients. Voici cinq points qui soulignent les atouts de nos produits et de notre entreprise\u00a0:<\/p>\n<ol>\n<li style=\"list-style-type: none;\">\n<ol>\n<li>Service de conception :<\/li>\n<\/ol>\n<\/li>\n<\/ol>\n<p>Notre \u00e9quipe de conception exp\u00e9riment\u00e9e est \u00e0 votre disposition pour vous accompagner dans la conception et le d\u00e9veloppement de vos arbres universels. Que vous ayez besoin de nouveaux produits ou d&#039;am\u00e9liorations, nous sommes l\u00e0 pour vous accompagner.<\/p>\n<ol>\n<li style=\"list-style-type: none;\">\n<ol>\n<li>Service produit :<\/li>\n<\/ol>\n<\/li>\n<\/ol>\n<p>Des mati\u00e8res premi\u00e8res \u00e0 la d\u00e9coupe, en passant par le traitement grossier, les tests, le nettoyage, l&#039;assemblage, l&#039;emballage et le transport, nous suivons un processus complet pour livrer des produits de haute qualit\u00e9.<\/p>\n<ol>\n<li style=\"list-style-type: none;\">\n<ol>\n<li>Exemple de processus :<\/li>\n<\/ol>\n<\/li>\n<\/ol>\n<p>Nous comprenons l&#039;importance des \u00e9chantillons pour r\u00e9pondre \u00e0 vos besoins sp\u00e9cifiques. Nous pouvons d\u00e9velopper des \u00e9chantillons selon vos besoins et les modifier continuellement jusqu&#039;\u00e0 ce qu&#039;ils r\u00e9pondent \u00e0 vos attentes.<\/p>\n<ol>\n<li style=\"list-style-type: none;\">\n<ol>\n<li>R&amp;D :<\/li>\n<\/ol>\n<\/li>\n<\/ol>\n<p>Face \u00e0 l&#039;\u00e9volution du march\u00e9, nous anticipons les besoins du march\u00e9 et d\u00e9veloppons de nouveaux mod\u00e8les. Ainsi, nos produits r\u00e9pondent aux derni\u00e8res tendances du secteur et aux exigences de nos clients.<\/p>\n<ol>\n<li style=\"list-style-type: none;\">\n<ol>\n<li>Personnalisation :<\/li>\n<\/ol>\n<\/li>\n<\/ol>\n<p>Chez FMP, nous sommes sp\u00e9cialis\u00e9s dans la personnalisation de v\u00e9rins hydrauliques pour r\u00e9pondre \u00e0 vos sp\u00e9cifications sp\u00e9cifiques. Quelles que soient vos exigences en mati\u00e8re de dimensions, de fonctionnalit\u00e9s ou de performances, nous nous engageons \u00e0 vous fournir des solutions sur mesure.<\/p>\n<p>Choisissez FMP pour des v\u00e9rins hydrauliques de qualit\u00e9 sup\u00e9rieure, con\u00e7us sur mesure pour vos besoins. Contactez-nous d\u00e8s aujourd&#039;hui pour discuter de vos besoins et d\u00e9couvrir nos produits et services exceptionnels.<\/p>\n<p>Auteur : CX<\/p>","protected":false},"excerpt":{"rendered":"<p>The 10014 Cost Effective Customized Mini Hydraulic Cylinder is designed to provide reliable performance in a compact package, making it an ideal solution for a variety of applications. Engineered for efficiency and versatility, this hydraulic ram cylinder is perfect for industries that require dependable hydraulic solutions without breaking the bank. Key Features: Cost-Effective Design: This [&hellip;]<\/p>","protected":false},"featured_media":1133,"comment_status":"closed","ping_status":"closed","template":"","meta":{"_et_pb_use_builder":"","_et_pb_old_content":"","_et_gb_content_width":""},"product_brand":[],"product_cat":[31],"product_tag":[34,35],"class_list":{"0":"post-934","1":"product","2":"type-product","3":"status-publish","4":"has-post-thumbnail","6":"product_cat-welded-tee-type-cylinder","7":"product_tag-hydraulic-cylinder","8":"product_tag-welded-tee-type-cylinder","10":"first","11":"instock","12":"product-type-simple"},"_links":{"self":[{"href":"https:\/\/fmp-components.com\/fr\/wp-json\/wp\/v2\/product\/934","targetHints":{"allow":["GET"]}}],"collection":[{"href":"https:\/\/fmp-components.com\/fr\/wp-json\/wp\/v2\/product"}],"about":[{"href":"https:\/\/fmp-components.com\/fr\/wp-json\/wp\/v2\/types\/product"}],"replies":[{"embeddable":true,"href":"https:\/\/fmp-components.com\/fr\/wp-json\/wp\/v2\/comments?post=934"}],"wp:featuredmedia":[{"embeddable":true,"href":"https:\/\/fmp-components.com\/fr\/wp-json\/wp\/v2\/media\/1133"}],"wp:attachment":[{"href":"https:\/\/fmp-components.com\/fr\/wp-json\/wp\/v2\/media?parent=934"}],"wp:term":[{"taxonomy":"product_brand","embeddable":true,"href":"https:\/\/fmp-components.com\/fr\/wp-json\/wp\/v2\/product_brand?post=934"},{"taxonomy":"product_cat","embeddable":true,"href":"https:\/\/fmp-components.com\/fr\/wp-json\/wp\/v2\/product_cat?post=934"},{"taxonomy":"product_tag","embeddable":true,"href":"https:\/\/fmp-components.com\/fr\/wp-json\/wp\/v2\/product_tag?post=934"}],"curies":[{"name":"wp","href":"https:\/\/api.w.org\/{rel}","templated":true}]}}