{"id":933,"date":"2024-12-19T03:39:00","date_gmt":"2024-12-19T03:39:00","guid":{"rendered":"https:\/\/fmp-components.com\/product\/10013-customized-small-double-acting-hydraulic-cylinder-trailer-hydraulic-cylinder-for-sale\/"},"modified":"2024-12-19T09:04:40","modified_gmt":"2024-12-19T09:04:40","slug":"10013-customized-small-double-acting-hydraulic-cylinder-trailer-hydraulic-cylinder-for-sale","status":"publish","type":"product","link":"https:\/\/fmp-components.com\/fr\/product\/10013-customized-small-double-acting-hydraulic-cylinder-trailer-hydraulic-cylinder-for-sale\/","title":{"rendered":"V\u00e9rin hydraulique double effet personnalis\u00e9 pour remorque, mod\u00e8le 10013, \u00e0 vendre"},"content":{"rendered":"<h3>Fonction et importance<\/h3>\n<p>Le v\u00e9rin hydraulique double effet est un composant essentiel des syst\u00e8mes hydrauliques, jouant un r\u00f4le crucial dans la conversion de l'\u00e9nergie hydraulique en \u00e9nergie m\u00e9canique. Cette conversion est indispensable au fonctionnement de nombreuses machines industrielles et engins mobiles, leur permettant d'effectuer une grande vari\u00e9t\u00e9 de t\u00e2ches avec pr\u00e9cision et puissance. Gr\u00e2ce \u00e0 sa conception \u00e0 double effet, qui facilite un mouvement contr\u00f4l\u00e9 dans les deux sens, le v\u00e9rin double effet am\u00e9liore la polyvalence et l'efficacit\u00e9, le rendant indispensable dans des applications telles que la construction, la production et le transport. Sa capacit\u00e9 \u00e0 g\u00e9n\u00e9rer une force aussi bien en extension qu'en r\u00e9traction permet des op\u00e9rations plus dynamiques, am\u00e9liorant ainsi la productivit\u00e9 et l'efficacit\u00e9 dans des environnements exigeants.<\/p>\n<p><img loading=\"lazy\" decoding=\"async\" class=\"size-full wp-image-975 aligncenter\" src=\"https:\/\/fmp-components.com\/wp-content\/uploads\/2024\/12\/Welded-Tee-Type-Cylinder1.webp\" alt=\"Cylindre de type T soud\u00e9\" width=\"759\" height=\"761\" title=\"\" srcset=\"https:\/\/fmp-components.com\/wp-content\/uploads\/2024\/12\/Welded-Tee-Type-Cylinder1.webp 759w, https:\/\/fmp-components.com\/wp-content\/uploads\/2024\/12\/Welded-Tee-Type-Cylinder1-480x481.webp 480w\" sizes=\"(min-width: 0px) and (max-width: 480px) 480px, (min-width: 481px) 759px, 100vw\" \/><\/p>\n<h3>Caract\u00e9ristiques et avantages uniques<\/h3>\n<ul>\n<li><strong>\u00c9conomie d'\u00e9nergie :<\/strong><br \/>\nLa conception du v\u00e9rin hydraulique \u00e0 double effet optimise la consommation d'\u00e9nergie, r\u00e9duisant ainsi les co\u00fbts d'exploitation tout en maintenant des performances \u00e9lev\u00e9es. Son utilisation efficace du fluide hydraulique minimise le gaspillage et favorise la durabilit\u00e9.<\/li>\n<li><strong>Haute efficacit\u00e9 :<\/strong><br \/>\nCon\u00e7u pour des performances optimales, ce v\u00e9rin hydraulique garantit un fonctionnement rapide et efficace. Sa capacit\u00e9 \u00e0 d\u00e9livrer une force constante dans les deux sens le rend id\u00e9al pour une grande vari\u00e9t\u00e9 d'applications, des machines lourdes aux syst\u00e8mes automatis\u00e9s.<\/li>\n<li><strong>S\u00fbr et fiable :<\/strong><br \/>\nLa s\u00e9curit\u00e9 est une priorit\u00e9 absolue dans la conception et le fonctionnement du v\u00e9rin hydraulique double effet. Il int\u00e8gre des dispositifs de s\u00e9curit\u00e9 pour pr\u00e9venir les fuites et les pannes, garantissant ainsi un fonctionnement fiable m\u00eame sous haute pression. Cette fiabilit\u00e9 est essentielle dans les environnements o\u00f9 la s\u00e9curit\u00e9 est primordiale.<\/li>\n<\/ul>\n<p><img loading=\"lazy\" decoding=\"async\" class=\"size-full wp-image-976 aligncenter\" src=\"https:\/\/fmp-components.com\/wp-content\/uploads\/2024\/12\/Welded-Tee-Type-Cylinder2.webp\" alt=\"Cylindre de type T soud\u00e9\" width=\"764\" height=\"675\" title=\"\" srcset=\"https:\/\/fmp-components.com\/wp-content\/uploads\/2024\/12\/Welded-Tee-Type-Cylinder2.webp 764w, https:\/\/fmp-components.com\/wp-content\/uploads\/2024\/12\/Welded-Tee-Type-Cylinder2-480x424.webp 480w\" sizes=\"(min-width: 0px) and (max-width: 480px) 480px, (min-width: 481px) 764px, 100vw\" \/><\/p>\n<h3>Syst\u00e8me hydraulique et principe de fonctionnement<\/h3>\n<p>Le syst\u00e8me hydraulique de ce v\u00e9rin fonctionne selon les principes de la m\u00e9canique des fluides, utilisant un fluide hydraulique sous pression pour cr\u00e9er un mouvement. Lorsque le fluide hydraulique est introduit dans le v\u00e9rin, il exerce une pression sur le piston, g\u00e9n\u00e9rant ainsi une force. Cette force entra\u00eene le piston dans les deux sens, permettant son extension et sa r\u00e9traction.<\/p>\n<p>En pratique, ce m\u00e9canisme permet un contr\u00f4le pr\u00e9cis des machines et \u00e9quipements. Par exemple, dans le domaine des engins de chantier, le v\u00e9rin hydraulique \u00e0 double effet assure une lev\u00e9e et une descente des charges en douceur, optimisant ainsi l'efficacit\u00e9 op\u00e9rationnelle. De plus, sa capacit\u00e9 \u00e0 fonctionner sous diff\u00e9rentes pressions et dans diverses conditions le rend adapt\u00e9 \u00e0 une large gamme d'applications industrielles, de la production au transport, soulignant son importance dans les syst\u00e8mes hydrauliques modernes.<\/p>\n<p><img decoding=\"async\" class=\"aligncenter\" src=\"https:\/\/hzpt.com\/wp-content\/uploads\/2023\/12\/random-3.webp\" alt=\"\" title=\"\"><\/p>\n<h2>Avantages du cylindre de type T soud\u00e9<\/h2>\n<ul>\n<li style=\"list-style-type: none;\">\n<ul>\n<li><strong>Force accrue :<\/strong> Les v\u00e9rins en T soud\u00e9s sont r\u00e9put\u00e9s pour leur grande r\u00e9sistance, ce qui les rend adapt\u00e9s aux applications n\u00e9cessitant des levages lourds. Le proc\u00e9d\u00e9 de soudage utilis\u00e9 lors de leur fabrication garantit l&#039;absence de points faibles et une r\u00e9sistance \u00e9lev\u00e9e aux pressions et aux contraintes.<\/li>\n<\/ul>\n<\/li>\n<\/ul>\n<p>La pression exerc\u00e9e sur le cylindre se r\u00e9partit uniform\u00e9ment sur toute sa surface, ce qui le rend r\u00e9sistant \u00e0 la d\u00e9formation. Cette caract\u00e9ristique garantit que le cylindre conserve sa forme et son int\u00e9grit\u00e9 structurelle m\u00eame dans des conditions extr\u00eames.<\/p>\n<ul>\n<li style=\"list-style-type: none;\">\n<ul>\n<li><strong>Pr\u00e9vention des fuites :<\/strong> Les v\u00e9rins \u00e0 t\u00e9 soud\u00e9 sont con\u00e7us pour \u00e9viter les fuites. Le proc\u00e9d\u00e9 de soudage utilis\u00e9 lors de la fabrication garantit une \u00e9tanch\u00e9it\u00e9 parfaite et une \u00e9tanch\u00e9it\u00e9 parfaite. Cette caract\u00e9ristique les rend adapt\u00e9s aux applications o\u00f9 une fuite pourrait entra\u00eener des dommages graves ou des blessures.<\/li>\n<\/ul>\n<\/li>\n<\/ul>\n<p>Les joints soud\u00e9s sont lisses, sans crevasses ni rainures o\u00f9 des d\u00e9bris ou de la salet\u00e9 peuvent s&#039;accumuler, r\u00e9duisant ainsi le risque de corrosion et d&#039;endommagement du cylindre.<\/p>\n<ul>\n<li style=\"list-style-type: none;\">\n<ul>\n<li><strong>Personnalisable :<\/strong> Les v\u00e9rins en T soud\u00e9s peuvent \u00eatre personnalis\u00e9s pour r\u00e9pondre \u00e0 des applications sp\u00e9cifiques. Disponibles en diff\u00e9rentes tailles et formes, ils peuvent \u00eatre fabriqu\u00e9s pour r\u00e9pondre aux exigences sp\u00e9cifiques de chaque application.<\/li>\n<\/ul>\n<\/li>\n<\/ul>\n<p>Le processus de personnalisation permet d&#039;optimiser les performances du v\u00e9rin, garantissant ainsi son ad\u00e9quation \u00e0 l&#039;application pr\u00e9vue. Cette caract\u00e9ristique rend les v\u00e9rins \u00e0 t\u00e9 soud\u00e9 id\u00e9aux pour diverses applications industrielles, notamment la construction, l&#039;exploitation mini\u00e8re et la manutention.<\/p>\n<ul>\n<li style=\"list-style-type: none;\">\n<ul>\n<li><strong>Rentable :<\/strong> Les v\u00e9rins \u00e0 t\u00e9 soud\u00e9 sont plus \u00e9conomiques que les autres types de v\u00e9rins. Leur proc\u00e9d\u00e9 de fabrication est simple, ce qui les rend moins co\u00fbteux.<\/li>\n<\/ul>\n<\/li>\n<\/ul>\n<p>De plus, la r\u00e9sistance et la durabilit\u00e9 \u00e9lev\u00e9es des v\u00e9rins en T soud\u00e9s r\u00e9duisent les r\u00e9parations et remplacements fr\u00e9quents, r\u00e9duisant ainsi les co\u00fbts de maintenance. Cette caract\u00e9ristique en fait un choix populaire pour de nombreuses industries, notamment celles disposant d&#039;un budget limit\u00e9.<\/p>\n<ul>\n<li style=\"list-style-type: none;\">\n<ul>\n<li><strong>Efficacit\u00e9 accrue :<\/strong> Les v\u00e9rins \u00e0 t\u00e9 soud\u00e9 sont tr\u00e8s performants. Leur conception garantit que la force appliqu\u00e9e est transmise directement \u00e0 la charge, r\u00e9duisant ainsi les pertes d&#039;\u00e9nergie et augmentant l&#039;efficacit\u00e9.<\/li>\n<\/ul>\n<\/li>\n<\/ul>\n<p>Les joints soud\u00e9s sont robustes et rigides, minimisant la d\u00e9flexion et garantissant la stabilit\u00e9 structurelle du v\u00e9rin, m\u00eame dans des conditions extr\u00eames. Cette caract\u00e9ristique rend les v\u00e9rins \u00e0 t\u00e9 soud\u00e9 id\u00e9aux pour les applications exigeant une efficacit\u00e9 et une fiabilit\u00e9 \u00e9lev\u00e9es.<\/p>\n<p><img loading=\"lazy\" decoding=\"async\" class=\"size-full wp-image-977 aligncenter\" src=\"https:\/\/fmp-components.com\/wp-content\/uploads\/2024\/12\/Welded-Tee-Type-Cylinder3.webp\" alt=\"Cylindre de type T soud\u00e9\" width=\"653\" height=\"600\" title=\"\" srcset=\"https:\/\/fmp-components.com\/wp-content\/uploads\/2024\/12\/Welded-Tee-Type-Cylinder3.webp 653w, https:\/\/fmp-components.com\/wp-content\/uploads\/2024\/12\/Welded-Tee-Type-Cylinder3-480x441.webp 480w\" sizes=\"(min-width: 0px) and (max-width: 480px) 480px, (min-width: 481px) 653px, 100vw\" \/><\/p>\n<h2>Application du cylindre de type T soud\u00e9<\/h2>\n<h3>Introduction<\/h3>\n<p>Le v\u00e9rin hydraulique \u00e0 t\u00e9 soud\u00e9 est couramment utilis\u00e9 dans les applications industrielles. Il est con\u00e7u pour fournir une force \u00e9lev\u00e9e dans un format compact et \u00e9conomique. Ce type de v\u00e9rin est constitu\u00e9 d&#039;un t\u00e9 soud\u00e9 et d&#039;une tige de piston fix\u00e9e au t\u00e9. Le t\u00e9 est reli\u00e9 au corps du v\u00e9rin et contient un piston qui effectue des mouvements de va-et-vient \u00e0 l&#039;int\u00e9rieur du corps pour g\u00e9n\u00e9rer la force.<\/p>\n<h3>Avantages du cylindre de type T soud\u00e9<\/h3>\n<p>L&#039;utilisation d&#039;un v\u00e9rin de type T soud\u00e9 dans les applications industrielles pr\u00e9sente plusieurs avantages :<\/p>\n<ul>\n<li><b>Conception compacte :<\/b> Les v\u00e9rins de type T soud\u00e9s sont con\u00e7us pour \u00eatre compacts, ce qui les rend id\u00e9aux pour une utilisation dans des applications o\u00f9 l&#039;espace est limit\u00e9.<\/li>\n<li><b>Haute efficacit\u00e9 :<\/b> Les v\u00e9rins de type T soud\u00e9 sont tr\u00e8s efficaces, ce qui signifie qu&#039;ils peuvent g\u00e9n\u00e9rer une grande quantit\u00e9 de force avec un apport d&#039;\u00e9nergie minimal.<\/li>\n<li><b>Durable:<\/b> Les v\u00e9rins de type T soud\u00e9s sont con\u00e7us pour \u00eatre tr\u00e8s durables, ce qui signifie qu&#039;ils peuvent r\u00e9sister \u00e0 des conditions de fonctionnement difficiles et durer longtemps.<\/li>\n<li><b>Rentable :<\/b> Les v\u00e9rins de type T soud\u00e9s sont rentables, ce qui signifie qu&#039;ils offrent un bon rapport qualit\u00e9-prix.<\/li>\n<\/ul>\n<h3>Applications du cylindre de type T soud\u00e9<\/h3>\n<p>Il existe de nombreuses applications pour les cylindres de type T soud\u00e9s dans diverses industries, notamment :<\/p>\n<ul>\n<li><b>Fabrication:<\/b> Les v\u00e9rins de type T soud\u00e9s sont utilis\u00e9s dans la fabrication pour faire fonctionner des machines, d\u00e9placer des charges lourdes et fa\u00e7onner des pi\u00e8ces m\u00e9talliques.<\/li>\n<li><b>Agriculture:<\/b> Les v\u00e9rins de type T soud\u00e9s sont utilis\u00e9s dans l&#039;agriculture pour faire fonctionner les syst\u00e8mes hydrauliques des tracteurs, des moissonneuses et d&#039;autres \u00e9quipements agricoles.<\/li>\n<li><b>Construction:<\/b> Les v\u00e9rins de type T soud\u00e9s sont utilis\u00e9s dans la construction pour faire fonctionner des machines telles que des grues, des excavatrices et des pelles r\u00e9trocaveuses.<\/li>\n<li><b>Exploitation mini\u00e8re:<\/b> Les v\u00e9rins de type T soud\u00e9s sont utilis\u00e9s dans l&#039;exploitation mini\u00e8re pour faire fonctionner les syst\u00e8mes hydrauliques sur les \u00e9quipements lourds tels que les bulldozers, les chargeuses et les marteaux perforateurs.<\/li>\n<li><b>Transport:<\/b> Les v\u00e9rins de type T soud\u00e9s sont utilis\u00e9s dans les transports pour faire fonctionner les syst\u00e8mes hydrauliques des camions, des bus et d&#039;autres v\u00e9hicules.<\/li>\n<\/ul>\n<p>En conclusion, les v\u00e9rins \u00e0 t\u00e9 soud\u00e9 sont un composant important dans de nombreuses applications industrielles. Compacts, efficaces, durables et \u00e9conomiques, ils constituent un choix id\u00e9al pour un large \u00e9ventail d&#039;applications. Que vous utilisiez des machines dans une usine, du mat\u00e9riel agricole dans une ferme ou des \u00e9quipements lourds dans une mine, les v\u00e9rins \u00e0 t\u00e9 soud\u00e9 vous permettent d&#039;effectuer vos travaux efficacement.<\/p>\n<h3>\u00c0 propos de FMP<\/h3>\n<p>FMP est un fabricant et fournisseur leader de v\u00e9rins hydrauliques, sp\u00e9cialis\u00e9 dans les solutions sur mesure pour r\u00e9pondre aux besoins vari\u00e9s de ses clients. Forts de plus de 30 ans d'exp\u00e9rience dans le secteur et bas\u00e9s en Italie, nous avons acquis une solide r\u00e9putation sur le march\u00e9. Nous sommes fiers de proposer des produits de haute qualit\u00e9 et un service client irr\u00e9prochable.<\/p>\n<p><img decoding=\"async\" src=\"https:\/\/fmp-components.com\/wp-content\/uploads\/2024\/12\/fmp-factory-4.webp\" alt=\"Usine FMP\" width=\"800\" title=\"\"><\/p>\n<h4>1) Large gamme d'\u00e9quipements<\/h4>\n<p>Chez FMP, nous disposons de plus de 100 \u00e9quipements de pointe, notamment des machines de soudage automatique sous protection gazeuse, des al\u00e9seuses profondes, des tours CNC, des rectifieuses cylindriques, des machines de nettoyage automatiques, des machines d'installation automatiques, des bancs d'essai automatiques pour v\u00e9rins hydrauliques et des lignes de peinture automatis\u00e9es. Ces machines performantes nous permettent de garantir la pr\u00e9cision et l'efficacit\u00e9 de notre processus de production, ce qui nous permet de fabriquer des v\u00e9rins hydrauliques de qualit\u00e9 sup\u00e9rieure.<\/p>\n<h4>2) Contr\u00f4le de qualit\u00e9 sup\u00e9rieur<\/h4>\n<p>Nous comprenons l'importance de fournir \u00e0 nos clients des produits fiables et durables. Chaque v\u00e9rin hydraulique est soumis \u00e0 des proc\u00e9dures de fabrication et de contr\u00f4le rigoureuses afin de garantir sa qualit\u00e9. De la conception \u00e0 la production, notre \u00e9quipe veille \u00e0 ce que chaque \u00e9tape du processus de fabrication r\u00e9ponde aux normes les plus exigeantes.<\/p>\n<h4>3) Services de conception complets<\/h4>\n<p>Notre \u00e9quipe de conception exp\u00e9riment\u00e9e se consacre \u00e0 la fourniture de solutions innovantes. Que vous ayez besoin de concevoir de nouveaux produits ou d'am\u00e9liorer ceux existants, nous sommes l\u00e0 pour vous accompagner. Nous collaborerons \u00e9troitement avec vous afin de comprendre vos exigences sp\u00e9cifiques et de vous fournir des v\u00e9rins hydrauliques sur mesure, parfaitement adapt\u00e9s \u00e0 vos besoins.<\/p>\n<h4>4) Service apr\u00e8s-vente efficace<\/h4>\n<p>Notre service de production comprend diff\u00e9rentes \u00e9tapes, de la s\u00e9lection des mati\u00e8res premi\u00e8res \u00e0 la livraison, en passant par la d\u00e9coupe, l'\u00e9bauche, les tests, le nettoyage, l'assemblage et l'emballage. En g\u00e9rant rigoureusement chaque \u00e9tape, nous vous garantissons des produits de la plus haute qualit\u00e9, livr\u00e9s dans les meilleurs d\u00e9lais.<\/p>\n<h4>5) Recherche et d\u00e9veloppement continus<\/h4>\n<p>Face \u00e0 l'\u00e9volution du march\u00e9, nous investissons activement dans la recherche et le d\u00e9veloppement afin d'anticiper les tendances du secteur. En analysant les besoins du march\u00e9 et en misant sur l'innovation, nous d\u00e9veloppons constamment de nouveaux mod\u00e8les r\u00e9pondant aux exigences changeantes de nos clients. Cet engagement en mati\u00e8re de R&amp;D garantit que nos v\u00e9rins hydrauliques restent \u00e0 la pointe du progr\u00e8s technologique.<\/p>\n<p>Choisissez FMP pour vos besoins en v\u00e9rins hydrauliques et d\u00e9couvrez notre engagement envers la qualit\u00e9, la personnalisation et la satisfaction client. Contactez-nous d\u00e8s aujourd'hui pour nous faire part de vos exigences et explorer comment nous pouvons collaborer pour r\u00e9pondre \u00e0 vos besoins en v\u00e9rins hydrauliques.<\/p>\n<p>Auteur : CX<\/p>","protected":false},"excerpt":{"rendered":"<p>Function and Importance The Double Acting Hydraulic Cylinder is an essential component of hydraulic systems, serving a critical role in the conversion of hydraulic energy into mechanical energy. This conversion is vital for the operation of various industrial machinery and mobile equipment, enabling them to perform a wide range of tasks with precision and power. [&hellip;]<\/p>","protected":false},"featured_media":1132,"comment_status":"closed","ping_status":"closed","template":"","meta":{"_et_pb_use_builder":"","_et_pb_old_content":"","_et_gb_content_width":""},"product_brand":[],"product_cat":[31],"product_tag":[34,35],"class_list":{"0":"post-933","1":"product","2":"type-product","3":"status-publish","4":"has-post-thumbnail","6":"product_cat-welded-tee-type-cylinder","7":"product_tag-hydraulic-cylinder","8":"product_tag-welded-tee-type-cylinder","10":"first","11":"instock","12":"product-type-simple"},"_links":{"self":[{"href":"https:\/\/fmp-components.com\/fr\/wp-json\/wp\/v2\/product\/933","targetHints":{"allow":["GET"]}}],"collection":[{"href":"https:\/\/fmp-components.com\/fr\/wp-json\/wp\/v2\/product"}],"about":[{"href":"https:\/\/fmp-components.com\/fr\/wp-json\/wp\/v2\/types\/product"}],"replies":[{"embeddable":true,"href":"https:\/\/fmp-components.com\/fr\/wp-json\/wp\/v2\/comments?post=933"}],"wp:featuredmedia":[{"embeddable":true,"href":"https:\/\/fmp-components.com\/fr\/wp-json\/wp\/v2\/media\/1132"}],"wp:attachment":[{"href":"https:\/\/fmp-components.com\/fr\/wp-json\/wp\/v2\/media?parent=933"}],"wp:term":[{"taxonomy":"product_brand","embeddable":true,"href":"https:\/\/fmp-components.com\/fr\/wp-json\/wp\/v2\/product_brand?post=933"},{"taxonomy":"product_cat","embeddable":true,"href":"https:\/\/fmp-components.com\/fr\/wp-json\/wp\/v2\/product_cat?post=933"},{"taxonomy":"product_tag","embeddable":true,"href":"https:\/\/fmp-components.com\/fr\/wp-json\/wp\/v2\/product_tag?post=933"}],"curies":[{"name":"wp","href":"https:\/\/api.w.org\/{rel}","templated":true}]}}