{"id":924,"date":"2024-12-19T03:39:00","date_gmt":"2024-12-19T03:39:00","guid":{"rendered":"https:\/\/fmp-components.com\/product\/10004-factory-price-double-acting-tractor-hydraulic-cylinder\/"},"modified":"2024-12-19T09:02:15","modified_gmt":"2024-12-19T09:02:15","slug":"10004-factory-price-double-acting-tractor-hydraulic-cylinder","status":"publish","type":"product","link":"https:\/\/fmp-components.com\/fr\/product\/10004-factory-price-double-acting-tractor-hydraulic-cylinder\/","title":{"rendered":"V\u00e9rin hydraulique \u00e0 double effet pour tracteur, prix d&#039;usine 10004"},"content":{"rendered":"<p>Le v\u00e9rin hydraulique double effet pour tracteur, propos\u00e9 \u00e0 prix d'usine, est un composant essentiel utilis\u00e9 dans de nombreuses machines, notamment les tracteurs o\u00f9 il contribue grandement \u00e0 l'am\u00e9lioration de leur rendement. Fabriqu\u00e9 par FMP, entreprise r\u00e9put\u00e9e bas\u00e9e en Italie, ce v\u00e9rin hydraulique est un exemple d'ing\u00e9nierie de pointe et de conception rigoureuse. Engag\u00e9e pour la qualit\u00e9 et l'innovation, FMP a d\u00e9velopp\u00e9 un produit r\u00e9pondant aux exigences strictes des applications agricoles et industrielles modernes. Ce v\u00e9rin hydraulique contribue non seulement au bon fonctionnement des tracteurs, mais garantit \u00e9galement fiabilit\u00e9 et performance, ce qui en fait un outil indispensable pour les op\u00e9rateurs et les fabricants.<\/p>\n<p><img decoding=\"async\" class=\"aligncenter\" src=\"https:\/\/hzpt.com\/wp-content\/uploads\/2023\/12\/random-3.webp\" alt=\"\" title=\"\"><\/p>\n<h3>Caract\u00e9ristiques et avantages uniques<\/h3>\n<ul>\n<li><strong>\u00c9conome en \u00e9nergie :<\/strong><br \/>\nLa conception du v\u00e9rin hydraulique \u00e0 double effet privil\u00e9gie l'efficacit\u00e9 \u00e9nerg\u00e9tique, lui permettant de fonctionner avec une consommation d'\u00e9nergie minimale. Cette caract\u00e9ristique r\u00e9duit non seulement les co\u00fbts d'exploitation, mais s'inscrit \u00e9galement dans une d\u00e9marche de d\u00e9veloppement durable, faisant de ce v\u00e9rin un choix respectueux de l'environnement pour les machines.<\/li>\n<li><strong>Haute performance :<\/strong><br \/>\nCon\u00e7u pour une fonctionnalit\u00e9 optimale, ce v\u00e9rin hydraulique offre des performances constantes et puissantes. Sa capacit\u00e9 \u00e0 g\u00e9n\u00e9rer une force importante lors des phases d'extension et de r\u00e9traction lui permet de g\u00e9rer des t\u00e2ches exigeantes, telles que le levage de charges lourdes et la r\u00e9alisation de mouvements pr\u00e9cis, ce qui le rend id\u00e9al pour les applications agricoles et industrielles.<\/li>\n<li><strong>S\u00e9curit\u00e9:<\/strong><br \/>\nLa s\u00e9curit\u00e9 est une priorit\u00e9 absolue dans la conception du v\u00e9rin hydraulique double effet pour tracteur Factory Price. Il int\u00e8gre des dispositifs de s\u00e9curit\u00e9 avanc\u00e9s qui pr\u00e9viennent les fuites et les pannes hydrauliques, permettant ainsi aux op\u00e9rateurs de travailler en toute confiance. Cette fiabilit\u00e9 est particuli\u00e8rement importante dans les environnements \u00e0 haute pression, o\u00f9 les risques pour la s\u00e9curit\u00e9 doivent \u00eatre minimis\u00e9s.<\/li>\n<\/ul>\n<p><img loading=\"lazy\" decoding=\"async\" class=\"size-full wp-image-977 aligncenter\" src=\"https:\/\/fmp-components.com\/wp-content\/uploads\/2024\/12\/Welded-Tee-Type-Cylinder3.webp\" alt=\"Cylindre de type T soud\u00e9\" width=\"653\" height=\"600\" title=\"\" srcset=\"https:\/\/fmp-components.com\/wp-content\/uploads\/2024\/12\/Welded-Tee-Type-Cylinder3.webp 653w, https:\/\/fmp-components.com\/wp-content\/uploads\/2024\/12\/Welded-Tee-Type-Cylinder3-480x441.webp 480w\" sizes=\"(min-width: 0px) and (max-width: 480px) 480px, (min-width: 481px) 653px, 100vw\" \/><\/p>\n<h3>Syst\u00e8me hydraulique et son principe de fonctionnement<\/h3>\n<p>Comprendre les subtilit\u00e9s du syst\u00e8me hydraulique et le principe de fonctionnement du v\u00e9rin hydraulique permet de mieux appr\u00e9hender son fonctionnement et son efficacit\u00e9. Le syst\u00e8me hydraulique repose sur les principes de la m\u00e9canique des fluides et utilise un fluide hydraulique sous pression pour cr\u00e9er un mouvement lin\u00e9aire. Lorsque le fluide hydraulique est pomp\u00e9 dans le v\u00e9rin, il exerce une pression sur le piston interne, g\u00e9n\u00e9rant une force qui le d\u00e9place dans les deux sens.<\/p>\n<p>Cette double action permet une grande polyvalence d'utilisation, le v\u00e9rin s'\u00e9tendant et se r\u00e9tractant en douceur. Sur les tracteurs, cela signifie que le syst\u00e8me hydraulique peut contr\u00f4ler efficacement des outils comme les charrues, les chargeuses et autres accessoires, am\u00e9liorant ainsi la productivit\u00e9 globale.<\/p>\n<p>En explorant ces principes de fonctionnement, les utilisateurs peuvent appr\u00e9cier le r\u00f4le important que joue le v\u00e9rin hydraulique double effet pour tracteur \u00e0 prix d'usine dans l'optimisation des performances des machines, garantissant ainsi qu'il r\u00e9ponde aux exigences rigoureuses de diverses applications tout en maintenant la s\u00e9curit\u00e9 et l'efficacit\u00e9.<\/p>\n<p><img decoding=\"async\" src=\"https:\/\/hzpt.com\/wp-content\/uploads\/2023\/12\/random-2.webp\" alt=\"\" title=\"\"><\/p>\n<p>Outre le produit pr\u00e9sent\u00e9, nous fournissons \u00e9galement des v\u00e9rins pour plateformes \u00e9l\u00e9vatrices, v\u00e9hicules industriels, foreuses rotatives, grues automobiles, engins de chantier, chariots \u00e9l\u00e9vateurs, camions-bennes miniers et engins de voirie. Des solutions personnalis\u00e9es sont disponibles sur demande.<\/p>\n<h2>Avantages du cylindre de type T soud\u00e9<\/h2>\n<ul>\n<li style=\"list-style-type: none;\">\n<ul>\n<li><strong>Force accrue :<\/strong> Les v\u00e9rins en T soud\u00e9s sont r\u00e9put\u00e9s pour leur grande r\u00e9sistance, ce qui les rend adapt\u00e9s aux applications n\u00e9cessitant des levages lourds. Le proc\u00e9d\u00e9 de soudage utilis\u00e9 lors de leur fabrication garantit l&#039;absence de points faibles et une r\u00e9sistance \u00e9lev\u00e9e aux pressions et aux contraintes.<\/li>\n<\/ul>\n<\/li>\n<\/ul>\n<p>La pression exerc\u00e9e sur le cylindre se r\u00e9partit uniform\u00e9ment sur toute sa surface, ce qui le rend r\u00e9sistant \u00e0 la d\u00e9formation. Cette caract\u00e9ristique garantit que le cylindre conserve sa forme et son int\u00e9grit\u00e9 structurelle m\u00eame dans des conditions extr\u00eames.<\/p>\n<ul>\n<li style=\"list-style-type: none;\">\n<ul>\n<li><strong>Pr\u00e9vention des fuites :<\/strong> Les v\u00e9rins \u00e0 t\u00e9 soud\u00e9 sont con\u00e7us pour \u00e9viter les fuites. Le proc\u00e9d\u00e9 de soudage utilis\u00e9 lors de la fabrication garantit une \u00e9tanch\u00e9it\u00e9 parfaite et une \u00e9tanch\u00e9it\u00e9 parfaite. Cette caract\u00e9ristique les rend adapt\u00e9s aux applications o\u00f9 une fuite pourrait entra\u00eener des dommages graves ou des blessures.<\/li>\n<\/ul>\n<\/li>\n<\/ul>\n<p>Les joints soud\u00e9s sont lisses, sans crevasses ni rainures o\u00f9 des d\u00e9bris ou de la salet\u00e9 peuvent s&#039;accumuler, r\u00e9duisant ainsi le risque de corrosion et d&#039;endommagement du cylindre.<\/p>\n<ul>\n<li style=\"list-style-type: none;\">\n<ul>\n<li><strong>Personnalisable :<\/strong> Les v\u00e9rins en T soud\u00e9s peuvent \u00eatre personnalis\u00e9s pour r\u00e9pondre \u00e0 des applications sp\u00e9cifiques. Disponibles en diff\u00e9rentes tailles et formes, ils peuvent \u00eatre fabriqu\u00e9s pour r\u00e9pondre aux exigences sp\u00e9cifiques de chaque application.<\/li>\n<\/ul>\n<\/li>\n<\/ul>\n<p>Le processus de personnalisation permet d&#039;optimiser les performances du v\u00e9rin, garantissant ainsi son ad\u00e9quation \u00e0 l&#039;application pr\u00e9vue. Cette caract\u00e9ristique rend les v\u00e9rins \u00e0 t\u00e9 soud\u00e9 id\u00e9aux pour diverses applications industrielles, notamment la construction, l&#039;exploitation mini\u00e8re et la manutention.<\/p>\n<ul>\n<li style=\"list-style-type: none;\">\n<ul>\n<li><strong>Rentable :<\/strong> Les v\u00e9rins \u00e0 t\u00e9 soud\u00e9 sont plus \u00e9conomiques que les autres types de v\u00e9rins. Leur proc\u00e9d\u00e9 de fabrication est simple, ce qui les rend moins co\u00fbteux.<\/li>\n<\/ul>\n<\/li>\n<\/ul>\n<p>De plus, la r\u00e9sistance et la durabilit\u00e9 \u00e9lev\u00e9es des v\u00e9rins en T soud\u00e9s r\u00e9duisent les r\u00e9parations et remplacements fr\u00e9quents, r\u00e9duisant ainsi les co\u00fbts de maintenance. Cette caract\u00e9ristique en fait un choix populaire pour de nombreuses industries, notamment celles disposant d&#039;un budget limit\u00e9.<\/p>\n<ul>\n<li style=\"list-style-type: none;\">\n<ul>\n<li><strong>Efficacit\u00e9 accrue :<\/strong> Les v\u00e9rins \u00e0 t\u00e9 soud\u00e9 sont tr\u00e8s performants. Leur conception garantit que la force appliqu\u00e9e est transmise directement \u00e0 la charge, r\u00e9duisant ainsi les pertes d&#039;\u00e9nergie et augmentant l&#039;efficacit\u00e9.<\/li>\n<\/ul>\n<\/li>\n<\/ul>\n<p>Les joints soud\u00e9s sont robustes et rigides, minimisant la d\u00e9flexion et garantissant la stabilit\u00e9 structurelle du v\u00e9rin, m\u00eame dans des conditions extr\u00eames. Cette caract\u00e9ristique rend les v\u00e9rins \u00e0 t\u00e9 soud\u00e9 id\u00e9aux pour les applications exigeant une efficacit\u00e9 et une fiabilit\u00e9 \u00e9lev\u00e9es.<\/p>\n<p><img loading=\"lazy\" decoding=\"async\" class=\"size-full wp-image-976 aligncenter\" src=\"https:\/\/fmp-components.com\/wp-content\/uploads\/2024\/12\/Welded-Tee-Type-Cylinder2.webp\" alt=\"Cylindre de type T soud\u00e9\" width=\"764\" height=\"675\" title=\"\" srcset=\"https:\/\/fmp-components.com\/wp-content\/uploads\/2024\/12\/Welded-Tee-Type-Cylinder2.webp 764w, https:\/\/fmp-components.com\/wp-content\/uploads\/2024\/12\/Welded-Tee-Type-Cylinder2-480x424.webp 480w\" sizes=\"(min-width: 0px) and (max-width: 480px) 480px, (min-width: 481px) 764px, 100vw\" \/><\/p>\n<h2>Application du cylindre de type T soud\u00e9<\/h2>\n<ol>\n<li>\n<h3>Industrie automobile<\/h3>\n<p>Les v\u00e9rins en T soud\u00e9s sont largement utilis\u00e9s dans l&#039;industrie automobile. Ils \u00e9quipent les porti\u00e8res, les capots et les coffres \u00e9l\u00e9vateurs, les toits de cabriolets et les syst\u00e8mes de direction assist\u00e9e. Ces v\u00e9rins sont particuli\u00e8rement appr\u00e9ci\u00e9s pour leur capacit\u00e9 \u00e0 fournir une force \u00e9lev\u00e9e dans un encombrement r\u00e9duit. Leur conception en T est particuli\u00e8rement adapt\u00e9e aux applications o\u00f9 la force doit \u00eatre transmise dans deux directions diff\u00e9rentes.<\/p>\n<p>De plus, la construction soud\u00e9e de ces cylindres leur permet de fonctionner \u00e0 des temp\u00e9ratures et pressions \u00e9lev\u00e9es sans fuite. Ils conviennent donc parfaitement aux moteurs, aux transmissions et aux syst\u00e8mes de freinage.<\/li>\n<li>\n<h3>Industrie manufacturi\u00e8re<\/h3>\n<p>Les v\u00e9rins \u00e0 t\u00e9 soud\u00e9 sont \u00e9galement utilis\u00e9s dans l&#039;industrie manufacturi\u00e8re. Ils \u00e9quipent les presses hydrauliques, les forges et les machines de d\u00e9coupe de m\u00e9taux. Leur force de sortie \u00e9lev\u00e9e les rend id\u00e9aux pour les applications n\u00e9cessitant une force importante dans un espace restreint.<\/p>\n<p>Le v\u00e9rin en T est \u00e9galement parfaitement adapt\u00e9 aux applications o\u00f9 la force doit \u00eatre transmise dans deux directions diff\u00e9rentes. Par exemple, dans une presse hydraulique, le v\u00e9rin en T peut \u00eatre utilis\u00e9 pour appliquer une force verticalement et horizontalement, permettant ainsi des processus de fabrication plus complexes.<\/li>\n<li>\n<h3>Industrie a\u00e9rospatiale<\/h3>\n<p>Les v\u00e9rins \u00e0 t\u00e9 soud\u00e9 sont utilis\u00e9s dans l&#039;industrie a\u00e9ronautique pour diverses applications. Ils sont utilis\u00e9s dans les trains d&#039;atterrissage, les portes de soute et les syst\u00e8mes de commandes de vol. Leur force de sortie \u00e9lev\u00e9e et leur conception compacte les rendent parfaitement adapt\u00e9s aux espaces restreints des avions.<\/p>\n<p>La construction soud\u00e9e de ces v\u00e9rins les rend \u00e9galement r\u00e9sistants aux pressions et temp\u00e9ratures \u00e9lev\u00e9es en vol. De plus, leur conception en T permet un transfert de force bidirectionnel, ce qui les rend particuli\u00e8rement adapt\u00e9s aux applications o\u00f9 la force doit \u00eatre appliqu\u00e9e selon un angle.<\/li>\n<li>\n<h3>Industrie de la construction<\/h3>\n<p>Les v\u00e9rins \u00e0 t\u00e9 soud\u00e9 sont utilis\u00e9s dans le secteur de la construction pour les applications de levage et de d\u00e9placement de charges lourdes. Ils \u00e9quipent les grues, les excavatrices et les r\u00e9trocaveuses. Leur force de sortie \u00e9lev\u00e9e et leur conception compacte en font la solution id\u00e9ale pour une utilisation dans les espaces restreints des chantiers.<\/p>\n<p>La conception des v\u00e9rins en T permet un transfert de force bidirectionnel, ce qui les rend particuli\u00e8rement adapt\u00e9s aux applications o\u00f9 la force doit \u00eatre appliqu\u00e9e selon un angle. De plus, leur construction soud\u00e9e leur permet de fonctionner \u00e0 des pressions et temp\u00e9ratures \u00e9lev\u00e9es sans fuite, ce qui les rend adapt\u00e9s \u00e0 une utilisation en environnements ext\u00e9rieurs difficiles.<\/li>\n<\/ol>\n<p><img loading=\"lazy\" decoding=\"async\" class=\"size-full wp-image-977 aligncenter\" src=\"https:\/\/fmp-components.com\/wp-content\/uploads\/2024\/12\/Welded-Tee-Type-Cylinder3.webp\" alt=\"Cylindre de type T soud\u00e9\" width=\"653\" height=\"600\" title=\"\" srcset=\"https:\/\/fmp-components.com\/wp-content\/uploads\/2024\/12\/Welded-Tee-Type-Cylinder3.webp 653w, https:\/\/fmp-components.com\/wp-content\/uploads\/2024\/12\/Welded-Tee-Type-Cylinder3-480x441.webp 480w\" sizes=\"(min-width: 0px) and (max-width: 480px) 480px, (min-width: 481px) 653px, 100vw\" \/><\/p>\n<h3>\u00c0 propos de FMP<\/h3>\n<p>FMP est un fabricant leader de v\u00e9rins hydrauliques, fort de plus de 30 ans d'exp\u00e9rience dans le secteur. Notre site industriel est situ\u00e9 en Italie et dispose d'un parc de machines important, comprenant notamment des machines de soudage automatique sous protection gazeuse, des al\u00e9seuses profondes, des tours CNC, des rectifieuses cylindriques, des machines de nettoyage automatique, des machines d'installation automatiques, des bancs d'essai de performance automatiques pour v\u00e9rins hydrauliques, des lignes de peinture automatis\u00e9es, et bien plus encore. Nous sommes sp\u00e9cialis\u00e9s dans la production de v\u00e9rins hydrauliques sur mesure, con\u00e7us et fabriqu\u00e9s pour r\u00e9pondre aux besoins sp\u00e9cifiques de nos clients.<\/p>\n<p>Chez FMP, nous nous engageons \u00e0 fournir \u00e0 nos clients des v\u00e9rins hydrauliques de haute qualit\u00e9, con\u00e7us pour durer. Nos produits sont soumis \u00e0 des processus de fabrication et de contr\u00f4le rigoureux afin de garantir leur conformit\u00e9 aux normes de qualit\u00e9 les plus exigeantes. Voici quelques raisons de nous choisir\u00a0:<\/p>\n<ol>\n<li><strong>Service de conception :<\/strong> Notre \u00e9quipe de conception exp\u00e9riment\u00e9e peut vous aider \u00e0 cr\u00e9er de nouveaux produits ou \u00e0 am\u00e9liorer ceux existants. Nous nous engageons \u00e0 travailler en \u00e9troite collaboration avec nos clients afin de garantir la satisfaction de leurs besoins.<\/li>\n<li><strong>Service produit :<\/strong> Nous suivons un processus rigoureux qui comprend l'approvisionnement en mati\u00e8res premi\u00e8res, la d\u00e9coupe, le d\u00e9grossissage, les tests, le nettoyage, l'assemblage, l'emballage et le transport. Ce processus est con\u00e7u pour garantir la qualit\u00e9 optimale de nos produits.<\/li>\n<li><strong>Exemple de processus :<\/strong> Nous pouvons concevoir et modifier des \u00e9chantillons pour r\u00e9pondre \u00e0 vos besoins. Nous nous engageons \u00e0 fournir \u00e0 nos clients des produits de haute qualit\u00e9 qui r\u00e9pondent \u00e0 leurs exigences sp\u00e9cifiques.<\/li>\n<li><strong>R&amp;D :<\/strong> Nous \u00e9tudions constamment le march\u00e9 afin d'identifier les nouveaux besoins et de d\u00e9velopper de nouveaux mod\u00e8les. Cela nous permet de garder une longueur d'avance sur la concurrence et de proposer \u00e0 nos clients les v\u00e9rins hydrauliques les plus r\u00e9cents et les plus innovants du march\u00e9.<\/li>\n<li><strong>Personnalisation :<\/strong> Nous sommes sp\u00e9cialis\u00e9s dans la production de v\u00e9rins hydrauliques sur mesure, con\u00e7us et fabriqu\u00e9s pour r\u00e9pondre aux besoins sp\u00e9cifiques de nos clients. Nos produits sont disponibles dans une vaste gamme de tailles et de configurations afin de satisfaire vos exigences particuli\u00e8res.<\/li>\n<\/ol>\n<p><img decoding=\"async\" src=\"https:\/\/fmp-components.com\/wp-content\/uploads\/2024\/12\/fmp-factory-4.webp\" alt=\"Usine FMP\" width=\"800\" title=\"\"><br \/>\nAuteur : CX<\/p>","protected":false},"excerpt":{"rendered":"<p>The Factory Price Double Acting Tractor Hydraulic Cylinder is a crucial component utilized in a variety of machinery, particularly in tractors where it plays a significant role in enhancing operational efficiency. Manufactured by FMP, a reputable company based in Italy City, this hydraulic cylinder exemplifies advanced engineering and meticulous design. With a commitment to quality [&hellip;]<\/p>","protected":false},"featured_media":1132,"comment_status":"closed","ping_status":"closed","template":"","meta":{"_et_pb_use_builder":"","_et_pb_old_content":"","_et_gb_content_width":""},"product_brand":[],"product_cat":[31],"product_tag":[34,35],"class_list":{"0":"post-924","1":"product","2":"type-product","3":"status-publish","4":"has-post-thumbnail","6":"product_cat-welded-tee-type-cylinder","7":"product_tag-hydraulic-cylinder","8":"product_tag-welded-tee-type-cylinder","10":"first","11":"instock","12":"product-type-simple"},"_links":{"self":[{"href":"https:\/\/fmp-components.com\/fr\/wp-json\/wp\/v2\/product\/924","targetHints":{"allow":["GET"]}}],"collection":[{"href":"https:\/\/fmp-components.com\/fr\/wp-json\/wp\/v2\/product"}],"about":[{"href":"https:\/\/fmp-components.com\/fr\/wp-json\/wp\/v2\/types\/product"}],"replies":[{"embeddable":true,"href":"https:\/\/fmp-components.com\/fr\/wp-json\/wp\/v2\/comments?post=924"}],"wp:featuredmedia":[{"embeddable":true,"href":"https:\/\/fmp-components.com\/fr\/wp-json\/wp\/v2\/media\/1132"}],"wp:attachment":[{"href":"https:\/\/fmp-components.com\/fr\/wp-json\/wp\/v2\/media?parent=924"}],"wp:term":[{"taxonomy":"product_brand","embeddable":true,"href":"https:\/\/fmp-components.com\/fr\/wp-json\/wp\/v2\/product_brand?post=924"},{"taxonomy":"product_cat","embeddable":true,"href":"https:\/\/fmp-components.com\/fr\/wp-json\/wp\/v2\/product_cat?post=924"},{"taxonomy":"product_tag","embeddable":true,"href":"https:\/\/fmp-components.com\/fr\/wp-json\/wp\/v2\/product_tag?post=924"}],"curies":[{"name":"wp","href":"https:\/\/api.w.org\/{rel}","templated":true}]}}