{"id":816,"date":"2024-12-18T07:55:12","date_gmt":"2024-12-18T07:55:12","guid":{"rendered":"https:\/\/fmp-components.com\/?page_id=8"},"modified":"2024-12-18T08:06:02","modified_gmt":"2024-12-18T08:06:02","slug":"hydraulic-cylinder-for-wave-tide-power-generation","status":"publish","type":"product","link":"https:\/\/fmp-components.com\/fr\/product\/hydraulic-cylinder-for-wave-tide-power-generation\/","title":{"rendered":"V\u00e9rin hydraulique pour la production d&#039;\u00e9nergie houlomotrice et mar\u00e9motrice"},"content":{"rendered":"<p style=\"text-align: center;\"><span style=\"font-size: 18pt;\">V\u00e9rin hydraulique pour la production d&#039;\u00e9nergie houlomotrice et mar\u00e9motrice<\/span><\/p>\n<p>Le v\u00e9rin hydraulique pour la production d'\u00e9nergie houlomotrice et mar\u00e9motrice est un dispositif de pointe con\u00e7u pour exploiter l'\u00e9nergie des vagues et des mar\u00e9es. Cette solution innovante convertit l'\u00e9nergie cin\u00e9tique en \u00e9nergie utilisable, contribuant ainsi \u00e0 une production d'\u00e9nergie durable.<\/p>\n<h4>Caract\u00e9ristiques principales :<\/h4>\n<ul>\n<li><strong>Conception robuste :<\/strong> Con\u00e7u pour r\u00e9sister aux environnements marins difficiles, notre v\u00e9rin hydraulique est fabriqu\u00e9 \u00e0 partir de mat\u00e9riaux haute r\u00e9sistance qui r\u00e9sistent \u00e0 la corrosion et \u00e0 l'usure.<\/li>\n<li><strong>Haute efficacit\u00e9 :<\/strong> Optimis\u00e9 pour une extraction d'\u00e9nergie maximale, le syst\u00e8me hydraulique assure une conversion efficace de l'\u00e9nergie des vagues et des mar\u00e9es en \u00e9nergie hydraulique.<\/li>\n<li><strong>Application polyvalente :<\/strong> Adapt\u00e9 \u00e0 divers projets d'\u00e9nergie marine, y compris les installations offshore et c\u00f4ti\u00e8res, ce v\u00e9rin hydraulique peut \u00eatre int\u00e9gr\u00e9 aux syst\u00e8mes d'alimentation existants ou utilis\u00e9 dans de nouveaux d\u00e9veloppements.<\/li>\n<li><strong>Entretien facile :<\/strong> Con\u00e7u pour \u00eatre accessible, le v\u00e9rin hydraulique simplifie les proc\u00e9dures de maintenance, garantissant une fiabilit\u00e9 \u00e0 long terme et des temps d'arr\u00eat r\u00e9duits.<\/li>\n<li><strong>Respectueux de l'environnement :<\/strong> En utilisant l'\u00e9nergie marine renouvelable, ce produit contribue \u00e0 r\u00e9duire les \u00e9missions de carbone et favorise des solutions \u00e9nerg\u00e9tiques durables.<\/li>\n<\/ul>\n<p>Le v\u00e9rin hydraulique pour la production d'\u00e9nergie houlomotrice et mar\u00e9motrice repr\u00e9sente une avanc\u00e9e majeure dans le domaine des \u00e9nergies renouvelables. En exploitant efficacement la force des mouvements oc\u00e9aniques, il joue un r\u00f4le crucial dans la transition vers un avenir \u00e9nerg\u00e9tique plus durable.<\/p>\n<h2>Cylindre hydraulique pour \u00e9quipement de production d'\u00e9nergie houlomotrice\/mar\u00e9motrice<\/h2>\n<table border=\"1\" cellspacing=\"0\" cellpadding=\"0\">\n<tbody>\n<tr>\n<td>Nom du produit<\/td>\n<td>Cylindre d'\u00e9quipement de production d'\u00e9nergie houlomotrice\/mar\u00e9motrice<\/td>\n<\/tr>\n<tr>\n<td>Caract\u00e9ristiques:<\/td>\n<td>Convertir l'\u00e9nergie des vagues en \u00e9nergie hydraulique pour actionner les v\u00e9rins hydrauliques. L'huile sous haute pression actionne ensuite le moteur \u00e9lectrique pour produire de l'\u00e9lectricit\u00e9, qui est finalement convertie en \u00e9nergie \u00e9lectrique.<\/td>\n<\/tr>\n<tr>\n<td>Diam\u00e8tre d&#039;al\u00e9sage :<\/td>\n<td>\u00a0Jusqu'\u00e0 250 mm<\/td>\n<\/tr>\n<tr>\n<td>Diam\u00e8tre de la tige :<\/td>\n<td>Jusqu'\u00e0 190 mm<br \/>\nCourse jusqu'\u00e0 4800 mm<\/td>\n<\/tr>\n<tr>\n<td>Pression:<\/td>\n<td>jusqu'\u00e0 31,5 MPa<\/td>\n<\/tr>\n<tr>\n<td>Applications :<\/td>\n<td>Production d'\u00e9nergie houlomotrice\/mar\u00e9motrice<\/td>\n<\/tr>\n<\/tbody>\n<\/table>\n<h3>Avantages des v\u00e9rins hydrauliques dans les \u00e9quipements de production d'\u00e9nergie houlomotrice\/mar\u00e9motrice<\/h3>\n<p>Les v\u00e9rins hydrauliques jouent un r\u00f4le crucial dans le fonctionnement des syst\u00e8mes de production d'\u00e9nergie houlomotrice et mar\u00e9motrice. Voici les principaux avantages de leur utilisation dans ce contexte\u00a0:<\/p>\n<ol>\n<li><strong>Densit\u00e9 de puissance \u00e9lev\u00e9e :<\/strong> Les v\u00e9rins hydrauliques offrent un excellent rapport puissance\/poids, permettant des conceptions compactes et efficaces. Ceci est particuli\u00e8rement avantageux pour les applications d'\u00e9nergie houlomotrice et mar\u00e9motrice, o\u00f9 l'espace est limit\u00e9 et o\u00f9 l'\u00e9quipement doit souvent \u00eatre immerg\u00e9.<\/li>\n<li><strong>Durabilit\u00e9 et fiabilit\u00e9 :<\/strong> Reconnus pour leur robustesse, les v\u00e9rins hydrauliques r\u00e9sistent aux environnements marins difficiles, notamment \u00e0 l'eau sal\u00e9e et aux conditions climatiques extr\u00eames. Con\u00e7us pour un fonctionnement durable avec un minimum d'entretien, ils sont parfaitement adapt\u00e9s aux syst\u00e8mes constamment expos\u00e9s aux intemp\u00e9ries.<\/li>\n<li><strong>Contr\u00f4le pr\u00e9cis :<\/strong> Ces v\u00e9rins permettent un contr\u00f4le pr\u00e9cis des mouvements des composants dans les syst\u00e8mes d'\u00e9nergie houlomotrice et mar\u00e9motrice. Ceci est essentiel pour optimiser la captation d'\u00e9nergie et s'adapter aux variations des conditions environnementales.<\/li>\n<li><strong>\u00c9volutivit\u00e9 :<\/strong> Les syst\u00e8mes hydrauliques sont facilement modulables, ce qui permet une personnalisation en fonction des besoins variables en production d'\u00e9nergie. En modifiant la taille et le nombre de v\u00e9rins, l'\u00e9quipement peut \u00eatre adapt\u00e9 \u00e0 des exigences \u00e9nerg\u00e9tiques sp\u00e9cifiques.<\/li>\n<li><strong>Efficacit\u00e9 de conversion \u00e9nerg\u00e9tique :<\/strong> Les v\u00e9rins hydrauliques convertissent efficacement les mouvements des vagues et des mar\u00e9es en \u00e9nergie m\u00e9canique, captant efficacement l'\u00e9nergie et la transformant en mouvement de rotation pour les g\u00e9n\u00e9rateurs ou autres dispositifs.<\/li>\n<li><strong>Impact environnemental minimal :<\/strong> Comparativement \u00e0 d'autres m\u00e9thodes de production d'\u00e9nergie, les v\u00e9rins hydrauliques ont un faible impact environnemental. Ils ne produisent aucune \u00e9mission directe et fonctionnent silencieusement, minimisant ainsi la pollution sonore et prot\u00e9geant les \u00e9cosyst\u00e8mes marins.<\/li>\n<li><strong>Flexibilit\u00e9 de conception\u00a0:<\/strong> Les v\u00e9rins hydrauliques offrent une grande flexibilit\u00e9 de conception, permettant aux ing\u00e9nieurs de personnaliser la taille, la longueur de course et la force de sortie afin d'optimiser les performances et l'efficacit\u00e9 du syst\u00e8me pour des applications sp\u00e9cifiques de production d'\u00e9nergie houlomotrice et mar\u00e9motrice.<\/li>\n<\/ol>\n<p><img loading=\"lazy\" decoding=\"async\" class=\"alignnone  wp-image-819\" src=\"https:\/\/fmp-components.com\/wp-content\/uploads\/2024\/12\/Wave-Tide-Power-Generation-Equipment-Hydraulic-Cylinder.webp\" alt=\"Cylindre hydraulique pour \u00e9quipement de production d&#039;\u00e9nergie houlomotrice\" width=\"925\" height=\"308\" title=\"\" srcset=\"https:\/\/fmp-components.com\/wp-content\/uploads\/2024\/12\/Wave-Tide-Power-Generation-Equipment-Hydraulic-Cylinder.webp 925w, https:\/\/fmp-components.com\/wp-content\/uploads\/2024\/12\/Wave-Tide-Power-Generation-Equipment-Hydraulic-Cylinder-480x160.webp 480w\" sizes=\"(min-width: 0px) and (max-width: 480px) 480px, (min-width: 481px) 925px, 100vw\" \/><\/p>\n<h3>Choisissez les v\u00e9rins hydrauliques FMP pour la production d'\u00e9nergie houlomotrice\/mar\u00e9motrice<\/h3>\n<p>FMP est un fabricant de premier plan de v\u00e9rins hydrauliques sp\u00e9cialement con\u00e7us pour la production d'\u00e9nergie houlomotrice et mar\u00e9motrice. R\u00e9put\u00e9s pour leur qualit\u00e9, leur durabilit\u00e9 et leur fiabilit\u00e9, les v\u00e9rins FMP sont parfaitement adapt\u00e9s aux environnements marins difficiles.<\/p>\n<h4>Avantages du choix des v\u00e9rins hydrauliques FMP\u00a0:<\/h4>\n<ul>\n<li><strong>Haute efficacit\u00e9 :<\/strong> Les v\u00e9rins hydrauliques FMP sont con\u00e7us pour une efficacit\u00e9 optimale, convertissant l'\u00e9nergie des vagues et des mar\u00e9es en puissance hydraulique avec des pertes minimales.<\/li>\n<li><strong>Longue dur\u00e9e de vie :<\/strong> Con\u00e7us pour durer, ces cylindres sont dot\u00e9s de composants robustes et d'une construction qui leur permet de r\u00e9sister aux conditions marines les plus exigeantes.<\/li>\n<li><strong>Faible entretien :<\/strong> Con\u00e7us pour un entretien minimal, les v\u00e9rins hydrauliques FMP n\u00e9cessitent peu de maintenance tout en garantissant des performances fiables.<\/li>\n<li><strong>Conception personnalisable :<\/strong> FMP propose une gamme diversifi\u00e9e de v\u00e9rins hydrauliques con\u00e7us sur mesure pour r\u00e9pondre aux exigences sp\u00e9cifiques de chaque projet de production d'\u00e9nergie houlomotrice et mar\u00e9motrice.<\/li>\n<\/ul>\n<p>Les v\u00e9rins hydrauliques FMP ont \u00e9t\u00e9 utilis\u00e9s avec succ\u00e8s dans divers projets \u00e0 travers le monde, notamment la centrale houlomotrice d'Oyster dans les Orcades, en \u00c9cosse, et la lagune mar\u00e9motrice de Penghu \u00e0 Ta\u00efwan.<\/p>\n<h4>Consid\u00e9rations relatives au choix des v\u00e9rins hydrauliques FMP\u00a0:<\/h4>\n<ol>\n<li><strong>Type de dispositif de production d'\u00e9nergie\u00a0:<\/strong> Les exigences sp\u00e9cifiques relatives \u00e0 vos v\u00e9rins hydrauliques d\u00e9pendent de l'appareil utilis\u00e9. Par exemple, les convertisseurs d'\u00e9nergie houlomotrice (CEH) peuvent n\u00e9cessiter des v\u00e9rins \u00e0 forte densit\u00e9 de puissance et \u00e0 course longue, tandis que les barrages mar\u00e9moteurs requi\u00e8rent des v\u00e9rins \u00e0 capacit\u00e9 de force sup\u00e9rieure.<\/li>\n<li><strong>Environnement d'exploitation :<\/strong> Tenez compte de facteurs tels que la profondeur de l'eau, la salinit\u00e9 et la temp\u00e9rature, car ils peuvent influencer les performances et la dur\u00e9e de vie des v\u00e9rins hydrauliques.<\/li>\n<li><strong>Budget:<\/strong> FMP propose une gamme vari\u00e9e de v\u00e9rins hydrauliques \u00e0 diff\u00e9rents prix. Il est essentiel de trouver le juste \u00e9quilibre entre votre budget et les performances et la qualit\u00e9 requises.<\/li>\n<\/ol>\n<p>Pour obtenir de l'aide dans le choix des v\u00e9rins hydrauliques FMP adapt\u00e9s \u00e0 votre projet de production d'\u00e9nergie houlomotrice ou mar\u00e9motrice, n'h\u00e9sitez pas \u00e0 contacter directement FMP. Leurs ing\u00e9nieurs exp\u00e9riment\u00e9s sont \u00e0 votre disposition pour vous aider \u00e0 identifier les solutions les mieux adapt\u00e9es \u00e0 vos besoins sp\u00e9cifiques.<\/p>\n<p><img loading=\"lazy\" decoding=\"async\" class=\"alignnone size-full wp-image-818\" src=\"https:\/\/fmp-components.com\/wp-content\/uploads\/2024\/12\/Wave-Tide-Power-Generation-Equipment-Hydraulic-Cylinder-Advantages.webp\" alt=\"Avantages des \u00e9quipements de production d&#039;\u00e9nergie des vagues et des mar\u00e9es\u00a0: v\u00e9rin hydraulique\" width=\"1000\" height=\"501\" title=\"\" srcset=\"https:\/\/fmp-components.com\/wp-content\/uploads\/2024\/12\/Wave-Tide-Power-Generation-Equipment-Hydraulic-Cylinder-Advantages.webp 1000w, https:\/\/fmp-components.com\/wp-content\/uploads\/2024\/12\/Wave-Tide-Power-Generation-Equipment-Hydraulic-Cylinder-Advantages-980x491.webp 980w, https:\/\/fmp-components.com\/wp-content\/uploads\/2024\/12\/Wave-Tide-Power-Generation-Equipment-Hydraulic-Cylinder-Advantages-480x240.webp 480w\" sizes=\"(min-width: 0px) and (max-width: 480px) 480px, (min-width: 481px) and (max-width: 980px) 980px, (min-width: 981px) 1000px, 100vw\" \/><\/p>\n<h3>\u00c0 propos de FMP<\/h3>\n<p>FMP est une entreprise de fabrication m\u00e9canique sp\u00e9cialis\u00e9e dans la production de v\u00e9rins hydrauliques. Depuis sa cr\u00e9ation, l&#039;entreprise s&#039;est concentr\u00e9e sur la recherche et la fabrication de technologies hydrauliques, passant avec succ\u00e8s d&#039;une gamme de produits diversifi\u00e9e, incluant les machines de r\u00e9colte et de construction, \u00e0 une sp\u00e9cialisation dans les composants de tracteurs agricoles. Forte de plus de dix ans d&#039;exp\u00e9rience en fabrication et en gestion, FMP garantit des produits de haute qualit\u00e9 gr\u00e2ce \u00e0 des techniques de production avanc\u00e9es.<\/p>\n<p>Au fil de son \u00e9volution, l&#039;entreprise a d\u00e9velopp\u00e9 une ligne compl\u00e8te de production d&#039;usinage, d&#039;assemblage et de rev\u00eatement. Notre \u00e9quipe est compos\u00e9e d&#039;un personnel de direction qualifi\u00e9, de concepteurs m\u00e9caniques exp\u00e9riment\u00e9s et de techniciens hautement qualifi\u00e9s qui travaillent ensemble pour maintenir une qualit\u00e9 de production stable tout en contr\u00f4lant efficacement la continuit\u00e9 et l&#039;efficacit\u00e9 des processus.<\/p>\n<p>FMP adh\u00e8re \u00e0 la philosophie suivante\u00a0: \u00ab\u00a0L&#039;innovation technologique est le moteur du progr\u00e8s, la qualit\u00e9 cr\u00e9e des marques, le savoir-faire garantit la qualit\u00e9 et \u00e9tablit des relations gagnant-gagnant \u00e0 long terme.\u00a0\u00bb Notre engagement \u00e0 fournir des produits de haute qualit\u00e9 et un service client irr\u00e9prochable demeure un objectif essentiel pour r\u00e9pondre aux besoins changeants du march\u00e9.<\/p>\n<p><img loading=\"lazy\" decoding=\"async\" class=\"alignnone size-full wp-image-426\" src=\"https:\/\/fmp-components.com\/wp-content\/uploads\/2024\/12\/Sanitation-Machinery-Locking-Hydraulic-Cylinder-factory.webp\" sizes=\"(min-width: 0px) and (max-width: 480px) 480px, (min-width: 481px) and (max-width: 980px) 980px, (min-width: 981px) and (max-width: 1280px) 1280px, (min-width: 1281px) 1414px, 100vw\" srcset=\"https:\/\/fmp-components.com\/wp-content\/uploads\/2024\/12\/Sanitation-Machinery-Locking-Hydraulic-Cylinder-factory.webp 1414w, https:\/\/fmp-components.com\/wp-content\/uploads\/2024\/12\/Sanitation-Machinery-Locking-Hydraulic-Cylinder-factory-1280x529.webp 1280w, https:\/\/fmp-components.com\/wp-content\/uploads\/2024\/12\/Sanitation-Machinery-Locking-Hydraulic-Cylinder-factory-980x405.webp 980w, https:\/\/fmp-components.com\/wp-content\/uploads\/2024\/12\/Sanitation-Machinery-Locking-Hydraulic-Cylinder-factory-480x198.webp 480w\" alt=\"Usine de machines sanitaires, de verrouillage, de v\u00e9rins hydrauliques\" width=\"1414\" height=\"584\" title=\"\"><\/p>\n<p>Auteur : CX<\/p>","protected":false},"excerpt":{"rendered":"<p>Le v\u00e9rin hydraulique d'un syst\u00e8me de production d'\u00e9nergie houlomotrice et mar\u00e9motrice est un composant essentiel con\u00e7u pour exploiter l'\u00e9nergie des vagues et des mar\u00e9es. Ce v\u00e9rin joue un r\u00f4le crucial dans la conversion de l'\u00e9nergie cin\u00e9tique de l'eau en \u00e9nergie m\u00e9canique, facilitant ainsi le fonctionnement de divers m\u00e9canismes de production d'\u00e9nergie. Fabriqu\u00e9 \u00e0 partir de mat\u00e9riaux haute r\u00e9sistance et anticorrosion, il est con\u00e7u pour r\u00e9sister aux conditions marines difficiles, notamment \u00e0 l'eau sal\u00e9e et aux intemp\u00e9ries. Le syst\u00e8me hydraulique assure des mouvements fluides et efficaces, optimisant la capture d'\u00e9nergie tout en garantissant la fiabilit\u00e9 et la durabilit\u00e9 de l'\u00e9quipement. Ce v\u00e9rin hydraulique est indispensable pour optimiser les performances des syst\u00e8mes d'\u00e9nergie houlomotrice et mar\u00e9motrice, contribuant ainsi significativement \u00e0 des solutions \u00e9nerg\u00e9tiques durables et renouvelables.<\/p>","protected":false},"featured_media":817,"comment_status":"open","ping_status":"closed","template":"","meta":{"_et_pb_use_builder":"","_et_pb_old_content":"","_et_gb_content_width":""},"product_brand":[],"product_cat":[29],"product_tag":[],"class_list":{"0":"post-816","1":"product","2":"type-product","3":"status-publish","4":"has-post-thumbnail","6":"product_cat-energy-technology-hydraulic-cylinders","8":"first","9":"instock","10":"shipping-taxable","11":"product-type-simple"},"_links":{"self":[{"href":"https:\/\/fmp-components.com\/fr\/wp-json\/wp\/v2\/product\/816","targetHints":{"allow":["GET"]}}],"collection":[{"href":"https:\/\/fmp-components.com\/fr\/wp-json\/wp\/v2\/product"}],"about":[{"href":"https:\/\/fmp-components.com\/fr\/wp-json\/wp\/v2\/types\/product"}],"replies":[{"embeddable":true,"href":"https:\/\/fmp-components.com\/fr\/wp-json\/wp\/v2\/comments?post=816"}],"wp:featuredmedia":[{"embeddable":true,"href":"https:\/\/fmp-components.com\/fr\/wp-json\/wp\/v2\/media\/817"}],"wp:attachment":[{"href":"https:\/\/fmp-components.com\/fr\/wp-json\/wp\/v2\/media?parent=816"}],"wp:term":[{"taxonomy":"product_brand","embeddable":true,"href":"https:\/\/fmp-components.com\/fr\/wp-json\/wp\/v2\/product_brand?post=816"},{"taxonomy":"product_cat","embeddable":true,"href":"https:\/\/fmp-components.com\/fr\/wp-json\/wp\/v2\/product_cat?post=816"},{"taxonomy":"product_tag","embeddable":true,"href":"https:\/\/fmp-components.com\/fr\/wp-json\/wp\/v2\/product_tag?post=816"}],"curies":[{"name":"wp","href":"https:\/\/api.w.org\/{rel}","templated":true}]}}