{"id":809,"date":"2024-12-18T07:45:43","date_gmt":"2024-12-18T07:45:43","guid":{"rendered":"https:\/\/fmp-components.com\/?page_id=8"},"modified":"2024-12-18T07:51:27","modified_gmt":"2024-12-18T07:51:27","slug":"desalination-equipment-hydraulic-cylinders","status":"publish","type":"product","link":"https:\/\/fmp-components.com\/fr\/product\/desalination-equipment-hydraulic-cylinders\/","title":{"rendered":"V\u00e9rins hydrauliques pour \u00e9quipements de dessalement"},"content":{"rendered":"<p style=\"text-align: center;\"><span style=\"font-size: 18pt;\">V\u00e9rins hydrauliques pour \u00e9quipements de dessalement<\/span><\/p>\n<p>Les v\u00e9rins hydrauliques des \u00e9quipements de dessalement sont des composants hydrauliques essentiels, con\u00e7us sp\u00e9cifiquement pour les usines de dessalement. Ils jouent un r\u00f4le crucial dans le fonctionnement des diff\u00e9rentes machines impliqu\u00e9es dans le traitement de l'eau, telles que les pompes, les vannes et les syst\u00e8mes de filtration.<\/p>\n<h4>Caract\u00e9ristiques principales :<\/h4>\n<ul>\n<li><strong>Construction haute r\u00e9sistance :<\/strong> Fabriqu\u00e9s \u00e0 partir de mat\u00e9riaux durables et r\u00e9sistants \u00e0 la corrosion, ces v\u00e9rins hydrauliques sont con\u00e7us pour r\u00e9sister aux environnements difficiles typiques des op\u00e9rations de dessalement, notamment l'exposition \u00e0 l'eau sal\u00e9e et aux hautes pressions.<\/li>\n<li><strong>Performances fiables :<\/strong> Con\u00e7us pour une efficacit\u00e9 \u00e9lev\u00e9e, ces v\u00e9rins fournissent une force hydraulique constante et puissante, assurant le fonctionnement efficace des \u00e9quipements de dessalement et contribuant \u00e0 la fiabilit\u00e9 globale du processus de traitement de l'eau.<\/li>\n<li><strong>Contr\u00f4le pr\u00e9cis :<\/strong> La conception hydraulique permet des r\u00e9glages fluides et pr\u00e9cis, am\u00e9liorant l'efficacit\u00e9 op\u00e9rationnelle des vannes et des pompes, ce qui est crucial pour optimiser le d\u00e9bit d'eau et les processus de traitement.<\/li>\n<li><strong>Application polyvalente :<\/strong> Adapt\u00e9s \u00e0 diverses technologies de dessalement, notamment l'osmose inverse et la distillation flash multi-\u00e9tages, ces v\u00e9rins hydrauliques peuvent s'adapter \u00e0 diff\u00e9rents besoins op\u00e9rationnels, ce qui les rend polyvalents pour des applications diverses.<\/li>\n<li><strong>Faibles besoins d&#039;entretien :<\/strong> Con\u00e7us pour une usure minimale, ces cylindres r\u00e9duisent le besoin d'entretien fr\u00e9quent, contribuant ainsi \u00e0 la r\u00e9duction des co\u00fbts d'exploitation et \u00e0 l'augmentation de la productivit\u00e9 des installations de dessalement.<\/li>\n<\/ul>\n<p>En r\u00e9sum\u00e9, les v\u00e9rins hydrauliques des \u00e9quipements de dessalement sont des composants essentiels qui optimisent les performances et l'efficacit\u00e9 des usines de dessalement, am\u00e9liorant consid\u00e9rablement leur capacit\u00e9 \u00e0 fournir de l'eau douce \u00e0 partir d'eau de mer et assurant une gestion durable des ressources en eau.<\/p>\n<h2>Cylindre hydraulique pour \u00e9quipement de dessalement<\/h2>\n<table style=\"width: 98.4268%; height: 316px;\" border=\"1\" cellspacing=\"0\" cellpadding=\"0\">\n<tbody>\n<tr>\n<td>Nom du produit<\/td>\n<td>V\u00e9rins hydrauliques pour \u00e9quipements de dessalement<\/td>\n<\/tr>\n<tr>\n<td>Caract\u00e9ristiques:<\/td>\n<td>Extraire et comprimer l'eau de mer et l'acheminer vers le dispositif de filtration.<\/td>\n<\/tr>\n<tr>\n<td>Diam\u00e8tre d&#039;al\u00e9sage :<\/td>\n<td>Jusqu'\u00e0 300 mm<\/td>\n<\/tr>\n<tr>\n<td>Diam\u00e8tre de la tige :<\/td>\n<td>Jusqu'\u00e0 185 mm<br \/>\nCourse jusqu'\u00e0 1000 mm<\/td>\n<\/tr>\n<tr>\n<td>Temp\u00e9rature de fonctionnement :<\/td>\n<td>-20~30\u2103<\/td>\n<\/tr>\n<tr>\n<td>Vitesse de travail :<\/td>\n<td>jusqu'\u00e0 110 mm\/s<\/td>\n<\/tr>\n<tr>\n<td>Fr\u00e9quence de fonctionnement :<\/td>\n<td>24 heures<\/td>\n<\/tr>\n<tr>\n<td>Fuites internes et externes :<\/td>\n<td>&lt; 5 ml\/min<\/td>\n<\/tr>\n<tr>\n<td>Pression:<\/td>\n<td>jusqu'\u00e0 11 MPa<br \/>\npression initiale &lt; 0,1 MPa<\/td>\n<\/tr>\n<tr>\n<td>Applications :<\/td>\n<td>\u00c9quipement de dessalement<\/td>\n<\/tr>\n<\/tbody>\n<\/table>\n<h2>Caract\u00e9ristiques de conception des v\u00e9rins hydrauliques des \u00e9quipements de dessalement<\/h2>\n<ul>\n<li><strong>R\u00e9sistance \u00e0 la corrosion :<\/strong> Fabriqu\u00e9 en acier inoxydable duplex sans soudure, ce mod\u00e8le r\u00e9siste efficacement \u00e0 la corrosion par l'eau de mer, garantissant long\u00e9vit\u00e9 et fiabilit\u00e9.<\/li>\n<li><strong>Durabilit\u00e9 accrue\u00a0:<\/strong> Le corps du v\u00e9rin hydraulique et la tige de piston sont recouverts d'une peinture c\u00e9ramique, ce qui augmente la r\u00e9sistance \u00e0 l'usure de surface et la durabilit\u00e9 globale.<\/li>\n<li><strong>\u00c9tanch\u00e9it\u00e9 personnalis\u00e9e\u00a0:<\/strong> Des configurations et des mat\u00e9riaux d'\u00e9tanch\u00e9it\u00e9 sp\u00e9cialis\u00e9s sont utilis\u00e9s pour \u00e9liminer efficacement les microbes et le sable fin de l'eau de mer, maximisant ainsi la fiabilit\u00e9 et la dur\u00e9e de vie des joints.<\/li>\n<li><strong>Conception optimis\u00e9e des vannes\u00a0:<\/strong> Le v\u00e9rin hydraulique est dot\u00e9 d'une vanne d'entr\u00e9e et de sortie d'eau de mer sp\u00e9cialement con\u00e7ue, assurant un transport efficace de l'eau de mer.<\/li>\n<li><strong>Processus d'assemblage propre\u00a0:<\/strong> Une proc\u00e9dure unique d'assemblage et de d\u00e9graissage garantit que le v\u00e9rin hydraulique est exempt de taches d'huile, assurant ainsi des performances et une propret\u00e9 optimales.<\/li>\n<\/ul>\n<p><img loading=\"lazy\" decoding=\"async\" class=\"wp-image-813 aligncenter\" src=\"https:\/\/fmp-components.com\/wp-content\/uploads\/2024\/12\/Hydraulic-Cylinders-in-Desalination-Equipment-Benefits.webp\" alt=\"Avantages des v\u00e9rins hydrauliques dans les \u00e9quipements de dessalement\" width=\"814\" height=\"407\" title=\"\"><\/p>\n<h2>Avantages des v\u00e9rins hydrauliques dans les \u00e9quipements de dessalement<\/h2>\n<p>Les v\u00e9rins hydrauliques offrent de nombreux avantages pour les \u00e9quipements de dessalement, notamment\u00a0:<\/p>\n<ol>\n<li><strong>Rapport puissance\/poids \u00e9lev\u00e9\u00a0:<\/strong> Ces cylindres d\u00e9livrent une force consid\u00e9rable tout en restant relativement l\u00e9gers, ce qui est crucial pour les syst\u00e8mes de dessalement qui doivent transporter des composants lourds comme les membranes d'osmose inverse et les collecteurs de saumure.<\/li>\n<li><strong>Contr\u00f4le de vitesse variable\u00a0:<\/strong> Les v\u00e9rins hydrauliques peuvent \u00eatre r\u00e9gl\u00e9s pour se d\u00e9placer \u00e0 diff\u00e9rentes vitesses, permettant un contr\u00f4le pr\u00e9cis des processus de dessalement, tels que le taux de rejet de la saumure et la vitesse de nettoyage de la membrane.<\/li>\n<li><strong>Pr\u00e9cision du positionnement\u00a0:<\/strong> Ils permettent un positionnement de haute pr\u00e9cision des composants de l'\u00e9quipement, garantissant un fonctionnement et une efficacit\u00e9 optimaux dans les processus de dessalement.<\/li>\n<li><strong>Utilisation efficace de l'\u00e9nergie :<\/strong> Les syst\u00e8mes hydrauliques sont r\u00e9put\u00e9s pour leur efficacit\u00e9 \u00e9nerg\u00e9tique, un facteur essentiel pour les usines de dessalement qui doivent fonctionner en continu.<\/li>\n<li><strong>Durabilit\u00e9 et fiabilit\u00e9 :<\/strong> Les v\u00e9rins hydrauliques sont con\u00e7us pour \u00eatre robustes et fiables, capables de r\u00e9sister aux conditions difficiles typiques des installations de dessalement, notamment aux temp\u00e9ratures \u00e9lev\u00e9es et \u00e0 l'exposition \u00e0 des produits chimiques corrosifs.<\/li>\n<\/ol>\n<p><img loading=\"lazy\" decoding=\"async\" class=\"alignnone  wp-image-814\" src=\"https:\/\/fmp-components.com\/wp-content\/uploads\/2024\/12\/Desalination-Equipment-Hydraulic-Cylinder.webp\" alt=\"\u00c9quipement de dessalement - V\u00e9rin hydraulique\" width=\"900\" height=\"451\" title=\"\"><\/p>\n<h3>\u00c0 propos de FMP<\/h3>\n<p>FMP est une entreprise de fabrication m\u00e9canique sp\u00e9cialis\u00e9e dans la production de v\u00e9rins hydrauliques. Depuis sa cr\u00e9ation, l&#039;entreprise s&#039;est concentr\u00e9e sur la recherche et la fabrication de technologies hydrauliques, passant avec succ\u00e8s d&#039;une gamme de produits diversifi\u00e9e, incluant les machines de r\u00e9colte et de construction, \u00e0 une sp\u00e9cialisation dans les composants de tracteurs agricoles. Forte de plus de dix ans d&#039;exp\u00e9rience en fabrication et en gestion, FMP garantit des produits de haute qualit\u00e9 gr\u00e2ce \u00e0 des techniques de production avanc\u00e9es.<\/p>\n<p>Au fil de son \u00e9volution, l&#039;entreprise a d\u00e9velopp\u00e9 une ligne compl\u00e8te de production d&#039;usinage, d&#039;assemblage et de rev\u00eatement. Notre \u00e9quipe est compos\u00e9e d&#039;un personnel de direction qualifi\u00e9, de concepteurs m\u00e9caniques exp\u00e9riment\u00e9s et de techniciens hautement qualifi\u00e9s qui travaillent ensemble pour maintenir une qualit\u00e9 de production stable tout en contr\u00f4lant efficacement la continuit\u00e9 et l&#039;efficacit\u00e9 des processus.<\/p>\n<p>FMP adh\u00e8re \u00e0 la philosophie suivante\u00a0: \u00ab\u00a0L&#039;innovation technologique est le moteur du progr\u00e8s, la qualit\u00e9 cr\u00e9e des marques, le savoir-faire garantit la qualit\u00e9 et \u00e9tablit des relations gagnant-gagnant \u00e0 long terme.\u00a0\u00bb Notre engagement \u00e0 fournir des produits de haute qualit\u00e9 et un service client irr\u00e9prochable demeure un objectif essentiel pour r\u00e9pondre aux besoins changeants du march\u00e9.<\/p>\n<p><img loading=\"lazy\" decoding=\"async\" class=\"alignnone size-full wp-image-426\" src=\"https:\/\/fmp-components.com\/wp-content\/uploads\/2024\/12\/Sanitation-Machinery-Locking-Hydraulic-Cylinder-factory.webp\" sizes=\"(min-width: 0px) and (max-width: 480px) 480px, (min-width: 481px) and (max-width: 980px) 980px, (min-width: 981px) and (max-width: 1280px) 1280px, (min-width: 1281px) 1414px, 100vw\" srcset=\"https:\/\/fmp-components.com\/wp-content\/uploads\/2024\/12\/Sanitation-Machinery-Locking-Hydraulic-Cylinder-factory.webp 1414w, https:\/\/fmp-components.com\/wp-content\/uploads\/2024\/12\/Sanitation-Machinery-Locking-Hydraulic-Cylinder-factory-1280x529.webp 1280w, https:\/\/fmp-components.com\/wp-content\/uploads\/2024\/12\/Sanitation-Machinery-Locking-Hydraulic-Cylinder-factory-980x405.webp 980w, https:\/\/fmp-components.com\/wp-content\/uploads\/2024\/12\/Sanitation-Machinery-Locking-Hydraulic-Cylinder-factory-480x198.webp 480w\" alt=\"Usine de machines sanitaires, de verrouillage, de v\u00e9rins hydrauliques\" width=\"1414\" height=\"584\" title=\"\"><\/p>\n<p>Auteur : CX<\/p>\n<p>&nbsp;<\/p>","protected":false},"excerpt":{"rendered":"<p>Les v\u00e9rins hydrauliques des \u00e9quipements de dessalement sont des composants essentiels qui facilitent le mouvement et le fonctionnement des diff\u00e9rentes machines impliqu\u00e9es dans le processus de traitement de l'eau. Ces v\u00e9rins fournissent la force n\u00e9cessaire \u00e0 la commande des vannes, des pompes et autres \u00e9quipements, garantissant ainsi une conversion efficace de l'eau de mer en eau douce. Fabriqu\u00e9s \u00e0 partir de mat\u00e9riaux haute r\u00e9sistance et r\u00e9sistants \u00e0 la corrosion, ils sont con\u00e7us pour supporter les conditions difficiles typiques des environnements de dessalement, notamment l'exposition \u00e0 l'eau sal\u00e9e et aux hautes pressions. Leur fonctionnement hydraulique fluide permet un contr\u00f4le et des r\u00e9glages pr\u00e9cis, am\u00e9liorant ainsi l'efficacit\u00e9 et la fiabilit\u00e9 globales du processus de dessalement. Ces v\u00e9rins hydrauliques jouent un r\u00f4le vital dans l'optimisation des performances des \u00e9quipements de dessalement, contribuant significativement \u00e0 une gestion efficace des ressources en eau.<\/p>","protected":false},"featured_media":812,"comment_status":"open","ping_status":"closed","template":"","meta":{"_et_pb_use_builder":"","_et_pb_old_content":"","_et_gb_content_width":""},"product_brand":[],"product_cat":[29],"product_tag":[],"class_list":{"0":"post-809","1":"product","2":"type-product","3":"status-publish","4":"has-post-thumbnail","6":"product_cat-energy-technology-hydraulic-cylinders","8":"first","9":"instock","10":"shipping-taxable","11":"product-type-simple"},"_links":{"self":[{"href":"https:\/\/fmp-components.com\/fr\/wp-json\/wp\/v2\/product\/809","targetHints":{"allow":["GET"]}}],"collection":[{"href":"https:\/\/fmp-components.com\/fr\/wp-json\/wp\/v2\/product"}],"about":[{"href":"https:\/\/fmp-components.com\/fr\/wp-json\/wp\/v2\/types\/product"}],"replies":[{"embeddable":true,"href":"https:\/\/fmp-components.com\/fr\/wp-json\/wp\/v2\/comments?post=809"}],"wp:featuredmedia":[{"embeddable":true,"href":"https:\/\/fmp-components.com\/fr\/wp-json\/wp\/v2\/media\/812"}],"wp:attachment":[{"href":"https:\/\/fmp-components.com\/fr\/wp-json\/wp\/v2\/media?parent=809"}],"wp:term":[{"taxonomy":"product_brand","embeddable":true,"href":"https:\/\/fmp-components.com\/fr\/wp-json\/wp\/v2\/product_brand?post=809"},{"taxonomy":"product_cat","embeddable":true,"href":"https:\/\/fmp-components.com\/fr\/wp-json\/wp\/v2\/product_cat?post=809"},{"taxonomy":"product_tag","embeddable":true,"href":"https:\/\/fmp-components.com\/fr\/wp-json\/wp\/v2\/product_tag?post=809"}],"curies":[{"name":"wp","href":"https:\/\/api.w.org\/{rel}","templated":true}]}}