{"id":8005,"date":"2025-04-15T05:33:41","date_gmt":"2025-04-15T05:33:41","guid":{"rendered":"https:\/\/fmp-components.com\/?post_type=product&#038;p=8005"},"modified":"2025-04-15T06:05:24","modified_gmt":"2025-04-15T06:05:24","slug":"plastic-gear-rack","status":"publish","type":"product","link":"https:\/\/fmp-components.com\/fr\/product\/plastic-gear-rack\/","title":{"rendered":"Cr\u00e9maill\u00e8re en plastique"},"content":{"rendered":"<h2>Cr\u00e9maill\u00e8re en plastique\u00a0: pr\u00e9cision et performance pour les industries italiennes<\/h2>\n<p>Les cr\u00e9maill\u00e8res en plastique sont des composants essentiels des machines, des syst\u00e8mes d'automatisation et des m\u00e9canismes de direction qui transforment un mouvement rotatif en un mouvement lin\u00e9aire pr\u00e9cis. Contrairement aux cr\u00e9maill\u00e8res m\u00e9talliques traditionnelles, les cr\u00e9maill\u00e8res en plastique fabriqu\u00e9es \u00e0 partir de mat\u00e9riaux haute performance tels que le nylon et le polyoxym\u00e9thyl\u00e8ne (POM) offrent des avantages uniques, notamment une r\u00e9sistance \u00e0 la corrosion, un faible niveau sonore et des propri\u00e9t\u00e9s autolubrifiantes, ce qui en fait un choix id\u00e9al pour de nombreux secteurs industriels en Italie.<\/p>\n<p><img loading=\"lazy\" decoding=\"async\" class=\"size-full wp-image-8009 aligncenter\" src=\"https:\/\/fmp-components.com\/wp-content\/uploads\/2025\/04\/plastic-gear-rack-product-1.webp\" alt=\"cr\u00e9maill\u00e8re dent\u00e9e en plastique\" width=\"1000\" height=\"1000\" title=\"\" srcset=\"https:\/\/fmp-components.com\/wp-content\/uploads\/2025\/04\/plastic-gear-rack-product-1.webp 1000w, https:\/\/fmp-components.com\/wp-content\/uploads\/2025\/04\/plastic-gear-rack-product-1-980x980.webp 980w, https:\/\/fmp-components.com\/wp-content\/uploads\/2025\/04\/plastic-gear-rack-product-1-480x480.webp 480w\" sizes=\"(min-width: 0px) and (max-width: 480px) 480px, (min-width: 481px) and (max-width: 980px) 980px, (min-width: 981px) 1000px, 100vw\" \/><\/p>\n<div class=\"message-bubble rounded-3xl prose dark:prose-invert break-words text-primary min-h-7 prose-p:opacity-95 prose-strong:opacity-100 w-full max-w-none\" dir=\"auto\">\n<h3 class=\"\" dir=\"auto\">Pourquoi choisir des cr\u00e9maill\u00e8res en plastique ?<\/h3>\n<p class=\"break-words\" dir=\"auto\">Les cr\u00e9maill\u00e8res en plastique, notamment celles avec un angle de pression de 20\u00b0, sont la norme dans l'industrie gr\u00e2ce \u00e0 leurs dents plus \u00e9paisses et plus robustes que les alternatives \u00e0 14,5\u00b0. Fabriqu\u00e9es \u00e0 partir de mat\u00e9riaux comme le nylon de qualit\u00e9 alimentaire et le POM blanc, elles sont id\u00e9ales pour les environnements exigeant une hygi\u00e8ne irr\u00e9prochable, tels que les usines agroalimentaires ou les applications scientifiques. Leurs principaux avantages sont les suivants\u00a0:<\/p>\n<ul class=\"marker:text-secondary\" dir=\"auto\">\n<li class=\"break-words\"><strong>Durabilit\u00e9 et r\u00e9sistance \u00e0 l'usure<\/strong>Les cr\u00e9maill\u00e8res en nylon et en ac\u00e9tal r\u00e9sistent \u00e0 l'usure, \u00e0 la salet\u00e9 et \u00e0 la poussi\u00e8re, garantissant ainsi des performances durables.<\/li>\n<li class=\"break-words\"><strong>Aucune lubrification requise<\/strong>Leurs propri\u00e9t\u00e9s autolubrifiantes les rendent adapt\u00e9es aux environnements difficiles, tels que les machines CNC ou les syst\u00e8mes ferroviaires.<\/li>\n<li class=\"break-words\"><strong>Fonctionnement silencieux<\/strong>Les cr\u00e9maill\u00e8res en plastique sont plus silencieuses que celles en m\u00e9tal, ce qui est id\u00e9al pour les applications sensibles au bruit.<\/li>\n<li class=\"break-words\"><strong>R\u00e9sistance \u00e0 la corrosion et aux produits chimiques<\/strong>Id\u00e9al pour les industries o\u00f9 les composants m\u00e9talliques peuvent se d\u00e9grader.<\/li>\n<\/ul>\n<p class=\"break-words\" dir=\"auto\">Les cr\u00e9maill\u00e8res en plastique offrent pr\u00e9cision et fiabilit\u00e9 pour des applications telles que les syst\u00e8mes d'automatisation et les ascenseurs.<\/p>\n<div>\n<h3 dir=\"auto\">Applications des cr\u00e9maill\u00e8res en plastique<\/h3>\n<p class=\"break-words\" dir=\"auto\">Les cr\u00e9maill\u00e8res en plastique sont polyvalentes et servent de base \u00e0 de nombreux secteurs industriels en Italie\u00a0:<\/p>\n<ul class=\"marker:text-secondary\" dir=\"auto\">\n<li class=\"break-words\"><strong>Machines CNC<\/strong>Dans les zones industrielles de Milan, les cr\u00e9maill\u00e8res assurent un contr\u00f4le pr\u00e9cis du mouvement.<\/li>\n<li class=\"break-words\"><strong>Transformation des aliments<\/strong>Le secteur alimentaire de Bologne b\u00e9n\u00e9ficie de racks \u00e0 mat\u00e9riel en POM de qualit\u00e9 alimentaire qui r\u00e9pondent \u00e0 des normes d'hygi\u00e8ne strictes.<\/li>\n<li class=\"break-words\"><strong>Syst\u00e8mes d'automatisation<\/strong>De Venise \u00e0 Florence, les cr\u00e9maill\u00e8res actionnent les syst\u00e8mes robotis\u00e9s et les convoyeurs.<\/li>\n<li class=\"break-words\"><strong>M\u00e9canismes de direction<\/strong>Utilis\u00e9 dans les v\u00e9hicules et les machines \u00e0 travers toute l'Italie, assurant un bon fonctionnement.<\/li>\n<\/ul>\n<p class=\"break-words\" dir=\"auto\">Leur conception l\u00e9g\u00e8re et leur capacit\u00e9 de charge \u00e9lev\u00e9e en font un choix de pr\u00e9dilection pour les ing\u00e9nieurs en qu\u00eate d'efficacit\u00e9 et de performance.<\/p>\n<table style=\"border-collapse: collapse; width: 96.3542%; height: 122px;\" border=\"0\" width=\"180\" cellspacing=\"0\" cellpadding=\"0\">\n<tbody>\n<tr style=\"height: 14.40pt;\">\n<td style=\"height: 14.40pt; width: 54.00pt;\" align=\"right\" width=\"90\" height=\"24\"><img loading=\"lazy\" decoding=\"async\" class=\"size-full wp-image-8013 aligncenter\" src=\"https:\/\/fmp-components.com\/wp-content\/uploads\/2025\/04\/plastic-gear-rack-product-5.webp\" alt=\"cr\u00e9maill\u00e8re dent\u00e9e en plastique\" width=\"810\" height=\"810\" title=\"\" srcset=\"https:\/\/fmp-components.com\/wp-content\/uploads\/2025\/04\/plastic-gear-rack-product-5.webp 810w, https:\/\/fmp-components.com\/wp-content\/uploads\/2025\/04\/plastic-gear-rack-product-5-480x480.webp 480w\" sizes=\"(min-width: 0px) and (max-width: 480px) 480px, (min-width: 481px) 810px, 100vw\" \/><\/td>\n<td style=\"width: 54.00pt;\" align=\"right\" width=\"90\"><img loading=\"lazy\" decoding=\"async\" class=\"size-full wp-image-8012 aligncenter\" src=\"https:\/\/fmp-components.com\/wp-content\/uploads\/2025\/04\/plastic-gear-rack-product-6.webp\" alt=\"cr\u00e9maill\u00e8re dent\u00e9e en plastique\" width=\"810\" height=\"810\" title=\"\" srcset=\"https:\/\/fmp-components.com\/wp-content\/uploads\/2025\/04\/plastic-gear-rack-product-6.webp 810w, https:\/\/fmp-components.com\/wp-content\/uploads\/2025\/04\/plastic-gear-rack-product-6-480x480.webp 480w\" sizes=\"(min-width: 0px) and (max-width: 480px) 480px, (min-width: 481px) 810px, 100vw\" \/><\/td>\n<\/tr>\n<tr style=\"height: 14.40pt;\">\n<td style=\"height: 14.40pt;\" align=\"right\" height=\"24\"><img loading=\"lazy\" decoding=\"async\" class=\"size-full wp-image-8014 aligncenter\" src=\"https:\/\/fmp-components.com\/wp-content\/uploads\/2025\/04\/plastic-gear-rack-product-4.webp\" alt=\"cr\u00e9maill\u00e8re dent\u00e9e en plastique\" width=\"810\" height=\"810\" title=\"\" srcset=\"https:\/\/fmp-components.com\/wp-content\/uploads\/2025\/04\/plastic-gear-rack-product-4.webp 810w, https:\/\/fmp-components.com\/wp-content\/uploads\/2025\/04\/plastic-gear-rack-product-4-480x480.webp 480w\" sizes=\"(min-width: 0px) and (max-width: 480px) 480px, (min-width: 481px) 810px, 100vw\" \/><\/td>\n<td align=\"right\"><img loading=\"lazy\" decoding=\"async\" class=\"size-full wp-image-8015 aligncenter\" src=\"https:\/\/fmp-components.com\/wp-content\/uploads\/2025\/04\/plastic-gear-rack-product-3.webp\" alt=\"cr\u00e9maill\u00e8re dent\u00e9e en plastique\" width=\"810\" height=\"810\" title=\"\" srcset=\"https:\/\/fmp-components.com\/wp-content\/uploads\/2025\/04\/plastic-gear-rack-product-3.webp 810w, https:\/\/fmp-components.com\/wp-content\/uploads\/2025\/04\/plastic-gear-rack-product-3-480x480.webp 480w\" sizes=\"(min-width: 0px) and (max-width: 480px) 480px, (min-width: 481px) 810px, 100vw\" \/><\/td>\n<\/tr>\n<\/tbody>\n<\/table>\n<div>\n<h2 class=\"\" dir=\"auto\">Sp\u00e9cifications techniques du module 1 Cr\u00e9maill\u00e8re dent\u00e9e en plastique<\/h2>\n<p class=\"break-words\" dir=\"auto\">Notre cr\u00e9maill\u00e8re en plastique Module 1, fabriqu\u00e9e en POM blanc, est un excellent exemple de conception de qualit\u00e9. Ses principales caract\u00e9ristiques sont les suivantes\u00a0:<\/p>\n<ul class=\"marker:text-secondary\" dir=\"auto\">\n<li class=\"break-words\"><strong>Dimensions<\/strong>: 15 mm (b) x 15 mm (H) x 14 mm (h), avec une longueur nominale de 250 mm.<\/li>\n<li class=\"break-words\"><strong>Module<\/strong>: 1, conforme aux normes DIN 867\/DIN 3972.<\/li>\n<li class=\"break-words\"><strong>Angle de pression<\/strong>: 20\u00b0, assurant la compatibilit\u00e9 avec les engrenages droits standard.<\/li>\n<li class=\"break-words\"><strong>Poids<\/strong>Seulement 75 grammes, id\u00e9al pour les assemblages l\u00e9gers.<\/li>\n<li class=\"break-words\"><strong>Mat\u00e9riel<\/strong>POM de qualit\u00e9 alimentaire, adapt\u00e9 aux applications abrasives et scientifiques.<\/li>\n<\/ul>\n<p class=\"break-words\" dir=\"auto\">Cette cr\u00e9maill\u00e8re s'associe parfaitement aux engrenages droits correspondants, permettant un mouvement lin\u00e9aire fluide dans des applications allant de la robotique \u00e0 Bologne aux syst\u00e8mes ferroviaires \u00e0 Venise.<\/p>\n<div>\n<h2 class=\"\" dir=\"auto\">\u00c0 propos de FMP\u00a0: Votre partenaire de confiance pour les cr\u00e9maill\u00e8res en plastique<\/h2>\n<p class=\"break-words\" dir=\"auto\">Chez FMP, nous sommes sp\u00e9cialis\u00e9s dans la fabrication d'une large gamme de cr\u00e9maill\u00e8res en plastique, notamment en nylon et en ac\u00e9tal (POM), con\u00e7ues pour r\u00e9pondre aux besoins des industries italiennes. Forts de l'expertise de notre entreprise d'usinage des plastiques, nous produisons des cr\u00e9maill\u00e8res d'origine et de remplacement pour les pi\u00e8ces m\u00e9talliques, conformes aux normes industrielles et offrant une r\u00e9sistance \u00e0 l'usure sup\u00e9rieure et un fonctionnement silencieux. Notre gamme de produits inclut l'int\u00e9gralit\u00e9 de la gamme Poly-Hi Solidur, garantissant une grande polyvalence pour les applications \u00e0 Milan, Venise, Florence, Bologne et au-del\u00e0.<\/p>\n<p class=\"break-words\" dir=\"auto\">Nous comprenons que votre projet puisse n\u00e9cessiter des sp\u00e9cifications uniques. C'est pourquoi nous proposons des cr\u00e9maill\u00e8res en plastique sur mesure, adapt\u00e9es \u00e0 vos besoins pr\u00e9cis. Si vous ne trouvez pas le mod\u00e8le recherch\u00e9 dans notre catalogue, pas d'inqui\u00e9tude\u00a0: il n'y est peut-\u00eatre pas encore r\u00e9f\u00e9renc\u00e9. Envoyez-nous simplement un e-mail avec vos exigences, et nos ing\u00e9nieurs vous r\u00e9pondront sous 24\u00a0heures avec une solution. Contactez FMP d\u00e8s aujourd'hui pour optimiser vos machines gr\u00e2ce \u00e0 des cr\u00e9maill\u00e8res en plastique de haute pr\u00e9cision, au service des industries innovantes italiennes.<\/p>\n<p dir=\"auto\"><img loading=\"lazy\" decoding=\"async\" class=\"size-full wp-image-8010 aligncenter\" src=\"https:\/\/fmp-components.com\/wp-content\/uploads\/2025\/04\/plastic-gear-rack-product-2.webp\" alt=\"cr\u00e9maill\u00e8re dent\u00e9e en plastique\" width=\"1005\" height=\"638\" title=\"\"><\/p>\n<\/div>\n<\/div>\n<\/div>\n<\/div>","protected":false},"excerpt":{"rendered":"<p>Plastic Gear Rack: Precision and Performance for Italian Industries Plastic racks are key components in machinery, automation systems and steering mechanisms that convert rotary motion into precise linear motion. Unlike traditional metal racks, plastic racks made from high-performance materials such as nylon and polyoxymethylene (POM) offer unique advantages, including corrosion resistance, low noise and self-lubricating [&hellip;]<\/p>","protected":false},"featured_media":8008,"comment_status":"open","ping_status":"closed","template":"","meta":{"_et_pb_use_builder":"","_et_pb_old_content":"","_et_gb_content_width":""},"product_brand":[],"product_cat":[117],"product_tag":[],"class_list":{"0":"post-8005","1":"product","2":"type-product","3":"status-publish","4":"has-post-thumbnail","6":"product_cat-plastic-gears","8":"first","9":"instock","10":"shipping-taxable","11":"product-type-simple"},"_links":{"self":[{"href":"https:\/\/fmp-components.com\/fr\/wp-json\/wp\/v2\/product\/8005","targetHints":{"allow":["GET"]}}],"collection":[{"href":"https:\/\/fmp-components.com\/fr\/wp-json\/wp\/v2\/product"}],"about":[{"href":"https:\/\/fmp-components.com\/fr\/wp-json\/wp\/v2\/types\/product"}],"replies":[{"embeddable":true,"href":"https:\/\/fmp-components.com\/fr\/wp-json\/wp\/v2\/comments?post=8005"}],"wp:featuredmedia":[{"embeddable":true,"href":"https:\/\/fmp-components.com\/fr\/wp-json\/wp\/v2\/media\/8008"}],"wp:attachment":[{"href":"https:\/\/fmp-components.com\/fr\/wp-json\/wp\/v2\/media?parent=8005"}],"wp:term":[{"taxonomy":"product_brand","embeddable":true,"href":"https:\/\/fmp-components.com\/fr\/wp-json\/wp\/v2\/product_brand?post=8005"},{"taxonomy":"product_cat","embeddable":true,"href":"https:\/\/fmp-components.com\/fr\/wp-json\/wp\/v2\/product_cat?post=8005"},{"taxonomy":"product_tag","embeddable":true,"href":"https:\/\/fmp-components.com\/fr\/wp-json\/wp\/v2\/product_tag?post=8005"}],"curies":[{"name":"wp","href":"https:\/\/api.w.org\/{rel}","templated":true}]}}