{"id":7978,"date":"2025-04-15T02:14:53","date_gmt":"2025-04-15T02:14:53","guid":{"rendered":"https:\/\/fmp-components.com\/?post_type=product&#038;p=7978"},"modified":"2025-04-15T02:31:38","modified_gmt":"2025-04-15T02:31:38","slug":"plastic-rack-and-pinion","status":"publish","type":"product","link":"https:\/\/fmp-components.com\/fr\/product\/plastic-rack-and-pinion\/","title":{"rendered":"Cr\u00e9maill\u00e8re et pignon en plastique"},"content":{"rendered":"<h2>Cr\u00e9maill\u00e8re et pignon en plastique\u00a0: pr\u00e9cision et durabilit\u00e9 pour les industries italiennes<\/h2>\n<p>En g\u00e9nie m\u00e9canique, les syst\u00e8mes pignon-cr\u00e9maill\u00e8re en plastique constituent une solution fiable pour convertir un mouvement rotatif en mouvement lin\u00e9aire (et inversement). Compos\u00e9 d'une cr\u00e9maill\u00e8re lin\u00e9aire et de pignons engren\u00e9s, ce m\u00e9canisme est utilis\u00e9 dans de nombreux secteurs industriels pour sa pr\u00e9cision, sa durabilit\u00e9 et sa polyvalence. En Italie, de Milan, c\u0153ur industriel de la r\u00e9gion, \u00e0 Bologne, p\u00f4le manufacturier, les syst\u00e8mes pignon-cr\u00e9maill\u00e8re en plastique sont devenus indispensables dans des applications telles que l'automatisation, les machines-outils \u00e0 commande num\u00e9rique et les syst\u00e8mes de direction.<\/p>\n<p>Fabriqu\u00e9s \u00e0 partir de mat\u00e9riaux haute performance tels que le nylon et le polyoxym\u00e9thyl\u00e8ne, les syst\u00e8mes pignon-cr\u00e9maill\u00e8re en plastique offrent des avantages consid\u00e9rables par rapport aux syst\u00e8mes en m\u00e9tal. Parmi ces avantages, citons un fonctionnement plus silencieux, une meilleure r\u00e9sistance \u00e0 l'usure et des propri\u00e9t\u00e9s autolubrifiantes, ce qui les rend id\u00e9aux pour les environnements exigeant une maintenance fr\u00e9quente. Que ce soit dans un atelier d'artiste \u00e0 Florence ou dans l'industrie maritime \u00e0 Venise, les engrenages en plastique constituent des solutions \u00e9conomiques et performantes r\u00e9pondant \u00e0 une grande vari\u00e9t\u00e9 de besoins.<\/p>\n<div>\n<h3 dir=\"auto\">Avantages des cr\u00e9maill\u00e8res et pignons en plastique<\/h3>\n<h4 dir=\"auto\">Durabilit\u00e9 et r\u00e9sistance \u00e0 l'usure<\/h4>\n<p class=\"break-words\" dir=\"auto\">Les cr\u00e9maill\u00e8res en plastique, notamment celles en nylon ou en ac\u00e9tal, sont con\u00e7ues pour une longue dur\u00e9e de vie. Leur r\u00e9sistance intrins\u00e8que \u00e0 l'usure garantit des performances constantes dans des applications exigeantes, comme les ascenseurs et les r\u00e9seaux ferroviaires de villes italiennes telles que Milan et Bologne. Contrairement aux engrenages m\u00e9talliques, les cr\u00e9maill\u00e8res en plastique r\u00e9sistent \u00e0 la corrosion et n\u00e9cessitent une lubrification minimale, r\u00e9duisant ainsi les co\u00fbts de maintenance.<\/p>\n<h4 dir=\"auto\">R\u00e9duction du bruit<\/h4>\n<p class=\"break-words\" dir=\"auto\">Dans les environnements o\u00f9 la ma\u00eetrise du bruit est essentielle, comme les machines d'emballage \u00e0 Florence ou les syst\u00e8mes d'automatisation \u00e0 Venise, les syst\u00e8mes \u00e0 cr\u00e9maill\u00e8re en plastique offrent d'excellentes performances. Les polym\u00e8res utilis\u00e9s amortissent les vibrations, ce qui permet un fonctionnement plus silencieux que les alternatives m\u00e9talliques et am\u00e9liore la s\u00e9curit\u00e9 et le confort au travail.<\/p>\n<h4 dir=\"auto\">L\u00e9ger et \u00e9conomique<\/h4>\n<p class=\"break-words\" dir=\"auto\">Les engrenages en plastique sont nettement plus l\u00e9gers que ceux en m\u00e9tal, ce qui les rend id\u00e9aux pour les applications exigeant un poids r\u00e9duit, comme les monte-escaliers ou les actionneurs pneumatiques \u00e0 Bologne. Leur rapport co\u00fbt-efficacit\u00e9 s\u00e9duit \u00e9galement les entreprises en qu\u00eate de solutions performantes \u00e0 un prix abordable, une priorit\u00e9 pour les industries italiennes.<\/p>\n<h4 dir=\"auto\">Propri\u00e9t\u00e9s autolubrifiantes<\/h4>\n<p class=\"break-words\" dir=\"auto\">Les mat\u00e9riaux de la gamme de produits FMP sont autolubrifiants et ne n\u00e9cessitent pas de lubrification fr\u00e9quente, une propri\u00e9t\u00e9 particuli\u00e8rement importante dans les environnements poussi\u00e9reux ou sales courants dans les usines de fabrication de Milan et de Venise, o\u00f9 les m\u00e9thodes de lubrification traditionnelles ne sont pas pratiques.<\/p>\n<div>\n<h3 dir=\"auto\">Applications des cr\u00e9maill\u00e8res et pignons en plastique<\/h3>\n<p class=\"break-words\" dir=\"auto\">Les syst\u00e8mes \u00e0 cr\u00e9maill\u00e8re et pignon en plastique sont extr\u00eamement polyvalents et offrent des performances fiables \u00e0 un large \u00e9ventail d'industries\u00a0:<\/p>\n<ul class=\"marker:text-secondary\" dir=\"auto\">\n<li class=\"break-words\"><strong>Automatisation et machines CNC<\/strong>Les cr\u00e9maill\u00e8res d'engrenages en plastique assurent un mouvement lin\u00e9aire pr\u00e9cis dans les machines CNC, am\u00e9liorant ainsi la productivit\u00e9 dans les environnements de fabrication avanc\u00e9s.<\/li>\n<li class=\"break-words\"><strong>M\u00e9canismes de direction<\/strong>Des petits v\u00e9hicules aux \u00e9quipements industriels, les cr\u00e9maill\u00e8res en plastique offrent des solutions de direction l\u00e9g\u00e8res et r\u00e9actives.<\/li>\n<li class=\"break-words\"><strong>Ascenseurs et syst\u00e8mes de levage<\/strong>Les cr\u00e9maill\u00e8res en plastique garantissent un fonctionnement durable et efficace dans les ascenseurs et les syst\u00e8mes de levage, o\u00f9 l'espace et la fiabilit\u00e9 sont essentiels.<\/li>\n<li class=\"break-words\"><strong>Syst\u00e8mes d'emballage et de positionnement<\/strong>Dans les machines d'emballage, les supports en plastique offrent un contr\u00f4le de mouvement fluide et pr\u00e9cis, permettant des op\u00e9rations de haute pr\u00e9cision.<\/li>\n<\/ul>\n<p class=\"break-words\" dir=\"auto\">Ces applications d\u00e9montrent l'adaptabilit\u00e9 des syst\u00e8mes \u00e0 cr\u00e9maill\u00e8re et pignon en plastique, r\u00e9pondant avec pr\u00e9cision et efficacit\u00e9 \u00e0 diverses exigences industrielles.<\/p>\n<p dir=\"auto\"><img loading=\"lazy\" decoding=\"async\" class=\"size-full wp-image-7987 aligncenter\" src=\"https:\/\/fmp-components.com\/wp-content\/uploads\/2025\/04\/custom-nylon-rack-and-pinion-2.webp\" alt=\"cr\u00e9maill\u00e8re et pignon en nylon sur mesure\" width=\"720\" height=\"720\" title=\"\" srcset=\"https:\/\/fmp-components.com\/wp-content\/uploads\/2025\/04\/custom-nylon-rack-and-pinion-2.webp 720w, https:\/\/fmp-components.com\/wp-content\/uploads\/2025\/04\/custom-nylon-rack-and-pinion-2-480x480.webp 480w\" sizes=\"(min-width: 0px) and (max-width: 480px) 480px, (min-width: 481px) 720px, 100vw\" \/><\/p>\n<div>\n<h3 dir=\"auto\">Pourquoi choisir le plastique plut\u00f4t que le m\u00e9tal ?<\/h3>\n<p class=\"break-words\" dir=\"auto\">Bien que les cr\u00e9maill\u00e8res m\u00e9talliques soient robustes, les cr\u00e9maill\u00e8res en plastique offrent des avantages uniques qui correspondent aux besoins industriels modernes\u00a0:<\/p>\n<ul class=\"marker:text-secondary\" dir=\"auto\">\n<li class=\"break-words\"><strong>R\u00e9sistance \u00e0 la corrosion<\/strong>Les \u00e9tag\u00e8res en plastique r\u00e9sistent \u00e0 l'humidit\u00e9 sans rouiller, ce qui les rend id\u00e9ales pour les environnements humides ou difficiles.<\/li>\n<li class=\"break-words\"><strong>Personnalisation<\/strong>Les rayonnages en plastique peuvent \u00eatre adapt\u00e9s \u00e0 des dimensions et des modules sp\u00e9cifiques, r\u00e9pondant ainsi aux exigences personnalis\u00e9es en mati\u00e8re de conception innovante.<\/li>\n<li class=\"break-words\"><strong>\u00c9cologique<\/strong>Les engrenages en plastique, notamment ceux fabriqu\u00e9s \u00e0 partir de mat\u00e9riaux recyclables, favorisent les pratiques durables et s\u00e9duisent les entreprises soucieuses de l'environnement.<\/li>\n<\/ul>\n<p class=\"break-words\" dir=\"auto\">Pour les \u00e9quipementiers et les besoins de remplacement des pi\u00e8ces m\u00e9talliques, les syst\u00e8mes de cr\u00e9maill\u00e8re et de pignon en plastique offrent des performances conformes aux normes de l'industrie, garantissant une int\u00e9gration transparente dans les configurations existantes.<\/p>\n<div class=\"message-bubble rounded-3xl prose dark:prose-invert break-words text-primary min-h-7 prose-p:opacity-95 prose-strong:opacity-100 w-full max-w-none\" dir=\"auto\">\n<h3 dir=\"auto\">Sp\u00e9cifications techniques<\/h3>\n<p class=\"break-words\" dir=\"auto\">Les syst\u00e8mes de cr\u00e9maill\u00e8re et pignon en plastique sont disponibles en diff\u00e9rentes configurations pour s'adapter \u00e0 des applications sp\u00e9cifiques. Par exemple\u00a0:<\/p>\n<ul class=\"marker:text-secondary\" dir=\"auto\">\n<li class=\"break-words\"><strong>Module<\/strong>: Allant de 0,5 \u00e0 10, pour s'adapter aux t\u00e2ches \u00e0 petite \u00e9chelle comme aux t\u00e2ches exigeantes.<\/li>\n<li class=\"break-words\"><strong>Mat\u00e9riels<\/strong>Des options comme le nylon et l'ac\u00e9tal remplis d'huile de qualit\u00e9 alimentaire garantissent la conformit\u00e9 aux normes de s\u00e9curit\u00e9, essentielles pour diverses industries.<\/li>\n<li class=\"break-words\"><strong>Tailles<\/strong>Longueurs standard de 100 mm \u00e0 2000 mm, avec des longueurs sur mesure disponibles pour les projets sp\u00e9cialis\u00e9s.<\/li>\n<li class=\"break-words\"><strong>Finitions<\/strong>: Dents non rectifi\u00e9es ou rectifi\u00e9es pour diff\u00e9rents niveaux de pr\u00e9cision, r\u00e9pondant aux besoins des secteurs de haute technologie.<\/li>\n<\/ul>\n<p class=\"break-words\" dir=\"auto\">Ces sp\u00e9cifications rendent les supports en plastique polyvalents pour des applications allant des jauges de profondeur aux syst\u00e8mes de portail, dans de nombreux secteurs d'activit\u00e9.<\/p>\n<p dir=\"auto\"><img loading=\"lazy\" decoding=\"async\" class=\"wp-image-7985 aligncenter\" src=\"https:\/\/fmp-components.com\/wp-content\/uploads\/2025\/04\/high-quality-material.webp\" alt=\"mat\u00e9riau de haute qualit\u00e9\" width=\"837\" height=\"699\" title=\"\" srcset=\"https:\/\/fmp-components.com\/wp-content\/uploads\/2025\/04\/high-quality-material.webp 837w, https:\/\/fmp-components.com\/wp-content\/uploads\/2025\/04\/high-quality-material-480x401.webp 480w\" sizes=\"(min-width: 0px) and (max-width: 480px) 480px, (min-width: 481px) 837px, 100vw\" \/><\/p>\n<div>\n<h2 class=\"\" dir=\"auto\">\u00c0 propos de FMP\u00a0: Votre partenaire de confiance pour les engrenages en plastique en Italie<\/h2>\n<p class=\"break-words\" dir=\"auto\">Chez FMP, nous sommes fiers d'\u00eatre un fabricant de premier plan d'engrenages en plastique, notamment de syst\u00e8mes pignon-cr\u00e9maill\u00e8re en plastique de haute qualit\u00e9. Notre gamme de produits comprend des engrenages cylindriques usin\u00e9s standard, des engrenages moul\u00e9s et des cr\u00e9maill\u00e8res fabriqu\u00e9es \u00e0 partir de mat\u00e9riaux haut de gamme comme le nylon et l'ac\u00e9tal, con\u00e7ues pour r\u00e9pondre \u00e0 diverses exigences industrielles.<\/p>\n<p class=\"break-words\" dir=\"auto\">FMP est \u00e9galement sp\u00e9cialis\u00e9e dans les engrenages en plastique sur mesure, offrant des solutions personnalis\u00e9es pour des applications uniques. Si vous ne trouvez pas le mod\u00e8le pr\u00e9cis dont vous avez besoin dans notre catalogue, n'h\u00e9sitez pas \u00e0 nous contacter\u00a0: il n'est peut-\u00eatre pas encore r\u00e9f\u00e9renc\u00e9. Envoyez-nous simplement un e-mail avec vos exigences, et nos ing\u00e9nieurs qualifi\u00e9s vous r\u00e9pondront sous 24\u00a0heures avec une solution adapt\u00e9e \u00e0 vos sp\u00e9cifications.<\/p>\n<p class=\"break-words\" dir=\"auto\">Contactez FMP d\u00e8s aujourd'hui pour d\u00e9couvrir notre gamme compl\u00e8te d'engrenages en plastique et comment nous pouvons vous accompagner dans vos projets partout en Italie.<\/p>\n<p dir=\"auto\"><img loading=\"lazy\" decoding=\"async\" class=\"size-full wp-image-7986 aligncenter\" src=\"https:\/\/fmp-components.com\/wp-content\/uploads\/2025\/04\/plastic-gear-and-rack.webp\" alt=\"engrenages et cr\u00e9maill\u00e8re en plastique\" width=\"891\" height=\"279\" title=\"\" srcset=\"https:\/\/fmp-components.com\/wp-content\/uploads\/2025\/04\/plastic-gear-and-rack.webp 891w, https:\/\/fmp-components.com\/wp-content\/uploads\/2025\/04\/plastic-gear-and-rack-480x150.webp 480w\" sizes=\"(min-width: 0px) and (max-width: 480px) 480px, (min-width: 481px) 891px, 100vw\" \/><\/p>\n<\/div>\n<\/div>\n<\/div>\n<\/div>\n<\/div>","protected":false},"excerpt":{"rendered":"<p>Plastic Rack and Pinion: Precision and Durability for Italian Industries In mechanical engineering, plastic rack and pinion systems are a reliable solution for converting rotary motion to linear motion (or vice versa). Consisting of a linear rack and meshing pinions, the mechanism is used across a wide range of industries for its precision, durability and [&hellip;]<\/p>","protected":false},"featured_media":7989,"comment_status":"open","ping_status":"closed","template":"","meta":{"_et_pb_use_builder":"","_et_pb_old_content":"","_et_gb_content_width":""},"product_brand":[],"product_cat":[117],"product_tag":[],"class_list":{"0":"post-7978","1":"product","2":"type-product","3":"status-publish","4":"has-post-thumbnail","6":"product_cat-plastic-gears","8":"first","9":"instock","10":"shipping-taxable","11":"product-type-simple"},"_links":{"self":[{"href":"https:\/\/fmp-components.com\/fr\/wp-json\/wp\/v2\/product\/7978","targetHints":{"allow":["GET"]}}],"collection":[{"href":"https:\/\/fmp-components.com\/fr\/wp-json\/wp\/v2\/product"}],"about":[{"href":"https:\/\/fmp-components.com\/fr\/wp-json\/wp\/v2\/types\/product"}],"replies":[{"embeddable":true,"href":"https:\/\/fmp-components.com\/fr\/wp-json\/wp\/v2\/comments?post=7978"}],"wp:featuredmedia":[{"embeddable":true,"href":"https:\/\/fmp-components.com\/fr\/wp-json\/wp\/v2\/media\/7989"}],"wp:attachment":[{"href":"https:\/\/fmp-components.com\/fr\/wp-json\/wp\/v2\/media?parent=7978"}],"wp:term":[{"taxonomy":"product_brand","embeddable":true,"href":"https:\/\/fmp-components.com\/fr\/wp-json\/wp\/v2\/product_brand?post=7978"},{"taxonomy":"product_cat","embeddable":true,"href":"https:\/\/fmp-components.com\/fr\/wp-json\/wp\/v2\/product_cat?post=7978"},{"taxonomy":"product_tag","embeddable":true,"href":"https:\/\/fmp-components.com\/fr\/wp-json\/wp\/v2\/product_tag?post=7978"}],"curies":[{"name":"wp","href":"https:\/\/api.w.org\/{rel}","templated":true}]}}