{"id":7972,"date":"2025-04-15T01:12:03","date_gmt":"2025-04-15T01:12:03","guid":{"rendered":"https:\/\/fmp-components.com\/?post_type=product&#038;p=7972"},"modified":"2025-04-15T01:46:57","modified_gmt":"2025-04-15T01:46:57","slug":"injection-plastic-parts-customization","status":"publish","type":"product","link":"https:\/\/fmp-components.com\/fr\/product\/injection-plastic-parts-customization\/","title":{"rendered":"Personnalisation des pi\u00e8ces en plastique inject\u00e9"},"content":{"rendered":"<h2>Pi\u00e8ces en plastique inject\u00e9\u00a0: fabrication de pr\u00e9cision pour des applications diverses<\/h2>\n<p>Les pi\u00e8ces en plastique inject\u00e9 sont essentielles \u00e0 la fabrication moderne, offrant une pr\u00e9cision, une adaptabilit\u00e9 et une polyvalence in\u00e9gal\u00e9es. Le moulage par injection plastique est un proc\u00e9d\u00e9 qui consiste \u00e0 injecter de la r\u00e9sine plastique fondue dans la cavit\u00e9 d'un moule m\u00e9tallique, puis \u00e0 la refroidir et \u00e0 la solidifier pour former des composants de haute qualit\u00e9. Cette m\u00e9thode est largement utilis\u00e9e dans des secteurs tels que l'automobile, les dispositifs m\u00e9dicaux, l'\u00e9lectronique grand public et bien d'autres, en raison de sa rentabilit\u00e9 et de sa capacit\u00e9 \u00e0 produire des g\u00e9om\u00e9tries complexes avec un minimum de d\u00e9chets. Dans des villes comme Milan, Venise, Florence et Bologne, o\u00f9 l'innovation et le savoir-faire artisanal sont florissants, le moulage par injection soutient les industries locales en fournissant des solutions sur mesure adapt\u00e9es \u00e0 des besoins sp\u00e9cifiques.<\/p>\n<p><img loading=\"lazy\" decoding=\"async\" class=\"size-full wp-image-7973 aligncenter\" src=\"https:\/\/fmp-components.com\/wp-content\/uploads\/2025\/04\/injection-module-parts.webp\" alt=\"pi\u00e8ces du module d&#039;injection\" width=\"1059\" height=\"428\" title=\"\" srcset=\"https:\/\/fmp-components.com\/wp-content\/uploads\/2025\/04\/injection-module-parts.webp 1059w, https:\/\/fmp-components.com\/wp-content\/uploads\/2025\/04\/injection-module-parts-980x396.webp 980w, https:\/\/fmp-components.com\/wp-content\/uploads\/2025\/04\/injection-module-parts-480x194.webp 480w\" sizes=\"(min-width: 0px) and (max-width: 480px) 480px, (min-width: 481px) and (max-width: 980px) 980px, (min-width: 981px) 1059px, 100vw\" \/><\/p>\n<h3>Pourquoi choisir le moulage par injection ?<\/h3>\n<p>Le moulage par injection se distingue par sa capacit\u00e9 \u00e0 produire des pi\u00e8ces en plastique en grande s\u00e9rie avec une qualit\u00e9 constante. Le proc\u00e9d\u00e9 consiste \u00e0 injecter du plastique fondu dans un moule de pr\u00e9cision, qui est ensuite refroidi pour former une pi\u00e8ce solide. Cette m\u00e9thode garantit des co\u00fbts unitaires faibles, ce qui la rend id\u00e9ale pour les productions en grande s\u00e9rie dans les p\u00f4les industriels italiens comme Milan et Bologne. Principaux avantages\u00a0:<\/p>\n<div>\n<ul class=\"marker:text-secondary\" dir=\"auto\">\n<li class=\"break-words\"><strong>Rentabilit\u00e9<\/strong>Une fois le moule cr\u00e9\u00e9, le co\u00fbt par pi\u00e8ce diminue consid\u00e9rablement, surtout pour les grandes quantit\u00e9s.<\/li>\n<li class=\"break-words\"><strong>Haute pr\u00e9cision<\/strong>Des tol\u00e9rances aussi serr\u00e9es que +\/- 0,003 po (0,08 mm) garantissent que les pi\u00e8ces r\u00e9pondent aux sp\u00e9cifications exactes.<\/li>\n<li class=\"break-words\"><strong>Polyvalence des mat\u00e9riaux<\/strong>Plus de 200 r\u00e9sines thermoplastiques, dont le PEHD, l'ABS et le polycarbonate, r\u00e9pondent \u00e0 des applications diverses.<\/li>\n<li class=\"break-words\"><strong>\u00c9volutivit\u00e9<\/strong>Parfait pour le prototypage en petite s\u00e9rie dans les studios de design florentins ou la production en grande s\u00e9rie dans les usines v\u00e9nitiennes.<\/li>\n<\/ul>\n<p class=\"break-words\" dir=\"auto\">Les applications courantes comprennent les composants automobiles, les bo\u00eetiers de dispositifs m\u00e9dicaux et les emballages de produits de consommation, qui b\u00e9n\u00e9ficient tous de la flexibilit\u00e9 et de la durabilit\u00e9 du proc\u00e9d\u00e9.<\/p>\n<p dir=\"auto\"><img loading=\"lazy\" decoding=\"async\" class=\"wp-image-7976 aligncenter\" src=\"https:\/\/fmp-components.com\/wp-content\/uploads\/2025\/04\/Auto-Industrial-Spare-Parts-Molding-Nylon-Injection-Plastic-Spur-Pinion-Gears.webp\" alt=\"Pi\u00e8ces d\u00e9tach\u00e9es automobiles et industrielles\u00a0: engrenages cylindriques \u00e0 denture droite en nylon moul\u00e9 par injection plastique\" width=\"931\" height=\"931\" title=\"\" srcset=\"https:\/\/fmp-components.com\/wp-content\/uploads\/2025\/04\/Auto-Industrial-Spare-Parts-Molding-Nylon-Injection-Plastic-Spur-Pinion-Gears.webp 931w, https:\/\/fmp-components.com\/wp-content\/uploads\/2025\/04\/Auto-Industrial-Spare-Parts-Molding-Nylon-Injection-Plastic-Spur-Pinion-Gears-480x480.webp 480w\" sizes=\"(min-width: 0px) and (max-width: 480px) 480px, (min-width: 481px) 931px, 100vw\" \/><\/p>\n<div>\n<h3 dir=\"auto\">Capacit\u00e9s du moulage par injection<\/h3>\n<p class=\"break-words\" dir=\"auto\">Le moulage par injection permet de r\u00e9aliser des pi\u00e8ces de tailles et de complexit\u00e9s tr\u00e8s vari\u00e9es. Ses capacit\u00e9s typiques incluent\u00a0:<\/p>\n<ul class=\"marker:text-secondary\" dir=\"auto\">\n<li class=\"break-words\"><strong>Limites de taille<\/strong>: Jusqu'\u00e0 18,9 po x 29,6 po x 8 po (480 mm x 751 mm x 203 mm).<\/li>\n<li class=\"break-words\"><strong>Volume<\/strong>: Convient aux pi\u00e8ces jusqu'\u00e0 59 pouces cubes (966 837 mm cubes).<\/li>\n<li class=\"break-words\"><strong>Tol\u00e9rances<\/strong>: Tol\u00e9rances d'usinage standard de +\/- 0,003 po (0,08 mm), avec des tol\u00e9rances de r\u00e9sine aussi faibles que +\/- 0,002 po\/po.<\/li>\n<li class=\"break-words\"><strong>Types de moules<\/strong>Les moules en aluminium et en acier, y compris les moules \u00e0 cavit\u00e9 unique, \u00e0 cavit\u00e9s multiples et les moules familiaux, permettent un prototypage et une production rapides.<\/li>\n<\/ul>\n<p class=\"break-words\" dir=\"auto\">Ces capacit\u00e9s font du moulage par injection une technique id\u00e9ale pour la cr\u00e9ation de pi\u00e8ces complexes telles que des engrenages, des bo\u00eetiers et des prototypes fonctionnels, notamment pour les entreprises situ\u00e9es dans les villes italiennes ax\u00e9es sur le design.<\/p>\n<\/div>\n<div>\n<h3 dir=\"auto\">Mat\u00e9riaux pour pi\u00e8ces en plastique sur mesure<\/h3>\n<p class=\"break-words\" dir=\"auto\">Le choix du mat\u00e9riau est essentiel aux performances d'une pi\u00e8ce. Le moulage par injection permet d'utiliser une large gamme de thermoplastiques, chacun offrant des propri\u00e9t\u00e9s uniques\u00a0:<\/p>\n<ul class=\"marker:text-secondary\" dir=\"auto\">\n<li class=\"break-words\"><strong>PEHD<\/strong>Rapport r\u00e9sistance\/poids \u00e9lev\u00e9, id\u00e9al pour les conteneurs et les tuyauteries durables.<\/li>\n<li class=\"break-words\"><strong>Polypropyl\u00e8ne (PP)<\/strong>R\u00e9sistant aux produits chimiques et apte au contact alimentaire, id\u00e9al pour les emballages et les dispositifs m\u00e9dicaux.<\/li>\n<li class=\"break-words\"><strong>ABS<\/strong>R\u00e9sistant aux chocs et polyvalent, utilis\u00e9 dans l'automobile et l'\u00e9lectronique grand public.<\/li>\n<li class=\"break-words\"><strong>Polycarbonate<\/strong>Transparent et r\u00e9sistant, il convient aux applications optiques et m\u00e9dicales.<\/li>\n<li class=\"break-words\"><strong>Nylon 6\/66<\/strong>: Haute r\u00e9sistance \u00e0 la traction, couramment utilis\u00e9e pour les engrenages et les composants m\u00e9caniques.<\/li>\n<li class=\"break-words\"><strong>Ac\u00e9tal (POM)<\/strong>Faible coefficient de frottement et r\u00e9sistance \u00e0 l'usure, id\u00e9al pour les engrenages et les roulements de pr\u00e9cision.<\/li>\n<\/ul>\n<p class=\"break-words\" dir=\"auto\">FMP utilise ces mat\u00e9riaux pour r\u00e9pondre aux normes industrielles les plus strictes, garantissant ainsi que les pi\u00e8ces soient \u00e0 la fois fonctionnelles et esth\u00e9tiques.<\/p>\n<p dir=\"auto\"><img loading=\"lazy\" decoding=\"async\" class=\"size-full wp-image-7975 aligncenter\" src=\"https:\/\/fmp-components.com\/wp-content\/uploads\/2025\/04\/Materials-for-Custom-Plastic-Parts-1.webp\" alt=\"Mat\u00e9riaux pour pi\u00e8ces en plastique sur mesure\" width=\"750\" height=\"1276\" title=\"\" srcset=\"https:\/\/fmp-components.com\/wp-content\/uploads\/2025\/04\/Materials-for-Custom-Plastic-Parts-1.webp 750w, https:\/\/fmp-components.com\/wp-content\/uploads\/2025\/04\/Materials-for-Custom-Plastic-Parts-1-480x817.webp 480w\" sizes=\"(min-width: 0px) and (max-width: 480px) 480px, (min-width: 481px) 750px, 100vw\" \/><\/p>\n<h3>Finition de surface et assurance qualit\u00e9<\/h3>\n<p>Le moulage par injection offre une vari\u00e9t\u00e9 de finitions de surface pour am\u00e9liorer l'apparence et la fonctionnalit\u00e9 des pi\u00e8ces, notamment des options brillantes, mates, textur\u00e9es ou polies. L'assurance qualit\u00e9 est obtenue gr\u00e2ce \u00e0\u00a0:<\/p>\n<p>Certifications : Conformit\u00e9 aux normes ISO 9001:2015, ISO 13485 et ITAR.<br \/>\nInspection : L'inspection du premier article (FAI) et le processus d'approbation des pi\u00e8ces de production (PPAP) garantissent la pr\u00e9cision.<br \/>\nTol\u00e9rances : Les tol\u00e9rances des caract\u00e9ristiques critiques peuvent \u00eatre contr\u00f4l\u00e9es avec pr\u00e9cision afin de garantir la constance d'un lot de production \u00e0 l'autre.<br \/>\nCes normes sont essentielles pour des secteurs tels que le m\u00e9dical et l'automobile, qui sont pr\u00e9dominants dans le secteur industriel italien.<\/p>\n<div>\n<h2 class=\"\" dir=\"auto\">\u00c0 propos de FMP\u00a0: Votre partenaire pour les engrenages en plastique sur mesure<\/h2>\n<p class=\"break-words\" dir=\"auto\">Chez FMP, nous sommes sp\u00e9cialis\u00e9s dans la fabrication de pi\u00e8ces plastiques inject\u00e9es de haute qualit\u00e9, notamment d'engrenages pour diverses applications. Implant\u00e9s au c\u0153ur de l'\u00e9cosyst\u00e8me industriel italien, nous collaborons avec des entreprises \u00e0 Milan, Venise, Florence et Bologne, en alliant ing\u00e9nierie de pr\u00e9cision et design innovant. Notre offre comprend\u00a0:<\/p>\n<ul class=\"marker:text-secondary\" dir=\"auto\">\n<li class=\"break-words\"><strong>Divers types d'\u00e9quipements<\/strong>Des engrenages droits aux engrenages h\u00e9lico\u00efdaux et coniques, nous produisons des composants pour les applications automobiles, industrielles et grand public.<\/li>\n<li class=\"break-words\"><strong>Personnalisation<\/strong>Nous acceptons les commandes enti\u00e8rement personnalis\u00e9es, en adaptant les engrenages \u00e0 vos sp\u00e9cifications exactes, que ce soit pour le prototypage ou la production \u00e0 grande \u00e9chelle.<\/li>\n<li class=\"break-words\"><strong>R\u00e9ponse rapide<\/strong>Si le mod\u00e8le d'\u00e9quipement que vous recherchez ne figure pas dans notre catalogue, il est probable que nous ne l'ayons pas encore mis en ligne. N'h\u00e9sitez pas \u00e0 nous envoyer un courriel d\u00e9crivant vos besoins\u00a0; nos ing\u00e9nieurs vous r\u00e9pondront sous 24\u00a0heures avec une solution personnalis\u00e9e.<\/li>\n<\/ul>\n<p class=\"break-words\" dir=\"auto\">L'engagement de FMP envers la qualit\u00e9 et la rapidit\u00e9 garantit le bon d\u00e9roulement de votre projet, que vous innoviez dans les studios de design florentins ou que vous augmentiez votre production dans les zones industrielles milanaises. Contactez-nous d\u00e8s aujourd'hui\u00a0! <a href=\"mailto:info@fmpcomponents.it\">info@fmpcomponents.it<\/a> pour discuter de vos besoins et d\u00e9couvrir le meilleur du savoir-faire italien.<\/p>\n<p dir=\"auto\"><img loading=\"lazy\" decoding=\"async\" class=\"wp-image-7981 aligncenter\" src=\"https:\/\/fmp-components.com\/wp-content\/uploads\/2025\/04\/plastic-gear-set-factory.webp\" alt=\"usine d&#039;engrenages en plastique\" width=\"874\" height=\"728\" title=\"\" srcset=\"https:\/\/fmp-components.com\/wp-content\/uploads\/2025\/04\/plastic-gear-set-factory.webp 874w, https:\/\/fmp-components.com\/wp-content\/uploads\/2025\/04\/plastic-gear-set-factory-480x400.webp 480w\" sizes=\"(min-width: 0px) and (max-width: 480px) 480px, (min-width: 481px) 874px, 100vw\" \/><\/p>\n<\/div>\n<\/div>\n<\/div>","protected":false},"excerpt":{"rendered":"<p>Injection Plastic Parts: Precision Manufacturing for Diverse Applications Injection plastic parts are integral to modern manufacturing, offering unmatched precision, scalability, and versatility. Plastic injection molding is a process where molten plastic resin is injected into a metal mold cavity, cooled, and solidified to form high-quality components. This method is widely adopted across industries like automotive, [&hellip;]<\/p>","protected":false},"featured_media":4663,"comment_status":"open","ping_status":"closed","template":"","meta":{"_et_pb_use_builder":"","_et_pb_old_content":"","_et_gb_content_width":""},"product_brand":[],"product_cat":[117],"product_tag":[],"class_list":{"0":"post-7972","1":"product","2":"type-product","3":"status-publish","4":"has-post-thumbnail","6":"product_cat-plastic-gears","8":"first","9":"instock","10":"shipping-taxable","11":"product-type-simple"},"_links":{"self":[{"href":"https:\/\/fmp-components.com\/fr\/wp-json\/wp\/v2\/product\/7972","targetHints":{"allow":["GET"]}}],"collection":[{"href":"https:\/\/fmp-components.com\/fr\/wp-json\/wp\/v2\/product"}],"about":[{"href":"https:\/\/fmp-components.com\/fr\/wp-json\/wp\/v2\/types\/product"}],"replies":[{"embeddable":true,"href":"https:\/\/fmp-components.com\/fr\/wp-json\/wp\/v2\/comments?post=7972"}],"wp:featuredmedia":[{"embeddable":true,"href":"https:\/\/fmp-components.com\/fr\/wp-json\/wp\/v2\/media\/4663"}],"wp:attachment":[{"href":"https:\/\/fmp-components.com\/fr\/wp-json\/wp\/v2\/media?parent=7972"}],"wp:term":[{"taxonomy":"product_brand","embeddable":true,"href":"https:\/\/fmp-components.com\/fr\/wp-json\/wp\/v2\/product_brand?post=7972"},{"taxonomy":"product_cat","embeddable":true,"href":"https:\/\/fmp-components.com\/fr\/wp-json\/wp\/v2\/product_cat?post=7972"},{"taxonomy":"product_tag","embeddable":true,"href":"https:\/\/fmp-components.com\/fr\/wp-json\/wp\/v2\/product_tag?post=7972"}],"curies":[{"name":"wp","href":"https:\/\/api.w.org\/{rel}","templated":true}]}}