{"id":7920,"date":"2025-04-11T03:30:53","date_gmt":"2025-04-11T03:30:53","guid":{"rendered":"https:\/\/fmp-components.com\/?post_type=product&#038;p=7920"},"modified":"2025-04-11T03:45:02","modified_gmt":"2025-04-11T03:45:02","slug":"external-ring-gear","status":"publish","type":"product","link":"https:\/\/fmp-components.com\/fr\/product\/external-ring-gear\/","title":{"rendered":"Couronne dent\u00e9e externe"},"content":{"rendered":"<h2>Couronnes dent\u00e9es externes de haute qualit\u00e9 pour l'ing\u00e9nierie de pr\u00e9cision<\/h2>\n<p>Les couronnes dent\u00e9es externes sont des composants essentiels de nombreux syst\u00e8mes m\u00e9caniques, reconnus pour leur durabilit\u00e9 et leur pr\u00e9cision dans la transmission du couple et du mouvement. Ces engrenages, dot\u00e9s de dents sur leur circonf\u00e9rence ext\u00e9rieure, sont largement utilis\u00e9s dans des secteurs tels que l'automobile, l'a\u00e9rospatiale et la machinerie industrielle. Dans des villes comme Milan et Venise, o\u00f9 la fabrication de pointe est en plein essor, les couronnes dent\u00e9es externes jouent un r\u00f4le essentiel pour garantir le bon fonctionnement des \u00e9quipements haute performance. Con\u00e7ues pour s'engr\u00e8ner avec des pignons ou d'autres engrenages, elles assurent une transmission de puissance fiable, ce qui les rend indispensables pour les applications n\u00e9cessitant des solutions m\u00e9caniques robustes et performantes.<\/p>\n<h2>M\u00e9langeur de pi\u00e8ces de ciment Micro 5\u00a0000\u00a0mm, engrenage annulaire en acier moul\u00e9 externe<\/h2>\n<p>FMP se consacre principalement \u00e0 la recherche, au d\u00e9veloppement et \u00e0 la fabrication d'engrenages basse vitesse, haute puissance et \u00e0 forte charge. Elle a mis en place un syst\u00e8me de sp\u00e9cifications normalis\u00e9es pour la conception, la fabrication, les essais et l'inspection, bas\u00e9 sur des normes avanc\u00e9es, et dispose d'un personnel d'ing\u00e9nierie et de technique innovant.<\/p>\n<p><img loading=\"lazy\" decoding=\"async\" class=\"size-full wp-image-7922 aligncenter\" src=\"https:\/\/fmp-components.com\/wp-content\/uploads\/2025\/04\/External-Ring-Gear-1.webp\" alt=\"Couronne dent\u00e9e externe\" width=\"790\" height=\"686\" title=\"\" srcset=\"https:\/\/fmp-components.com\/wp-content\/uploads\/2025\/04\/External-Ring-Gear-1.webp 790w, https:\/\/fmp-components.com\/wp-content\/uploads\/2025\/04\/External-Ring-Gear-1-480x417.webp 480w\" sizes=\"(min-width: 0px) and (max-width: 480px) 480px, (min-width: 481px) 790px, 100vw\" \/><\/p>\n<table style=\"width: 100%;\" border=\"1\" width=\"100%\" cellspacing=\"0\" cellpadding=\"0\">\n<tbody>\n<tr>\n<th style=\"width: 13.8116%;\">Forme:<\/th>\n<td style=\"width: 35.9743%;\">Ver<\/td>\n<th style=\"width: 15.2034%;\">Condition:<\/th>\n<td style=\"width: 34.6895%;\">Nouveau<\/td>\n<\/tr>\n<tr class=\"bg_gray\">\n<th style=\"width: 13.8116%;\">Secteurs concern\u00e9s :<\/th>\n<td style=\"width: 35.9743%;\">Usine de fabrication, travaux de construction, \u00e9nergie et mines<\/td>\n<th style=\"width: 15.2034%;\">Emplacement de la salle d'exposition :<\/th>\n<td style=\"width: 34.6895%;\">Aucun<\/td>\n<\/tr>\n<tr>\n<th style=\"width: 13.8116%;\">Mat\u00e9riel:<\/th>\n<td style=\"width: 35.9743%;\">Acier inoxydable, ZG35CrMo\/42CrMo<\/td>\n<th style=\"width: 15.2034%;\">Standard ou non standard\u00a0:<\/th>\n<td style=\"width: 34.6895%;\">Non standard<\/td>\n<\/tr>\n<tr class=\"bg_gray\">\n<th style=\"width: 13.8116%;\">Direction:<\/th>\n<td style=\"width: 35.9743%;\">Gauche, droite<\/td>\n<th style=\"width: 15.2034%;\">Nom:<\/th>\n<td style=\"width: 34.6895%;\">Pi\u00e8ces de b\u00e9tonni\u00e8re \u00e0 engrenage \u00e0 vis sans fin en acier micro<\/td>\n<\/tr>\n<tr>\n<th style=\"width: 13.8116%;\">Diam\u00e8tre:<\/th>\n<td style=\"width: 35.9743%;\">2000-8000 mm<\/td>\n<th style=\"width: 15.2034%;\">Type de traitement :<\/th>\n<td style=\"width: 34.6895%;\">Fonderie<\/td>\n<\/tr>\n<tr class=\"bg_gray\">\n<th style=\"width: 13.8116%;\">Certificat:<\/th>\n<td style=\"width: 35.9743%;\">ISO 9001:2000, ANSI, ASME, GES<\/td>\n<th style=\"width: 15.2034%;\">Domaine d'application :<\/th>\n<td style=\"width: 34.6895%;\">Installations de ciment et d'exploitation mini\u00e8re, r\u00e9ducteur de vitesse, broyeur \u00e0 boulets, treuil de mine<\/td>\n<\/tr>\n<tr>\n<th style=\"width: 13.8116%;\">Zones d'exportation :<\/th>\n<td style=\"width: 35.9743%;\">Russie, Asie du Sud-Est, Inde, Afrique du Sud, Australie<\/td>\n<th style=\"width: 15.2034%;\">Duret\u00e9:<\/th>\n<td style=\"width: 34.6895%;\">&lt;=217<\/td>\n<\/tr>\n<tr>\n<th style=\"width: 13.8116%;\" colspan=\"1\">Souligner:<\/th>\n<td style=\"width: 85.8672%;\" colspan=\"3\">micro-engrenage \u00e0 vis sans fin en acier, engrenage \u00e0 vis sans fin en acier de 5\u00a0000 mm<\/td>\n<\/tr>\n<\/tbody>\n<\/table>\n<h3>FMP\u00a0: votre partenaire de confiance pour les couronnes dent\u00e9es externes<\/h3>\n<p>Chez FMP, nous sommes fiers de fabriquer une large gamme de produits externes <a href=\"https:\/\/fmp-components.com\/fr\/ring-gear\/\">couronnes dent\u00e9es<\/a>Con\u00e7us pour r\u00e9pondre aux normes industrielles les plus strictes. Implant\u00e9s au c\u0153ur du r\u00e9seau industriel italien, nous servons des entreprises de Milan, Venise, Florence, Bologne et au-del\u00e0, en proposant des solutions standard et sur mesure. Si vous ne trouvez pas le mod\u00e8le de couronne dent\u00e9e dont vous avez besoin dans notre liste de produits, pas d'inqui\u00e9tude\u00a0; nous ne l'avons probablement pas encore mis en ligne. Envoyez-nous simplement un e-mail avec vos besoins et nos ing\u00e9nieurs qualifi\u00e9s vous r\u00e9pondront sous 24\u00a0heures avec des solutions sur mesure pour optimiser vos op\u00e9rations. Choisissez FMP pour sa pr\u00e9cision, sa fiabilit\u00e9 et un service client in\u00e9gal\u00e9 dans toute l'Italie.<\/p>\n<p><img loading=\"lazy\" decoding=\"async\" class=\"wp-image-7924 aligncenter\" src=\"https:\/\/fmp-components.com\/wp-content\/uploads\/2025\/04\/external_casting_steel_ring_gear_1.webp\" alt=\"couronne dent\u00e9e en acier moul\u00e9 externe \" width=\"913\" height=\"667\" title=\"\" srcset=\"https:\/\/fmp-components.com\/wp-content\/uploads\/2025\/04\/external_casting_steel_ring_gear_1.webp 913w, https:\/\/fmp-components.com\/wp-content\/uploads\/2025\/04\/external_casting_steel_ring_gear_1-480x351.webp 480w\" sizes=\"(min-width: 0px) and (max-width: 480px) 480px, (min-width: 481px) 913px, 100vw\" \/><\/p>","protected":false},"excerpt":{"rendered":"<p>High-Quality External Ring Gears for Precision Engineering External ring gears are critical components in various mechanical systems, known for their durability and precision in transmitting torque and motion. These gears, featuring teeth on the outer circumference, are widely used in industries such as automotive, aerospace, and industrial machinery. In cities like Milan and Venice, where [&hellip;]<\/p>","protected":false},"featured_media":7923,"comment_status":"open","ping_status":"closed","template":"","meta":{"_et_pb_use_builder":"on","_et_pb_old_content":"<h2>High-Quality External Ring Gears for Precision Engineering<\/h2>\r\nExternal ring gears are critical components in various mechanical systems, known for their durability and precision in transmitting torque and motion. These gears, featuring teeth on the outer circumference, are widely used in industries such as automotive, aerospace, and industrial machinery. In cities like Milan and Venice, where advanced manufacturing thrives, external ring gears play a pivotal role in ensuring seamless operations for high-performance equipment. Designed to mesh with pinions or other gears, they provide reliable power transmission, making them indispensable for applications requiring robust and efficient mechanical solutions.\r\n<h2>Cement Parts Mixer Micro 5000mm External Casting Steel Ring Gear<\/h2>\r\nFMP is mainly engaged in the research, development and manufacturing of low-speed, heavy-load and high-power gears. It has established a standard specification system for design, manufacturing, testing and inspection based on advanced standards and has a group of innovative engineering and technical personnel.\r\n\r\n<img class=\"size-full wp-image-7922 aligncenter\" src=\"https:\/\/fmp-components.com\/wp-content\/uploads\/2025\/04\/External-Ring-Gear-1.webp\" alt=\"External Ring Gear\" width=\"790\" height=\"686\" \/>\r\n<table style=\"width: 100%;\" border=\"1\" width=\"100%\" cellspacing=\"0\" cellpadding=\"0\">\r\n<tbody>\r\n<tr>\r\n<th style=\"width: 13.8116%;\">Shape:<\/th>\r\n<td style=\"width: 35.9743%;\">Worm<\/td>\r\n<th style=\"width: 15.2034%;\">Condition:<\/th>\r\n<td style=\"width: 34.6895%;\">New<\/td>\r\n<\/tr>\r\n<tr class=\"bg_gray\">\r\n<th style=\"width: 13.8116%;\">Applicable Industries:<\/th>\r\n<td style=\"width: 35.9743%;\">Manufacturing Plant, Construction Works\u00a0, Energy &amp; Mining<\/td>\r\n<th style=\"width: 15.2034%;\">Showroom Location:<\/th>\r\n<td style=\"width: 34.6895%;\">None<\/td>\r\n<\/tr>\r\n<tr>\r\n<th style=\"width: 13.8116%;\">Material:<\/th>\r\n<td style=\"width: 35.9743%;\">Stainless Steel, ZG35CrMo\/42CrMo<\/td>\r\n<th style=\"width: 15.2034%;\">Standard Or Nonstandard:<\/th>\r\n<td style=\"width: 34.6895%;\">Nonstandard<\/td>\r\n<\/tr>\r\n<tr class=\"bg_gray\">\r\n<th style=\"width: 13.8116%;\">Direction:<\/th>\r\n<td style=\"width: 35.9743%;\">Left, Right<\/td>\r\n<th style=\"width: 15.2034%;\">Name:<\/th>\r\n<td style=\"width: 34.6895%;\">Cement Mixer Parts Micro Steel Worm Gear<\/td>\r\n<\/tr>\r\n<tr>\r\n<th style=\"width: 13.8116%;\">Diameter:<\/th>\r\n<td style=\"width: 35.9743%;\">2000-8000mm<\/td>\r\n<th style=\"width: 15.2034%;\">Processing Type:<\/th>\r\n<td style=\"width: 34.6895%;\">Casting<\/td>\r\n<\/tr>\r\n<tr class=\"bg_gray\">\r\n<th style=\"width: 13.8116%;\">Certificate:<\/th>\r\n<td style=\"width: 35.9743%;\">ISO 9001:2000,ANSI,ASME,GES<\/td>\r\n<th style=\"width: 15.2034%;\">Application Range:<\/th>\r\n<td style=\"width: 34.6895%;\">Cement And Mining Facilities,speed Reducer,ball Mill,mine Hoist<\/td>\r\n<\/tr>\r\n<tr>\r\n<th style=\"width: 13.8116%;\">Export Areas:<\/th>\r\n<td style=\"width: 35.9743%;\">Russia, Southeast Asia, India,South Africa, Australia<\/td>\r\n<th style=\"width: 15.2034%;\">Hardness:<\/th>\r\n<td style=\"width: 34.6895%;\">&lt;=217<\/td>\r\n<\/tr>\r\n<tr>\r\n<th style=\"width: 13.8116%;\" colspan=\"1\">High Light:<\/th>\r\n<td style=\"width: 85.8672%;\" colspan=\"3\">micro steel worm gear,\u00a0 5000mm steel worm gear<\/td>\r\n<\/tr>\r\n<\/tbody>\r\n<\/table>\r\n<h3>FMP: Your Trusted Partner for External Ring Gears<\/h3>\r\nAt FMP, we pride ourselves on manufacturing a wide range of external <a href=\"https:\/\/fmp-components.com\/en\/ring-gear\">ring gears<\/a>, crafted to meet the highest industry standards. Based in the heart of Italy\u2019s industrial network, we serve businesses in Milan, Venice, Florence, Bologna, and beyond, offering both standard and custom solutions. If you don\u2019t find the specific ring gear model you need in our product list, don\u2019t worry\u2014we likely haven\u2019t had the chance to upload it yet. Simply email us with your requirements, and our skilled engineers will respond within 24 hours with tailored solutions to power your operations. Choose FMP for precision, reliability, and unmatched customer service across Italy.\r\n\r\n<img class=\"wp-image-7924 aligncenter\" src=\"https:\/\/fmp-components.com\/wp-content\/uploads\/2025\/04\/external_casting_steel_ring_gear_1.webp\" alt=\"external casting steel ring gear \" width=\"913\" height=\"667\" \/>","_et_gb_content_width":""},"product_brand":[],"product_cat":[114],"product_tag":[],"class_list":{"0":"post-7920","1":"product","2":"type-product","3":"status-publish","4":"has-post-thumbnail","6":"product_cat-ring-gear","8":"first","9":"instock","10":"shipping-taxable","11":"product-type-simple"},"_links":{"self":[{"href":"https:\/\/fmp-components.com\/fr\/wp-json\/wp\/v2\/product\/7920","targetHints":{"allow":["GET"]}}],"collection":[{"href":"https:\/\/fmp-components.com\/fr\/wp-json\/wp\/v2\/product"}],"about":[{"href":"https:\/\/fmp-components.com\/fr\/wp-json\/wp\/v2\/types\/product"}],"replies":[{"embeddable":true,"href":"https:\/\/fmp-components.com\/fr\/wp-json\/wp\/v2\/comments?post=7920"}],"wp:featuredmedia":[{"embeddable":true,"href":"https:\/\/fmp-components.com\/fr\/wp-json\/wp\/v2\/media\/7923"}],"wp:attachment":[{"href":"https:\/\/fmp-components.com\/fr\/wp-json\/wp\/v2\/media?parent=7920"}],"wp:term":[{"taxonomy":"product_brand","embeddable":true,"href":"https:\/\/fmp-components.com\/fr\/wp-json\/wp\/v2\/product_brand?post=7920"},{"taxonomy":"product_cat","embeddable":true,"href":"https:\/\/fmp-components.com\/fr\/wp-json\/wp\/v2\/product_cat?post=7920"},{"taxonomy":"product_tag","embeddable":true,"href":"https:\/\/fmp-components.com\/fr\/wp-json\/wp\/v2\/product_tag?post=7920"}],"curies":[{"name":"wp","href":"https:\/\/api.w.org\/{rel}","templated":true}]}}