{"id":7915,"date":"2025-04-11T02:22:27","date_gmt":"2025-04-11T02:22:27","guid":{"rendered":"https:\/\/fmp-components.com\/?post_type=product&#038;p=7915"},"modified":"2025-04-11T03:15:34","modified_gmt":"2025-04-11T03:15:34","slug":"precision-gear-ring-and-pinion","status":"publish","type":"product","link":"https:\/\/fmp-components.com\/fr\/product\/precision-gear-ring-and-pinion\/","title":{"rendered":"Couronne et pignon de pr\u00e9cision"},"content":{"rendered":"<div>\n<h2 dir=\"auto\">L'excellence technique pour les routes italiennes<\/h2>\n<p class=\"break-words\" dir=\"auto\">Pour optimiser les performances de votre v\u00e9hicule, les jeux de pignons et couronnes Precision Gear sont la solution id\u00e9ale pour les conducteurs italiens, des rues anim\u00e9es de Milan aux routes pittoresques de Florence. Ces jeux de pignons de haute qualit\u00e9 sont con\u00e7us avec des techniques de fabrication avanc\u00e9es et des pi\u00e8ces forg\u00e9es en acier 8620 de premi\u00e8re qualit\u00e9, garantissant durabilit\u00e9 et pr\u00e9cision pour les applications sur route comme sur circuit. Que vous modernisiez une muscle car \u00e0 Venise ou que vous pr\u00e9pariez un 4\u00d74 pour des aventures tout-terrain pr\u00e8s de Bologne, Precision Gear propose une large gamme de rapports, tels que 3,08:1 pour GM 8,5\/8,6 pouces, 4,56:1 pour Dana 44 ou 5,13:1 pour Ford 8,8 pouces, pour r\u00e9pondre \u00e0 vos besoins sp\u00e9cifiques. Con\u00e7us pour supporter les contraintes d'une puissance \u00e9lev\u00e9e, ces jeux de pignons offrent un transfert de puissance efficace pour une conduite fluide et fluide, quel que soit le terrain.<\/p>\n<p dir=\"auto\"><img loading=\"lazy\" decoding=\"async\" class=\"size-full wp-image-7917 aligncenter\" src=\"https:\/\/fmp-components.com\/wp-content\/uploads\/2025\/04\/Precision-Gear-Ring-and-Pinion-2.webp\" alt=\"Couronne et pignon de pr\u00e9cision\" width=\"800\" height=\"800\" title=\"\" srcset=\"https:\/\/fmp-components.com\/wp-content\/uploads\/2025\/04\/Precision-Gear-Ring-and-Pinion-2.webp 800w, https:\/\/fmp-components.com\/wp-content\/uploads\/2025\/04\/Precision-Gear-Ring-and-Pinion-2-480x480.webp 480w\" sizes=\"(min-width: 0px) and (max-width: 480px) 480px, (min-width: 481px) 800px, 100vw\" \/><\/p>\n<h3 dir=\"auto\">Sp\u00e9cification<\/h3>\n<\/div>\n<div>\n<table style=\"width: 100%;\" border=\"1\" width=\"100%\" cellspacing=\"0\" cellpadding=\"0\">\n<tbody>\n<tr>\n<td colspan=\"1\" rowspan=\"1\">\n<div class=\"magic-13\" data-spm-anchor-id=\"a2700.details-description.0.i1.1c4atCsDtCsDdk\">Mat\u00e9riel disponible:<\/div>\n<\/td>\n<td colspan=\"1\" rowspan=\"1\">\n<div class=\"magic-14\">Laiton, cuivre, acier au carbone, acier inoxydable, alliage d'acier, alliage d'aluminium, etc.<\/div>\n<\/td>\n<\/tr>\n<tr>\n<td colspan=\"1\" rowspan=\"1\">\n<div class=\"magic-13\">Tol\u00e9rance:<\/div>\n<\/td>\n<td colspan=\"1\" rowspan=\"1\">\n<div class=\"magic-14\">Selon le dessin.(+\/-0,05 mm,+\/-0,01 mm)<\/div>\n<\/td>\n<\/tr>\n<tr>\n<td colspan=\"1\" rowspan=\"1\">\n<div class=\"magic-13\">Traitement de surface :<\/div>\n<\/td>\n<td colspan=\"1\" rowspan=\"1\">\n<div class=\"magic-14\">Zingu\u00e9, nickel\u00e9, chrom\u00e9, anodis\u00e9, phosphat\u00e9, noircissement chimique, nitruration au bain de sel, etc.<\/div>\n<\/td>\n<\/tr>\n<tr>\n<td colspan=\"1\" rowspan=\"1\">\n<div class=\"magic-13\">D\u00e9lai de mise en \u0153uvre:<\/div>\n<\/td>\n<td colspan=\"1\" rowspan=\"1\">\n<div class=\"magic-14\">20 \u00e0 45 jours selon les quantit\u00e9s et la complexit\u00e9<\/div>\n<\/td>\n<\/tr>\n<tr>\n<td colspan=\"1\" rowspan=\"1\">\n<div class=\"magic-13\">Application:<\/div>\n<\/td>\n<td colspan=\"1\" rowspan=\"1\">\n<div class=\"magic-14\">Chariot \u00e9l\u00e9vateur, grue, train, camion, tondeuse \u00e0 gazon, \u00e9quipement ferroviaire, dispositif m\u00e9dical, machine industrielle, automobile, \u00e9lectrique<br \/>\nappareil \u00e9lectrom\u00e9nager, machine d'automatisation, autres industries, etc.<\/div>\n<\/td>\n<\/tr>\n<tr>\n<td colspan=\"1\" rowspan=\"1\">\n<div class=\"magic-13\">Conditions de paiement :<\/div>\n<\/td>\n<td colspan=\"1\" rowspan=\"1\">\n<div class=\"magic-14\">\n<p>L\/C \u00e0 vue<\/p>\n<div>T\/T 30% d\u00e9p\u00f4t et solde 70% \u00e0 payer avant exp\u00e9dition.<\/div>\n<\/div>\n<\/td>\n<\/tr>\n<tr>\n<td colspan=\"1\" rowspan=\"1\">\n<div class=\"magic-13\">\u00c9quipement de production :<\/div>\n<\/td>\n<td colspan=\"1\" rowspan=\"1\">\n<div class=\"magic-14\">Centre d'usinage CNC, tour CNC, rectifieuse, fraiseuse, scie, soudeuse, presse hydraulique, perceuse<br \/>\net machine \u00e0 tarauder, machine \u00e0 fa\u00e7onner les engrenages, etc.<\/div>\n<\/td>\n<\/tr>\n<tr>\n<td colspan=\"1\" rowspan=\"1\">\n<div class=\"magic-13\">\u00c9quipement d'inspection :<\/div>\n<\/td>\n<td colspan=\"1\" rowspan=\"1\">\n<div class=\"magic-14\">Instrument de mesure pneumatique \u00e9lectronique, \u00e9quipement de d\u00e9tection \u00e0 trois coordonn\u00e9es, testeur de duret\u00e9 Rockwell, d\u00e9tecteur de d\u00e9fauts \u00e0 ultrasons num\u00e9rique<br \/>\nD\u00e9tecteur, instrument de mesure de la rugosit\u00e9 de surface, testeur de duret\u00e9 Leeb, instrument de mesure de rev\u00eatement, testeur de pulv\u00e9risation saline, engrenage<br \/>\nCentre de mesure, etc.<\/div>\n<\/td>\n<\/tr>\n<tr>\n<td colspan=\"1\" rowspan=\"1\">\n<div class=\"magic-13\">CQ:<\/div>\n<\/td>\n<td colspan=\"1\" rowspan=\"1\">\n<div class=\"magic-14\">\n<p>1. Le mat\u00e9riel entrant sera v\u00e9rifi\u00e9 avant la production.<\/p>\n<div data-spm-anchor-id=\"a2700.pc-decorate.0.i39.bc343333CIclSA\">2. Contr\u00f4le strict de la qualit\u00e9 du traitement.<\/div>\n<div data-spm-anchor-id=\"a2700.pc-decorate.0.i39.bc343333CIclSA\">Inspection 3.100% avant exp\u00e9dition.<\/div>\n<div data-spm-anchor-id=\"a2700.pc-decorate.0.i39.bc343333CIclSA\">4. Nous sommes responsables de la qualit\u00e9 du produit pour l'utilisateur final.<\/div>\n<\/div>\n<\/td>\n<\/tr>\n<tr>\n<td colspan=\"1\" rowspan=\"1\">\n<div class=\"magic-13\">Emballer:<\/div>\n<\/td>\n<td colspan=\"1\" rowspan=\"1\">\n<div class=\"magic-14\">\n<p>M\u00e9thode 1 : Bo\u00eete en carton ou carton ondul\u00e9<\/p>\n<div data-spm-anchor-id=\"a2700.pc-decorate.0.i43.bc343333CIclSA\">M\u00e9thode 2 : Caisse en bois ou caisse en bois<\/div>\n<div data-spm-anchor-id=\"a2700.pc-decorate.0.i43.bc343333CIclSA\">M\u00e9thode 3 : Panier en fer ou panier en plastique<\/div>\n<div data-spm-anchor-id=\"a2700.pc-decorate.0.i43.bc343333CIclSA\">M\u00e9thode 4 : Palette<\/div>\n<\/div>\n<\/td>\n<\/tr>\n<tr>\n<td colspan=\"1\" rowspan=\"1\">\n<div class=\"magic-13\">Service apr\u00e8s-vente :<\/div>\n<\/td>\n<td colspan=\"1\" rowspan=\"1\">\n<div class=\"magic-14\">Nous suivrons les marchandises pour les clients et aiderons \u00e0 r\u00e9soudre les probl\u00e8mes apr\u00e8s-vente<\/div>\n<\/td>\n<\/tr>\n<\/tbody>\n<\/table>\n<div>\n<h2 dir=\"auto\">Des performances polyvalentes pour chaque trajet<\/h2>\n<p class=\"break-words\" dir=\"auto\">Les jeux de couronnes et pignons Precision Gear sont con\u00e7us pour offrir un rapport qualit\u00e9-prix exceptionnel sans compromis sur la qualit\u00e9, ce qui en fait un choix de choix pour les passionn\u00e9s d'automobile de villes comme Rome et Turin. Disponibles pour GM, Ford, Dana, Toyota et bien d'autres, ces jeux d'engrenages s'adaptent \u00e0 une vari\u00e9t\u00e9 de v\u00e9hicules, garantissant compatibilit\u00e9 et performances. Par exemple, des mod\u00e8les comme les engrenages Ford F88\/410 de 8,8 pouces (4,10) ou Toyota TOY\/456 de 8 pouces (4,56) sont con\u00e7us pour r\u00e9sister aux conditions les plus difficiles, offrant une fiabilit\u00e9 optimale pour les trajets quotidiens \u00e0 Naples ou les vir\u00e9es dynamiques dans les collines toscanes. B\u00e9n\u00e9ficiant d'une note de 4 \u00e9toiles de la part de nos clients, les jeux Precision Gear sont synonymes de robustesse et d'accessibilit\u00e9, permettant aux conducteurs italiens d'atteindre leurs objectifs de performance en toute confiance.<\/p>\n<h3 dir=\"auto\">FMP\u00a0: votre partenaire de confiance pour vos solutions d'\u00e9quipement personnalis\u00e9es<\/h3>\n<p dir=\"auto\">Chez FMP, nous sommes fiers d'\u00eatre un fabricant leader de couronnes et pignons, proposant une s\u00e9lection vari\u00e9e d'ensembles d'engrenages de pr\u00e9cision pour r\u00e9pondre aux besoins du secteur automobile italien. Implant\u00e9s au c\u0153ur de l'industrie, nous produisons des engrenages pour diverses applications et sommes \u00e9galement sp\u00e9cialis\u00e9s dans les solutions sur mesure pour des v\u00e9hicules uniques.<\/p>\n<p dir=\"auto\">Si vous ne trouvez pas le mod\u00e8le dont vous avez besoin dans notre liste de produits, pas d'inqui\u00e9tude\u00a0; il est probable qu'il ne soit pas encore disponible. Envoyez-nous simplement un e-mail avec vos besoins et l'un de nos ing\u00e9nieurs exp\u00e9riment\u00e9s vous r\u00e9pondra sous 24\u00a0heures pour vous fournir une assistance personnalis\u00e9e.<\/p>\n<\/div>\n<p dir=\"auto\"><img loading=\"lazy\" decoding=\"async\" class=\"wp-image-7919 aligncenter\" src=\"https:\/\/fmp-components.com\/wp-content\/uploads\/2025\/04\/Precision-Gear-Ring-and-Pinion-3.webp\" alt=\"Couronne et pignon de pr\u00e9cision\" width=\"860\" height=\"860\" title=\"\" srcset=\"https:\/\/fmp-components.com\/wp-content\/uploads\/2025\/04\/Precision-Gear-Ring-and-Pinion-3.webp 860w, https:\/\/fmp-components.com\/wp-content\/uploads\/2025\/04\/Precision-Gear-Ring-and-Pinion-3-480x480.webp 480w\" sizes=\"(min-width: 0px) and (max-width: 480px) 480px, (min-width: 481px) 860px, 100vw\" \/><\/p>\n<\/div>","protected":false},"excerpt":{"rendered":"<p>L'excellence de la conception pour les routes italiennes. Pour optimiser les performances de votre v\u00e9hicule, les kits pignon-couronne Precision Gear sont le choix de pr\u00e9dilection des conducteurs italiens, des rues anim\u00e9es de Milan aux routes pittoresques de Florence. Ces kits d'engrenages de haute qualit\u00e9 sont con\u00e7us avec des techniques de fabrication avanc\u00e9es et des pi\u00e8ces forg\u00e9es en acier 8620 de premi\u00e8re qualit\u00e9, garantissant une durabilit\u00e9 exceptionnelle.<\/p>","protected":false},"featured_media":7916,"comment_status":"open","ping_status":"closed","template":"","meta":{"_et_pb_use_builder":"","_et_pb_old_content":"","_et_gb_content_width":""},"product_brand":[],"product_cat":[114],"product_tag":[],"class_list":{"0":"post-7915","1":"product","2":"type-product","3":"status-publish","4":"has-post-thumbnail","6":"product_cat-ring-gear","8":"first","9":"instock","10":"shipping-taxable","11":"product-type-simple"},"_links":{"self":[{"href":"https:\/\/fmp-components.com\/fr\/wp-json\/wp\/v2\/product\/7915","targetHints":{"allow":["GET"]}}],"collection":[{"href":"https:\/\/fmp-components.com\/fr\/wp-json\/wp\/v2\/product"}],"about":[{"href":"https:\/\/fmp-components.com\/fr\/wp-json\/wp\/v2\/types\/product"}],"replies":[{"embeddable":true,"href":"https:\/\/fmp-components.com\/fr\/wp-json\/wp\/v2\/comments?post=7915"}],"wp:featuredmedia":[{"embeddable":true,"href":"https:\/\/fmp-components.com\/fr\/wp-json\/wp\/v2\/media\/7916"}],"wp:attachment":[{"href":"https:\/\/fmp-components.com\/fr\/wp-json\/wp\/v2\/media?parent=7915"}],"wp:term":[{"taxonomy":"product_brand","embeddable":true,"href":"https:\/\/fmp-components.com\/fr\/wp-json\/wp\/v2\/product_brand?post=7915"},{"taxonomy":"product_cat","embeddable":true,"href":"https:\/\/fmp-components.com\/fr\/wp-json\/wp\/v2\/product_cat?post=7915"},{"taxonomy":"product_tag","embeddable":true,"href":"https:\/\/fmp-components.com\/fr\/wp-json\/wp\/v2\/product_tag?post=7915"}],"curies":[{"name":"wp","href":"https:\/\/api.w.org\/{rel}","templated":true}]}}