{"id":7822,"date":"2025-04-08T06:56:52","date_gmt":"2025-04-08T06:56:52","guid":{"rendered":"https:\/\/fmp-components.com\/?post_type=product&#038;p=7822"},"modified":"2025-04-08T06:56:52","modified_gmt":"2025-04-08T06:56:52","slug":"differential-ring-and-pinion-gears10-bolt-fmp-d35-373","status":"publish","type":"product","link":"https:\/\/fmp-components.com\/fr\/product\/differential-ring-and-pinion-gears10-bolt-fmp-d35-373\/","title":{"rendered":"Couronne et pignon de diff\u00e9rentiel (10 boulons) FMP-D35-373"},"content":{"rendered":"<h2>Sp\u00e9cification<\/h2>\n<table style=\"width: 100%;\" border=\"1\" width=\"100%\" cellspacing=\"0\" cellpadding=\"0\">\n<thead>\n<tr>\n<th><strong>Sp\u00e9cification<\/strong><\/th>\n<th><strong>Valeur<\/strong><\/th>\n<\/tr>\n<\/thead>\n<tbody>\n<tr>\n<td>Mod\u00e8le d'application<\/td>\n<td>Dana 35 Standard<\/td>\n<\/tr>\n<tr>\n<td>Quantit\u00e9 de boulons de couvercle<\/td>\n<td>10<\/td>\n<\/tr>\n<tr>\n<td>Rupture de porteuse diff\u00e9rentielle<\/td>\n<td>Ratio de 3,54 et plus<\/td>\n<\/tr>\n<tr>\n<td>Type de conception du bo\u00eetier de diff\u00e9rentiel<\/td>\n<td>Dana 35<\/td>\n<\/tr>\n<tr>\n<td>Rapport de d\u00e9multiplication<\/td>\n<td>3.73<\/td>\n<\/tr>\n<tr>\n<td>Quantit\u00e9 de dents du pignon<\/td>\n<td>11<\/td>\n<\/tr>\n<tr>\n<td>Diam\u00e8tre de l'arbre du pignon<\/td>\n<td>1,376 (pouce)<\/td>\n<\/tr>\n<tr>\n<td>Nombre de cannelures du pignon<\/td>\n<td>26<\/td>\n<\/tr>\n<tr>\n<td>Quantit\u00e9 de boulons de couronne dent\u00e9e<\/td>\n<td>8<\/td>\n<\/tr>\n<tr>\n<td>Mat\u00e9riau de la couronne dent\u00e9e<\/td>\n<td>Acier 8620<\/td>\n<\/tr>\n<tr>\n<td>Diam\u00e8tre ext\u00e9rieur de la couronne dent\u00e9e<\/td>\n<td>7,5 (pouces)<\/td>\n<\/tr>\n<tr>\n<td>Rotation de la couronne dent\u00e9e<\/td>\n<td>Standard<\/td>\n<\/tr>\n<tr>\n<td>Quantit\u00e9 de dents de la couronne dent\u00e9e<\/td>\n<td>41<\/td>\n<\/tr>\n<tr>\n<td>Taxonomie A<\/td>\n<td>Diff\u00e9rentiel LD<\/td>\n<\/tr>\n<tr>\n<td>Taxonomie B<\/td>\n<td>Anneau et pignon<\/td>\n<\/tr>\n<tr>\n<td>Taxonomie C<\/td>\n<td>Avant, arri\u00e8re<\/td>\n<\/tr>\n<tr>\n<td>Taxonomie D<\/td>\n<td>3.73<\/td>\n<\/tr>\n<\/tbody>\n<\/table>\n<div>\u00a0<img loading=\"lazy\" decoding=\"async\" class=\"size-full wp-image-7824 aligncenter\" src=\"https:\/\/fmp-components.com\/wp-content\/uploads\/2025\/04\/FMP_D35_373_5.webp\" alt=\"FMP_D35_373\" width=\"1500\" height=\"500\" title=\"\" srcset=\"https:\/\/fmp-components.com\/wp-content\/uploads\/2025\/04\/FMP_D35_373_5.webp 1500w, https:\/\/fmp-components.com\/wp-content\/uploads\/2025\/04\/FMP_D35_373_5-1280x427.webp 1280w, https:\/\/fmp-components.com\/wp-content\/uploads\/2025\/04\/FMP_D35_373_5-980x327.webp 980w, https:\/\/fmp-components.com\/wp-content\/uploads\/2025\/04\/FMP_D35_373_5-480x160.webp 480w\" sizes=\"(min-width: 0px) and (max-width: 480px) 480px, (min-width: 481px) and (max-width: 980px) 980px, (min-width: 981px) and (max-width: 1280px) 1280px, (min-width: 1281px) 1500px, 100vw\" \/><\/div>\n<div class=\"Message_messageMetadataContainer__nBPq7\">\n<h3 class=\"\" dir=\"auto\">FMP : Solutions d'engrenages \u00e0 couronne et pignon haut de gamme<\/h3>\n<p class=\"break-words\" dir=\"auto\">Chez FMP, nous sommes fiers de fabriquer des ensembles couronne et pignon haut de gamme compatibles avec les diff\u00e9rentiels Ford de 10,5 pouces, offrant des performances exceptionnelles sur tous les terrains. Que vous abordiez des sentiers tout-terrain accident\u00e9s ou rouliez en douceur sur autoroute, nos ensembles couronne et pignon haut de gamme sont con\u00e7us pour am\u00e9liorer votre exp\u00e9rience de conduite. Fort de plus de 40 ans d'expertise, FMP s'engage \u00e0 fournir des composants de haute qualit\u00e9 qui optimisent les performances de votre v\u00e9hicule, vous garantissant puissance et pr\u00e9cision au volant.<\/p>\n<p class=\"break-words\" dir=\"auto\">Nos ensembles couronne et pignon offrent une gamme d'avantages cl\u00e9s adapt\u00e9s \u00e0 vos besoins. Fabriqu\u00e9s en acier haute qualit\u00e9 gr\u00e2ce \u00e0 des proc\u00e9d\u00e9s de d\u00e9coupe et de traitement thermique de pr\u00e9cision, ils offrent une r\u00e9sistance et une durabilit\u00e9 sup\u00e9rieures, respectant voire d\u00e9passant les normes d'origine. Cela garantit des performances fiables dans les conditions de conduite quotidiennes comme dans les situations tout-terrain extr\u00eames. Les rapports de d\u00e9multiplication optimis\u00e9s am\u00e9liorent le couple d\u00e9livr\u00e9 pour une traction, une efficacit\u00e9 de remorquage et un contr\u00f4le accrus, tout en am\u00e9liorant la consommation de carburant \u00e0 vitesse \u00e9lev\u00e9e gr\u00e2ce au maintien d'un r\u00e9gime moteur optimal. De plus, nos ensembles sont con\u00e7us pour une installation facile et un fonctionnement silencieux, \u00e9liminant les bruits ind\u00e9sirables pour une conduite confortable.<\/p>\n<p class=\"break-words\" dir=\"auto\">FMP garantit chaque produit avec confiance et offre une garantie de 2 ans contre les d\u00e9fauts de fabrication. Nos ensembles couronne et pignon sont rigoureusement test\u00e9s pour les applications routi\u00e8res, tout-terrain et m\u00eame de comp\u00e9tition, ce qui en fait un choix de confiance pour les passionn\u00e9s comme pour les professionnels. Passer \u00e0 la version sup\u00e9rieure avec FMP n'est pas une simple modification\u00a0: c'est un investissement en termes de performance, d'efficacit\u00e9 et de fiabilit\u00e9 \u00e0 long terme. Pour des solutions personnalis\u00e9es ou des demandes sp\u00e9cifiques, contactez-nous\u00a0; notre \u00e9quipe d\u00e9di\u00e9e s'assurera que vous obteniez l'ensemble de pignons id\u00e9al pour votre v\u00e9hicule.<\/p>\n<\/div>","protected":false},"excerpt":{"rendered":"<p>Specification Specification Value App Model Dana 35 Standard Cover Bolt Quantity 10 Differential Carrier Break 3.54 Ratio and Higher Differential Case Design Type Dana 35 Gear Ratio 3.73 Pinion Gear Tooth Quantity 11 Pinion Shaft Diameter 1.376 (Inch) Pinion Spline Count 26 Ring Gear Bolt Quantity 8 Ring Gear Material 8620 Steel Ring Gear Outside [&hellip;]<\/p>","protected":false},"featured_media":7823,"comment_status":"open","ping_status":"closed","template":"","meta":{"_et_pb_use_builder":"","_et_pb_old_content":"","_et_gb_content_width":""},"product_brand":[],"product_cat":[115],"product_tag":[],"class_list":{"0":"post-7822","1":"product","2":"type-product","3":"status-publish","4":"has-post-thumbnail","6":"product_cat-ring-and-pinion-gears","8":"first","9":"instock","10":"shipping-taxable","11":"product-type-simple"},"_links":{"self":[{"href":"https:\/\/fmp-components.com\/fr\/wp-json\/wp\/v2\/product\/7822","targetHints":{"allow":["GET"]}}],"collection":[{"href":"https:\/\/fmp-components.com\/fr\/wp-json\/wp\/v2\/product"}],"about":[{"href":"https:\/\/fmp-components.com\/fr\/wp-json\/wp\/v2\/types\/product"}],"replies":[{"embeddable":true,"href":"https:\/\/fmp-components.com\/fr\/wp-json\/wp\/v2\/comments?post=7822"}],"wp:featuredmedia":[{"embeddable":true,"href":"https:\/\/fmp-components.com\/fr\/wp-json\/wp\/v2\/media\/7823"}],"wp:attachment":[{"href":"https:\/\/fmp-components.com\/fr\/wp-json\/wp\/v2\/media?parent=7822"}],"wp:term":[{"taxonomy":"product_brand","embeddable":true,"href":"https:\/\/fmp-components.com\/fr\/wp-json\/wp\/v2\/product_brand?post=7822"},{"taxonomy":"product_cat","embeddable":true,"href":"https:\/\/fmp-components.com\/fr\/wp-json\/wp\/v2\/product_cat?post=7822"},{"taxonomy":"product_tag","embeddable":true,"href":"https:\/\/fmp-components.com\/fr\/wp-json\/wp\/v2\/product_tag?post=7822"}],"curies":[{"name":"wp","href":"https:\/\/api.w.org\/{rel}","templated":true}]}}